{"id":25317,"date":"2025-12-23T16:41:38","date_gmt":"2025-12-23T15:41:38","guid":{"rendered":"https:\/\/sviluppo.faravetrerie.it\/blog\/?post_type=product&#038;p=25317"},"modified":"2026-01-30T17:22:37","modified_gmt":"2026-01-30T16:22:37","slug":"bottiglia-indro-1-l","status":"publish","type":"product","link":"https:\/\/faravetrerie.it\/en\/shop-en\/water-en\/water-bottles\/bottiglia-indro-1-l\/","title":{"rendered":"BOTTIGLIA INDRO 1 L"},"content":{"rendered":"<p data-start=\"848\" data-end=\"923\"><strong data-start=\"848\" data-end=\"921\">Bottiglia Indro 1 L \u2013 Design Retr\u00f2, Stile Moderno e Massima Praticit\u00e0<\/strong><\/p>\n<p data-start=\"925\" data-end=\"1279\">La <strong data-start=\"928\" data-end=\"951\">bottiglia Indro 1 L<\/strong> \u00e8 un omaggio alle classiche bottiglie da tavola degli anni \u201960, rivisitate in chiave contemporanea per combinare <strong data-start=\"1065\" data-end=\"1100\">stile, funzionalit\u00e0 e praticit\u00e0<\/strong>. Con la sua forma elegante e lineare, porta un tocco di <strong data-start=\"1157\" data-end=\"1173\">design retr\u00f2<\/strong> sulla tua tavola, perfetta per servire acqua, succhi o altre bevande in casa, ristoranti, bar o eventi.<\/p>\n<p data-start=\"1281\" data-end=\"1682\">Il <strong data-start=\"1284\" data-end=\"1303\">tappo meccanico<\/strong> garantisce una chiusura sicura, impedendo fuoriuscite e facilitando la movimentazione della bottiglia. Questo lo rende pratico sia per il servizio quotidiano sia per il trasporto da un tavolo all\u2019altro o per l\u2019uso professionale nella ristorazione. La combinazione di vetro resistente e tappo affidabile assicura durata nel tempo e sicurezza anche in contesti ad alto utilizzo.<\/p>\n<p data-start=\"1684\" data-end=\"2000\">Il design della bottiglia Indro 1 L \u00e8 studiato per essere <strong data-start=\"1742\" data-end=\"1770\">ergonomico e maneggevole<\/strong>, consentendo di versare facilmente senza sforzo e senza rischio di scivolamenti. Grazie al suo formato da 1 litro, \u00e8 ideale per servire pi\u00f9 persone senza doverla riempire continuamente, rendendo il servizio pi\u00f9 fluido e curato.<\/p>\n<p data-start=\"2002\" data-end=\"2240\">Oltre alla funzionalit\u00e0, la bottiglia \u00e8 un vero elemento di stile: la sua estetica vintage, reinterpretata in chiave moderna, aggiunge personalit\u00e0 alla tavola e valorizza ogni contesto, dal pranzo informale alla cena elegante.<\/p>\n<p data-start=\"2242\" data-end=\"2500\">Scegli la <strong data-start=\"2252\" data-end=\"2275\">bottiglia Indro 1 L<\/strong> per portare sulla tua tavola un mix di <strong data-start=\"2315\" data-end=\"2359\">storia, praticit\u00e0 e design contemporaneo<\/strong>, unendo l\u2019eleganza retr\u00f2 degli anni \u201960 alla comodit\u00e0 del tappo meccanico, per un\u2019esperienza completa e funzionale di servizio dell\u2019acqua.<\/p>\n","protected":false},"excerpt":{"rendered":"<p>La bottiglia rivisita in chiave attuale le classiche bottiglie acqua che si vedevano sulle tavole negli anni &#8217;60. Il suo pratico tappo meccanico rende pratica la sua movimentazione<\/p>\n<p><a class=\"elementor-button elementor-button-link elementor-size-sm\" href=\"https:\/\/faravetrerie.it\/contatti\/\"><span class=\"elementor-button-content-wrapper\"><span class=\"elementor-button-text\">Contattaci per personalizzare<\/span><\/span><\/a><\/p>\n<p id=\"u66566-2\">cl. 100<\/p>\n<p>fl.oz. 33,81<\/p>\n<p id=\"u66566-4\">h. 320 mm.<\/p>\n<p id=\"u66566-6\">\u00d8 98 mm.<\/p>\n<p>TAPPO MECCANICO CON GUARNIZIONE IN GOMMA. TAPPO DISPONIBILE NEI COLORI ROSSO, BLU, TRASPARENTE.<\/p>\n","protected":false},"featured_media":22288,"template":"","meta":{"inline_featured_image":false},"product_brand":[],"product_cat":[23,35],"product_tag":[891,894,893],"class_list":{"0":"post-25317","1":"product","2":"type-product","3":"status-publish","4":"has-post-thumbnail","6":"product_cat-acqua","7":"product_cat-bottiglie-acqua","8":"product_tag-acqua","9":"product_tag-bottiglieacqua","10":"product_tag-bottigliepersonalizzate","12":"first","13":"instock","14":"taxable","15":"shipping-taxable","16":"product-type-simple"},"yoast_head":"<!-- This site is optimized with the Yoast SEO plugin v26.6 - https:\/\/yoast.com\/wordpress\/plugins\/seo\/ -->\n<title>BOTTIGLIA INDRO 1 L - Fara Vetrerie e Cristallerie<\/title>\n<meta name=\"description\" content=\"La bottiglia indro 1 l rivisita in chiave attuale le classiche bottiglie acqua delle tavole negli anni &#039;60. Il suo pratico tappo meccanico la rende pratica\" \/>\n<meta name=\"robots\" content=\"index, follow, max-snippet:-1, max-image-preview:large, max-video-preview:-1\" \/>\n<link rel=\"canonical\" href=\"https:\/\/faravetrerie.it\/en\/shop-en\/water-en\/water-bottles\/bottiglia-indro-1-l\/\" \/>\n<meta property=\"og:locale\" content=\"en_US\" \/>\n<meta property=\"og:type\" content=\"article\" \/>\n<meta property=\"og:title\" content=\"BOTTIGLIA INDRO 1 L - Fara Vetrerie e Cristallerie\" \/>\n<meta property=\"og:description\" content=\"La bottiglia indro 1 l rivisita in chiave attuale le classiche bottiglie acqua delle tavole negli anni &#039;60. Il suo pratico tappo meccanico la rende pratica\" \/>\n<meta property=\"og:url\" content=\"https:\/\/faravetrerie.it\/en\/shop-en\/water-en\/water-bottles\/bottiglia-indro-1-l\/\" \/>\n<meta property=\"og:site_name\" content=\"Fara Vetrerie e Cristallerie\" \/>\n<meta property=\"article:modified_time\" content=\"2026-01-30T16:22:37+00:00\" \/>\n<meta property=\"og:image\" content=\"https:\/\/faravetrerie.it\/wp-content\/uploads\/2025\/12\/bottiglia4-3.png\" \/>\n\t<meta property=\"og:image:width\" content=\"588\" \/>\n\t<meta property=\"og:image:height\" content=\"544\" \/>\n\t<meta property=\"og:image:type\" content=\"image\/png\" \/>\n<meta name=\"twitter:card\" content=\"summary_large_image\" \/>\n<meta name=\"twitter:label1\" content=\"Est. reading time\" \/>\n\t<meta name=\"twitter:data1\" content=\"2 minutes\" \/>\n<script type=\"application\/ld+json\" class=\"yoast-schema-graph\">{\"@context\":\"https:\/\/schema.org\",\"@graph\":[{\"@type\":\"WebPage\",\"@id\":\"https:\/\/faravetrerie.it\/en\/shop-en\/water-en\/water-bottles\/bottiglia-indro-1-l\/\",\"url\":\"https:\/\/faravetrerie.it\/en\/shop-en\/water-en\/water-bottles\/bottiglia-indro-1-l\/\",\"name\":\"BOTTIGLIA INDRO 1 L - Fara Vetrerie e Cristallerie\",\"isPartOf\":{\"@id\":\"https:\/\/faravetrerie.it\/en\/#website\"},\"primaryImageOfPage\":{\"@id\":\"https:\/\/faravetrerie.it\/en\/shop-en\/water-en\/water-bottles\/bottiglia-indro-1-l\/#primaryimage\"},\"image\":{\"@id\":\"https:\/\/faravetrerie.it\/en\/shop-en\/water-en\/water-bottles\/bottiglia-indro-1-l\/#primaryimage\"},\"thumbnailUrl\":\"https:\/\/faravetrerie.it\/wp-content\/uploads\/2025\/12\/bottiglia4-3.png\",\"datePublished\":\"2025-12-23T15:41:38+00:00\",\"dateModified\":\"2026-01-30T16:22:37+00:00\",\"description\":\"La bottiglia indro 1 l rivisita in chiave attuale le classiche bottiglie acqua delle tavole negli anni '60. Il suo pratico tappo meccanico la rende pratica\",\"breadcrumb\":{\"@id\":\"https:\/\/faravetrerie.it\/en\/shop-en\/water-en\/water-bottles\/bottiglia-indro-1-l\/#breadcrumb\"},\"inLanguage\":\"en-US\",\"potentialAction\":[{\"@type\":\"ReadAction\",\"target\":[\"https:\/\/faravetrerie.it\/en\/shop-en\/water-en\/water-bottles\/bottiglia-indro-1-l\/\"]}]},{\"@type\":\"ImageObject\",\"inLanguage\":\"en-US\",\"@id\":\"https:\/\/faravetrerie.it\/en\/shop-en\/water-en\/water-bottles\/bottiglia-indro-1-l\/#primaryimage\",\"url\":\"https:\/\/faravetrerie.it\/wp-content\/uploads\/2025\/12\/bottiglia4-3.png\",\"contentUrl\":\"https:\/\/faravetrerie.it\/wp-content\/uploads\/2025\/12\/bottiglia4-3.png\",\"width\":588,\"height\":544,\"caption\":\"Bottiglia Indro 1 L\"},{\"@type\":\"BreadcrumbList\",\"@id\":\"https:\/\/faravetrerie.it\/en\/shop-en\/water-en\/water-bottles\/bottiglia-indro-1-l\/#breadcrumb\",\"itemListElement\":[{\"@type\":\"ListItem\",\"position\":1,\"name\":\"Home\",\"item\":\"https:\/\/faravetrerie.it\/en\/\"},{\"@type\":\"ListItem\",\"position\":2,\"name\":\"Shop\",\"item\":\"https:\/\/faravetrerie.it\/en\/shop-en\/\"},{\"@type\":\"ListItem\",\"position\":3,\"name\":\"BOTTIGLIA INDRO 1 L\"}]},{\"@type\":\"WebSite\",\"@id\":\"https:\/\/faravetrerie.it\/en\/#website\",\"url\":\"https:\/\/faravetrerie.it\/en\/\",\"name\":\"Fara Vetrerie e Cristallerie\",\"description\":\"\",\"publisher\":{\"@id\":\"https:\/\/faravetrerie.it\/en\/#organization\"},\"potentialAction\":[{\"@type\":\"SearchAction\",\"target\":{\"@type\":\"EntryPoint\",\"urlTemplate\":\"https:\/\/faravetrerie.it\/en\/?s={search_term_string}\"},\"query-input\":{\"@type\":\"PropertyValueSpecification\",\"valueRequired\":true,\"valueName\":\"search_term_string\"}}],\"inLanguage\":\"en-US\"},{\"@type\":\"Organization\",\"@id\":\"https:\/\/faravetrerie.it\/en\/#organization\",\"name\":\"Fara Vetrerie e Cristallerie\",\"url\":\"https:\/\/faravetrerie.it\/en\/\",\"logo\":{\"@type\":\"ImageObject\",\"inLanguage\":\"en-US\",\"@id\":\"https:\/\/faravetrerie.it\/en\/#\/schema\/logo\/image\/\",\"url\":\"https:\/\/faravetrerie.it\/wp-content\/uploads\/2025\/12\/logo-fara-bianco.png\",\"contentUrl\":\"https:\/\/faravetrerie.it\/wp-content\/uploads\/2025\/12\/logo-fara-bianco.png\",\"width\":2038,\"height\":2942,\"caption\":\"Fara Vetrerie e Cristallerie\"},\"image\":{\"@id\":\"https:\/\/faravetrerie.it\/en\/#\/schema\/logo\/image\/\"}}]}<\/script>\n<!-- \/ Yoast SEO plugin. -->","yoast_head_json":{"title":"BOTTIGLIA INDRO 1 L - Fara Vetrerie e Cristallerie","description":"La bottiglia indro 1 l rivisita in chiave attuale le classiche bottiglie acqua delle tavole negli anni '60. Il suo pratico tappo meccanico la rende pratica","robots":{"index":"index","follow":"follow","max-snippet":"max-snippet:-1","max-image-preview":"max-image-preview:large","max-video-preview":"max-video-preview:-1"},"canonical":"https:\/\/faravetrerie.it\/en\/shop-en\/water-en\/water-bottles\/bottiglia-indro-1-l\/","og_locale":"en_US","og_type":"article","og_title":"BOTTIGLIA INDRO 1 L - Fara Vetrerie e Cristallerie","og_description":"La bottiglia indro 1 l rivisita in chiave attuale le classiche bottiglie acqua delle tavole negli anni '60. Il suo pratico tappo meccanico la rende pratica","og_url":"https:\/\/faravetrerie.it\/en\/shop-en\/water-en\/water-bottles\/bottiglia-indro-1-l\/","og_site_name":"Fara Vetrerie e Cristallerie","article_modified_time":"2026-01-30T16:22:37+00:00","og_image":[{"width":588,"height":544,"url":"https:\/\/faravetrerie.it\/wp-content\/uploads\/2025\/12\/bottiglia4-3.png","type":"image\/png"}],"twitter_card":"summary_large_image","twitter_misc":{"Est. reading time":"2 minutes"},"schema":{"@context":"https:\/\/schema.org","@graph":[{"@type":"WebPage","@id":"https:\/\/faravetrerie.it\/en\/shop-en\/water-en\/water-bottles\/bottiglia-indro-1-l\/","url":"https:\/\/faravetrerie.it\/en\/shop-en\/water-en\/water-bottles\/bottiglia-indro-1-l\/","name":"BOTTIGLIA INDRO 1 L - Fara Vetrerie e Cristallerie","isPartOf":{"@id":"https:\/\/faravetrerie.it\/en\/#website"},"primaryImageOfPage":{"@id":"https:\/\/faravetrerie.it\/en\/shop-en\/water-en\/water-bottles\/bottiglia-indro-1-l\/#primaryimage"},"image":{"@id":"https:\/\/faravetrerie.it\/en\/shop-en\/water-en\/water-bottles\/bottiglia-indro-1-l\/#primaryimage"},"thumbnailUrl":"https:\/\/faravetrerie.it\/wp-content\/uploads\/2025\/12\/bottiglia4-3.png","datePublished":"2025-12-23T15:41:38+00:00","dateModified":"2026-01-30T16:22:37+00:00","description":"La bottiglia indro 1 l rivisita in chiave attuale le classiche bottiglie acqua delle tavole negli anni '60. Il suo pratico tappo meccanico la rende pratica","breadcrumb":{"@id":"https:\/\/faravetrerie.it\/en\/shop-en\/water-en\/water-bottles\/bottiglia-indro-1-l\/#breadcrumb"},"inLanguage":"en-US","potentialAction":[{"@type":"ReadAction","target":["https:\/\/faravetrerie.it\/en\/shop-en\/water-en\/water-bottles\/bottiglia-indro-1-l\/"]}]},{"@type":"ImageObject","inLanguage":"en-US","@id":"https:\/\/faravetrerie.it\/en\/shop-en\/water-en\/water-bottles\/bottiglia-indro-1-l\/#primaryimage","url":"https:\/\/faravetrerie.it\/wp-content\/uploads\/2025\/12\/bottiglia4-3.png","contentUrl":"https:\/\/faravetrerie.it\/wp-content\/uploads\/2025\/12\/bottiglia4-3.png","width":588,"height":544,"caption":"Bottiglia Indro 1 L"},{"@type":"BreadcrumbList","@id":"https:\/\/faravetrerie.it\/en\/shop-en\/water-en\/water-bottles\/bottiglia-indro-1-l\/#breadcrumb","itemListElement":[{"@type":"ListItem","position":1,"name":"Home","item":"https:\/\/faravetrerie.it\/en\/"},{"@type":"ListItem","position":2,"name":"Shop","item":"https:\/\/faravetrerie.it\/en\/shop-en\/"},{"@type":"ListItem","position":3,"name":"BOTTIGLIA INDRO 1 L"}]},{"@type":"WebSite","@id":"https:\/\/faravetrerie.it\/en\/#website","url":"https:\/\/faravetrerie.it\/en\/","name":"Fara Vetrerie e Cristallerie","description":"","publisher":{"@id":"https:\/\/faravetrerie.it\/en\/#organization"},"potentialAction":[{"@type":"SearchAction","target":{"@type":"EntryPoint","urlTemplate":"https:\/\/faravetrerie.it\/en\/?s={search_term_string}"},"query-input":{"@type":"PropertyValueSpecification","valueRequired":true,"valueName":"search_term_string"}}],"inLanguage":"en-US"},{"@type":"Organization","@id":"https:\/\/faravetrerie.it\/en\/#organization","name":"Fara Vetrerie e Cristallerie","url":"https:\/\/faravetrerie.it\/en\/","logo":{"@type":"ImageObject","inLanguage":"en-US","@id":"https:\/\/faravetrerie.it\/en\/#\/schema\/logo\/image\/","url":"https:\/\/faravetrerie.it\/wp-content\/uploads\/2025\/12\/logo-fara-bianco.png","contentUrl":"https:\/\/faravetrerie.it\/wp-content\/uploads\/2025\/12\/logo-fara-bianco.png","width":2038,"height":2942,"caption":"Fara Vetrerie e Cristallerie"},"image":{"@id":"https:\/\/faravetrerie.it\/en\/#\/schema\/logo\/image\/"}}]}},"_links":{"self":[{"href":"https:\/\/faravetrerie.it\/en\/wp-json\/wp\/v2\/product\/25317","targetHints":{"allow":["GET"]}}],"collection":[{"href":"https:\/\/faravetrerie.it\/en\/wp-json\/wp\/v2\/product"}],"about":[{"href":"https:\/\/faravetrerie.it\/en\/wp-json\/wp\/v2\/types\/product"}],"wp:featuredmedia":[{"embeddable":true,"href":"https:\/\/faravetrerie.it\/en\/wp-json\/wp\/v2\/media\/22288"}],"wp:attachment":[{"href":"https:\/\/faravetrerie.it\/en\/wp-json\/wp\/v2\/media?parent=25317"}],"wp:term":[{"taxonomy":"product_brand","embeddable":true,"href":"https:\/\/faravetrerie.it\/en\/wp-json\/wp\/v2\/product_brand?post=25317"},{"taxonomy":"product_cat","embeddable":true,"href":"https:\/\/faravetrerie.it\/en\/wp-json\/wp\/v2\/product_cat?post=25317"},{"taxonomy":"product_tag","embeddable":true,"href":"https:\/\/faravetrerie.it\/en\/wp-json\/wp\/v2\/product_tag?post=25317"}],"curies":[{"name":"wp","href":"https:\/\/api.w.org\/{rel}","templated":true}]}}