{"id":25323,"date":"2025-12-23T16:41:39","date_gmt":"2025-12-23T15:41:39","guid":{"rendered":"https:\/\/sviluppo.faravetrerie.it\/blog\/?post_type=product&#038;p=25323"},"modified":"2026-01-30T16:23:06","modified_gmt":"2026-01-30T15:23:06","slug":"bottiglia-tubo-75-cl","status":"publish","type":"product","link":"https:\/\/faravetrerie.it\/en\/shop-en\/water-en\/water-bottles\/bottiglia-tubo-75-cl\/","title":{"rendered":"BOTTIGLIA TUBO 75 CL"},"content":{"rendered":"<div class=\"flex-1 overflow-hidden @container\/thread\">\n<div class=\"h-full\">\n<div class=\"react-scroll-to-bottom--css-jbeli-79elbk h-full\">\n<div class=\"react-scroll-to-bottom--css-jbeli-1n7m0yu\">\n<div class=\"flex flex-col text-sm md:pb-9\">\n<article class=\"w-full scroll-mb-[var(--thread-trailing-height,150px)] text-token-text-primary focus-visible:outline-2 focus-visible:outline-offset-[-4px]\" dir=\"auto\" data-testid=\"conversation-turn-35\" data-scroll-anchor=\"true\">\n<div class=\"m-auto text-base py-[18px] px-3 md:px-4 w-full md:px-5 lg:px-4 xl:px-5\">\n<div class=\"mx-auto flex flex-1 gap-4 text-base md:gap-5 lg:gap-6 md:max-w-3xl\">\n<div class=\"group\/conversation-turn relative flex w-full min-w-0 flex-col agent-turn\">\n<div class=\"flex-col gap-1 md:gap-3\">\n<div class=\"flex max-w-full flex-col flex-grow\">\n<div class=\"min-h-8 text-message flex w-full flex-col items-end gap-2 whitespace-normal break-words text-start [.text-message+&amp;]:mt-5\" dir=\"auto\" data-message-author-role=\"assistant\" data-message-id=\"e236cdd4-ed45-4db7-99da-b2b0969bd9ac\" data-message-model-slug=\"gpt-4o-mini\">\n<div class=\"flex w-full flex-col gap-1 empty:hidden first:pt-[3px]\">\n<div class=\"markdown prose w-full break-words dark:prose-invert light\">\n<h4><strong>Bottiglia Tubo 75 cl: Eleganza e Qualit\u00e0 in Ogni Dettaglio<\/strong><\/h4>\n<p>La <strong>Bottiglia Tubo 75 cl<\/strong> \u00e8 il prodotto perfetto per chi desidera un design raffinato, funzionale e facilmente personalizzabile per il servizio dell&#8217;acqua. La sua <strong>forma lineare ed elegante<\/strong> la rende un&#8217;ottima scelta per locali, ristoranti e hotel che puntano a offrire un servizio di alta qualit\u00e0, con un tocco distintivo sulla tavola.<\/p>\n<h5><strong>Caratteristiche Principali<\/strong><\/h5>\n<ul>\n<li><strong>Design Lineare ed Elegante<\/strong>: La bottiglia presenta una <strong>forma cilindrica<\/strong> semplice e raffinata, che non solo le conferisce un aspetto moderno e minimalista, ma la rende anche perfetta per l\u2019<strong>uso quotidiano<\/strong> in ambienti formali e informali. La sua eleganza discreta si adatta a qualsiasi tipo di tavola, da quella pi\u00f9 casual a quella pi\u00f9 sofisticata.<\/li>\n<li><strong>Perfetta per la Personalizzazione<\/strong>: La superficie cilindrica della bottiglia \u00e8 ideale per la <strong>personalizzazione<\/strong>, consentendo di aggiungere il logo del ristorante, hotel o evento. Personalizzare la bottiglia aggiunge un tocco di esclusivit\u00e0 e rende ogni occasione ancora pi\u00f9 unica, trasformandola in un elemento distintivo del branding del tuo locale.<\/li>\n<li><strong>Resistente e Poco Ingovernante<\/strong>: Nonostante il suo design elegante, la Bottiglia Tubo \u00e8 <strong>resistente<\/strong> e <strong>pratica<\/strong>. La sua struttura la rende ideale per l\u2019uso nella <strong>ristorazione<\/strong> quotidiana, mentre la sua forma compatta e poco ingombrante la rende facile da maneggiare e ottimale per un uso frequente sulle tavole senza occupare troppo spazio.<\/li>\n<li><strong>Disponibilit\u00e0 di Tappi Colorati<\/strong>: Oltre al tradizionale <strong>tappo nero<\/strong>, la bottiglia \u00e8 ora disponibile anche con <strong>tappi nei colori blu, rosso e avorio sabbia<\/strong>. Questi tappi colorati permettono di abbinare la bottiglia a vari stili di arredamento e di personalizzare ulteriormente l\u2019esperienza del cliente, dando un tocco di vivacit\u00e0 e freschezza.<\/li>\n<li><strong>Capacit\u00e0 Ideale di 75cl<\/strong>: Con una capacit\u00e0 di <strong>75 cl<\/strong>, questa bottiglia \u00e8 perfetta per un servizio equilibrato di acqua, ideale per tavole singole o come complemento in ristoranti e locali con una clientela che apprezza la qualit\u00e0 e l\u2019estetica.<\/li>\n<\/ul>\n<p><strong>Scegli la Bottiglia Tubo 75 cl<\/strong> per aggiungere <strong>eleganza<\/strong>, <strong>versatilit\u00e0<\/strong> e <strong>personalizzazione<\/strong> al tuo servizio. Perfetta per la ristorazione e ideale per chi vuole un prodotto iconico che unisce qualit\u00e0, funzionalit\u00e0 e design.<\/p>\n<\/div>\n<\/div>\n<\/div>\n<\/div>\n<\/div>\n<\/div>\n<\/div>\n<\/div>\n<\/article>\n<\/div>\n<\/div>\n<\/div>\n<\/div>\n<\/div>\n","protected":false},"excerpt":{"rendered":"<p>Bottiglia tubo 75 cl con la sua forma lineare ed elegante \u00e8 il prodotto pi\u00f9 iconico per l&#8217;acqua di qualit\u00e0. La superficie cilindrica \u00e8 perfetta per la personalizzazione. Resistente e poco ingombrante sulla tavola \u00e8 idonea all&#8217;uso nella ristorazione. Oltre al classico tappo nero adesso disponibile con i tappi nei colori blu, rosso e avorio sabbia.<\/p>\n<p id=\"u65973-2\">cl. 75<\/p>\n<p>fl.oz. 25,36<\/p>\n<p id=\"u65973-4\">h. 300 mm.<\/p>\n<p id=\"u65973-6\">\u00d8 68 mm.<\/p>\n<p>TAPPO A VITE DISPONIBILE NELLE MISURE DA \u00d8 68 MM. E \u00d8 53 MM.<\/p>\n<p>I TAPPI DA \u00d8 68 MM. SONO DISPONIBILI NEI COLORI : NERO, BLU, ROSSO E AVORIO SABBIA<\/p>\n","protected":false},"featured_media":22295,"template":"","meta":{"inline_featured_image":false},"product_brand":[],"product_cat":[23,35],"product_tag":[891,894,893],"class_list":{"0":"post-25323","1":"product","2":"type-product","3":"status-publish","4":"has-post-thumbnail","6":"product_cat-acqua","7":"product_cat-bottiglie-acqua","8":"product_tag-acqua","9":"product_tag-bottiglieacqua","10":"product_tag-bottigliepersonalizzate","12":"first","13":"instock","14":"featured","15":"taxable","16":"shipping-taxable","17":"product-type-simple"},"yoast_head":"<!-- This site is optimized with the Yoast SEO plugin v26.6 - https:\/\/yoast.com\/wordpress\/plugins\/seo\/ -->\n<title>BOTTIGLIA TUBO 75 CL - Fara Vetrerie e Cristallerie<\/title>\n<meta name=\"description\" content=\"bottiglia tubo 75 cl di tendenza per la tua acqua di qualit\u00e0. Lineare, elegante, resistente e con grande possibilit\u00e0 di personalizzazione\" \/>\n<meta name=\"robots\" content=\"index, follow, max-snippet:-1, max-image-preview:large, max-video-preview:-1\" \/>\n<link rel=\"canonical\" href=\"https:\/\/faravetrerie.it\/en\/shop-en\/water-en\/water-bottles\/bottiglia-tubo-75-cl\/\" \/>\n<meta property=\"og:locale\" content=\"en_US\" \/>\n<meta property=\"og:type\" content=\"article\" \/>\n<meta property=\"og:title\" content=\"BOTTIGLIA TUBO 75 CL - Fara Vetrerie e Cristallerie\" \/>\n<meta property=\"og:description\" content=\"bottiglia tubo 75 cl di tendenza per la tua acqua di qualit\u00e0. Lineare, elegante, resistente e con grande possibilit\u00e0 di personalizzazione\" \/>\n<meta property=\"og:url\" content=\"https:\/\/faravetrerie.it\/en\/shop-en\/water-en\/water-bottles\/bottiglia-tubo-75-cl\/\" \/>\n<meta property=\"og:site_name\" content=\"Fara Vetrerie e Cristallerie\" \/>\n<meta property=\"article:modified_time\" content=\"2026-01-30T15:23:06+00:00\" \/>\n<meta property=\"og:image\" content=\"https:\/\/faravetrerie.it\/wp-content\/uploads\/2025\/12\/FARA_Tubo75_nero-scaled-4.jpg\" \/>\n\t<meta property=\"og:image:width\" content=\"2167\" \/>\n\t<meta property=\"og:image:height\" content=\"2560\" \/>\n\t<meta property=\"og:image:type\" content=\"image\/jpeg\" \/>\n<meta name=\"twitter:card\" content=\"summary_large_image\" \/>\n<meta name=\"twitter:label1\" content=\"Est. reading time\" \/>\n\t<meta name=\"twitter:data1\" content=\"3 minutes\" \/>\n<script type=\"application\/ld+json\" class=\"yoast-schema-graph\">{\"@context\":\"https:\/\/schema.org\",\"@graph\":[{\"@type\":\"WebPage\",\"@id\":\"https:\/\/faravetrerie.it\/en\/shop-en\/water-en\/water-bottles\/bottiglia-tubo-75-cl\/\",\"url\":\"https:\/\/faravetrerie.it\/en\/shop-en\/water-en\/water-bottles\/bottiglia-tubo-75-cl\/\",\"name\":\"BOTTIGLIA TUBO 75 CL - Fara Vetrerie e Cristallerie\",\"isPartOf\":{\"@id\":\"https:\/\/faravetrerie.it\/en\/#website\"},\"primaryImageOfPage\":{\"@id\":\"https:\/\/faravetrerie.it\/en\/shop-en\/water-en\/water-bottles\/bottiglia-tubo-75-cl\/#primaryimage\"},\"image\":{\"@id\":\"https:\/\/faravetrerie.it\/en\/shop-en\/water-en\/water-bottles\/bottiglia-tubo-75-cl\/#primaryimage\"},\"thumbnailUrl\":\"https:\/\/faravetrerie.it\/wp-content\/uploads\/2025\/12\/FARA_Tubo75_nero-scaled-4.jpg\",\"datePublished\":\"2025-12-23T15:41:39+00:00\",\"dateModified\":\"2026-01-30T15:23:06+00:00\",\"description\":\"bottiglia tubo 75 cl di tendenza per la tua acqua di qualit\u00e0. Lineare, elegante, resistente e con grande possibilit\u00e0 di personalizzazione\",\"breadcrumb\":{\"@id\":\"https:\/\/faravetrerie.it\/en\/shop-en\/water-en\/water-bottles\/bottiglia-tubo-75-cl\/#breadcrumb\"},\"inLanguage\":\"en-US\",\"potentialAction\":[{\"@type\":\"ReadAction\",\"target\":[\"https:\/\/faravetrerie.it\/en\/shop-en\/water-en\/water-bottles\/bottiglia-tubo-75-cl\/\"]}]},{\"@type\":\"ImageObject\",\"inLanguage\":\"en-US\",\"@id\":\"https:\/\/faravetrerie.it\/en\/shop-en\/water-en\/water-bottles\/bottiglia-tubo-75-cl\/#primaryimage\",\"url\":\"https:\/\/faravetrerie.it\/wp-content\/uploads\/2025\/12\/FARA_Tubo75_nero-scaled-4.jpg\",\"contentUrl\":\"https:\/\/faravetrerie.it\/wp-content\/uploads\/2025\/12\/FARA_Tubo75_nero-scaled-4.jpg\",\"width\":2167,\"height\":2560,\"caption\":\"Bottiglia Tubo 75 cl\"},{\"@type\":\"BreadcrumbList\",\"@id\":\"https:\/\/faravetrerie.it\/en\/shop-en\/water-en\/water-bottles\/bottiglia-tubo-75-cl\/#breadcrumb\",\"itemListElement\":[{\"@type\":\"ListItem\",\"position\":1,\"name\":\"Home\",\"item\":\"https:\/\/faravetrerie.it\/en\/\"},{\"@type\":\"ListItem\",\"position\":2,\"name\":\"Shop\",\"item\":\"https:\/\/faravetrerie.it\/en\/shop-en\/\"},{\"@type\":\"ListItem\",\"position\":3,\"name\":\"BOTTIGLIA TUBO 75 CL\"}]},{\"@type\":\"WebSite\",\"@id\":\"https:\/\/faravetrerie.it\/en\/#website\",\"url\":\"https:\/\/faravetrerie.it\/en\/\",\"name\":\"Fara Vetrerie e Cristallerie\",\"description\":\"\",\"publisher\":{\"@id\":\"https:\/\/faravetrerie.it\/en\/#organization\"},\"potentialAction\":[{\"@type\":\"SearchAction\",\"target\":{\"@type\":\"EntryPoint\",\"urlTemplate\":\"https:\/\/faravetrerie.it\/en\/?s={search_term_string}\"},\"query-input\":{\"@type\":\"PropertyValueSpecification\",\"valueRequired\":true,\"valueName\":\"search_term_string\"}}],\"inLanguage\":\"en-US\"},{\"@type\":\"Organization\",\"@id\":\"https:\/\/faravetrerie.it\/en\/#organization\",\"name\":\"Fara Vetrerie e Cristallerie\",\"url\":\"https:\/\/faravetrerie.it\/en\/\",\"logo\":{\"@type\":\"ImageObject\",\"inLanguage\":\"en-US\",\"@id\":\"https:\/\/faravetrerie.it\/en\/#\/schema\/logo\/image\/\",\"url\":\"https:\/\/faravetrerie.it\/wp-content\/uploads\/2025\/12\/logo-fara-bianco.png\",\"contentUrl\":\"https:\/\/faravetrerie.it\/wp-content\/uploads\/2025\/12\/logo-fara-bianco.png\",\"width\":2038,\"height\":2942,\"caption\":\"Fara Vetrerie e Cristallerie\"},\"image\":{\"@id\":\"https:\/\/faravetrerie.it\/en\/#\/schema\/logo\/image\/\"}}]}<\/script>\n<!-- \/ Yoast SEO plugin. -->","yoast_head_json":{"title":"BOTTIGLIA TUBO 75 CL - Fara Vetrerie e Cristallerie","description":"bottiglia tubo 75 cl di tendenza per la tua acqua di qualit\u00e0. Lineare, elegante, resistente e con grande possibilit\u00e0 di personalizzazione","robots":{"index":"index","follow":"follow","max-snippet":"max-snippet:-1","max-image-preview":"max-image-preview:large","max-video-preview":"max-video-preview:-1"},"canonical":"https:\/\/faravetrerie.it\/en\/shop-en\/water-en\/water-bottles\/bottiglia-tubo-75-cl\/","og_locale":"en_US","og_type":"article","og_title":"BOTTIGLIA TUBO 75 CL - Fara Vetrerie e Cristallerie","og_description":"bottiglia tubo 75 cl di tendenza per la tua acqua di qualit\u00e0. Lineare, elegante, resistente e con grande possibilit\u00e0 di personalizzazione","og_url":"https:\/\/faravetrerie.it\/en\/shop-en\/water-en\/water-bottles\/bottiglia-tubo-75-cl\/","og_site_name":"Fara Vetrerie e Cristallerie","article_modified_time":"2026-01-30T15:23:06+00:00","og_image":[{"width":2167,"height":2560,"url":"https:\/\/faravetrerie.it\/wp-content\/uploads\/2025\/12\/FARA_Tubo75_nero-scaled-4.jpg","type":"image\/jpeg"}],"twitter_card":"summary_large_image","twitter_misc":{"Est. reading time":"3 minutes"},"schema":{"@context":"https:\/\/schema.org","@graph":[{"@type":"WebPage","@id":"https:\/\/faravetrerie.it\/en\/shop-en\/water-en\/water-bottles\/bottiglia-tubo-75-cl\/","url":"https:\/\/faravetrerie.it\/en\/shop-en\/water-en\/water-bottles\/bottiglia-tubo-75-cl\/","name":"BOTTIGLIA TUBO 75 CL - Fara Vetrerie e Cristallerie","isPartOf":{"@id":"https:\/\/faravetrerie.it\/en\/#website"},"primaryImageOfPage":{"@id":"https:\/\/faravetrerie.it\/en\/shop-en\/water-en\/water-bottles\/bottiglia-tubo-75-cl\/#primaryimage"},"image":{"@id":"https:\/\/faravetrerie.it\/en\/shop-en\/water-en\/water-bottles\/bottiglia-tubo-75-cl\/#primaryimage"},"thumbnailUrl":"https:\/\/faravetrerie.it\/wp-content\/uploads\/2025\/12\/FARA_Tubo75_nero-scaled-4.jpg","datePublished":"2025-12-23T15:41:39+00:00","dateModified":"2026-01-30T15:23:06+00:00","description":"bottiglia tubo 75 cl di tendenza per la tua acqua di qualit\u00e0. Lineare, elegante, resistente e con grande possibilit\u00e0 di personalizzazione","breadcrumb":{"@id":"https:\/\/faravetrerie.it\/en\/shop-en\/water-en\/water-bottles\/bottiglia-tubo-75-cl\/#breadcrumb"},"inLanguage":"en-US","potentialAction":[{"@type":"ReadAction","target":["https:\/\/faravetrerie.it\/en\/shop-en\/water-en\/water-bottles\/bottiglia-tubo-75-cl\/"]}]},{"@type":"ImageObject","inLanguage":"en-US","@id":"https:\/\/faravetrerie.it\/en\/shop-en\/water-en\/water-bottles\/bottiglia-tubo-75-cl\/#primaryimage","url":"https:\/\/faravetrerie.it\/wp-content\/uploads\/2025\/12\/FARA_Tubo75_nero-scaled-4.jpg","contentUrl":"https:\/\/faravetrerie.it\/wp-content\/uploads\/2025\/12\/FARA_Tubo75_nero-scaled-4.jpg","width":2167,"height":2560,"caption":"Bottiglia Tubo 75 cl"},{"@type":"BreadcrumbList","@id":"https:\/\/faravetrerie.it\/en\/shop-en\/water-en\/water-bottles\/bottiglia-tubo-75-cl\/#breadcrumb","itemListElement":[{"@type":"ListItem","position":1,"name":"Home","item":"https:\/\/faravetrerie.it\/en\/"},{"@type":"ListItem","position":2,"name":"Shop","item":"https:\/\/faravetrerie.it\/en\/shop-en\/"},{"@type":"ListItem","position":3,"name":"BOTTIGLIA TUBO 75 CL"}]},{"@type":"WebSite","@id":"https:\/\/faravetrerie.it\/en\/#website","url":"https:\/\/faravetrerie.it\/en\/","name":"Fara Vetrerie e Cristallerie","description":"","publisher":{"@id":"https:\/\/faravetrerie.it\/en\/#organization"},"potentialAction":[{"@type":"SearchAction","target":{"@type":"EntryPoint","urlTemplate":"https:\/\/faravetrerie.it\/en\/?s={search_term_string}"},"query-input":{"@type":"PropertyValueSpecification","valueRequired":true,"valueName":"search_term_string"}}],"inLanguage":"en-US"},{"@type":"Organization","@id":"https:\/\/faravetrerie.it\/en\/#organization","name":"Fara Vetrerie e Cristallerie","url":"https:\/\/faravetrerie.it\/en\/","logo":{"@type":"ImageObject","inLanguage":"en-US","@id":"https:\/\/faravetrerie.it\/en\/#\/schema\/logo\/image\/","url":"https:\/\/faravetrerie.it\/wp-content\/uploads\/2025\/12\/logo-fara-bianco.png","contentUrl":"https:\/\/faravetrerie.it\/wp-content\/uploads\/2025\/12\/logo-fara-bianco.png","width":2038,"height":2942,"caption":"Fara Vetrerie e Cristallerie"},"image":{"@id":"https:\/\/faravetrerie.it\/en\/#\/schema\/logo\/image\/"}}]}},"_links":{"self":[{"href":"https:\/\/faravetrerie.it\/en\/wp-json\/wp\/v2\/product\/25323","targetHints":{"allow":["GET"]}}],"collection":[{"href":"https:\/\/faravetrerie.it\/en\/wp-json\/wp\/v2\/product"}],"about":[{"href":"https:\/\/faravetrerie.it\/en\/wp-json\/wp\/v2\/types\/product"}],"wp:featuredmedia":[{"embeddable":true,"href":"https:\/\/faravetrerie.it\/en\/wp-json\/wp\/v2\/media\/22295"}],"wp:attachment":[{"href":"https:\/\/faravetrerie.it\/en\/wp-json\/wp\/v2\/media?parent=25323"}],"wp:term":[{"taxonomy":"product_brand","embeddable":true,"href":"https:\/\/faravetrerie.it\/en\/wp-json\/wp\/v2\/product_brand?post=25323"},{"taxonomy":"product_cat","embeddable":true,"href":"https:\/\/faravetrerie.it\/en\/wp-json\/wp\/v2\/product_cat?post=25323"},{"taxonomy":"product_tag","embeddable":true,"href":"https:\/\/faravetrerie.it\/en\/wp-json\/wp\/v2\/product_tag?post=25323"}],"curies":[{"name":"wp","href":"https:\/\/api.w.org\/{rel}","templated":true}]}}