{"id":25332,"date":"2025-12-23T16:41:40","date_gmt":"2025-12-23T15:41:40","guid":{"rendered":"https:\/\/sviluppo.faravetrerie.it\/blog\/?post_type=product&#038;p=25332"},"modified":"2026-01-30T16:21:38","modified_gmt":"2026-01-30T15:21:38","slug":"boccale-haworth-1-2-pinta","status":"publish","type":"product","link":"https:\/\/faravetrerie.it\/en\/shop-en\/beer\/boccale-haworth-1-2-pinta\/","title":{"rendered":"BOCCALE HAWORTH 1\/2 PINTA"},"content":{"rendered":"<p data-start=\"121\" data-end=\"192\"><strong data-start=\"121\" data-end=\"190\">Boccale Haworth \u00bd Pinta: Eleganza e Funzionalit\u00e0 per Ogni Bevanda<\/strong><\/p>\n<p data-start=\"194\" data-end=\"492\">Il <strong data-start=\"197\" data-end=\"224\">Boccale Haworth \u00bd pinta<\/strong> \u00e8 un bicchiere versatile e raffinato, pensato per chi desidera unire eleganza e praticit\u00e0 nel servizio delle bevande. Con una <strong data-start=\"351\" data-end=\"372\">capienza di 28 cl<\/strong>, riempito a raso bordo, \u00e8 ideale per birra, acqua e persino bevande calde, adattandosi a diverse esigenze e contesti.<\/p>\n<p data-start=\"494\" data-end=\"803\">La sua <strong data-start=\"501\" data-end=\"527\">forma sobria e lineare<\/strong> conferisce un aspetto elegante e moderno, rendendolo adatto sia a locali professionali, come birrerie e ristoranti, sia all\u2019uso domestico. La linea essenziale ne facilita la presa e garantisce una perfetta fruizione del contenuto, senza compromettere lo stile della tavola.<\/p>\n<p data-start=\"805\" data-end=\"1187\">Uno dei principali punti di forza del boccale Haworth \u00bd pinta \u00e8 la sua <strong data-start=\"876\" data-end=\"891\">versatilit\u00e0<\/strong>. Pu\u00f2 essere utilizzato per servire birre alla spina o in bottiglia, ma si presta altrettanto bene per l\u2019acqua, succhi o bevande calde come t\u00e8 e tisane. Questa caratteristica lo rende un bicchiere adatto a ogni momento della giornata, dai pasti informali agli aperitivi, fino a eventi speciali.<\/p>\n<p data-start=\"1189\" data-end=\"1435\">Realizzato con materiali di qualit\u00e0, il boccale \u00e8 <strong data-start=\"1239\" data-end=\"1264\">resistente e durevole<\/strong>, perfetto per un uso quotidiano intenso. La combinazione di robustezza e design elegante lo rende un accessorio indispensabile per chi vuole unire funzionalit\u00e0 e stile.<\/p>\n<p data-start=\"1437\" data-end=\"1762\">Il <strong data-start=\"1440\" data-end=\"1467\">Boccale Haworth \u00bd pinta<\/strong> non \u00e8 solo un bicchiere, ma un vero strumento di servizio che valorizza ogni bevanda, rendendo ogni momento pi\u00f9 piacevole e raffinato. Sobrio, elegante e versatile, \u00e8 ideale per professionisti del settore e appassionati che vogliono un prodotto durevole e di qualit\u00e0, adatto a ogni occasione.<\/p>\n","protected":false},"excerpt":{"rendered":"<p>Il boccale multifunzionale: con il suo contenuto raso bordo di 28 cl., la forma sobria e elegante, \u00e8 adatto al servizio della birra, dell&#8217;acqua e delle bevande calde<\/p>\n<p>cl. 28<\/p>\n<p>fl.oz. 9,61<\/p>\n<p>h. 103 mm.<\/p>\n<p>\u00d8 71 mm.<\/p>\n<div class=\"elementor-element elementor-element-040524e elementor-widget elementor-widget-button\" data-id=\"040524e\" data-element_type=\"widget\" data-widget_type=\"button.default\">\n<div class=\"elementor-widget-container\">\n<div class=\"elementor-button-wrapper\"><a class=\"elementor-button elementor-button-link elementor-size-sm\" href=\"https:\/\/faravetrerie.it\/contatti\/\"><span class=\"elementor-button-content-wrapper\"><span class=\"elementor-button-text\">Contattaci per personalizzare<\/span><\/span><\/a><\/div>\n<\/div>\n<\/div>\n<div class=\"elementor-element elementor-element-bd6f5e0 elementor-woo-meta--view-stacked elementor-widget elementor-widget-woocommerce-product-meta\" data-id=\"bd6f5e0\" data-element_type=\"widget\" data-widget_type=\"woocommerce-product-meta.default\">\n<div class=\"elementor-widget-container\">\n<div class=\"product_meta\"><\/div>\n<\/div>\n<\/div>\n","protected":false},"featured_media":22367,"template":"","meta":{"inline_featured_image":false},"product_brand":[],"product_cat":[24],"product_tag":[911,1001,1308],"class_list":{"0":"post-25332","1":"product","2":"type-product","3":"status-publish","4":"has-post-thumbnail","6":"product_cat-birra","7":"product_tag-birra","8":"product_tag-boccale-birra","9":"product_tag-boccale-birra-personalizzato","11":"first","12":"instock","13":"taxable","14":"shipping-taxable","15":"product-type-simple"},"yoast_head":"<!-- This site is optimized with the Yoast SEO plugin v26.6 - https:\/\/yoast.com\/wordpress\/plugins\/seo\/ -->\n<title>BOCCALE HAWORTH 1\/2 PINTA - Fara Vetrerie e Cristallerie<\/title>\n<meta name=\"description\" content=\"Il boccale hawoth 1\/2 pinta con il suo contenuto e la forma sobria e elegante, \u00e8 adatto al servizio della birra, dell&#039;acqua e delle bevande calde\" \/>\n<meta name=\"robots\" content=\"index, follow, max-snippet:-1, max-image-preview:large, max-video-preview:-1\" \/>\n<link rel=\"canonical\" href=\"https:\/\/faravetrerie.it\/en\/shop-en\/beer\/boccale-haworth-1-2-pinta\/\" \/>\n<meta property=\"og:locale\" content=\"en_US\" \/>\n<meta property=\"og:type\" content=\"article\" \/>\n<meta property=\"og:title\" content=\"BOCCALE HAWORTH 1\/2 PINTA - Fara Vetrerie e Cristallerie\" \/>\n<meta property=\"og:description\" content=\"Il boccale hawoth 1\/2 pinta con il suo contenuto e la forma sobria e elegante, \u00e8 adatto al servizio della birra, dell&#039;acqua e delle bevande calde\" \/>\n<meta property=\"og:url\" content=\"https:\/\/faravetrerie.it\/en\/shop-en\/beer\/boccale-haworth-1-2-pinta\/\" \/>\n<meta property=\"og:site_name\" content=\"Fara Vetrerie e Cristallerie\" \/>\n<meta property=\"article:modified_time\" content=\"2026-01-30T15:21:38+00:00\" \/>\n<meta property=\"og:image\" content=\"https:\/\/faravetrerie.it\/wp-content\/uploads\/2025\/12\/DLHAW10-3.jpg\" \/>\n\t<meta property=\"og:image:width\" content=\"510\" \/>\n\t<meta property=\"og:image:height\" content=\"624\" \/>\n\t<meta property=\"og:image:type\" content=\"image\/jpeg\" \/>\n<meta name=\"twitter:card\" content=\"summary_large_image\" \/>\n<meta name=\"twitter:label1\" content=\"Est. reading time\" \/>\n\t<meta name=\"twitter:data1\" content=\"2 minutes\" \/>\n<script type=\"application\/ld+json\" class=\"yoast-schema-graph\">{\"@context\":\"https:\/\/schema.org\",\"@graph\":[{\"@type\":\"WebPage\",\"@id\":\"https:\/\/faravetrerie.it\/en\/shop-en\/beer\/boccale-haworth-1-2-pinta\/\",\"url\":\"https:\/\/faravetrerie.it\/en\/shop-en\/beer\/boccale-haworth-1-2-pinta\/\",\"name\":\"BOCCALE HAWORTH 1\/2 PINTA - Fara Vetrerie e Cristallerie\",\"isPartOf\":{\"@id\":\"https:\/\/faravetrerie.it\/en\/#website\"},\"primaryImageOfPage\":{\"@id\":\"https:\/\/faravetrerie.it\/en\/shop-en\/beer\/boccale-haworth-1-2-pinta\/#primaryimage\"},\"image\":{\"@id\":\"https:\/\/faravetrerie.it\/en\/shop-en\/beer\/boccale-haworth-1-2-pinta\/#primaryimage\"},\"thumbnailUrl\":\"https:\/\/faravetrerie.it\/wp-content\/uploads\/2025\/12\/DLHAW10-3.jpg\",\"datePublished\":\"2025-12-23T15:41:40+00:00\",\"dateModified\":\"2026-01-30T15:21:38+00:00\",\"description\":\"Il boccale hawoth 1\/2 pinta con il suo contenuto e la forma sobria e elegante, \u00e8 adatto al servizio della birra, dell'acqua e delle bevande calde\",\"breadcrumb\":{\"@id\":\"https:\/\/faravetrerie.it\/en\/shop-en\/beer\/boccale-haworth-1-2-pinta\/#breadcrumb\"},\"inLanguage\":\"en-US\",\"potentialAction\":[{\"@type\":\"ReadAction\",\"target\":[\"https:\/\/faravetrerie.it\/en\/shop-en\/beer\/boccale-haworth-1-2-pinta\/\"]}]},{\"@type\":\"ImageObject\",\"inLanguage\":\"en-US\",\"@id\":\"https:\/\/faravetrerie.it\/en\/shop-en\/beer\/boccale-haworth-1-2-pinta\/#primaryimage\",\"url\":\"https:\/\/faravetrerie.it\/wp-content\/uploads\/2025\/12\/DLHAW10-3.jpg\",\"contentUrl\":\"https:\/\/faravetrerie.it\/wp-content\/uploads\/2025\/12\/DLHAW10-3.jpg\",\"width\":510,\"height\":624,\"caption\":\"Boccale Haworth \u00bd Pinta\"},{\"@type\":\"BreadcrumbList\",\"@id\":\"https:\/\/faravetrerie.it\/en\/shop-en\/beer\/boccale-haworth-1-2-pinta\/#breadcrumb\",\"itemListElement\":[{\"@type\":\"ListItem\",\"position\":1,\"name\":\"Home\",\"item\":\"https:\/\/faravetrerie.it\/en\/\"},{\"@type\":\"ListItem\",\"position\":2,\"name\":\"Shop\",\"item\":\"https:\/\/faravetrerie.it\/en\/shop-en\/\"},{\"@type\":\"ListItem\",\"position\":3,\"name\":\"BOCCALE HAWORTH 1\/2 PINTA\"}]},{\"@type\":\"WebSite\",\"@id\":\"https:\/\/faravetrerie.it\/en\/#website\",\"url\":\"https:\/\/faravetrerie.it\/en\/\",\"name\":\"Fara Vetrerie e Cristallerie\",\"description\":\"\",\"publisher\":{\"@id\":\"https:\/\/faravetrerie.it\/en\/#organization\"},\"potentialAction\":[{\"@type\":\"SearchAction\",\"target\":{\"@type\":\"EntryPoint\",\"urlTemplate\":\"https:\/\/faravetrerie.it\/en\/?s={search_term_string}\"},\"query-input\":{\"@type\":\"PropertyValueSpecification\",\"valueRequired\":true,\"valueName\":\"search_term_string\"}}],\"inLanguage\":\"en-US\"},{\"@type\":\"Organization\",\"@id\":\"https:\/\/faravetrerie.it\/en\/#organization\",\"name\":\"Fara Vetrerie e Cristallerie\",\"url\":\"https:\/\/faravetrerie.it\/en\/\",\"logo\":{\"@type\":\"ImageObject\",\"inLanguage\":\"en-US\",\"@id\":\"https:\/\/faravetrerie.it\/en\/#\/schema\/logo\/image\/\",\"url\":\"https:\/\/faravetrerie.it\/wp-content\/uploads\/2025\/12\/logo-fara-bianco.png\",\"contentUrl\":\"https:\/\/faravetrerie.it\/wp-content\/uploads\/2025\/12\/logo-fara-bianco.png\",\"width\":2038,\"height\":2942,\"caption\":\"Fara Vetrerie e Cristallerie\"},\"image\":{\"@id\":\"https:\/\/faravetrerie.it\/en\/#\/schema\/logo\/image\/\"}}]}<\/script>\n<!-- \/ Yoast SEO plugin. -->","yoast_head_json":{"title":"BOCCALE HAWORTH 1\/2 PINTA - Fara Vetrerie e Cristallerie","description":"Il boccale hawoth 1\/2 pinta con il suo contenuto e la forma sobria e elegante, \u00e8 adatto al servizio della birra, dell'acqua e delle bevande calde","robots":{"index":"index","follow":"follow","max-snippet":"max-snippet:-1","max-image-preview":"max-image-preview:large","max-video-preview":"max-video-preview:-1"},"canonical":"https:\/\/faravetrerie.it\/en\/shop-en\/beer\/boccale-haworth-1-2-pinta\/","og_locale":"en_US","og_type":"article","og_title":"BOCCALE HAWORTH 1\/2 PINTA - Fara Vetrerie e Cristallerie","og_description":"Il boccale hawoth 1\/2 pinta con il suo contenuto e la forma sobria e elegante, \u00e8 adatto al servizio della birra, dell'acqua e delle bevande calde","og_url":"https:\/\/faravetrerie.it\/en\/shop-en\/beer\/boccale-haworth-1-2-pinta\/","og_site_name":"Fara Vetrerie e Cristallerie","article_modified_time":"2026-01-30T15:21:38+00:00","og_image":[{"width":510,"height":624,"url":"https:\/\/faravetrerie.it\/wp-content\/uploads\/2025\/12\/DLHAW10-3.jpg","type":"image\/jpeg"}],"twitter_card":"summary_large_image","twitter_misc":{"Est. reading time":"2 minutes"},"schema":{"@context":"https:\/\/schema.org","@graph":[{"@type":"WebPage","@id":"https:\/\/faravetrerie.it\/en\/shop-en\/beer\/boccale-haworth-1-2-pinta\/","url":"https:\/\/faravetrerie.it\/en\/shop-en\/beer\/boccale-haworth-1-2-pinta\/","name":"BOCCALE HAWORTH 1\/2 PINTA - Fara Vetrerie e Cristallerie","isPartOf":{"@id":"https:\/\/faravetrerie.it\/en\/#website"},"primaryImageOfPage":{"@id":"https:\/\/faravetrerie.it\/en\/shop-en\/beer\/boccale-haworth-1-2-pinta\/#primaryimage"},"image":{"@id":"https:\/\/faravetrerie.it\/en\/shop-en\/beer\/boccale-haworth-1-2-pinta\/#primaryimage"},"thumbnailUrl":"https:\/\/faravetrerie.it\/wp-content\/uploads\/2025\/12\/DLHAW10-3.jpg","datePublished":"2025-12-23T15:41:40+00:00","dateModified":"2026-01-30T15:21:38+00:00","description":"Il boccale hawoth 1\/2 pinta con il suo contenuto e la forma sobria e elegante, \u00e8 adatto al servizio della birra, dell'acqua e delle bevande calde","breadcrumb":{"@id":"https:\/\/faravetrerie.it\/en\/shop-en\/beer\/boccale-haworth-1-2-pinta\/#breadcrumb"},"inLanguage":"en-US","potentialAction":[{"@type":"ReadAction","target":["https:\/\/faravetrerie.it\/en\/shop-en\/beer\/boccale-haworth-1-2-pinta\/"]}]},{"@type":"ImageObject","inLanguage":"en-US","@id":"https:\/\/faravetrerie.it\/en\/shop-en\/beer\/boccale-haworth-1-2-pinta\/#primaryimage","url":"https:\/\/faravetrerie.it\/wp-content\/uploads\/2025\/12\/DLHAW10-3.jpg","contentUrl":"https:\/\/faravetrerie.it\/wp-content\/uploads\/2025\/12\/DLHAW10-3.jpg","width":510,"height":624,"caption":"Boccale Haworth \u00bd Pinta"},{"@type":"BreadcrumbList","@id":"https:\/\/faravetrerie.it\/en\/shop-en\/beer\/boccale-haworth-1-2-pinta\/#breadcrumb","itemListElement":[{"@type":"ListItem","position":1,"name":"Home","item":"https:\/\/faravetrerie.it\/en\/"},{"@type":"ListItem","position":2,"name":"Shop","item":"https:\/\/faravetrerie.it\/en\/shop-en\/"},{"@type":"ListItem","position":3,"name":"BOCCALE HAWORTH 1\/2 PINTA"}]},{"@type":"WebSite","@id":"https:\/\/faravetrerie.it\/en\/#website","url":"https:\/\/faravetrerie.it\/en\/","name":"Fara Vetrerie e Cristallerie","description":"","publisher":{"@id":"https:\/\/faravetrerie.it\/en\/#organization"},"potentialAction":[{"@type":"SearchAction","target":{"@type":"EntryPoint","urlTemplate":"https:\/\/faravetrerie.it\/en\/?s={search_term_string}"},"query-input":{"@type":"PropertyValueSpecification","valueRequired":true,"valueName":"search_term_string"}}],"inLanguage":"en-US"},{"@type":"Organization","@id":"https:\/\/faravetrerie.it\/en\/#organization","name":"Fara Vetrerie e Cristallerie","url":"https:\/\/faravetrerie.it\/en\/","logo":{"@type":"ImageObject","inLanguage":"en-US","@id":"https:\/\/faravetrerie.it\/en\/#\/schema\/logo\/image\/","url":"https:\/\/faravetrerie.it\/wp-content\/uploads\/2025\/12\/logo-fara-bianco.png","contentUrl":"https:\/\/faravetrerie.it\/wp-content\/uploads\/2025\/12\/logo-fara-bianco.png","width":2038,"height":2942,"caption":"Fara Vetrerie e Cristallerie"},"image":{"@id":"https:\/\/faravetrerie.it\/en\/#\/schema\/logo\/image\/"}}]}},"_links":{"self":[{"href":"https:\/\/faravetrerie.it\/en\/wp-json\/wp\/v2\/product\/25332","targetHints":{"allow":["GET"]}}],"collection":[{"href":"https:\/\/faravetrerie.it\/en\/wp-json\/wp\/v2\/product"}],"about":[{"href":"https:\/\/faravetrerie.it\/en\/wp-json\/wp\/v2\/types\/product"}],"wp:featuredmedia":[{"embeddable":true,"href":"https:\/\/faravetrerie.it\/en\/wp-json\/wp\/v2\/media\/22367"}],"wp:attachment":[{"href":"https:\/\/faravetrerie.it\/en\/wp-json\/wp\/v2\/media?parent=25332"}],"wp:term":[{"taxonomy":"product_brand","embeddable":true,"href":"https:\/\/faravetrerie.it\/en\/wp-json\/wp\/v2\/product_brand?post=25332"},{"taxonomy":"product_cat","embeddable":true,"href":"https:\/\/faravetrerie.it\/en\/wp-json\/wp\/v2\/product_cat?post=25332"},{"taxonomy":"product_tag","embeddable":true,"href":"https:\/\/faravetrerie.it\/en\/wp-json\/wp\/v2\/product_tag?post=25332"}],"curies":[{"name":"wp","href":"https:\/\/api.w.org\/{rel}","templated":true}]}}