{"id":25393,"date":"2025-12-23T16:41:56","date_gmt":"2025-12-23T15:41:56","guid":{"rendered":"https:\/\/sviluppo.faravetrerie.it\/blog\/?post_type=product&#038;p=25393"},"modified":"2026-01-30T14:18:47","modified_gmt":"2026-01-30T13:18:47","slug":"calice-teku-42-cl","status":"publish","type":"product","link":"https:\/\/faravetrerie.it\/en\/shop-en\/beer\/calice-teku-42-cl\/","title":{"rendered":"CALICE TEKU 42 CL"},"content":{"rendered":"<p data-start=\"0\" data-end=\"77\"><strong data-start=\"0\" data-end=\"75\">Calice Teku 42 cl: Il Bicchiere Universale per la Degustazione Perfetta<\/strong><\/p>\n<p data-start=\"79\" data-end=\"570\">Il calice Teku da 42 cl \u00e8 il bicchiere pensato per esaltare qualsiasi tipo di birra, offrendo un\u2019esperienza di degustazione completa e professionale. La sua forma innovativa \u00e8 il frutto della collaborazione tra Teo Musso, fondatore del birrificio Baladin, e Lorenzo Dabove, in arte Kuaska, uno dei maggiori esperti di birra in Italia. L\u2019obiettivo era creare un calice unico in grado di valorizzare le caratteristiche di ogni birra, dalle lager leggere alle birre artigianali pi\u00f9 complesse.<\/p>\n<p data-start=\"572\" data-end=\"1038\">Il profilo del calice Teku \u00e8 studiato per concentrare e dirigere gli aromi verso l\u2019imboccatura, permettendo di percepire al meglio le note fruttate, maltate, speziate o luppolate di ogni birra. L\u2019ampia coppa e la forma leggermente affusolata mantengono la schiuma compatta e persistente, preservando la freschezza e la struttura della bevanda. Questo rende il Teku perfetto sia per degustazioni professionali che per il servizio al tavolo in birrerie e ristoranti.<\/p>\n<p data-start=\"1040\" data-end=\"1425\">Il gambo del calice garantisce una presa comoda, evitando di scaldare la birra con le mani, mentre il vetro trasparente di qualit\u00e0 mette in risalto il colore, la limpidezza e la vivacit\u00e0 della birra servita. Il design elegante e raffinato si integra perfettamente in contesti professionali e privati, rendendo ogni sorso un\u2019esperienza completa, sensoriale e visivamente accattivante.<\/p>\n<p data-start=\"1427\" data-end=\"1817\">Scegliere il calice Teku 42 cl significa puntare su funzionalit\u00e0, estetica e versatilit\u00e0. \u00c8 il bicchiere ideale per chi desidera degustare la birra al massimo delle sue potenzialit\u00e0, rispettando aroma, schiuma, gusto e colore. Un calice universalmente riconosciuto dagli esperti di birra per la sua capacit\u00e0 di valorizzare ogni stile e offrire un\u2019esperienza di degustazione professionale.<\/p>\n","protected":false},"excerpt":{"rendered":"<p>Il calice Teku 42 cl\u00a0 \u00e8 il prodotto indicato per la degustazione di qualsiasi tipo di birra. La sua forma \u00e8 stata ideata da Teo Musso, fondatore del birrificio Baladin, e Lorenzo Dabove in arte Kuaska, maggiore esperto di birra italiano proprio allo scopo di sintetizzare in un&#8217;unica forma un calice che potesse permettere a ogni birra di sviluppare a pieno le sue caratteristiche.<\/p>\n<p>cl. 42<\/p>\n<p>fl.oz. 14,37<\/p>\n<p>h. 200 mm.<\/p>\n<p>\u00d8 62 mm.<\/p>\n","protected":false},"featured_media":22460,"template":"","meta":{"inline_featured_image":false},"product_brand":[],"product_cat":[24],"product_tag":[],"class_list":{"0":"post-25393","1":"product","2":"type-product","3":"status-publish","4":"has-post-thumbnail","6":"product_cat-birra","8":"first","9":"instock","10":"taxable","11":"shipping-taxable","12":"product-type-simple"},"yoast_head":"<!-- This site is optimized with the Yoast SEO plugin v26.6 - https:\/\/yoast.com\/wordpress\/plugins\/seo\/ -->\n<title>CALICE TEKU 42 CL - Fara Vetrerie e Cristallerie<\/title>\n<meta name=\"description\" content=\"Il calice Teku 42 cl \u00e8 il prodotto indicato per la degustazione di qualsiasi tipo di birra. La sua forma \u00e8 stata appositamente studiata per questo scopo\" \/>\n<meta name=\"robots\" content=\"index, follow, max-snippet:-1, max-image-preview:large, max-video-preview:-1\" \/>\n<link rel=\"canonical\" href=\"https:\/\/faravetrerie.it\/en\/shop-en\/beer\/calice-teku-42-cl\/\" \/>\n<meta property=\"og:locale\" content=\"en_US\" \/>\n<meta property=\"og:type\" content=\"article\" \/>\n<meta property=\"og:title\" content=\"CALICE TEKU 42 CL - Fara Vetrerie e Cristallerie\" \/>\n<meta property=\"og:description\" content=\"Il calice Teku 42 cl \u00e8 il prodotto indicato per la degustazione di qualsiasi tipo di birra. La sua forma \u00e8 stata appositamente studiata per questo scopo\" \/>\n<meta property=\"og:url\" content=\"https:\/\/faravetrerie.it\/en\/shop-en\/beer\/calice-teku-42-cl\/\" \/>\n<meta property=\"og:site_name\" content=\"Fara Vetrerie e Cristallerie\" \/>\n<meta property=\"article:modified_time\" content=\"2026-01-30T13:18:47+00:00\" \/>\n<meta property=\"og:image\" content=\"https:\/\/faravetrerie.it\/wp-content\/uploads\/2025\/12\/RSTEKU-scaled-4.jpg\" \/>\n\t<meta property=\"og:image:width\" content=\"1707\" \/>\n\t<meta property=\"og:image:height\" content=\"2560\" \/>\n\t<meta property=\"og:image:type\" content=\"image\/jpeg\" \/>\n<meta name=\"twitter:card\" content=\"summary_large_image\" \/>\n<meta name=\"twitter:label1\" content=\"Est. reading time\" \/>\n\t<meta name=\"twitter:data1\" content=\"2 minutes\" \/>\n<script type=\"application\/ld+json\" class=\"yoast-schema-graph\">{\"@context\":\"https:\/\/schema.org\",\"@graph\":[{\"@type\":\"WebPage\",\"@id\":\"https:\/\/faravetrerie.it\/en\/shop-en\/beer\/calice-teku-42-cl\/\",\"url\":\"https:\/\/faravetrerie.it\/en\/shop-en\/beer\/calice-teku-42-cl\/\",\"name\":\"CALICE TEKU 42 CL - Fara Vetrerie e Cristallerie\",\"isPartOf\":{\"@id\":\"https:\/\/faravetrerie.it\/en\/#website\"},\"primaryImageOfPage\":{\"@id\":\"https:\/\/faravetrerie.it\/en\/shop-en\/beer\/calice-teku-42-cl\/#primaryimage\"},\"image\":{\"@id\":\"https:\/\/faravetrerie.it\/en\/shop-en\/beer\/calice-teku-42-cl\/#primaryimage\"},\"thumbnailUrl\":\"https:\/\/faravetrerie.it\/wp-content\/uploads\/2025\/12\/RSTEKU-scaled-4.jpg\",\"datePublished\":\"2025-12-23T15:41:56+00:00\",\"dateModified\":\"2026-01-30T13:18:47+00:00\",\"description\":\"Il calice Teku 42 cl \u00e8 il prodotto indicato per la degustazione di qualsiasi tipo di birra. La sua forma \u00e8 stata appositamente studiata per questo scopo\",\"breadcrumb\":{\"@id\":\"https:\/\/faravetrerie.it\/en\/shop-en\/beer\/calice-teku-42-cl\/#breadcrumb\"},\"inLanguage\":\"en-US\",\"potentialAction\":[{\"@type\":\"ReadAction\",\"target\":[\"https:\/\/faravetrerie.it\/en\/shop-en\/beer\/calice-teku-42-cl\/\"]}]},{\"@type\":\"ImageObject\",\"inLanguage\":\"en-US\",\"@id\":\"https:\/\/faravetrerie.it\/en\/shop-en\/beer\/calice-teku-42-cl\/#primaryimage\",\"url\":\"https:\/\/faravetrerie.it\/wp-content\/uploads\/2025\/12\/RSTEKU-scaled-4.jpg\",\"contentUrl\":\"https:\/\/faravetrerie.it\/wp-content\/uploads\/2025\/12\/RSTEKU-scaled-4.jpg\",\"width\":1707,\"height\":2560,\"caption\":\"Calice Teku 42 cl\"},{\"@type\":\"BreadcrumbList\",\"@id\":\"https:\/\/faravetrerie.it\/en\/shop-en\/beer\/calice-teku-42-cl\/#breadcrumb\",\"itemListElement\":[{\"@type\":\"ListItem\",\"position\":1,\"name\":\"Home\",\"item\":\"https:\/\/faravetrerie.it\/en\/\"},{\"@type\":\"ListItem\",\"position\":2,\"name\":\"Shop\",\"item\":\"https:\/\/faravetrerie.it\/en\/shop-en\/\"},{\"@type\":\"ListItem\",\"position\":3,\"name\":\"CALICE TEKU 42 CL\"}]},{\"@type\":\"WebSite\",\"@id\":\"https:\/\/faravetrerie.it\/en\/#website\",\"url\":\"https:\/\/faravetrerie.it\/en\/\",\"name\":\"Fara Vetrerie e Cristallerie\",\"description\":\"\",\"publisher\":{\"@id\":\"https:\/\/faravetrerie.it\/en\/#organization\"},\"potentialAction\":[{\"@type\":\"SearchAction\",\"target\":{\"@type\":\"EntryPoint\",\"urlTemplate\":\"https:\/\/faravetrerie.it\/en\/?s={search_term_string}\"},\"query-input\":{\"@type\":\"PropertyValueSpecification\",\"valueRequired\":true,\"valueName\":\"search_term_string\"}}],\"inLanguage\":\"en-US\"},{\"@type\":\"Organization\",\"@id\":\"https:\/\/faravetrerie.it\/en\/#organization\",\"name\":\"Fara Vetrerie e Cristallerie\",\"url\":\"https:\/\/faravetrerie.it\/en\/\",\"logo\":{\"@type\":\"ImageObject\",\"inLanguage\":\"en-US\",\"@id\":\"https:\/\/faravetrerie.it\/en\/#\/schema\/logo\/image\/\",\"url\":\"https:\/\/faravetrerie.it\/wp-content\/uploads\/2025\/12\/logo-fara-bianco.png\",\"contentUrl\":\"https:\/\/faravetrerie.it\/wp-content\/uploads\/2025\/12\/logo-fara-bianco.png\",\"width\":2038,\"height\":2942,\"caption\":\"Fara Vetrerie e Cristallerie\"},\"image\":{\"@id\":\"https:\/\/faravetrerie.it\/en\/#\/schema\/logo\/image\/\"}}]}<\/script>\n<!-- \/ Yoast SEO plugin. -->","yoast_head_json":{"title":"CALICE TEKU 42 CL - Fara Vetrerie e Cristallerie","description":"Il calice Teku 42 cl \u00e8 il prodotto indicato per la degustazione di qualsiasi tipo di birra. La sua forma \u00e8 stata appositamente studiata per questo scopo","robots":{"index":"index","follow":"follow","max-snippet":"max-snippet:-1","max-image-preview":"max-image-preview:large","max-video-preview":"max-video-preview:-1"},"canonical":"https:\/\/faravetrerie.it\/en\/shop-en\/beer\/calice-teku-42-cl\/","og_locale":"en_US","og_type":"article","og_title":"CALICE TEKU 42 CL - Fara Vetrerie e Cristallerie","og_description":"Il calice Teku 42 cl \u00e8 il prodotto indicato per la degustazione di qualsiasi tipo di birra. La sua forma \u00e8 stata appositamente studiata per questo scopo","og_url":"https:\/\/faravetrerie.it\/en\/shop-en\/beer\/calice-teku-42-cl\/","og_site_name":"Fara Vetrerie e Cristallerie","article_modified_time":"2026-01-30T13:18:47+00:00","og_image":[{"width":1707,"height":2560,"url":"https:\/\/faravetrerie.it\/wp-content\/uploads\/2025\/12\/RSTEKU-scaled-4.jpg","type":"image\/jpeg"}],"twitter_card":"summary_large_image","twitter_misc":{"Est. reading time":"2 minutes"},"schema":{"@context":"https:\/\/schema.org","@graph":[{"@type":"WebPage","@id":"https:\/\/faravetrerie.it\/en\/shop-en\/beer\/calice-teku-42-cl\/","url":"https:\/\/faravetrerie.it\/en\/shop-en\/beer\/calice-teku-42-cl\/","name":"CALICE TEKU 42 CL - Fara Vetrerie e Cristallerie","isPartOf":{"@id":"https:\/\/faravetrerie.it\/en\/#website"},"primaryImageOfPage":{"@id":"https:\/\/faravetrerie.it\/en\/shop-en\/beer\/calice-teku-42-cl\/#primaryimage"},"image":{"@id":"https:\/\/faravetrerie.it\/en\/shop-en\/beer\/calice-teku-42-cl\/#primaryimage"},"thumbnailUrl":"https:\/\/faravetrerie.it\/wp-content\/uploads\/2025\/12\/RSTEKU-scaled-4.jpg","datePublished":"2025-12-23T15:41:56+00:00","dateModified":"2026-01-30T13:18:47+00:00","description":"Il calice Teku 42 cl \u00e8 il prodotto indicato per la degustazione di qualsiasi tipo di birra. La sua forma \u00e8 stata appositamente studiata per questo scopo","breadcrumb":{"@id":"https:\/\/faravetrerie.it\/en\/shop-en\/beer\/calice-teku-42-cl\/#breadcrumb"},"inLanguage":"en-US","potentialAction":[{"@type":"ReadAction","target":["https:\/\/faravetrerie.it\/en\/shop-en\/beer\/calice-teku-42-cl\/"]}]},{"@type":"ImageObject","inLanguage":"en-US","@id":"https:\/\/faravetrerie.it\/en\/shop-en\/beer\/calice-teku-42-cl\/#primaryimage","url":"https:\/\/faravetrerie.it\/wp-content\/uploads\/2025\/12\/RSTEKU-scaled-4.jpg","contentUrl":"https:\/\/faravetrerie.it\/wp-content\/uploads\/2025\/12\/RSTEKU-scaled-4.jpg","width":1707,"height":2560,"caption":"Calice Teku 42 cl"},{"@type":"BreadcrumbList","@id":"https:\/\/faravetrerie.it\/en\/shop-en\/beer\/calice-teku-42-cl\/#breadcrumb","itemListElement":[{"@type":"ListItem","position":1,"name":"Home","item":"https:\/\/faravetrerie.it\/en\/"},{"@type":"ListItem","position":2,"name":"Shop","item":"https:\/\/faravetrerie.it\/en\/shop-en\/"},{"@type":"ListItem","position":3,"name":"CALICE TEKU 42 CL"}]},{"@type":"WebSite","@id":"https:\/\/faravetrerie.it\/en\/#website","url":"https:\/\/faravetrerie.it\/en\/","name":"Fara Vetrerie e Cristallerie","description":"","publisher":{"@id":"https:\/\/faravetrerie.it\/en\/#organization"},"potentialAction":[{"@type":"SearchAction","target":{"@type":"EntryPoint","urlTemplate":"https:\/\/faravetrerie.it\/en\/?s={search_term_string}"},"query-input":{"@type":"PropertyValueSpecification","valueRequired":true,"valueName":"search_term_string"}}],"inLanguage":"en-US"},{"@type":"Organization","@id":"https:\/\/faravetrerie.it\/en\/#organization","name":"Fara Vetrerie e Cristallerie","url":"https:\/\/faravetrerie.it\/en\/","logo":{"@type":"ImageObject","inLanguage":"en-US","@id":"https:\/\/faravetrerie.it\/en\/#\/schema\/logo\/image\/","url":"https:\/\/faravetrerie.it\/wp-content\/uploads\/2025\/12\/logo-fara-bianco.png","contentUrl":"https:\/\/faravetrerie.it\/wp-content\/uploads\/2025\/12\/logo-fara-bianco.png","width":2038,"height":2942,"caption":"Fara Vetrerie e Cristallerie"},"image":{"@id":"https:\/\/faravetrerie.it\/en\/#\/schema\/logo\/image\/"}}]}},"_links":{"self":[{"href":"https:\/\/faravetrerie.it\/en\/wp-json\/wp\/v2\/product\/25393","targetHints":{"allow":["GET"]}}],"collection":[{"href":"https:\/\/faravetrerie.it\/en\/wp-json\/wp\/v2\/product"}],"about":[{"href":"https:\/\/faravetrerie.it\/en\/wp-json\/wp\/v2\/types\/product"}],"wp:featuredmedia":[{"embeddable":true,"href":"https:\/\/faravetrerie.it\/en\/wp-json\/wp\/v2\/media\/22460"}],"wp:attachment":[{"href":"https:\/\/faravetrerie.it\/en\/wp-json\/wp\/v2\/media?parent=25393"}],"wp:term":[{"taxonomy":"product_brand","embeddable":true,"href":"https:\/\/faravetrerie.it\/en\/wp-json\/wp\/v2\/product_brand?post=25393"},{"taxonomy":"product_cat","embeddable":true,"href":"https:\/\/faravetrerie.it\/en\/wp-json\/wp\/v2\/product_cat?post=25393"},{"taxonomy":"product_tag","embeddable":true,"href":"https:\/\/faravetrerie.it\/en\/wp-json\/wp\/v2\/product_tag?post=25393"}],"curies":[{"name":"wp","href":"https:\/\/api.w.org\/{rel}","templated":true}]}}