{"id":25400,"date":"2025-12-23T16:41:56","date_gmt":"2025-12-23T15:41:56","guid":{"rendered":"https:\/\/sviluppo.faravetrerie.it\/blog\/?post_type=product&#038;p=25400"},"modified":"2026-01-30T14:24:37","modified_gmt":"2026-01-30T13:24:37","slug":"bicchiere-piemontese","status":"publish","type":"product","link":"https:\/\/faravetrerie.it\/en\/shop-en\/coffee\/cups-and-glasses-for-coffee\/bicchiere-piemontese\/","title":{"rendered":"BICCHIERE PIEMONTESE"},"content":{"rendered":"<div class=\"flex-1 overflow-hidden @container\/thread translate-y-[2rem] -mt-[2rem] pb-[1.5rem]\">\n<div class=\"relative h-full\">\n<div class=\"flex h-full flex-col overflow-y-auto [scrollbar-gutter:stable]\">\n<div class=\"flex flex-col text-sm md:pb-9\">\n<article class=\"w-full text-token-text-primary focus-visible:outline-2 focus-visible:outline-offset-[-4px]\" dir=\"auto\" data-testid=\"conversation-turn-15\" data-scroll-anchor=\"true\">\n<div class=\"m-auto text-base py-[18px] px-6\">\n<div class=\"mx-auto flex flex-1 text-base gap-4 md:gap-5 lg:gap-6 md:max-w-3xl\">\n<div class=\"group\/conversation-turn relative flex w-full min-w-0 flex-col agent-turn @xs\/thread:px-0 @sm\/thread:px-1.5 @md\/thread:px-4\">\n<div class=\"flex-col gap-1 md:gap-3\">\n<div class=\"flex max-w-full flex-col flex-grow\">\n<div class=\"min-h-8 text-message relative flex w-full flex-col items-end gap-2 whitespace-normal break-words text-start [.text-message+&amp;]:mt-5\" dir=\"auto\" data-message-author-role=\"assistant\" data-message-id=\"72f19c28-4077-40e7-896b-122e4bf165ff\" data-message-model-slug=\"gpt-4o-mini\">\n<div class=\"flex w-full flex-col gap-1 empty:hidden first:pt-[3px]\">\n<div class=\"markdown prose w-full break-words dark:prose-invert light\">\n<h4 data-start=\"0\" data-end=\"92\"><strong data-start=\"0\" data-end=\"92\">Bicchiere Piemontese Tradizionale \u2013 Un&#8217;Icona dell&#8217;Osteria per Liquori e Bevande Corrette<\/strong><\/h4>\n<p data-start=\"94\" data-end=\"565\">Il Bicchiere Piemontese tradizionale \u00e8 un vero e proprio simbolo delle osterie italiane, amato per la sua praticit\u00e0 e il suo design classico. Da sempre utilizzato per servire amari, ponce, caff\u00e8 corretto e altre bevande alcoliche, questo bicchiere \u00e8 un must-have per ogni amante delle tradizioni gastronomiche italiane. Con il suo formato robusto e la forma riconoscibile, il bicchiere piemontese \u00e8 l&#8217;ideale per chi cerca autenticit\u00e0 e funzionalit\u00e0 nelle proprie bevande.<\/p>\n<h5 data-start=\"567\" data-end=\"601\"><strong data-start=\"567\" data-end=\"601\">Design Classico e Tradizionale<\/strong><\/h5>\n<p data-start=\"603\" data-end=\"1013\">Il Bicchiere si distingue per la sua forma semplice ma efficace, con un bordo che si adatta perfettamente alle mani e una base stabile che ne garantisce la solidit\u00e0. Questo bicchiere \u00e8 la scelta perfetta per chi ama le tradizioni, soprattutto per coloro che vogliono ricreare l\u2019atmosfera tipica delle osterie piemontesi, dove il bicchiere viene utilizzato per servire in modo informale ma con stile.<\/p>\n<h5 data-start=\"1015\" data-end=\"1058\"><strong data-start=\"1015\" data-end=\"1058\">Perfetto per Liquori e Bevande Corrette<\/strong><\/h5>\n<p data-start=\"1060\" data-end=\"1481\">Grazie alla sua capienza e alla forma robusta, il Bicchiere Piemontese \u00e8 ideale per servire una vasta gamma di bevande alcoliche. Perfetto per liquori, amari, ponce e caff\u00e8 corretto, offre una presentazione semplice e tradizionale che esalta il sapore e l&#8217;aroma di ogni bevanda. Il suo uso pratico lo rende anche molto popolare per chi ama degustare un buon caff\u00e8 con un tocco di liquore, come il classico caff\u00e8 corretto.<\/p>\n<h5 data-start=\"1483\" data-end=\"1526\"><strong data-start=\"1483\" data-end=\"1526\">Un Bicchiere che Racconta la Tradizione<\/strong><\/h5>\n<p data-start=\"1528\" data-end=\"1873\">Il Bicchiere \u00e8 pi\u00f9 di un semplice accessorio: \u00e8 un pezzo di storia che porta con s\u00e9 l\u2019essenza della cultura enogastronomica italiana. Utilizzato da generazioni nelle osterie e nelle trattorie, questo bicchiere incarna l\u2019autenticit\u00e0 delle tradizioni piemontesi, portando con s\u00e9 la memoria di un&#8217;ospitalit\u00e0 calda e genuina.<\/p>\n<h5 data-start=\"1875\" data-end=\"1920\"><strong data-start=\"1875\" data-end=\"1920\">Un Must per le Taverne e le Case Italiane<\/strong><\/h5>\n<p data-start=\"1922\" data-end=\"2261\">Che si tratti di un ristorante tradizionale, di una taverna rustica o di una cena informale a casa, il Bicchiere Piemontese Tradizionale \u00e8 l\u2019oggetto perfetto per servire bevande alcoliche in modo autentico e senza tempo. Con il suo design iconico e la versatilit\u00e0 d&#8217;uso, \u00e8 un&#8217;aggiunta indispensabile a qualsiasi collezione di cristalleria.<\/p>\n<p data-start=\"2263\" data-end=\"2410\" data-is-last-node=\"\" data-is-only-node=\"\">Scegli il Bicchiere Piemontese Tradizionale per un&#8217;esperienza autentica e per portare sulle tue tavole un pezzo di storia dell&#8217;ospitalit\u00e0 italiana!<\/p>\n<\/div>\n<\/div>\n<\/div>\n<\/div>\n<\/div>\n<\/div>\n<\/div>\n<\/div>\n<\/article>\n<\/div>\n<\/div>\n<\/div>\n<\/div>\n","protected":false},"excerpt":{"rendered":"<p>Il bicchiere tradizionale da amaro tipico delle osterie \u00e8 da sempre uno dei pi\u00f9 utilizzati per liquori, ponce e caff\u00e8 corretto.<\/p>\n<p>cl. 10<\/p>\n<p>fl.oz. 3,38<\/p>\n<p>h. 73 mm.<\/p>\n<p>\u00d8 62 mm.<\/p>\n","protected":false},"featured_media":23238,"template":"","meta":{"inline_featured_image":false},"product_brand":[],"product_cat":[26,36],"product_tag":[1013],"class_list":{"0":"post-25400","1":"product","2":"type-product","3":"status-publish","4":"has-post-thumbnail","6":"product_cat-caffe","7":"product_cat-tazze-e-bicchieri-per-il-caffe","8":"product_tag-bicchiere-amaro","10":"first","11":"instock","12":"taxable","13":"shipping-taxable","14":"product-type-simple"},"yoast_head":"<!-- This site is optimized with the Yoast SEO plugin v26.6 - https:\/\/yoast.com\/wordpress\/plugins\/seo\/ -->\n<title>BICCHIERE PIEMONTESE - Fara Vetrerie e Cristallerie<\/title>\n<meta name=\"description\" content=\"Il bicchiere piemontese tradizionale da amaro tipico delle osterie \u00e8 da sempre uno dei pi\u00f9 utilizzati per liquori, ponce e caff\u00e8 corretto.\" \/>\n<meta name=\"robots\" content=\"index, follow, max-snippet:-1, max-image-preview:large, max-video-preview:-1\" \/>\n<link rel=\"canonical\" href=\"https:\/\/faravetrerie.it\/en\/shop-en\/coffee\/cups-and-glasses-for-coffee\/bicchiere-piemontese\/\" \/>\n<meta property=\"og:locale\" content=\"en_US\" \/>\n<meta property=\"og:type\" content=\"article\" \/>\n<meta property=\"og:title\" content=\"BICCHIERE PIEMONTESE - Fara Vetrerie e Cristallerie\" \/>\n<meta property=\"og:description\" content=\"Il bicchiere piemontese tradizionale da amaro tipico delle osterie \u00e8 da sempre uno dei pi\u00f9 utilizzati per liquori, ponce e caff\u00e8 corretto.\" \/>\n<meta property=\"og:url\" content=\"https:\/\/faravetrerie.it\/en\/shop-en\/coffee\/cups-and-glasses-for-coffee\/bicchiere-piemontese\/\" \/>\n<meta property=\"og:site_name\" content=\"Fara Vetrerie e Cristallerie\" \/>\n<meta property=\"article:modified_time\" content=\"2026-01-30T13:24:37+00:00\" \/>\n<meta property=\"og:image\" content=\"https:\/\/faravetrerie.it\/wp-content\/uploads\/2025\/12\/FVPIEMO_01-3.jpg\" \/>\n\t<meta property=\"og:image:width\" content=\"2126\" \/>\n\t<meta property=\"og:image:height\" content=\"2362\" \/>\n\t<meta property=\"og:image:type\" content=\"image\/jpeg\" \/>\n<meta name=\"twitter:card\" content=\"summary_large_image\" \/>\n<meta name=\"twitter:label1\" content=\"Est. reading time\" \/>\n\t<meta name=\"twitter:data1\" content=\"3 minutes\" \/>\n<script type=\"application\/ld+json\" class=\"yoast-schema-graph\">{\"@context\":\"https:\/\/schema.org\",\"@graph\":[{\"@type\":\"WebPage\",\"@id\":\"https:\/\/faravetrerie.it\/en\/shop-en\/coffee\/cups-and-glasses-for-coffee\/bicchiere-piemontese\/\",\"url\":\"https:\/\/faravetrerie.it\/en\/shop-en\/coffee\/cups-and-glasses-for-coffee\/bicchiere-piemontese\/\",\"name\":\"BICCHIERE PIEMONTESE - Fara Vetrerie e Cristallerie\",\"isPartOf\":{\"@id\":\"https:\/\/faravetrerie.it\/en\/#website\"},\"primaryImageOfPage\":{\"@id\":\"https:\/\/faravetrerie.it\/en\/shop-en\/coffee\/cups-and-glasses-for-coffee\/bicchiere-piemontese\/#primaryimage\"},\"image\":{\"@id\":\"https:\/\/faravetrerie.it\/en\/shop-en\/coffee\/cups-and-glasses-for-coffee\/bicchiere-piemontese\/#primaryimage\"},\"thumbnailUrl\":\"https:\/\/faravetrerie.it\/wp-content\/uploads\/2025\/12\/FVPIEMO_01-3.jpg\",\"datePublished\":\"2025-12-23T15:41:56+00:00\",\"dateModified\":\"2026-01-30T13:24:37+00:00\",\"description\":\"Il bicchiere piemontese tradizionale da amaro tipico delle osterie \u00e8 da sempre uno dei pi\u00f9 utilizzati per liquori, ponce e caff\u00e8 corretto.\",\"breadcrumb\":{\"@id\":\"https:\/\/faravetrerie.it\/en\/shop-en\/coffee\/cups-and-glasses-for-coffee\/bicchiere-piemontese\/#breadcrumb\"},\"inLanguage\":\"en-US\",\"potentialAction\":[{\"@type\":\"ReadAction\",\"target\":[\"https:\/\/faravetrerie.it\/en\/shop-en\/coffee\/cups-and-glasses-for-coffee\/bicchiere-piemontese\/\"]}]},{\"@type\":\"ImageObject\",\"inLanguage\":\"en-US\",\"@id\":\"https:\/\/faravetrerie.it\/en\/shop-en\/coffee\/cups-and-glasses-for-coffee\/bicchiere-piemontese\/#primaryimage\",\"url\":\"https:\/\/faravetrerie.it\/wp-content\/uploads\/2025\/12\/FVPIEMO_01-3.jpg\",\"contentUrl\":\"https:\/\/faravetrerie.it\/wp-content\/uploads\/2025\/12\/FVPIEMO_01-3.jpg\",\"width\":2126,\"height\":2362,\"caption\":\"Bicchiere Piemontese Tradizionale\"},{\"@type\":\"BreadcrumbList\",\"@id\":\"https:\/\/faravetrerie.it\/en\/shop-en\/coffee\/cups-and-glasses-for-coffee\/bicchiere-piemontese\/#breadcrumb\",\"itemListElement\":[{\"@type\":\"ListItem\",\"position\":1,\"name\":\"Home\",\"item\":\"https:\/\/faravetrerie.it\/en\/\"},{\"@type\":\"ListItem\",\"position\":2,\"name\":\"Shop\",\"item\":\"https:\/\/faravetrerie.it\/en\/shop-en\/\"},{\"@type\":\"ListItem\",\"position\":3,\"name\":\"BICCHIERE PIEMONTESE\"}]},{\"@type\":\"WebSite\",\"@id\":\"https:\/\/faravetrerie.it\/en\/#website\",\"url\":\"https:\/\/faravetrerie.it\/en\/\",\"name\":\"Fara Vetrerie e Cristallerie\",\"description\":\"\",\"publisher\":{\"@id\":\"https:\/\/faravetrerie.it\/en\/#organization\"},\"potentialAction\":[{\"@type\":\"SearchAction\",\"target\":{\"@type\":\"EntryPoint\",\"urlTemplate\":\"https:\/\/faravetrerie.it\/en\/?s={search_term_string}\"},\"query-input\":{\"@type\":\"PropertyValueSpecification\",\"valueRequired\":true,\"valueName\":\"search_term_string\"}}],\"inLanguage\":\"en-US\"},{\"@type\":\"Organization\",\"@id\":\"https:\/\/faravetrerie.it\/en\/#organization\",\"name\":\"Fara Vetrerie e Cristallerie\",\"url\":\"https:\/\/faravetrerie.it\/en\/\",\"logo\":{\"@type\":\"ImageObject\",\"inLanguage\":\"en-US\",\"@id\":\"https:\/\/faravetrerie.it\/en\/#\/schema\/logo\/image\/\",\"url\":\"https:\/\/faravetrerie.it\/wp-content\/uploads\/2025\/12\/logo-fara-bianco.png\",\"contentUrl\":\"https:\/\/faravetrerie.it\/wp-content\/uploads\/2025\/12\/logo-fara-bianco.png\",\"width\":2038,\"height\":2942,\"caption\":\"Fara Vetrerie e Cristallerie\"},\"image\":{\"@id\":\"https:\/\/faravetrerie.it\/en\/#\/schema\/logo\/image\/\"}}]}<\/script>\n<!-- \/ Yoast SEO plugin. -->","yoast_head_json":{"title":"BICCHIERE PIEMONTESE - Fara Vetrerie e Cristallerie","description":"Il bicchiere piemontese tradizionale da amaro tipico delle osterie \u00e8 da sempre uno dei pi\u00f9 utilizzati per liquori, ponce e caff\u00e8 corretto.","robots":{"index":"index","follow":"follow","max-snippet":"max-snippet:-1","max-image-preview":"max-image-preview:large","max-video-preview":"max-video-preview:-1"},"canonical":"https:\/\/faravetrerie.it\/en\/shop-en\/coffee\/cups-and-glasses-for-coffee\/bicchiere-piemontese\/","og_locale":"en_US","og_type":"article","og_title":"BICCHIERE PIEMONTESE - Fara Vetrerie e Cristallerie","og_description":"Il bicchiere piemontese tradizionale da amaro tipico delle osterie \u00e8 da sempre uno dei pi\u00f9 utilizzati per liquori, ponce e caff\u00e8 corretto.","og_url":"https:\/\/faravetrerie.it\/en\/shop-en\/coffee\/cups-and-glasses-for-coffee\/bicchiere-piemontese\/","og_site_name":"Fara Vetrerie e Cristallerie","article_modified_time":"2026-01-30T13:24:37+00:00","og_image":[{"width":2126,"height":2362,"url":"https:\/\/faravetrerie.it\/wp-content\/uploads\/2025\/12\/FVPIEMO_01-3.jpg","type":"image\/jpeg"}],"twitter_card":"summary_large_image","twitter_misc":{"Est. reading time":"3 minutes"},"schema":{"@context":"https:\/\/schema.org","@graph":[{"@type":"WebPage","@id":"https:\/\/faravetrerie.it\/en\/shop-en\/coffee\/cups-and-glasses-for-coffee\/bicchiere-piemontese\/","url":"https:\/\/faravetrerie.it\/en\/shop-en\/coffee\/cups-and-glasses-for-coffee\/bicchiere-piemontese\/","name":"BICCHIERE PIEMONTESE - Fara Vetrerie e Cristallerie","isPartOf":{"@id":"https:\/\/faravetrerie.it\/en\/#website"},"primaryImageOfPage":{"@id":"https:\/\/faravetrerie.it\/en\/shop-en\/coffee\/cups-and-glasses-for-coffee\/bicchiere-piemontese\/#primaryimage"},"image":{"@id":"https:\/\/faravetrerie.it\/en\/shop-en\/coffee\/cups-and-glasses-for-coffee\/bicchiere-piemontese\/#primaryimage"},"thumbnailUrl":"https:\/\/faravetrerie.it\/wp-content\/uploads\/2025\/12\/FVPIEMO_01-3.jpg","datePublished":"2025-12-23T15:41:56+00:00","dateModified":"2026-01-30T13:24:37+00:00","description":"Il bicchiere piemontese tradizionale da amaro tipico delle osterie \u00e8 da sempre uno dei pi\u00f9 utilizzati per liquori, ponce e caff\u00e8 corretto.","breadcrumb":{"@id":"https:\/\/faravetrerie.it\/en\/shop-en\/coffee\/cups-and-glasses-for-coffee\/bicchiere-piemontese\/#breadcrumb"},"inLanguage":"en-US","potentialAction":[{"@type":"ReadAction","target":["https:\/\/faravetrerie.it\/en\/shop-en\/coffee\/cups-and-glasses-for-coffee\/bicchiere-piemontese\/"]}]},{"@type":"ImageObject","inLanguage":"en-US","@id":"https:\/\/faravetrerie.it\/en\/shop-en\/coffee\/cups-and-glasses-for-coffee\/bicchiere-piemontese\/#primaryimage","url":"https:\/\/faravetrerie.it\/wp-content\/uploads\/2025\/12\/FVPIEMO_01-3.jpg","contentUrl":"https:\/\/faravetrerie.it\/wp-content\/uploads\/2025\/12\/FVPIEMO_01-3.jpg","width":2126,"height":2362,"caption":"Bicchiere Piemontese Tradizionale"},{"@type":"BreadcrumbList","@id":"https:\/\/faravetrerie.it\/en\/shop-en\/coffee\/cups-and-glasses-for-coffee\/bicchiere-piemontese\/#breadcrumb","itemListElement":[{"@type":"ListItem","position":1,"name":"Home","item":"https:\/\/faravetrerie.it\/en\/"},{"@type":"ListItem","position":2,"name":"Shop","item":"https:\/\/faravetrerie.it\/en\/shop-en\/"},{"@type":"ListItem","position":3,"name":"BICCHIERE PIEMONTESE"}]},{"@type":"WebSite","@id":"https:\/\/faravetrerie.it\/en\/#website","url":"https:\/\/faravetrerie.it\/en\/","name":"Fara Vetrerie e Cristallerie","description":"","publisher":{"@id":"https:\/\/faravetrerie.it\/en\/#organization"},"potentialAction":[{"@type":"SearchAction","target":{"@type":"EntryPoint","urlTemplate":"https:\/\/faravetrerie.it\/en\/?s={search_term_string}"},"query-input":{"@type":"PropertyValueSpecification","valueRequired":true,"valueName":"search_term_string"}}],"inLanguage":"en-US"},{"@type":"Organization","@id":"https:\/\/faravetrerie.it\/en\/#organization","name":"Fara Vetrerie e Cristallerie","url":"https:\/\/faravetrerie.it\/en\/","logo":{"@type":"ImageObject","inLanguage":"en-US","@id":"https:\/\/faravetrerie.it\/en\/#\/schema\/logo\/image\/","url":"https:\/\/faravetrerie.it\/wp-content\/uploads\/2025\/12\/logo-fara-bianco.png","contentUrl":"https:\/\/faravetrerie.it\/wp-content\/uploads\/2025\/12\/logo-fara-bianco.png","width":2038,"height":2942,"caption":"Fara Vetrerie e Cristallerie"},"image":{"@id":"https:\/\/faravetrerie.it\/en\/#\/schema\/logo\/image\/"}}]}},"_links":{"self":[{"href":"https:\/\/faravetrerie.it\/en\/wp-json\/wp\/v2\/product\/25400","targetHints":{"allow":["GET"]}}],"collection":[{"href":"https:\/\/faravetrerie.it\/en\/wp-json\/wp\/v2\/product"}],"about":[{"href":"https:\/\/faravetrerie.it\/en\/wp-json\/wp\/v2\/types\/product"}],"wp:featuredmedia":[{"embeddable":true,"href":"https:\/\/faravetrerie.it\/en\/wp-json\/wp\/v2\/media\/23238"}],"wp:attachment":[{"href":"https:\/\/faravetrerie.it\/en\/wp-json\/wp\/v2\/media?parent=25400"}],"wp:term":[{"taxonomy":"product_brand","embeddable":true,"href":"https:\/\/faravetrerie.it\/en\/wp-json\/wp\/v2\/product_brand?post=25400"},{"taxonomy":"product_cat","embeddable":true,"href":"https:\/\/faravetrerie.it\/en\/wp-json\/wp\/v2\/product_cat?post=25400"},{"taxonomy":"product_tag","embeddable":true,"href":"https:\/\/faravetrerie.it\/en\/wp-json\/wp\/v2\/product_tag?post=25400"}],"curies":[{"name":"wp","href":"https:\/\/api.w.org\/{rel}","templated":true}]}}