{"id":25422,"date":"2025-12-23T16:41:59","date_gmt":"2025-12-23T15:41:59","guid":{"rendered":"https:\/\/sviluppo.faravetrerie.it\/blog\/?post_type=product&#038;p=25422"},"modified":"2026-01-30T12:05:40","modified_gmt":"2026-01-30T11:05:40","slug":"bicchiere-mexico-medium","status":"publish","type":"product","link":"https:\/\/faravetrerie.it\/en\/shop-en\/water-en\/water-glasses\/bicchiere-mexico-medium\/","title":{"rendered":"BICCHIERE MEXICO MEDIUM"},"content":{"rendered":"<div class=\"flex flex-col text-sm pb-25\">\n<article class=\"text-token-text-primary w-full focus:outline-none [--shadow-height:45px] has-data-writing-block:pointer-events-none has-data-writing-block:-mt-(--shadow-height) has-data-writing-block:pt-(--shadow-height) [&amp;:has([data-writing-block])&gt;*]:pointer-events-auto scroll-mt-[calc(var(--header-height)+min(200px,max(70px,20svh)))]\" dir=\"auto\" data-turn-id=\"8964698b-760c-479d-ab70-cdf004b3485b\" data-testid=\"conversation-turn-16\" data-scroll-anchor=\"true\" data-turn=\"assistant\">\n<div class=\"text-base my-auto mx-auto pb-10 [--thread-content-margin:--spacing(4)] @w-sm\/main:[--thread-content-margin:--spacing(6)] @w-lg\/main:[--thread-content-margin:--spacing(16)] px-(--thread-content-margin)\">\n<div class=\"[--thread-content-max-width:40rem] @w-lg\/main:[--thread-content-max-width:48rem] mx-auto max-w-(--thread-content-max-width) flex-1 group\/turn-messages focus-visible:outline-hidden relative flex w-full min-w-0 flex-col agent-turn\">\n<div class=\"flex max-w-full flex-col grow\">\n<div class=\"min-h-8 text-message relative flex w-full flex-col items-end gap-2 text-start break-words whitespace-normal [.text-message+&amp;]:mt-1\" dir=\"auto\" data-message-author-role=\"assistant\" data-message-id=\"552aa204-81ef-415f-a58d-ec36941782fe\" data-message-model-slug=\"gpt-5-mini\">\n<div class=\"flex w-full flex-col gap-1 empty:hidden first:pt-[1px]\">\n<div class=\"markdown prose dark:prose-invert w-full wrap-break-word light markdown-new-styling\">\n<p data-start=\"0\" data-end=\"87\"><strong data-start=\"0\" data-end=\"85\">Bicchiere Mexico Medium: Sobriet\u00e0 e Versatilit\u00e0 per la Ristorazione Professionale<\/strong><\/p>\n<p data-start=\"89\" data-end=\"421\">Il bicchiere Mexico Medium si distingue per la sua linea essenziale e sobria, che lo rende un prodotto versatile e adatto a ogni ambito della ristorazione professionale. Grazie al design pulito e funzionale, combina praticit\u00e0 ed eleganza, risultando ideale per l\u2019uso quotidiano in ristoranti, bar, pub e locali di ogni dimensione.<\/p>\n<p data-start=\"423\" data-end=\"822\">La forma equilibrata del bicchiere Mexico Medium permette di valorizzare diverse tipologie di bevande, rendendolo perfetto sia per birre chiare che per bibite analcoliche, cocktail o acqua. Il profilo ergonomico assicura una presa confortevole e stabile, mentre la trasparenza del vetro mette in risalto il colore e la limpidezza della bevanda servita, migliorando l\u2019esperienza visiva del cliente.<\/p>\n<p data-start=\"824\" data-end=\"1174\">Questo bicchiere \u00e8 progettato per resistere all\u2019uso intenso tipico della ristorazione professionale, con una struttura robusta che garantisce durata e affidabilit\u00e0 anche durante il servizio pi\u00f9 frenetico. La sua linea sobria lo rende facile da abbinare a qualsiasi stile di tavola, dalla mise en place pi\u00f9 informale a quelle pi\u00f9 curate e ricercate.<\/p>\n<p data-start=\"1176\" data-end=\"1494\">La versatilit\u00e0 del bicchiere Mexico Medium lo rende un alleato perfetto per locali che desiderano un prodotto unico capace di adattarsi a diverse situazioni senza rinunciare a estetica e funzionalit\u00e0. Che si tratti di servire birra, acqua o cocktail, questo bicchiere garantisce un servizio ordinato e professionale.<\/p>\n<p data-start=\"1496\" data-end=\"1713\" data-is-last-node=\"\" data-is-only-node=\"\">Scegliere il bicchiere Mexico Medium significa puntare su eleganza discreta, praticit\u00e0 e resistenza. Un prodotto indispensabile per la ristorazione professionale, capace di unire stile e funzionalit\u00e0 in ogni servizio.<\/p>\n<\/div>\n<\/div>\n<\/div>\n<\/div>\n<\/div>\n<\/div>\n<\/article>\n<\/div>\n","protected":false},"excerpt":{"rendered":"<p>La linea essenziale e sobria rende questo bicchiere versatile e indicato per ogni ambito nel campo della ristorazione professionale.<\/p>\n<p>cl. 37<\/p>\n<p>fl.oz. 12,51<\/p>\n<p>h. 89 mm.<\/p>\n<p>\u00d8 85 mm<\/p>\n","protected":false},"featured_media":22473,"template":"","meta":{"inline_featured_image":false},"product_brand":[],"product_cat":[23,34],"product_tag":[],"class_list":{"0":"post-25422","1":"product","2":"type-product","3":"status-publish","4":"has-post-thumbnail","6":"product_cat-acqua","7":"product_cat-bicchieri-acqua","9":"first","10":"instock","11":"taxable","12":"shipping-taxable","13":"product-type-simple"},"yoast_head":"<!-- This site is optimized with the Yoast SEO plugin v26.6 - https:\/\/yoast.com\/wordpress\/plugins\/seo\/ -->\n<title>BICCHIERE MEXICO MEDIUM - Fara Vetrerie e Cristallerie<\/title>\n<meta name=\"description\" content=\"Bicchiere mexico medium la linea essenziale e sobria rende questo bicchiere versatile e indicato per ogni ambito nel campo della ristorazione professionale.\" \/>\n<meta name=\"robots\" content=\"index, follow, max-snippet:-1, max-image-preview:large, max-video-preview:-1\" \/>\n<link rel=\"canonical\" href=\"https:\/\/faravetrerie.it\/en\/shop-en\/water-en\/water-glasses\/bicchiere-mexico-medium\/\" \/>\n<meta property=\"og:locale\" content=\"en_US\" \/>\n<meta property=\"og:type\" content=\"article\" \/>\n<meta property=\"og:title\" content=\"BICCHIERE MEXICO MEDIUM - Fara Vetrerie e Cristallerie\" \/>\n<meta property=\"og:description\" content=\"Bicchiere mexico medium la linea essenziale e sobria rende questo bicchiere versatile e indicato per ogni ambito nel campo della ristorazione professionale.\" \/>\n<meta property=\"og:url\" content=\"https:\/\/faravetrerie.it\/en\/shop-en\/water-en\/water-glasses\/bicchiere-mexico-medium\/\" \/>\n<meta property=\"og:site_name\" content=\"Fara Vetrerie e Cristallerie\" \/>\n<meta property=\"article:modified_time\" content=\"2026-01-30T11:05:40+00:00\" \/>\n<meta property=\"og:image\" content=\"https:\/\/faravetrerie.it\/wp-content\/uploads\/2025\/12\/FVBOD37_01-e1588242791697-3.jpg\" \/>\n\t<meta property=\"og:image:width\" content=\"1050\" \/>\n\t<meta property=\"og:image:height\" content=\"929\" \/>\n\t<meta property=\"og:image:type\" content=\"image\/jpeg\" \/>\n<meta name=\"twitter:card\" content=\"summary_large_image\" \/>\n<meta name=\"twitter:label1\" content=\"Est. reading time\" \/>\n\t<meta name=\"twitter:data1\" content=\"2 minutes\" \/>\n<script type=\"application\/ld+json\" class=\"yoast-schema-graph\">{\"@context\":\"https:\/\/schema.org\",\"@graph\":[{\"@type\":\"WebPage\",\"@id\":\"https:\/\/faravetrerie.it\/en\/shop-en\/water-en\/water-glasses\/bicchiere-mexico-medium\/\",\"url\":\"https:\/\/faravetrerie.it\/en\/shop-en\/water-en\/water-glasses\/bicchiere-mexico-medium\/\",\"name\":\"BICCHIERE MEXICO MEDIUM - Fara Vetrerie e Cristallerie\",\"isPartOf\":{\"@id\":\"https:\/\/faravetrerie.it\/en\/#website\"},\"primaryImageOfPage\":{\"@id\":\"https:\/\/faravetrerie.it\/en\/shop-en\/water-en\/water-glasses\/bicchiere-mexico-medium\/#primaryimage\"},\"image\":{\"@id\":\"https:\/\/faravetrerie.it\/en\/shop-en\/water-en\/water-glasses\/bicchiere-mexico-medium\/#primaryimage\"},\"thumbnailUrl\":\"https:\/\/faravetrerie.it\/wp-content\/uploads\/2025\/12\/FVBOD37_01-e1588242791697-3.jpg\",\"datePublished\":\"2025-12-23T15:41:59+00:00\",\"dateModified\":\"2026-01-30T11:05:40+00:00\",\"description\":\"Bicchiere mexico medium la linea essenziale e sobria rende questo bicchiere versatile e indicato per ogni ambito nel campo della ristorazione professionale.\",\"breadcrumb\":{\"@id\":\"https:\/\/faravetrerie.it\/en\/shop-en\/water-en\/water-glasses\/bicchiere-mexico-medium\/#breadcrumb\"},\"inLanguage\":\"en-US\",\"potentialAction\":[{\"@type\":\"ReadAction\",\"target\":[\"https:\/\/faravetrerie.it\/en\/shop-en\/water-en\/water-glasses\/bicchiere-mexico-medium\/\"]}]},{\"@type\":\"ImageObject\",\"inLanguage\":\"en-US\",\"@id\":\"https:\/\/faravetrerie.it\/en\/shop-en\/water-en\/water-glasses\/bicchiere-mexico-medium\/#primaryimage\",\"url\":\"https:\/\/faravetrerie.it\/wp-content\/uploads\/2025\/12\/FVBOD37_01-e1588242791697-3.jpg\",\"contentUrl\":\"https:\/\/faravetrerie.it\/wp-content\/uploads\/2025\/12\/FVBOD37_01-e1588242791697-3.jpg\",\"width\":1050,\"height\":929,\"caption\":\"Bicchiere Mexico Medium\"},{\"@type\":\"BreadcrumbList\",\"@id\":\"https:\/\/faravetrerie.it\/en\/shop-en\/water-en\/water-glasses\/bicchiere-mexico-medium\/#breadcrumb\",\"itemListElement\":[{\"@type\":\"ListItem\",\"position\":1,\"name\":\"Home\",\"item\":\"https:\/\/faravetrerie.it\/en\/\"},{\"@type\":\"ListItem\",\"position\":2,\"name\":\"Shop\",\"item\":\"https:\/\/faravetrerie.it\/en\/shop-en\/\"},{\"@type\":\"ListItem\",\"position\":3,\"name\":\"BICCHIERE MEXICO MEDIUM\"}]},{\"@type\":\"WebSite\",\"@id\":\"https:\/\/faravetrerie.it\/en\/#website\",\"url\":\"https:\/\/faravetrerie.it\/en\/\",\"name\":\"Fara Vetrerie e Cristallerie\",\"description\":\"\",\"publisher\":{\"@id\":\"https:\/\/faravetrerie.it\/en\/#organization\"},\"potentialAction\":[{\"@type\":\"SearchAction\",\"target\":{\"@type\":\"EntryPoint\",\"urlTemplate\":\"https:\/\/faravetrerie.it\/en\/?s={search_term_string}\"},\"query-input\":{\"@type\":\"PropertyValueSpecification\",\"valueRequired\":true,\"valueName\":\"search_term_string\"}}],\"inLanguage\":\"en-US\"},{\"@type\":\"Organization\",\"@id\":\"https:\/\/faravetrerie.it\/en\/#organization\",\"name\":\"Fara Vetrerie e Cristallerie\",\"url\":\"https:\/\/faravetrerie.it\/en\/\",\"logo\":{\"@type\":\"ImageObject\",\"inLanguage\":\"en-US\",\"@id\":\"https:\/\/faravetrerie.it\/en\/#\/schema\/logo\/image\/\",\"url\":\"https:\/\/faravetrerie.it\/wp-content\/uploads\/2025\/12\/logo-fara-bianco.png\",\"contentUrl\":\"https:\/\/faravetrerie.it\/wp-content\/uploads\/2025\/12\/logo-fara-bianco.png\",\"width\":2038,\"height\":2942,\"caption\":\"Fara Vetrerie e Cristallerie\"},\"image\":{\"@id\":\"https:\/\/faravetrerie.it\/en\/#\/schema\/logo\/image\/\"}}]}<\/script>\n<!-- \/ Yoast SEO plugin. -->","yoast_head_json":{"title":"BICCHIERE MEXICO MEDIUM - Fara Vetrerie e Cristallerie","description":"Bicchiere mexico medium la linea essenziale e sobria rende questo bicchiere versatile e indicato per ogni ambito nel campo della ristorazione professionale.","robots":{"index":"index","follow":"follow","max-snippet":"max-snippet:-1","max-image-preview":"max-image-preview:large","max-video-preview":"max-video-preview:-1"},"canonical":"https:\/\/faravetrerie.it\/en\/shop-en\/water-en\/water-glasses\/bicchiere-mexico-medium\/","og_locale":"en_US","og_type":"article","og_title":"BICCHIERE MEXICO MEDIUM - Fara Vetrerie e Cristallerie","og_description":"Bicchiere mexico medium la linea essenziale e sobria rende questo bicchiere versatile e indicato per ogni ambito nel campo della ristorazione professionale.","og_url":"https:\/\/faravetrerie.it\/en\/shop-en\/water-en\/water-glasses\/bicchiere-mexico-medium\/","og_site_name":"Fara Vetrerie e Cristallerie","article_modified_time":"2026-01-30T11:05:40+00:00","og_image":[{"width":1050,"height":929,"url":"https:\/\/faravetrerie.it\/wp-content\/uploads\/2025\/12\/FVBOD37_01-e1588242791697-3.jpg","type":"image\/jpeg"}],"twitter_card":"summary_large_image","twitter_misc":{"Est. reading time":"2 minutes"},"schema":{"@context":"https:\/\/schema.org","@graph":[{"@type":"WebPage","@id":"https:\/\/faravetrerie.it\/en\/shop-en\/water-en\/water-glasses\/bicchiere-mexico-medium\/","url":"https:\/\/faravetrerie.it\/en\/shop-en\/water-en\/water-glasses\/bicchiere-mexico-medium\/","name":"BICCHIERE MEXICO MEDIUM - Fara Vetrerie e Cristallerie","isPartOf":{"@id":"https:\/\/faravetrerie.it\/en\/#website"},"primaryImageOfPage":{"@id":"https:\/\/faravetrerie.it\/en\/shop-en\/water-en\/water-glasses\/bicchiere-mexico-medium\/#primaryimage"},"image":{"@id":"https:\/\/faravetrerie.it\/en\/shop-en\/water-en\/water-glasses\/bicchiere-mexico-medium\/#primaryimage"},"thumbnailUrl":"https:\/\/faravetrerie.it\/wp-content\/uploads\/2025\/12\/FVBOD37_01-e1588242791697-3.jpg","datePublished":"2025-12-23T15:41:59+00:00","dateModified":"2026-01-30T11:05:40+00:00","description":"Bicchiere mexico medium la linea essenziale e sobria rende questo bicchiere versatile e indicato per ogni ambito nel campo della ristorazione professionale.","breadcrumb":{"@id":"https:\/\/faravetrerie.it\/en\/shop-en\/water-en\/water-glasses\/bicchiere-mexico-medium\/#breadcrumb"},"inLanguage":"en-US","potentialAction":[{"@type":"ReadAction","target":["https:\/\/faravetrerie.it\/en\/shop-en\/water-en\/water-glasses\/bicchiere-mexico-medium\/"]}]},{"@type":"ImageObject","inLanguage":"en-US","@id":"https:\/\/faravetrerie.it\/en\/shop-en\/water-en\/water-glasses\/bicchiere-mexico-medium\/#primaryimage","url":"https:\/\/faravetrerie.it\/wp-content\/uploads\/2025\/12\/FVBOD37_01-e1588242791697-3.jpg","contentUrl":"https:\/\/faravetrerie.it\/wp-content\/uploads\/2025\/12\/FVBOD37_01-e1588242791697-3.jpg","width":1050,"height":929,"caption":"Bicchiere Mexico Medium"},{"@type":"BreadcrumbList","@id":"https:\/\/faravetrerie.it\/en\/shop-en\/water-en\/water-glasses\/bicchiere-mexico-medium\/#breadcrumb","itemListElement":[{"@type":"ListItem","position":1,"name":"Home","item":"https:\/\/faravetrerie.it\/en\/"},{"@type":"ListItem","position":2,"name":"Shop","item":"https:\/\/faravetrerie.it\/en\/shop-en\/"},{"@type":"ListItem","position":3,"name":"BICCHIERE MEXICO MEDIUM"}]},{"@type":"WebSite","@id":"https:\/\/faravetrerie.it\/en\/#website","url":"https:\/\/faravetrerie.it\/en\/","name":"Fara Vetrerie e Cristallerie","description":"","publisher":{"@id":"https:\/\/faravetrerie.it\/en\/#organization"},"potentialAction":[{"@type":"SearchAction","target":{"@type":"EntryPoint","urlTemplate":"https:\/\/faravetrerie.it\/en\/?s={search_term_string}"},"query-input":{"@type":"PropertyValueSpecification","valueRequired":true,"valueName":"search_term_string"}}],"inLanguage":"en-US"},{"@type":"Organization","@id":"https:\/\/faravetrerie.it\/en\/#organization","name":"Fara Vetrerie e Cristallerie","url":"https:\/\/faravetrerie.it\/en\/","logo":{"@type":"ImageObject","inLanguage":"en-US","@id":"https:\/\/faravetrerie.it\/en\/#\/schema\/logo\/image\/","url":"https:\/\/faravetrerie.it\/wp-content\/uploads\/2025\/12\/logo-fara-bianco.png","contentUrl":"https:\/\/faravetrerie.it\/wp-content\/uploads\/2025\/12\/logo-fara-bianco.png","width":2038,"height":2942,"caption":"Fara Vetrerie e Cristallerie"},"image":{"@id":"https:\/\/faravetrerie.it\/en\/#\/schema\/logo\/image\/"}}]}},"_links":{"self":[{"href":"https:\/\/faravetrerie.it\/en\/wp-json\/wp\/v2\/product\/25422","targetHints":{"allow":["GET"]}}],"collection":[{"href":"https:\/\/faravetrerie.it\/en\/wp-json\/wp\/v2\/product"}],"about":[{"href":"https:\/\/faravetrerie.it\/en\/wp-json\/wp\/v2\/types\/product"}],"wp:featuredmedia":[{"embeddable":true,"href":"https:\/\/faravetrerie.it\/en\/wp-json\/wp\/v2\/media\/22473"}],"wp:attachment":[{"href":"https:\/\/faravetrerie.it\/en\/wp-json\/wp\/v2\/media?parent=25422"}],"wp:term":[{"taxonomy":"product_brand","embeddable":true,"href":"https:\/\/faravetrerie.it\/en\/wp-json\/wp\/v2\/product_brand?post=25422"},{"taxonomy":"product_cat","embeddable":true,"href":"https:\/\/faravetrerie.it\/en\/wp-json\/wp\/v2\/product_cat?post=25422"},{"taxonomy":"product_tag","embeddable":true,"href":"https:\/\/faravetrerie.it\/en\/wp-json\/wp\/v2\/product_tag?post=25422"}],"curies":[{"name":"wp","href":"https:\/\/api.w.org\/{rel}","templated":true}]}}