{"id":25433,"date":"2025-12-23T16:42:00","date_gmt":"2025-12-23T15:42:00","guid":{"rendered":"https:\/\/sviluppo.faravetrerie.it\/blog\/?post_type=product&#038;p=25433"},"modified":"2026-01-30T11:43:09","modified_gmt":"2026-01-30T10:43:09","slug":"calice-armonia-04-l","status":"publish","type":"product","link":"https:\/\/faravetrerie.it\/en\/shop-en\/beer\/calice-armonia-04-l\/","title":{"rendered":"CALICE ARMONIA 0.4 L"},"content":{"rendered":"<div class=\"flex flex-col text-sm\">\n<article class=\"text-token-text-primary w-full focus:outline-none [--shadow-height:45px] has-data-writing-block:pointer-events-none has-data-writing-block:-mt-(--shadow-height) has-data-writing-block:pt-(--shadow-height) [&amp;:has([data-writing-block])&gt;*]:pointer-events-auto scroll-mt-[calc(var(--header-height)+min(200px,max(70px,20svh)))]\" dir=\"auto\" data-turn-id=\"request-WEB:3b4ceaf8-2510-4eff-934f-e27578ae697d-5\" data-testid=\"conversation-turn-12\" data-scroll-anchor=\"true\" data-turn=\"assistant\">\n<div class=\"text-base my-auto mx-auto pb-10 [--thread-content-margin:--spacing(4)] @w-sm\/main:[--thread-content-margin:--spacing(6)] @w-lg\/main:[--thread-content-margin:--spacing(16)] px-(--thread-content-margin)\">\n<div class=\"[--thread-content-max-width:40rem] @w-lg\/main:[--thread-content-max-width:48rem] mx-auto max-w-(--thread-content-max-width) flex-1 group\/turn-messages focus-visible:outline-hidden relative flex w-full min-w-0 flex-col agent-turn\">\n<div class=\"flex max-w-full flex-col grow\">\n<div class=\"min-h-8 text-message relative flex w-full flex-col items-end gap-2 text-start break-words whitespace-normal [.text-message+&amp;]:mt-1\" dir=\"auto\" data-message-author-role=\"assistant\" data-message-id=\"cc6eb8d7-2451-404f-b50a-d2f2dfdff993\" data-message-model-slug=\"gpt-5-2\">\n<div class=\"flex w-full flex-col gap-1 empty:hidden first:pt-[1px]\">\n<div class=\"markdown prose dark:prose-invert w-full wrap-break-word light markdown-new-styling\">\n<p data-start=\"0\" data-end=\"75\"><strong data-start=\"0\" data-end=\"75\">Calice Armonia 0,4 L: Eleganza Slanciata per Pilsner Chiare e Frizzanti<\/strong><\/p>\n<p data-start=\"77\" data-end=\"400\">Il calice Armonia da 0,4 litri \u00e8 la soluzione ideale per chi desidera servire birre pilsner chiare in un bicchiere che unisce stile, funzionalit\u00e0 e impatto visivo. La sua forma affusolata tipo flute, stretta ed elegante, \u00e8 studiata per valorizzare le caratteristiche delle birre pi\u00f9 fresche e con una marcata effervescenza.<\/p>\n<p data-start=\"402\" data-end=\"871\">Il profilo slanciato del calice Armonia favorisce la risalita continua delle bollicine, mantenendo viva la carbonazione e amplificando la sensazione di freschezza al palato. Questo lo rende particolarmente adatto alle pilsner chiare, dove la frizzantezza e la pulizia gustativa sono elementi fondamentali. L\u2019imboccatura stretta contribuisce inoltre a concentrare gli aromi delicati, permettendo di apprezzare al meglio le note di cereale, malto chiaro e luppoli nobili.<\/p>\n<p data-start=\"873\" data-end=\"1297\">Con una capacit\u00e0 di 0,4 L, questo calice offre una quantit\u00e0 generosa di birra senza rinunciare all\u2019eleganza della presentazione. \u00c8 perfetto per il servizio professionale in pub, birrerie e ristoranti, ma anche per eventi, degustazioni e contesti in cui si vuole trasmettere un\u2019immagine curata e di qualit\u00e0. Il formato pi\u00f9 ampio consente una schiuma ben sviluppata e stabile, migliorando ulteriormente l\u2019esperienza di bevuta.<\/p>\n<p data-start=\"1299\" data-end=\"1566\">La trasparenza del vetro esalta il colore brillante e la limpidezza tipica delle pilsner, mentre il design moderno e raffinato si adatta facilmente a qualsiasi stile di servizio. Sobrio ma distintivo, il calice Armonia \u00e8 pensato per chi presta attenzione ai dettagli.<\/p>\n<p data-start=\"1568\" data-end=\"1799\" data-is-last-node=\"\" data-is-only-node=\"\">Scegliere il calice Armonia 0,4 L significa offrire alle birre pilsner chiare il bicchiere ideale per esprimere al meglio freschezza, frizzantezza ed equilibrio, trasformando ogni servizio in un\u2019esperienza elegante e professionale.<\/p>\n<\/div>\n<\/div>\n<\/div>\n<\/div>\n<\/div>\n<\/div>\n<\/article>\n<\/div>\n","protected":false},"excerpt":{"rendered":"<p>Il calice affusolato tipo flute dalla forma stretta e elegante, particolarmente adatto a birre pilsner chiare e con forti accenti frizzanti<\/p>\n<p>cl. 58<\/p>\n<p>fl.o.z. 19,61<\/p>\n<p>h. 214 mm.<\/p>\n<p>\u00d8 84 mm.<\/p>\n<p><a class=\"elementor-button elementor-button-link elementor-size-sm\" href=\"https:\/\/faravetrerie.it\/contatti\/\"><span class=\"elementor-button-content-wrapper\"><span class=\"elementor-button-text\">Contattaci per personalizzare<\/span><\/span><\/a><\/p>\n","protected":false},"featured_media":22650,"template":"","meta":{"inline_featured_image":false},"product_brand":[],"product_cat":[24],"product_tag":[1003,1299,911],"class_list":{"0":"post-25433","1":"product","2":"type-product","3":"status-publish","4":"has-post-thumbnail","6":"product_cat-birra","7":"product_tag-bicchiere-birra","8":"product_tag-bicchiere-birra-personalizzato","9":"product_tag-birra","11":"first","12":"instock","13":"taxable","14":"shipping-taxable","15":"product-type-simple"},"yoast_head":"<!-- This site is optimized with the Yoast SEO plugin v26.6 - https:\/\/yoast.com\/wordpress\/plugins\/seo\/ -->\n<title>CALICE ARMONIA 0.4 L - Fara Vetrerie e Cristallerie<\/title>\n<meta name=\"description\" content=\"Il calice Armonia 0.4 L affusolato tipo flute dalla forma stretta e elegante, particolarmente adatto a birre pilsner chiare e con forti accenti frizzanti\" \/>\n<meta name=\"robots\" content=\"index, follow, max-snippet:-1, max-image-preview:large, max-video-preview:-1\" \/>\n<link rel=\"canonical\" href=\"https:\/\/faravetrerie.it\/en\/shop-en\/beer\/calice-armonia-04-l\/\" \/>\n<meta property=\"og:locale\" content=\"en_US\" \/>\n<meta property=\"og:type\" content=\"article\" \/>\n<meta property=\"og:title\" content=\"CALICE ARMONIA 0.4 L - Fara Vetrerie e Cristallerie\" \/>\n<meta property=\"og:description\" content=\"Il calice Armonia 0.4 L affusolato tipo flute dalla forma stretta e elegante, particolarmente adatto a birre pilsner chiare e con forti accenti frizzanti\" \/>\n<meta property=\"og:url\" content=\"https:\/\/faravetrerie.it\/en\/shop-en\/beer\/calice-armonia-04-l\/\" \/>\n<meta property=\"og:site_name\" content=\"Fara Vetrerie e Cristallerie\" \/>\n<meta property=\"article:modified_time\" content=\"2026-01-30T10:43:09+00:00\" \/>\n<meta property=\"og:image\" content=\"https:\/\/faravetrerie.it\/wp-content\/uploads\/2025\/12\/fvarm9_01-scaled-e1588600549459-3-e1767955910877.jpg\" \/>\n\t<meta property=\"og:image:width\" content=\"1866\" \/>\n\t<meta property=\"og:image:height\" content=\"1695\" \/>\n\t<meta property=\"og:image:type\" content=\"image\/jpeg\" \/>\n<meta name=\"twitter:card\" content=\"summary_large_image\" \/>\n<meta name=\"twitter:label1\" content=\"Est. reading time\" \/>\n\t<meta name=\"twitter:data1\" content=\"2 minutes\" \/>\n<script type=\"application\/ld+json\" class=\"yoast-schema-graph\">{\"@context\":\"https:\/\/schema.org\",\"@graph\":[{\"@type\":\"WebPage\",\"@id\":\"https:\/\/faravetrerie.it\/en\/shop-en\/beer\/calice-armonia-04-l\/\",\"url\":\"https:\/\/faravetrerie.it\/en\/shop-en\/beer\/calice-armonia-04-l\/\",\"name\":\"CALICE ARMONIA 0.4 L - Fara Vetrerie e Cristallerie\",\"isPartOf\":{\"@id\":\"https:\/\/faravetrerie.it\/en\/#website\"},\"primaryImageOfPage\":{\"@id\":\"https:\/\/faravetrerie.it\/en\/shop-en\/beer\/calice-armonia-04-l\/#primaryimage\"},\"image\":{\"@id\":\"https:\/\/faravetrerie.it\/en\/shop-en\/beer\/calice-armonia-04-l\/#primaryimage\"},\"thumbnailUrl\":\"https:\/\/faravetrerie.it\/wp-content\/uploads\/2025\/12\/fvarm9_01-scaled-e1588600549459-3-e1767955910877.jpg\",\"datePublished\":\"2025-12-23T15:42:00+00:00\",\"dateModified\":\"2026-01-30T10:43:09+00:00\",\"description\":\"Il calice Armonia 0.4 L affusolato tipo flute dalla forma stretta e elegante, particolarmente adatto a birre pilsner chiare e con forti accenti frizzanti\",\"breadcrumb\":{\"@id\":\"https:\/\/faravetrerie.it\/en\/shop-en\/beer\/calice-armonia-04-l\/#breadcrumb\"},\"inLanguage\":\"en-US\",\"potentialAction\":[{\"@type\":\"ReadAction\",\"target\":[\"https:\/\/faravetrerie.it\/en\/shop-en\/beer\/calice-armonia-04-l\/\"]}]},{\"@type\":\"ImageObject\",\"inLanguage\":\"en-US\",\"@id\":\"https:\/\/faravetrerie.it\/en\/shop-en\/beer\/calice-armonia-04-l\/#primaryimage\",\"url\":\"https:\/\/faravetrerie.it\/wp-content\/uploads\/2025\/12\/fvarm9_01-scaled-e1588600549459-3-e1767955910877.jpg\",\"contentUrl\":\"https:\/\/faravetrerie.it\/wp-content\/uploads\/2025\/12\/fvarm9_01-scaled-e1588600549459-3-e1767955910877.jpg\",\"width\":1866,\"height\":1695,\"caption\":\"bicchiere Armonia 0,4 L\"},{\"@type\":\"BreadcrumbList\",\"@id\":\"https:\/\/faravetrerie.it\/en\/shop-en\/beer\/calice-armonia-04-l\/#breadcrumb\",\"itemListElement\":[{\"@type\":\"ListItem\",\"position\":1,\"name\":\"Home\",\"item\":\"https:\/\/faravetrerie.it\/en\/\"},{\"@type\":\"ListItem\",\"position\":2,\"name\":\"Shop\",\"item\":\"https:\/\/faravetrerie.it\/en\/shop-en\/\"},{\"@type\":\"ListItem\",\"position\":3,\"name\":\"CALICE ARMONIA 0.4 L\"}]},{\"@type\":\"WebSite\",\"@id\":\"https:\/\/faravetrerie.it\/en\/#website\",\"url\":\"https:\/\/faravetrerie.it\/en\/\",\"name\":\"Fara Vetrerie e Cristallerie\",\"description\":\"\",\"publisher\":{\"@id\":\"https:\/\/faravetrerie.it\/en\/#organization\"},\"potentialAction\":[{\"@type\":\"SearchAction\",\"target\":{\"@type\":\"EntryPoint\",\"urlTemplate\":\"https:\/\/faravetrerie.it\/en\/?s={search_term_string}\"},\"query-input\":{\"@type\":\"PropertyValueSpecification\",\"valueRequired\":true,\"valueName\":\"search_term_string\"}}],\"inLanguage\":\"en-US\"},{\"@type\":\"Organization\",\"@id\":\"https:\/\/faravetrerie.it\/en\/#organization\",\"name\":\"Fara Vetrerie e Cristallerie\",\"url\":\"https:\/\/faravetrerie.it\/en\/\",\"logo\":{\"@type\":\"ImageObject\",\"inLanguage\":\"en-US\",\"@id\":\"https:\/\/faravetrerie.it\/en\/#\/schema\/logo\/image\/\",\"url\":\"https:\/\/faravetrerie.it\/wp-content\/uploads\/2025\/12\/logo-fara-bianco.png\",\"contentUrl\":\"https:\/\/faravetrerie.it\/wp-content\/uploads\/2025\/12\/logo-fara-bianco.png\",\"width\":2038,\"height\":2942,\"caption\":\"Fara Vetrerie e Cristallerie\"},\"image\":{\"@id\":\"https:\/\/faravetrerie.it\/en\/#\/schema\/logo\/image\/\"}}]}<\/script>\n<!-- \/ Yoast SEO plugin. -->","yoast_head_json":{"title":"CALICE ARMONIA 0.4 L - Fara Vetrerie e Cristallerie","description":"Il calice Armonia 0.4 L affusolato tipo flute dalla forma stretta e elegante, particolarmente adatto a birre pilsner chiare e con forti accenti frizzanti","robots":{"index":"index","follow":"follow","max-snippet":"max-snippet:-1","max-image-preview":"max-image-preview:large","max-video-preview":"max-video-preview:-1"},"canonical":"https:\/\/faravetrerie.it\/en\/shop-en\/beer\/calice-armonia-04-l\/","og_locale":"en_US","og_type":"article","og_title":"CALICE ARMONIA 0.4 L - Fara Vetrerie e Cristallerie","og_description":"Il calice Armonia 0.4 L affusolato tipo flute dalla forma stretta e elegante, particolarmente adatto a birre pilsner chiare e con forti accenti frizzanti","og_url":"https:\/\/faravetrerie.it\/en\/shop-en\/beer\/calice-armonia-04-l\/","og_site_name":"Fara Vetrerie e Cristallerie","article_modified_time":"2026-01-30T10:43:09+00:00","og_image":[{"width":1866,"height":1695,"url":"https:\/\/faravetrerie.it\/wp-content\/uploads\/2025\/12\/fvarm9_01-scaled-e1588600549459-3-e1767955910877.jpg","type":"image\/jpeg"}],"twitter_card":"summary_large_image","twitter_misc":{"Est. reading time":"2 minutes"},"schema":{"@context":"https:\/\/schema.org","@graph":[{"@type":"WebPage","@id":"https:\/\/faravetrerie.it\/en\/shop-en\/beer\/calice-armonia-04-l\/","url":"https:\/\/faravetrerie.it\/en\/shop-en\/beer\/calice-armonia-04-l\/","name":"CALICE ARMONIA 0.4 L - Fara Vetrerie e Cristallerie","isPartOf":{"@id":"https:\/\/faravetrerie.it\/en\/#website"},"primaryImageOfPage":{"@id":"https:\/\/faravetrerie.it\/en\/shop-en\/beer\/calice-armonia-04-l\/#primaryimage"},"image":{"@id":"https:\/\/faravetrerie.it\/en\/shop-en\/beer\/calice-armonia-04-l\/#primaryimage"},"thumbnailUrl":"https:\/\/faravetrerie.it\/wp-content\/uploads\/2025\/12\/fvarm9_01-scaled-e1588600549459-3-e1767955910877.jpg","datePublished":"2025-12-23T15:42:00+00:00","dateModified":"2026-01-30T10:43:09+00:00","description":"Il calice Armonia 0.4 L affusolato tipo flute dalla forma stretta e elegante, particolarmente adatto a birre pilsner chiare e con forti accenti frizzanti","breadcrumb":{"@id":"https:\/\/faravetrerie.it\/en\/shop-en\/beer\/calice-armonia-04-l\/#breadcrumb"},"inLanguage":"en-US","potentialAction":[{"@type":"ReadAction","target":["https:\/\/faravetrerie.it\/en\/shop-en\/beer\/calice-armonia-04-l\/"]}]},{"@type":"ImageObject","inLanguage":"en-US","@id":"https:\/\/faravetrerie.it\/en\/shop-en\/beer\/calice-armonia-04-l\/#primaryimage","url":"https:\/\/faravetrerie.it\/wp-content\/uploads\/2025\/12\/fvarm9_01-scaled-e1588600549459-3-e1767955910877.jpg","contentUrl":"https:\/\/faravetrerie.it\/wp-content\/uploads\/2025\/12\/fvarm9_01-scaled-e1588600549459-3-e1767955910877.jpg","width":1866,"height":1695,"caption":"bicchiere Armonia 0,4 L"},{"@type":"BreadcrumbList","@id":"https:\/\/faravetrerie.it\/en\/shop-en\/beer\/calice-armonia-04-l\/#breadcrumb","itemListElement":[{"@type":"ListItem","position":1,"name":"Home","item":"https:\/\/faravetrerie.it\/en\/"},{"@type":"ListItem","position":2,"name":"Shop","item":"https:\/\/faravetrerie.it\/en\/shop-en\/"},{"@type":"ListItem","position":3,"name":"CALICE ARMONIA 0.4 L"}]},{"@type":"WebSite","@id":"https:\/\/faravetrerie.it\/en\/#website","url":"https:\/\/faravetrerie.it\/en\/","name":"Fara Vetrerie e Cristallerie","description":"","publisher":{"@id":"https:\/\/faravetrerie.it\/en\/#organization"},"potentialAction":[{"@type":"SearchAction","target":{"@type":"EntryPoint","urlTemplate":"https:\/\/faravetrerie.it\/en\/?s={search_term_string}"},"query-input":{"@type":"PropertyValueSpecification","valueRequired":true,"valueName":"search_term_string"}}],"inLanguage":"en-US"},{"@type":"Organization","@id":"https:\/\/faravetrerie.it\/en\/#organization","name":"Fara Vetrerie e Cristallerie","url":"https:\/\/faravetrerie.it\/en\/","logo":{"@type":"ImageObject","inLanguage":"en-US","@id":"https:\/\/faravetrerie.it\/en\/#\/schema\/logo\/image\/","url":"https:\/\/faravetrerie.it\/wp-content\/uploads\/2025\/12\/logo-fara-bianco.png","contentUrl":"https:\/\/faravetrerie.it\/wp-content\/uploads\/2025\/12\/logo-fara-bianco.png","width":2038,"height":2942,"caption":"Fara Vetrerie e Cristallerie"},"image":{"@id":"https:\/\/faravetrerie.it\/en\/#\/schema\/logo\/image\/"}}]}},"_links":{"self":[{"href":"https:\/\/faravetrerie.it\/en\/wp-json\/wp\/v2\/product\/25433","targetHints":{"allow":["GET"]}}],"collection":[{"href":"https:\/\/faravetrerie.it\/en\/wp-json\/wp\/v2\/product"}],"about":[{"href":"https:\/\/faravetrerie.it\/en\/wp-json\/wp\/v2\/types\/product"}],"wp:featuredmedia":[{"embeddable":true,"href":"https:\/\/faravetrerie.it\/en\/wp-json\/wp\/v2\/media\/22650"}],"wp:attachment":[{"href":"https:\/\/faravetrerie.it\/en\/wp-json\/wp\/v2\/media?parent=25433"}],"wp:term":[{"taxonomy":"product_brand","embeddable":true,"href":"https:\/\/faravetrerie.it\/en\/wp-json\/wp\/v2\/product_brand?post=25433"},{"taxonomy":"product_cat","embeddable":true,"href":"https:\/\/faravetrerie.it\/en\/wp-json\/wp\/v2\/product_cat?post=25433"},{"taxonomy":"product_tag","embeddable":true,"href":"https:\/\/faravetrerie.it\/en\/wp-json\/wp\/v2\/product_tag?post=25433"}],"curies":[{"name":"wp","href":"https:\/\/api.w.org\/{rel}","templated":true}]}}