{"id":25434,"date":"2025-12-23T16:42:00","date_gmt":"2025-12-23T15:42:00","guid":{"rendered":"https:\/\/sviluppo.faravetrerie.it\/blog\/?post_type=product&#038;p=25434"},"modified":"2026-01-30T11:49:46","modified_gmt":"2026-01-30T10:49:46","slug":"calice-executive-02-l","status":"publish","type":"product","link":"https:\/\/faravetrerie.it\/en\/shop-en\/beer\/calice-executive-02-l\/","title":{"rendered":"CALICE EXECUTIVE 0.2 L"},"content":{"rendered":"<div class=\"flex flex-col text-sm pb-25\">\n<article class=\"text-token-text-primary w-full focus:outline-none [--shadow-height:45px] has-data-writing-block:pointer-events-none has-data-writing-block:-mt-(--shadow-height) has-data-writing-block:pt-(--shadow-height) [&amp;:has([data-writing-block])&gt;*]:pointer-events-auto scroll-mt-[calc(var(--header-height)+min(200px,max(70px,20svh)))]\" dir=\"auto\" data-turn-id=\"request-WEB:3b4ceaf8-2510-4eff-934f-e27578ae697d-6\" data-testid=\"conversation-turn-14\" data-scroll-anchor=\"true\" data-turn=\"assistant\">\n<div class=\"text-base my-auto mx-auto pb-10 [--thread-content-margin:--spacing(4)] @w-sm\/main:[--thread-content-margin:--spacing(6)] @w-lg\/main:[--thread-content-margin:--spacing(16)] px-(--thread-content-margin)\">\n<div class=\"[--thread-content-max-width:40rem] @w-lg\/main:[--thread-content-max-width:48rem] mx-auto max-w-(--thread-content-max-width) flex-1 group\/turn-messages focus-visible:outline-hidden relative flex w-full min-w-0 flex-col agent-turn\">\n<div class=\"flex max-w-full flex-col grow\">\n<div class=\"min-h-8 text-message relative flex w-full flex-col items-end gap-2 text-start break-words whitespace-normal [.text-message+&amp;]:mt-1\" dir=\"auto\" data-message-author-role=\"assistant\" data-message-id=\"ffe58c59-8b60-4c46-8035-e5b7d389252b\" data-message-model-slug=\"gpt-5-2\">\n<div class=\"flex w-full flex-col gap-1 empty:hidden first:pt-[1px]\">\n<div class=\"markdown prose dark:prose-invert w-full wrap-break-word light markdown-new-styling\">\n<p data-start=\"0\" data-end=\"78\"><strong data-start=\"0\" data-end=\"78\">Calice Executive 0,2 L: Versatilit\u00e0 ed Eleganza per Birre Chiare e Ambrate<\/strong><\/p>\n<p data-start=\"80\" data-end=\"423\">Il calice Executive da 0,2 litri \u00e8 una scelta pratica e raffinata per il servizio di birre chiare e ambrate, pensato per soddisfare le esigenze della ristorazione e del servizio professionale. Grazie al suo design equilibrato e funzionale, rappresenta un prodotto versatile, adatto a diversi stili di birra e a molteplici contesti di utilizzo.<\/p>\n<p data-start=\"425\" data-end=\"885\">La forma del calice Executive \u00e8 studiata per valorizzare sia le birre chiare, fresche e beverine, sia quelle ambrate, pi\u00f9 strutturate e ricche di aromi. Il profilo armonioso permette una buona formazione e tenuta della schiuma, elemento essenziale per preservare profumi e caratteristiche organolettiche della birra. Allo stesso tempo, l\u2019apertura ben proporzionata favorisce una corretta percezione aromatica, rendendo la degustazione piacevole ed equilibrata.<\/p>\n<p data-start=\"887\" data-end=\"1203\">Con una capacit\u00e0 di 0,2 L, questo calice \u00e8 ideale per il servizio al tavolo, per aperitivi, degustazioni o per accompagnare i pasti senza risultare eccessivo. \u00c8 particolarmente apprezzato nella ristorazione per la sua praticit\u00e0, consentendo un controllo preciso delle porzioni e un servizio ordinato e professionale.<\/p>\n<p data-start=\"1205\" data-end=\"1540\">Il calice Executive si distingue anche per la sua robustezza e facilit\u00e0 di utilizzo quotidiano. \u00c8 adatto a un uso frequente in ristoranti, pub e locali, dove affidabilit\u00e0 e semplicit\u00e0 sono fondamentali. Il design sobrio ed elegante lo rende facilmente abbinabile a qualsiasi stile di tavola o ambiente, dal pi\u00f9 informale al pi\u00f9 curato.<\/p>\n<p data-start=\"1542\" data-end=\"1791\" data-is-last-node=\"\" data-is-only-node=\"\">Scegliere il calice Executive 0,2 L significa puntare su un bicchiere funzionale, resistente e dall\u2019estetica senza tempo. Una soluzione versatile per valorizzare birre chiare e ambrate, migliorando la qualit\u00e0 del servizio e l\u2019esperienza del cliente.<\/p>\n<\/div>\n<\/div>\n<\/div>\n<\/div>\n<\/div>\n<\/div>\n<\/article>\n<\/div>\n","protected":false},"excerpt":{"rendered":"<p>Il calice tulipano per birre chiare e ambrate. Un prodotto versatile per il servizio della birra e l&#8217;uso nella ristorazione.<\/p>\n<p>cl. 24,5<\/p>\n<p>fl.oz. 8,28<\/p>\n<p>h. 167 mm.<\/p>\n<p>\u00d8 57 mm.<\/p>\n<p><a class=\"elementor-button elementor-button-link elementor-size-sm\" href=\"https:\/\/faravetrerie.it\/contatti\/\"><span class=\"elementor-button-content-wrapper\"><span class=\"elementor-button-text\">Contattaci per personalizzare<\/span><\/span><\/a><\/p>\n","protected":false},"featured_media":22651,"template":"","meta":{"inline_featured_image":false},"product_brand":[],"product_cat":[24],"product_tag":[],"class_list":{"0":"post-25434","1":"product","2":"type-product","3":"status-publish","4":"has-post-thumbnail","6":"product_cat-birra","8":"first","9":"instock","10":"taxable","11":"shipping-taxable","12":"product-type-simple"},"yoast_head":"<!-- This site is optimized with the Yoast SEO plugin v26.6 - https:\/\/yoast.com\/wordpress\/plugins\/seo\/ -->\n<title>CALICE EXECUTIVE 0.2 L - Fara Vetrerie e Cristallerie<\/title>\n<meta name=\"description\" content=\"Il calice Executive 0.2 L per birre chiare e ambrate. Un prodotto versatile per il servizio della birra e l&#039;uso nella ristorazione.\" \/>\n<meta name=\"robots\" content=\"index, follow, max-snippet:-1, max-image-preview:large, max-video-preview:-1\" \/>\n<link rel=\"canonical\" href=\"https:\/\/faravetrerie.it\/en\/shop-en\/beer\/calice-executive-02-l\/\" \/>\n<meta property=\"og:locale\" content=\"en_US\" \/>\n<meta property=\"og:type\" content=\"article\" \/>\n<meta property=\"og:title\" content=\"CALICE EXECUTIVE 0.2 L - Fara Vetrerie e Cristallerie\" \/>\n<meta property=\"og:description\" content=\"Il calice Executive 0.2 L per birre chiare e ambrate. Un prodotto versatile per il servizio della birra e l&#039;uso nella ristorazione.\" \/>\n<meta property=\"og:url\" content=\"https:\/\/faravetrerie.it\/en\/shop-en\/beer\/calice-executive-02-l\/\" \/>\n<meta property=\"og:site_name\" content=\"Fara Vetrerie e Cristallerie\" \/>\n<meta property=\"article:modified_time\" content=\"2026-01-30T10:49:46+00:00\" \/>\n<meta property=\"og:image\" content=\"https:\/\/faravetrerie.it\/wp-content\/uploads\/2025\/12\/fvexe245_01-scaled-e1588601902588-3.jpg\" \/>\n\t<meta property=\"og:image:width\" content=\"1561\" \/>\n\t<meta property=\"og:image:height\" content=\"1617\" \/>\n\t<meta property=\"og:image:type\" content=\"image\/jpeg\" \/>\n<meta name=\"twitter:card\" content=\"summary_large_image\" \/>\n<meta name=\"twitter:label1\" content=\"Est. reading time\" \/>\n\t<meta name=\"twitter:data1\" content=\"2 minutes\" \/>\n<script type=\"application\/ld+json\" class=\"yoast-schema-graph\">{\"@context\":\"https:\/\/schema.org\",\"@graph\":[{\"@type\":\"WebPage\",\"@id\":\"https:\/\/faravetrerie.it\/en\/shop-en\/beer\/calice-executive-02-l\/\",\"url\":\"https:\/\/faravetrerie.it\/en\/shop-en\/beer\/calice-executive-02-l\/\",\"name\":\"CALICE EXECUTIVE 0.2 L - Fara Vetrerie e Cristallerie\",\"isPartOf\":{\"@id\":\"https:\/\/faravetrerie.it\/en\/#website\"},\"primaryImageOfPage\":{\"@id\":\"https:\/\/faravetrerie.it\/en\/shop-en\/beer\/calice-executive-02-l\/#primaryimage\"},\"image\":{\"@id\":\"https:\/\/faravetrerie.it\/en\/shop-en\/beer\/calice-executive-02-l\/#primaryimage\"},\"thumbnailUrl\":\"https:\/\/faravetrerie.it\/wp-content\/uploads\/2025\/12\/fvexe245_01-scaled-e1588601902588-3.jpg\",\"datePublished\":\"2025-12-23T15:42:00+00:00\",\"dateModified\":\"2026-01-30T10:49:46+00:00\",\"description\":\"Il calice Executive 0.2 L per birre chiare e ambrate. Un prodotto versatile per il servizio della birra e l'uso nella ristorazione.\",\"breadcrumb\":{\"@id\":\"https:\/\/faravetrerie.it\/en\/shop-en\/beer\/calice-executive-02-l\/#breadcrumb\"},\"inLanguage\":\"en-US\",\"potentialAction\":[{\"@type\":\"ReadAction\",\"target\":[\"https:\/\/faravetrerie.it\/en\/shop-en\/beer\/calice-executive-02-l\/\"]}]},{\"@type\":\"ImageObject\",\"inLanguage\":\"en-US\",\"@id\":\"https:\/\/faravetrerie.it\/en\/shop-en\/beer\/calice-executive-02-l\/#primaryimage\",\"url\":\"https:\/\/faravetrerie.it\/wp-content\/uploads\/2025\/12\/fvexe245_01-scaled-e1588601902588-3.jpg\",\"contentUrl\":\"https:\/\/faravetrerie.it\/wp-content\/uploads\/2025\/12\/fvexe245_01-scaled-e1588601902588-3.jpg\",\"width\":1561,\"height\":1617,\"caption\":\"Calice Executive 0,2 L\"},{\"@type\":\"BreadcrumbList\",\"@id\":\"https:\/\/faravetrerie.it\/en\/shop-en\/beer\/calice-executive-02-l\/#breadcrumb\",\"itemListElement\":[{\"@type\":\"ListItem\",\"position\":1,\"name\":\"Home\",\"item\":\"https:\/\/faravetrerie.it\/en\/\"},{\"@type\":\"ListItem\",\"position\":2,\"name\":\"Shop\",\"item\":\"https:\/\/faravetrerie.it\/en\/shop-en\/\"},{\"@type\":\"ListItem\",\"position\":3,\"name\":\"CALICE EXECUTIVE 0.2 L\"}]},{\"@type\":\"WebSite\",\"@id\":\"https:\/\/faravetrerie.it\/en\/#website\",\"url\":\"https:\/\/faravetrerie.it\/en\/\",\"name\":\"Fara Vetrerie e Cristallerie\",\"description\":\"\",\"publisher\":{\"@id\":\"https:\/\/faravetrerie.it\/en\/#organization\"},\"potentialAction\":[{\"@type\":\"SearchAction\",\"target\":{\"@type\":\"EntryPoint\",\"urlTemplate\":\"https:\/\/faravetrerie.it\/en\/?s={search_term_string}\"},\"query-input\":{\"@type\":\"PropertyValueSpecification\",\"valueRequired\":true,\"valueName\":\"search_term_string\"}}],\"inLanguage\":\"en-US\"},{\"@type\":\"Organization\",\"@id\":\"https:\/\/faravetrerie.it\/en\/#organization\",\"name\":\"Fara Vetrerie e Cristallerie\",\"url\":\"https:\/\/faravetrerie.it\/en\/\",\"logo\":{\"@type\":\"ImageObject\",\"inLanguage\":\"en-US\",\"@id\":\"https:\/\/faravetrerie.it\/en\/#\/schema\/logo\/image\/\",\"url\":\"https:\/\/faravetrerie.it\/wp-content\/uploads\/2025\/12\/logo-fara-bianco.png\",\"contentUrl\":\"https:\/\/faravetrerie.it\/wp-content\/uploads\/2025\/12\/logo-fara-bianco.png\",\"width\":2038,\"height\":2942,\"caption\":\"Fara Vetrerie e Cristallerie\"},\"image\":{\"@id\":\"https:\/\/faravetrerie.it\/en\/#\/schema\/logo\/image\/\"}}]}<\/script>\n<!-- \/ Yoast SEO plugin. -->","yoast_head_json":{"title":"CALICE EXECUTIVE 0.2 L - Fara Vetrerie e Cristallerie","description":"Il calice Executive 0.2 L per birre chiare e ambrate. Un prodotto versatile per il servizio della birra e l'uso nella ristorazione.","robots":{"index":"index","follow":"follow","max-snippet":"max-snippet:-1","max-image-preview":"max-image-preview:large","max-video-preview":"max-video-preview:-1"},"canonical":"https:\/\/faravetrerie.it\/en\/shop-en\/beer\/calice-executive-02-l\/","og_locale":"en_US","og_type":"article","og_title":"CALICE EXECUTIVE 0.2 L - Fara Vetrerie e Cristallerie","og_description":"Il calice Executive 0.2 L per birre chiare e ambrate. Un prodotto versatile per il servizio della birra e l'uso nella ristorazione.","og_url":"https:\/\/faravetrerie.it\/en\/shop-en\/beer\/calice-executive-02-l\/","og_site_name":"Fara Vetrerie e Cristallerie","article_modified_time":"2026-01-30T10:49:46+00:00","og_image":[{"width":1561,"height":1617,"url":"https:\/\/faravetrerie.it\/wp-content\/uploads\/2025\/12\/fvexe245_01-scaled-e1588601902588-3.jpg","type":"image\/jpeg"}],"twitter_card":"summary_large_image","twitter_misc":{"Est. reading time":"2 minutes"},"schema":{"@context":"https:\/\/schema.org","@graph":[{"@type":"WebPage","@id":"https:\/\/faravetrerie.it\/en\/shop-en\/beer\/calice-executive-02-l\/","url":"https:\/\/faravetrerie.it\/en\/shop-en\/beer\/calice-executive-02-l\/","name":"CALICE EXECUTIVE 0.2 L - Fara Vetrerie e Cristallerie","isPartOf":{"@id":"https:\/\/faravetrerie.it\/en\/#website"},"primaryImageOfPage":{"@id":"https:\/\/faravetrerie.it\/en\/shop-en\/beer\/calice-executive-02-l\/#primaryimage"},"image":{"@id":"https:\/\/faravetrerie.it\/en\/shop-en\/beer\/calice-executive-02-l\/#primaryimage"},"thumbnailUrl":"https:\/\/faravetrerie.it\/wp-content\/uploads\/2025\/12\/fvexe245_01-scaled-e1588601902588-3.jpg","datePublished":"2025-12-23T15:42:00+00:00","dateModified":"2026-01-30T10:49:46+00:00","description":"Il calice Executive 0.2 L per birre chiare e ambrate. Un prodotto versatile per il servizio della birra e l'uso nella ristorazione.","breadcrumb":{"@id":"https:\/\/faravetrerie.it\/en\/shop-en\/beer\/calice-executive-02-l\/#breadcrumb"},"inLanguage":"en-US","potentialAction":[{"@type":"ReadAction","target":["https:\/\/faravetrerie.it\/en\/shop-en\/beer\/calice-executive-02-l\/"]}]},{"@type":"ImageObject","inLanguage":"en-US","@id":"https:\/\/faravetrerie.it\/en\/shop-en\/beer\/calice-executive-02-l\/#primaryimage","url":"https:\/\/faravetrerie.it\/wp-content\/uploads\/2025\/12\/fvexe245_01-scaled-e1588601902588-3.jpg","contentUrl":"https:\/\/faravetrerie.it\/wp-content\/uploads\/2025\/12\/fvexe245_01-scaled-e1588601902588-3.jpg","width":1561,"height":1617,"caption":"Calice Executive 0,2 L"},{"@type":"BreadcrumbList","@id":"https:\/\/faravetrerie.it\/en\/shop-en\/beer\/calice-executive-02-l\/#breadcrumb","itemListElement":[{"@type":"ListItem","position":1,"name":"Home","item":"https:\/\/faravetrerie.it\/en\/"},{"@type":"ListItem","position":2,"name":"Shop","item":"https:\/\/faravetrerie.it\/en\/shop-en\/"},{"@type":"ListItem","position":3,"name":"CALICE EXECUTIVE 0.2 L"}]},{"@type":"WebSite","@id":"https:\/\/faravetrerie.it\/en\/#website","url":"https:\/\/faravetrerie.it\/en\/","name":"Fara Vetrerie e Cristallerie","description":"","publisher":{"@id":"https:\/\/faravetrerie.it\/en\/#organization"},"potentialAction":[{"@type":"SearchAction","target":{"@type":"EntryPoint","urlTemplate":"https:\/\/faravetrerie.it\/en\/?s={search_term_string}"},"query-input":{"@type":"PropertyValueSpecification","valueRequired":true,"valueName":"search_term_string"}}],"inLanguage":"en-US"},{"@type":"Organization","@id":"https:\/\/faravetrerie.it\/en\/#organization","name":"Fara Vetrerie e Cristallerie","url":"https:\/\/faravetrerie.it\/en\/","logo":{"@type":"ImageObject","inLanguage":"en-US","@id":"https:\/\/faravetrerie.it\/en\/#\/schema\/logo\/image\/","url":"https:\/\/faravetrerie.it\/wp-content\/uploads\/2025\/12\/logo-fara-bianco.png","contentUrl":"https:\/\/faravetrerie.it\/wp-content\/uploads\/2025\/12\/logo-fara-bianco.png","width":2038,"height":2942,"caption":"Fara Vetrerie e Cristallerie"},"image":{"@id":"https:\/\/faravetrerie.it\/en\/#\/schema\/logo\/image\/"}}]}},"_links":{"self":[{"href":"https:\/\/faravetrerie.it\/en\/wp-json\/wp\/v2\/product\/25434","targetHints":{"allow":["GET"]}}],"collection":[{"href":"https:\/\/faravetrerie.it\/en\/wp-json\/wp\/v2\/product"}],"about":[{"href":"https:\/\/faravetrerie.it\/en\/wp-json\/wp\/v2\/types\/product"}],"wp:featuredmedia":[{"embeddable":true,"href":"https:\/\/faravetrerie.it\/en\/wp-json\/wp\/v2\/media\/22651"}],"wp:attachment":[{"href":"https:\/\/faravetrerie.it\/en\/wp-json\/wp\/v2\/media?parent=25434"}],"wp:term":[{"taxonomy":"product_brand","embeddable":true,"href":"https:\/\/faravetrerie.it\/en\/wp-json\/wp\/v2\/product_brand?post=25434"},{"taxonomy":"product_cat","embeddable":true,"href":"https:\/\/faravetrerie.it\/en\/wp-json\/wp\/v2\/product_cat?post=25434"},{"taxonomy":"product_tag","embeddable":true,"href":"https:\/\/faravetrerie.it\/en\/wp-json\/wp\/v2\/product_tag?post=25434"}],"curies":[{"name":"wp","href":"https:\/\/api.w.org\/{rel}","templated":true}]}}