{"id":25451,"date":"2025-12-23T16:42:02","date_gmt":"2025-12-23T15:42:02","guid":{"rendered":"https:\/\/sviluppo.faravetrerie.it\/blog\/?post_type=product&#038;p=25451"},"modified":"2026-01-09T15:11:24","modified_gmt":"2026-01-09T14:11:24","slug":"bicchiere-conic-1-2-pinta","status":"publish","type":"product","link":"https:\/\/faravetrerie.it\/en\/shop-en\/beer\/bicchiere-conic-1-2-pinta\/","title":{"rendered":"BICCHIERE CONIC 1\/2 PINTA"},"content":{"rendered":"<h4 data-start=\"0\" data-end=\"106\"><strong data-start=\"0\" data-end=\"39\">Bicchiere Conic 1\/2 Pinta Americana &#8211; <\/strong>Versatilit\u00e0 e praticit\u00e0, lo standard dei pub di tutto il mondo<\/h4>\n<p data-start=\"0\" data-end=\"106\">Il <strong data-start=\"116\" data-end=\"158\">bicchiere Conic da 1\/2 pinta americana<\/strong> \u00e8 uno dei modelli pi\u00f9 versatili e utilizzati per il servizio della birra. Grazie al suo design semplice e funzionale, rappresenta una scelta indispensabile per pub, birrerie e locali professionali, dove efficienza e resistenza sono fondamentali.<\/p>\n<p data-start=\"406\" data-end=\"782\">La forma lineare e leggermente conica garantisce una presa comoda e sicura, facilitando il servizio sia al bancone che al tavolo. La struttura solida rende il bicchiere particolarmente adatto all\u2019uso intensivo, caratteristica che lo ha reso il pi\u00f9 diffuso nei pub di tutto il mondo. Inoltre, la forma permette una facile impilabilit\u00e0, ottimizzando gli spazi di stoccaggio.<\/p>\n<p data-start=\"784\" data-end=\"1061\">Il bicchiere Conic 1\/2 pinta americana \u00e8 ideale per servire un\u2019ampia variet\u00e0 di stili birrari, dalle lager alle ale, fino alle IPA e alle birre ambrate. La trasparenza del vetro valorizza il colore e la limpidezza della birra, offrendo una presentazione pulita e immediata.<\/p>\n<p data-start=\"1063\" data-end=\"1365\">Realizzato in vetro resistente, \u00e8 progettato per sostenere lavaggi frequenti e un utilizzo quotidiano nella ristorazione. La capacit\u00e0 di 1\/2 pinta americana lo rende perfetto per porzioni pi\u00f9 contenute, degustazioni o per chi desidera un servizio pratico e veloce senza rinunciare alla qualit\u00e0.<\/p>\n<p data-start=\"1367\" data-end=\"1573\" data-is-last-node=\"\" data-is-only-node=\"\">Robusto, funzionale e riconoscibile, il bicchiere Conic 1\/2 pinta americana \u00e8 una scelta affidabile e professionale, ideale per un servizio della birra efficiente e sempre all\u2019altezza delle aspettative.<\/p>\n","protected":false},"excerpt":{"rendered":"<p>Il bicchiere da mezza pinta americana \u00e8 il modello pi\u00f9 versatile per la birra. La forma lineare e solida lo rende il pi\u00f9 usato nei pub di tutto il mondo<\/p>\n<p>cl. 28<\/p>\n<p>fl.oz.\u00a0 9,47<\/p>\n<p>h. 116 mm.<\/p>\n<p>\u00d8 70 mm.<\/p>\n","protected":false},"featured_media":22732,"template":"","meta":{"inline_featured_image":false},"product_brand":[],"product_cat":[24],"product_tag":[1003,1299],"class_list":{"0":"post-25451","1":"product","2":"type-product","3":"status-publish","4":"has-post-thumbnail","6":"product_cat-birra","7":"product_tag-bicchiere-birra","8":"product_tag-bicchiere-birra-personalizzato","10":"first","11":"instock","12":"taxable","13":"shipping-taxable","14":"product-type-simple"},"yoast_head":"<!-- This site is optimized with the Yoast SEO plugin v26.6 - https:\/\/yoast.com\/wordpress\/plugins\/seo\/ -->\n<title>BICCHIERE CONIC 1\/2 PINTA - Fara Vetrerie e Cristallerie<\/title>\n<meta name=\"description\" content=\"Il bicchiere conic 12 pinta \u00e8 il modello pi\u00f9 versatile per la birra. La forma lineare e solida lo rende il pi\u00f9 usato nei pub di tutto il mondo\" \/>\n<meta name=\"robots\" content=\"index, follow, max-snippet:-1, max-image-preview:large, max-video-preview:-1\" \/>\n<link rel=\"canonical\" href=\"https:\/\/faravetrerie.it\/en\/shop-en\/beer\/bicchiere-conic-1-2-pinta\/\" \/>\n<meta property=\"og:locale\" content=\"en_US\" \/>\n<meta property=\"og:type\" content=\"article\" \/>\n<meta property=\"og:title\" content=\"BICCHIERE CONIC 1\/2 PINTA - Fara Vetrerie e Cristallerie\" \/>\n<meta property=\"og:description\" content=\"Il bicchiere conic 12 pinta \u00e8 il modello pi\u00f9 versatile per la birra. La forma lineare e solida lo rende il pi\u00f9 usato nei pub di tutto il mondo\" \/>\n<meta property=\"og:url\" content=\"https:\/\/faravetrerie.it\/en\/shop-en\/beer\/bicchiere-conic-1-2-pinta\/\" \/>\n<meta property=\"og:site_name\" content=\"Fara Vetrerie e Cristallerie\" \/>\n<meta property=\"article:modified_time\" content=\"2026-01-09T14:11:24+00:00\" \/>\n<meta property=\"og:image\" content=\"https:\/\/faravetrerie.it\/wp-content\/uploads\/2025\/12\/DLCON28_01-scaled-4.jpg\" \/>\n\t<meta property=\"og:image:width\" content=\"2226\" \/>\n\t<meta property=\"og:image:height\" content=\"2560\" \/>\n\t<meta property=\"og:image:type\" content=\"image\/jpeg\" \/>\n<meta name=\"twitter:card\" content=\"summary_large_image\" \/>\n<meta name=\"twitter:label1\" content=\"Est. reading time\" \/>\n\t<meta name=\"twitter:data1\" content=\"2 minutes\" \/>\n<script type=\"application\/ld+json\" class=\"yoast-schema-graph\">{\"@context\":\"https:\/\/schema.org\",\"@graph\":[{\"@type\":\"WebPage\",\"@id\":\"https:\/\/faravetrerie.it\/en\/shop-en\/beer\/bicchiere-conic-1-2-pinta\/\",\"url\":\"https:\/\/faravetrerie.it\/en\/shop-en\/beer\/bicchiere-conic-1-2-pinta\/\",\"name\":\"BICCHIERE CONIC 1\/2 PINTA - Fara Vetrerie e Cristallerie\",\"isPartOf\":{\"@id\":\"https:\/\/faravetrerie.it\/en\/#website\"},\"primaryImageOfPage\":{\"@id\":\"https:\/\/faravetrerie.it\/en\/shop-en\/beer\/bicchiere-conic-1-2-pinta\/#primaryimage\"},\"image\":{\"@id\":\"https:\/\/faravetrerie.it\/en\/shop-en\/beer\/bicchiere-conic-1-2-pinta\/#primaryimage\"},\"thumbnailUrl\":\"https:\/\/faravetrerie.it\/wp-content\/uploads\/2025\/12\/DLCON28_01-scaled-4.jpg\",\"datePublished\":\"2025-12-23T15:42:02+00:00\",\"dateModified\":\"2026-01-09T14:11:24+00:00\",\"description\":\"Il bicchiere conic 1\\\\2 pinta \u00e8 il modello pi\u00f9 versatile per la birra. La forma lineare e solida lo rende il pi\u00f9 usato nei pub di tutto il mondo\",\"breadcrumb\":{\"@id\":\"https:\/\/faravetrerie.it\/en\/shop-en\/beer\/bicchiere-conic-1-2-pinta\/#breadcrumb\"},\"inLanguage\":\"en-US\",\"potentialAction\":[{\"@type\":\"ReadAction\",\"target\":[\"https:\/\/faravetrerie.it\/en\/shop-en\/beer\/bicchiere-conic-1-2-pinta\/\"]}]},{\"@type\":\"ImageObject\",\"inLanguage\":\"en-US\",\"@id\":\"https:\/\/faravetrerie.it\/en\/shop-en\/beer\/bicchiere-conic-1-2-pinta\/#primaryimage\",\"url\":\"https:\/\/faravetrerie.it\/wp-content\/uploads\/2025\/12\/DLCON28_01-scaled-4.jpg\",\"contentUrl\":\"https:\/\/faravetrerie.it\/wp-content\/uploads\/2025\/12\/DLCON28_01-scaled-4.jpg\",\"width\":2226,\"height\":2560,\"caption\":\"bicchiere Conic da 1\/2 pinta americana\"},{\"@type\":\"BreadcrumbList\",\"@id\":\"https:\/\/faravetrerie.it\/en\/shop-en\/beer\/bicchiere-conic-1-2-pinta\/#breadcrumb\",\"itemListElement\":[{\"@type\":\"ListItem\",\"position\":1,\"name\":\"Home\",\"item\":\"https:\/\/faravetrerie.it\/en\/\"},{\"@type\":\"ListItem\",\"position\":2,\"name\":\"Shop\",\"item\":\"https:\/\/faravetrerie.it\/en\/shop-en\/\"},{\"@type\":\"ListItem\",\"position\":3,\"name\":\"BICCHIERE CONIC 1\/2 PINTA\"}]},{\"@type\":\"WebSite\",\"@id\":\"https:\/\/faravetrerie.it\/en\/#website\",\"url\":\"https:\/\/faravetrerie.it\/en\/\",\"name\":\"Fara Vetrerie e Cristallerie\",\"description\":\"\",\"publisher\":{\"@id\":\"https:\/\/faravetrerie.it\/en\/#organization\"},\"potentialAction\":[{\"@type\":\"SearchAction\",\"target\":{\"@type\":\"EntryPoint\",\"urlTemplate\":\"https:\/\/faravetrerie.it\/en\/?s={search_term_string}\"},\"query-input\":{\"@type\":\"PropertyValueSpecification\",\"valueRequired\":true,\"valueName\":\"search_term_string\"}}],\"inLanguage\":\"en-US\"},{\"@type\":\"Organization\",\"@id\":\"https:\/\/faravetrerie.it\/en\/#organization\",\"name\":\"Fara Vetrerie e Cristallerie\",\"url\":\"https:\/\/faravetrerie.it\/en\/\",\"logo\":{\"@type\":\"ImageObject\",\"inLanguage\":\"en-US\",\"@id\":\"https:\/\/faravetrerie.it\/en\/#\/schema\/logo\/image\/\",\"url\":\"https:\/\/faravetrerie.it\/wp-content\/uploads\/2025\/12\/logo-fara-bianco.png\",\"contentUrl\":\"https:\/\/faravetrerie.it\/wp-content\/uploads\/2025\/12\/logo-fara-bianco.png\",\"width\":2038,\"height\":2942,\"caption\":\"Fara Vetrerie e Cristallerie\"},\"image\":{\"@id\":\"https:\/\/faravetrerie.it\/en\/#\/schema\/logo\/image\/\"}}]}<\/script>\n<!-- \/ Yoast SEO plugin. -->","yoast_head_json":{"title":"BICCHIERE CONIC 1\/2 PINTA - Fara Vetrerie e Cristallerie","description":"Il bicchiere conic 12 pinta \u00e8 il modello pi\u00f9 versatile per la birra. La forma lineare e solida lo rende il pi\u00f9 usato nei pub di tutto il mondo","robots":{"index":"index","follow":"follow","max-snippet":"max-snippet:-1","max-image-preview":"max-image-preview:large","max-video-preview":"max-video-preview:-1"},"canonical":"https:\/\/faravetrerie.it\/en\/shop-en\/beer\/bicchiere-conic-1-2-pinta\/","og_locale":"en_US","og_type":"article","og_title":"BICCHIERE CONIC 1\/2 PINTA - Fara Vetrerie e Cristallerie","og_description":"Il bicchiere conic 12 pinta \u00e8 il modello pi\u00f9 versatile per la birra. La forma lineare e solida lo rende il pi\u00f9 usato nei pub di tutto il mondo","og_url":"https:\/\/faravetrerie.it\/en\/shop-en\/beer\/bicchiere-conic-1-2-pinta\/","og_site_name":"Fara Vetrerie e Cristallerie","article_modified_time":"2026-01-09T14:11:24+00:00","og_image":[{"width":2226,"height":2560,"url":"https:\/\/faravetrerie.it\/wp-content\/uploads\/2025\/12\/DLCON28_01-scaled-4.jpg","type":"image\/jpeg"}],"twitter_card":"summary_large_image","twitter_misc":{"Est. reading time":"2 minutes"},"schema":{"@context":"https:\/\/schema.org","@graph":[{"@type":"WebPage","@id":"https:\/\/faravetrerie.it\/en\/shop-en\/beer\/bicchiere-conic-1-2-pinta\/","url":"https:\/\/faravetrerie.it\/en\/shop-en\/beer\/bicchiere-conic-1-2-pinta\/","name":"BICCHIERE CONIC 1\/2 PINTA - Fara Vetrerie e Cristallerie","isPartOf":{"@id":"https:\/\/faravetrerie.it\/en\/#website"},"primaryImageOfPage":{"@id":"https:\/\/faravetrerie.it\/en\/shop-en\/beer\/bicchiere-conic-1-2-pinta\/#primaryimage"},"image":{"@id":"https:\/\/faravetrerie.it\/en\/shop-en\/beer\/bicchiere-conic-1-2-pinta\/#primaryimage"},"thumbnailUrl":"https:\/\/faravetrerie.it\/wp-content\/uploads\/2025\/12\/DLCON28_01-scaled-4.jpg","datePublished":"2025-12-23T15:42:02+00:00","dateModified":"2026-01-09T14:11:24+00:00","description":"Il bicchiere conic 1\\2 pinta \u00e8 il modello pi\u00f9 versatile per la birra. La forma lineare e solida lo rende il pi\u00f9 usato nei pub di tutto il mondo","breadcrumb":{"@id":"https:\/\/faravetrerie.it\/en\/shop-en\/beer\/bicchiere-conic-1-2-pinta\/#breadcrumb"},"inLanguage":"en-US","potentialAction":[{"@type":"ReadAction","target":["https:\/\/faravetrerie.it\/en\/shop-en\/beer\/bicchiere-conic-1-2-pinta\/"]}]},{"@type":"ImageObject","inLanguage":"en-US","@id":"https:\/\/faravetrerie.it\/en\/shop-en\/beer\/bicchiere-conic-1-2-pinta\/#primaryimage","url":"https:\/\/faravetrerie.it\/wp-content\/uploads\/2025\/12\/DLCON28_01-scaled-4.jpg","contentUrl":"https:\/\/faravetrerie.it\/wp-content\/uploads\/2025\/12\/DLCON28_01-scaled-4.jpg","width":2226,"height":2560,"caption":"bicchiere Conic da 1\/2 pinta americana"},{"@type":"BreadcrumbList","@id":"https:\/\/faravetrerie.it\/en\/shop-en\/beer\/bicchiere-conic-1-2-pinta\/#breadcrumb","itemListElement":[{"@type":"ListItem","position":1,"name":"Home","item":"https:\/\/faravetrerie.it\/en\/"},{"@type":"ListItem","position":2,"name":"Shop","item":"https:\/\/faravetrerie.it\/en\/shop-en\/"},{"@type":"ListItem","position":3,"name":"BICCHIERE CONIC 1\/2 PINTA"}]},{"@type":"WebSite","@id":"https:\/\/faravetrerie.it\/en\/#website","url":"https:\/\/faravetrerie.it\/en\/","name":"Fara Vetrerie e Cristallerie","description":"","publisher":{"@id":"https:\/\/faravetrerie.it\/en\/#organization"},"potentialAction":[{"@type":"SearchAction","target":{"@type":"EntryPoint","urlTemplate":"https:\/\/faravetrerie.it\/en\/?s={search_term_string}"},"query-input":{"@type":"PropertyValueSpecification","valueRequired":true,"valueName":"search_term_string"}}],"inLanguage":"en-US"},{"@type":"Organization","@id":"https:\/\/faravetrerie.it\/en\/#organization","name":"Fara Vetrerie e Cristallerie","url":"https:\/\/faravetrerie.it\/en\/","logo":{"@type":"ImageObject","inLanguage":"en-US","@id":"https:\/\/faravetrerie.it\/en\/#\/schema\/logo\/image\/","url":"https:\/\/faravetrerie.it\/wp-content\/uploads\/2025\/12\/logo-fara-bianco.png","contentUrl":"https:\/\/faravetrerie.it\/wp-content\/uploads\/2025\/12\/logo-fara-bianco.png","width":2038,"height":2942,"caption":"Fara Vetrerie e Cristallerie"},"image":{"@id":"https:\/\/faravetrerie.it\/en\/#\/schema\/logo\/image\/"}}]}},"_links":{"self":[{"href":"https:\/\/faravetrerie.it\/en\/wp-json\/wp\/v2\/product\/25451","targetHints":{"allow":["GET"]}}],"collection":[{"href":"https:\/\/faravetrerie.it\/en\/wp-json\/wp\/v2\/product"}],"about":[{"href":"https:\/\/faravetrerie.it\/en\/wp-json\/wp\/v2\/types\/product"}],"wp:featuredmedia":[{"embeddable":true,"href":"https:\/\/faravetrerie.it\/en\/wp-json\/wp\/v2\/media\/22732"}],"wp:attachment":[{"href":"https:\/\/faravetrerie.it\/en\/wp-json\/wp\/v2\/media?parent=25451"}],"wp:term":[{"taxonomy":"product_brand","embeddable":true,"href":"https:\/\/faravetrerie.it\/en\/wp-json\/wp\/v2\/product_brand?post=25451"},{"taxonomy":"product_cat","embeddable":true,"href":"https:\/\/faravetrerie.it\/en\/wp-json\/wp\/v2\/product_cat?post=25451"},{"taxonomy":"product_tag","embeddable":true,"href":"https:\/\/faravetrerie.it\/en\/wp-json\/wp\/v2\/product_tag?post=25451"}],"curies":[{"name":"wp","href":"https:\/\/api.w.org\/{rel}","templated":true}]}}