{"id":25454,"date":"2025-12-23T16:42:03","date_gmt":"2025-12-23T15:42:03","guid":{"rendered":"https:\/\/sviluppo.faravetrerie.it\/blog\/?post_type=product&#038;p=25454"},"modified":"2026-01-09T15:03:04","modified_gmt":"2026-01-09T14:03:04","slug":"bicchiere-conic-1-pinta","status":"publish","type":"product","link":"https:\/\/faravetrerie.it\/en\/shop-en\/beer\/bicchiere-conic-1-pinta\/","title":{"rendered":"BICCHIERE CONIC 1 PINTA"},"content":{"rendered":"<div class=\"flex flex-col text-sm pb-25\">\n<article class=\"text-token-text-primary w-full focus:outline-none [--shadow-height:45px] has-data-writing-block:pointer-events-none has-data-writing-block:-mt-(--shadow-height) has-data-writing-block:pt-(--shadow-height) [&amp;:has([data-writing-block])&gt;*]:pointer-events-auto scroll-mt-[calc(var(--header-height)+min(200px,max(70px,20svh)))]\" dir=\"auto\" data-turn-id=\"request-WEB:96f3a2bd-7d89-4934-bcf0-73ca610c268f-7\" data-testid=\"conversation-turn-16\" data-scroll-anchor=\"true\" data-turn=\"assistant\">\n<div class=\"text-base my-auto mx-auto pb-10 [--thread-content-margin:--spacing(4)] @w-sm\/main:[--thread-content-margin:--spacing(6)] @w-lg\/main:[--thread-content-margin:--spacing(16)] px-(--thread-content-margin)\">\n<div class=\"[--thread-content-max-width:40rem] @w-lg\/main:[--thread-content-max-width:48rem] mx-auto max-w-(--thread-content-max-width) flex-1 group\/turn-messages focus-visible:outline-hidden relative flex w-full min-w-0 flex-col agent-turn\">\n<div class=\"flex max-w-full flex-col grow\">\n<div class=\"min-h-8 text-message relative flex w-full flex-col items-end gap-2 text-start break-words whitespace-normal [.text-message+&amp;]:mt-1\" dir=\"auto\" data-message-author-role=\"assistant\" data-message-id=\"fec09713-4e9c-42d0-abff-ff53db28f6d7\" data-message-model-slug=\"gpt-5-2\">\n<div class=\"flex w-full flex-col gap-1 empty:hidden first:pt-[1px]\">\n<div class=\"markdown prose dark:prose-invert w-full break-words light markdown-new-styling\">\n<h4 data-start=\"0\" data-end=\"116\"><strong data-start=\"0\" data-end=\"37\">Bicchiere Conic 1 Pinta Americana &#8211; <\/strong>Il grande classico, versatile e intramontabile per il servizio della birra<\/h4>\n<p data-start=\"0\" data-end=\"116\">Il <strong data-start=\"126\" data-end=\"166\">bicchiere Conic da 1 pinta americana<\/strong> \u00e8 uno dei modelli pi\u00f9 diffusi e apprezzati per il servizio della birra. Grazie alla sua eccezionale versatilit\u00e0, rappresenta la scelta ideale per pub, birrerie e locali di ogni tipo, affermandosi come uno standard riconosciuto e utilizzato in tutto il mondo.<\/p>\n<p data-start=\"431\" data-end=\"799\">La forma lineare e leggermente conica \u00e8 studiata per garantire praticit\u00e0 e funzionalit\u00e0. Questo design consente una presa comoda e sicura, facilita l\u2019impilaggio e rende il bicchiere particolarmente adatto all\u2019uso intensivo dietro il bancone. La struttura solida contribuisce inoltre alla resistenza agli urti, aspetto fondamentale nella ristorazione professionale.<\/p>\n<p data-start=\"801\" data-end=\"1114\">Il bicchiere \u00e8 perfetto per servire un\u2019ampia variet\u00e0 di stili birrari: dalle lager alle ale, dalle IPA alle birre ambrate. La sua forma semplice valorizza la limpidezza e il colore della birra, offrendo una presentazione pulita e immediata, ideale per un servizio rapido ed efficiente.<\/p>\n<p data-start=\"1116\" data-end=\"1383\">Realizzato in vetro resistente e trasparente, \u00e8 progettato per un utilizzo quotidiano e continuativo. La capacit\u00e0 da 1 pinta americana lo rende adatto al servizio classico alla spina, rispondendo alle aspettative dei clienti abituati a questo formato iconico.<\/p>\n<p data-start=\"1385\" data-end=\"1604\" data-is-last-node=\"\" data-is-only-node=\"\">Pratico, robusto e riconoscibile, il bicchiere Conic 1 pinta americana \u00e8 una scelta indispensabile per chi cerca un prodotto affidabile, funzionale e perfettamente in linea con le esigenze dei pub di tutto il mondo.<\/p>\n<\/div>\n<\/div>\n<\/div>\n<\/div>\n<div class=\"z-0 flex min-h-[46px] justify-start\"><\/div>\n<\/div>\n<\/div>\n<\/article>\n<\/div>\n<div class=\"pointer-events-none h-px w-px absolute bottom-0\" aria-hidden=\"true\" data-edge=\"true\"><\/div>\n","protected":false},"excerpt":{"rendered":"<p>Il bicchiere conic 1 pinta americana \u00e8 il modello pi\u00f9 versatile per servire la birra. La sua forma lineare e solida lo rende il pi\u00f9 usato nei pub di tutto il mondo<\/p>\n<p>cl. 57<\/p>\n<p>fl.oz. 19,27<\/p>\n<p>h. 150 mm.<\/p>\n<p>\u00d8 90 mm.<\/p>\n<p>&nbsp;<\/p>\n","protected":false},"featured_media":22731,"template":"","meta":{"inline_featured_image":false},"product_brand":[],"product_cat":[24],"product_tag":[1003,1299],"class_list":{"0":"post-25454","1":"product","2":"type-product","3":"status-publish","4":"has-post-thumbnail","6":"product_cat-birra","7":"product_tag-bicchiere-birra","8":"product_tag-bicchiere-birra-personalizzato","10":"first","11":"instock","12":"taxable","13":"shipping-taxable","14":"product-type-simple"},"yoast_head":"<!-- This site is optimized with the Yoast SEO plugin v26.6 - https:\/\/yoast.com\/wordpress\/plugins\/seo\/ -->\n<title>BICCHIERE CONIC 1 PINTA - Fara Vetrerie e Cristallerie<\/title>\n<meta name=\"description\" content=\"Il bicchiere conic 1 pinta \u00e8 il modello pi\u00f9 versatile per servire la birra. La sua forma lineare e solida lo rende il pi\u00f9 usato nei pub di tutto il mondo\" \/>\n<meta name=\"robots\" content=\"index, follow, max-snippet:-1, max-image-preview:large, max-video-preview:-1\" \/>\n<link rel=\"canonical\" href=\"https:\/\/faravetrerie.it\/en\/shop-en\/beer\/bicchiere-conic-1-pinta\/\" \/>\n<meta property=\"og:locale\" content=\"en_US\" \/>\n<meta property=\"og:type\" content=\"article\" \/>\n<meta property=\"og:title\" content=\"BICCHIERE CONIC 1 PINTA - Fara Vetrerie e Cristallerie\" \/>\n<meta property=\"og:description\" content=\"Il bicchiere conic 1 pinta \u00e8 il modello pi\u00f9 versatile per servire la birra. La sua forma lineare e solida lo rende il pi\u00f9 usato nei pub di tutto il mondo\" \/>\n<meta property=\"og:url\" content=\"https:\/\/faravetrerie.it\/en\/shop-en\/beer\/bicchiere-conic-1-pinta\/\" \/>\n<meta property=\"og:site_name\" content=\"Fara Vetrerie e Cristallerie\" \/>\n<meta property=\"article:modified_time\" content=\"2026-01-09T14:03:04+00:00\" \/>\n<meta property=\"og:image\" content=\"https:\/\/faravetrerie.it\/wp-content\/uploads\/2025\/12\/DLCON57_01-3.jpg\" \/>\n\t<meta property=\"og:image:width\" content=\"1593\" \/>\n\t<meta property=\"og:image:height\" content=\"1852\" \/>\n\t<meta property=\"og:image:type\" content=\"image\/jpeg\" \/>\n<meta name=\"twitter:card\" content=\"summary_large_image\" \/>\n<meta name=\"twitter:label1\" content=\"Est. reading time\" \/>\n\t<meta name=\"twitter:data1\" content=\"2 minutes\" \/>\n<script type=\"application\/ld+json\" class=\"yoast-schema-graph\">{\"@context\":\"https:\/\/schema.org\",\"@graph\":[{\"@type\":\"WebPage\",\"@id\":\"https:\/\/faravetrerie.it\/en\/shop-en\/beer\/bicchiere-conic-1-pinta\/\",\"url\":\"https:\/\/faravetrerie.it\/en\/shop-en\/beer\/bicchiere-conic-1-pinta\/\",\"name\":\"BICCHIERE CONIC 1 PINTA - Fara Vetrerie e Cristallerie\",\"isPartOf\":{\"@id\":\"https:\/\/faravetrerie.it\/en\/#website\"},\"primaryImageOfPage\":{\"@id\":\"https:\/\/faravetrerie.it\/en\/shop-en\/beer\/bicchiere-conic-1-pinta\/#primaryimage\"},\"image\":{\"@id\":\"https:\/\/faravetrerie.it\/en\/shop-en\/beer\/bicchiere-conic-1-pinta\/#primaryimage\"},\"thumbnailUrl\":\"https:\/\/faravetrerie.it\/wp-content\/uploads\/2025\/12\/DLCON57_01-3.jpg\",\"datePublished\":\"2025-12-23T15:42:03+00:00\",\"dateModified\":\"2026-01-09T14:03:04+00:00\",\"description\":\"Il bicchiere conic 1 pinta \u00e8 il modello pi\u00f9 versatile per servire la birra. La sua forma lineare e solida lo rende il pi\u00f9 usato nei pub di tutto il mondo\",\"breadcrumb\":{\"@id\":\"https:\/\/faravetrerie.it\/en\/shop-en\/beer\/bicchiere-conic-1-pinta\/#breadcrumb\"},\"inLanguage\":\"en-US\",\"potentialAction\":[{\"@type\":\"ReadAction\",\"target\":[\"https:\/\/faravetrerie.it\/en\/shop-en\/beer\/bicchiere-conic-1-pinta\/\"]}]},{\"@type\":\"ImageObject\",\"inLanguage\":\"en-US\",\"@id\":\"https:\/\/faravetrerie.it\/en\/shop-en\/beer\/bicchiere-conic-1-pinta\/#primaryimage\",\"url\":\"https:\/\/faravetrerie.it\/wp-content\/uploads\/2025\/12\/DLCON57_01-3.jpg\",\"contentUrl\":\"https:\/\/faravetrerie.it\/wp-content\/uploads\/2025\/12\/DLCON57_01-3.jpg\",\"width\":1593,\"height\":1852,\"caption\":\"bicchiere Conic da 1 pinta americana\"},{\"@type\":\"BreadcrumbList\",\"@id\":\"https:\/\/faravetrerie.it\/en\/shop-en\/beer\/bicchiere-conic-1-pinta\/#breadcrumb\",\"itemListElement\":[{\"@type\":\"ListItem\",\"position\":1,\"name\":\"Home\",\"item\":\"https:\/\/faravetrerie.it\/en\/\"},{\"@type\":\"ListItem\",\"position\":2,\"name\":\"Shop\",\"item\":\"https:\/\/faravetrerie.it\/en\/shop-en\/\"},{\"@type\":\"ListItem\",\"position\":3,\"name\":\"BICCHIERE CONIC 1 PINTA\"}]},{\"@type\":\"WebSite\",\"@id\":\"https:\/\/faravetrerie.it\/en\/#website\",\"url\":\"https:\/\/faravetrerie.it\/en\/\",\"name\":\"Fara Vetrerie e Cristallerie\",\"description\":\"\",\"publisher\":{\"@id\":\"https:\/\/faravetrerie.it\/en\/#organization\"},\"potentialAction\":[{\"@type\":\"SearchAction\",\"target\":{\"@type\":\"EntryPoint\",\"urlTemplate\":\"https:\/\/faravetrerie.it\/en\/?s={search_term_string}\"},\"query-input\":{\"@type\":\"PropertyValueSpecification\",\"valueRequired\":true,\"valueName\":\"search_term_string\"}}],\"inLanguage\":\"en-US\"},{\"@type\":\"Organization\",\"@id\":\"https:\/\/faravetrerie.it\/en\/#organization\",\"name\":\"Fara Vetrerie e Cristallerie\",\"url\":\"https:\/\/faravetrerie.it\/en\/\",\"logo\":{\"@type\":\"ImageObject\",\"inLanguage\":\"en-US\",\"@id\":\"https:\/\/faravetrerie.it\/en\/#\/schema\/logo\/image\/\",\"url\":\"https:\/\/faravetrerie.it\/wp-content\/uploads\/2025\/12\/logo-fara-bianco.png\",\"contentUrl\":\"https:\/\/faravetrerie.it\/wp-content\/uploads\/2025\/12\/logo-fara-bianco.png\",\"width\":2038,\"height\":2942,\"caption\":\"Fara Vetrerie e Cristallerie\"},\"image\":{\"@id\":\"https:\/\/faravetrerie.it\/en\/#\/schema\/logo\/image\/\"}}]}<\/script>\n<!-- \/ Yoast SEO plugin. -->","yoast_head_json":{"title":"BICCHIERE CONIC 1 PINTA - Fara Vetrerie e Cristallerie","description":"Il bicchiere conic 1 pinta \u00e8 il modello pi\u00f9 versatile per servire la birra. La sua forma lineare e solida lo rende il pi\u00f9 usato nei pub di tutto il mondo","robots":{"index":"index","follow":"follow","max-snippet":"max-snippet:-1","max-image-preview":"max-image-preview:large","max-video-preview":"max-video-preview:-1"},"canonical":"https:\/\/faravetrerie.it\/en\/shop-en\/beer\/bicchiere-conic-1-pinta\/","og_locale":"en_US","og_type":"article","og_title":"BICCHIERE CONIC 1 PINTA - Fara Vetrerie e Cristallerie","og_description":"Il bicchiere conic 1 pinta \u00e8 il modello pi\u00f9 versatile per servire la birra. La sua forma lineare e solida lo rende il pi\u00f9 usato nei pub di tutto il mondo","og_url":"https:\/\/faravetrerie.it\/en\/shop-en\/beer\/bicchiere-conic-1-pinta\/","og_site_name":"Fara Vetrerie e Cristallerie","article_modified_time":"2026-01-09T14:03:04+00:00","og_image":[{"width":1593,"height":1852,"url":"https:\/\/faravetrerie.it\/wp-content\/uploads\/2025\/12\/DLCON57_01-3.jpg","type":"image\/jpeg"}],"twitter_card":"summary_large_image","twitter_misc":{"Est. reading time":"2 minutes"},"schema":{"@context":"https:\/\/schema.org","@graph":[{"@type":"WebPage","@id":"https:\/\/faravetrerie.it\/en\/shop-en\/beer\/bicchiere-conic-1-pinta\/","url":"https:\/\/faravetrerie.it\/en\/shop-en\/beer\/bicchiere-conic-1-pinta\/","name":"BICCHIERE CONIC 1 PINTA - Fara Vetrerie e Cristallerie","isPartOf":{"@id":"https:\/\/faravetrerie.it\/en\/#website"},"primaryImageOfPage":{"@id":"https:\/\/faravetrerie.it\/en\/shop-en\/beer\/bicchiere-conic-1-pinta\/#primaryimage"},"image":{"@id":"https:\/\/faravetrerie.it\/en\/shop-en\/beer\/bicchiere-conic-1-pinta\/#primaryimage"},"thumbnailUrl":"https:\/\/faravetrerie.it\/wp-content\/uploads\/2025\/12\/DLCON57_01-3.jpg","datePublished":"2025-12-23T15:42:03+00:00","dateModified":"2026-01-09T14:03:04+00:00","description":"Il bicchiere conic 1 pinta \u00e8 il modello pi\u00f9 versatile per servire la birra. La sua forma lineare e solida lo rende il pi\u00f9 usato nei pub di tutto il mondo","breadcrumb":{"@id":"https:\/\/faravetrerie.it\/en\/shop-en\/beer\/bicchiere-conic-1-pinta\/#breadcrumb"},"inLanguage":"en-US","potentialAction":[{"@type":"ReadAction","target":["https:\/\/faravetrerie.it\/en\/shop-en\/beer\/bicchiere-conic-1-pinta\/"]}]},{"@type":"ImageObject","inLanguage":"en-US","@id":"https:\/\/faravetrerie.it\/en\/shop-en\/beer\/bicchiere-conic-1-pinta\/#primaryimage","url":"https:\/\/faravetrerie.it\/wp-content\/uploads\/2025\/12\/DLCON57_01-3.jpg","contentUrl":"https:\/\/faravetrerie.it\/wp-content\/uploads\/2025\/12\/DLCON57_01-3.jpg","width":1593,"height":1852,"caption":"bicchiere Conic da 1 pinta americana"},{"@type":"BreadcrumbList","@id":"https:\/\/faravetrerie.it\/en\/shop-en\/beer\/bicchiere-conic-1-pinta\/#breadcrumb","itemListElement":[{"@type":"ListItem","position":1,"name":"Home","item":"https:\/\/faravetrerie.it\/en\/"},{"@type":"ListItem","position":2,"name":"Shop","item":"https:\/\/faravetrerie.it\/en\/shop-en\/"},{"@type":"ListItem","position":3,"name":"BICCHIERE CONIC 1 PINTA"}]},{"@type":"WebSite","@id":"https:\/\/faravetrerie.it\/en\/#website","url":"https:\/\/faravetrerie.it\/en\/","name":"Fara Vetrerie e Cristallerie","description":"","publisher":{"@id":"https:\/\/faravetrerie.it\/en\/#organization"},"potentialAction":[{"@type":"SearchAction","target":{"@type":"EntryPoint","urlTemplate":"https:\/\/faravetrerie.it\/en\/?s={search_term_string}"},"query-input":{"@type":"PropertyValueSpecification","valueRequired":true,"valueName":"search_term_string"}}],"inLanguage":"en-US"},{"@type":"Organization","@id":"https:\/\/faravetrerie.it\/en\/#organization","name":"Fara Vetrerie e Cristallerie","url":"https:\/\/faravetrerie.it\/en\/","logo":{"@type":"ImageObject","inLanguage":"en-US","@id":"https:\/\/faravetrerie.it\/en\/#\/schema\/logo\/image\/","url":"https:\/\/faravetrerie.it\/wp-content\/uploads\/2025\/12\/logo-fara-bianco.png","contentUrl":"https:\/\/faravetrerie.it\/wp-content\/uploads\/2025\/12\/logo-fara-bianco.png","width":2038,"height":2942,"caption":"Fara Vetrerie e Cristallerie"},"image":{"@id":"https:\/\/faravetrerie.it\/en\/#\/schema\/logo\/image\/"}}]}},"_links":{"self":[{"href":"https:\/\/faravetrerie.it\/en\/wp-json\/wp\/v2\/product\/25454","targetHints":{"allow":["GET"]}}],"collection":[{"href":"https:\/\/faravetrerie.it\/en\/wp-json\/wp\/v2\/product"}],"about":[{"href":"https:\/\/faravetrerie.it\/en\/wp-json\/wp\/v2\/types\/product"}],"wp:featuredmedia":[{"embeddable":true,"href":"https:\/\/faravetrerie.it\/en\/wp-json\/wp\/v2\/media\/22731"}],"wp:attachment":[{"href":"https:\/\/faravetrerie.it\/en\/wp-json\/wp\/v2\/media?parent=25454"}],"wp:term":[{"taxonomy":"product_brand","embeddable":true,"href":"https:\/\/faravetrerie.it\/en\/wp-json\/wp\/v2\/product_brand?post=25454"},{"taxonomy":"product_cat","embeddable":true,"href":"https:\/\/faravetrerie.it\/en\/wp-json\/wp\/v2\/product_cat?post=25454"},{"taxonomy":"product_tag","embeddable":true,"href":"https:\/\/faravetrerie.it\/en\/wp-json\/wp\/v2\/product_tag?post=25454"}],"curies":[{"name":"wp","href":"https:\/\/api.w.org\/{rel}","templated":true}]}}