{"id":25459,"date":"2025-12-23T16:42:03","date_gmt":"2025-12-23T15:42:03","guid":{"rendered":"https:\/\/sviluppo.faravetrerie.it\/blog\/?post_type=product&#038;p=25459"},"modified":"2026-01-30T11:20:48","modified_gmt":"2026-01-30T10:20:48","slug":"bicchiere-conil-28-cl","status":"publish","type":"product","link":"https:\/\/faravetrerie.it\/en\/shop-en\/beer\/bicchiere-conil-28-cl\/","title":{"rendered":"BICCHIERE CONIL 28 CL"},"content":{"rendered":"<h4 data-start=\"0\" data-end=\"76\"><strong data-start=\"0\" data-end=\"76\">Bicchiere Conil 28 cl : Tradizione Americana e Versatilit\u00e0 per la Tua Birra<\/strong><\/h4>\n<p data-start=\"78\" data-end=\"494\">Il <strong data-start=\"81\" data-end=\"104\">bicchiere conil 28 cl\u00a0<\/strong> \u00e8 un classico della tradizione americana, conosciuto per la sua forma distintiva e per l&#8217;uso che se ne fa nei <strong data-start=\"215\" data-end=\"240\">birrifici artigianali<\/strong> di tutto il mondo. Grazie alla sua versatilit\u00e0 e alla grande superficie personalizzabile, questo bicchiere \u00e8 la scelta ideale per chi cerca un oggetto pratico e di qualit\u00e0 per servire la propria birra, mantenendo un tocco di autenticit\u00e0 e stile.<\/p>\n<h5 data-start=\"496\" data-end=\"533\"><strong data-start=\"496\" data-end=\"533\">Perfetto per la Birra Artigianale<\/strong><\/h5>\n<p data-start=\"535\" data-end=\"984\">In particolare, il bicchiere conico 28 nella <strong data-start=\"580\" data-end=\"607\">versione da mezza pinta<\/strong> \u00e8 l&#8217;ideale per servire <strong data-start=\"631\" data-end=\"650\">0,25 L di birra<\/strong>. Grazie alla sua forma, che permette una migliore distribuzione degli aromi, il bicchiere esalta le caratteristiche della birra artigianale, facendola apprezzare al meglio. Questo bicchiere \u00e8 perfetto per ogni tipo di birra, dalle pi\u00f9 leggere alle pi\u00f9 corpose, e diventa il compagno ideale per un\u2019esperienza di degustazione completa.<\/p>\n<h5 data-start=\"986\" data-end=\"1037\"><strong data-start=\"986\" data-end=\"1037\">Superficie Personalizzabile e Certificazione CE<\/strong><\/h5>\n<p data-start=\"1039\" data-end=\"1348\">Una delle caratteristiche che rende il bicchiere conico 28 particolarmente apprezzato \u00e8 la sua <strong data-start=\"1134\" data-end=\"1172\">grande superficie personalizzabile<\/strong>. Che tu voglia aggiungere il logo del tuo birrificio o una grafica originale, questo bicchiere offre ampie possibilit\u00e0 per rappresentare al meglio la tua marca o il tuo stile.<\/p>\n<p data-start=\"1350\" data-end=\"1733\">Inoltre, la versione con <strong data-start=\"1375\" data-end=\"1422\">tacca di grammatura certificata CE a 0,25 L<\/strong> garantisce un servizio preciso e conforme agli standard di qualit\u00e0, ideale per chi cerca un prodotto professionale per la propria attivit\u00e0. La tacca di grammatura certificata \u00e8 utile per assicurare che ogni birra servita abbia la giusta quantit\u00e0, permettendo una misurazione accurata e conforme alle normative.<\/p>\n<h5 data-start=\"1735\" data-end=\"1778\"><strong data-start=\"1735\" data-end=\"1778\">Un Bicchiere Dallo Stile Inconfondibile<\/strong><\/h5>\n<p data-start=\"1780\" data-end=\"2152\">Il bicchiere conico 28 \u00e8 perfetto per bar, birrerie e locali che servono birra artigianale. Con il suo design semplice ma elegante, \u00e8 adatto a qualsiasi ambiente, dal pi\u00f9 rustico al pi\u00f9 moderno, e diventa un elemento distintivo nella presentazione della birra. Inoltre, la sua robustezza e durata lo rendono ideale anche per un uso intensivo in contesti professionali.<\/p>\n<p data-start=\"2154\" data-end=\"2339\">Scegli il <strong data-start=\"2164\" data-end=\"2187\">bicchiere conil 28<\/strong> cl per un&#8217;esperienza di servizio della birra di qualit\u00e0, praticit\u00e0 e stile. Un prodotto versatile che unisce tradizione, funzionalit\u00e0 e personalizzazione.<\/p>\n","protected":false},"excerpt":{"rendered":"<p>Il bicchiere conico di tradizione americana \u00e8 il pi\u00f9 usato nei birrifici artigianali di tutto il mondo. Versatile e con grande superficie personalizzabile, nella versione da mezza pinta \u00e8 perfetto per il servizio di 0,25 L di birra.<\/p>\n<p><em><strong>Disponibile con tacca di grammatura certificata CE a 0,25 L<\/strong><\/em><\/p>\n<p>cl. 28<\/p>\n<p>fl.oz. 9,47<\/p>\n<p>h. 119 mm.<\/p>\n<p>\u00d8 74 mm.<\/p>\n<p><a href=\"https:\/\/www.faravetrerie.it\/contatti\/\"><strong>CONTATTACI PER ACQUISTARLO O PERSONALIZZARLO<\/strong><\/a><\/p>\n<p>&nbsp;<\/p>\n","protected":false},"featured_media":15104,"template":"","meta":{"inline_featured_image":false},"product_brand":[],"product_cat":[24],"product_tag":[910,911,913,912],"class_list":{"0":"post-25459","1":"product","2":"type-product","3":"status-publish","4":"has-post-thumbnail","6":"product_cat-birra","7":"product_tag-bicchieri-birra","8":"product_tag-birra","9":"product_tag-tacca-ce","10":"product_tag-tacca-certificata","12":"first","13":"instock","14":"taxable","15":"shipping-taxable","16":"product-type-simple"},"yoast_head":"<!-- This site is optimized with the Yoast SEO plugin v26.6 - https:\/\/yoast.com\/wordpress\/plugins\/seo\/ -->\n<title>BICCHIERE CONIL 28 CL - Fara Vetrerie e Cristallerie<\/title>\n<meta name=\"description\" content=\"bicchiere conil 28 cl di tradizione americana \u00e8 il pi\u00f9 usato nei birrifici artigianali. Versatile e con grande superficie personalizzabile.\" \/>\n<meta name=\"robots\" content=\"index, follow, max-snippet:-1, max-image-preview:large, max-video-preview:-1\" \/>\n<link rel=\"canonical\" href=\"https:\/\/faravetrerie.it\/en\/shop-en\/beer\/bicchiere-conil-28-cl\/\" \/>\n<meta property=\"og:locale\" content=\"en_US\" \/>\n<meta property=\"og:type\" content=\"article\" \/>\n<meta property=\"og:title\" content=\"BICCHIERE CONIL 28 CL - Fara Vetrerie e Cristallerie\" \/>\n<meta property=\"og:description\" content=\"bicchiere conil 28 cl di tradizione americana \u00e8 il pi\u00f9 usato nei birrifici artigianali. Versatile e con grande superficie personalizzabile.\" \/>\n<meta property=\"og:url\" content=\"https:\/\/faravetrerie.it\/en\/shop-en\/beer\/bicchiere-conil-28-cl\/\" \/>\n<meta property=\"og:site_name\" content=\"Fara Vetrerie e Cristallerie\" \/>\n<meta property=\"article:modified_time\" content=\"2026-01-30T10:20:48+00:00\" \/>\n<meta property=\"og:image\" content=\"https:\/\/faravetrerie.it\/wp-content\/uploads\/2025\/12\/VDCONIL28-e1759393046616.jpg\" \/>\n\t<meta property=\"og:image:width\" content=\"760\" \/>\n\t<meta property=\"og:image:height\" content=\"882\" \/>\n\t<meta property=\"og:image:type\" content=\"image\/jpeg\" \/>\n<meta name=\"twitter:card\" content=\"summary_large_image\" \/>\n<meta name=\"twitter:label1\" content=\"Est. reading time\" \/>\n\t<meta name=\"twitter:data1\" content=\"3 minutes\" \/>\n<script type=\"application\/ld+json\" class=\"yoast-schema-graph\">{\"@context\":\"https:\/\/schema.org\",\"@graph\":[{\"@type\":\"WebPage\",\"@id\":\"https:\/\/faravetrerie.it\/en\/shop-en\/beer\/bicchiere-conil-28-cl\/\",\"url\":\"https:\/\/faravetrerie.it\/en\/shop-en\/beer\/bicchiere-conil-28-cl\/\",\"name\":\"BICCHIERE CONIL 28 CL - Fara Vetrerie e Cristallerie\",\"isPartOf\":{\"@id\":\"https:\/\/faravetrerie.it\/en\/#website\"},\"primaryImageOfPage\":{\"@id\":\"https:\/\/faravetrerie.it\/en\/shop-en\/beer\/bicchiere-conil-28-cl\/#primaryimage\"},\"image\":{\"@id\":\"https:\/\/faravetrerie.it\/en\/shop-en\/beer\/bicchiere-conil-28-cl\/#primaryimage\"},\"thumbnailUrl\":\"https:\/\/faravetrerie.it\/wp-content\/uploads\/2025\/12\/VDCONIL28-e1759393046616.jpg\",\"datePublished\":\"2025-12-23T15:42:03+00:00\",\"dateModified\":\"2026-01-30T10:20:48+00:00\",\"description\":\"bicchiere conil 28 cl di tradizione americana \u00e8 il pi\u00f9 usato nei birrifici artigianali. Versatile e con grande superficie personalizzabile.\",\"breadcrumb\":{\"@id\":\"https:\/\/faravetrerie.it\/en\/shop-en\/beer\/bicchiere-conil-28-cl\/#breadcrumb\"},\"inLanguage\":\"en-US\",\"potentialAction\":[{\"@type\":\"ReadAction\",\"target\":[\"https:\/\/faravetrerie.it\/en\/shop-en\/beer\/bicchiere-conil-28-cl\/\"]}]},{\"@type\":\"ImageObject\",\"inLanguage\":\"en-US\",\"@id\":\"https:\/\/faravetrerie.it\/en\/shop-en\/beer\/bicchiere-conil-28-cl\/#primaryimage\",\"url\":\"https:\/\/faravetrerie.it\/wp-content\/uploads\/2025\/12\/VDCONIL28-e1759393046616.jpg\",\"contentUrl\":\"https:\/\/faravetrerie.it\/wp-content\/uploads\/2025\/12\/VDCONIL28-e1759393046616.jpg\",\"width\":760,\"height\":882,\"caption\":\"CONIL GLASS 42 CL\"},{\"@type\":\"BreadcrumbList\",\"@id\":\"https:\/\/faravetrerie.it\/en\/shop-en\/beer\/bicchiere-conil-28-cl\/#breadcrumb\",\"itemListElement\":[{\"@type\":\"ListItem\",\"position\":1,\"name\":\"Home\",\"item\":\"https:\/\/faravetrerie.it\/en\/\"},{\"@type\":\"ListItem\",\"position\":2,\"name\":\"Shop\",\"item\":\"https:\/\/faravetrerie.it\/en\/shop-en\/\"},{\"@type\":\"ListItem\",\"position\":3,\"name\":\"BICCHIERE CONIL 28 CL\"}]},{\"@type\":\"WebSite\",\"@id\":\"https:\/\/faravetrerie.it\/en\/#website\",\"url\":\"https:\/\/faravetrerie.it\/en\/\",\"name\":\"Fara Vetrerie e Cristallerie\",\"description\":\"\",\"publisher\":{\"@id\":\"https:\/\/faravetrerie.it\/en\/#organization\"},\"potentialAction\":[{\"@type\":\"SearchAction\",\"target\":{\"@type\":\"EntryPoint\",\"urlTemplate\":\"https:\/\/faravetrerie.it\/en\/?s={search_term_string}\"},\"query-input\":{\"@type\":\"PropertyValueSpecification\",\"valueRequired\":true,\"valueName\":\"search_term_string\"}}],\"inLanguage\":\"en-US\"},{\"@type\":\"Organization\",\"@id\":\"https:\/\/faravetrerie.it\/en\/#organization\",\"name\":\"Fara Vetrerie e Cristallerie\",\"url\":\"https:\/\/faravetrerie.it\/en\/\",\"logo\":{\"@type\":\"ImageObject\",\"inLanguage\":\"en-US\",\"@id\":\"https:\/\/faravetrerie.it\/en\/#\/schema\/logo\/image\/\",\"url\":\"https:\/\/faravetrerie.it\/wp-content\/uploads\/2025\/12\/logo-fara-bianco.png\",\"contentUrl\":\"https:\/\/faravetrerie.it\/wp-content\/uploads\/2025\/12\/logo-fara-bianco.png\",\"width\":2038,\"height\":2942,\"caption\":\"Fara Vetrerie e Cristallerie\"},\"image\":{\"@id\":\"https:\/\/faravetrerie.it\/en\/#\/schema\/logo\/image\/\"}}]}<\/script>\n<!-- \/ Yoast SEO plugin. -->","yoast_head_json":{"title":"BICCHIERE CONIL 28 CL - Fara Vetrerie e Cristallerie","description":"bicchiere conil 28 cl di tradizione americana \u00e8 il pi\u00f9 usato nei birrifici artigianali. Versatile e con grande superficie personalizzabile.","robots":{"index":"index","follow":"follow","max-snippet":"max-snippet:-1","max-image-preview":"max-image-preview:large","max-video-preview":"max-video-preview:-1"},"canonical":"https:\/\/faravetrerie.it\/en\/shop-en\/beer\/bicchiere-conil-28-cl\/","og_locale":"en_US","og_type":"article","og_title":"BICCHIERE CONIL 28 CL - Fara Vetrerie e Cristallerie","og_description":"bicchiere conil 28 cl di tradizione americana \u00e8 il pi\u00f9 usato nei birrifici artigianali. Versatile e con grande superficie personalizzabile.","og_url":"https:\/\/faravetrerie.it\/en\/shop-en\/beer\/bicchiere-conil-28-cl\/","og_site_name":"Fara Vetrerie e Cristallerie","article_modified_time":"2026-01-30T10:20:48+00:00","og_image":[{"width":760,"height":882,"url":"https:\/\/faravetrerie.it\/wp-content\/uploads\/2025\/12\/VDCONIL28-e1759393046616.jpg","type":"image\/jpeg"}],"twitter_card":"summary_large_image","twitter_misc":{"Est. reading time":"3 minutes"},"schema":{"@context":"https:\/\/schema.org","@graph":[{"@type":"WebPage","@id":"https:\/\/faravetrerie.it\/en\/shop-en\/beer\/bicchiere-conil-28-cl\/","url":"https:\/\/faravetrerie.it\/en\/shop-en\/beer\/bicchiere-conil-28-cl\/","name":"BICCHIERE CONIL 28 CL - Fara Vetrerie e Cristallerie","isPartOf":{"@id":"https:\/\/faravetrerie.it\/en\/#website"},"primaryImageOfPage":{"@id":"https:\/\/faravetrerie.it\/en\/shop-en\/beer\/bicchiere-conil-28-cl\/#primaryimage"},"image":{"@id":"https:\/\/faravetrerie.it\/en\/shop-en\/beer\/bicchiere-conil-28-cl\/#primaryimage"},"thumbnailUrl":"https:\/\/faravetrerie.it\/wp-content\/uploads\/2025\/12\/VDCONIL28-e1759393046616.jpg","datePublished":"2025-12-23T15:42:03+00:00","dateModified":"2026-01-30T10:20:48+00:00","description":"bicchiere conil 28 cl di tradizione americana \u00e8 il pi\u00f9 usato nei birrifici artigianali. Versatile e con grande superficie personalizzabile.","breadcrumb":{"@id":"https:\/\/faravetrerie.it\/en\/shop-en\/beer\/bicchiere-conil-28-cl\/#breadcrumb"},"inLanguage":"en-US","potentialAction":[{"@type":"ReadAction","target":["https:\/\/faravetrerie.it\/en\/shop-en\/beer\/bicchiere-conil-28-cl\/"]}]},{"@type":"ImageObject","inLanguage":"en-US","@id":"https:\/\/faravetrerie.it\/en\/shop-en\/beer\/bicchiere-conil-28-cl\/#primaryimage","url":"https:\/\/faravetrerie.it\/wp-content\/uploads\/2025\/12\/VDCONIL28-e1759393046616.jpg","contentUrl":"https:\/\/faravetrerie.it\/wp-content\/uploads\/2025\/12\/VDCONIL28-e1759393046616.jpg","width":760,"height":882,"caption":"CONIL GLASS 42 CL"},{"@type":"BreadcrumbList","@id":"https:\/\/faravetrerie.it\/en\/shop-en\/beer\/bicchiere-conil-28-cl\/#breadcrumb","itemListElement":[{"@type":"ListItem","position":1,"name":"Home","item":"https:\/\/faravetrerie.it\/en\/"},{"@type":"ListItem","position":2,"name":"Shop","item":"https:\/\/faravetrerie.it\/en\/shop-en\/"},{"@type":"ListItem","position":3,"name":"BICCHIERE CONIL 28 CL"}]},{"@type":"WebSite","@id":"https:\/\/faravetrerie.it\/en\/#website","url":"https:\/\/faravetrerie.it\/en\/","name":"Fara Vetrerie e Cristallerie","description":"","publisher":{"@id":"https:\/\/faravetrerie.it\/en\/#organization"},"potentialAction":[{"@type":"SearchAction","target":{"@type":"EntryPoint","urlTemplate":"https:\/\/faravetrerie.it\/en\/?s={search_term_string}"},"query-input":{"@type":"PropertyValueSpecification","valueRequired":true,"valueName":"search_term_string"}}],"inLanguage":"en-US"},{"@type":"Organization","@id":"https:\/\/faravetrerie.it\/en\/#organization","name":"Fara Vetrerie e Cristallerie","url":"https:\/\/faravetrerie.it\/en\/","logo":{"@type":"ImageObject","inLanguage":"en-US","@id":"https:\/\/faravetrerie.it\/en\/#\/schema\/logo\/image\/","url":"https:\/\/faravetrerie.it\/wp-content\/uploads\/2025\/12\/logo-fara-bianco.png","contentUrl":"https:\/\/faravetrerie.it\/wp-content\/uploads\/2025\/12\/logo-fara-bianco.png","width":2038,"height":2942,"caption":"Fara Vetrerie e Cristallerie"},"image":{"@id":"https:\/\/faravetrerie.it\/en\/#\/schema\/logo\/image\/"}}]}},"_links":{"self":[{"href":"https:\/\/faravetrerie.it\/en\/wp-json\/wp\/v2\/product\/25459","targetHints":{"allow":["GET"]}}],"collection":[{"href":"https:\/\/faravetrerie.it\/en\/wp-json\/wp\/v2\/product"}],"about":[{"href":"https:\/\/faravetrerie.it\/en\/wp-json\/wp\/v2\/types\/product"}],"wp:featuredmedia":[{"embeddable":true,"href":"https:\/\/faravetrerie.it\/en\/wp-json\/wp\/v2\/media\/15104"}],"wp:attachment":[{"href":"https:\/\/faravetrerie.it\/en\/wp-json\/wp\/v2\/media?parent=25459"}],"wp:term":[{"taxonomy":"product_brand","embeddable":true,"href":"https:\/\/faravetrerie.it\/en\/wp-json\/wp\/v2\/product_brand?post=25459"},{"taxonomy":"product_cat","embeddable":true,"href":"https:\/\/faravetrerie.it\/en\/wp-json\/wp\/v2\/product_cat?post=25459"},{"taxonomy":"product_tag","embeddable":true,"href":"https:\/\/faravetrerie.it\/en\/wp-json\/wp\/v2\/product_tag?post=25459"}],"curies":[{"name":"wp","href":"https:\/\/api.w.org\/{rel}","templated":true}]}}