{"id":25539,"date":"2025-12-23T16:42:29","date_gmt":"2025-12-23T15:42:29","guid":{"rendered":"https:\/\/sviluppo.faravetrerie.it\/blog\/?post_type=product&#038;p=25539"},"modified":"2026-01-30T09:28:46","modified_gmt":"2026-01-30T08:28:46","slug":"brocca-indro-1-1-lt","status":"publish","type":"product","link":"https:\/\/faravetrerie.it\/en\/shop-en\/water-en\/water-bottles\/brocca-indro-1-1-lt\/","title":{"rendered":"BROCCA INDRO 1.1 LT"},"content":{"rendered":"<h4 data-start=\"0\" data-end=\"63\"><strong data-start=\"0\" data-end=\"63\">Brocca Indro 1.1 Lt: Eleganza, Resistenza e Versatilit\u00e0<\/strong><\/h4>\n<p data-start=\"65\" data-end=\"515\">La <strong data-start=\"68\" data-end=\"95\">Brocca Indro 1.1 Lt<\/strong> \u00e8 un accessorio indispensabile per ogni tavola, pensata per unire eleganza e praticit\u00e0. Realizzata in vetro doppio spessore, questa caraffa \u00e8 progettata per essere resistente e duratura, mantenendo la bevanda alla temperatura ideale pi\u00f9 a lungo, che si tratti di acqua, succhi o anche cocktail freschi. Con una capacit\u00e0 di 1.1 litri, \u00e8 perfetta per servire porzioni abbondanti in ogni occasione.<\/p>\n<h5 data-start=\"517\" data-end=\"546\"><strong data-start=\"517\" data-end=\"546\">Design Pulito e Raffinato<\/strong><\/h5>\n<p data-start=\"548\" data-end=\"1018\">Il design della <strong data-start=\"564\" data-end=\"591\">Brocca Indro <\/strong>\u00a0\u00e8 caratterizzato da linee pulite ed essenziali, che le conferiscono un aspetto raffinato e versatile. Il vetro doppio spessore non solo garantisce resistenza, ma offre anche un tocco di sofisticatezza alla presentazione delle bevande. Perfetta per essere utilizzata in ristoranti, bar, catering o anche a casa, questa caraffa \u00e8 la scelta ideale per chi desidera un prodotto elegante ma pratico.<\/p>\n<h5 data-start=\"1020\" data-end=\"1060\"><strong data-start=\"1020\" data-end=\"1060\">Resistente e Adatta a Molteplici Usi<\/strong><\/h5>\n<p data-start=\"1062\" data-end=\"1497\">Grazie alla sua struttura robusta e al materiale di alta qualit\u00e0, la Brocca Indro 1.1 Lt \u00e8 perfetta per un&#8217;ampia variet\u00e0 di utilizzi, dal servizio di acqua, al servizio di bibite, fino ad essere utilizzata per cocktail, succhi freschi o altre bevande. La sua resistenza e il design funzionale la rendono un alleato perfetto per l\u2019<strong data-start=\"1420\" data-end=\"1438\">uso quotidiano<\/strong> in ambienti ad alta frequentazione, come ristoranti e bar.<\/p>\n<h5 data-start=\"1499\" data-end=\"1538\"><strong data-start=\"1499\" data-end=\"1538\">Personalizzabile per Ogni Occasione<\/strong><\/h5>\n<p data-start=\"1540\" data-end=\"1957\">Un altro grande vantaggio della Caraffa Indro 1.1 Lt \u00e8 la sua discreta superficie personalizzabile, che la rende ideale per l&#8217;aggiunta di logo, slogan o altri design personalizzati. Perfetta per eventi aziendali, promozioni, regali aziendali, o per dare un tocco unico al tuo locale, la possibilit\u00e0 di personalizzazione rende ogni caraffa esclusiva e rappresentativa della tua attivit\u00e0.<\/p>\n<h5 data-start=\"1959\" data-end=\"2004\"><strong data-start=\"1959\" data-end=\"2004\">Versatilit\u00e0 ed Eleganza in Ogni Dettaglio<\/strong><\/h5>\n<p data-start=\"2006\" data-end=\"2337\">Scegli la <strong data-start=\"2016\" data-end=\"2043\">Brocca Indro 1.1 Lt<\/strong> per unire <strong data-start=\"2054\" data-end=\"2069\">versatilit\u00e0<\/strong>, <strong data-start=\"2071\" data-end=\"2083\">eleganza<\/strong> e <strong data-start=\"2086\" data-end=\"2100\">resistenza<\/strong> in ogni occasione. Perfetta per servire bevande con stile, questo prodotto non \u00e8 solo un complemento di alta qualit\u00e0 per la tua tavola, ma anche un&#8217;opportunit\u00e0 per <strong data-start=\"2265\" data-end=\"2283\">personalizzare<\/strong> il tuo servizio e distinguerti con un prodotto unico.<\/p>\n","protected":false},"excerpt":{"rendered":"<p>La caraffa multiuso da 1.1 Lt dalla linea pulita e in vetro doppio spessore: resistente, adatta a molteplici usi, personalizzabile.<\/p>\n<p><a href=\"https:\/\/www.faravetrerie.it\/contatti\/\"><strong>CONTATTACI PER ACQUISTARLO O PERSONALIZZARLO<\/strong><\/a><\/p>\n<p>cl. 110<\/p>\n<p>fl.oz. 37,2<\/p>\n<p>h. 200 mm.<\/p>\n<p>\u00d8 98 mm.<\/p>\n","protected":false},"featured_media":22866,"template":"","meta":{"inline_featured_image":false},"product_brand":[],"product_cat":[23,35],"product_tag":[891,894,893,895],"class_list":{"0":"post-25539","1":"product","2":"type-product","3":"status-publish","4":"has-post-thumbnail","6":"product_cat-acqua","7":"product_cat-bottiglie-acqua","8":"product_tag-acqua","9":"product_tag-bottiglieacqua","10":"product_tag-bottigliepersonalizzate","11":"product_tag-caraffaacqua","13":"first","14":"instock","15":"taxable","16":"shipping-taxable","17":"product-type-simple"},"yoast_head":"<!-- This site is optimized with the Yoast SEO plugin v26.6 - https:\/\/yoast.com\/wordpress\/plugins\/seo\/ -->\n<title>BROCCA INDRO 1.1 LT - Fara Vetrerie e Cristallerie<\/title>\n<meta name=\"description\" content=\"La brocca indro da 1,1 Lt dalla linea sobria e in vetro doppio spessore: resistente, adatta a molteplici usi, personalizzabile.\" \/>\n<meta name=\"robots\" content=\"index, follow, max-snippet:-1, max-image-preview:large, max-video-preview:-1\" \/>\n<link rel=\"canonical\" href=\"https:\/\/faravetrerie.it\/en\/shop-en\/water-en\/water-bottles\/brocca-indro-1-1-lt\/\" \/>\n<meta property=\"og:locale\" content=\"en_US\" \/>\n<meta property=\"og:type\" content=\"article\" \/>\n<meta property=\"og:title\" content=\"BROCCA INDRO 1.1 LT - Fara Vetrerie e Cristallerie\" \/>\n<meta property=\"og:description\" content=\"La brocca indro da 1,1 Lt dalla linea sobria e in vetro doppio spessore: resistente, adatta a molteplici usi, personalizzabile.\" \/>\n<meta property=\"og:url\" content=\"https:\/\/faravetrerie.it\/en\/shop-en\/water-en\/water-bottles\/brocca-indro-1-1-lt\/\" \/>\n<meta property=\"og:site_name\" content=\"Fara Vetrerie e Cristallerie\" \/>\n<meta property=\"article:modified_time\" content=\"2026-01-30T08:28:46+00:00\" \/>\n<meta property=\"og:image\" content=\"https:\/\/faravetrerie.it\/wp-content\/uploads\/2025\/12\/BNINDBRO_02-scaled-4.jpg\" \/>\n\t<meta property=\"og:image:width\" content=\"2338\" \/>\n\t<meta property=\"og:image:height\" content=\"2560\" \/>\n\t<meta property=\"og:image:type\" content=\"image\/jpeg\" \/>\n<meta name=\"twitter:card\" content=\"summary_large_image\" \/>\n<meta name=\"twitter:label1\" content=\"Est. reading time\" \/>\n\t<meta name=\"twitter:data1\" content=\"2 minutes\" \/>\n<script type=\"application\/ld+json\" class=\"yoast-schema-graph\">{\"@context\":\"https:\/\/schema.org\",\"@graph\":[{\"@type\":\"WebPage\",\"@id\":\"https:\/\/faravetrerie.it\/en\/shop-en\/water-en\/water-bottles\/brocca-indro-1-1-lt\/\",\"url\":\"https:\/\/faravetrerie.it\/en\/shop-en\/water-en\/water-bottles\/brocca-indro-1-1-lt\/\",\"name\":\"BROCCA INDRO 1.1 LT - Fara Vetrerie e Cristallerie\",\"isPartOf\":{\"@id\":\"https:\/\/faravetrerie.it\/en\/#website\"},\"primaryImageOfPage\":{\"@id\":\"https:\/\/faravetrerie.it\/en\/shop-en\/water-en\/water-bottles\/brocca-indro-1-1-lt\/#primaryimage\"},\"image\":{\"@id\":\"https:\/\/faravetrerie.it\/en\/shop-en\/water-en\/water-bottles\/brocca-indro-1-1-lt\/#primaryimage\"},\"thumbnailUrl\":\"https:\/\/faravetrerie.it\/wp-content\/uploads\/2025\/12\/BNINDBRO_02-scaled-4.jpg\",\"datePublished\":\"2025-12-23T15:42:29+00:00\",\"dateModified\":\"2026-01-30T08:28:46+00:00\",\"description\":\"La brocca indro da 1,1 Lt dalla linea sobria e in vetro doppio spessore: resistente, adatta a molteplici usi, personalizzabile.\",\"breadcrumb\":{\"@id\":\"https:\/\/faravetrerie.it\/en\/shop-en\/water-en\/water-bottles\/brocca-indro-1-1-lt\/#breadcrumb\"},\"inLanguage\":\"en-US\",\"potentialAction\":[{\"@type\":\"ReadAction\",\"target\":[\"https:\/\/faravetrerie.it\/en\/shop-en\/water-en\/water-bottles\/brocca-indro-1-1-lt\/\"]}]},{\"@type\":\"ImageObject\",\"inLanguage\":\"en-US\",\"@id\":\"https:\/\/faravetrerie.it\/en\/shop-en\/water-en\/water-bottles\/brocca-indro-1-1-lt\/#primaryimage\",\"url\":\"https:\/\/faravetrerie.it\/wp-content\/uploads\/2025\/12\/BNINDBRO_02-scaled-4.jpg\",\"contentUrl\":\"https:\/\/faravetrerie.it\/wp-content\/uploads\/2025\/12\/BNINDBRO_02-scaled-4.jpg\",\"width\":2338,\"height\":2560,\"caption\":\"Brocca Indro 1.1 Lt\"},{\"@type\":\"BreadcrumbList\",\"@id\":\"https:\/\/faravetrerie.it\/en\/shop-en\/water-en\/water-bottles\/brocca-indro-1-1-lt\/#breadcrumb\",\"itemListElement\":[{\"@type\":\"ListItem\",\"position\":1,\"name\":\"Home\",\"item\":\"https:\/\/faravetrerie.it\/en\/\"},{\"@type\":\"ListItem\",\"position\":2,\"name\":\"Shop\",\"item\":\"https:\/\/faravetrerie.it\/en\/shop-en\/\"},{\"@type\":\"ListItem\",\"position\":3,\"name\":\"BROCCA INDRO 1.1 LT\"}]},{\"@type\":\"WebSite\",\"@id\":\"https:\/\/faravetrerie.it\/en\/#website\",\"url\":\"https:\/\/faravetrerie.it\/en\/\",\"name\":\"Fara Vetrerie e Cristallerie\",\"description\":\"\",\"publisher\":{\"@id\":\"https:\/\/faravetrerie.it\/en\/#organization\"},\"potentialAction\":[{\"@type\":\"SearchAction\",\"target\":{\"@type\":\"EntryPoint\",\"urlTemplate\":\"https:\/\/faravetrerie.it\/en\/?s={search_term_string}\"},\"query-input\":{\"@type\":\"PropertyValueSpecification\",\"valueRequired\":true,\"valueName\":\"search_term_string\"}}],\"inLanguage\":\"en-US\"},{\"@type\":\"Organization\",\"@id\":\"https:\/\/faravetrerie.it\/en\/#organization\",\"name\":\"Fara Vetrerie e Cristallerie\",\"url\":\"https:\/\/faravetrerie.it\/en\/\",\"logo\":{\"@type\":\"ImageObject\",\"inLanguage\":\"en-US\",\"@id\":\"https:\/\/faravetrerie.it\/en\/#\/schema\/logo\/image\/\",\"url\":\"https:\/\/faravetrerie.it\/wp-content\/uploads\/2025\/12\/logo-fara-bianco.png\",\"contentUrl\":\"https:\/\/faravetrerie.it\/wp-content\/uploads\/2025\/12\/logo-fara-bianco.png\",\"width\":2038,\"height\":2942,\"caption\":\"Fara Vetrerie e Cristallerie\"},\"image\":{\"@id\":\"https:\/\/faravetrerie.it\/en\/#\/schema\/logo\/image\/\"}}]}<\/script>\n<!-- \/ Yoast SEO plugin. -->","yoast_head_json":{"title":"BROCCA INDRO 1.1 LT - Fara Vetrerie e Cristallerie","description":"La brocca indro da 1,1 Lt dalla linea sobria e in vetro doppio spessore: resistente, adatta a molteplici usi, personalizzabile.","robots":{"index":"index","follow":"follow","max-snippet":"max-snippet:-1","max-image-preview":"max-image-preview:large","max-video-preview":"max-video-preview:-1"},"canonical":"https:\/\/faravetrerie.it\/en\/shop-en\/water-en\/water-bottles\/brocca-indro-1-1-lt\/","og_locale":"en_US","og_type":"article","og_title":"BROCCA INDRO 1.1 LT - Fara Vetrerie e Cristallerie","og_description":"La brocca indro da 1,1 Lt dalla linea sobria e in vetro doppio spessore: resistente, adatta a molteplici usi, personalizzabile.","og_url":"https:\/\/faravetrerie.it\/en\/shop-en\/water-en\/water-bottles\/brocca-indro-1-1-lt\/","og_site_name":"Fara Vetrerie e Cristallerie","article_modified_time":"2026-01-30T08:28:46+00:00","og_image":[{"width":2338,"height":2560,"url":"https:\/\/faravetrerie.it\/wp-content\/uploads\/2025\/12\/BNINDBRO_02-scaled-4.jpg","type":"image\/jpeg"}],"twitter_card":"summary_large_image","twitter_misc":{"Est. reading time":"2 minutes"},"schema":{"@context":"https:\/\/schema.org","@graph":[{"@type":"WebPage","@id":"https:\/\/faravetrerie.it\/en\/shop-en\/water-en\/water-bottles\/brocca-indro-1-1-lt\/","url":"https:\/\/faravetrerie.it\/en\/shop-en\/water-en\/water-bottles\/brocca-indro-1-1-lt\/","name":"BROCCA INDRO 1.1 LT - Fara Vetrerie e Cristallerie","isPartOf":{"@id":"https:\/\/faravetrerie.it\/en\/#website"},"primaryImageOfPage":{"@id":"https:\/\/faravetrerie.it\/en\/shop-en\/water-en\/water-bottles\/brocca-indro-1-1-lt\/#primaryimage"},"image":{"@id":"https:\/\/faravetrerie.it\/en\/shop-en\/water-en\/water-bottles\/brocca-indro-1-1-lt\/#primaryimage"},"thumbnailUrl":"https:\/\/faravetrerie.it\/wp-content\/uploads\/2025\/12\/BNINDBRO_02-scaled-4.jpg","datePublished":"2025-12-23T15:42:29+00:00","dateModified":"2026-01-30T08:28:46+00:00","description":"La brocca indro da 1,1 Lt dalla linea sobria e in vetro doppio spessore: resistente, adatta a molteplici usi, personalizzabile.","breadcrumb":{"@id":"https:\/\/faravetrerie.it\/en\/shop-en\/water-en\/water-bottles\/brocca-indro-1-1-lt\/#breadcrumb"},"inLanguage":"en-US","potentialAction":[{"@type":"ReadAction","target":["https:\/\/faravetrerie.it\/en\/shop-en\/water-en\/water-bottles\/brocca-indro-1-1-lt\/"]}]},{"@type":"ImageObject","inLanguage":"en-US","@id":"https:\/\/faravetrerie.it\/en\/shop-en\/water-en\/water-bottles\/brocca-indro-1-1-lt\/#primaryimage","url":"https:\/\/faravetrerie.it\/wp-content\/uploads\/2025\/12\/BNINDBRO_02-scaled-4.jpg","contentUrl":"https:\/\/faravetrerie.it\/wp-content\/uploads\/2025\/12\/BNINDBRO_02-scaled-4.jpg","width":2338,"height":2560,"caption":"Brocca Indro 1.1 Lt"},{"@type":"BreadcrumbList","@id":"https:\/\/faravetrerie.it\/en\/shop-en\/water-en\/water-bottles\/brocca-indro-1-1-lt\/#breadcrumb","itemListElement":[{"@type":"ListItem","position":1,"name":"Home","item":"https:\/\/faravetrerie.it\/en\/"},{"@type":"ListItem","position":2,"name":"Shop","item":"https:\/\/faravetrerie.it\/en\/shop-en\/"},{"@type":"ListItem","position":3,"name":"BROCCA INDRO 1.1 LT"}]},{"@type":"WebSite","@id":"https:\/\/faravetrerie.it\/en\/#website","url":"https:\/\/faravetrerie.it\/en\/","name":"Fara Vetrerie e Cristallerie","description":"","publisher":{"@id":"https:\/\/faravetrerie.it\/en\/#organization"},"potentialAction":[{"@type":"SearchAction","target":{"@type":"EntryPoint","urlTemplate":"https:\/\/faravetrerie.it\/en\/?s={search_term_string}"},"query-input":{"@type":"PropertyValueSpecification","valueRequired":true,"valueName":"search_term_string"}}],"inLanguage":"en-US"},{"@type":"Organization","@id":"https:\/\/faravetrerie.it\/en\/#organization","name":"Fara Vetrerie e Cristallerie","url":"https:\/\/faravetrerie.it\/en\/","logo":{"@type":"ImageObject","inLanguage":"en-US","@id":"https:\/\/faravetrerie.it\/en\/#\/schema\/logo\/image\/","url":"https:\/\/faravetrerie.it\/wp-content\/uploads\/2025\/12\/logo-fara-bianco.png","contentUrl":"https:\/\/faravetrerie.it\/wp-content\/uploads\/2025\/12\/logo-fara-bianco.png","width":2038,"height":2942,"caption":"Fara Vetrerie e Cristallerie"},"image":{"@id":"https:\/\/faravetrerie.it\/en\/#\/schema\/logo\/image\/"}}]}},"_links":{"self":[{"href":"https:\/\/faravetrerie.it\/en\/wp-json\/wp\/v2\/product\/25539","targetHints":{"allow":["GET"]}}],"collection":[{"href":"https:\/\/faravetrerie.it\/en\/wp-json\/wp\/v2\/product"}],"about":[{"href":"https:\/\/faravetrerie.it\/en\/wp-json\/wp\/v2\/types\/product"}],"wp:featuredmedia":[{"embeddable":true,"href":"https:\/\/faravetrerie.it\/en\/wp-json\/wp\/v2\/media\/22866"}],"wp:attachment":[{"href":"https:\/\/faravetrerie.it\/en\/wp-json\/wp\/v2\/media?parent=25539"}],"wp:term":[{"taxonomy":"product_brand","embeddable":true,"href":"https:\/\/faravetrerie.it\/en\/wp-json\/wp\/v2\/product_brand?post=25539"},{"taxonomy":"product_cat","embeddable":true,"href":"https:\/\/faravetrerie.it\/en\/wp-json\/wp\/v2\/product_cat?post=25539"},{"taxonomy":"product_tag","embeddable":true,"href":"https:\/\/faravetrerie.it\/en\/wp-json\/wp\/v2\/product_tag?post=25539"}],"curies":[{"name":"wp","href":"https:\/\/api.w.org\/{rel}","templated":true}]}}