{"id":25647,"date":"2025-12-23T16:42:52","date_gmt":"2025-12-23T15:42:52","guid":{"rendered":"https:\/\/sviluppo.faravetrerie.it\/blog\/?post_type=product&#038;p=25647"},"modified":"2026-01-29T12:28:48","modified_gmt":"2026-01-29T11:28:48","slug":"boccale-reno-ottico-0-4-l","status":"publish","type":"product","link":"https:\/\/faravetrerie.it\/en\/shop-en\/beer\/boccale-reno-ottico-0-4-l\/","title":{"rendered":"BOCCALE RENO OTTICO 0.4 L"},"content":{"rendered":"<article class=\"w-full text-token-text-primary focus-visible:outline-2 focus-visible:outline-offset-[-4px]\" dir=\"auto\" data-testid=\"conversation-turn-125\" data-scroll-anchor=\"true\">\n<div class=\"m-auto text-base py-[18px] px-6\">\n<div class=\"mx-auto flex flex-1 text-base gap-4 md:gap-5 lg:gap-6 md:max-w-3xl\">\n<div class=\"group\/conversation-turn relative flex w-full min-w-0 flex-col agent-turn @xs\/thread:px-0 @sm\/thread:px-1.5 @md\/thread:px-4\">\n<div class=\"flex-col gap-1 md:gap-3\">\n<div class=\"flex max-w-full flex-col flex-grow\">\n<div class=\"min-h-8 text-message relative flex w-full flex-col items-end gap-2 whitespace-normal break-words text-start [.text-message+&amp;]:mt-5\" dir=\"auto\" data-message-author-role=\"assistant\" data-message-id=\"69729371-97d0-4f19-98a3-d2d42f648a3d\" data-message-model-slug=\"gpt-4o-mini\">\n<div class=\"flex w-full flex-col gap-1 empty:hidden first:pt-[3px]\">\n<div class=\"markdown prose w-full break-words dark:prose-invert light\"><\/div>\n<\/div>\n<\/div>\n<\/div>\n<div class=\"mb-2 flex gap-3 empty:hidden -ml-2\">\n<div class=\"items-center justify-start rounded-xl p-1 flex\">\n<div class=\"flex items-center\">\n<h4>Il <strong>Boccale Reno Ottico 0.4 L<\/strong> : Eleganza e Resistenza per Ogni Birra<\/h4>\n<p>Il <strong>Boccale Reno Ottico 0.4 L <\/strong>\u00e8 la soluzione ideale per chi cerca un bicchiere resistente, elegante e perfetto per l&#8217;uso intenso nella ristorazione.<\/p>\n<h5>principali caratteristiche<\/h5>\n<h5>Design Semplice ed Elegante<\/h5>\n<p>La forma con linee verticali conferisce un aspetto moderno e pulito oltre a donare movimento.\u00a0 Si adatta a qualsiasi tipo di ambiente, dal pub alla birreria.<\/p>\n<h5>Capacit\u00e0 di 0.4 Litri<\/h5>\n<p>Con la sua capacit\u00e0 di 0.4 litri, il boccale \u00e8 perfetto per servire una porzione ideale di birra, ottimizzando la formazione della schiuma e l&#8217;esperienza di degustazione.<\/p>\n<h5>Vetro Resistente<\/h5>\n<p>Realizzato in vetro molto resistente, il boccale \u00e8 progettato per resistere all&#8217;uso intensivo nelle attivit\u00e0 di ristorazione senza compromettere la qualit\u00e0 e la durata nel tempo.<\/p>\n<h5>Facilit\u00e0 di Personalizzazione<\/h5>\n<p>La grande superficie liscia permette una personalizzazione facile, che lo rende perfetto per attivit\u00e0 commerciali, eventi o come prodotto promozionale, aggiungendo un tocco unico al servizio.<\/p>\n<h4>Facile da Pulire<\/h4>\n<p>La sua forma semplice e il materiale resistente permettono una pulizia rapida e accurata, mantenendo il bicchiere in perfette condizioni anche con l&#8217;uso quotidiano.<\/p>\n<h5>Versatile per Diversi Tipi di Bevande<\/h5>\n<p>Sebbene sia ideale per la birra, il design lo rende adatto anche ad altri tipi di bevande, aumentando la sua versatilit\u00e0 in ogni ambiente.<\/p>\n<p>Il Boccale Reno Ottico 0.4 L \u00e8 la scelta perfetta per pub, birrerie e ristoranti che cercano un prodotto funzionale, resistente e dal design elegante, che soddisfi le esigenze di servizio quotidiano con stile.<\/p>\n<\/div>\n<\/div>\n<\/div>\n<div class=\"mt-3 w-full empty:hidden\">\n<div class=\"text-center\"><\/div>\n<\/div>\n<\/div>\n<div class=\"absolute\">\n<div class=\"flex items-center justify-center\"><\/div>\n<\/div>\n<\/div>\n<\/div>\n<\/div>\n<\/article>\n<div class=\"pointer-events-none h-px w-px\" aria-hidden=\"true\" data-edge=\"true\"><\/div>\n","protected":false},"excerpt":{"rendered":"<p>Un boccale dalla forma semplice con linee verticali che donano movimento. Ampiamente personalizzabile e in vetro molto resistente ottimo per un uso intenso<\/p>\n<p>cl. 49<\/p>\n<p>fl.oz. 16,57<\/p>\n<p>h. 175 mm.<\/p>\n<p>\u00d8 73 mm.<\/p>\n<p>CON INCISA LINEA DI GRAMMATURA A 0,4 L<\/p>\n","protected":false},"featured_media":15014,"template":"","meta":{"inline_featured_image":false},"product_brand":[],"product_cat":[24],"product_tag":[1001,1010],"class_list":{"0":"post-25647","1":"product","2":"type-product","3":"status-publish","4":"has-post-thumbnail","6":"product_cat-birra","7":"product_tag-boccale-birra","8":"product_tag-boccale-personalizzabile","10":"first","11":"instock","12":"taxable","13":"shipping-taxable","14":"product-type-simple"},"yoast_head":"<!-- This site is optimized with the Yoast SEO plugin v26.6 - https:\/\/yoast.com\/wordpress\/plugins\/seo\/ -->\n<title>BOCCALE RENO OTTICO 0.4 L - Fara Vetrerie e Cristallerie<\/title>\n<meta name=\"description\" content=\"Boccale Reno ottico 0.4 l dalla forma semplice con linee verticali. Ampiamente personalizzabile e in vetro molto resistente ottimo per un uso intenso\" \/>\n<meta name=\"robots\" content=\"index, follow, max-snippet:-1, max-image-preview:large, max-video-preview:-1\" \/>\n<link rel=\"canonical\" href=\"https:\/\/faravetrerie.it\/en\/shop-en\/beer\/boccale-reno-ottico-0-4-l\/\" \/>\n<meta property=\"og:locale\" content=\"en_US\" \/>\n<meta property=\"og:type\" content=\"article\" \/>\n<meta property=\"og:title\" content=\"BOCCALE RENO OTTICO 0.4 L - Fara Vetrerie e Cristallerie\" \/>\n<meta property=\"og:description\" content=\"Boccale Reno ottico 0.4 l dalla forma semplice con linee verticali. Ampiamente personalizzabile e in vetro molto resistente ottimo per un uso intenso\" \/>\n<meta property=\"og:url\" content=\"https:\/\/faravetrerie.it\/en\/shop-en\/beer\/boccale-reno-ottico-0-4-l\/\" \/>\n<meta property=\"og:site_name\" content=\"Fara Vetrerie e Cristallerie\" \/>\n<meta property=\"article:modified_time\" content=\"2026-01-29T11:28:48+00:00\" \/>\n<meta property=\"og:image\" content=\"https:\/\/faravetrerie.it\/wp-content\/uploads\/2025\/12\/VPBER04_01-scaled-1.jpg\" \/>\n\t<meta property=\"og:image:width\" content=\"2560\" \/>\n\t<meta property=\"og:image:height\" content=\"2560\" \/>\n\t<meta property=\"og:image:type\" content=\"image\/jpeg\" \/>\n<meta name=\"twitter:card\" content=\"summary_large_image\" \/>\n<meta name=\"twitter:label1\" content=\"Est. reading time\" \/>\n\t<meta name=\"twitter:data1\" content=\"2 minutes\" \/>\n<script type=\"application\/ld+json\" class=\"yoast-schema-graph\">{\"@context\":\"https:\/\/schema.org\",\"@graph\":[{\"@type\":\"WebPage\",\"@id\":\"https:\/\/faravetrerie.it\/en\/shop-en\/beer\/boccale-reno-ottico-0-4-l\/\",\"url\":\"https:\/\/faravetrerie.it\/en\/shop-en\/beer\/boccale-reno-ottico-0-4-l\/\",\"name\":\"BOCCALE RENO OTTICO 0.4 L - Fara Vetrerie e Cristallerie\",\"isPartOf\":{\"@id\":\"https:\/\/faravetrerie.it\/en\/#website\"},\"primaryImageOfPage\":{\"@id\":\"https:\/\/faravetrerie.it\/en\/shop-en\/beer\/boccale-reno-ottico-0-4-l\/#primaryimage\"},\"image\":{\"@id\":\"https:\/\/faravetrerie.it\/en\/shop-en\/beer\/boccale-reno-ottico-0-4-l\/#primaryimage\"},\"thumbnailUrl\":\"https:\/\/faravetrerie.it\/wp-content\/uploads\/2025\/12\/VPBER04_01-scaled-1.jpg\",\"datePublished\":\"2025-12-23T15:42:52+00:00\",\"dateModified\":\"2026-01-29T11:28:48+00:00\",\"description\":\"Boccale Reno ottico 0.4 l dalla forma semplice con linee verticali. Ampiamente personalizzabile e in vetro molto resistente ottimo per un uso intenso\",\"breadcrumb\":{\"@id\":\"https:\/\/faravetrerie.it\/en\/shop-en\/beer\/boccale-reno-ottico-0-4-l\/#breadcrumb\"},\"inLanguage\":\"en-US\",\"potentialAction\":[{\"@type\":\"ReadAction\",\"target\":[\"https:\/\/faravetrerie.it\/en\/shop-en\/beer\/boccale-reno-ottico-0-4-l\/\"]}]},{\"@type\":\"ImageObject\",\"inLanguage\":\"en-US\",\"@id\":\"https:\/\/faravetrerie.it\/en\/shop-en\/beer\/boccale-reno-ottico-0-4-l\/#primaryimage\",\"url\":\"https:\/\/faravetrerie.it\/wp-content\/uploads\/2025\/12\/VPBER04_01-scaled-1.jpg\",\"contentUrl\":\"https:\/\/faravetrerie.it\/wp-content\/uploads\/2025\/12\/VPBER04_01-scaled-1.jpg\",\"width\":2560,\"height\":2560,\"caption\":\"Il Boccale Reno Ottico 0.4 L\"},{\"@type\":\"BreadcrumbList\",\"@id\":\"https:\/\/faravetrerie.it\/en\/shop-en\/beer\/boccale-reno-ottico-0-4-l\/#breadcrumb\",\"itemListElement\":[{\"@type\":\"ListItem\",\"position\":1,\"name\":\"Home\",\"item\":\"https:\/\/faravetrerie.it\/en\/\"},{\"@type\":\"ListItem\",\"position\":2,\"name\":\"Shop\",\"item\":\"https:\/\/faravetrerie.it\/en\/shop-en\/\"},{\"@type\":\"ListItem\",\"position\":3,\"name\":\"BOCCALE RENO OTTICO 0.4 L\"}]},{\"@type\":\"WebSite\",\"@id\":\"https:\/\/faravetrerie.it\/en\/#website\",\"url\":\"https:\/\/faravetrerie.it\/en\/\",\"name\":\"Fara Vetrerie e Cristallerie\",\"description\":\"\",\"publisher\":{\"@id\":\"https:\/\/faravetrerie.it\/en\/#organization\"},\"potentialAction\":[{\"@type\":\"SearchAction\",\"target\":{\"@type\":\"EntryPoint\",\"urlTemplate\":\"https:\/\/faravetrerie.it\/en\/?s={search_term_string}\"},\"query-input\":{\"@type\":\"PropertyValueSpecification\",\"valueRequired\":true,\"valueName\":\"search_term_string\"}}],\"inLanguage\":\"en-US\"},{\"@type\":\"Organization\",\"@id\":\"https:\/\/faravetrerie.it\/en\/#organization\",\"name\":\"Fara Vetrerie e Cristallerie\",\"url\":\"https:\/\/faravetrerie.it\/en\/\",\"logo\":{\"@type\":\"ImageObject\",\"inLanguage\":\"en-US\",\"@id\":\"https:\/\/faravetrerie.it\/en\/#\/schema\/logo\/image\/\",\"url\":\"https:\/\/faravetrerie.it\/wp-content\/uploads\/2025\/12\/logo-fara-bianco.png\",\"contentUrl\":\"https:\/\/faravetrerie.it\/wp-content\/uploads\/2025\/12\/logo-fara-bianco.png\",\"width\":2038,\"height\":2942,\"caption\":\"Fara Vetrerie e Cristallerie\"},\"image\":{\"@id\":\"https:\/\/faravetrerie.it\/en\/#\/schema\/logo\/image\/\"}}]}<\/script>\n<!-- \/ Yoast SEO plugin. -->","yoast_head_json":{"title":"BOCCALE RENO OTTICO 0.4 L - Fara Vetrerie e Cristallerie","description":"Boccale Reno ottico 0.4 l dalla forma semplice con linee verticali. Ampiamente personalizzabile e in vetro molto resistente ottimo per un uso intenso","robots":{"index":"index","follow":"follow","max-snippet":"max-snippet:-1","max-image-preview":"max-image-preview:large","max-video-preview":"max-video-preview:-1"},"canonical":"https:\/\/faravetrerie.it\/en\/shop-en\/beer\/boccale-reno-ottico-0-4-l\/","og_locale":"en_US","og_type":"article","og_title":"BOCCALE RENO OTTICO 0.4 L - Fara Vetrerie e Cristallerie","og_description":"Boccale Reno ottico 0.4 l dalla forma semplice con linee verticali. Ampiamente personalizzabile e in vetro molto resistente ottimo per un uso intenso","og_url":"https:\/\/faravetrerie.it\/en\/shop-en\/beer\/boccale-reno-ottico-0-4-l\/","og_site_name":"Fara Vetrerie e Cristallerie","article_modified_time":"2026-01-29T11:28:48+00:00","og_image":[{"width":2560,"height":2560,"url":"https:\/\/faravetrerie.it\/wp-content\/uploads\/2025\/12\/VPBER04_01-scaled-1.jpg","type":"image\/jpeg"}],"twitter_card":"summary_large_image","twitter_misc":{"Est. reading time":"2 minutes"},"schema":{"@context":"https:\/\/schema.org","@graph":[{"@type":"WebPage","@id":"https:\/\/faravetrerie.it\/en\/shop-en\/beer\/boccale-reno-ottico-0-4-l\/","url":"https:\/\/faravetrerie.it\/en\/shop-en\/beer\/boccale-reno-ottico-0-4-l\/","name":"BOCCALE RENO OTTICO 0.4 L - Fara Vetrerie e Cristallerie","isPartOf":{"@id":"https:\/\/faravetrerie.it\/en\/#website"},"primaryImageOfPage":{"@id":"https:\/\/faravetrerie.it\/en\/shop-en\/beer\/boccale-reno-ottico-0-4-l\/#primaryimage"},"image":{"@id":"https:\/\/faravetrerie.it\/en\/shop-en\/beer\/boccale-reno-ottico-0-4-l\/#primaryimage"},"thumbnailUrl":"https:\/\/faravetrerie.it\/wp-content\/uploads\/2025\/12\/VPBER04_01-scaled-1.jpg","datePublished":"2025-12-23T15:42:52+00:00","dateModified":"2026-01-29T11:28:48+00:00","description":"Boccale Reno ottico 0.4 l dalla forma semplice con linee verticali. Ampiamente personalizzabile e in vetro molto resistente ottimo per un uso intenso","breadcrumb":{"@id":"https:\/\/faravetrerie.it\/en\/shop-en\/beer\/boccale-reno-ottico-0-4-l\/#breadcrumb"},"inLanguage":"en-US","potentialAction":[{"@type":"ReadAction","target":["https:\/\/faravetrerie.it\/en\/shop-en\/beer\/boccale-reno-ottico-0-4-l\/"]}]},{"@type":"ImageObject","inLanguage":"en-US","@id":"https:\/\/faravetrerie.it\/en\/shop-en\/beer\/boccale-reno-ottico-0-4-l\/#primaryimage","url":"https:\/\/faravetrerie.it\/wp-content\/uploads\/2025\/12\/VPBER04_01-scaled-1.jpg","contentUrl":"https:\/\/faravetrerie.it\/wp-content\/uploads\/2025\/12\/VPBER04_01-scaled-1.jpg","width":2560,"height":2560,"caption":"Il Boccale Reno Ottico 0.4 L"},{"@type":"BreadcrumbList","@id":"https:\/\/faravetrerie.it\/en\/shop-en\/beer\/boccale-reno-ottico-0-4-l\/#breadcrumb","itemListElement":[{"@type":"ListItem","position":1,"name":"Home","item":"https:\/\/faravetrerie.it\/en\/"},{"@type":"ListItem","position":2,"name":"Shop","item":"https:\/\/faravetrerie.it\/en\/shop-en\/"},{"@type":"ListItem","position":3,"name":"BOCCALE RENO OTTICO 0.4 L"}]},{"@type":"WebSite","@id":"https:\/\/faravetrerie.it\/en\/#website","url":"https:\/\/faravetrerie.it\/en\/","name":"Fara Vetrerie e Cristallerie","description":"","publisher":{"@id":"https:\/\/faravetrerie.it\/en\/#organization"},"potentialAction":[{"@type":"SearchAction","target":{"@type":"EntryPoint","urlTemplate":"https:\/\/faravetrerie.it\/en\/?s={search_term_string}"},"query-input":{"@type":"PropertyValueSpecification","valueRequired":true,"valueName":"search_term_string"}}],"inLanguage":"en-US"},{"@type":"Organization","@id":"https:\/\/faravetrerie.it\/en\/#organization","name":"Fara Vetrerie e Cristallerie","url":"https:\/\/faravetrerie.it\/en\/","logo":{"@type":"ImageObject","inLanguage":"en-US","@id":"https:\/\/faravetrerie.it\/en\/#\/schema\/logo\/image\/","url":"https:\/\/faravetrerie.it\/wp-content\/uploads\/2025\/12\/logo-fara-bianco.png","contentUrl":"https:\/\/faravetrerie.it\/wp-content\/uploads\/2025\/12\/logo-fara-bianco.png","width":2038,"height":2942,"caption":"Fara Vetrerie e Cristallerie"},"image":{"@id":"https:\/\/faravetrerie.it\/en\/#\/schema\/logo\/image\/"}}]}},"_links":{"self":[{"href":"https:\/\/faravetrerie.it\/en\/wp-json\/wp\/v2\/product\/25647","targetHints":{"allow":["GET"]}}],"collection":[{"href":"https:\/\/faravetrerie.it\/en\/wp-json\/wp\/v2\/product"}],"about":[{"href":"https:\/\/faravetrerie.it\/en\/wp-json\/wp\/v2\/types\/product"}],"wp:featuredmedia":[{"embeddable":true,"href":"https:\/\/faravetrerie.it\/en\/wp-json\/wp\/v2\/media\/15014"}],"wp:attachment":[{"href":"https:\/\/faravetrerie.it\/en\/wp-json\/wp\/v2\/media?parent=25647"}],"wp:term":[{"taxonomy":"product_brand","embeddable":true,"href":"https:\/\/faravetrerie.it\/en\/wp-json\/wp\/v2\/product_brand?post=25647"},{"taxonomy":"product_cat","embeddable":true,"href":"https:\/\/faravetrerie.it\/en\/wp-json\/wp\/v2\/product_cat?post=25647"},{"taxonomy":"product_tag","embeddable":true,"href":"https:\/\/faravetrerie.it\/en\/wp-json\/wp\/v2\/product_tag?post=25647"}],"curies":[{"name":"wp","href":"https:\/\/api.w.org\/{rel}","templated":true}]}}