{"id":25649,"date":"2025-12-23T16:42:53","date_gmt":"2025-12-23T15:42:53","guid":{"rendered":"https:\/\/sviluppo.faravetrerie.it\/blog\/?post_type=product&#038;p=25649"},"modified":"2026-01-29T12:22:06","modified_gmt":"2026-01-29T11:22:06","slug":"boccale-reno-ottico-0-2-l","status":"publish","type":"product","link":"https:\/\/faravetrerie.it\/en\/shop-en\/beer\/boccale-reno-ottico-0-2-l\/","title":{"rendered":"BOCCALE RENO OTTICO 0.2 L"},"content":{"rendered":"<article class=\"w-full text-token-text-primary focus-visible:outline-2 focus-visible:outline-offset-[-4px]\" dir=\"auto\" data-testid=\"conversation-turn-133\" data-scroll-anchor=\"true\">\n<div class=\"m-auto text-base py-[18px] px-6\">\n<div class=\"mx-auto flex flex-1 text-base gap-4 md:gap-5 lg:gap-6 md:max-w-3xl\">\n<div class=\"group\/conversation-turn relative flex w-full min-w-0 flex-col agent-turn @xs\/thread:px-0 @sm\/thread:px-1.5 @md\/thread:px-4\">\n<div class=\"flex-col gap-1 md:gap-3\">\n<div class=\"flex max-w-full flex-col flex-grow\">\n<div class=\"min-h-8 text-message relative flex w-full flex-col items-end gap-2 whitespace-normal break-words text-start [.text-message+&amp;]:mt-5\" dir=\"auto\" data-message-author-role=\"assistant\" data-message-id=\"2c2012ef-8744-4191-9099-06f87409b740\" data-message-model-slug=\"gpt-4o-mini\">\n<div class=\"flex w-full flex-col gap-1 empty:hidden first:pt-[3px]\">\n<div class=\"markdown prose w-full break-words dark:prose-invert light\">\n<h4 data-start=\"0\" data-end=\"80\"><strong data-start=\"0\" data-end=\"79\">Boccale Reno Ottico 0.2 L: Design Elegante e Resistente per Ogni Bevanda<\/strong><\/h4>\n<p data-start=\"82\" data-end=\"385\">Il <strong data-start=\"85\" data-end=\"117\">Boccale Reno Ottico 0.2 L<\/strong> \u00e8 un bicchiere dal design semplice, caratterizzato da linee verticali che conferiscono movimento e dinamicit\u00e0 alla sua forma. Con una capacit\u00e0 di <strong data-start=\"264\" data-end=\"277\">0.2 litri<\/strong>, \u00e8 ideale per servire piccole porzioni di birra o altre bevande, mantenendo un aspetto raffinato e pratico.<\/p>\n<h5>Ecco le sue caratteristiche principali:<\/h5>\n<h5><strong data-start=\"430\" data-end=\"469\">Design Semplice con Linee Verticali<\/strong>:<\/h5>\n<p>Le linee verticali donano al bicchiere un aspetto dinamico e moderno, che lo rende perfetto per ogni tipo di locale.<\/p>\n<p><strong data-start=\"590\" data-end=\"611\">Capacit\u00e0 da 0.2 L<\/strong>:<\/p>\n<p>La dimensione ideale per una porzione di bevanda pi\u00f9 piccola, mantenendo un\u2019ottima resa visiva e gustativa.<\/p>\n<h5><strong data-start=\"723\" data-end=\"743\">Vetro Resistente<\/strong>:<\/h5>\n<p>Realizzato in <strong data-start=\"759\" data-end=\"785\">vetro molto resistente<\/strong>, \u00e8 progettato per resistere all\u2019uso intenso in ambienti di ristorazione senza compromettere la sua integrit\u00e0.<\/p>\n<h5><strong data-start=\"898\" data-end=\"929\">Ampiamente Personalizzabile<\/strong>:<\/h5>\n<p>Una delle principali caratteristiche di questo boccale \u00e8 la <strong data-start=\"1317\" data-end=\"1350\">facilit\u00e0 di personalizzazione<\/strong>. Grazie alla superficie liscia e ampia, pu\u00f2 essere facilmente personalizzato con loghi, scritte o grafiche, rendendolo un&#8217;ottima scelta per locali e attivit\u00e0 commerciali che desiderano offrire un prodotto unico e distintivo. Inoltre, la sua capacit\u00e0 di essere personalizzato lo rende perfetto per eventi speciali, regali aziendali o per rafforzare l&#8217;identit\u00e0 del marchio.<\/p>\n<h5><strong data-start=\"1070\" data-end=\"1090\">Facile da Pulire<\/strong>:<\/h5>\n<p>il <strong data-start=\"1735\" data-end=\"1767\">Boccale Reno Ottico 0.2 L<\/strong> \u00e8 <strong data-start=\"1770\" data-end=\"1790\">facile da pulire<\/strong>, grazie al suo design semplice che permette una rapida manutenzione. \u00c8 una soluzione ideale per ambienti professionali, dove l\u2019igiene e la praticit\u00e0 sono essenziali. Questo bicchiere rappresenta la combinazione perfetta di resistenza, eleganza e funzionalit\u00e0, rendendolo un accessorio indispensabile per ogni attivit\u00e0 di ristorazione.<\/p>\n<p>Perfetto per ristoranti, pub e birrerie, il <strong data-start=\"1229\" data-end=\"1261\">Boccale Reno Ottico 0.2 L<\/strong> \u00e8 una scelta versatile, resistente ed esteticamente piacevole, ideale per ogni tipo di bevanda e per ambienti ad alto traffico.<\/p>\n<\/div>\n<\/div>\n<\/div>\n<\/div>\n<div class=\"mb-2 flex gap-3 empty:hidden -ml-2\">\n<div class=\"items-center justify-start rounded-xl p-1 flex\">\n<div class=\"flex items-center\"><\/div>\n<\/div>\n<\/div>\n<div class=\"mt-3 w-full empty:hidden\">\n<div class=\"text-center\"><\/div>\n<\/div>\n<\/div>\n<div class=\"absolute\">\n<div class=\"flex items-center justify-center\"><\/div>\n<\/div>\n<\/div>\n<\/div>\n<\/div>\n<\/article>\n<div class=\"pointer-events-none h-px w-px\" aria-hidden=\"true\" data-edge=\"true\"><\/div>\n","protected":false},"excerpt":{"rendered":"<p>Un boccale dalla forma semplice con linee verticali che donano movimento. Ampiamente personalizzabile e in vetro molto resistente ottimo per un uso intenso<\/p>\n<p>cl. 26<\/p>\n<p>fl.oz. 8,79<\/p>\n<p>h. 118 mm.<\/p>\n<p>\u00d8 64 mm.<\/p>\n<p>CON INCISA LINEA DI GRAMMATURA A 0,2 L<\/p>\n","protected":false},"featured_media":15015,"template":"","meta":{"inline_featured_image":false},"product_brand":[],"product_cat":[24],"product_tag":[1003],"class_list":{"0":"post-25649","1":"product","2":"type-product","3":"status-publish","4":"has-post-thumbnail","6":"product_cat-birra","7":"product_tag-bicchiere-birra","9":"first","10":"instock","11":"taxable","12":"shipping-taxable","13":"product-type-simple"},"yoast_head":"<!-- This site is optimized with the Yoast SEO plugin v26.6 - https:\/\/yoast.com\/wordpress\/plugins\/seo\/ -->\n<title>BOCCALE RENO OTTICO 0.2 L - Fara Vetrerie e Cristallerie<\/title>\n<meta name=\"description\" content=\"boccale renoottico 0.2 l dalla forma semplice con linee verticali. Ampiamente personalizzabile e in vetro molto resistente ottimo per un uso intenso\" \/>\n<meta name=\"robots\" content=\"index, follow, max-snippet:-1, max-image-preview:large, max-video-preview:-1\" \/>\n<link rel=\"canonical\" href=\"https:\/\/faravetrerie.it\/en\/shop-en\/beer\/boccale-reno-ottico-0-2-l\/\" \/>\n<meta property=\"og:locale\" content=\"en_US\" \/>\n<meta property=\"og:type\" content=\"article\" \/>\n<meta property=\"og:title\" content=\"BOCCALE RENO OTTICO 0.2 L - Fara Vetrerie e Cristallerie\" \/>\n<meta property=\"og:description\" content=\"boccale renoottico 0.2 l dalla forma semplice con linee verticali. Ampiamente personalizzabile e in vetro molto resistente ottimo per un uso intenso\" \/>\n<meta property=\"og:url\" content=\"https:\/\/faravetrerie.it\/en\/shop-en\/beer\/boccale-reno-ottico-0-2-l\/\" \/>\n<meta property=\"og:site_name\" content=\"Fara Vetrerie e Cristallerie\" \/>\n<meta property=\"article:modified_time\" content=\"2026-01-29T11:22:06+00:00\" \/>\n<meta property=\"og:image\" content=\"https:\/\/faravetrerie.it\/wp-content\/uploads\/2025\/12\/VPBER02_01-scaled-1.jpg\" \/>\n\t<meta property=\"og:image:width\" content=\"2267\" \/>\n\t<meta property=\"og:image:height\" content=\"2560\" \/>\n\t<meta property=\"og:image:type\" content=\"image\/jpeg\" \/>\n<meta name=\"twitter:card\" content=\"summary_large_image\" \/>\n<meta name=\"twitter:label1\" content=\"Est. reading time\" \/>\n\t<meta name=\"twitter:data1\" content=\"2 minutes\" \/>\n<script type=\"application\/ld+json\" class=\"yoast-schema-graph\">{\"@context\":\"https:\/\/schema.org\",\"@graph\":[{\"@type\":\"WebPage\",\"@id\":\"https:\/\/faravetrerie.it\/en\/shop-en\/beer\/boccale-reno-ottico-0-2-l\/\",\"url\":\"https:\/\/faravetrerie.it\/en\/shop-en\/beer\/boccale-reno-ottico-0-2-l\/\",\"name\":\"BOCCALE RENO OTTICO 0.2 L - Fara Vetrerie e Cristallerie\",\"isPartOf\":{\"@id\":\"https:\/\/faravetrerie.it\/en\/#website\"},\"primaryImageOfPage\":{\"@id\":\"https:\/\/faravetrerie.it\/en\/shop-en\/beer\/boccale-reno-ottico-0-2-l\/#primaryimage\"},\"image\":{\"@id\":\"https:\/\/faravetrerie.it\/en\/shop-en\/beer\/boccale-reno-ottico-0-2-l\/#primaryimage\"},\"thumbnailUrl\":\"https:\/\/faravetrerie.it\/wp-content\/uploads\/2025\/12\/VPBER02_01-scaled-1.jpg\",\"datePublished\":\"2025-12-23T15:42:53+00:00\",\"dateModified\":\"2026-01-29T11:22:06+00:00\",\"description\":\"boccale renoottico 0.2 l dalla forma semplice con linee verticali. Ampiamente personalizzabile e in vetro molto resistente ottimo per un uso intenso\",\"breadcrumb\":{\"@id\":\"https:\/\/faravetrerie.it\/en\/shop-en\/beer\/boccale-reno-ottico-0-2-l\/#breadcrumb\"},\"inLanguage\":\"en-US\",\"potentialAction\":[{\"@type\":\"ReadAction\",\"target\":[\"https:\/\/faravetrerie.it\/en\/shop-en\/beer\/boccale-reno-ottico-0-2-l\/\"]}]},{\"@type\":\"ImageObject\",\"inLanguage\":\"en-US\",\"@id\":\"https:\/\/faravetrerie.it\/en\/shop-en\/beer\/boccale-reno-ottico-0-2-l\/#primaryimage\",\"url\":\"https:\/\/faravetrerie.it\/wp-content\/uploads\/2025\/12\/VPBER02_01-scaled-1.jpg\",\"contentUrl\":\"https:\/\/faravetrerie.it\/wp-content\/uploads\/2025\/12\/VPBER02_01-scaled-1.jpg\",\"width\":2267,\"height\":2560,\"caption\":\"Boccale Reno Ottico 0.2 L\"},{\"@type\":\"BreadcrumbList\",\"@id\":\"https:\/\/faravetrerie.it\/en\/shop-en\/beer\/boccale-reno-ottico-0-2-l\/#breadcrumb\",\"itemListElement\":[{\"@type\":\"ListItem\",\"position\":1,\"name\":\"Home\",\"item\":\"https:\/\/faravetrerie.it\/en\/\"},{\"@type\":\"ListItem\",\"position\":2,\"name\":\"Shop\",\"item\":\"https:\/\/faravetrerie.it\/en\/shop-en\/\"},{\"@type\":\"ListItem\",\"position\":3,\"name\":\"BOCCALE RENO OTTICO 0.2 L\"}]},{\"@type\":\"WebSite\",\"@id\":\"https:\/\/faravetrerie.it\/en\/#website\",\"url\":\"https:\/\/faravetrerie.it\/en\/\",\"name\":\"Fara Vetrerie e Cristallerie\",\"description\":\"\",\"publisher\":{\"@id\":\"https:\/\/faravetrerie.it\/en\/#organization\"},\"potentialAction\":[{\"@type\":\"SearchAction\",\"target\":{\"@type\":\"EntryPoint\",\"urlTemplate\":\"https:\/\/faravetrerie.it\/en\/?s={search_term_string}\"},\"query-input\":{\"@type\":\"PropertyValueSpecification\",\"valueRequired\":true,\"valueName\":\"search_term_string\"}}],\"inLanguage\":\"en-US\"},{\"@type\":\"Organization\",\"@id\":\"https:\/\/faravetrerie.it\/en\/#organization\",\"name\":\"Fara Vetrerie e Cristallerie\",\"url\":\"https:\/\/faravetrerie.it\/en\/\",\"logo\":{\"@type\":\"ImageObject\",\"inLanguage\":\"en-US\",\"@id\":\"https:\/\/faravetrerie.it\/en\/#\/schema\/logo\/image\/\",\"url\":\"https:\/\/faravetrerie.it\/wp-content\/uploads\/2025\/12\/logo-fara-bianco.png\",\"contentUrl\":\"https:\/\/faravetrerie.it\/wp-content\/uploads\/2025\/12\/logo-fara-bianco.png\",\"width\":2038,\"height\":2942,\"caption\":\"Fara Vetrerie e Cristallerie\"},\"image\":{\"@id\":\"https:\/\/faravetrerie.it\/en\/#\/schema\/logo\/image\/\"}}]}<\/script>\n<!-- \/ Yoast SEO plugin. -->","yoast_head_json":{"title":"BOCCALE RENO OTTICO 0.2 L - Fara Vetrerie e Cristallerie","description":"boccale renoottico 0.2 l dalla forma semplice con linee verticali. Ampiamente personalizzabile e in vetro molto resistente ottimo per un uso intenso","robots":{"index":"index","follow":"follow","max-snippet":"max-snippet:-1","max-image-preview":"max-image-preview:large","max-video-preview":"max-video-preview:-1"},"canonical":"https:\/\/faravetrerie.it\/en\/shop-en\/beer\/boccale-reno-ottico-0-2-l\/","og_locale":"en_US","og_type":"article","og_title":"BOCCALE RENO OTTICO 0.2 L - Fara Vetrerie e Cristallerie","og_description":"boccale renoottico 0.2 l dalla forma semplice con linee verticali. Ampiamente personalizzabile e in vetro molto resistente ottimo per un uso intenso","og_url":"https:\/\/faravetrerie.it\/en\/shop-en\/beer\/boccale-reno-ottico-0-2-l\/","og_site_name":"Fara Vetrerie e Cristallerie","article_modified_time":"2026-01-29T11:22:06+00:00","og_image":[{"width":2267,"height":2560,"url":"https:\/\/faravetrerie.it\/wp-content\/uploads\/2025\/12\/VPBER02_01-scaled-1.jpg","type":"image\/jpeg"}],"twitter_card":"summary_large_image","twitter_misc":{"Est. reading time":"2 minutes"},"schema":{"@context":"https:\/\/schema.org","@graph":[{"@type":"WebPage","@id":"https:\/\/faravetrerie.it\/en\/shop-en\/beer\/boccale-reno-ottico-0-2-l\/","url":"https:\/\/faravetrerie.it\/en\/shop-en\/beer\/boccale-reno-ottico-0-2-l\/","name":"BOCCALE RENO OTTICO 0.2 L - Fara Vetrerie e Cristallerie","isPartOf":{"@id":"https:\/\/faravetrerie.it\/en\/#website"},"primaryImageOfPage":{"@id":"https:\/\/faravetrerie.it\/en\/shop-en\/beer\/boccale-reno-ottico-0-2-l\/#primaryimage"},"image":{"@id":"https:\/\/faravetrerie.it\/en\/shop-en\/beer\/boccale-reno-ottico-0-2-l\/#primaryimage"},"thumbnailUrl":"https:\/\/faravetrerie.it\/wp-content\/uploads\/2025\/12\/VPBER02_01-scaled-1.jpg","datePublished":"2025-12-23T15:42:53+00:00","dateModified":"2026-01-29T11:22:06+00:00","description":"boccale renoottico 0.2 l dalla forma semplice con linee verticali. Ampiamente personalizzabile e in vetro molto resistente ottimo per un uso intenso","breadcrumb":{"@id":"https:\/\/faravetrerie.it\/en\/shop-en\/beer\/boccale-reno-ottico-0-2-l\/#breadcrumb"},"inLanguage":"en-US","potentialAction":[{"@type":"ReadAction","target":["https:\/\/faravetrerie.it\/en\/shop-en\/beer\/boccale-reno-ottico-0-2-l\/"]}]},{"@type":"ImageObject","inLanguage":"en-US","@id":"https:\/\/faravetrerie.it\/en\/shop-en\/beer\/boccale-reno-ottico-0-2-l\/#primaryimage","url":"https:\/\/faravetrerie.it\/wp-content\/uploads\/2025\/12\/VPBER02_01-scaled-1.jpg","contentUrl":"https:\/\/faravetrerie.it\/wp-content\/uploads\/2025\/12\/VPBER02_01-scaled-1.jpg","width":2267,"height":2560,"caption":"Boccale Reno Ottico 0.2 L"},{"@type":"BreadcrumbList","@id":"https:\/\/faravetrerie.it\/en\/shop-en\/beer\/boccale-reno-ottico-0-2-l\/#breadcrumb","itemListElement":[{"@type":"ListItem","position":1,"name":"Home","item":"https:\/\/faravetrerie.it\/en\/"},{"@type":"ListItem","position":2,"name":"Shop","item":"https:\/\/faravetrerie.it\/en\/shop-en\/"},{"@type":"ListItem","position":3,"name":"BOCCALE RENO OTTICO 0.2 L"}]},{"@type":"WebSite","@id":"https:\/\/faravetrerie.it\/en\/#website","url":"https:\/\/faravetrerie.it\/en\/","name":"Fara Vetrerie e Cristallerie","description":"","publisher":{"@id":"https:\/\/faravetrerie.it\/en\/#organization"},"potentialAction":[{"@type":"SearchAction","target":{"@type":"EntryPoint","urlTemplate":"https:\/\/faravetrerie.it\/en\/?s={search_term_string}"},"query-input":{"@type":"PropertyValueSpecification","valueRequired":true,"valueName":"search_term_string"}}],"inLanguage":"en-US"},{"@type":"Organization","@id":"https:\/\/faravetrerie.it\/en\/#organization","name":"Fara Vetrerie e Cristallerie","url":"https:\/\/faravetrerie.it\/en\/","logo":{"@type":"ImageObject","inLanguage":"en-US","@id":"https:\/\/faravetrerie.it\/en\/#\/schema\/logo\/image\/","url":"https:\/\/faravetrerie.it\/wp-content\/uploads\/2025\/12\/logo-fara-bianco.png","contentUrl":"https:\/\/faravetrerie.it\/wp-content\/uploads\/2025\/12\/logo-fara-bianco.png","width":2038,"height":2942,"caption":"Fara Vetrerie e Cristallerie"},"image":{"@id":"https:\/\/faravetrerie.it\/en\/#\/schema\/logo\/image\/"}}]}},"_links":{"self":[{"href":"https:\/\/faravetrerie.it\/en\/wp-json\/wp\/v2\/product\/25649","targetHints":{"allow":["GET"]}}],"collection":[{"href":"https:\/\/faravetrerie.it\/en\/wp-json\/wp\/v2\/product"}],"about":[{"href":"https:\/\/faravetrerie.it\/en\/wp-json\/wp\/v2\/types\/product"}],"wp:featuredmedia":[{"embeddable":true,"href":"https:\/\/faravetrerie.it\/en\/wp-json\/wp\/v2\/media\/15015"}],"wp:attachment":[{"href":"https:\/\/faravetrerie.it\/en\/wp-json\/wp\/v2\/media?parent=25649"}],"wp:term":[{"taxonomy":"product_brand","embeddable":true,"href":"https:\/\/faravetrerie.it\/en\/wp-json\/wp\/v2\/product_brand?post=25649"},{"taxonomy":"product_cat","embeddable":true,"href":"https:\/\/faravetrerie.it\/en\/wp-json\/wp\/v2\/product_cat?post=25649"},{"taxonomy":"product_tag","embeddable":true,"href":"https:\/\/faravetrerie.it\/en\/wp-json\/wp\/v2\/product_tag?post=25649"}],"curies":[{"name":"wp","href":"https:\/\/api.w.org\/{rel}","templated":true}]}}