{"id":25656,"date":"2025-12-23T16:42:53","date_gmt":"2025-12-23T15:42:53","guid":{"rendered":"https:\/\/sviluppo.faravetrerie.it\/blog\/?post_type=product&#038;p=25656"},"modified":"2026-01-29T12:25:44","modified_gmt":"2026-01-29T11:25:44","slug":"bicchiere-leau-30-cl","status":"publish","type":"product","link":"https:\/\/faravetrerie.it\/en\/shop-en\/water-en\/water-glasses\/bicchiere-leau-30-cl\/","title":{"rendered":"BICCHIERE L&#8217;EAU 30 CL"},"content":{"rendered":"<div class=\"flex-1 overflow-hidden @container\/thread translate-y-[2rem] -mt-[2rem] pb-[1.5rem]\">\n<div class=\"relative h-full\">\n<div class=\"flex h-full flex-col overflow-y-auto [scrollbar-gutter:stable]\">\n<div class=\"flex flex-col text-sm md:pb-9\">\n<article class=\"w-full text-token-text-primary focus-visible:outline-2 focus-visible:outline-offset-[-4px]\" dir=\"auto\" data-testid=\"conversation-turn-9\" data-scroll-anchor=\"true\">\n<div class=\"m-auto text-base py-[18px] px-6\">\n<div class=\"mx-auto flex flex-1 text-base gap-4 md:gap-5 lg:gap-6 md:max-w-3xl\">\n<div class=\"group\/conversation-turn relative flex w-full min-w-0 flex-col agent-turn @xs\/thread:px-0 @sm\/thread:px-1.5 @md\/thread:px-4\">\n<div class=\"flex-col gap-1 md:gap-3\">\n<div class=\"flex max-w-full flex-col flex-grow\">\n<div class=\"min-h-8 text-message relative flex w-full flex-col items-end gap-2 whitespace-normal break-words text-start [.text-message+&amp;]:mt-5\" dir=\"auto\" data-message-author-role=\"assistant\" data-message-id=\"1fede65e-871d-4e25-8a70-6716551441ae\" data-message-model-slug=\"gpt-4o-mini\">\n<div class=\"flex w-full flex-col gap-1 empty:hidden first:pt-[3px]\">\n<div class=\"markdown prose w-full break-words dark:prose-invert light\">\n<h4 data-start=\"0\" data-end=\"62\"><strong data-start=\"0\" data-end=\"62\">Bicchiere L&#8217;Eau 30 cl \u2013 Eleganza e Armonia per Ogni Tavola<\/strong><\/h4>\n<p data-start=\"64\" data-end=\"457\">Il bicchiere L&#8217;Eau da 30 cl \u00e8 l&#8217;accessorio perfetto per servire l&#8217;acqua con stile, combinando funzionalit\u00e0 ed estetica. La sua forma armonica e delicata lo rende ideale per qualsiasi tipo di tavola, dalle pi\u00f9 classiche alle pi\u00f9 moderne. Elegante e versatile, questo bicchiere \u00e8 pensato per valorizzare ogni occasione, che si tratti di un pranzo formale, una cena elegante o un evento speciale.<\/p>\n<h5 data-start=\"459\" data-end=\"490\"><strong data-start=\"459\" data-end=\"490\">Design Elegante e Raffinato<\/strong><\/h5>\n<p data-start=\"492\" data-end=\"988\">La caratteristica distintiva del bicchiere L&#8217;Eau \u00e8 la sua forma armoniosa e raffinata, che permette di servire l&#8217;acqua in modo sofisticato. La base solida e il corpo delicato conferiscono a ogni bicchiere un aspetto elegante, che si integra perfettamente con una variet\u00e0 di stili di tavola. Perfetto per aggiungere un tocco di classe a cene eleganti, eventi aziendali o semplicemente per la quotidianit\u00e0, il bicchiere L&#8217;Eau \u00e8 un must-have per chi ama l&#8217;estetica senza sacrificare la funzionalit\u00e0.<\/p>\n<h5 data-start=\"990\" data-end=\"1023\"><strong data-start=\"990\" data-end=\"1023\">Versatilit\u00e0 per Ogni Ambiente<\/strong><\/h5>\n<p data-start=\"1025\" data-end=\"1390\">Il bicchiere L&#8217;Eau \u00e8 progettato per adattarsi facilmente sia a tavole classiche, con tovaglie eleganti e stoviglie tradizionali, che a tavole moderne, dove linee pulite e design minimalisti sono protagonisti. La sua semplicit\u00e0 elegante lo rende perfetto per ogni tipo di evento, sia formale che informale, aggiungendo un tocco di raffinatezza senza esagerare.<\/p>\n<h5 data-start=\"1392\" data-end=\"1424\"><strong data-start=\"1392\" data-end=\"1424\">Perfetto per Servire l&#8217;Acqua<\/strong><\/h5>\n<p data-start=\"1426\" data-end=\"1706\">Con una capacit\u00e0 di 30 cl, il bicchiere L&#8217;Eau \u00e8 ideale per servire l&#8217;acqua, ma pu\u00f2 essere utilizzato anche per altre bevande fredde come succhi o bibite. La sua capacit\u00e0 \u00e8 perfetta per garantire la giusta quantit\u00e0 di liquido, mantenendo la presentazione sempre elegante e pratica.<\/p>\n<h5 data-start=\"1708\" data-end=\"1743\"><strong data-start=\"1708\" data-end=\"1743\">Un Bicchiere per Ogni Occasione<\/strong><\/h5>\n<p data-start=\"1745\" data-end=\"1982\">Che si tratti di un ricevimento elegante, di un pranzo in famiglia o di un incontro formale, il bicchiere L&#8217;Eau 30 cl \u00e8 sempre la scelta giusta per servire l\u2019acqua con classe. La sua versatilit\u00e0 lo rende adatto a ogni tavola e occasione.<\/p>\n<p data-start=\"1984\" data-end=\"2147\" data-is-last-node=\"\" data-is-only-node=\"\">Scegli il bicchiere L&#8217;Eau per unire funzionalit\u00e0, eleganza e design armonioso. Perfetto per arricchire ogni tuo evento e tavola con un tocco di raffinatezza!<\/p>\n<\/div>\n<\/div>\n<\/div>\n<\/div>\n<\/div>\n<\/div>\n<\/div>\n<\/div>\n<\/article>\n<\/div>\n<\/div>\n<\/div>\n<\/div>\n","protected":false},"excerpt":{"rendered":"<p>Il bicchiere ideale per l&#8217;acqua. La sua forma armonica e delicata si adatta alle tavole classiche ma anche a quelle moderne.<\/p>\n<p>cl. 30<\/p>\n<p>fl.oz. 10,56<\/p>\n<p>h. 100 mm.<\/p>\n<p>\u00d8 72 mm.<\/p>\n","protected":false},"featured_media":23236,"template":"","meta":{"inline_featured_image":false},"product_brand":[],"product_cat":[23,34],"product_tag":[],"class_list":{"0":"post-25656","1":"product","2":"type-product","3":"status-publish","4":"has-post-thumbnail","6":"product_cat-acqua","7":"product_cat-bicchieri-acqua","9":"first","10":"instock","11":"taxable","12":"shipping-taxable","13":"product-type-simple"},"yoast_head":"<!-- This site is optimized with the Yoast SEO plugin v26.6 - https:\/\/yoast.com\/wordpress\/plugins\/seo\/ -->\n<title>BICCHIERE L&#039;EAU 30 CL - Fara Vetrerie e Cristallerie<\/title>\n<meta name=\"description\" content=\"Il bicchiere l&#039;eau 30 cl ideale per l&#039;acqua. La sua forma armonica e delicata si adatta alle tavole classiche ma anche a quelle moderne.\" \/>\n<meta name=\"robots\" content=\"index, follow, max-snippet:-1, max-image-preview:large, max-video-preview:-1\" \/>\n<link rel=\"canonical\" href=\"https:\/\/faravetrerie.it\/en\/shop-en\/water-en\/water-glasses\/bicchiere-leau-30-cl\/\" \/>\n<meta property=\"og:locale\" content=\"en_US\" \/>\n<meta property=\"og:type\" content=\"article\" \/>\n<meta property=\"og:title\" content=\"BICCHIERE L&#039;EAU 30 CL - Fara Vetrerie e Cristallerie\" \/>\n<meta property=\"og:description\" content=\"Il bicchiere l&#039;eau 30 cl ideale per l&#039;acqua. La sua forma armonica e delicata si adatta alle tavole classiche ma anche a quelle moderne.\" \/>\n<meta property=\"og:url\" content=\"https:\/\/faravetrerie.it\/en\/shop-en\/water-en\/water-glasses\/bicchiere-leau-30-cl\/\" \/>\n<meta property=\"og:site_name\" content=\"Fara Vetrerie e Cristallerie\" \/>\n<meta property=\"article:modified_time\" content=\"2026-01-29T11:25:44+00:00\" \/>\n<meta property=\"og:image\" content=\"https:\/\/faravetrerie.it\/wp-content\/uploads\/2025\/12\/FVEAU1_01-e1591197211299-3.jpg\" \/>\n\t<meta property=\"og:image:width\" content=\"1461\" \/>\n\t<meta property=\"og:image:height\" content=\"1506\" \/>\n\t<meta property=\"og:image:type\" content=\"image\/jpeg\" \/>\n<meta name=\"twitter:card\" content=\"summary_large_image\" \/>\n<meta name=\"twitter:label1\" content=\"Est. reading time\" \/>\n\t<meta name=\"twitter:data1\" content=\"2 minutes\" \/>\n<script type=\"application\/ld+json\" class=\"yoast-schema-graph\">{\"@context\":\"https:\/\/schema.org\",\"@graph\":[{\"@type\":\"WebPage\",\"@id\":\"https:\/\/faravetrerie.it\/en\/shop-en\/water-en\/water-glasses\/bicchiere-leau-30-cl\/\",\"url\":\"https:\/\/faravetrerie.it\/en\/shop-en\/water-en\/water-glasses\/bicchiere-leau-30-cl\/\",\"name\":\"BICCHIERE L'EAU 30 CL - Fara Vetrerie e Cristallerie\",\"isPartOf\":{\"@id\":\"https:\/\/faravetrerie.it\/en\/#website\"},\"primaryImageOfPage\":{\"@id\":\"https:\/\/faravetrerie.it\/en\/shop-en\/water-en\/water-glasses\/bicchiere-leau-30-cl\/#primaryimage\"},\"image\":{\"@id\":\"https:\/\/faravetrerie.it\/en\/shop-en\/water-en\/water-glasses\/bicchiere-leau-30-cl\/#primaryimage\"},\"thumbnailUrl\":\"https:\/\/faravetrerie.it\/wp-content\/uploads\/2025\/12\/FVEAU1_01-e1591197211299-3.jpg\",\"datePublished\":\"2025-12-23T15:42:53+00:00\",\"dateModified\":\"2026-01-29T11:25:44+00:00\",\"description\":\"Il bicchiere l'eau 30 cl ideale per l'acqua. La sua forma armonica e delicata si adatta alle tavole classiche ma anche a quelle moderne.\",\"breadcrumb\":{\"@id\":\"https:\/\/faravetrerie.it\/en\/shop-en\/water-en\/water-glasses\/bicchiere-leau-30-cl\/#breadcrumb\"},\"inLanguage\":\"en-US\",\"potentialAction\":[{\"@type\":\"ReadAction\",\"target\":[\"https:\/\/faravetrerie.it\/en\/shop-en\/water-en\/water-glasses\/bicchiere-leau-30-cl\/\"]}]},{\"@type\":\"ImageObject\",\"inLanguage\":\"en-US\",\"@id\":\"https:\/\/faravetrerie.it\/en\/shop-en\/water-en\/water-glasses\/bicchiere-leau-30-cl\/#primaryimage\",\"url\":\"https:\/\/faravetrerie.it\/wp-content\/uploads\/2025\/12\/FVEAU1_01-e1591197211299-3.jpg\",\"contentUrl\":\"https:\/\/faravetrerie.it\/wp-content\/uploads\/2025\/12\/FVEAU1_01-e1591197211299-3.jpg\",\"width\":1461,\"height\":1506,\"caption\":\"Bicchiere L'Eau 30 cl\"},{\"@type\":\"BreadcrumbList\",\"@id\":\"https:\/\/faravetrerie.it\/en\/shop-en\/water-en\/water-glasses\/bicchiere-leau-30-cl\/#breadcrumb\",\"itemListElement\":[{\"@type\":\"ListItem\",\"position\":1,\"name\":\"Home\",\"item\":\"https:\/\/faravetrerie.it\/en\/\"},{\"@type\":\"ListItem\",\"position\":2,\"name\":\"Shop\",\"item\":\"https:\/\/faravetrerie.it\/en\/shop-en\/\"},{\"@type\":\"ListItem\",\"position\":3,\"name\":\"BICCHIERE L&#8217;EAU 30 CL\"}]},{\"@type\":\"WebSite\",\"@id\":\"https:\/\/faravetrerie.it\/en\/#website\",\"url\":\"https:\/\/faravetrerie.it\/en\/\",\"name\":\"Fara Vetrerie e Cristallerie\",\"description\":\"\",\"publisher\":{\"@id\":\"https:\/\/faravetrerie.it\/en\/#organization\"},\"potentialAction\":[{\"@type\":\"SearchAction\",\"target\":{\"@type\":\"EntryPoint\",\"urlTemplate\":\"https:\/\/faravetrerie.it\/en\/?s={search_term_string}\"},\"query-input\":{\"@type\":\"PropertyValueSpecification\",\"valueRequired\":true,\"valueName\":\"search_term_string\"}}],\"inLanguage\":\"en-US\"},{\"@type\":\"Organization\",\"@id\":\"https:\/\/faravetrerie.it\/en\/#organization\",\"name\":\"Fara Vetrerie e Cristallerie\",\"url\":\"https:\/\/faravetrerie.it\/en\/\",\"logo\":{\"@type\":\"ImageObject\",\"inLanguage\":\"en-US\",\"@id\":\"https:\/\/faravetrerie.it\/en\/#\/schema\/logo\/image\/\",\"url\":\"https:\/\/faravetrerie.it\/wp-content\/uploads\/2025\/12\/logo-fara-bianco.png\",\"contentUrl\":\"https:\/\/faravetrerie.it\/wp-content\/uploads\/2025\/12\/logo-fara-bianco.png\",\"width\":2038,\"height\":2942,\"caption\":\"Fara Vetrerie e Cristallerie\"},\"image\":{\"@id\":\"https:\/\/faravetrerie.it\/en\/#\/schema\/logo\/image\/\"}}]}<\/script>\n<!-- \/ Yoast SEO plugin. -->","yoast_head_json":{"title":"BICCHIERE L'EAU 30 CL - Fara Vetrerie e Cristallerie","description":"Il bicchiere l'eau 30 cl ideale per l'acqua. La sua forma armonica e delicata si adatta alle tavole classiche ma anche a quelle moderne.","robots":{"index":"index","follow":"follow","max-snippet":"max-snippet:-1","max-image-preview":"max-image-preview:large","max-video-preview":"max-video-preview:-1"},"canonical":"https:\/\/faravetrerie.it\/en\/shop-en\/water-en\/water-glasses\/bicchiere-leau-30-cl\/","og_locale":"en_US","og_type":"article","og_title":"BICCHIERE L'EAU 30 CL - Fara Vetrerie e Cristallerie","og_description":"Il bicchiere l'eau 30 cl ideale per l'acqua. La sua forma armonica e delicata si adatta alle tavole classiche ma anche a quelle moderne.","og_url":"https:\/\/faravetrerie.it\/en\/shop-en\/water-en\/water-glasses\/bicchiere-leau-30-cl\/","og_site_name":"Fara Vetrerie e Cristallerie","article_modified_time":"2026-01-29T11:25:44+00:00","og_image":[{"width":1461,"height":1506,"url":"https:\/\/faravetrerie.it\/wp-content\/uploads\/2025\/12\/FVEAU1_01-e1591197211299-3.jpg","type":"image\/jpeg"}],"twitter_card":"summary_large_image","twitter_misc":{"Est. reading time":"2 minutes"},"schema":{"@context":"https:\/\/schema.org","@graph":[{"@type":"WebPage","@id":"https:\/\/faravetrerie.it\/en\/shop-en\/water-en\/water-glasses\/bicchiere-leau-30-cl\/","url":"https:\/\/faravetrerie.it\/en\/shop-en\/water-en\/water-glasses\/bicchiere-leau-30-cl\/","name":"BICCHIERE L'EAU 30 CL - Fara Vetrerie e Cristallerie","isPartOf":{"@id":"https:\/\/faravetrerie.it\/en\/#website"},"primaryImageOfPage":{"@id":"https:\/\/faravetrerie.it\/en\/shop-en\/water-en\/water-glasses\/bicchiere-leau-30-cl\/#primaryimage"},"image":{"@id":"https:\/\/faravetrerie.it\/en\/shop-en\/water-en\/water-glasses\/bicchiere-leau-30-cl\/#primaryimage"},"thumbnailUrl":"https:\/\/faravetrerie.it\/wp-content\/uploads\/2025\/12\/FVEAU1_01-e1591197211299-3.jpg","datePublished":"2025-12-23T15:42:53+00:00","dateModified":"2026-01-29T11:25:44+00:00","description":"Il bicchiere l'eau 30 cl ideale per l'acqua. La sua forma armonica e delicata si adatta alle tavole classiche ma anche a quelle moderne.","breadcrumb":{"@id":"https:\/\/faravetrerie.it\/en\/shop-en\/water-en\/water-glasses\/bicchiere-leau-30-cl\/#breadcrumb"},"inLanguage":"en-US","potentialAction":[{"@type":"ReadAction","target":["https:\/\/faravetrerie.it\/en\/shop-en\/water-en\/water-glasses\/bicchiere-leau-30-cl\/"]}]},{"@type":"ImageObject","inLanguage":"en-US","@id":"https:\/\/faravetrerie.it\/en\/shop-en\/water-en\/water-glasses\/bicchiere-leau-30-cl\/#primaryimage","url":"https:\/\/faravetrerie.it\/wp-content\/uploads\/2025\/12\/FVEAU1_01-e1591197211299-3.jpg","contentUrl":"https:\/\/faravetrerie.it\/wp-content\/uploads\/2025\/12\/FVEAU1_01-e1591197211299-3.jpg","width":1461,"height":1506,"caption":"Bicchiere L'Eau 30 cl"},{"@type":"BreadcrumbList","@id":"https:\/\/faravetrerie.it\/en\/shop-en\/water-en\/water-glasses\/bicchiere-leau-30-cl\/#breadcrumb","itemListElement":[{"@type":"ListItem","position":1,"name":"Home","item":"https:\/\/faravetrerie.it\/en\/"},{"@type":"ListItem","position":2,"name":"Shop","item":"https:\/\/faravetrerie.it\/en\/shop-en\/"},{"@type":"ListItem","position":3,"name":"BICCHIERE L&#8217;EAU 30 CL"}]},{"@type":"WebSite","@id":"https:\/\/faravetrerie.it\/en\/#website","url":"https:\/\/faravetrerie.it\/en\/","name":"Fara Vetrerie e Cristallerie","description":"","publisher":{"@id":"https:\/\/faravetrerie.it\/en\/#organization"},"potentialAction":[{"@type":"SearchAction","target":{"@type":"EntryPoint","urlTemplate":"https:\/\/faravetrerie.it\/en\/?s={search_term_string}"},"query-input":{"@type":"PropertyValueSpecification","valueRequired":true,"valueName":"search_term_string"}}],"inLanguage":"en-US"},{"@type":"Organization","@id":"https:\/\/faravetrerie.it\/en\/#organization","name":"Fara Vetrerie e Cristallerie","url":"https:\/\/faravetrerie.it\/en\/","logo":{"@type":"ImageObject","inLanguage":"en-US","@id":"https:\/\/faravetrerie.it\/en\/#\/schema\/logo\/image\/","url":"https:\/\/faravetrerie.it\/wp-content\/uploads\/2025\/12\/logo-fara-bianco.png","contentUrl":"https:\/\/faravetrerie.it\/wp-content\/uploads\/2025\/12\/logo-fara-bianco.png","width":2038,"height":2942,"caption":"Fara Vetrerie e Cristallerie"},"image":{"@id":"https:\/\/faravetrerie.it\/en\/#\/schema\/logo\/image\/"}}]}},"_links":{"self":[{"href":"https:\/\/faravetrerie.it\/en\/wp-json\/wp\/v2\/product\/25656","targetHints":{"allow":["GET"]}}],"collection":[{"href":"https:\/\/faravetrerie.it\/en\/wp-json\/wp\/v2\/product"}],"about":[{"href":"https:\/\/faravetrerie.it\/en\/wp-json\/wp\/v2\/types\/product"}],"wp:featuredmedia":[{"embeddable":true,"href":"https:\/\/faravetrerie.it\/en\/wp-json\/wp\/v2\/media\/23236"}],"wp:attachment":[{"href":"https:\/\/faravetrerie.it\/en\/wp-json\/wp\/v2\/media?parent=25656"}],"wp:term":[{"taxonomy":"product_brand","embeddable":true,"href":"https:\/\/faravetrerie.it\/en\/wp-json\/wp\/v2\/product_brand?post=25656"},{"taxonomy":"product_cat","embeddable":true,"href":"https:\/\/faravetrerie.it\/en\/wp-json\/wp\/v2\/product_cat?post=25656"},{"taxonomy":"product_tag","embeddable":true,"href":"https:\/\/faravetrerie.it\/en\/wp-json\/wp\/v2\/product_tag?post=25656"}],"curies":[{"name":"wp","href":"https:\/\/api.w.org\/{rel}","templated":true}]}}