{"id":25660,"date":"2025-12-23T16:42:54","date_gmt":"2025-12-23T15:42:54","guid":{"rendered":"https:\/\/sviluppo.faravetrerie.it\/blog\/?post_type=product&#038;p=25660"},"modified":"2026-01-29T12:19:34","modified_gmt":"2026-01-29T11:19:34","slug":"bicchiere-veronese-acqua","status":"publish","type":"product","link":"https:\/\/faravetrerie.it\/en\/shop-en\/cocktails-en\/cocktail-glasses-and-chalices\/bicchiere-veronese-acqua\/","title":{"rendered":"BICCHIERE VERONESE ACQUA"},"content":{"rendered":"<article class=\"w-full text-token-text-primary focus-visible:outline-2 focus-visible:outline-offset-[-4px]\" dir=\"auto\" data-testid=\"conversation-turn-19\" data-scroll-anchor=\"true\">\n<div class=\"m-auto text-base py-[18px] px-6\">\n<div class=\"mx-auto flex flex-1 text-base gap-4 md:gap-5 lg:gap-6 md:max-w-3xl\">\n<div class=\"group\/conversation-turn relative flex w-full min-w-0 flex-col agent-turn @xs\/thread:px-0 @sm\/thread:px-1.5 @md\/thread:px-4\">\n<div class=\"flex-col gap-1 md:gap-3\">\n<div class=\"flex max-w-full flex-col flex-grow\">\n<div class=\"min-h-8 text-message relative flex w-full flex-col items-end gap-2 whitespace-normal break-words text-start [.text-message+&amp;]:mt-5\" dir=\"auto\" data-message-author-role=\"assistant\" data-message-id=\"7a6eaaae-838f-42e6-896c-abae5f57c260\" data-message-model-slug=\"gpt-4o-mini\">\n<div class=\"flex w-full flex-col gap-1 empty:hidden first:pt-[3px]\">\n<div class=\"markdown prose w-full break-words dark:prose-invert light\">\n<h4 data-start=\"0\" data-end=\"79\"><strong data-start=\"0\" data-end=\"79\">Bicchiere Veronese Acqua \u2013 Eleganza e Raffinatezza con Design Straordinario<\/strong><\/h4>\n<p data-start=\"81\" data-end=\"542\">Il <strong data-start=\"84\" data-end=\"112\">Bicchiere Veronese Acqua<\/strong> \u00e8 un&#8217;opera d&#8217;arte funzionale, pensato per portare un tocco di classe alla tua tavola. Con il suo straordinario design, caratterizzato da una base ellittica e un bordo rotondo, questo bicchiere rappresenta una fusione perfetta di eleganza e modernit\u00e0. Realizzato in <strong data-start=\"378\" data-end=\"404\">vetro sonoro superiore<\/strong>, garantisce una qualit\u00e0 e una brillantezza senza pari, rendendolo ideale per ogni occasione, dalle cene pi\u00f9 formali agli eventi speciali.<\/p>\n<h5 data-start=\"544\" data-end=\"572\"><strong data-start=\"544\" data-end=\"572\">Design Unico e Raffinato<\/strong><\/h5>\n<p data-start=\"574\" data-end=\"1050\">La base ellittica conferisce al bicchiere un aspetto distintivo, mentre il bordo rotondo aggiunge un tocco di classicit\u00e0 senza tempo. Questo accostamento di forme rende il <strong data-start=\"746\" data-end=\"774\">Bicchiere Veronese Acqua<\/strong> particolarmente adatto a tavole eleganti, ma al tempo stesso versatile, in grado di adattarsi anche a contesti pi\u00f9 moderni. La sua silhouette sofisticata \u00e8 perfetta per chi cerca un bicchiere che non solo sia funzionale, ma che completi e arricchisca l&#8217;estetica della tavola.<\/p>\n<h5 data-start=\"1052\" data-end=\"1105\"><strong data-start=\"1052\" data-end=\"1105\">Vetro Sonoro Superiore per Qualit\u00e0 e Brillantezza<\/strong><\/h5>\n<p data-start=\"1107\" data-end=\"1522\">Il <strong data-start=\"1110\" data-end=\"1136\">vetro sonoro superiore<\/strong> di cui \u00e8 composto il Bicchiere Veronese Acqua \u00e8 sinonimo di eccellenza. Questo materiale, noto per la sua trasparenza cristallina e la sua resistenza, rende ogni bicchiere non solo bello da vedere ma anche durevole e perfetto per un uso quotidiano o durante eventi speciali. La sua lucentezza naturale esalta il colore dell&#8217;acqua o di altre bevande, creando un&#8217;esperienza visiva unica.<\/p>\n<h5 data-start=\"1524\" data-end=\"1555\"><strong data-start=\"1524\" data-end=\"1555\">Eleganza per Ogni Occasione<\/strong><\/h5>\n<p data-start=\"1557\" data-end=\"1965\">Perfetto per servire l&#8217;acqua, il <strong data-start=\"1590\" data-end=\"1618\">Bicchiere Veronese Acqua<\/strong> \u00e8 altrettanto ideale per ogni tipo di bevanda fresca. Il suo design raffinato e la qualit\u00e0 superiore lo rendono perfetto per matrimoni, cene formali, occasioni aziendali e qualsiasi evento che richieda un tocco di classe. Inoltre, la sua versatilit\u00e0 lo rende adatto anche a tavole pi\u00f9 moderne e informali, aggiungendo sempre un tocco di eleganza.<\/p>\n<h5 data-start=\"1967\" data-end=\"2014\"><strong data-start=\"1967\" data-end=\"2014\">Un Bicchiere per Gli Amanti del Buon Design<\/strong><\/h5>\n<p data-start=\"2016\" data-end=\"2275\">Il Bicchiere Veronese \u00a0\u00e8 l\u2019accessorio perfetto per chi apprezza la bellezza del design e la qualit\u00e0 del materiale. Un pezzo di cristalleria che non solo arricchisce la tua tavola ma offre anche una sensazione di lusso ogni volta che viene utilizzato.<\/p>\n<p data-start=\"2277\" data-end=\"2420\" data-is-last-node=\"\" data-is-only-node=\"\">Scegli il <strong data-start=\"2287\" data-end=\"2315\">Bicchiere Veronese Acqua<\/strong> per unire funzionalit\u00e0, eleganza e qualit\u00e0 superiore, e rendi ogni momento a tavola ancora pi\u00f9 speciale.<\/p>\n<\/div>\n<\/div>\n<\/div>\n<\/div>\n<\/div>\n<\/div>\n<\/div>\n<\/div>\n<\/article>\n","protected":false},"excerpt":{"rendered":"<p>Il bicchiere dallo straordinario design con base ellittica e bordo rotondo. In vetro sonoro superiore \u00e8 un prodotto di grande eleganza<\/p>\n<p>cl. 26<\/p>\n<p>fl.oz. 8,79<\/p>\n<p>h. 90 mm.<\/p>\n<p>\u00d8 75 mm.<\/p>\n<p>&nbsp;<\/p>\n","protected":false},"featured_media":23240,"template":"","meta":{"inline_featured_image":false},"product_brand":[],"product_cat":[27,38],"product_tag":[],"class_list":{"0":"post-25660","1":"product","2":"type-product","3":"status-publish","4":"has-post-thumbnail","6":"product_cat-cocktail","7":"product_cat-bicchieri-e-calici-cocktail","9":"first","10":"instock","11":"taxable","12":"shipping-taxable","13":"product-type-simple"},"yoast_head":"<!-- This site is optimized with the Yoast SEO plugin v26.6 - https:\/\/yoast.com\/wordpress\/plugins\/seo\/ -->\n<title>BICCHIERE VERONESE ACQUA - Fara Vetrerie e Cristallerie<\/title>\n<meta name=\"description\" content=\"Il bicchiere veronese acqua dallo straordinario design con base ellittica e bordo rotondo. In vetro sonoro superiore \u00e8 un prodotto di grande eleganza\" \/>\n<meta name=\"robots\" content=\"index, follow, max-snippet:-1, max-image-preview:large, max-video-preview:-1\" \/>\n<link rel=\"canonical\" href=\"https:\/\/faravetrerie.it\/en\/shop-en\/cocktails-en\/cocktail-glasses-and-chalices\/bicchiere-veronese-acqua\/\" \/>\n<meta property=\"og:locale\" content=\"en_US\" \/>\n<meta property=\"og:type\" content=\"article\" \/>\n<meta property=\"og:title\" content=\"BICCHIERE VERONESE ACQUA - Fara Vetrerie e Cristallerie\" \/>\n<meta property=\"og:description\" content=\"Il bicchiere veronese acqua dallo straordinario design con base ellittica e bordo rotondo. In vetro sonoro superiore \u00e8 un prodotto di grande eleganza\" \/>\n<meta property=\"og:url\" content=\"https:\/\/faravetrerie.it\/en\/shop-en\/cocktails-en\/cocktail-glasses-and-chalices\/bicchiere-veronese-acqua\/\" \/>\n<meta property=\"og:site_name\" content=\"Fara Vetrerie e Cristallerie\" \/>\n<meta property=\"article:modified_time\" content=\"2026-01-29T11:19:34+00:00\" \/>\n<meta property=\"og:image\" content=\"https:\/\/faravetrerie.it\/wp-content\/uploads\/2025\/12\/BLVER260_01-3.jpg\" \/>\n\t<meta property=\"og:image:width\" content=\"1772\" \/>\n\t<meta property=\"og:image:height\" content=\"1772\" \/>\n\t<meta property=\"og:image:type\" content=\"image\/jpeg\" \/>\n<meta name=\"twitter:card\" content=\"summary_large_image\" \/>\n<meta name=\"twitter:label1\" content=\"Est. reading time\" \/>\n\t<meta name=\"twitter:data1\" content=\"3 minutes\" \/>\n<script type=\"application\/ld+json\" class=\"yoast-schema-graph\">{\"@context\":\"https:\/\/schema.org\",\"@graph\":[{\"@type\":\"WebPage\",\"@id\":\"https:\/\/faravetrerie.it\/en\/shop-en\/cocktails-en\/cocktail-glasses-and-chalices\/bicchiere-veronese-acqua\/\",\"url\":\"https:\/\/faravetrerie.it\/en\/shop-en\/cocktails-en\/cocktail-glasses-and-chalices\/bicchiere-veronese-acqua\/\",\"name\":\"BICCHIERE VERONESE ACQUA - Fara Vetrerie e Cristallerie\",\"isPartOf\":{\"@id\":\"https:\/\/faravetrerie.it\/en\/#website\"},\"primaryImageOfPage\":{\"@id\":\"https:\/\/faravetrerie.it\/en\/shop-en\/cocktails-en\/cocktail-glasses-and-chalices\/bicchiere-veronese-acqua\/#primaryimage\"},\"image\":{\"@id\":\"https:\/\/faravetrerie.it\/en\/shop-en\/cocktails-en\/cocktail-glasses-and-chalices\/bicchiere-veronese-acqua\/#primaryimage\"},\"thumbnailUrl\":\"https:\/\/faravetrerie.it\/wp-content\/uploads\/2025\/12\/BLVER260_01-3.jpg\",\"datePublished\":\"2025-12-23T15:42:54+00:00\",\"dateModified\":\"2026-01-29T11:19:34+00:00\",\"description\":\"Il bicchiere veronese acqua dallo straordinario design con base ellittica e bordo rotondo. In vetro sonoro superiore \u00e8 un prodotto di grande eleganza\",\"breadcrumb\":{\"@id\":\"https:\/\/faravetrerie.it\/en\/shop-en\/cocktails-en\/cocktail-glasses-and-chalices\/bicchiere-veronese-acqua\/#breadcrumb\"},\"inLanguage\":\"en-US\",\"potentialAction\":[{\"@type\":\"ReadAction\",\"target\":[\"https:\/\/faravetrerie.it\/en\/shop-en\/cocktails-en\/cocktail-glasses-and-chalices\/bicchiere-veronese-acqua\/\"]}]},{\"@type\":\"ImageObject\",\"inLanguage\":\"en-US\",\"@id\":\"https:\/\/faravetrerie.it\/en\/shop-en\/cocktails-en\/cocktail-glasses-and-chalices\/bicchiere-veronese-acqua\/#primaryimage\",\"url\":\"https:\/\/faravetrerie.it\/wp-content\/uploads\/2025\/12\/BLVER260_01-3.jpg\",\"contentUrl\":\"https:\/\/faravetrerie.it\/wp-content\/uploads\/2025\/12\/BLVER260_01-3.jpg\",\"width\":1772,\"height\":1772,\"caption\":\"Bicchiere Veronese Acqua\"},{\"@type\":\"BreadcrumbList\",\"@id\":\"https:\/\/faravetrerie.it\/en\/shop-en\/cocktails-en\/cocktail-glasses-and-chalices\/bicchiere-veronese-acqua\/#breadcrumb\",\"itemListElement\":[{\"@type\":\"ListItem\",\"position\":1,\"name\":\"Home\",\"item\":\"https:\/\/faravetrerie.it\/en\/\"},{\"@type\":\"ListItem\",\"position\":2,\"name\":\"Shop\",\"item\":\"https:\/\/faravetrerie.it\/en\/shop-en\/\"},{\"@type\":\"ListItem\",\"position\":3,\"name\":\"BICCHIERE VERONESE ACQUA\"}]},{\"@type\":\"WebSite\",\"@id\":\"https:\/\/faravetrerie.it\/en\/#website\",\"url\":\"https:\/\/faravetrerie.it\/en\/\",\"name\":\"Fara Vetrerie e Cristallerie\",\"description\":\"\",\"publisher\":{\"@id\":\"https:\/\/faravetrerie.it\/en\/#organization\"},\"potentialAction\":[{\"@type\":\"SearchAction\",\"target\":{\"@type\":\"EntryPoint\",\"urlTemplate\":\"https:\/\/faravetrerie.it\/en\/?s={search_term_string}\"},\"query-input\":{\"@type\":\"PropertyValueSpecification\",\"valueRequired\":true,\"valueName\":\"search_term_string\"}}],\"inLanguage\":\"en-US\"},{\"@type\":\"Organization\",\"@id\":\"https:\/\/faravetrerie.it\/en\/#organization\",\"name\":\"Fara Vetrerie e Cristallerie\",\"url\":\"https:\/\/faravetrerie.it\/en\/\",\"logo\":{\"@type\":\"ImageObject\",\"inLanguage\":\"en-US\",\"@id\":\"https:\/\/faravetrerie.it\/en\/#\/schema\/logo\/image\/\",\"url\":\"https:\/\/faravetrerie.it\/wp-content\/uploads\/2025\/12\/logo-fara-bianco.png\",\"contentUrl\":\"https:\/\/faravetrerie.it\/wp-content\/uploads\/2025\/12\/logo-fara-bianco.png\",\"width\":2038,\"height\":2942,\"caption\":\"Fara Vetrerie e Cristallerie\"},\"image\":{\"@id\":\"https:\/\/faravetrerie.it\/en\/#\/schema\/logo\/image\/\"}}]}<\/script>\n<!-- \/ Yoast SEO plugin. -->","yoast_head_json":{"title":"BICCHIERE VERONESE ACQUA - Fara Vetrerie e Cristallerie","description":"Il bicchiere veronese acqua dallo straordinario design con base ellittica e bordo rotondo. In vetro sonoro superiore \u00e8 un prodotto di grande eleganza","robots":{"index":"index","follow":"follow","max-snippet":"max-snippet:-1","max-image-preview":"max-image-preview:large","max-video-preview":"max-video-preview:-1"},"canonical":"https:\/\/faravetrerie.it\/en\/shop-en\/cocktails-en\/cocktail-glasses-and-chalices\/bicchiere-veronese-acqua\/","og_locale":"en_US","og_type":"article","og_title":"BICCHIERE VERONESE ACQUA - Fara Vetrerie e Cristallerie","og_description":"Il bicchiere veronese acqua dallo straordinario design con base ellittica e bordo rotondo. In vetro sonoro superiore \u00e8 un prodotto di grande eleganza","og_url":"https:\/\/faravetrerie.it\/en\/shop-en\/cocktails-en\/cocktail-glasses-and-chalices\/bicchiere-veronese-acqua\/","og_site_name":"Fara Vetrerie e Cristallerie","article_modified_time":"2026-01-29T11:19:34+00:00","og_image":[{"width":1772,"height":1772,"url":"https:\/\/faravetrerie.it\/wp-content\/uploads\/2025\/12\/BLVER260_01-3.jpg","type":"image\/jpeg"}],"twitter_card":"summary_large_image","twitter_misc":{"Est. reading time":"3 minutes"},"schema":{"@context":"https:\/\/schema.org","@graph":[{"@type":"WebPage","@id":"https:\/\/faravetrerie.it\/en\/shop-en\/cocktails-en\/cocktail-glasses-and-chalices\/bicchiere-veronese-acqua\/","url":"https:\/\/faravetrerie.it\/en\/shop-en\/cocktails-en\/cocktail-glasses-and-chalices\/bicchiere-veronese-acqua\/","name":"BICCHIERE VERONESE ACQUA - Fara Vetrerie e Cristallerie","isPartOf":{"@id":"https:\/\/faravetrerie.it\/en\/#website"},"primaryImageOfPage":{"@id":"https:\/\/faravetrerie.it\/en\/shop-en\/cocktails-en\/cocktail-glasses-and-chalices\/bicchiere-veronese-acqua\/#primaryimage"},"image":{"@id":"https:\/\/faravetrerie.it\/en\/shop-en\/cocktails-en\/cocktail-glasses-and-chalices\/bicchiere-veronese-acqua\/#primaryimage"},"thumbnailUrl":"https:\/\/faravetrerie.it\/wp-content\/uploads\/2025\/12\/BLVER260_01-3.jpg","datePublished":"2025-12-23T15:42:54+00:00","dateModified":"2026-01-29T11:19:34+00:00","description":"Il bicchiere veronese acqua dallo straordinario design con base ellittica e bordo rotondo. In vetro sonoro superiore \u00e8 un prodotto di grande eleganza","breadcrumb":{"@id":"https:\/\/faravetrerie.it\/en\/shop-en\/cocktails-en\/cocktail-glasses-and-chalices\/bicchiere-veronese-acqua\/#breadcrumb"},"inLanguage":"en-US","potentialAction":[{"@type":"ReadAction","target":["https:\/\/faravetrerie.it\/en\/shop-en\/cocktails-en\/cocktail-glasses-and-chalices\/bicchiere-veronese-acqua\/"]}]},{"@type":"ImageObject","inLanguage":"en-US","@id":"https:\/\/faravetrerie.it\/en\/shop-en\/cocktails-en\/cocktail-glasses-and-chalices\/bicchiere-veronese-acqua\/#primaryimage","url":"https:\/\/faravetrerie.it\/wp-content\/uploads\/2025\/12\/BLVER260_01-3.jpg","contentUrl":"https:\/\/faravetrerie.it\/wp-content\/uploads\/2025\/12\/BLVER260_01-3.jpg","width":1772,"height":1772,"caption":"Bicchiere Veronese Acqua"},{"@type":"BreadcrumbList","@id":"https:\/\/faravetrerie.it\/en\/shop-en\/cocktails-en\/cocktail-glasses-and-chalices\/bicchiere-veronese-acqua\/#breadcrumb","itemListElement":[{"@type":"ListItem","position":1,"name":"Home","item":"https:\/\/faravetrerie.it\/en\/"},{"@type":"ListItem","position":2,"name":"Shop","item":"https:\/\/faravetrerie.it\/en\/shop-en\/"},{"@type":"ListItem","position":3,"name":"BICCHIERE VERONESE ACQUA"}]},{"@type":"WebSite","@id":"https:\/\/faravetrerie.it\/en\/#website","url":"https:\/\/faravetrerie.it\/en\/","name":"Fara Vetrerie e Cristallerie","description":"","publisher":{"@id":"https:\/\/faravetrerie.it\/en\/#organization"},"potentialAction":[{"@type":"SearchAction","target":{"@type":"EntryPoint","urlTemplate":"https:\/\/faravetrerie.it\/en\/?s={search_term_string}"},"query-input":{"@type":"PropertyValueSpecification","valueRequired":true,"valueName":"search_term_string"}}],"inLanguage":"en-US"},{"@type":"Organization","@id":"https:\/\/faravetrerie.it\/en\/#organization","name":"Fara Vetrerie e Cristallerie","url":"https:\/\/faravetrerie.it\/en\/","logo":{"@type":"ImageObject","inLanguage":"en-US","@id":"https:\/\/faravetrerie.it\/en\/#\/schema\/logo\/image\/","url":"https:\/\/faravetrerie.it\/wp-content\/uploads\/2025\/12\/logo-fara-bianco.png","contentUrl":"https:\/\/faravetrerie.it\/wp-content\/uploads\/2025\/12\/logo-fara-bianco.png","width":2038,"height":2942,"caption":"Fara Vetrerie e Cristallerie"},"image":{"@id":"https:\/\/faravetrerie.it\/en\/#\/schema\/logo\/image\/"}}]}},"_links":{"self":[{"href":"https:\/\/faravetrerie.it\/en\/wp-json\/wp\/v2\/product\/25660","targetHints":{"allow":["GET"]}}],"collection":[{"href":"https:\/\/faravetrerie.it\/en\/wp-json\/wp\/v2\/product"}],"about":[{"href":"https:\/\/faravetrerie.it\/en\/wp-json\/wp\/v2\/types\/product"}],"wp:featuredmedia":[{"embeddable":true,"href":"https:\/\/faravetrerie.it\/en\/wp-json\/wp\/v2\/media\/23240"}],"wp:attachment":[{"href":"https:\/\/faravetrerie.it\/en\/wp-json\/wp\/v2\/media?parent=25660"}],"wp:term":[{"taxonomy":"product_brand","embeddable":true,"href":"https:\/\/faravetrerie.it\/en\/wp-json\/wp\/v2\/product_brand?post=25660"},{"taxonomy":"product_cat","embeddable":true,"href":"https:\/\/faravetrerie.it\/en\/wp-json\/wp\/v2\/product_cat?post=25660"},{"taxonomy":"product_tag","embeddable":true,"href":"https:\/\/faravetrerie.it\/en\/wp-json\/wp\/v2\/product_tag?post=25660"}],"curies":[{"name":"wp","href":"https:\/\/api.w.org\/{rel}","templated":true}]}}