{"id":25668,"date":"2025-12-23T16:42:55","date_gmt":"2025-12-23T15:42:55","guid":{"rendered":"https:\/\/sviluppo.faravetrerie.it\/blog\/?post_type=product&#038;p=25668"},"modified":"2026-01-29T12:13:59","modified_gmt":"2026-01-29T11:13:59","slug":"bicchiere-granada-27-cl","status":"publish","type":"product","link":"https:\/\/faravetrerie.it\/en\/shop-en\/cocktails-en\/cocktail-glasses-and-chalices\/bicchiere-granada-27-cl\/","title":{"rendered":"BICCHIERE GRANADA 27 CL"},"content":{"rendered":"<h4 data-start=\"0\" data-end=\"73\"><strong data-start=\"0\" data-end=\"73\">Bicchiere Granada 27 cl: Eleganza e Funzionalit\u00e0 per i Tuoi Cocktails<\/strong><\/h4>\n<p data-start=\"75\" data-end=\"489\">Il <strong data-start=\"78\" data-end=\"105\">Bicchiere Granada 27 cl<\/strong> \u00e8 l&#8217;elemento ideale per servire i tuoi cocktail con stile, grazie alla sua forma elegante e alla praticit\u00e0 che lo rende perfetto per l&#8217;uso quotidiano nei bar. Con una capacit\u00e0 di 27 cl, questo bicchiere \u00e8 perfetto per una variet\u00e0 di cocktail e bevande, ed \u00e8 progettato per essere impilabile, resistente e particolarmente di tendenza in tutto il mondo.<\/p>\n<h5 data-start=\"491\" data-end=\"522\">Design Moderno e Funzionale<\/h5>\n<p data-start=\"524\" data-end=\"931\">Il Bicchiere Granada 27 cl presenta una forma classica ma moderna, che unisce estetica e funzionalit\u00e0. La sua robustezza lo rende ideale per l&#8217;uso in ambienti dinamici come bar, ristoranti e locali di ogni tipo, mentre la capacit\u00e0 di essere impilato ne facilita la gestione e il trasporto, rendendolo perfetto per spazi di lavoro con esigenze di velocit\u00e0 e praticit\u00e0.<\/p>\n<h5 data-start=\"933\" data-end=\"968\">Resistente e Adatto ai Cocktail<\/h5>\n<p data-start=\"970\" data-end=\"1485\">Questo bicchiere \u00e8 progettato per resistere all&#8217;usura quotidiana e per affrontare l&#8217;intensit\u00e0 del servizio nei bar. La resistenza del Bicchiere Granada \u00e8 uno degli aspetti che lo rendono particolarmente apprezzato: pu\u00f2 contenere tranquillamente bevande fredde come cocktail, long drink, e anche bevande miscelate pi\u00f9 forti, senza rischiare di rompersi facilmente. Perfetto per l&#8217;uso intensivo nelle attivit\u00e0 di ristorazione e per chi desidera un bicchiere che non perda mai il suo splendore.<\/p>\n<h5 data-start=\"1487\" data-end=\"1537\">Personalizzabile per Esaltare le Tue Creazioni<\/h5>\n<p data-start=\"1539\" data-end=\"1965\">Il Bicchiere Granada 27 cl \u00e8 anche una scelta ideale per la personalizzazione. Grazie alla superficie liscia e pulita, \u00e8 possibile applicare stampe personalizzate per esaltare il branding del tuo locale o per creare un&#8217;esperienza unica per i tuoi clienti. Che tu voglia personalizzarlo con il logo del tuo bar o con un design creativo, il bicchiere risulta perfetto per far risaltare la tua creativit\u00e0.<\/p>\n<h5 data-start=\"1967\" data-end=\"2012\">Un Bicchiere alla Moda per Ogni Occasione<\/h5>\n<p data-start=\"2014\" data-end=\"2380\">Se sei alla ricerca di un bicchiere che non solo sia <strong data-start=\"2067\" data-end=\"2078\">pratico<\/strong> ma anche <strong data-start=\"2088\" data-end=\"2103\">di tendenza<\/strong>, il <strong data-start=\"2108\" data-end=\"2135\">Bicchiere Granada 27 cl<\/strong> \u00e8 la scelta giusta. La sua forma elegante, unita alla sua funzionalit\u00e0 e resistenza, lo rende ideale non solo per i cocktail ma anche per altre bevande, come succo, acqua e soda, che renderanno ogni momento speciale.<\/p>\n","protected":false},"excerpt":{"rendered":"<p>La linea di bicchieri per i tuoi cocktails: impilabili, resistenti e di tendenza nei bar di tutto il mondo. Personalizzato esalta le tue creazioni.<\/p>\n<p>cl. 27<\/p>\n<p>fl.oz. 9,50<\/p>\n<p>h. 94 mm.<\/p>\n<p>\u00d8 85 mm.<\/p>\n","protected":false},"featured_media":23243,"template":"","meta":{"inline_featured_image":false},"product_brand":[],"product_cat":[27,38],"product_tag":[942],"class_list":{"0":"post-25668","1":"product","2":"type-product","3":"status-publish","4":"has-post-thumbnail","6":"product_cat-cocktail","7":"product_cat-bicchieri-e-calici-cocktail","8":"product_tag-bicchiere","10":"first","11":"instock","12":"taxable","13":"shipping-taxable","14":"product-type-simple"},"yoast_head":"<!-- This site is optimized with the Yoast SEO plugin v26.6 - https:\/\/yoast.com\/wordpress\/plugins\/seo\/ -->\n<title>BICCHIERE GRANADA 27 CL - Fara Vetrerie e Cristallerie<\/title>\n<meta name=\"description\" content=\"bicchiere granada 27 cl per i tuoi cocktails: impilabili, resistenti e di tendenza nei bar di tutto il mondo. Personalizzato esalta le tue creazioni.\" \/>\n<meta name=\"robots\" content=\"index, follow, max-snippet:-1, max-image-preview:large, max-video-preview:-1\" \/>\n<link rel=\"canonical\" href=\"https:\/\/faravetrerie.it\/en\/shop-en\/cocktails-en\/cocktail-glasses-and-chalices\/bicchiere-granada-27-cl\/\" \/>\n<meta property=\"og:locale\" content=\"en_US\" \/>\n<meta property=\"og:type\" content=\"article\" \/>\n<meta property=\"og:title\" content=\"BICCHIERE GRANADA 27 CL - Fara Vetrerie e Cristallerie\" \/>\n<meta property=\"og:description\" content=\"bicchiere granada 27 cl per i tuoi cocktails: impilabili, resistenti e di tendenza nei bar di tutto il mondo. Personalizzato esalta le tue creazioni.\" \/>\n<meta property=\"og:url\" content=\"https:\/\/faravetrerie.it\/en\/shop-en\/cocktails-en\/cocktail-glasses-and-chalices\/bicchiere-granada-27-cl\/\" \/>\n<meta property=\"og:site_name\" content=\"Fara Vetrerie e Cristallerie\" \/>\n<meta property=\"article:modified_time\" content=\"2026-01-29T11:13:59+00:00\" \/>\n<meta property=\"og:image\" content=\"https:\/\/faravetrerie.it\/wp-content\/uploads\/2025\/12\/RSCAS27_01-3.jpg\" \/>\n\t<meta property=\"og:image:width\" content=\"425\" \/>\n\t<meta property=\"og:image:height\" content=\"454\" \/>\n\t<meta property=\"og:image:type\" content=\"image\/jpeg\" \/>\n<meta name=\"twitter:card\" content=\"summary_large_image\" \/>\n<meta name=\"twitter:label1\" content=\"Est. reading time\" \/>\n\t<meta name=\"twitter:data1\" content=\"3 minutes\" \/>\n<script type=\"application\/ld+json\" class=\"yoast-schema-graph\">{\"@context\":\"https:\/\/schema.org\",\"@graph\":[{\"@type\":\"WebPage\",\"@id\":\"https:\/\/faravetrerie.it\/en\/shop-en\/cocktails-en\/cocktail-glasses-and-chalices\/bicchiere-granada-27-cl\/\",\"url\":\"https:\/\/faravetrerie.it\/en\/shop-en\/cocktails-en\/cocktail-glasses-and-chalices\/bicchiere-granada-27-cl\/\",\"name\":\"BICCHIERE GRANADA 27 CL - Fara Vetrerie e Cristallerie\",\"isPartOf\":{\"@id\":\"https:\/\/faravetrerie.it\/en\/#website\"},\"primaryImageOfPage\":{\"@id\":\"https:\/\/faravetrerie.it\/en\/shop-en\/cocktails-en\/cocktail-glasses-and-chalices\/bicchiere-granada-27-cl\/#primaryimage\"},\"image\":{\"@id\":\"https:\/\/faravetrerie.it\/en\/shop-en\/cocktails-en\/cocktail-glasses-and-chalices\/bicchiere-granada-27-cl\/#primaryimage\"},\"thumbnailUrl\":\"https:\/\/faravetrerie.it\/wp-content\/uploads\/2025\/12\/RSCAS27_01-3.jpg\",\"datePublished\":\"2025-12-23T15:42:55+00:00\",\"dateModified\":\"2026-01-29T11:13:59+00:00\",\"description\":\"bicchiere granada 27 cl per i tuoi cocktails: impilabili, resistenti e di tendenza nei bar di tutto il mondo. Personalizzato esalta le tue creazioni.\",\"breadcrumb\":{\"@id\":\"https:\/\/faravetrerie.it\/en\/shop-en\/cocktails-en\/cocktail-glasses-and-chalices\/bicchiere-granada-27-cl\/#breadcrumb\"},\"inLanguage\":\"en-US\",\"potentialAction\":[{\"@type\":\"ReadAction\",\"target\":[\"https:\/\/faravetrerie.it\/en\/shop-en\/cocktails-en\/cocktail-glasses-and-chalices\/bicchiere-granada-27-cl\/\"]}]},{\"@type\":\"ImageObject\",\"inLanguage\":\"en-US\",\"@id\":\"https:\/\/faravetrerie.it\/en\/shop-en\/cocktails-en\/cocktail-glasses-and-chalices\/bicchiere-granada-27-cl\/#primaryimage\",\"url\":\"https:\/\/faravetrerie.it\/wp-content\/uploads\/2025\/12\/RSCAS27_01-3.jpg\",\"contentUrl\":\"https:\/\/faravetrerie.it\/wp-content\/uploads\/2025\/12\/RSCAS27_01-3.jpg\",\"width\":425,\"height\":454,\"caption\":\"Bicchiere Granada 27 cl\"},{\"@type\":\"BreadcrumbList\",\"@id\":\"https:\/\/faravetrerie.it\/en\/shop-en\/cocktails-en\/cocktail-glasses-and-chalices\/bicchiere-granada-27-cl\/#breadcrumb\",\"itemListElement\":[{\"@type\":\"ListItem\",\"position\":1,\"name\":\"Home\",\"item\":\"https:\/\/faravetrerie.it\/en\/\"},{\"@type\":\"ListItem\",\"position\":2,\"name\":\"Shop\",\"item\":\"https:\/\/faravetrerie.it\/en\/shop-en\/\"},{\"@type\":\"ListItem\",\"position\":3,\"name\":\"BICCHIERE GRANADA 27 CL\"}]},{\"@type\":\"WebSite\",\"@id\":\"https:\/\/faravetrerie.it\/en\/#website\",\"url\":\"https:\/\/faravetrerie.it\/en\/\",\"name\":\"Fara Vetrerie e Cristallerie\",\"description\":\"\",\"publisher\":{\"@id\":\"https:\/\/faravetrerie.it\/en\/#organization\"},\"potentialAction\":[{\"@type\":\"SearchAction\",\"target\":{\"@type\":\"EntryPoint\",\"urlTemplate\":\"https:\/\/faravetrerie.it\/en\/?s={search_term_string}\"},\"query-input\":{\"@type\":\"PropertyValueSpecification\",\"valueRequired\":true,\"valueName\":\"search_term_string\"}}],\"inLanguage\":\"en-US\"},{\"@type\":\"Organization\",\"@id\":\"https:\/\/faravetrerie.it\/en\/#organization\",\"name\":\"Fara Vetrerie e Cristallerie\",\"url\":\"https:\/\/faravetrerie.it\/en\/\",\"logo\":{\"@type\":\"ImageObject\",\"inLanguage\":\"en-US\",\"@id\":\"https:\/\/faravetrerie.it\/en\/#\/schema\/logo\/image\/\",\"url\":\"https:\/\/faravetrerie.it\/wp-content\/uploads\/2025\/12\/logo-fara-bianco.png\",\"contentUrl\":\"https:\/\/faravetrerie.it\/wp-content\/uploads\/2025\/12\/logo-fara-bianco.png\",\"width\":2038,\"height\":2942,\"caption\":\"Fara Vetrerie e Cristallerie\"},\"image\":{\"@id\":\"https:\/\/faravetrerie.it\/en\/#\/schema\/logo\/image\/\"}}]}<\/script>\n<!-- \/ Yoast SEO plugin. -->","yoast_head_json":{"title":"BICCHIERE GRANADA 27 CL - Fara Vetrerie e Cristallerie","description":"bicchiere granada 27 cl per i tuoi cocktails: impilabili, resistenti e di tendenza nei bar di tutto il mondo. Personalizzato esalta le tue creazioni.","robots":{"index":"index","follow":"follow","max-snippet":"max-snippet:-1","max-image-preview":"max-image-preview:large","max-video-preview":"max-video-preview:-1"},"canonical":"https:\/\/faravetrerie.it\/en\/shop-en\/cocktails-en\/cocktail-glasses-and-chalices\/bicchiere-granada-27-cl\/","og_locale":"en_US","og_type":"article","og_title":"BICCHIERE GRANADA 27 CL - Fara Vetrerie e Cristallerie","og_description":"bicchiere granada 27 cl per i tuoi cocktails: impilabili, resistenti e di tendenza nei bar di tutto il mondo. Personalizzato esalta le tue creazioni.","og_url":"https:\/\/faravetrerie.it\/en\/shop-en\/cocktails-en\/cocktail-glasses-and-chalices\/bicchiere-granada-27-cl\/","og_site_name":"Fara Vetrerie e Cristallerie","article_modified_time":"2026-01-29T11:13:59+00:00","og_image":[{"width":425,"height":454,"url":"https:\/\/faravetrerie.it\/wp-content\/uploads\/2025\/12\/RSCAS27_01-3.jpg","type":"image\/jpeg"}],"twitter_card":"summary_large_image","twitter_misc":{"Est. reading time":"3 minutes"},"schema":{"@context":"https:\/\/schema.org","@graph":[{"@type":"WebPage","@id":"https:\/\/faravetrerie.it\/en\/shop-en\/cocktails-en\/cocktail-glasses-and-chalices\/bicchiere-granada-27-cl\/","url":"https:\/\/faravetrerie.it\/en\/shop-en\/cocktails-en\/cocktail-glasses-and-chalices\/bicchiere-granada-27-cl\/","name":"BICCHIERE GRANADA 27 CL - Fara Vetrerie e Cristallerie","isPartOf":{"@id":"https:\/\/faravetrerie.it\/en\/#website"},"primaryImageOfPage":{"@id":"https:\/\/faravetrerie.it\/en\/shop-en\/cocktails-en\/cocktail-glasses-and-chalices\/bicchiere-granada-27-cl\/#primaryimage"},"image":{"@id":"https:\/\/faravetrerie.it\/en\/shop-en\/cocktails-en\/cocktail-glasses-and-chalices\/bicchiere-granada-27-cl\/#primaryimage"},"thumbnailUrl":"https:\/\/faravetrerie.it\/wp-content\/uploads\/2025\/12\/RSCAS27_01-3.jpg","datePublished":"2025-12-23T15:42:55+00:00","dateModified":"2026-01-29T11:13:59+00:00","description":"bicchiere granada 27 cl per i tuoi cocktails: impilabili, resistenti e di tendenza nei bar di tutto il mondo. Personalizzato esalta le tue creazioni.","breadcrumb":{"@id":"https:\/\/faravetrerie.it\/en\/shop-en\/cocktails-en\/cocktail-glasses-and-chalices\/bicchiere-granada-27-cl\/#breadcrumb"},"inLanguage":"en-US","potentialAction":[{"@type":"ReadAction","target":["https:\/\/faravetrerie.it\/en\/shop-en\/cocktails-en\/cocktail-glasses-and-chalices\/bicchiere-granada-27-cl\/"]}]},{"@type":"ImageObject","inLanguage":"en-US","@id":"https:\/\/faravetrerie.it\/en\/shop-en\/cocktails-en\/cocktail-glasses-and-chalices\/bicchiere-granada-27-cl\/#primaryimage","url":"https:\/\/faravetrerie.it\/wp-content\/uploads\/2025\/12\/RSCAS27_01-3.jpg","contentUrl":"https:\/\/faravetrerie.it\/wp-content\/uploads\/2025\/12\/RSCAS27_01-3.jpg","width":425,"height":454,"caption":"Bicchiere Granada 27 cl"},{"@type":"BreadcrumbList","@id":"https:\/\/faravetrerie.it\/en\/shop-en\/cocktails-en\/cocktail-glasses-and-chalices\/bicchiere-granada-27-cl\/#breadcrumb","itemListElement":[{"@type":"ListItem","position":1,"name":"Home","item":"https:\/\/faravetrerie.it\/en\/"},{"@type":"ListItem","position":2,"name":"Shop","item":"https:\/\/faravetrerie.it\/en\/shop-en\/"},{"@type":"ListItem","position":3,"name":"BICCHIERE GRANADA 27 CL"}]},{"@type":"WebSite","@id":"https:\/\/faravetrerie.it\/en\/#website","url":"https:\/\/faravetrerie.it\/en\/","name":"Fara Vetrerie e Cristallerie","description":"","publisher":{"@id":"https:\/\/faravetrerie.it\/en\/#organization"},"potentialAction":[{"@type":"SearchAction","target":{"@type":"EntryPoint","urlTemplate":"https:\/\/faravetrerie.it\/en\/?s={search_term_string}"},"query-input":{"@type":"PropertyValueSpecification","valueRequired":true,"valueName":"search_term_string"}}],"inLanguage":"en-US"},{"@type":"Organization","@id":"https:\/\/faravetrerie.it\/en\/#organization","name":"Fara Vetrerie e Cristallerie","url":"https:\/\/faravetrerie.it\/en\/","logo":{"@type":"ImageObject","inLanguage":"en-US","@id":"https:\/\/faravetrerie.it\/en\/#\/schema\/logo\/image\/","url":"https:\/\/faravetrerie.it\/wp-content\/uploads\/2025\/12\/logo-fara-bianco.png","contentUrl":"https:\/\/faravetrerie.it\/wp-content\/uploads\/2025\/12\/logo-fara-bianco.png","width":2038,"height":2942,"caption":"Fara Vetrerie e Cristallerie"},"image":{"@id":"https:\/\/faravetrerie.it\/en\/#\/schema\/logo\/image\/"}}]}},"_links":{"self":[{"href":"https:\/\/faravetrerie.it\/en\/wp-json\/wp\/v2\/product\/25668","targetHints":{"allow":["GET"]}}],"collection":[{"href":"https:\/\/faravetrerie.it\/en\/wp-json\/wp\/v2\/product"}],"about":[{"href":"https:\/\/faravetrerie.it\/en\/wp-json\/wp\/v2\/types\/product"}],"wp:featuredmedia":[{"embeddable":true,"href":"https:\/\/faravetrerie.it\/en\/wp-json\/wp\/v2\/media\/23243"}],"wp:attachment":[{"href":"https:\/\/faravetrerie.it\/en\/wp-json\/wp\/v2\/media?parent=25668"}],"wp:term":[{"taxonomy":"product_brand","embeddable":true,"href":"https:\/\/faravetrerie.it\/en\/wp-json\/wp\/v2\/product_brand?post=25668"},{"taxonomy":"product_cat","embeddable":true,"href":"https:\/\/faravetrerie.it\/en\/wp-json\/wp\/v2\/product_cat?post=25668"},{"taxonomy":"product_tag","embeddable":true,"href":"https:\/\/faravetrerie.it\/en\/wp-json\/wp\/v2\/product_tag?post=25668"}],"curies":[{"name":"wp","href":"https:\/\/api.w.org\/{rel}","templated":true}]}}