{"id":25670,"date":"2025-12-23T16:42:55","date_gmt":"2025-12-23T15:42:55","guid":{"rendered":"https:\/\/sviluppo.faravetrerie.it\/blog\/?post_type=product&#038;p=25670"},"modified":"2026-01-29T12:15:59","modified_gmt":"2026-01-29T11:15:59","slug":"bicchiere-granada-d-o-f","status":"publish","type":"product","link":"https:\/\/faravetrerie.it\/en\/shop-en\/cocktails-en\/cocktail-glasses-and-chalices\/bicchiere-granada-d-o-f\/","title":{"rendered":"BICCHIERE GRANADA D.O.F."},"content":{"rendered":"<h5 data-start=\"0\" data-end=\"71\"><strong data-start=\"0\" data-end=\"71\">Bicchiere Granada D.O.F.: Eleganza e Resistenza per i Tuoi Cocktail<\/strong><\/h5>\n<p data-start=\"73\" data-end=\"458\">Il <strong data-start=\"76\" data-end=\"104\">Bicchiere Granada D.O.F.<\/strong> \u00e8 l&#8217;ideale per servire i tuoi cocktail in modo elegante e pratico. Con un design distintivo e funzionale, \u00e8 la scelta perfetta per bar e ristoranti che cercano un prodotto resistente, versatile e di tendenza. Questo bicchiere \u00e8 pensato per supportare i ritmi intensi della ristorazione e offrire un&#8217;esperienza unica ad ogni degustazione.<\/p>\n<h5 data-start=\"460\" data-end=\"494\">Design Impilabile e Resistente<\/h5>\n<p data-start=\"496\" data-end=\"916\">Il Bicchiere si distingue per la sua struttura impilabile, che ottimizza lo spazio nei bar pi\u00f9 affollati, rendendolo pratico e comodo da riporre. Realizzato in vetro resistente, \u00e8 adatto all&#8217;uso quotidiano e alle esigenze elevate di ristorazione e bar. La sua forma classica e robusta \u00e8 perfetta per cocktail con ghiaccio o altre bevande miscelate, garantendo stabilit\u00e0 e eleganza.<\/p>\n<h5 data-start=\"918\" data-end=\"956\">Personalizzazione per il Tuo Brand<\/h5>\n<p data-start=\"958\" data-end=\"1295\">Un&#8217;altra caratteristica che rende il Bicchiere Granada D.O.F. unico \u00e8 la sua facilit\u00e0 di personalizzazione. Pu\u00f2 essere personalizzato con il logo o il design del tuo bar o ristorante, aggiungendo un tocco esclusivo al tuo servizio. Questa caratteristica lo rende anche un&#8217;ottima scelta per eventi promozionali o catering.<\/p>\n<h5 data-start=\"1297\" data-end=\"1324\">Per Cocktail di Qualit\u00e0<\/h5>\n<p data-start=\"1326\" data-end=\"1699\">Con il Bicchiere Granada D.O.F., ogni cocktail prende vita, dal whiskey alla tequila. La trasparenza del bicchiere mette in risalto i colori e la presentazione del tuo drink, mentre la forma robusta e la base stabile assicurano una degustazione ottimale. Questo bicchiere esalta la tua creativit\u00e0 e le tue creazioni al bar, rendendole ancora pi\u00f9 memorabili.<\/p>\n","protected":false},"excerpt":{"rendered":"<p>La linea di bicchieri per i tuoi cocktails: impilabili, resistenti e di tendenza nei bar di tutto il mondo. Personalizzato esalta le tue creazioni.<\/p>\n<p>cl. 36<\/p>\n<p>fl.oz. 12,67<\/p>\n<p>h. 100 mm.<\/p>\n<p>\u00d8 91 mm.<\/p>\n","protected":false},"featured_media":23244,"template":"","meta":{"inline_featured_image":false},"product_brand":[],"product_cat":[27,38],"product_tag":[942],"class_list":{"0":"post-25670","1":"product","2":"type-product","3":"status-publish","4":"has-post-thumbnail","6":"product_cat-cocktail","7":"product_cat-bicchieri-e-calici-cocktail","8":"product_tag-bicchiere","10":"first","11":"instock","12":"taxable","13":"shipping-taxable","14":"product-type-simple"},"yoast_head":"<!-- This site is optimized with the Yoast SEO plugin v26.6 - https:\/\/yoast.com\/wordpress\/plugins\/seo\/ -->\n<title>BICCHIERE GRANADA D.O.F. - Fara Vetrerie e Cristallerie<\/title>\n<meta name=\"description\" content=\"bicchiere granada D.O.F. per i tuoi cocktails: impilabili, resistenti e di tendenza nei bar di tutto il mondo. Personalizzato esalta le tue creazioni.\" \/>\n<meta name=\"robots\" content=\"index, follow, max-snippet:-1, max-image-preview:large, max-video-preview:-1\" \/>\n<link rel=\"canonical\" href=\"https:\/\/faravetrerie.it\/en\/shop-en\/cocktails-en\/cocktail-glasses-and-chalices\/bicchiere-granada-d-o-f\/\" \/>\n<meta property=\"og:locale\" content=\"en_US\" \/>\n<meta property=\"og:type\" content=\"article\" \/>\n<meta property=\"og:title\" content=\"BICCHIERE GRANADA D.O.F. - Fara Vetrerie e Cristallerie\" \/>\n<meta property=\"og:description\" content=\"bicchiere granada D.O.F. per i tuoi cocktails: impilabili, resistenti e di tendenza nei bar di tutto il mondo. Personalizzato esalta le tue creazioni.\" \/>\n<meta property=\"og:url\" content=\"https:\/\/faravetrerie.it\/en\/shop-en\/cocktails-en\/cocktail-glasses-and-chalices\/bicchiere-granada-d-o-f\/\" \/>\n<meta property=\"og:site_name\" content=\"Fara Vetrerie e Cristallerie\" \/>\n<meta property=\"article:modified_time\" content=\"2026-01-29T11:15:59+00:00\" \/>\n<meta property=\"og:image\" content=\"https:\/\/faravetrerie.it\/wp-content\/uploads\/2025\/12\/RSCAS36DOF_01-3.jpg\" \/>\n\t<meta property=\"og:image:width\" content=\"425\" \/>\n\t<meta property=\"og:image:height\" content=\"454\" \/>\n\t<meta property=\"og:image:type\" content=\"image\/jpeg\" \/>\n<meta name=\"twitter:card\" content=\"summary_large_image\" \/>\n<meta name=\"twitter:label1\" content=\"Est. reading time\" \/>\n\t<meta name=\"twitter:data1\" content=\"2 minutes\" \/>\n<script type=\"application\/ld+json\" class=\"yoast-schema-graph\">{\"@context\":\"https:\/\/schema.org\",\"@graph\":[{\"@type\":\"WebPage\",\"@id\":\"https:\/\/faravetrerie.it\/en\/shop-en\/cocktails-en\/cocktail-glasses-and-chalices\/bicchiere-granada-d-o-f\/\",\"url\":\"https:\/\/faravetrerie.it\/en\/shop-en\/cocktails-en\/cocktail-glasses-and-chalices\/bicchiere-granada-d-o-f\/\",\"name\":\"BICCHIERE GRANADA D.O.F. - Fara Vetrerie e Cristallerie\",\"isPartOf\":{\"@id\":\"https:\/\/faravetrerie.it\/en\/#website\"},\"primaryImageOfPage\":{\"@id\":\"https:\/\/faravetrerie.it\/en\/shop-en\/cocktails-en\/cocktail-glasses-and-chalices\/bicchiere-granada-d-o-f\/#primaryimage\"},\"image\":{\"@id\":\"https:\/\/faravetrerie.it\/en\/shop-en\/cocktails-en\/cocktail-glasses-and-chalices\/bicchiere-granada-d-o-f\/#primaryimage\"},\"thumbnailUrl\":\"https:\/\/faravetrerie.it\/wp-content\/uploads\/2025\/12\/RSCAS36DOF_01-3.jpg\",\"datePublished\":\"2025-12-23T15:42:55+00:00\",\"dateModified\":\"2026-01-29T11:15:59+00:00\",\"description\":\"bicchiere granada D.O.F. per i tuoi cocktails: impilabili, resistenti e di tendenza nei bar di tutto il mondo. Personalizzato esalta le tue creazioni.\",\"breadcrumb\":{\"@id\":\"https:\/\/faravetrerie.it\/en\/shop-en\/cocktails-en\/cocktail-glasses-and-chalices\/bicchiere-granada-d-o-f\/#breadcrumb\"},\"inLanguage\":\"en-US\",\"potentialAction\":[{\"@type\":\"ReadAction\",\"target\":[\"https:\/\/faravetrerie.it\/en\/shop-en\/cocktails-en\/cocktail-glasses-and-chalices\/bicchiere-granada-d-o-f\/\"]}]},{\"@type\":\"ImageObject\",\"inLanguage\":\"en-US\",\"@id\":\"https:\/\/faravetrerie.it\/en\/shop-en\/cocktails-en\/cocktail-glasses-and-chalices\/bicchiere-granada-d-o-f\/#primaryimage\",\"url\":\"https:\/\/faravetrerie.it\/wp-content\/uploads\/2025\/12\/RSCAS36DOF_01-3.jpg\",\"contentUrl\":\"https:\/\/faravetrerie.it\/wp-content\/uploads\/2025\/12\/RSCAS36DOF_01-3.jpg\",\"width\":425,\"height\":454,\"caption\":\"Bicchiere Granada D.O.F.\"},{\"@type\":\"BreadcrumbList\",\"@id\":\"https:\/\/faravetrerie.it\/en\/shop-en\/cocktails-en\/cocktail-glasses-and-chalices\/bicchiere-granada-d-o-f\/#breadcrumb\",\"itemListElement\":[{\"@type\":\"ListItem\",\"position\":1,\"name\":\"Home\",\"item\":\"https:\/\/faravetrerie.it\/en\/\"},{\"@type\":\"ListItem\",\"position\":2,\"name\":\"Shop\",\"item\":\"https:\/\/faravetrerie.it\/en\/shop-en\/\"},{\"@type\":\"ListItem\",\"position\":3,\"name\":\"BICCHIERE GRANADA D.O.F.\"}]},{\"@type\":\"WebSite\",\"@id\":\"https:\/\/faravetrerie.it\/en\/#website\",\"url\":\"https:\/\/faravetrerie.it\/en\/\",\"name\":\"Fara Vetrerie e Cristallerie\",\"description\":\"\",\"publisher\":{\"@id\":\"https:\/\/faravetrerie.it\/en\/#organization\"},\"potentialAction\":[{\"@type\":\"SearchAction\",\"target\":{\"@type\":\"EntryPoint\",\"urlTemplate\":\"https:\/\/faravetrerie.it\/en\/?s={search_term_string}\"},\"query-input\":{\"@type\":\"PropertyValueSpecification\",\"valueRequired\":true,\"valueName\":\"search_term_string\"}}],\"inLanguage\":\"en-US\"},{\"@type\":\"Organization\",\"@id\":\"https:\/\/faravetrerie.it\/en\/#organization\",\"name\":\"Fara Vetrerie e Cristallerie\",\"url\":\"https:\/\/faravetrerie.it\/en\/\",\"logo\":{\"@type\":\"ImageObject\",\"inLanguage\":\"en-US\",\"@id\":\"https:\/\/faravetrerie.it\/en\/#\/schema\/logo\/image\/\",\"url\":\"https:\/\/faravetrerie.it\/wp-content\/uploads\/2025\/12\/logo-fara-bianco.png\",\"contentUrl\":\"https:\/\/faravetrerie.it\/wp-content\/uploads\/2025\/12\/logo-fara-bianco.png\",\"width\":2038,\"height\":2942,\"caption\":\"Fara Vetrerie e Cristallerie\"},\"image\":{\"@id\":\"https:\/\/faravetrerie.it\/en\/#\/schema\/logo\/image\/\"}}]}<\/script>\n<!-- \/ Yoast SEO plugin. -->","yoast_head_json":{"title":"BICCHIERE GRANADA D.O.F. - Fara Vetrerie e Cristallerie","description":"bicchiere granada D.O.F. per i tuoi cocktails: impilabili, resistenti e di tendenza nei bar di tutto il mondo. Personalizzato esalta le tue creazioni.","robots":{"index":"index","follow":"follow","max-snippet":"max-snippet:-1","max-image-preview":"max-image-preview:large","max-video-preview":"max-video-preview:-1"},"canonical":"https:\/\/faravetrerie.it\/en\/shop-en\/cocktails-en\/cocktail-glasses-and-chalices\/bicchiere-granada-d-o-f\/","og_locale":"en_US","og_type":"article","og_title":"BICCHIERE GRANADA D.O.F. - Fara Vetrerie e Cristallerie","og_description":"bicchiere granada D.O.F. per i tuoi cocktails: impilabili, resistenti e di tendenza nei bar di tutto il mondo. Personalizzato esalta le tue creazioni.","og_url":"https:\/\/faravetrerie.it\/en\/shop-en\/cocktails-en\/cocktail-glasses-and-chalices\/bicchiere-granada-d-o-f\/","og_site_name":"Fara Vetrerie e Cristallerie","article_modified_time":"2026-01-29T11:15:59+00:00","og_image":[{"width":425,"height":454,"url":"https:\/\/faravetrerie.it\/wp-content\/uploads\/2025\/12\/RSCAS36DOF_01-3.jpg","type":"image\/jpeg"}],"twitter_card":"summary_large_image","twitter_misc":{"Est. reading time":"2 minutes"},"schema":{"@context":"https:\/\/schema.org","@graph":[{"@type":"WebPage","@id":"https:\/\/faravetrerie.it\/en\/shop-en\/cocktails-en\/cocktail-glasses-and-chalices\/bicchiere-granada-d-o-f\/","url":"https:\/\/faravetrerie.it\/en\/shop-en\/cocktails-en\/cocktail-glasses-and-chalices\/bicchiere-granada-d-o-f\/","name":"BICCHIERE GRANADA D.O.F. - Fara Vetrerie e Cristallerie","isPartOf":{"@id":"https:\/\/faravetrerie.it\/en\/#website"},"primaryImageOfPage":{"@id":"https:\/\/faravetrerie.it\/en\/shop-en\/cocktails-en\/cocktail-glasses-and-chalices\/bicchiere-granada-d-o-f\/#primaryimage"},"image":{"@id":"https:\/\/faravetrerie.it\/en\/shop-en\/cocktails-en\/cocktail-glasses-and-chalices\/bicchiere-granada-d-o-f\/#primaryimage"},"thumbnailUrl":"https:\/\/faravetrerie.it\/wp-content\/uploads\/2025\/12\/RSCAS36DOF_01-3.jpg","datePublished":"2025-12-23T15:42:55+00:00","dateModified":"2026-01-29T11:15:59+00:00","description":"bicchiere granada D.O.F. per i tuoi cocktails: impilabili, resistenti e di tendenza nei bar di tutto il mondo. Personalizzato esalta le tue creazioni.","breadcrumb":{"@id":"https:\/\/faravetrerie.it\/en\/shop-en\/cocktails-en\/cocktail-glasses-and-chalices\/bicchiere-granada-d-o-f\/#breadcrumb"},"inLanguage":"en-US","potentialAction":[{"@type":"ReadAction","target":["https:\/\/faravetrerie.it\/en\/shop-en\/cocktails-en\/cocktail-glasses-and-chalices\/bicchiere-granada-d-o-f\/"]}]},{"@type":"ImageObject","inLanguage":"en-US","@id":"https:\/\/faravetrerie.it\/en\/shop-en\/cocktails-en\/cocktail-glasses-and-chalices\/bicchiere-granada-d-o-f\/#primaryimage","url":"https:\/\/faravetrerie.it\/wp-content\/uploads\/2025\/12\/RSCAS36DOF_01-3.jpg","contentUrl":"https:\/\/faravetrerie.it\/wp-content\/uploads\/2025\/12\/RSCAS36DOF_01-3.jpg","width":425,"height":454,"caption":"Bicchiere Granada D.O.F."},{"@type":"BreadcrumbList","@id":"https:\/\/faravetrerie.it\/en\/shop-en\/cocktails-en\/cocktail-glasses-and-chalices\/bicchiere-granada-d-o-f\/#breadcrumb","itemListElement":[{"@type":"ListItem","position":1,"name":"Home","item":"https:\/\/faravetrerie.it\/en\/"},{"@type":"ListItem","position":2,"name":"Shop","item":"https:\/\/faravetrerie.it\/en\/shop-en\/"},{"@type":"ListItem","position":3,"name":"BICCHIERE GRANADA D.O.F."}]},{"@type":"WebSite","@id":"https:\/\/faravetrerie.it\/en\/#website","url":"https:\/\/faravetrerie.it\/en\/","name":"Fara Vetrerie e Cristallerie","description":"","publisher":{"@id":"https:\/\/faravetrerie.it\/en\/#organization"},"potentialAction":[{"@type":"SearchAction","target":{"@type":"EntryPoint","urlTemplate":"https:\/\/faravetrerie.it\/en\/?s={search_term_string}"},"query-input":{"@type":"PropertyValueSpecification","valueRequired":true,"valueName":"search_term_string"}}],"inLanguage":"en-US"},{"@type":"Organization","@id":"https:\/\/faravetrerie.it\/en\/#organization","name":"Fara Vetrerie e Cristallerie","url":"https:\/\/faravetrerie.it\/en\/","logo":{"@type":"ImageObject","inLanguage":"en-US","@id":"https:\/\/faravetrerie.it\/en\/#\/schema\/logo\/image\/","url":"https:\/\/faravetrerie.it\/wp-content\/uploads\/2025\/12\/logo-fara-bianco.png","contentUrl":"https:\/\/faravetrerie.it\/wp-content\/uploads\/2025\/12\/logo-fara-bianco.png","width":2038,"height":2942,"caption":"Fara Vetrerie e Cristallerie"},"image":{"@id":"https:\/\/faravetrerie.it\/en\/#\/schema\/logo\/image\/"}}]}},"_links":{"self":[{"href":"https:\/\/faravetrerie.it\/en\/wp-json\/wp\/v2\/product\/25670","targetHints":{"allow":["GET"]}}],"collection":[{"href":"https:\/\/faravetrerie.it\/en\/wp-json\/wp\/v2\/product"}],"about":[{"href":"https:\/\/faravetrerie.it\/en\/wp-json\/wp\/v2\/types\/product"}],"wp:featuredmedia":[{"embeddable":true,"href":"https:\/\/faravetrerie.it\/en\/wp-json\/wp\/v2\/media\/23244"}],"wp:attachment":[{"href":"https:\/\/faravetrerie.it\/en\/wp-json\/wp\/v2\/media?parent=25670"}],"wp:term":[{"taxonomy":"product_brand","embeddable":true,"href":"https:\/\/faravetrerie.it\/en\/wp-json\/wp\/v2\/product_brand?post=25670"},{"taxonomy":"product_cat","embeddable":true,"href":"https:\/\/faravetrerie.it\/en\/wp-json\/wp\/v2\/product_cat?post=25670"},{"taxonomy":"product_tag","embeddable":true,"href":"https:\/\/faravetrerie.it\/en\/wp-json\/wp\/v2\/product_tag?post=25670"}],"curies":[{"name":"wp","href":"https:\/\/api.w.org\/{rel}","templated":true}]}}