{"id":25681,"date":"2025-12-23T16:42:56","date_gmt":"2025-12-23T15:42:56","guid":{"rendered":"https:\/\/sviluppo.faravetrerie.it\/blog\/?post_type=product&#038;p=25681"},"modified":"2026-01-29T12:09:53","modified_gmt":"2026-01-29T11:09:53","slug":"bicchiere-rock-bar-cooler","status":"publish","type":"product","link":"https:\/\/faravetrerie.it\/en\/shop-en\/cocktails-en\/cocktail-glasses-and-chalices\/bicchiere-rock-bar-cooler\/","title":{"rendered":"BICCHIERE ROCK BAR COOLER"},"content":{"rendered":"<article class=\"group\/turn w-full text-token-text-primary focus-visible:outline-2 focus-visible:outline-offset-[-4px]\" dir=\"auto\" data-testid=\"conversation-turn-14\" data-scroll-anchor=\"true\">\n<div class=\"text-base my-auto mx-auto py-[18px] px-6\">\n<div class=\"mx-auto flex flex-1 text-base gap-4 md:gap-5 lg:gap-6 md:max-w-3xl\">\n<div class=\"group\/conversation-turn relative flex w-full min-w-0 flex-col agent-turn @xs\/thread:px-0 @sm\/thread:px-1.5 @md\/thread:px-4\">\n<div class=\"flex-col gap-1 md:gap-3\">\n<div class=\"flex max-w-full flex-col flex-grow\">\n<div class=\"min-h-8 text-message relative flex w-full flex-col items-end gap-2 whitespace-normal break-words text-start [.text-message+&amp;]:mt-5\" dir=\"auto\" data-message-author-role=\"assistant\" data-message-id=\"5b0be998-c0b1-4d1f-9c8f-ed57836c2969\" data-message-model-slug=\"gpt-4o-mini\">\n<div class=\"flex w-full flex-col gap-1 empty:hidden first:pt-[3px]\">\n<div class=\"markdown prose w-full break-words dark:prose-invert light\">\n<h4 data-start=\"0\" data-end=\"87\"><strong data-start=\"0\" data-end=\"87\">Bicchiere Rock Bar Cooler: Resistenza e Funzionalit\u00e0 per il Servizio Veloce<\/strong><\/h4>\n<h5 data-start=\"0\" data-end=\"87\"><strong data-start=\"89\" data-end=\"138\">Design Resistente e Impilabile<\/strong><\/h5>\n<p data-start=\"89\" data-end=\"459\">Il bicchiere Rock Bar Cooler \u00e8 stato progettato pensando alla resistenza e alla praticit\u00e0. La sua forma robusta e impilabile lo rende ideale per i ritmi veloci di lavoro, come nei bar e nei locali ad alta affluenza. Con la sua struttura solida, \u00e8 perfetto per resistere agli usi intensi senza compromettere l&#8217;estetica.<\/p>\n<h5 data-start=\"461\" data-end=\"827\"><strong data-start=\"461\" data-end=\"510\">Perfetto per Bibite e Cocktail<\/strong><\/h5>\n<p data-start=\"461\" data-end=\"827\">Questo bicchiere \u00e8 la scelta perfetta per servire bibite rinfrescanti e cocktail, grazie alla sua forma che conserva il freddo pi\u00f9 a lungo. L&#8217;ampia capacit\u00e0 consente di servire anche le bevande con ghiaccio, mentre il design versatile si adatta a diversi tipi di drink, rendendolo ideale per ogni tipo di servizio.<\/p>\n<h5 data-start=\"461\" data-end=\"827\"><strong data-start=\"829\" data-end=\"871\">Ottimo per Ritmi Veloci<\/strong><\/h5>\n<p data-start=\"829\" data-end=\"1150\">La caratteristica impilabile del bicchiere\u00a0 ottimizza lo spazio e facilita il lavoro in ambienti frenetici come i bar. Questo lo rende uno strumento pratico e veloce, che consente di servire pi\u00f9 clienti in meno tempo senza compromettere la qualit\u00e0 del servizio.<\/p>\n<h5 data-start=\"1152\" data-end=\"1511\"><strong data-start=\"1152\" data-end=\"1194\">Resistenza e Durabilit\u00e0<\/strong><\/h5>\n<p data-start=\"1152\" data-end=\"1511\" data-is-last-node=\"\" data-is-only-node=\"\">Realizzato con materiali di alta qualit\u00e0, il bicchiere Rock Bar Cooler \u00e8 progettato per durare nel tempo, mantenendo intatta la sua forma e funzionalit\u00e0 anche dopo numerosi lavaggi e un uso frequente. Un bicchiere che unisce estetica, praticit\u00e0 e resistenza, perfetto per chi lavora nel settore della ristorazione.<\/p>\n<\/div>\n<\/div>\n<\/div>\n<\/div>\n<\/div>\n<\/div>\n<\/div>\n<\/div>\n<\/article>\n","protected":false},"excerpt":{"rendered":"<p>Il bicchiere per la ristorazione, creato per il servizio delle bibite e dei cocktail. La sua forma resistente ed impilabile \u00e8 perfetta per i ritmi veloci di lavoro<\/p>\n<p>cl. 48<\/p>\n<p>fl.oz. 16,23<\/p>\n<p>h. 130 mm.<\/p>\n<p>\u00d8 90 mm.<\/p>\n","protected":false},"featured_media":23250,"template":"","meta":{"inline_featured_image":false},"product_brand":[],"product_cat":[27,38],"product_tag":[],"class_list":{"0":"post-25681","1":"product","2":"type-product","3":"status-publish","4":"has-post-thumbnail","6":"product_cat-cocktail","7":"product_cat-bicchieri-e-calici-cocktail","9":"first","10":"instock","11":"taxable","12":"shipping-taxable","13":"product-type-simple"},"yoast_head":"<!-- This site is optimized with the Yoast SEO plugin v26.6 - https:\/\/yoast.com\/wordpress\/plugins\/seo\/ -->\n<title>BICCHIERE ROCK BAR COOLER - Fara Vetrerie e Cristallerie<\/title>\n<meta name=\"description\" content=\"Il bicchiere rock bar cooler, creato per il servizio delle bibite e dei cocktail. La sua forma resistente ed impilabile ideale per ristoranti e bar\" \/>\n<meta name=\"robots\" content=\"index, follow, max-snippet:-1, max-image-preview:large, max-video-preview:-1\" \/>\n<link rel=\"canonical\" href=\"https:\/\/faravetrerie.it\/en\/shop-en\/cocktails-en\/cocktail-glasses-and-chalices\/bicchiere-rock-bar-cooler\/\" \/>\n<meta property=\"og:locale\" content=\"en_US\" \/>\n<meta property=\"og:type\" content=\"article\" \/>\n<meta property=\"og:title\" content=\"BICCHIERE ROCK BAR COOLER - Fara Vetrerie e Cristallerie\" \/>\n<meta property=\"og:description\" content=\"Il bicchiere rock bar cooler, creato per il servizio delle bibite e dei cocktail. La sua forma resistente ed impilabile ideale per ristoranti e bar\" \/>\n<meta property=\"og:url\" content=\"https:\/\/faravetrerie.it\/en\/shop-en\/cocktails-en\/cocktail-glasses-and-chalices\/bicchiere-rock-bar-cooler\/\" \/>\n<meta property=\"og:site_name\" content=\"Fara Vetrerie e Cristallerie\" \/>\n<meta property=\"article:modified_time\" content=\"2026-01-29T11:09:53+00:00\" \/>\n<meta property=\"og:image\" content=\"https:\/\/faravetrerie.it\/wp-content\/uploads\/2025\/12\/FVROCK48_02-3.jpg\" \/>\n\t<meta property=\"og:image:width\" content=\"1417\" \/>\n\t<meta property=\"og:image:height\" content=\"1890\" \/>\n\t<meta property=\"og:image:type\" content=\"image\/jpeg\" \/>\n<meta name=\"twitter:card\" content=\"summary_large_image\" \/>\n<meta name=\"twitter:label1\" content=\"Est. reading time\" \/>\n\t<meta name=\"twitter:data1\" content=\"2 minutes\" \/>\n<script type=\"application\/ld+json\" class=\"yoast-schema-graph\">{\"@context\":\"https:\/\/schema.org\",\"@graph\":[{\"@type\":\"WebPage\",\"@id\":\"https:\/\/faravetrerie.it\/en\/shop-en\/cocktails-en\/cocktail-glasses-and-chalices\/bicchiere-rock-bar-cooler\/\",\"url\":\"https:\/\/faravetrerie.it\/en\/shop-en\/cocktails-en\/cocktail-glasses-and-chalices\/bicchiere-rock-bar-cooler\/\",\"name\":\"BICCHIERE ROCK BAR COOLER - Fara Vetrerie e Cristallerie\",\"isPartOf\":{\"@id\":\"https:\/\/faravetrerie.it\/en\/#website\"},\"primaryImageOfPage\":{\"@id\":\"https:\/\/faravetrerie.it\/en\/shop-en\/cocktails-en\/cocktail-glasses-and-chalices\/bicchiere-rock-bar-cooler\/#primaryimage\"},\"image\":{\"@id\":\"https:\/\/faravetrerie.it\/en\/shop-en\/cocktails-en\/cocktail-glasses-and-chalices\/bicchiere-rock-bar-cooler\/#primaryimage\"},\"thumbnailUrl\":\"https:\/\/faravetrerie.it\/wp-content\/uploads\/2025\/12\/FVROCK48_02-3.jpg\",\"datePublished\":\"2025-12-23T15:42:56+00:00\",\"dateModified\":\"2026-01-29T11:09:53+00:00\",\"description\":\"Il bicchiere rock bar cooler, creato per il servizio delle bibite e dei cocktail. La sua forma resistente ed impilabile ideale per ristoranti e bar\",\"breadcrumb\":{\"@id\":\"https:\/\/faravetrerie.it\/en\/shop-en\/cocktails-en\/cocktail-glasses-and-chalices\/bicchiere-rock-bar-cooler\/#breadcrumb\"},\"inLanguage\":\"en-US\",\"potentialAction\":[{\"@type\":\"ReadAction\",\"target\":[\"https:\/\/faravetrerie.it\/en\/shop-en\/cocktails-en\/cocktail-glasses-and-chalices\/bicchiere-rock-bar-cooler\/\"]}]},{\"@type\":\"ImageObject\",\"inLanguage\":\"en-US\",\"@id\":\"https:\/\/faravetrerie.it\/en\/shop-en\/cocktails-en\/cocktail-glasses-and-chalices\/bicchiere-rock-bar-cooler\/#primaryimage\",\"url\":\"https:\/\/faravetrerie.it\/wp-content\/uploads\/2025\/12\/FVROCK48_02-3.jpg\",\"contentUrl\":\"https:\/\/faravetrerie.it\/wp-content\/uploads\/2025\/12\/FVROCK48_02-3.jpg\",\"width\":1417,\"height\":1890,\"caption\":\"Bicchiere Rock Bar Cooler\"},{\"@type\":\"BreadcrumbList\",\"@id\":\"https:\/\/faravetrerie.it\/en\/shop-en\/cocktails-en\/cocktail-glasses-and-chalices\/bicchiere-rock-bar-cooler\/#breadcrumb\",\"itemListElement\":[{\"@type\":\"ListItem\",\"position\":1,\"name\":\"Home\",\"item\":\"https:\/\/faravetrerie.it\/en\/\"},{\"@type\":\"ListItem\",\"position\":2,\"name\":\"Shop\",\"item\":\"https:\/\/faravetrerie.it\/en\/shop-en\/\"},{\"@type\":\"ListItem\",\"position\":3,\"name\":\"BICCHIERE ROCK BAR COOLER\"}]},{\"@type\":\"WebSite\",\"@id\":\"https:\/\/faravetrerie.it\/en\/#website\",\"url\":\"https:\/\/faravetrerie.it\/en\/\",\"name\":\"Fara Vetrerie e Cristallerie\",\"description\":\"\",\"publisher\":{\"@id\":\"https:\/\/faravetrerie.it\/en\/#organization\"},\"potentialAction\":[{\"@type\":\"SearchAction\",\"target\":{\"@type\":\"EntryPoint\",\"urlTemplate\":\"https:\/\/faravetrerie.it\/en\/?s={search_term_string}\"},\"query-input\":{\"@type\":\"PropertyValueSpecification\",\"valueRequired\":true,\"valueName\":\"search_term_string\"}}],\"inLanguage\":\"en-US\"},{\"@type\":\"Organization\",\"@id\":\"https:\/\/faravetrerie.it\/en\/#organization\",\"name\":\"Fara Vetrerie e Cristallerie\",\"url\":\"https:\/\/faravetrerie.it\/en\/\",\"logo\":{\"@type\":\"ImageObject\",\"inLanguage\":\"en-US\",\"@id\":\"https:\/\/faravetrerie.it\/en\/#\/schema\/logo\/image\/\",\"url\":\"https:\/\/faravetrerie.it\/wp-content\/uploads\/2025\/12\/logo-fara-bianco.png\",\"contentUrl\":\"https:\/\/faravetrerie.it\/wp-content\/uploads\/2025\/12\/logo-fara-bianco.png\",\"width\":2038,\"height\":2942,\"caption\":\"Fara Vetrerie e Cristallerie\"},\"image\":{\"@id\":\"https:\/\/faravetrerie.it\/en\/#\/schema\/logo\/image\/\"}}]}<\/script>\n<!-- \/ Yoast SEO plugin. -->","yoast_head_json":{"title":"BICCHIERE ROCK BAR COOLER - Fara Vetrerie e Cristallerie","description":"Il bicchiere rock bar cooler, creato per il servizio delle bibite e dei cocktail. La sua forma resistente ed impilabile ideale per ristoranti e bar","robots":{"index":"index","follow":"follow","max-snippet":"max-snippet:-1","max-image-preview":"max-image-preview:large","max-video-preview":"max-video-preview:-1"},"canonical":"https:\/\/faravetrerie.it\/en\/shop-en\/cocktails-en\/cocktail-glasses-and-chalices\/bicchiere-rock-bar-cooler\/","og_locale":"en_US","og_type":"article","og_title":"BICCHIERE ROCK BAR COOLER - Fara Vetrerie e Cristallerie","og_description":"Il bicchiere rock bar cooler, creato per il servizio delle bibite e dei cocktail. La sua forma resistente ed impilabile ideale per ristoranti e bar","og_url":"https:\/\/faravetrerie.it\/en\/shop-en\/cocktails-en\/cocktail-glasses-and-chalices\/bicchiere-rock-bar-cooler\/","og_site_name":"Fara Vetrerie e Cristallerie","article_modified_time":"2026-01-29T11:09:53+00:00","og_image":[{"width":1417,"height":1890,"url":"https:\/\/faravetrerie.it\/wp-content\/uploads\/2025\/12\/FVROCK48_02-3.jpg","type":"image\/jpeg"}],"twitter_card":"summary_large_image","twitter_misc":{"Est. reading time":"2 minutes"},"schema":{"@context":"https:\/\/schema.org","@graph":[{"@type":"WebPage","@id":"https:\/\/faravetrerie.it\/en\/shop-en\/cocktails-en\/cocktail-glasses-and-chalices\/bicchiere-rock-bar-cooler\/","url":"https:\/\/faravetrerie.it\/en\/shop-en\/cocktails-en\/cocktail-glasses-and-chalices\/bicchiere-rock-bar-cooler\/","name":"BICCHIERE ROCK BAR COOLER - Fara Vetrerie e Cristallerie","isPartOf":{"@id":"https:\/\/faravetrerie.it\/en\/#website"},"primaryImageOfPage":{"@id":"https:\/\/faravetrerie.it\/en\/shop-en\/cocktails-en\/cocktail-glasses-and-chalices\/bicchiere-rock-bar-cooler\/#primaryimage"},"image":{"@id":"https:\/\/faravetrerie.it\/en\/shop-en\/cocktails-en\/cocktail-glasses-and-chalices\/bicchiere-rock-bar-cooler\/#primaryimage"},"thumbnailUrl":"https:\/\/faravetrerie.it\/wp-content\/uploads\/2025\/12\/FVROCK48_02-3.jpg","datePublished":"2025-12-23T15:42:56+00:00","dateModified":"2026-01-29T11:09:53+00:00","description":"Il bicchiere rock bar cooler, creato per il servizio delle bibite e dei cocktail. La sua forma resistente ed impilabile ideale per ristoranti e bar","breadcrumb":{"@id":"https:\/\/faravetrerie.it\/en\/shop-en\/cocktails-en\/cocktail-glasses-and-chalices\/bicchiere-rock-bar-cooler\/#breadcrumb"},"inLanguage":"en-US","potentialAction":[{"@type":"ReadAction","target":["https:\/\/faravetrerie.it\/en\/shop-en\/cocktails-en\/cocktail-glasses-and-chalices\/bicchiere-rock-bar-cooler\/"]}]},{"@type":"ImageObject","inLanguage":"en-US","@id":"https:\/\/faravetrerie.it\/en\/shop-en\/cocktails-en\/cocktail-glasses-and-chalices\/bicchiere-rock-bar-cooler\/#primaryimage","url":"https:\/\/faravetrerie.it\/wp-content\/uploads\/2025\/12\/FVROCK48_02-3.jpg","contentUrl":"https:\/\/faravetrerie.it\/wp-content\/uploads\/2025\/12\/FVROCK48_02-3.jpg","width":1417,"height":1890,"caption":"Bicchiere Rock Bar Cooler"},{"@type":"BreadcrumbList","@id":"https:\/\/faravetrerie.it\/en\/shop-en\/cocktails-en\/cocktail-glasses-and-chalices\/bicchiere-rock-bar-cooler\/#breadcrumb","itemListElement":[{"@type":"ListItem","position":1,"name":"Home","item":"https:\/\/faravetrerie.it\/en\/"},{"@type":"ListItem","position":2,"name":"Shop","item":"https:\/\/faravetrerie.it\/en\/shop-en\/"},{"@type":"ListItem","position":3,"name":"BICCHIERE ROCK BAR COOLER"}]},{"@type":"WebSite","@id":"https:\/\/faravetrerie.it\/en\/#website","url":"https:\/\/faravetrerie.it\/en\/","name":"Fara Vetrerie e Cristallerie","description":"","publisher":{"@id":"https:\/\/faravetrerie.it\/en\/#organization"},"potentialAction":[{"@type":"SearchAction","target":{"@type":"EntryPoint","urlTemplate":"https:\/\/faravetrerie.it\/en\/?s={search_term_string}"},"query-input":{"@type":"PropertyValueSpecification","valueRequired":true,"valueName":"search_term_string"}}],"inLanguage":"en-US"},{"@type":"Organization","@id":"https:\/\/faravetrerie.it\/en\/#organization","name":"Fara Vetrerie e Cristallerie","url":"https:\/\/faravetrerie.it\/en\/","logo":{"@type":"ImageObject","inLanguage":"en-US","@id":"https:\/\/faravetrerie.it\/en\/#\/schema\/logo\/image\/","url":"https:\/\/faravetrerie.it\/wp-content\/uploads\/2025\/12\/logo-fara-bianco.png","contentUrl":"https:\/\/faravetrerie.it\/wp-content\/uploads\/2025\/12\/logo-fara-bianco.png","width":2038,"height":2942,"caption":"Fara Vetrerie e Cristallerie"},"image":{"@id":"https:\/\/faravetrerie.it\/en\/#\/schema\/logo\/image\/"}}]}},"_links":{"self":[{"href":"https:\/\/faravetrerie.it\/en\/wp-json\/wp\/v2\/product\/25681","targetHints":{"allow":["GET"]}}],"collection":[{"href":"https:\/\/faravetrerie.it\/en\/wp-json\/wp\/v2\/product"}],"about":[{"href":"https:\/\/faravetrerie.it\/en\/wp-json\/wp\/v2\/types\/product"}],"wp:featuredmedia":[{"embeddable":true,"href":"https:\/\/faravetrerie.it\/en\/wp-json\/wp\/v2\/media\/23250"}],"wp:attachment":[{"href":"https:\/\/faravetrerie.it\/en\/wp-json\/wp\/v2\/media?parent=25681"}],"wp:term":[{"taxonomy":"product_brand","embeddable":true,"href":"https:\/\/faravetrerie.it\/en\/wp-json\/wp\/v2\/product_brand?post=25681"},{"taxonomy":"product_cat","embeddable":true,"href":"https:\/\/faravetrerie.it\/en\/wp-json\/wp\/v2\/product_cat?post=25681"},{"taxonomy":"product_tag","embeddable":true,"href":"https:\/\/faravetrerie.it\/en\/wp-json\/wp\/v2\/product_tag?post=25681"}],"curies":[{"name":"wp","href":"https:\/\/api.w.org\/{rel}","templated":true}]}}