{"id":25683,"date":"2025-12-23T16:42:57","date_gmt":"2025-12-23T15:42:57","guid":{"rendered":"https:\/\/sviluppo.faravetrerie.it\/blog\/?post_type=product&#038;p=25683"},"modified":"2026-01-29T12:04:18","modified_gmt":"2026-01-29T11:04:18","slug":"bicchiere-rock-bar-liquore","status":"publish","type":"product","link":"https:\/\/faravetrerie.it\/en\/shop-en\/cocktails-en\/cocktail-glasses-and-chalices\/bicchiere-rock-bar-liquore\/","title":{"rendered":"BICCHIERE ROCK BAR LIQUORE"},"content":{"rendered":"<article class=\"group\/turn w-full text-token-text-primary focus-visible:outline-2 focus-visible:outline-offset-[-4px]\" dir=\"auto\" data-testid=\"conversation-turn-16\" data-scroll-anchor=\"true\">\n<div class=\"text-base my-auto mx-auto py-[18px] px-6\">\n<div class=\"mx-auto flex flex-1 text-base gap-4 md:gap-5 lg:gap-6 md:max-w-3xl\">\n<div class=\"group\/conversation-turn relative flex w-full min-w-0 flex-col agent-turn @xs\/thread:px-0 @sm\/thread:px-1.5 @md\/thread:px-4\">\n<div class=\"flex-col gap-1 md:gap-3\">\n<div class=\"flex max-w-full flex-col flex-grow\">\n<div class=\"min-h-8 text-message relative flex w-full flex-col items-end gap-2 whitespace-normal break-words text-start [.text-message+&amp;]:mt-5\" dir=\"auto\" data-message-author-role=\"assistant\" data-message-id=\"a7ca7063-6341-4405-9766-765fe9df7268\" data-message-model-slug=\"gpt-4o-mini\">\n<div class=\"flex w-full flex-col gap-1 empty:hidden first:pt-[3px]\">\n<div class=\"markdown prose w-full break-words dark:prose-invert light\">\n<h4 data-start=\"0\" data-end=\"82\"><strong data-start=\"0\" data-end=\"82\">Bicchiere Rock Bar Liquore: Resistenza e Praticit\u00e0 per Shots e Liquori<\/strong><\/h4>\n<h5 data-start=\"84\" data-end=\"470\"><strong data-start=\"84\" data-end=\"133\">Design Resistente e Impilabile<\/strong><\/h5>\n<p data-start=\"84\" data-end=\"470\">Il bicchiere Rock Bar Liquore \u00e8 stato progettato con un design robusto e impilabile, ideale per rispondere ai ritmi veloci e dinamici del lavoro nei bar. La sua forma compatta e resistente lo rende perfetto per affrontare l&#8217;intensit\u00e0 degli ambienti di ristorazione, consentendo di servire liquori e shots in modo rapido ed efficiente.<\/p>\n<h5 data-start=\"472\" data-end=\"830\"><strong data-start=\"472\" data-end=\"519\">Perfetto per Liquori e Shots<\/strong><\/h5>\n<p data-start=\"472\" data-end=\"830\">Questo bicchiere \u00e8 specificamente studiato per il servizio di liquori e shots, con la giusta capacit\u00e0 per un dosaggio perfetto. La sua forma facilita il versamento e l&#8217;uso, rendendolo adatto per un&#8217;ampia variet\u00e0 di superalcolici e combinazioni veloci ma mantenendo al contempo un aspetto elegante e funzionale.<\/p>\n<h5 data-start=\"832\" data-end=\"1178\"><strong data-start=\"832\" data-end=\"886\">Ottimale per Ritmi Veloci di Lavoro<\/strong><\/h5>\n<p data-start=\"832\" data-end=\"1178\">Grazie alla sua struttura impilabile, il bicchiere\u00a0 ottimizza lo spazio e aiuta a mantenere l&#8217;area di lavoro ordinata. \u00c8 ideale per i baristi e i professionisti del settore che devono servire in modo rapido e preciso, senza sacrificare la qualit\u00e0 o l&#8217;estetica del servizio.<\/p>\n<h5 data-start=\"1180\" data-end=\"1556\"><strong data-start=\"1180\" data-end=\"1232\">Durabilit\u00e0 e Resistenza nel Tempo<\/strong><\/h5>\n<p data-start=\"1180\" data-end=\"1556\" data-is-last-node=\"\" data-is-only-node=\"\">Realizzato in materiali di alta qualit\u00e0, il bicchiere Rock Bar Liquore \u00e8 progettato per resistere a un uso continuo e frequente. La sua solidit\u00e0 garantisce che rimanga in ottime condizioni anche dopo numerosi lavaggi e utilizzi intensivi. \u00c8 un investimento perfetto per chi lavora nel settore della ristorazione.<\/p>\n<\/div>\n<\/div>\n<\/div>\n<\/div>\n<\/div>\n<\/div>\n<\/div>\n<\/div>\n<\/article>\n","protected":false},"excerpt":{"rendered":"<p>Il bicchiere per la ristorazione, per il servizio dei liquori e shots. La sua forma resistente ed impilabile \u00e8 perfetta per i ritmi veloci di lavoro<\/p>\n<p>cl. 7<\/p>\n<p>fl.oz. 2,46<\/p>\n<p>h. 64 mm.<\/p>\n<p>\u00d8 51 mm.<\/p>\n","protected":false},"featured_media":23251,"template":"","meta":{"inline_featured_image":false},"product_brand":[],"product_cat":[26,27,38],"product_tag":[942],"class_list":{"0":"post-25683","1":"product","2":"type-product","3":"status-publish","4":"has-post-thumbnail","6":"product_cat-caffe","7":"product_cat-cocktail","8":"product_cat-bicchieri-e-calici-cocktail","9":"product_tag-bicchiere","11":"first","12":"instock","13":"taxable","14":"shipping-taxable","15":"product-type-simple"},"yoast_head":"<!-- This site is optimized with the Yoast SEO plugin v26.6 - https:\/\/yoast.com\/wordpress\/plugins\/seo\/ -->\n<title>BICCHIERE ROCK BAR LIQUORE - Fara Vetrerie e Cristallerie<\/title>\n<meta name=\"description\" content=\"Il bicchiere rock bar liquore per il servizio dei liquori e shots. La sua forma resistente ed impilabile \u00e8 perfetta per i ritmi veloci di lavoro\" \/>\n<meta name=\"robots\" content=\"index, follow, max-snippet:-1, max-image-preview:large, max-video-preview:-1\" \/>\n<link rel=\"canonical\" href=\"https:\/\/faravetrerie.it\/en\/shop-en\/cocktails-en\/cocktail-glasses-and-chalices\/bicchiere-rock-bar-liquore\/\" \/>\n<meta property=\"og:locale\" content=\"en_US\" \/>\n<meta property=\"og:type\" content=\"article\" \/>\n<meta property=\"og:title\" content=\"BICCHIERE ROCK BAR LIQUORE - Fara Vetrerie e Cristallerie\" \/>\n<meta property=\"og:description\" content=\"Il bicchiere rock bar liquore per il servizio dei liquori e shots. La sua forma resistente ed impilabile \u00e8 perfetta per i ritmi veloci di lavoro\" \/>\n<meta property=\"og:url\" content=\"https:\/\/faravetrerie.it\/en\/shop-en\/cocktails-en\/cocktail-glasses-and-chalices\/bicchiere-rock-bar-liquore\/\" \/>\n<meta property=\"og:site_name\" content=\"Fara Vetrerie e Cristallerie\" \/>\n<meta property=\"article:modified_time\" content=\"2026-01-29T11:04:18+00:00\" \/>\n<meta property=\"og:image\" content=\"https:\/\/faravetrerie.it\/wp-content\/uploads\/2025\/12\/FVROCK7_01-3.jpg\" \/>\n\t<meta property=\"og:image:width\" content=\"1535\" \/>\n\t<meta property=\"og:image:height\" content=\"1772\" \/>\n\t<meta property=\"og:image:type\" content=\"image\/jpeg\" \/>\n<meta name=\"twitter:card\" content=\"summary_large_image\" \/>\n<meta name=\"twitter:label1\" content=\"Est. reading time\" \/>\n\t<meta name=\"twitter:data1\" content=\"2 minutes\" \/>\n<script type=\"application\/ld+json\" class=\"yoast-schema-graph\">{\"@context\":\"https:\/\/schema.org\",\"@graph\":[{\"@type\":\"WebPage\",\"@id\":\"https:\/\/faravetrerie.it\/en\/shop-en\/cocktails-en\/cocktail-glasses-and-chalices\/bicchiere-rock-bar-liquore\/\",\"url\":\"https:\/\/faravetrerie.it\/en\/shop-en\/cocktails-en\/cocktail-glasses-and-chalices\/bicchiere-rock-bar-liquore\/\",\"name\":\"BICCHIERE ROCK BAR LIQUORE - Fara Vetrerie e Cristallerie\",\"isPartOf\":{\"@id\":\"https:\/\/faravetrerie.it\/en\/#website\"},\"primaryImageOfPage\":{\"@id\":\"https:\/\/faravetrerie.it\/en\/shop-en\/cocktails-en\/cocktail-glasses-and-chalices\/bicchiere-rock-bar-liquore\/#primaryimage\"},\"image\":{\"@id\":\"https:\/\/faravetrerie.it\/en\/shop-en\/cocktails-en\/cocktail-glasses-and-chalices\/bicchiere-rock-bar-liquore\/#primaryimage\"},\"thumbnailUrl\":\"https:\/\/faravetrerie.it\/wp-content\/uploads\/2025\/12\/FVROCK7_01-3.jpg\",\"datePublished\":\"2025-12-23T15:42:57+00:00\",\"dateModified\":\"2026-01-29T11:04:18+00:00\",\"description\":\"Il bicchiere rock bar liquore per il servizio dei liquori e shots. La sua forma resistente ed impilabile \u00e8 perfetta per i ritmi veloci di lavoro\",\"breadcrumb\":{\"@id\":\"https:\/\/faravetrerie.it\/en\/shop-en\/cocktails-en\/cocktail-glasses-and-chalices\/bicchiere-rock-bar-liquore\/#breadcrumb\"},\"inLanguage\":\"en-US\",\"potentialAction\":[{\"@type\":\"ReadAction\",\"target\":[\"https:\/\/faravetrerie.it\/en\/shop-en\/cocktails-en\/cocktail-glasses-and-chalices\/bicchiere-rock-bar-liquore\/\"]}]},{\"@type\":\"ImageObject\",\"inLanguage\":\"en-US\",\"@id\":\"https:\/\/faravetrerie.it\/en\/shop-en\/cocktails-en\/cocktail-glasses-and-chalices\/bicchiere-rock-bar-liquore\/#primaryimage\",\"url\":\"https:\/\/faravetrerie.it\/wp-content\/uploads\/2025\/12\/FVROCK7_01-3.jpg\",\"contentUrl\":\"https:\/\/faravetrerie.it\/wp-content\/uploads\/2025\/12\/FVROCK7_01-3.jpg\",\"width\":1535,\"height\":1772,\"caption\":\"Bicchiere Rock Bar Liquore\"},{\"@type\":\"BreadcrumbList\",\"@id\":\"https:\/\/faravetrerie.it\/en\/shop-en\/cocktails-en\/cocktail-glasses-and-chalices\/bicchiere-rock-bar-liquore\/#breadcrumb\",\"itemListElement\":[{\"@type\":\"ListItem\",\"position\":1,\"name\":\"Home\",\"item\":\"https:\/\/faravetrerie.it\/en\/\"},{\"@type\":\"ListItem\",\"position\":2,\"name\":\"Shop\",\"item\":\"https:\/\/faravetrerie.it\/en\/shop-en\/\"},{\"@type\":\"ListItem\",\"position\":3,\"name\":\"BICCHIERE ROCK BAR LIQUORE\"}]},{\"@type\":\"WebSite\",\"@id\":\"https:\/\/faravetrerie.it\/en\/#website\",\"url\":\"https:\/\/faravetrerie.it\/en\/\",\"name\":\"Fara Vetrerie e Cristallerie\",\"description\":\"\",\"publisher\":{\"@id\":\"https:\/\/faravetrerie.it\/en\/#organization\"},\"potentialAction\":[{\"@type\":\"SearchAction\",\"target\":{\"@type\":\"EntryPoint\",\"urlTemplate\":\"https:\/\/faravetrerie.it\/en\/?s={search_term_string}\"},\"query-input\":{\"@type\":\"PropertyValueSpecification\",\"valueRequired\":true,\"valueName\":\"search_term_string\"}}],\"inLanguage\":\"en-US\"},{\"@type\":\"Organization\",\"@id\":\"https:\/\/faravetrerie.it\/en\/#organization\",\"name\":\"Fara Vetrerie e Cristallerie\",\"url\":\"https:\/\/faravetrerie.it\/en\/\",\"logo\":{\"@type\":\"ImageObject\",\"inLanguage\":\"en-US\",\"@id\":\"https:\/\/faravetrerie.it\/en\/#\/schema\/logo\/image\/\",\"url\":\"https:\/\/faravetrerie.it\/wp-content\/uploads\/2025\/12\/logo-fara-bianco.png\",\"contentUrl\":\"https:\/\/faravetrerie.it\/wp-content\/uploads\/2025\/12\/logo-fara-bianco.png\",\"width\":2038,\"height\":2942,\"caption\":\"Fara Vetrerie e Cristallerie\"},\"image\":{\"@id\":\"https:\/\/faravetrerie.it\/en\/#\/schema\/logo\/image\/\"}}]}<\/script>\n<!-- \/ Yoast SEO plugin. -->","yoast_head_json":{"title":"BICCHIERE ROCK BAR LIQUORE - Fara Vetrerie e Cristallerie","description":"Il bicchiere rock bar liquore per il servizio dei liquori e shots. La sua forma resistente ed impilabile \u00e8 perfetta per i ritmi veloci di lavoro","robots":{"index":"index","follow":"follow","max-snippet":"max-snippet:-1","max-image-preview":"max-image-preview:large","max-video-preview":"max-video-preview:-1"},"canonical":"https:\/\/faravetrerie.it\/en\/shop-en\/cocktails-en\/cocktail-glasses-and-chalices\/bicchiere-rock-bar-liquore\/","og_locale":"en_US","og_type":"article","og_title":"BICCHIERE ROCK BAR LIQUORE - Fara Vetrerie e Cristallerie","og_description":"Il bicchiere rock bar liquore per il servizio dei liquori e shots. La sua forma resistente ed impilabile \u00e8 perfetta per i ritmi veloci di lavoro","og_url":"https:\/\/faravetrerie.it\/en\/shop-en\/cocktails-en\/cocktail-glasses-and-chalices\/bicchiere-rock-bar-liquore\/","og_site_name":"Fara Vetrerie e Cristallerie","article_modified_time":"2026-01-29T11:04:18+00:00","og_image":[{"width":1535,"height":1772,"url":"https:\/\/faravetrerie.it\/wp-content\/uploads\/2025\/12\/FVROCK7_01-3.jpg","type":"image\/jpeg"}],"twitter_card":"summary_large_image","twitter_misc":{"Est. reading time":"2 minutes"},"schema":{"@context":"https:\/\/schema.org","@graph":[{"@type":"WebPage","@id":"https:\/\/faravetrerie.it\/en\/shop-en\/cocktails-en\/cocktail-glasses-and-chalices\/bicchiere-rock-bar-liquore\/","url":"https:\/\/faravetrerie.it\/en\/shop-en\/cocktails-en\/cocktail-glasses-and-chalices\/bicchiere-rock-bar-liquore\/","name":"BICCHIERE ROCK BAR LIQUORE - Fara Vetrerie e Cristallerie","isPartOf":{"@id":"https:\/\/faravetrerie.it\/en\/#website"},"primaryImageOfPage":{"@id":"https:\/\/faravetrerie.it\/en\/shop-en\/cocktails-en\/cocktail-glasses-and-chalices\/bicchiere-rock-bar-liquore\/#primaryimage"},"image":{"@id":"https:\/\/faravetrerie.it\/en\/shop-en\/cocktails-en\/cocktail-glasses-and-chalices\/bicchiere-rock-bar-liquore\/#primaryimage"},"thumbnailUrl":"https:\/\/faravetrerie.it\/wp-content\/uploads\/2025\/12\/FVROCK7_01-3.jpg","datePublished":"2025-12-23T15:42:57+00:00","dateModified":"2026-01-29T11:04:18+00:00","description":"Il bicchiere rock bar liquore per il servizio dei liquori e shots. La sua forma resistente ed impilabile \u00e8 perfetta per i ritmi veloci di lavoro","breadcrumb":{"@id":"https:\/\/faravetrerie.it\/en\/shop-en\/cocktails-en\/cocktail-glasses-and-chalices\/bicchiere-rock-bar-liquore\/#breadcrumb"},"inLanguage":"en-US","potentialAction":[{"@type":"ReadAction","target":["https:\/\/faravetrerie.it\/en\/shop-en\/cocktails-en\/cocktail-glasses-and-chalices\/bicchiere-rock-bar-liquore\/"]}]},{"@type":"ImageObject","inLanguage":"en-US","@id":"https:\/\/faravetrerie.it\/en\/shop-en\/cocktails-en\/cocktail-glasses-and-chalices\/bicchiere-rock-bar-liquore\/#primaryimage","url":"https:\/\/faravetrerie.it\/wp-content\/uploads\/2025\/12\/FVROCK7_01-3.jpg","contentUrl":"https:\/\/faravetrerie.it\/wp-content\/uploads\/2025\/12\/FVROCK7_01-3.jpg","width":1535,"height":1772,"caption":"Bicchiere Rock Bar Liquore"},{"@type":"BreadcrumbList","@id":"https:\/\/faravetrerie.it\/en\/shop-en\/cocktails-en\/cocktail-glasses-and-chalices\/bicchiere-rock-bar-liquore\/#breadcrumb","itemListElement":[{"@type":"ListItem","position":1,"name":"Home","item":"https:\/\/faravetrerie.it\/en\/"},{"@type":"ListItem","position":2,"name":"Shop","item":"https:\/\/faravetrerie.it\/en\/shop-en\/"},{"@type":"ListItem","position":3,"name":"BICCHIERE ROCK BAR LIQUORE"}]},{"@type":"WebSite","@id":"https:\/\/faravetrerie.it\/en\/#website","url":"https:\/\/faravetrerie.it\/en\/","name":"Fara Vetrerie e Cristallerie","description":"","publisher":{"@id":"https:\/\/faravetrerie.it\/en\/#organization"},"potentialAction":[{"@type":"SearchAction","target":{"@type":"EntryPoint","urlTemplate":"https:\/\/faravetrerie.it\/en\/?s={search_term_string}"},"query-input":{"@type":"PropertyValueSpecification","valueRequired":true,"valueName":"search_term_string"}}],"inLanguage":"en-US"},{"@type":"Organization","@id":"https:\/\/faravetrerie.it\/en\/#organization","name":"Fara Vetrerie e Cristallerie","url":"https:\/\/faravetrerie.it\/en\/","logo":{"@type":"ImageObject","inLanguage":"en-US","@id":"https:\/\/faravetrerie.it\/en\/#\/schema\/logo\/image\/","url":"https:\/\/faravetrerie.it\/wp-content\/uploads\/2025\/12\/logo-fara-bianco.png","contentUrl":"https:\/\/faravetrerie.it\/wp-content\/uploads\/2025\/12\/logo-fara-bianco.png","width":2038,"height":2942,"caption":"Fara Vetrerie e Cristallerie"},"image":{"@id":"https:\/\/faravetrerie.it\/en\/#\/schema\/logo\/image\/"}}]}},"_links":{"self":[{"href":"https:\/\/faravetrerie.it\/en\/wp-json\/wp\/v2\/product\/25683","targetHints":{"allow":["GET"]}}],"collection":[{"href":"https:\/\/faravetrerie.it\/en\/wp-json\/wp\/v2\/product"}],"about":[{"href":"https:\/\/faravetrerie.it\/en\/wp-json\/wp\/v2\/types\/product"}],"wp:featuredmedia":[{"embeddable":true,"href":"https:\/\/faravetrerie.it\/en\/wp-json\/wp\/v2\/media\/23251"}],"wp:attachment":[{"href":"https:\/\/faravetrerie.it\/en\/wp-json\/wp\/v2\/media?parent=25683"}],"wp:term":[{"taxonomy":"product_brand","embeddable":true,"href":"https:\/\/faravetrerie.it\/en\/wp-json\/wp\/v2\/product_brand?post=25683"},{"taxonomy":"product_cat","embeddable":true,"href":"https:\/\/faravetrerie.it\/en\/wp-json\/wp\/v2\/product_cat?post=25683"},{"taxonomy":"product_tag","embeddable":true,"href":"https:\/\/faravetrerie.it\/en\/wp-json\/wp\/v2\/product_tag?post=25683"}],"curies":[{"name":"wp","href":"https:\/\/api.w.org\/{rel}","templated":true}]}}