{"id":25713,"date":"2025-12-23T16:43:01","date_gmt":"2025-12-23T15:43:01","guid":{"rendered":"https:\/\/sviluppo.faravetrerie.it\/blog\/?post_type=product&#038;p=25713"},"modified":"2026-01-29T11:58:56","modified_gmt":"2026-01-29T10:58:56","slug":"calice-atelier-barolo","status":"publish","type":"product","link":"https:\/\/faravetrerie.it\/en\/shop-en\/wine-glasses\/calice-atelier-barolo\/","title":{"rendered":"CALICE ATELIER BAROLO"},"content":{"rendered":"<article class=\"group\/turn w-full text-token-text-primary focus-visible:outline-2 focus-visible:outline-offset-[-4px]\" dir=\"auto\" data-testid=\"conversation-turn-18\" data-scroll-anchor=\"true\">\n<div class=\"text-base my-auto mx-auto py-[18px] px-6\">\n<div class=\"mx-auto flex flex-1 text-base gap-4 md:gap-5 lg:gap-6 md:max-w-3xl\">\n<div class=\"group\/conversation-turn relative flex w-full min-w-0 flex-col agent-turn @xs\/thread:px-0 @sm\/thread:px-1.5 @md\/thread:px-4\">\n<div class=\"flex-col gap-1 md:gap-3\">\n<div class=\"flex max-w-full flex-col flex-grow\">\n<div class=\"min-h-8 text-message relative flex w-full flex-col items-end gap-2 whitespace-normal break-words text-start [.text-message+&amp;]:mt-5\" dir=\"auto\" data-message-author-role=\"assistant\" data-message-id=\"5783a3a4-1572-4aca-87bd-1041cc4cb6cd\" data-message-model-slug=\"gpt-4o-mini\">\n<div class=\"flex w-full flex-col gap-1 empty:hidden first:pt-[3px]\">\n<div class=\"markdown prose w-full break-words dark:prose-invert light\">\n<p data-start=\"0\" data-end=\"82\"><strong data-start=\"0\" data-end=\"82\">\u00a0Calice Atelier Barolo: Eleganza e Prestazioni per il Servizio del Vino<\/strong><\/p>\n<h5 data-start=\"84\" data-end=\"532\"><strong data-start=\"84\" data-end=\"143\">Design Raffinato per una Tavola Elegante<\/strong><\/h5>\n<p data-start=\"84\" data-end=\"532\">Il calice Atelier Barolo \u00e8 la scelta perfetta per chi desidera un&#8217;eleganza senza tempo nella propria tavola. Con il suo design sofisticato e delicato, questo calice esalta ogni momento di degustazione, rendendolo ideale per cene eleganti e occasioni speciali. La sua forma slanciata \u00e8 pensata per mettere in risalto le caratteristiche del vino, offrendo un&#8217;esperienza di servizio unica.<\/p>\n<h5 data-start=\"534\" data-end=\"932\"><strong data-start=\"534\" data-end=\"595\">Vetro Sonoro Superiore per Massima Qualit\u00e0<\/strong><\/h5>\n<p data-start=\"534\" data-end=\"932\">Realizzato in vetro sonoro superiore, il calice Atelier Barolo garantisce una brillantezza cristallina e una qualit\u00e0 senza pari. Questo materiale di alta qualit\u00e0 conferisce al calice una resistenza straordinaria, assicurando al contempo una flessibilit\u00e0 che lo rende ideale per un uso quotidiano, mantenendo la sua bellezza nel tempo.<\/p>\n<h5 data-start=\"934\" data-end=\"1328\"><strong data-start=\"934\" data-end=\"978\">\u00a0Alta Resistenza agli Urti<\/strong><\/h5>\n<p data-start=\"934\" data-end=\"1328\">Uno degli aspetti distintivi di questa linea \u00e8 la sua incredibile resistenza agli urti. Il calice Atelier Barolo \u00e8 progettato per sopportare le sfide della ristorazione, dove la durabilit\u00e0 \u00e8 fondamentale. La sua capacit\u00e0 di resistere agli urti lo rende perfetto per l&#8217;uso in ambienti ad alta affluenza, senza compromettere la qualit\u00e0 del servizio.<\/p>\n<h5 data-start=\"1330\" data-end=\"1725\"><strong data-start=\"1330\" data-end=\"1398\">Ideale per la Ristorazione e il Servizio del Vino<\/strong><\/h5>\n<p data-start=\"1330\" data-end=\"1725\" data-is-last-node=\"\" data-is-only-node=\"\">La linea Atelier Barolo \u00e8 stata pensata per la ristorazione professionale. Grazie alla sua resistenza e al suo design raffinato, \u00e8 perfetta per servire vini pregiati in ristoranti, hotel e wine bar di alta classe. Un calice che unisce eleganza, funzionalit\u00e0 e performance, offrendo un&#8217;esperienza di degustazione impeccabile.<\/p>\n<\/div>\n<\/div>\n<\/div>\n<\/div>\n<\/div>\n<\/div>\n<\/div>\n<\/div>\n<\/article>\n","protected":false},"excerpt":{"rendered":"<p>La linea dal design italiano per una tavola elegante. Il vetro sonoro superiore ad alta flessibilit\u00e0 e resistenza agli urti rende questa linea ideale per la ristorazione e il servizio del vino<\/p>\n<p>cl. 80<\/p>\n<p>fl.oz. 28,16<\/p>\n<p>h. 242 mm.<\/p>\n<p>\u00d8 115 mm.<\/p>\n","protected":false},"featured_media":23252,"template":"","meta":{"inline_featured_image":false},"product_brand":[],"product_cat":[30,40],"product_tag":[],"class_list":{"0":"post-25713","1":"product","2":"type-product","3":"status-publish","4":"has-post-thumbnail","6":"product_cat-vino","7":"product_cat-calici-vino","9":"first","10":"instock","11":"taxable","12":"shipping-taxable","13":"product-type-simple"},"yoast_head":"<!-- This site is optimized with the Yoast SEO plugin v26.6 - https:\/\/yoast.com\/wordpress\/plugins\/seo\/ -->\n<title>CALICE ATELIER BAROLO - Fara Vetrerie e Cristallerie<\/title>\n<meta name=\"description\" content=\"calice atelier barolo in vetro sonoro superiore ad alta flessibilit\u00e0 e resistenza agli urti rende questa linea ideale per la ristorazione\" \/>\n<meta name=\"robots\" content=\"index, follow, max-snippet:-1, max-image-preview:large, max-video-preview:-1\" \/>\n<link rel=\"canonical\" href=\"https:\/\/faravetrerie.it\/en\/shop-en\/wine-glasses\/calice-atelier-barolo\/\" \/>\n<meta property=\"og:locale\" content=\"en_US\" \/>\n<meta property=\"og:type\" content=\"article\" \/>\n<meta property=\"og:title\" content=\"CALICE ATELIER BAROLO - Fara Vetrerie e Cristallerie\" \/>\n<meta property=\"og:description\" content=\"calice atelier barolo in vetro sonoro superiore ad alta flessibilit\u00e0 e resistenza agli urti rende questa linea ideale per la ristorazione\" \/>\n<meta property=\"og:url\" content=\"https:\/\/faravetrerie.it\/en\/shop-en\/wine-glasses\/calice-atelier-barolo\/\" \/>\n<meta property=\"og:site_name\" content=\"Fara Vetrerie e Cristallerie\" \/>\n<meta property=\"article:modified_time\" content=\"2026-01-29T10:58:56+00:00\" \/>\n<meta property=\"og:image\" content=\"https:\/\/faravetrerie.it\/wp-content\/uploads\/2025\/12\/BLATBA800_01-3.jpg\" \/>\n\t<meta property=\"og:image:width\" content=\"1181\" \/>\n\t<meta property=\"og:image:height\" content=\"1535\" \/>\n\t<meta property=\"og:image:type\" content=\"image\/jpeg\" \/>\n<meta name=\"twitter:card\" content=\"summary_large_image\" \/>\n<meta name=\"twitter:label1\" content=\"Est. reading time\" \/>\n\t<meta name=\"twitter:data1\" content=\"2 minutes\" \/>\n<script type=\"application\/ld+json\" class=\"yoast-schema-graph\">{\"@context\":\"https:\/\/schema.org\",\"@graph\":[{\"@type\":\"WebPage\",\"@id\":\"https:\/\/faravetrerie.it\/en\/shop-en\/wine-glasses\/calice-atelier-barolo\/\",\"url\":\"https:\/\/faravetrerie.it\/en\/shop-en\/wine-glasses\/calice-atelier-barolo\/\",\"name\":\"CALICE ATELIER BAROLO - Fara Vetrerie e Cristallerie\",\"isPartOf\":{\"@id\":\"https:\/\/faravetrerie.it\/en\/#website\"},\"primaryImageOfPage\":{\"@id\":\"https:\/\/faravetrerie.it\/en\/shop-en\/wine-glasses\/calice-atelier-barolo\/#primaryimage\"},\"image\":{\"@id\":\"https:\/\/faravetrerie.it\/en\/shop-en\/wine-glasses\/calice-atelier-barolo\/#primaryimage\"},\"thumbnailUrl\":\"https:\/\/faravetrerie.it\/wp-content\/uploads\/2025\/12\/BLATBA800_01-3.jpg\",\"datePublished\":\"2025-12-23T15:43:01+00:00\",\"dateModified\":\"2026-01-29T10:58:56+00:00\",\"description\":\"calice atelier barolo in vetro sonoro superiore ad alta flessibilit\u00e0 e resistenza agli urti rende questa linea ideale per la ristorazione\",\"breadcrumb\":{\"@id\":\"https:\/\/faravetrerie.it\/en\/shop-en\/wine-glasses\/calice-atelier-barolo\/#breadcrumb\"},\"inLanguage\":\"en-US\",\"potentialAction\":[{\"@type\":\"ReadAction\",\"target\":[\"https:\/\/faravetrerie.it\/en\/shop-en\/wine-glasses\/calice-atelier-barolo\/\"]}]},{\"@type\":\"ImageObject\",\"inLanguage\":\"en-US\",\"@id\":\"https:\/\/faravetrerie.it\/en\/shop-en\/wine-glasses\/calice-atelier-barolo\/#primaryimage\",\"url\":\"https:\/\/faravetrerie.it\/wp-content\/uploads\/2025\/12\/BLATBA800_01-3.jpg\",\"contentUrl\":\"https:\/\/faravetrerie.it\/wp-content\/uploads\/2025\/12\/BLATBA800_01-3.jpg\",\"width\":1181,\"height\":1535,\"caption\":\"\u00a0Calice Atelier Barolo\"},{\"@type\":\"BreadcrumbList\",\"@id\":\"https:\/\/faravetrerie.it\/en\/shop-en\/wine-glasses\/calice-atelier-barolo\/#breadcrumb\",\"itemListElement\":[{\"@type\":\"ListItem\",\"position\":1,\"name\":\"Home\",\"item\":\"https:\/\/faravetrerie.it\/en\/\"},{\"@type\":\"ListItem\",\"position\":2,\"name\":\"Shop\",\"item\":\"https:\/\/faravetrerie.it\/en\/shop-en\/\"},{\"@type\":\"ListItem\",\"position\":3,\"name\":\"CALICE ATELIER BAROLO\"}]},{\"@type\":\"WebSite\",\"@id\":\"https:\/\/faravetrerie.it\/en\/#website\",\"url\":\"https:\/\/faravetrerie.it\/en\/\",\"name\":\"Fara Vetrerie e Cristallerie\",\"description\":\"\",\"publisher\":{\"@id\":\"https:\/\/faravetrerie.it\/en\/#organization\"},\"potentialAction\":[{\"@type\":\"SearchAction\",\"target\":{\"@type\":\"EntryPoint\",\"urlTemplate\":\"https:\/\/faravetrerie.it\/en\/?s={search_term_string}\"},\"query-input\":{\"@type\":\"PropertyValueSpecification\",\"valueRequired\":true,\"valueName\":\"search_term_string\"}}],\"inLanguage\":\"en-US\"},{\"@type\":\"Organization\",\"@id\":\"https:\/\/faravetrerie.it\/en\/#organization\",\"name\":\"Fara Vetrerie e Cristallerie\",\"url\":\"https:\/\/faravetrerie.it\/en\/\",\"logo\":{\"@type\":\"ImageObject\",\"inLanguage\":\"en-US\",\"@id\":\"https:\/\/faravetrerie.it\/en\/#\/schema\/logo\/image\/\",\"url\":\"https:\/\/faravetrerie.it\/wp-content\/uploads\/2025\/12\/logo-fara-bianco.png\",\"contentUrl\":\"https:\/\/faravetrerie.it\/wp-content\/uploads\/2025\/12\/logo-fara-bianco.png\",\"width\":2038,\"height\":2942,\"caption\":\"Fara Vetrerie e Cristallerie\"},\"image\":{\"@id\":\"https:\/\/faravetrerie.it\/en\/#\/schema\/logo\/image\/\"}}]}<\/script>\n<!-- \/ Yoast SEO plugin. -->","yoast_head_json":{"title":"CALICE ATELIER BAROLO - Fara Vetrerie e Cristallerie","description":"calice atelier barolo in vetro sonoro superiore ad alta flessibilit\u00e0 e resistenza agli urti rende questa linea ideale per la ristorazione","robots":{"index":"index","follow":"follow","max-snippet":"max-snippet:-1","max-image-preview":"max-image-preview:large","max-video-preview":"max-video-preview:-1"},"canonical":"https:\/\/faravetrerie.it\/en\/shop-en\/wine-glasses\/calice-atelier-barolo\/","og_locale":"en_US","og_type":"article","og_title":"CALICE ATELIER BAROLO - Fara Vetrerie e Cristallerie","og_description":"calice atelier barolo in vetro sonoro superiore ad alta flessibilit\u00e0 e resistenza agli urti rende questa linea ideale per la ristorazione","og_url":"https:\/\/faravetrerie.it\/en\/shop-en\/wine-glasses\/calice-atelier-barolo\/","og_site_name":"Fara Vetrerie e Cristallerie","article_modified_time":"2026-01-29T10:58:56+00:00","og_image":[{"width":1181,"height":1535,"url":"https:\/\/faravetrerie.it\/wp-content\/uploads\/2025\/12\/BLATBA800_01-3.jpg","type":"image\/jpeg"}],"twitter_card":"summary_large_image","twitter_misc":{"Est. reading time":"2 minutes"},"schema":{"@context":"https:\/\/schema.org","@graph":[{"@type":"WebPage","@id":"https:\/\/faravetrerie.it\/en\/shop-en\/wine-glasses\/calice-atelier-barolo\/","url":"https:\/\/faravetrerie.it\/en\/shop-en\/wine-glasses\/calice-atelier-barolo\/","name":"CALICE ATELIER BAROLO - Fara Vetrerie e Cristallerie","isPartOf":{"@id":"https:\/\/faravetrerie.it\/en\/#website"},"primaryImageOfPage":{"@id":"https:\/\/faravetrerie.it\/en\/shop-en\/wine-glasses\/calice-atelier-barolo\/#primaryimage"},"image":{"@id":"https:\/\/faravetrerie.it\/en\/shop-en\/wine-glasses\/calice-atelier-barolo\/#primaryimage"},"thumbnailUrl":"https:\/\/faravetrerie.it\/wp-content\/uploads\/2025\/12\/BLATBA800_01-3.jpg","datePublished":"2025-12-23T15:43:01+00:00","dateModified":"2026-01-29T10:58:56+00:00","description":"calice atelier barolo in vetro sonoro superiore ad alta flessibilit\u00e0 e resistenza agli urti rende questa linea ideale per la ristorazione","breadcrumb":{"@id":"https:\/\/faravetrerie.it\/en\/shop-en\/wine-glasses\/calice-atelier-barolo\/#breadcrumb"},"inLanguage":"en-US","potentialAction":[{"@type":"ReadAction","target":["https:\/\/faravetrerie.it\/en\/shop-en\/wine-glasses\/calice-atelier-barolo\/"]}]},{"@type":"ImageObject","inLanguage":"en-US","@id":"https:\/\/faravetrerie.it\/en\/shop-en\/wine-glasses\/calice-atelier-barolo\/#primaryimage","url":"https:\/\/faravetrerie.it\/wp-content\/uploads\/2025\/12\/BLATBA800_01-3.jpg","contentUrl":"https:\/\/faravetrerie.it\/wp-content\/uploads\/2025\/12\/BLATBA800_01-3.jpg","width":1181,"height":1535,"caption":"\u00a0Calice Atelier Barolo"},{"@type":"BreadcrumbList","@id":"https:\/\/faravetrerie.it\/en\/shop-en\/wine-glasses\/calice-atelier-barolo\/#breadcrumb","itemListElement":[{"@type":"ListItem","position":1,"name":"Home","item":"https:\/\/faravetrerie.it\/en\/"},{"@type":"ListItem","position":2,"name":"Shop","item":"https:\/\/faravetrerie.it\/en\/shop-en\/"},{"@type":"ListItem","position":3,"name":"CALICE ATELIER BAROLO"}]},{"@type":"WebSite","@id":"https:\/\/faravetrerie.it\/en\/#website","url":"https:\/\/faravetrerie.it\/en\/","name":"Fara Vetrerie e Cristallerie","description":"","publisher":{"@id":"https:\/\/faravetrerie.it\/en\/#organization"},"potentialAction":[{"@type":"SearchAction","target":{"@type":"EntryPoint","urlTemplate":"https:\/\/faravetrerie.it\/en\/?s={search_term_string}"},"query-input":{"@type":"PropertyValueSpecification","valueRequired":true,"valueName":"search_term_string"}}],"inLanguage":"en-US"},{"@type":"Organization","@id":"https:\/\/faravetrerie.it\/en\/#organization","name":"Fara Vetrerie e Cristallerie","url":"https:\/\/faravetrerie.it\/en\/","logo":{"@type":"ImageObject","inLanguage":"en-US","@id":"https:\/\/faravetrerie.it\/en\/#\/schema\/logo\/image\/","url":"https:\/\/faravetrerie.it\/wp-content\/uploads\/2025\/12\/logo-fara-bianco.png","contentUrl":"https:\/\/faravetrerie.it\/wp-content\/uploads\/2025\/12\/logo-fara-bianco.png","width":2038,"height":2942,"caption":"Fara Vetrerie e Cristallerie"},"image":{"@id":"https:\/\/faravetrerie.it\/en\/#\/schema\/logo\/image\/"}}]}},"_links":{"self":[{"href":"https:\/\/faravetrerie.it\/en\/wp-json\/wp\/v2\/product\/25713","targetHints":{"allow":["GET"]}}],"collection":[{"href":"https:\/\/faravetrerie.it\/en\/wp-json\/wp\/v2\/product"}],"about":[{"href":"https:\/\/faravetrerie.it\/en\/wp-json\/wp\/v2\/types\/product"}],"wp:featuredmedia":[{"embeddable":true,"href":"https:\/\/faravetrerie.it\/en\/wp-json\/wp\/v2\/media\/23252"}],"wp:attachment":[{"href":"https:\/\/faravetrerie.it\/en\/wp-json\/wp\/v2\/media?parent=25713"}],"wp:term":[{"taxonomy":"product_brand","embeddable":true,"href":"https:\/\/faravetrerie.it\/en\/wp-json\/wp\/v2\/product_brand?post=25713"},{"taxonomy":"product_cat","embeddable":true,"href":"https:\/\/faravetrerie.it\/en\/wp-json\/wp\/v2\/product_cat?post=25713"},{"taxonomy":"product_tag","embeddable":true,"href":"https:\/\/faravetrerie.it\/en\/wp-json\/wp\/v2\/product_tag?post=25713"}],"curies":[{"name":"wp","href":"https:\/\/api.w.org\/{rel}","templated":true}]}}