{"id":25716,"date":"2025-12-23T16:43:09","date_gmt":"2025-12-23T15:43:09","guid":{"rendered":"https:\/\/sviluppo.faravetrerie.it\/blog\/?post_type=product&#038;p=25716"},"modified":"2026-01-29T11:23:16","modified_gmt":"2026-01-29T10:23:16","slug":"calice-atelier-vino-rosso","status":"publish","type":"product","link":"https:\/\/faravetrerie.it\/en\/shop-en\/wine-glasses\/calice-atelier-vino-rosso\/","title":{"rendered":"CALICE ATELIER VINO ROSSO"},"content":{"rendered":"<h4 data-start=\"0\" data-end=\"63\"><strong data-start=\"0\" data-end=\"63\">Il Calice Atelier: Eleganza e Qualit\u00e0 per il Tuo Vino Rosso<\/strong><\/h4>\n<p data-start=\"65\" data-end=\"302\">Il Calice Atelier rappresenta l&#8217;eccellenza nella scelta di un bicchiere per il vino rosso. Realizzato in vetro sonoro superiore, questo calice unisce estetica e funzionalit\u00e0, offrendo una flessibilit\u00e0 e una resistenza senza pari.<\/p>\n<h5 data-start=\"304\" data-end=\"343\">Un Gusto Italiano in Ogni Dettaglio<\/h5>\n<p data-start=\"345\" data-end=\"718\">Ogni sorso di vino rosso acquista una nuova dimensione grazie al design accurato del Calice Atelier. La forma del bicchiere \u00e8 studiata per esaltare le caratteristiche del vino, amplificando i suoi profumi e le sue sfumature gustative. Il vetro sonoro, di alta qualit\u00e0, permette di percepire ogni nota del vino con una maggiore intensit\u00e0, per un&#8217;esperienza sensoriale unica.<\/p>\n<h5 data-start=\"720\" data-end=\"759\">Resistenza e Flessibilit\u00e0 Superiore<\/h5>\n<p data-start=\"761\" data-end=\"1108\">Non solo bellezza, ma anche praticit\u00e0. Il Calice Atelier \u00e8 realizzato con un vetro ad alta resistenza, che garantisce durabilit\u00e0 nel tempo, pur mantenendo una straordinaria leggerezza. La sua flessibilit\u00e0 permette di maneggiarlo facilmente, mentre la resistenza agli urti lo rende ideale per un uso quotidiano, senza compromessi sulla qualit\u00e0.<\/p>\n<h5 data-start=\"1110\" data-end=\"1141\">Perfetto per Ogni Occasione<\/h5>\n<p data-start=\"1143\" data-end=\"1417\">Lo stile elegante del Calice Atelier lo rende l\u2019accessorio perfetto per ogni tavola, dalle cene pi\u00f9 intime agli eventi speciali. La sua forma raffinata non solo valorizza il vino, ma arricchisce l\u2019esperienza di chi lo degusta, creando un&#8217;atmosfera sofisticata e accogliente.<\/p>\n<p data-start=\"1419\" data-end=\"1535\" data-is-last-node=\"\" data-is-only-node=\"\">Scegli il Calice Atelier per esaltare la qualit\u00e0 dei tuoi vini rossi e portare un tocco di classe in ogni occasione.<\/p>\n<p>&nbsp;<\/p>\n","protected":false},"excerpt":{"rendered":"<p>Il calice di design dal gusto italiano in vetro sonoro superiore ad alta flessibilit\u00e0 e resistenza. Il suo stile elegante lo rende perfetto per la tua tavola e per valorizzare i tuoi vini.<\/p>\n<p>cl. 61<\/p>\n<p>fl.oz. 21,47<\/p>\n<p>h. 220 mm.<\/p>\n<p>\u00d8 105 mm.<\/p>\n","protected":false},"featured_media":23255,"template":"","meta":{"inline_featured_image":false},"product_brand":[],"product_cat":[30,40],"product_tag":[915],"class_list":{"0":"post-25716","1":"product","2":"type-product","3":"status-publish","4":"has-post-thumbnail","6":"product_cat-vino","7":"product_cat-calici-vino","8":"product_tag-calice-vino","10":"first","11":"instock","12":"taxable","13":"shipping-taxable","14":"product-type-simple"},"yoast_head":"<!-- This site is optimized with the Yoast SEO plugin v26.6 - https:\/\/yoast.com\/wordpress\/plugins\/seo\/ -->\n<title>CALICE ATELIER VINO ROSSO - Fara Vetrerie e Cristallerie<\/title>\n<meta name=\"description\" content=\"Il calice atelier vino rosso in vetro sonoro superiore ad alta flessibilit\u00e0 e resistenza. Il suo stile elegante lo rende perfetto per la tua tavola\" \/>\n<meta name=\"robots\" content=\"index, follow, max-snippet:-1, max-image-preview:large, max-video-preview:-1\" \/>\n<link rel=\"canonical\" href=\"https:\/\/faravetrerie.it\/en\/shop-en\/wine-glasses\/calice-atelier-vino-rosso\/\" \/>\n<meta property=\"og:locale\" content=\"en_US\" \/>\n<meta property=\"og:type\" content=\"article\" \/>\n<meta property=\"og:title\" content=\"CALICE ATELIER VINO ROSSO - Fara Vetrerie e Cristallerie\" \/>\n<meta property=\"og:description\" content=\"Il calice atelier vino rosso in vetro sonoro superiore ad alta flessibilit\u00e0 e resistenza. Il suo stile elegante lo rende perfetto per la tua tavola\" \/>\n<meta property=\"og:url\" content=\"https:\/\/faravetrerie.it\/en\/shop-en\/wine-glasses\/calice-atelier-vino-rosso\/\" \/>\n<meta property=\"og:site_name\" content=\"Fara Vetrerie e Cristallerie\" \/>\n<meta property=\"article:modified_time\" content=\"2026-01-29T10:23:16+00:00\" \/>\n<meta property=\"og:image\" content=\"https:\/\/faravetrerie.it\/wp-content\/uploads\/2025\/12\/BLATPRJ_02-3.jpg\" \/>\n\t<meta property=\"og:image:width\" content=\"1181\" \/>\n\t<meta property=\"og:image:height\" content=\"1535\" \/>\n\t<meta property=\"og:image:type\" content=\"image\/jpeg\" \/>\n<meta name=\"twitter:card\" content=\"summary_large_image\" \/>\n<meta name=\"twitter:label1\" content=\"Est. reading time\" \/>\n\t<meta name=\"twitter:data1\" content=\"2 minutes\" \/>\n<script type=\"application\/ld+json\" class=\"yoast-schema-graph\">{\"@context\":\"https:\/\/schema.org\",\"@graph\":[{\"@type\":\"WebPage\",\"@id\":\"https:\/\/faravetrerie.it\/en\/shop-en\/wine-glasses\/calice-atelier-vino-rosso\/\",\"url\":\"https:\/\/faravetrerie.it\/en\/shop-en\/wine-glasses\/calice-atelier-vino-rosso\/\",\"name\":\"CALICE ATELIER VINO ROSSO - Fara Vetrerie e Cristallerie\",\"isPartOf\":{\"@id\":\"https:\/\/faravetrerie.it\/en\/#website\"},\"primaryImageOfPage\":{\"@id\":\"https:\/\/faravetrerie.it\/en\/shop-en\/wine-glasses\/calice-atelier-vino-rosso\/#primaryimage\"},\"image\":{\"@id\":\"https:\/\/faravetrerie.it\/en\/shop-en\/wine-glasses\/calice-atelier-vino-rosso\/#primaryimage\"},\"thumbnailUrl\":\"https:\/\/faravetrerie.it\/wp-content\/uploads\/2025\/12\/BLATPRJ_02-3.jpg\",\"datePublished\":\"2025-12-23T15:43:09+00:00\",\"dateModified\":\"2026-01-29T10:23:16+00:00\",\"description\":\"Il calice atelier vino rosso in vetro sonoro superiore ad alta flessibilit\u00e0 e resistenza. Il suo stile elegante lo rende perfetto per la tua tavola\",\"breadcrumb\":{\"@id\":\"https:\/\/faravetrerie.it\/en\/shop-en\/wine-glasses\/calice-atelier-vino-rosso\/#breadcrumb\"},\"inLanguage\":\"en-US\",\"potentialAction\":[{\"@type\":\"ReadAction\",\"target\":[\"https:\/\/faravetrerie.it\/en\/shop-en\/wine-glasses\/calice-atelier-vino-rosso\/\"]}]},{\"@type\":\"ImageObject\",\"inLanguage\":\"en-US\",\"@id\":\"https:\/\/faravetrerie.it\/en\/shop-en\/wine-glasses\/calice-atelier-vino-rosso\/#primaryimage\",\"url\":\"https:\/\/faravetrerie.it\/wp-content\/uploads\/2025\/12\/BLATPRJ_02-3.jpg\",\"contentUrl\":\"https:\/\/faravetrerie.it\/wp-content\/uploads\/2025\/12\/BLATPRJ_02-3.jpg\",\"width\":1181,\"height\":1535,\"caption\":\"Calice Atelier vino rosso\"},{\"@type\":\"BreadcrumbList\",\"@id\":\"https:\/\/faravetrerie.it\/en\/shop-en\/wine-glasses\/calice-atelier-vino-rosso\/#breadcrumb\",\"itemListElement\":[{\"@type\":\"ListItem\",\"position\":1,\"name\":\"Home\",\"item\":\"https:\/\/faravetrerie.it\/en\/\"},{\"@type\":\"ListItem\",\"position\":2,\"name\":\"Shop\",\"item\":\"https:\/\/faravetrerie.it\/en\/shop-en\/\"},{\"@type\":\"ListItem\",\"position\":3,\"name\":\"CALICE ATELIER VINO ROSSO\"}]},{\"@type\":\"WebSite\",\"@id\":\"https:\/\/faravetrerie.it\/en\/#website\",\"url\":\"https:\/\/faravetrerie.it\/en\/\",\"name\":\"Fara Vetrerie e Cristallerie\",\"description\":\"\",\"publisher\":{\"@id\":\"https:\/\/faravetrerie.it\/en\/#organization\"},\"potentialAction\":[{\"@type\":\"SearchAction\",\"target\":{\"@type\":\"EntryPoint\",\"urlTemplate\":\"https:\/\/faravetrerie.it\/en\/?s={search_term_string}\"},\"query-input\":{\"@type\":\"PropertyValueSpecification\",\"valueRequired\":true,\"valueName\":\"search_term_string\"}}],\"inLanguage\":\"en-US\"},{\"@type\":\"Organization\",\"@id\":\"https:\/\/faravetrerie.it\/en\/#organization\",\"name\":\"Fara Vetrerie e Cristallerie\",\"url\":\"https:\/\/faravetrerie.it\/en\/\",\"logo\":{\"@type\":\"ImageObject\",\"inLanguage\":\"en-US\",\"@id\":\"https:\/\/faravetrerie.it\/en\/#\/schema\/logo\/image\/\",\"url\":\"https:\/\/faravetrerie.it\/wp-content\/uploads\/2025\/12\/logo-fara-bianco.png\",\"contentUrl\":\"https:\/\/faravetrerie.it\/wp-content\/uploads\/2025\/12\/logo-fara-bianco.png\",\"width\":2038,\"height\":2942,\"caption\":\"Fara Vetrerie e Cristallerie\"},\"image\":{\"@id\":\"https:\/\/faravetrerie.it\/en\/#\/schema\/logo\/image\/\"}}]}<\/script>\n<!-- \/ Yoast SEO plugin. -->","yoast_head_json":{"title":"CALICE ATELIER VINO ROSSO - Fara Vetrerie e Cristallerie","description":"Il calice atelier vino rosso in vetro sonoro superiore ad alta flessibilit\u00e0 e resistenza. Il suo stile elegante lo rende perfetto per la tua tavola","robots":{"index":"index","follow":"follow","max-snippet":"max-snippet:-1","max-image-preview":"max-image-preview:large","max-video-preview":"max-video-preview:-1"},"canonical":"https:\/\/faravetrerie.it\/en\/shop-en\/wine-glasses\/calice-atelier-vino-rosso\/","og_locale":"en_US","og_type":"article","og_title":"CALICE ATELIER VINO ROSSO - Fara Vetrerie e Cristallerie","og_description":"Il calice atelier vino rosso in vetro sonoro superiore ad alta flessibilit\u00e0 e resistenza. Il suo stile elegante lo rende perfetto per la tua tavola","og_url":"https:\/\/faravetrerie.it\/en\/shop-en\/wine-glasses\/calice-atelier-vino-rosso\/","og_site_name":"Fara Vetrerie e Cristallerie","article_modified_time":"2026-01-29T10:23:16+00:00","og_image":[{"width":1181,"height":1535,"url":"https:\/\/faravetrerie.it\/wp-content\/uploads\/2025\/12\/BLATPRJ_02-3.jpg","type":"image\/jpeg"}],"twitter_card":"summary_large_image","twitter_misc":{"Est. reading time":"2 minutes"},"schema":{"@context":"https:\/\/schema.org","@graph":[{"@type":"WebPage","@id":"https:\/\/faravetrerie.it\/en\/shop-en\/wine-glasses\/calice-atelier-vino-rosso\/","url":"https:\/\/faravetrerie.it\/en\/shop-en\/wine-glasses\/calice-atelier-vino-rosso\/","name":"CALICE ATELIER VINO ROSSO - Fara Vetrerie e Cristallerie","isPartOf":{"@id":"https:\/\/faravetrerie.it\/en\/#website"},"primaryImageOfPage":{"@id":"https:\/\/faravetrerie.it\/en\/shop-en\/wine-glasses\/calice-atelier-vino-rosso\/#primaryimage"},"image":{"@id":"https:\/\/faravetrerie.it\/en\/shop-en\/wine-glasses\/calice-atelier-vino-rosso\/#primaryimage"},"thumbnailUrl":"https:\/\/faravetrerie.it\/wp-content\/uploads\/2025\/12\/BLATPRJ_02-3.jpg","datePublished":"2025-12-23T15:43:09+00:00","dateModified":"2026-01-29T10:23:16+00:00","description":"Il calice atelier vino rosso in vetro sonoro superiore ad alta flessibilit\u00e0 e resistenza. Il suo stile elegante lo rende perfetto per la tua tavola","breadcrumb":{"@id":"https:\/\/faravetrerie.it\/en\/shop-en\/wine-glasses\/calice-atelier-vino-rosso\/#breadcrumb"},"inLanguage":"en-US","potentialAction":[{"@type":"ReadAction","target":["https:\/\/faravetrerie.it\/en\/shop-en\/wine-glasses\/calice-atelier-vino-rosso\/"]}]},{"@type":"ImageObject","inLanguage":"en-US","@id":"https:\/\/faravetrerie.it\/en\/shop-en\/wine-glasses\/calice-atelier-vino-rosso\/#primaryimage","url":"https:\/\/faravetrerie.it\/wp-content\/uploads\/2025\/12\/BLATPRJ_02-3.jpg","contentUrl":"https:\/\/faravetrerie.it\/wp-content\/uploads\/2025\/12\/BLATPRJ_02-3.jpg","width":1181,"height":1535,"caption":"Calice Atelier vino rosso"},{"@type":"BreadcrumbList","@id":"https:\/\/faravetrerie.it\/en\/shop-en\/wine-glasses\/calice-atelier-vino-rosso\/#breadcrumb","itemListElement":[{"@type":"ListItem","position":1,"name":"Home","item":"https:\/\/faravetrerie.it\/en\/"},{"@type":"ListItem","position":2,"name":"Shop","item":"https:\/\/faravetrerie.it\/en\/shop-en\/"},{"@type":"ListItem","position":3,"name":"CALICE ATELIER VINO ROSSO"}]},{"@type":"WebSite","@id":"https:\/\/faravetrerie.it\/en\/#website","url":"https:\/\/faravetrerie.it\/en\/","name":"Fara Vetrerie e Cristallerie","description":"","publisher":{"@id":"https:\/\/faravetrerie.it\/en\/#organization"},"potentialAction":[{"@type":"SearchAction","target":{"@type":"EntryPoint","urlTemplate":"https:\/\/faravetrerie.it\/en\/?s={search_term_string}"},"query-input":{"@type":"PropertyValueSpecification","valueRequired":true,"valueName":"search_term_string"}}],"inLanguage":"en-US"},{"@type":"Organization","@id":"https:\/\/faravetrerie.it\/en\/#organization","name":"Fara Vetrerie e Cristallerie","url":"https:\/\/faravetrerie.it\/en\/","logo":{"@type":"ImageObject","inLanguage":"en-US","@id":"https:\/\/faravetrerie.it\/en\/#\/schema\/logo\/image\/","url":"https:\/\/faravetrerie.it\/wp-content\/uploads\/2025\/12\/logo-fara-bianco.png","contentUrl":"https:\/\/faravetrerie.it\/wp-content\/uploads\/2025\/12\/logo-fara-bianco.png","width":2038,"height":2942,"caption":"Fara Vetrerie e Cristallerie"},"image":{"@id":"https:\/\/faravetrerie.it\/en\/#\/schema\/logo\/image\/"}}]}},"_links":{"self":[{"href":"https:\/\/faravetrerie.it\/en\/wp-json\/wp\/v2\/product\/25716","targetHints":{"allow":["GET"]}}],"collection":[{"href":"https:\/\/faravetrerie.it\/en\/wp-json\/wp\/v2\/product"}],"about":[{"href":"https:\/\/faravetrerie.it\/en\/wp-json\/wp\/v2\/types\/product"}],"wp:featuredmedia":[{"embeddable":true,"href":"https:\/\/faravetrerie.it\/en\/wp-json\/wp\/v2\/media\/23255"}],"wp:attachment":[{"href":"https:\/\/faravetrerie.it\/en\/wp-json\/wp\/v2\/media?parent=25716"}],"wp:term":[{"taxonomy":"product_brand","embeddable":true,"href":"https:\/\/faravetrerie.it\/en\/wp-json\/wp\/v2\/product_brand?post=25716"},{"taxonomy":"product_cat","embeddable":true,"href":"https:\/\/faravetrerie.it\/en\/wp-json\/wp\/v2\/product_cat?post=25716"},{"taxonomy":"product_tag","embeddable":true,"href":"https:\/\/faravetrerie.it\/en\/wp-json\/wp\/v2\/product_tag?post=25716"}],"curies":[{"name":"wp","href":"https:\/\/api.w.org\/{rel}","templated":true}]}}