{"id":25718,"date":"2025-12-23T16:43:09","date_gmt":"2025-12-23T15:43:09","guid":{"rendered":"https:\/\/sviluppo.faravetrerie.it\/blog\/?post_type=product&#038;p=25718"},"modified":"2026-01-29T11:26:50","modified_gmt":"2026-01-29T10:26:50","slug":"calice-atelier-riesling","status":"publish","type":"product","link":"https:\/\/faravetrerie.it\/en\/shop-en\/wine-glasses\/calice-atelier-riesling\/","title":{"rendered":"CALICE ATELIER RIESLING"},"content":{"rendered":"<article class=\"group\/turn w-full text-token-text-primary focus-visible:outline-2 focus-visible:outline-offset-[-4px]\" dir=\"auto\" data-testid=\"conversation-turn-6\" data-scroll-anchor=\"true\">\n<div class=\"text-base my-auto mx-auto py-[18px] px-6\">\n<div class=\"mx-auto flex flex-1 text-base gap-4 md:gap-5 lg:gap-6 md:max-w-3xl\">\n<div class=\"group\/conversation-turn relative flex w-full min-w-0 flex-col agent-turn @xs\/thread:px-0 @sm\/thread:px-1.5 @md\/thread:px-4\">\n<div class=\"flex-col gap-1 md:gap-3\">\n<div class=\"flex max-w-full flex-col flex-grow\">\n<div class=\"min-h-8 text-message relative flex w-full flex-col items-end gap-2 whitespace-normal break-words text-start [.text-message+&amp;]:mt-5\" dir=\"auto\" data-message-author-role=\"assistant\" data-message-id=\"9ca0f69b-bacf-4d4c-a15a-66634e0b0ea7\" data-message-model-slug=\"gpt-4o-mini\">\n<div class=\"flex w-full flex-col gap-1 empty:hidden first:pt-[3px]\">\n<div class=\"markdown prose w-full break-words dark:prose-invert light\">\n<h4 data-start=\"0\" data-end=\"76\"><strong data-start=\"0\" data-end=\"76\">Il Calice Atelier Riesling: Eleganza e Perfezione per il Tuo Vino Bianco<\/strong><\/h4>\n<p data-start=\"78\" data-end=\"391\">Il Calice Atelier Riesling \u00e8 l&#8217;accessorio ideale per chi desidera valorizzare ogni aspetto del suo vino bianco preferito. Realizzato in vetro sonoro superiore, questo calice unisce innovazione e raffinatezza, offrendo un&#8217;esperienza di degustazione unica grazie alla sua alta flessibilit\u00e0 e resistenza.<\/p>\n<h5 data-start=\"393\" data-end=\"440\">Un Design Studiato per Esaltare il Riesling<\/h5>\n<p data-start=\"442\" data-end=\"865\">La forma del Calice Atelier Riesling \u00e8 progettata specificamente per esaltare le caratteristiche uniche di questo pregiato vino bianco. La sua capacit\u00e0 di concentrarsi sugli aromi freschi e floreali tipici del Riesling consente di amplificare la fragranza e la delicatezza di ogni sorso. Il vetro sonoro superiore garantisce una trasparenza cristallina che permette di apprezzare appieno il colore e la lucentezza del vino.<\/p>\n<h5 data-start=\"867\" data-end=\"901\">Alta Resistenza e Flessibilit\u00e0<\/h5>\n<p data-start=\"903\" data-end=\"1263\">Il Calice non \u00e8 solo bello da vedere, ma anche estremamente resistente. Realizzato in un vetro di alta qualit\u00e0, offre una notevole resistenza agli urti pur mantenendo una leggerezza sorprendente. Grazie alla sua flessibilit\u00e0, \u00e8 perfetto per essere utilizzato in ogni occasione, sia durante un evento speciale che per un semplice aperitivo.<\/p>\n<h5 data-start=\"1265\" data-end=\"1293\">Eleganza per Ogni Tavola<\/h5>\n<p data-start=\"1295\" data-end=\"1624\">Lo stile elegante e sofisticato di questo calice lo rende perfetto per qualsiasi tipo di tavola, dal pranzo quotidiano agli eventi formali. Con il suo design raffinato, il Calice Atelier Riesling aggiunge un tocco di classe alla tua esperienza enogastronomica, valorizzando non solo il vino, ma anche l&#8217;atmosfera di ogni momento.<\/p>\n<h5 data-start=\"1626\" data-end=\"1641\">Conclusioni<\/h5>\n<p data-start=\"1643\" data-end=\"1968\" data-is-last-node=\"\" data-is-only-node=\"\">Scegli il Calice Atelier Riesling per portare un elemento di raffinatezza alla tua tavola e per godere al massimo della degustazione del tuo vino bianco preferito. La sua qualit\u00e0 superiore e il design elegante lo rendono il compagno perfetto per ogni bottiglia di Riesling, trasformando ogni sorso in un\u2019esperienza unica.<\/p>\n<\/div>\n<\/div>\n<\/div>\n<\/div>\n<\/div>\n<\/div>\n<\/div>\n<\/div>\n<\/article>\n","protected":false},"excerpt":{"rendered":"<p>Il calice di design dal gusto italiano in vetro sonoro superiore ad alta flessibilit\u00e0 e resistenza. Il suo stile elegante lo rende perfetto per la tua tavola e per valorizzare i tuoi vini.<\/p>\n<p>cl. 44<\/p>\n<p>fl.oz. 15,49<\/p>\n<p>h. 220 mm.<\/p>\n<p>\u00d8 84 mm.<\/p>\n","protected":false},"featured_media":23256,"template":"","meta":{"inline_featured_image":false},"product_brand":[],"product_cat":[30,40],"product_tag":[915],"class_list":{"0":"post-25718","1":"product","2":"type-product","3":"status-publish","4":"has-post-thumbnail","6":"product_cat-vino","7":"product_cat-calici-vino","8":"product_tag-calice-vino","10":"first","11":"instock","12":"taxable","13":"shipping-taxable","14":"product-type-simple"},"yoast_head":"<!-- This site is optimized with the Yoast SEO plugin v26.6 - https:\/\/yoast.com\/wordpress\/plugins\/seo\/ -->\n<title>CALICE ATELIER RIESLING - Fara Vetrerie e Cristallerie<\/title>\n<meta name=\"description\" content=\"Il calice atelier riesling in vetro sonoro superiore ad alta flessibilit\u00e0 e resistenza. Il suo stile elegante lo rende perfetto per la tua tavola\" \/>\n<meta name=\"robots\" content=\"index, follow, max-snippet:-1, max-image-preview:large, max-video-preview:-1\" \/>\n<link rel=\"canonical\" href=\"https:\/\/faravetrerie.it\/en\/shop-en\/wine-glasses\/calice-atelier-riesling\/\" \/>\n<meta property=\"og:locale\" content=\"en_US\" \/>\n<meta property=\"og:type\" content=\"article\" \/>\n<meta property=\"og:title\" content=\"CALICE ATELIER RIESLING - Fara Vetrerie e Cristallerie\" \/>\n<meta property=\"og:description\" content=\"Il calice atelier riesling in vetro sonoro superiore ad alta flessibilit\u00e0 e resistenza. Il suo stile elegante lo rende perfetto per la tua tavola\" \/>\n<meta property=\"og:url\" content=\"https:\/\/faravetrerie.it\/en\/shop-en\/wine-glasses\/calice-atelier-riesling\/\" \/>\n<meta property=\"og:site_name\" content=\"Fara Vetrerie e Cristallerie\" \/>\n<meta property=\"article:modified_time\" content=\"2026-01-29T10:26:50+00:00\" \/>\n<meta property=\"og:image\" content=\"https:\/\/faravetrerie.it\/wp-content\/uploads\/2025\/12\/BLATRI440_01-e1591196625624-3.jpg\" \/>\n\t<meta property=\"og:image:width\" content=\"1183\" \/>\n\t<meta property=\"og:image:height\" content=\"1374\" \/>\n\t<meta property=\"og:image:type\" content=\"image\/jpeg\" \/>\n<meta name=\"twitter:card\" content=\"summary_large_image\" \/>\n<meta name=\"twitter:label1\" content=\"Est. reading time\" \/>\n\t<meta name=\"twitter:data1\" content=\"2 minutes\" \/>\n<script type=\"application\/ld+json\" class=\"yoast-schema-graph\">{\"@context\":\"https:\/\/schema.org\",\"@graph\":[{\"@type\":\"WebPage\",\"@id\":\"https:\/\/faravetrerie.it\/en\/shop-en\/wine-glasses\/calice-atelier-riesling\/\",\"url\":\"https:\/\/faravetrerie.it\/en\/shop-en\/wine-glasses\/calice-atelier-riesling\/\",\"name\":\"CALICE ATELIER RIESLING - Fara Vetrerie e Cristallerie\",\"isPartOf\":{\"@id\":\"https:\/\/faravetrerie.it\/en\/#website\"},\"primaryImageOfPage\":{\"@id\":\"https:\/\/faravetrerie.it\/en\/shop-en\/wine-glasses\/calice-atelier-riesling\/#primaryimage\"},\"image\":{\"@id\":\"https:\/\/faravetrerie.it\/en\/shop-en\/wine-glasses\/calice-atelier-riesling\/#primaryimage\"},\"thumbnailUrl\":\"https:\/\/faravetrerie.it\/wp-content\/uploads\/2025\/12\/BLATRI440_01-e1591196625624-3.jpg\",\"datePublished\":\"2025-12-23T15:43:09+00:00\",\"dateModified\":\"2026-01-29T10:26:50+00:00\",\"description\":\"Il calice atelier riesling in vetro sonoro superiore ad alta flessibilit\u00e0 e resistenza. Il suo stile elegante lo rende perfetto per la tua tavola\",\"breadcrumb\":{\"@id\":\"https:\/\/faravetrerie.it\/en\/shop-en\/wine-glasses\/calice-atelier-riesling\/#breadcrumb\"},\"inLanguage\":\"en-US\",\"potentialAction\":[{\"@type\":\"ReadAction\",\"target\":[\"https:\/\/faravetrerie.it\/en\/shop-en\/wine-glasses\/calice-atelier-riesling\/\"]}]},{\"@type\":\"ImageObject\",\"inLanguage\":\"en-US\",\"@id\":\"https:\/\/faravetrerie.it\/en\/shop-en\/wine-glasses\/calice-atelier-riesling\/#primaryimage\",\"url\":\"https:\/\/faravetrerie.it\/wp-content\/uploads\/2025\/12\/BLATRI440_01-e1591196625624-3.jpg\",\"contentUrl\":\"https:\/\/faravetrerie.it\/wp-content\/uploads\/2025\/12\/BLATRI440_01-e1591196625624-3.jpg\",\"width\":1183,\"height\":1374,\"caption\":\"Calice Atelier Riesling\"},{\"@type\":\"BreadcrumbList\",\"@id\":\"https:\/\/faravetrerie.it\/en\/shop-en\/wine-glasses\/calice-atelier-riesling\/#breadcrumb\",\"itemListElement\":[{\"@type\":\"ListItem\",\"position\":1,\"name\":\"Home\",\"item\":\"https:\/\/faravetrerie.it\/en\/\"},{\"@type\":\"ListItem\",\"position\":2,\"name\":\"Shop\",\"item\":\"https:\/\/faravetrerie.it\/en\/shop-en\/\"},{\"@type\":\"ListItem\",\"position\":3,\"name\":\"CALICE ATELIER RIESLING\"}]},{\"@type\":\"WebSite\",\"@id\":\"https:\/\/faravetrerie.it\/en\/#website\",\"url\":\"https:\/\/faravetrerie.it\/en\/\",\"name\":\"Fara Vetrerie e Cristallerie\",\"description\":\"\",\"publisher\":{\"@id\":\"https:\/\/faravetrerie.it\/en\/#organization\"},\"potentialAction\":[{\"@type\":\"SearchAction\",\"target\":{\"@type\":\"EntryPoint\",\"urlTemplate\":\"https:\/\/faravetrerie.it\/en\/?s={search_term_string}\"},\"query-input\":{\"@type\":\"PropertyValueSpecification\",\"valueRequired\":true,\"valueName\":\"search_term_string\"}}],\"inLanguage\":\"en-US\"},{\"@type\":\"Organization\",\"@id\":\"https:\/\/faravetrerie.it\/en\/#organization\",\"name\":\"Fara Vetrerie e Cristallerie\",\"url\":\"https:\/\/faravetrerie.it\/en\/\",\"logo\":{\"@type\":\"ImageObject\",\"inLanguage\":\"en-US\",\"@id\":\"https:\/\/faravetrerie.it\/en\/#\/schema\/logo\/image\/\",\"url\":\"https:\/\/faravetrerie.it\/wp-content\/uploads\/2025\/12\/logo-fara-bianco.png\",\"contentUrl\":\"https:\/\/faravetrerie.it\/wp-content\/uploads\/2025\/12\/logo-fara-bianco.png\",\"width\":2038,\"height\":2942,\"caption\":\"Fara Vetrerie e Cristallerie\"},\"image\":{\"@id\":\"https:\/\/faravetrerie.it\/en\/#\/schema\/logo\/image\/\"}}]}<\/script>\n<!-- \/ Yoast SEO plugin. -->","yoast_head_json":{"title":"CALICE ATELIER RIESLING - Fara Vetrerie e Cristallerie","description":"Il calice atelier riesling in vetro sonoro superiore ad alta flessibilit\u00e0 e resistenza. Il suo stile elegante lo rende perfetto per la tua tavola","robots":{"index":"index","follow":"follow","max-snippet":"max-snippet:-1","max-image-preview":"max-image-preview:large","max-video-preview":"max-video-preview:-1"},"canonical":"https:\/\/faravetrerie.it\/en\/shop-en\/wine-glasses\/calice-atelier-riesling\/","og_locale":"en_US","og_type":"article","og_title":"CALICE ATELIER RIESLING - Fara Vetrerie e Cristallerie","og_description":"Il calice atelier riesling in vetro sonoro superiore ad alta flessibilit\u00e0 e resistenza. Il suo stile elegante lo rende perfetto per la tua tavola","og_url":"https:\/\/faravetrerie.it\/en\/shop-en\/wine-glasses\/calice-atelier-riesling\/","og_site_name":"Fara Vetrerie e Cristallerie","article_modified_time":"2026-01-29T10:26:50+00:00","og_image":[{"width":1183,"height":1374,"url":"https:\/\/faravetrerie.it\/wp-content\/uploads\/2025\/12\/BLATRI440_01-e1591196625624-3.jpg","type":"image\/jpeg"}],"twitter_card":"summary_large_image","twitter_misc":{"Est. reading time":"2 minutes"},"schema":{"@context":"https:\/\/schema.org","@graph":[{"@type":"WebPage","@id":"https:\/\/faravetrerie.it\/en\/shop-en\/wine-glasses\/calice-atelier-riesling\/","url":"https:\/\/faravetrerie.it\/en\/shop-en\/wine-glasses\/calice-atelier-riesling\/","name":"CALICE ATELIER RIESLING - Fara Vetrerie e Cristallerie","isPartOf":{"@id":"https:\/\/faravetrerie.it\/en\/#website"},"primaryImageOfPage":{"@id":"https:\/\/faravetrerie.it\/en\/shop-en\/wine-glasses\/calice-atelier-riesling\/#primaryimage"},"image":{"@id":"https:\/\/faravetrerie.it\/en\/shop-en\/wine-glasses\/calice-atelier-riesling\/#primaryimage"},"thumbnailUrl":"https:\/\/faravetrerie.it\/wp-content\/uploads\/2025\/12\/BLATRI440_01-e1591196625624-3.jpg","datePublished":"2025-12-23T15:43:09+00:00","dateModified":"2026-01-29T10:26:50+00:00","description":"Il calice atelier riesling in vetro sonoro superiore ad alta flessibilit\u00e0 e resistenza. Il suo stile elegante lo rende perfetto per la tua tavola","breadcrumb":{"@id":"https:\/\/faravetrerie.it\/en\/shop-en\/wine-glasses\/calice-atelier-riesling\/#breadcrumb"},"inLanguage":"en-US","potentialAction":[{"@type":"ReadAction","target":["https:\/\/faravetrerie.it\/en\/shop-en\/wine-glasses\/calice-atelier-riesling\/"]}]},{"@type":"ImageObject","inLanguage":"en-US","@id":"https:\/\/faravetrerie.it\/en\/shop-en\/wine-glasses\/calice-atelier-riesling\/#primaryimage","url":"https:\/\/faravetrerie.it\/wp-content\/uploads\/2025\/12\/BLATRI440_01-e1591196625624-3.jpg","contentUrl":"https:\/\/faravetrerie.it\/wp-content\/uploads\/2025\/12\/BLATRI440_01-e1591196625624-3.jpg","width":1183,"height":1374,"caption":"Calice Atelier Riesling"},{"@type":"BreadcrumbList","@id":"https:\/\/faravetrerie.it\/en\/shop-en\/wine-glasses\/calice-atelier-riesling\/#breadcrumb","itemListElement":[{"@type":"ListItem","position":1,"name":"Home","item":"https:\/\/faravetrerie.it\/en\/"},{"@type":"ListItem","position":2,"name":"Shop","item":"https:\/\/faravetrerie.it\/en\/shop-en\/"},{"@type":"ListItem","position":3,"name":"CALICE ATELIER RIESLING"}]},{"@type":"WebSite","@id":"https:\/\/faravetrerie.it\/en\/#website","url":"https:\/\/faravetrerie.it\/en\/","name":"Fara Vetrerie e Cristallerie","description":"","publisher":{"@id":"https:\/\/faravetrerie.it\/en\/#organization"},"potentialAction":[{"@type":"SearchAction","target":{"@type":"EntryPoint","urlTemplate":"https:\/\/faravetrerie.it\/en\/?s={search_term_string}"},"query-input":{"@type":"PropertyValueSpecification","valueRequired":true,"valueName":"search_term_string"}}],"inLanguage":"en-US"},{"@type":"Organization","@id":"https:\/\/faravetrerie.it\/en\/#organization","name":"Fara Vetrerie e Cristallerie","url":"https:\/\/faravetrerie.it\/en\/","logo":{"@type":"ImageObject","inLanguage":"en-US","@id":"https:\/\/faravetrerie.it\/en\/#\/schema\/logo\/image\/","url":"https:\/\/faravetrerie.it\/wp-content\/uploads\/2025\/12\/logo-fara-bianco.png","contentUrl":"https:\/\/faravetrerie.it\/wp-content\/uploads\/2025\/12\/logo-fara-bianco.png","width":2038,"height":2942,"caption":"Fara Vetrerie e Cristallerie"},"image":{"@id":"https:\/\/faravetrerie.it\/en\/#\/schema\/logo\/image\/"}}]}},"_links":{"self":[{"href":"https:\/\/faravetrerie.it\/en\/wp-json\/wp\/v2\/product\/25718","targetHints":{"allow":["GET"]}}],"collection":[{"href":"https:\/\/faravetrerie.it\/en\/wp-json\/wp\/v2\/product"}],"about":[{"href":"https:\/\/faravetrerie.it\/en\/wp-json\/wp\/v2\/types\/product"}],"wp:featuredmedia":[{"embeddable":true,"href":"https:\/\/faravetrerie.it\/en\/wp-json\/wp\/v2\/media\/23256"}],"wp:attachment":[{"href":"https:\/\/faravetrerie.it\/en\/wp-json\/wp\/v2\/media?parent=25718"}],"wp:term":[{"taxonomy":"product_brand","embeddable":true,"href":"https:\/\/faravetrerie.it\/en\/wp-json\/wp\/v2\/product_brand?post=25718"},{"taxonomy":"product_cat","embeddable":true,"href":"https:\/\/faravetrerie.it\/en\/wp-json\/wp\/v2\/product_cat?post=25718"},{"taxonomy":"product_tag","embeddable":true,"href":"https:\/\/faravetrerie.it\/en\/wp-json\/wp\/v2\/product_tag?post=25718"}],"curies":[{"name":"wp","href":"https:\/\/api.w.org\/{rel}","templated":true}]}}