{"id":25721,"date":"2025-12-23T16:43:09","date_gmt":"2025-12-23T15:43:09","guid":{"rendered":"https:\/\/sviluppo.faravetrerie.it\/blog\/?post_type=product&#038;p=25721"},"modified":"2026-01-29T11:51:43","modified_gmt":"2026-01-29T10:51:43","slug":"flute-atelier","status":"publish","type":"product","link":"https:\/\/faravetrerie.it\/en\/shop-en\/wine-glasses\/flute-atelier\/","title":{"rendered":"FLUTE ATELIER"},"content":{"rendered":"<div class=\"flex flex-1 grow basis-auto flex-col overflow-hidden\">\n<div class=\"relative h-full\">\n<div class=\"flex h-full flex-col overflow-y-auto [scrollbar-gutter:stable]\">\n<div class=\"mt-1.5 flex flex-col text-sm @thread-xl\/thread:pt-header-height md:pb-9\">\n<article class=\"group\/turn w-full text-token-text-primary focus-visible:outline-2 focus-visible:outline-offset-[-4px]\" dir=\"auto\" data-testid=\"conversation-turn-8\" data-scroll-anchor=\"true\">\n<div class=\"text-base my-auto mx-auto py-[18px] px-6\">\n<div class=\"mx-auto flex flex-1 text-base gap-4 md:gap-5 lg:gap-6 md:max-w-3xl\">\n<div class=\"group\/conversation-turn relative flex w-full min-w-0 flex-col agent-turn @xs\/thread:px-0 @sm\/thread:px-1.5 @md\/thread:px-4\">\n<div class=\"flex-col gap-1 md:gap-3\">\n<div class=\"flex max-w-full flex-col flex-grow\">\n<div class=\"min-h-8 text-message relative flex w-full flex-col items-end gap-2 whitespace-normal break-words text-start [.text-message+&amp;]:mt-5\" dir=\"auto\" data-message-author-role=\"assistant\" data-message-id=\"1ba972d1-e1a7-4f6e-b62e-eee87b4a52e0\" data-message-model-slug=\"gpt-4o-mini\">\n<div class=\"flex w-full flex-col gap-1 empty:hidden first:pt-[3px]\">\n<div class=\"markdown prose w-full break-words dark:prose-invert light\">\n<h5 data-start=\"0\" data-end=\"65\"><strong data-start=\"0\" data-end=\"65\">Il Flute Atelier: Eleganza Italiana per i Tuoi Vini Frizzanti<\/strong><\/h5>\n<p data-start=\"67\" data-end=\"387\">Il <strong data-start=\"70\" data-end=\"87\">Flute Atelier<\/strong> \u00e8 la scelta perfetta per chi desidera un bicchiere che esprima tutta la qualit\u00e0 e la raffinatezza dei suoi vini frizzanti. Realizzato in vetro sonoro superiore, questo flute unisce la tradizione del design italiano con un&#8217;innovazione tecnologica che migliora l&#8217;esperienza della degustazione.<\/p>\n<h5 data-start=\"389\" data-end=\"438\">Design Italiano per una Degustazione Perfetta<\/h5>\n<p data-start=\"440\" data-end=\"832\">Il design elegante del Flute Atelier \u00e8 studiato per esaltare la freschezza e le bollicine dei vini frizzanti, come lo spumante o il prosecco. La forma slanciata del bicchiere aiuta a mantenere la carbonatazione e a concentrare gli aromi, per un&#8217;esperienza sensoriale ottimale. Ogni sorso sar\u00e0 accompagnato da una piacevole effervescenza, valorizzando le note fruttate e floreali del vino.<\/p>\n<h5 data-start=\"834\" data-end=\"868\">Alta Resistenza e Flessibilit\u00e0<\/h5>\n<p data-start=\"870\" data-end=\"1231\">Il Flute Atelier non \u00e8 solo esteticamente bello, ma anche altamente funzionale. Il vetro sonoro superiore \u00e8 sinonimo di qualit\u00e0, resistenza e alta flessibilit\u00e0, rendendo il bicchiere durevole nel tempo, pur mantenendo una leggerezza sorprendente. \u00c8 ideale per un uso quotidiano, ma abbastanza elegante da essere il protagonista nelle occasioni speciali.<\/p>\n<h5 data-start=\"1233\" data-end=\"1264\">Perfetto per Ogni Occasione<\/h5>\n<p data-start=\"1266\" data-end=\"1602\">Lo stile sofisticato e minimalista del Flute lo rende adatto per ogni tipo di tavola, dai pranzi informali agli eventi pi\u00f9 eleganti. Con il suo design raffinato, arricchisce l&#8217;esperienza di chi lo utilizza, offrendo un bicchiere che non solo esalta i vini frizzanti, ma che diventa anche un elemento di classe in ogni occasione.<\/p>\n<h5 data-start=\"1604\" data-end=\"1619\">Conclusioni<\/h5>\n<p data-start=\"1621\" data-end=\"1845\" data-is-last-node=\"\" data-is-only-node=\"\">Scegli il Flute Atelier per portare un tocco di eleganza alla tua tavola e godere al meglio dei tuoi vini frizzanti. Grazie alla sua qualit\u00e0 superiore e al design impeccabile, ogni brindisi diventer\u00e0 un momento speciale.<\/p>\n<\/div>\n<\/div>\n<\/div>\n<\/div>\n<\/div>\n<\/div>\n<\/div>\n<\/div>\n<\/article>\n<\/div>\n<\/div>\n<\/div>\n<\/div>\n","protected":false},"excerpt":{"rendered":"<p>Il flute dal design italiano in vetro sonoro superiore ad alta flessibilit\u00e0 e resistenza. Il suo stile elegante lo rende perfetto per la tua tavola e per valorizzare i tuoi vini frizzanti<\/p>\n<p>cl. 20<\/p>\n<p>fl.oz. 7,04<\/p>\n<p>h. 222 mm.<\/p>\n<p>\u00d8 64 mm.<\/p>\n","protected":false},"featured_media":23257,"template":"","meta":{"inline_featured_image":false},"product_brand":[],"product_cat":[30,40],"product_tag":[902],"class_list":{"0":"post-25721","1":"product","2":"type-product","3":"status-publish","4":"has-post-thumbnail","6":"product_cat-vino","7":"product_cat-calici-vino","8":"product_tag-flute","10":"first","11":"instock","12":"taxable","13":"shipping-taxable","14":"product-type-simple"},"yoast_head":"<!-- This site is optimized with the Yoast SEO plugin v26.6 - https:\/\/yoast.com\/wordpress\/plugins\/seo\/ -->\n<title>FLUTE ATELIER - Fara Vetrerie e Cristallerie<\/title>\n<meta name=\"description\" content=\"Il flute atelier in vetro sonoro superiore ad alta flessibilit\u00e0 e resistenza. Il suo stile elegante lo rende perfetto per valorizzare i tuoi vini frizzanti\" \/>\n<meta name=\"robots\" content=\"index, follow, max-snippet:-1, max-image-preview:large, max-video-preview:-1\" \/>\n<link rel=\"canonical\" href=\"https:\/\/faravetrerie.it\/en\/shop-en\/wine-glasses\/flute-atelier\/\" \/>\n<meta property=\"og:locale\" content=\"en_US\" \/>\n<meta property=\"og:type\" content=\"article\" \/>\n<meta property=\"og:title\" content=\"FLUTE ATELIER - Fara Vetrerie e Cristallerie\" \/>\n<meta property=\"og:description\" content=\"Il flute atelier in vetro sonoro superiore ad alta flessibilit\u00e0 e resistenza. Il suo stile elegante lo rende perfetto per valorizzare i tuoi vini frizzanti\" \/>\n<meta property=\"og:url\" content=\"https:\/\/faravetrerie.it\/en\/shop-en\/wine-glasses\/flute-atelier\/\" \/>\n<meta property=\"og:site_name\" content=\"Fara Vetrerie e Cristallerie\" \/>\n<meta property=\"article:modified_time\" content=\"2026-01-29T10:51:43+00:00\" \/>\n<meta property=\"og:image\" content=\"https:\/\/faravetrerie.it\/wp-content\/uploads\/2025\/12\/BLATSP120_01-3.jpg\" \/>\n\t<meta property=\"og:image:width\" content=\"1063\" \/>\n\t<meta property=\"og:image:height\" content=\"1299\" \/>\n\t<meta property=\"og:image:type\" content=\"image\/jpeg\" \/>\n<meta name=\"twitter:card\" content=\"summary_large_image\" \/>\n<meta name=\"twitter:label1\" content=\"Est. reading time\" \/>\n\t<meta name=\"twitter:data1\" content=\"2 minutes\" \/>\n<script type=\"application\/ld+json\" class=\"yoast-schema-graph\">{\"@context\":\"https:\/\/schema.org\",\"@graph\":[{\"@type\":\"WebPage\",\"@id\":\"https:\/\/faravetrerie.it\/en\/shop-en\/wine-glasses\/flute-atelier\/\",\"url\":\"https:\/\/faravetrerie.it\/en\/shop-en\/wine-glasses\/flute-atelier\/\",\"name\":\"FLUTE ATELIER - Fara Vetrerie e Cristallerie\",\"isPartOf\":{\"@id\":\"https:\/\/faravetrerie.it\/en\/#website\"},\"primaryImageOfPage\":{\"@id\":\"https:\/\/faravetrerie.it\/en\/shop-en\/wine-glasses\/flute-atelier\/#primaryimage\"},\"image\":{\"@id\":\"https:\/\/faravetrerie.it\/en\/shop-en\/wine-glasses\/flute-atelier\/#primaryimage\"},\"thumbnailUrl\":\"https:\/\/faravetrerie.it\/wp-content\/uploads\/2025\/12\/BLATSP120_01-3.jpg\",\"datePublished\":\"2025-12-23T15:43:09+00:00\",\"dateModified\":\"2026-01-29T10:51:43+00:00\",\"description\":\"Il flute atelier in vetro sonoro superiore ad alta flessibilit\u00e0 e resistenza. Il suo stile elegante lo rende perfetto per valorizzare i tuoi vini frizzanti\",\"breadcrumb\":{\"@id\":\"https:\/\/faravetrerie.it\/en\/shop-en\/wine-glasses\/flute-atelier\/#breadcrumb\"},\"inLanguage\":\"en-US\",\"potentialAction\":[{\"@type\":\"ReadAction\",\"target\":[\"https:\/\/faravetrerie.it\/en\/shop-en\/wine-glasses\/flute-atelier\/\"]}]},{\"@type\":\"ImageObject\",\"inLanguage\":\"en-US\",\"@id\":\"https:\/\/faravetrerie.it\/en\/shop-en\/wine-glasses\/flute-atelier\/#primaryimage\",\"url\":\"https:\/\/faravetrerie.it\/wp-content\/uploads\/2025\/12\/BLATSP120_01-3.jpg\",\"contentUrl\":\"https:\/\/faravetrerie.it\/wp-content\/uploads\/2025\/12\/BLATSP120_01-3.jpg\",\"width\":1063,\"height\":1299,\"caption\":\"Flute Atelier\"},{\"@type\":\"BreadcrumbList\",\"@id\":\"https:\/\/faravetrerie.it\/en\/shop-en\/wine-glasses\/flute-atelier\/#breadcrumb\",\"itemListElement\":[{\"@type\":\"ListItem\",\"position\":1,\"name\":\"Home\",\"item\":\"https:\/\/faravetrerie.it\/en\/\"},{\"@type\":\"ListItem\",\"position\":2,\"name\":\"Shop\",\"item\":\"https:\/\/faravetrerie.it\/en\/shop-en\/\"},{\"@type\":\"ListItem\",\"position\":3,\"name\":\"FLUTE ATELIER\"}]},{\"@type\":\"WebSite\",\"@id\":\"https:\/\/faravetrerie.it\/en\/#website\",\"url\":\"https:\/\/faravetrerie.it\/en\/\",\"name\":\"Fara Vetrerie e Cristallerie\",\"description\":\"\",\"publisher\":{\"@id\":\"https:\/\/faravetrerie.it\/en\/#organization\"},\"potentialAction\":[{\"@type\":\"SearchAction\",\"target\":{\"@type\":\"EntryPoint\",\"urlTemplate\":\"https:\/\/faravetrerie.it\/en\/?s={search_term_string}\"},\"query-input\":{\"@type\":\"PropertyValueSpecification\",\"valueRequired\":true,\"valueName\":\"search_term_string\"}}],\"inLanguage\":\"en-US\"},{\"@type\":\"Organization\",\"@id\":\"https:\/\/faravetrerie.it\/en\/#organization\",\"name\":\"Fara Vetrerie e Cristallerie\",\"url\":\"https:\/\/faravetrerie.it\/en\/\",\"logo\":{\"@type\":\"ImageObject\",\"inLanguage\":\"en-US\",\"@id\":\"https:\/\/faravetrerie.it\/en\/#\/schema\/logo\/image\/\",\"url\":\"https:\/\/faravetrerie.it\/wp-content\/uploads\/2025\/12\/logo-fara-bianco.png\",\"contentUrl\":\"https:\/\/faravetrerie.it\/wp-content\/uploads\/2025\/12\/logo-fara-bianco.png\",\"width\":2038,\"height\":2942,\"caption\":\"Fara Vetrerie e Cristallerie\"},\"image\":{\"@id\":\"https:\/\/faravetrerie.it\/en\/#\/schema\/logo\/image\/\"}}]}<\/script>\n<!-- \/ Yoast SEO plugin. -->","yoast_head_json":{"title":"FLUTE ATELIER - Fara Vetrerie e Cristallerie","description":"Il flute atelier in vetro sonoro superiore ad alta flessibilit\u00e0 e resistenza. Il suo stile elegante lo rende perfetto per valorizzare i tuoi vini frizzanti","robots":{"index":"index","follow":"follow","max-snippet":"max-snippet:-1","max-image-preview":"max-image-preview:large","max-video-preview":"max-video-preview:-1"},"canonical":"https:\/\/faravetrerie.it\/en\/shop-en\/wine-glasses\/flute-atelier\/","og_locale":"en_US","og_type":"article","og_title":"FLUTE ATELIER - Fara Vetrerie e Cristallerie","og_description":"Il flute atelier in vetro sonoro superiore ad alta flessibilit\u00e0 e resistenza. Il suo stile elegante lo rende perfetto per valorizzare i tuoi vini frizzanti","og_url":"https:\/\/faravetrerie.it\/en\/shop-en\/wine-glasses\/flute-atelier\/","og_site_name":"Fara Vetrerie e Cristallerie","article_modified_time":"2026-01-29T10:51:43+00:00","og_image":[{"width":1063,"height":1299,"url":"https:\/\/faravetrerie.it\/wp-content\/uploads\/2025\/12\/BLATSP120_01-3.jpg","type":"image\/jpeg"}],"twitter_card":"summary_large_image","twitter_misc":{"Est. reading time":"2 minutes"},"schema":{"@context":"https:\/\/schema.org","@graph":[{"@type":"WebPage","@id":"https:\/\/faravetrerie.it\/en\/shop-en\/wine-glasses\/flute-atelier\/","url":"https:\/\/faravetrerie.it\/en\/shop-en\/wine-glasses\/flute-atelier\/","name":"FLUTE ATELIER - Fara Vetrerie e Cristallerie","isPartOf":{"@id":"https:\/\/faravetrerie.it\/en\/#website"},"primaryImageOfPage":{"@id":"https:\/\/faravetrerie.it\/en\/shop-en\/wine-glasses\/flute-atelier\/#primaryimage"},"image":{"@id":"https:\/\/faravetrerie.it\/en\/shop-en\/wine-glasses\/flute-atelier\/#primaryimage"},"thumbnailUrl":"https:\/\/faravetrerie.it\/wp-content\/uploads\/2025\/12\/BLATSP120_01-3.jpg","datePublished":"2025-12-23T15:43:09+00:00","dateModified":"2026-01-29T10:51:43+00:00","description":"Il flute atelier in vetro sonoro superiore ad alta flessibilit\u00e0 e resistenza. Il suo stile elegante lo rende perfetto per valorizzare i tuoi vini frizzanti","breadcrumb":{"@id":"https:\/\/faravetrerie.it\/en\/shop-en\/wine-glasses\/flute-atelier\/#breadcrumb"},"inLanguage":"en-US","potentialAction":[{"@type":"ReadAction","target":["https:\/\/faravetrerie.it\/en\/shop-en\/wine-glasses\/flute-atelier\/"]}]},{"@type":"ImageObject","inLanguage":"en-US","@id":"https:\/\/faravetrerie.it\/en\/shop-en\/wine-glasses\/flute-atelier\/#primaryimage","url":"https:\/\/faravetrerie.it\/wp-content\/uploads\/2025\/12\/BLATSP120_01-3.jpg","contentUrl":"https:\/\/faravetrerie.it\/wp-content\/uploads\/2025\/12\/BLATSP120_01-3.jpg","width":1063,"height":1299,"caption":"Flute Atelier"},{"@type":"BreadcrumbList","@id":"https:\/\/faravetrerie.it\/en\/shop-en\/wine-glasses\/flute-atelier\/#breadcrumb","itemListElement":[{"@type":"ListItem","position":1,"name":"Home","item":"https:\/\/faravetrerie.it\/en\/"},{"@type":"ListItem","position":2,"name":"Shop","item":"https:\/\/faravetrerie.it\/en\/shop-en\/"},{"@type":"ListItem","position":3,"name":"FLUTE ATELIER"}]},{"@type":"WebSite","@id":"https:\/\/faravetrerie.it\/en\/#website","url":"https:\/\/faravetrerie.it\/en\/","name":"Fara Vetrerie e Cristallerie","description":"","publisher":{"@id":"https:\/\/faravetrerie.it\/en\/#organization"},"potentialAction":[{"@type":"SearchAction","target":{"@type":"EntryPoint","urlTemplate":"https:\/\/faravetrerie.it\/en\/?s={search_term_string}"},"query-input":{"@type":"PropertyValueSpecification","valueRequired":true,"valueName":"search_term_string"}}],"inLanguage":"en-US"},{"@type":"Organization","@id":"https:\/\/faravetrerie.it\/en\/#organization","name":"Fara Vetrerie e Cristallerie","url":"https:\/\/faravetrerie.it\/en\/","logo":{"@type":"ImageObject","inLanguage":"en-US","@id":"https:\/\/faravetrerie.it\/en\/#\/schema\/logo\/image\/","url":"https:\/\/faravetrerie.it\/wp-content\/uploads\/2025\/12\/logo-fara-bianco.png","contentUrl":"https:\/\/faravetrerie.it\/wp-content\/uploads\/2025\/12\/logo-fara-bianco.png","width":2038,"height":2942,"caption":"Fara Vetrerie e Cristallerie"},"image":{"@id":"https:\/\/faravetrerie.it\/en\/#\/schema\/logo\/image\/"}}]}},"_links":{"self":[{"href":"https:\/\/faravetrerie.it\/en\/wp-json\/wp\/v2\/product\/25721","targetHints":{"allow":["GET"]}}],"collection":[{"href":"https:\/\/faravetrerie.it\/en\/wp-json\/wp\/v2\/product"}],"about":[{"href":"https:\/\/faravetrerie.it\/en\/wp-json\/wp\/v2\/types\/product"}],"wp:featuredmedia":[{"embeddable":true,"href":"https:\/\/faravetrerie.it\/en\/wp-json\/wp\/v2\/media\/23257"}],"wp:attachment":[{"href":"https:\/\/faravetrerie.it\/en\/wp-json\/wp\/v2\/media?parent=25721"}],"wp:term":[{"taxonomy":"product_brand","embeddable":true,"href":"https:\/\/faravetrerie.it\/en\/wp-json\/wp\/v2\/product_brand?post=25721"},{"taxonomy":"product_cat","embeddable":true,"href":"https:\/\/faravetrerie.it\/en\/wp-json\/wp\/v2\/product_cat?post=25721"},{"taxonomy":"product_tag","embeddable":true,"href":"https:\/\/faravetrerie.it\/en\/wp-json\/wp\/v2\/product_tag?post=25721"}],"curies":[{"name":"wp","href":"https:\/\/api.w.org\/{rel}","templated":true}]}}