{"id":25725,"date":"2025-12-23T16:43:10","date_gmt":"2025-12-23T15:43:10","guid":{"rendered":"https:\/\/sviluppo.faravetrerie.it\/blog\/?post_type=product&#038;p=25725"},"modified":"2026-01-29T09:31:19","modified_gmt":"2026-01-29T08:31:19","slug":"calice-ivento-130","status":"publish","type":"product","link":"https:\/\/faravetrerie.it\/en\/shop-en\/wine-glasses\/calice-ivento-130\/","title":{"rendered":"CALICE IVENTO 130"},"content":{"rendered":"<article class=\"group\/turn w-full text-token-text-primary focus-visible:outline-2 focus-visible:outline-offset-[-4px]\" dir=\"auto\" data-testid=\"conversation-turn-24\" data-scroll-anchor=\"true\">\n<div class=\"text-base my-auto mx-auto py-[18px] px-6\">\n<div class=\"mx-auto flex flex-1 text-base gap-4 md:gap-5 lg:gap-6 md:max-w-3xl\">\n<div class=\"group\/conversation-turn relative flex w-full min-w-0 flex-col agent-turn @xs\/thread:px-0 @sm\/thread:px-1.5 @md\/thread:px-4\">\n<div class=\"flex-col gap-1 md:gap-3\">\n<div class=\"flex max-w-full flex-col flex-grow\">\n<div class=\"min-h-8 text-message relative flex w-full flex-col items-end gap-2 whitespace-normal break-words text-start [.text-message+&amp;]:mt-5\" dir=\"auto\" data-message-author-role=\"assistant\" data-message-id=\"33062c6c-f72e-4efe-997a-453fcaad43fe\" data-message-model-slug=\"gpt-4o-mini\">\n<div class=\"flex w-full flex-col gap-1 empty:hidden first:pt-[3px]\">\n<div class=\"markdown prose w-full break-words dark:prose-invert light\">\n<h4 data-start=\"0\" data-end=\"62\"><strong data-start=\"0\" data-end=\"62\">Calice Ivento 130: Eleganza e Raffinatezza per Ogni Tavola<\/strong><\/h4>\n<p data-start=\"64\" data-end=\"394\">Il Calice Ivento 130 \u00e8 un bicchiere che coniuga classica armonia e bellezza senza tempo, diventando il compagno ideale per valorizzare ogni tipo di vino. Realizzato in vetro sonoro superiore al titanio, questo calice unisce resistenza e leggerezza, offrendo un&#8217;esperienza di degustazione unica e raffinata.<\/p>\n<h5 data-start=\"396\" data-end=\"428\">Design Elegante e Funzionale<\/h5>\n<p data-start=\"430\" data-end=\"883\">Con il suo design armonioso e bilanciato, il Calice Ivento 130 \u00e8 pensato per esaltare le caratteristiche organolettiche dei tuoi vini preferiti, permettendo di apprezzarne al massimo aromi e sapori. La sua forma studiata \u00e8 perfetta per concentrare gli aromi, permettendo a ogni sorso di essere un\u2019esperienza piena e completa. Che tu stia degustando un vino rosso corposo o un bianco fresco, questo calice offre una presentazione impeccabile.<\/p>\n<h5 data-start=\"885\" data-end=\"922\">Vetro Sonoro Superiore al Titanio<\/h5>\n<p data-start=\"924\" data-end=\"1334\">Il vetro sonoro superiore al titanio dona al Calice Ivento 130 una qualit\u00e0 eccezionale. La resistenza del titanio unita alla sua leggerezza permette di avere un calice elegante e robusto allo stesso tempo, mentre il suono cristallino del vetro migliora l&#8217;esperienza sensoriale durante la degustazione. Inoltre, la sua trasparenza permette di apprezzare appieno il colore e la brillantezza del vino.<\/p>\n<h5 data-start=\"1336\" data-end=\"1367\">Versatilit\u00e0 per Ogni Tavola<\/h5>\n<p data-start=\"1369\" data-end=\"1775\">Disponibile in diverse misure, il Calice si adatta perfettamente a ogni occasione, dal pranzo quotidiano all&#8217;evento elegante. Il suo design sofisticato lo rende ideale per ristoranti, bar e eventi speciali, ma \u00e8 altrettanto perfetto per aggiungere un tocco di classe alla tua tavola domestica. Ogni sorso diventa un momento speciale, esaltato dalla bellezza e qualit\u00e0 del calice.<\/p>\n<h5 data-start=\"1777\" data-end=\"1792\">Conclusioni<\/h5>\n<p data-start=\"1794\" data-end=\"2202\" data-is-last-node=\"\" data-is-only-node=\"\">Il Calice Ivento 130 \u00e8 un bicchiere che unisce eleganza, funzionalit\u00e0 e resistenza, ideale per chi cerca un prodotto che esprima raffinatezza e qualit\u00e0. Realizzato in vetro sonoro superiore al titanio, \u00e8 perfetto per esaltare il gusto di ogni vino e rendere ogni occasione un&#8217;esperienza indimenticabile. Scegli Ivento 130 per una tavola che trasmette classe e stile in ogni dettaglio.<\/p>\n<\/div>\n<\/div>\n<\/div>\n<\/div>\n<\/div>\n<\/div>\n<\/div>\n<\/div>\n<\/article>\n","protected":false},"excerpt":{"rendered":"<p>La serie di calici in vetro sonoro superiore al titanio, di classica armonia e bellezza, \u00e8 un prodotto che nelle sue varie misure esalta la tua tavola.<\/p>\n<p>cl. 60<\/p>\n<p>fl.oz. 20,29<\/p>\n<p>h. 235 mm.<\/p>\n<p>\u00d8 92 mm.<\/p>\n<p>&nbsp;<\/p>\n","protected":false},"featured_media":23309,"template":"","meta":{"inline_featured_image":false},"product_brand":[],"product_cat":[30,40],"product_tag":[936],"class_list":{"0":"post-25725","1":"product","2":"type-product","3":"status-publish","4":"has-post-thumbnail","6":"product_cat-vino","7":"product_cat-calici-vino","8":"product_tag-calice","10":"first","11":"instock","12":"taxable","13":"shipping-taxable","14":"product-type-simple"},"yoast_head":"<!-- This site is optimized with the Yoast SEO plugin v26.6 - https:\/\/yoast.com\/wordpress\/plugins\/seo\/ -->\n<title>CALICE IVENTO 130 - Fara Vetrerie e Cristallerie<\/title>\n<meta name=\"description\" content=\"calice Ivento 130 in vetro sonoro superiore al titanio, di classica armonia e bellezza, \u00e8 un prodotto che nelle sue varie misure esalta la tua tavola.\" \/>\n<meta name=\"robots\" content=\"index, follow, max-snippet:-1, max-image-preview:large, max-video-preview:-1\" \/>\n<link rel=\"canonical\" href=\"https:\/\/faravetrerie.it\/en\/shop-en\/wine-glasses\/calice-ivento-130\/\" \/>\n<meta property=\"og:locale\" content=\"en_US\" \/>\n<meta property=\"og:type\" content=\"article\" \/>\n<meta property=\"og:title\" content=\"CALICE IVENTO 130 - Fara Vetrerie e Cristallerie\" \/>\n<meta property=\"og:description\" content=\"calice Ivento 130 in vetro sonoro superiore al titanio, di classica armonia e bellezza, \u00e8 un prodotto che nelle sue varie misure esalta la tua tavola.\" \/>\n<meta property=\"og:url\" content=\"https:\/\/faravetrerie.it\/en\/shop-en\/wine-glasses\/calice-ivento-130\/\" \/>\n<meta property=\"og:site_name\" content=\"Fara Vetrerie e Cristallerie\" \/>\n<meta property=\"article:modified_time\" content=\"2026-01-29T08:31:19+00:00\" \/>\n<meta property=\"og:image\" content=\"https:\/\/faravetrerie.it\/wp-content\/uploads\/2025\/12\/ZWIVE130_02-3.jpg\" \/>\n\t<meta property=\"og:image:width\" content=\"510\" \/>\n\t<meta property=\"og:image:height\" content=\"808\" \/>\n\t<meta property=\"og:image:type\" content=\"image\/jpeg\" \/>\n<meta name=\"twitter:card\" content=\"summary_large_image\" \/>\n<meta name=\"twitter:label1\" content=\"Est. reading time\" \/>\n\t<meta name=\"twitter:data1\" content=\"2 minutes\" \/>\n<script type=\"application\/ld+json\" class=\"yoast-schema-graph\">{\"@context\":\"https:\/\/schema.org\",\"@graph\":[{\"@type\":\"WebPage\",\"@id\":\"https:\/\/faravetrerie.it\/en\/shop-en\/wine-glasses\/calice-ivento-130\/\",\"url\":\"https:\/\/faravetrerie.it\/en\/shop-en\/wine-glasses\/calice-ivento-130\/\",\"name\":\"CALICE IVENTO 130 - Fara Vetrerie e Cristallerie\",\"isPartOf\":{\"@id\":\"https:\/\/faravetrerie.it\/en\/#website\"},\"primaryImageOfPage\":{\"@id\":\"https:\/\/faravetrerie.it\/en\/shop-en\/wine-glasses\/calice-ivento-130\/#primaryimage\"},\"image\":{\"@id\":\"https:\/\/faravetrerie.it\/en\/shop-en\/wine-glasses\/calice-ivento-130\/#primaryimage\"},\"thumbnailUrl\":\"https:\/\/faravetrerie.it\/wp-content\/uploads\/2025\/12\/ZWIVE130_02-3.jpg\",\"datePublished\":\"2025-12-23T15:43:10+00:00\",\"dateModified\":\"2026-01-29T08:31:19+00:00\",\"description\":\"calice Ivento 130 in vetro sonoro superiore al titanio, di classica armonia e bellezza, \u00e8 un prodotto che nelle sue varie misure esalta la tua tavola.\",\"breadcrumb\":{\"@id\":\"https:\/\/faravetrerie.it\/en\/shop-en\/wine-glasses\/calice-ivento-130\/#breadcrumb\"},\"inLanguage\":\"en-US\",\"potentialAction\":[{\"@type\":\"ReadAction\",\"target\":[\"https:\/\/faravetrerie.it\/en\/shop-en\/wine-glasses\/calice-ivento-130\/\"]}]},{\"@type\":\"ImageObject\",\"inLanguage\":\"en-US\",\"@id\":\"https:\/\/faravetrerie.it\/en\/shop-en\/wine-glasses\/calice-ivento-130\/#primaryimage\",\"url\":\"https:\/\/faravetrerie.it\/wp-content\/uploads\/2025\/12\/ZWIVE130_02-3.jpg\",\"contentUrl\":\"https:\/\/faravetrerie.it\/wp-content\/uploads\/2025\/12\/ZWIVE130_02-3.jpg\",\"width\":510,\"height\":808,\"caption\":\"Calice Ivento 130\"},{\"@type\":\"BreadcrumbList\",\"@id\":\"https:\/\/faravetrerie.it\/en\/shop-en\/wine-glasses\/calice-ivento-130\/#breadcrumb\",\"itemListElement\":[{\"@type\":\"ListItem\",\"position\":1,\"name\":\"Home\",\"item\":\"https:\/\/faravetrerie.it\/en\/\"},{\"@type\":\"ListItem\",\"position\":2,\"name\":\"Shop\",\"item\":\"https:\/\/faravetrerie.it\/en\/shop-en\/\"},{\"@type\":\"ListItem\",\"position\":3,\"name\":\"CALICE IVENTO 130\"}]},{\"@type\":\"WebSite\",\"@id\":\"https:\/\/faravetrerie.it\/en\/#website\",\"url\":\"https:\/\/faravetrerie.it\/en\/\",\"name\":\"Fara Vetrerie e Cristallerie\",\"description\":\"\",\"publisher\":{\"@id\":\"https:\/\/faravetrerie.it\/en\/#organization\"},\"potentialAction\":[{\"@type\":\"SearchAction\",\"target\":{\"@type\":\"EntryPoint\",\"urlTemplate\":\"https:\/\/faravetrerie.it\/en\/?s={search_term_string}\"},\"query-input\":{\"@type\":\"PropertyValueSpecification\",\"valueRequired\":true,\"valueName\":\"search_term_string\"}}],\"inLanguage\":\"en-US\"},{\"@type\":\"Organization\",\"@id\":\"https:\/\/faravetrerie.it\/en\/#organization\",\"name\":\"Fara Vetrerie e Cristallerie\",\"url\":\"https:\/\/faravetrerie.it\/en\/\",\"logo\":{\"@type\":\"ImageObject\",\"inLanguage\":\"en-US\",\"@id\":\"https:\/\/faravetrerie.it\/en\/#\/schema\/logo\/image\/\",\"url\":\"https:\/\/faravetrerie.it\/wp-content\/uploads\/2025\/12\/logo-fara-bianco.png\",\"contentUrl\":\"https:\/\/faravetrerie.it\/wp-content\/uploads\/2025\/12\/logo-fara-bianco.png\",\"width\":2038,\"height\":2942,\"caption\":\"Fara Vetrerie e Cristallerie\"},\"image\":{\"@id\":\"https:\/\/faravetrerie.it\/en\/#\/schema\/logo\/image\/\"}}]}<\/script>\n<!-- \/ Yoast SEO plugin. -->","yoast_head_json":{"title":"CALICE IVENTO 130 - Fara Vetrerie e Cristallerie","description":"calice Ivento 130 in vetro sonoro superiore al titanio, di classica armonia e bellezza, \u00e8 un prodotto che nelle sue varie misure esalta la tua tavola.","robots":{"index":"index","follow":"follow","max-snippet":"max-snippet:-1","max-image-preview":"max-image-preview:large","max-video-preview":"max-video-preview:-1"},"canonical":"https:\/\/faravetrerie.it\/en\/shop-en\/wine-glasses\/calice-ivento-130\/","og_locale":"en_US","og_type":"article","og_title":"CALICE IVENTO 130 - Fara Vetrerie e Cristallerie","og_description":"calice Ivento 130 in vetro sonoro superiore al titanio, di classica armonia e bellezza, \u00e8 un prodotto che nelle sue varie misure esalta la tua tavola.","og_url":"https:\/\/faravetrerie.it\/en\/shop-en\/wine-glasses\/calice-ivento-130\/","og_site_name":"Fara Vetrerie e Cristallerie","article_modified_time":"2026-01-29T08:31:19+00:00","og_image":[{"width":510,"height":808,"url":"https:\/\/faravetrerie.it\/wp-content\/uploads\/2025\/12\/ZWIVE130_02-3.jpg","type":"image\/jpeg"}],"twitter_card":"summary_large_image","twitter_misc":{"Est. reading time":"2 minutes"},"schema":{"@context":"https:\/\/schema.org","@graph":[{"@type":"WebPage","@id":"https:\/\/faravetrerie.it\/en\/shop-en\/wine-glasses\/calice-ivento-130\/","url":"https:\/\/faravetrerie.it\/en\/shop-en\/wine-glasses\/calice-ivento-130\/","name":"CALICE IVENTO 130 - Fara Vetrerie e Cristallerie","isPartOf":{"@id":"https:\/\/faravetrerie.it\/en\/#website"},"primaryImageOfPage":{"@id":"https:\/\/faravetrerie.it\/en\/shop-en\/wine-glasses\/calice-ivento-130\/#primaryimage"},"image":{"@id":"https:\/\/faravetrerie.it\/en\/shop-en\/wine-glasses\/calice-ivento-130\/#primaryimage"},"thumbnailUrl":"https:\/\/faravetrerie.it\/wp-content\/uploads\/2025\/12\/ZWIVE130_02-3.jpg","datePublished":"2025-12-23T15:43:10+00:00","dateModified":"2026-01-29T08:31:19+00:00","description":"calice Ivento 130 in vetro sonoro superiore al titanio, di classica armonia e bellezza, \u00e8 un prodotto che nelle sue varie misure esalta la tua tavola.","breadcrumb":{"@id":"https:\/\/faravetrerie.it\/en\/shop-en\/wine-glasses\/calice-ivento-130\/#breadcrumb"},"inLanguage":"en-US","potentialAction":[{"@type":"ReadAction","target":["https:\/\/faravetrerie.it\/en\/shop-en\/wine-glasses\/calice-ivento-130\/"]}]},{"@type":"ImageObject","inLanguage":"en-US","@id":"https:\/\/faravetrerie.it\/en\/shop-en\/wine-glasses\/calice-ivento-130\/#primaryimage","url":"https:\/\/faravetrerie.it\/wp-content\/uploads\/2025\/12\/ZWIVE130_02-3.jpg","contentUrl":"https:\/\/faravetrerie.it\/wp-content\/uploads\/2025\/12\/ZWIVE130_02-3.jpg","width":510,"height":808,"caption":"Calice Ivento 130"},{"@type":"BreadcrumbList","@id":"https:\/\/faravetrerie.it\/en\/shop-en\/wine-glasses\/calice-ivento-130\/#breadcrumb","itemListElement":[{"@type":"ListItem","position":1,"name":"Home","item":"https:\/\/faravetrerie.it\/en\/"},{"@type":"ListItem","position":2,"name":"Shop","item":"https:\/\/faravetrerie.it\/en\/shop-en\/"},{"@type":"ListItem","position":3,"name":"CALICE IVENTO 130"}]},{"@type":"WebSite","@id":"https:\/\/faravetrerie.it\/en\/#website","url":"https:\/\/faravetrerie.it\/en\/","name":"Fara Vetrerie e Cristallerie","description":"","publisher":{"@id":"https:\/\/faravetrerie.it\/en\/#organization"},"potentialAction":[{"@type":"SearchAction","target":{"@type":"EntryPoint","urlTemplate":"https:\/\/faravetrerie.it\/en\/?s={search_term_string}"},"query-input":{"@type":"PropertyValueSpecification","valueRequired":true,"valueName":"search_term_string"}}],"inLanguage":"en-US"},{"@type":"Organization","@id":"https:\/\/faravetrerie.it\/en\/#organization","name":"Fara Vetrerie e Cristallerie","url":"https:\/\/faravetrerie.it\/en\/","logo":{"@type":"ImageObject","inLanguage":"en-US","@id":"https:\/\/faravetrerie.it\/en\/#\/schema\/logo\/image\/","url":"https:\/\/faravetrerie.it\/wp-content\/uploads\/2025\/12\/logo-fara-bianco.png","contentUrl":"https:\/\/faravetrerie.it\/wp-content\/uploads\/2025\/12\/logo-fara-bianco.png","width":2038,"height":2942,"caption":"Fara Vetrerie e Cristallerie"},"image":{"@id":"https:\/\/faravetrerie.it\/en\/#\/schema\/logo\/image\/"}}]}},"_links":{"self":[{"href":"https:\/\/faravetrerie.it\/en\/wp-json\/wp\/v2\/product\/25725","targetHints":{"allow":["GET"]}}],"collection":[{"href":"https:\/\/faravetrerie.it\/en\/wp-json\/wp\/v2\/product"}],"about":[{"href":"https:\/\/faravetrerie.it\/en\/wp-json\/wp\/v2\/types\/product"}],"wp:featuredmedia":[{"embeddable":true,"href":"https:\/\/faravetrerie.it\/en\/wp-json\/wp\/v2\/media\/23309"}],"wp:attachment":[{"href":"https:\/\/faravetrerie.it\/en\/wp-json\/wp\/v2\/media?parent=25725"}],"wp:term":[{"taxonomy":"product_brand","embeddable":true,"href":"https:\/\/faravetrerie.it\/en\/wp-json\/wp\/v2\/product_brand?post=25725"},{"taxonomy":"product_cat","embeddable":true,"href":"https:\/\/faravetrerie.it\/en\/wp-json\/wp\/v2\/product_cat?post=25725"},{"taxonomy":"product_tag","embeddable":true,"href":"https:\/\/faravetrerie.it\/en\/wp-json\/wp\/v2\/product_tag?post=25725"}],"curies":[{"name":"wp","href":"https:\/\/api.w.org\/{rel}","templated":true}]}}