{"id":25732,"date":"2025-12-23T16:43:11","date_gmt":"2025-12-23T15:43:11","guid":{"rendered":"https:\/\/sviluppo.faravetrerie.it\/blog\/?post_type=product&#038;p=25732"},"modified":"2026-01-29T09:24:28","modified_gmt":"2026-01-29T08:24:28","slug":"calice-ivento-0","status":"publish","type":"product","link":"https:\/\/faravetrerie.it\/en\/shop-en\/wine-glasses\/calice-ivento-0\/","title":{"rendered":"CALICE IVENTO 0"},"content":{"rendered":"<article class=\"group\/turn w-full text-token-text-primary focus-visible:outline-2 focus-visible:outline-offset-[-4px]\" dir=\"auto\" data-testid=\"conversation-turn-26\" data-scroll-anchor=\"true\">\n<div class=\"text-base my-auto mx-auto py-[18px] px-6\">\n<div class=\"mx-auto flex flex-1 text-base gap-4 md:gap-5 lg:gap-6 md:max-w-3xl\">\n<div class=\"group\/conversation-turn relative flex w-full min-w-0 flex-col agent-turn @xs\/thread:px-0 @sm\/thread:px-1.5 @md\/thread:px-4\">\n<div class=\"flex-col gap-1 md:gap-3\">\n<div class=\"flex max-w-full flex-col flex-grow\">\n<div class=\"min-h-8 text-message relative flex w-full flex-col items-end gap-2 whitespace-normal break-words text-start [.text-message+&amp;]:mt-5\" dir=\"auto\" data-message-author-role=\"assistant\" data-message-id=\"7561e387-9785-4431-9d04-cd78c5854c4a\" data-message-model-slug=\"gpt-4o-mini\">\n<div class=\"flex w-full flex-col gap-1 empty:hidden first:pt-[3px]\">\n<div class=\"markdown prose w-full break-words dark:prose-invert light\">\n<h5 data-start=\"0\" data-end=\"58\"><strong data-start=\"0\" data-end=\"58\">Calice Ivento 0: Eleganza e Raffinatezza per Ogni Vino<\/strong><\/h5>\n<p data-start=\"60\" data-end=\"370\">Il Calice Ivento 0 \u00e8 un bicchiere che unisce classica armonia e bellezza senza tempo, perfetto per esaltare ogni tipo di vino. Realizzato in vetro sonoro superiore al titanio, questo calice offre un&#8217;esperienza unica di degustazione, combinando resistenza, leggerezza e raffinatezza.<\/p>\n<h5 data-start=\"372\" data-end=\"404\">Design Elegante e Bilanciato<\/h5>\n<p data-start=\"406\" data-end=\"767\">Con la sua forma armoniosa e bilanciata, il Calice\u00a0\u00e8 progettato per esaltare ogni aspetto del vino, concentrando gli aromi e permettendo una degustazione piena e completa. Il suo design permette di godere appieno di ogni sfumatura del vino, rendendolo ideale per un&#8217;ampia variet\u00e0 di tipologie, dai vini rossi pi\u00f9 corposi ai bianchi freschi.<\/p>\n<h5 data-start=\"769\" data-end=\"806\">Vetro Sonoro Superiore al Titanio<\/h5>\n<p data-start=\"808\" data-end=\"1241\">Realizzato in vetro sonoro superiore al titanio, il Calice Ivento 0 combina resistenza e leggerezza. Il titanio dona una maggiore robustezza al calice, mentre il vetro sonoro permette una cristallinit\u00e0 e un suono che migliorano l\u2019esperienza sensoriale durante la degustazione. Questo rende il calice non solo pratico, ma anche un elemento di alta qualit\u00e0 che esalta la bellezza e la brillantezza del vino.<\/p>\n<h5 data-start=\"1243\" data-end=\"1282\">Versatilit\u00e0 e Stile per Ogni Tavola<\/h5>\n<p data-start=\"1284\" data-end=\"1663\">Disponibile in diverse misure, il Calice\u00a0\u00e8 perfetto per ogni occasione, dal pranzo quotidiano agli eventi pi\u00f9 formali. Il suo design elegante si adatta a ristoranti, eventi speciali e cene intime, ma \u00e8 altrettanto perfetto per aggiungere un tocco di classe alla tua tavola domestica. Con il Calice, ogni brindisi diventa un momento speciale.<\/p>\n<h5 data-start=\"1665\" data-end=\"1680\">Conclusioni<\/h5>\n<p data-start=\"1682\" data-end=\"2035\" data-is-last-node=\"\" data-is-only-node=\"\">Il Calice Ivento 0 \u00e8 la scelta ideale per chi cerca un bicchiere che unisca eleganza, qualit\u00e0 e versatilit\u00e0. Realizzato in vetro sonoro superiore al titanio, \u00e8 perfetto per esaltare i tuoi vini e aggiungere un tocco di classe a ogni tavola. Scegli il Calice Ivento 0 per un&#8217;esperienza di degustazione che non passer\u00e0 inosservata.<\/p>\n<\/div>\n<\/div>\n<\/div>\n<\/div>\n<\/div>\n<\/div>\n<\/div>\n<\/div>\n<\/article>\n","protected":false},"excerpt":{"rendered":"<p>La serie di calici in vetro sonoro superiore al titanio, di classica armonia e bellezza, \u00e8 un prodotto che nelle sue varie misure esalta la tua tavola.<\/p>\n<p>cl. 34,9<\/p>\n<p>fl.oz. 12,28<\/p>\n<p>h. 206 mm.<\/p>\n<p>\u00d8 76 mm.<\/p>\n<p>&nbsp;<\/p>\n","protected":false},"featured_media":23311,"template":"","meta":{"inline_featured_image":false},"product_brand":[],"product_cat":[30,40],"product_tag":[936],"class_list":{"0":"post-25732","1":"product","2":"type-product","3":"status-publish","4":"has-post-thumbnail","6":"product_cat-vino","7":"product_cat-calici-vino","8":"product_tag-calice","10":"first","11":"instock","12":"taxable","13":"shipping-taxable","14":"product-type-simple"},"yoast_head":"<!-- This site is optimized with the Yoast SEO plugin v26.6 - https:\/\/yoast.com\/wordpress\/plugins\/seo\/ -->\n<title>CALICE IVENTO 0 - Fara Vetrerie e Cristallerie<\/title>\n<meta name=\"description\" content=\"calice ivento 0 in vetro sonoro superiore al titanio, di classica armonia e bellezza, \u00e8 un prodotto che nelle sue varie misure esalta la tua tavola.\" \/>\n<meta name=\"robots\" content=\"index, follow, max-snippet:-1, max-image-preview:large, max-video-preview:-1\" \/>\n<link rel=\"canonical\" href=\"https:\/\/faravetrerie.it\/en\/shop-en\/wine-glasses\/calice-ivento-0\/\" \/>\n<meta property=\"og:locale\" content=\"en_US\" \/>\n<meta property=\"og:type\" content=\"article\" \/>\n<meta property=\"og:title\" content=\"CALICE IVENTO 0 - Fara Vetrerie e Cristallerie\" \/>\n<meta property=\"og:description\" content=\"calice ivento 0 in vetro sonoro superiore al titanio, di classica armonia e bellezza, \u00e8 un prodotto che nelle sue varie misure esalta la tua tavola.\" \/>\n<meta property=\"og:url\" content=\"https:\/\/faravetrerie.it\/en\/shop-en\/wine-glasses\/calice-ivento-0\/\" \/>\n<meta property=\"og:site_name\" content=\"Fara Vetrerie e Cristallerie\" \/>\n<meta property=\"article:modified_time\" content=\"2026-01-29T08:24:28+00:00\" \/>\n<meta property=\"og:image\" content=\"https:\/\/faravetrerie.it\/wp-content\/uploads\/2025\/12\/ZWIVE0_01-3.jpg\" \/>\n\t<meta property=\"og:image:width\" content=\"591\" \/>\n\t<meta property=\"og:image:height\" content=\"709\" \/>\n\t<meta property=\"og:image:type\" content=\"image\/jpeg\" \/>\n<meta name=\"twitter:card\" content=\"summary_large_image\" \/>\n<meta name=\"twitter:label1\" content=\"Est. reading time\" \/>\n\t<meta name=\"twitter:data1\" content=\"2 minutes\" \/>\n<script type=\"application\/ld+json\" class=\"yoast-schema-graph\">{\"@context\":\"https:\/\/schema.org\",\"@graph\":[{\"@type\":\"WebPage\",\"@id\":\"https:\/\/faravetrerie.it\/en\/shop-en\/wine-glasses\/calice-ivento-0\/\",\"url\":\"https:\/\/faravetrerie.it\/en\/shop-en\/wine-glasses\/calice-ivento-0\/\",\"name\":\"CALICE IVENTO 0 - Fara Vetrerie e Cristallerie\",\"isPartOf\":{\"@id\":\"https:\/\/faravetrerie.it\/en\/#website\"},\"primaryImageOfPage\":{\"@id\":\"https:\/\/faravetrerie.it\/en\/shop-en\/wine-glasses\/calice-ivento-0\/#primaryimage\"},\"image\":{\"@id\":\"https:\/\/faravetrerie.it\/en\/shop-en\/wine-glasses\/calice-ivento-0\/#primaryimage\"},\"thumbnailUrl\":\"https:\/\/faravetrerie.it\/wp-content\/uploads\/2025\/12\/ZWIVE0_01-3.jpg\",\"datePublished\":\"2025-12-23T15:43:11+00:00\",\"dateModified\":\"2026-01-29T08:24:28+00:00\",\"description\":\"calice ivento 0 in vetro sonoro superiore al titanio, di classica armonia e bellezza, \u00e8 un prodotto che nelle sue varie misure esalta la tua tavola.\",\"breadcrumb\":{\"@id\":\"https:\/\/faravetrerie.it\/en\/shop-en\/wine-glasses\/calice-ivento-0\/#breadcrumb\"},\"inLanguage\":\"en-US\",\"potentialAction\":[{\"@type\":\"ReadAction\",\"target\":[\"https:\/\/faravetrerie.it\/en\/shop-en\/wine-glasses\/calice-ivento-0\/\"]}]},{\"@type\":\"ImageObject\",\"inLanguage\":\"en-US\",\"@id\":\"https:\/\/faravetrerie.it\/en\/shop-en\/wine-glasses\/calice-ivento-0\/#primaryimage\",\"url\":\"https:\/\/faravetrerie.it\/wp-content\/uploads\/2025\/12\/ZWIVE0_01-3.jpg\",\"contentUrl\":\"https:\/\/faravetrerie.it\/wp-content\/uploads\/2025\/12\/ZWIVE0_01-3.jpg\",\"width\":591,\"height\":709,\"caption\":\"Calice Ivento 0\"},{\"@type\":\"BreadcrumbList\",\"@id\":\"https:\/\/faravetrerie.it\/en\/shop-en\/wine-glasses\/calice-ivento-0\/#breadcrumb\",\"itemListElement\":[{\"@type\":\"ListItem\",\"position\":1,\"name\":\"Home\",\"item\":\"https:\/\/faravetrerie.it\/en\/\"},{\"@type\":\"ListItem\",\"position\":2,\"name\":\"Shop\",\"item\":\"https:\/\/faravetrerie.it\/en\/shop-en\/\"},{\"@type\":\"ListItem\",\"position\":3,\"name\":\"CALICE IVENTO 0\"}]},{\"@type\":\"WebSite\",\"@id\":\"https:\/\/faravetrerie.it\/en\/#website\",\"url\":\"https:\/\/faravetrerie.it\/en\/\",\"name\":\"Fara Vetrerie e Cristallerie\",\"description\":\"\",\"publisher\":{\"@id\":\"https:\/\/faravetrerie.it\/en\/#organization\"},\"potentialAction\":[{\"@type\":\"SearchAction\",\"target\":{\"@type\":\"EntryPoint\",\"urlTemplate\":\"https:\/\/faravetrerie.it\/en\/?s={search_term_string}\"},\"query-input\":{\"@type\":\"PropertyValueSpecification\",\"valueRequired\":true,\"valueName\":\"search_term_string\"}}],\"inLanguage\":\"en-US\"},{\"@type\":\"Organization\",\"@id\":\"https:\/\/faravetrerie.it\/en\/#organization\",\"name\":\"Fara Vetrerie e Cristallerie\",\"url\":\"https:\/\/faravetrerie.it\/en\/\",\"logo\":{\"@type\":\"ImageObject\",\"inLanguage\":\"en-US\",\"@id\":\"https:\/\/faravetrerie.it\/en\/#\/schema\/logo\/image\/\",\"url\":\"https:\/\/faravetrerie.it\/wp-content\/uploads\/2025\/12\/logo-fara-bianco.png\",\"contentUrl\":\"https:\/\/faravetrerie.it\/wp-content\/uploads\/2025\/12\/logo-fara-bianco.png\",\"width\":2038,\"height\":2942,\"caption\":\"Fara Vetrerie e Cristallerie\"},\"image\":{\"@id\":\"https:\/\/faravetrerie.it\/en\/#\/schema\/logo\/image\/\"}}]}<\/script>\n<!-- \/ Yoast SEO plugin. -->","yoast_head_json":{"title":"CALICE IVENTO 0 - Fara Vetrerie e Cristallerie","description":"calice ivento 0 in vetro sonoro superiore al titanio, di classica armonia e bellezza, \u00e8 un prodotto che nelle sue varie misure esalta la tua tavola.","robots":{"index":"index","follow":"follow","max-snippet":"max-snippet:-1","max-image-preview":"max-image-preview:large","max-video-preview":"max-video-preview:-1"},"canonical":"https:\/\/faravetrerie.it\/en\/shop-en\/wine-glasses\/calice-ivento-0\/","og_locale":"en_US","og_type":"article","og_title":"CALICE IVENTO 0 - Fara Vetrerie e Cristallerie","og_description":"calice ivento 0 in vetro sonoro superiore al titanio, di classica armonia e bellezza, \u00e8 un prodotto che nelle sue varie misure esalta la tua tavola.","og_url":"https:\/\/faravetrerie.it\/en\/shop-en\/wine-glasses\/calice-ivento-0\/","og_site_name":"Fara Vetrerie e Cristallerie","article_modified_time":"2026-01-29T08:24:28+00:00","og_image":[{"width":591,"height":709,"url":"https:\/\/faravetrerie.it\/wp-content\/uploads\/2025\/12\/ZWIVE0_01-3.jpg","type":"image\/jpeg"}],"twitter_card":"summary_large_image","twitter_misc":{"Est. reading time":"2 minutes"},"schema":{"@context":"https:\/\/schema.org","@graph":[{"@type":"WebPage","@id":"https:\/\/faravetrerie.it\/en\/shop-en\/wine-glasses\/calice-ivento-0\/","url":"https:\/\/faravetrerie.it\/en\/shop-en\/wine-glasses\/calice-ivento-0\/","name":"CALICE IVENTO 0 - Fara Vetrerie e Cristallerie","isPartOf":{"@id":"https:\/\/faravetrerie.it\/en\/#website"},"primaryImageOfPage":{"@id":"https:\/\/faravetrerie.it\/en\/shop-en\/wine-glasses\/calice-ivento-0\/#primaryimage"},"image":{"@id":"https:\/\/faravetrerie.it\/en\/shop-en\/wine-glasses\/calice-ivento-0\/#primaryimage"},"thumbnailUrl":"https:\/\/faravetrerie.it\/wp-content\/uploads\/2025\/12\/ZWIVE0_01-3.jpg","datePublished":"2025-12-23T15:43:11+00:00","dateModified":"2026-01-29T08:24:28+00:00","description":"calice ivento 0 in vetro sonoro superiore al titanio, di classica armonia e bellezza, \u00e8 un prodotto che nelle sue varie misure esalta la tua tavola.","breadcrumb":{"@id":"https:\/\/faravetrerie.it\/en\/shop-en\/wine-glasses\/calice-ivento-0\/#breadcrumb"},"inLanguage":"en-US","potentialAction":[{"@type":"ReadAction","target":["https:\/\/faravetrerie.it\/en\/shop-en\/wine-glasses\/calice-ivento-0\/"]}]},{"@type":"ImageObject","inLanguage":"en-US","@id":"https:\/\/faravetrerie.it\/en\/shop-en\/wine-glasses\/calice-ivento-0\/#primaryimage","url":"https:\/\/faravetrerie.it\/wp-content\/uploads\/2025\/12\/ZWIVE0_01-3.jpg","contentUrl":"https:\/\/faravetrerie.it\/wp-content\/uploads\/2025\/12\/ZWIVE0_01-3.jpg","width":591,"height":709,"caption":"Calice Ivento 0"},{"@type":"BreadcrumbList","@id":"https:\/\/faravetrerie.it\/en\/shop-en\/wine-glasses\/calice-ivento-0\/#breadcrumb","itemListElement":[{"@type":"ListItem","position":1,"name":"Home","item":"https:\/\/faravetrerie.it\/en\/"},{"@type":"ListItem","position":2,"name":"Shop","item":"https:\/\/faravetrerie.it\/en\/shop-en\/"},{"@type":"ListItem","position":3,"name":"CALICE IVENTO 0"}]},{"@type":"WebSite","@id":"https:\/\/faravetrerie.it\/en\/#website","url":"https:\/\/faravetrerie.it\/en\/","name":"Fara Vetrerie e Cristallerie","description":"","publisher":{"@id":"https:\/\/faravetrerie.it\/en\/#organization"},"potentialAction":[{"@type":"SearchAction","target":{"@type":"EntryPoint","urlTemplate":"https:\/\/faravetrerie.it\/en\/?s={search_term_string}"},"query-input":{"@type":"PropertyValueSpecification","valueRequired":true,"valueName":"search_term_string"}}],"inLanguage":"en-US"},{"@type":"Organization","@id":"https:\/\/faravetrerie.it\/en\/#organization","name":"Fara Vetrerie e Cristallerie","url":"https:\/\/faravetrerie.it\/en\/","logo":{"@type":"ImageObject","inLanguage":"en-US","@id":"https:\/\/faravetrerie.it\/en\/#\/schema\/logo\/image\/","url":"https:\/\/faravetrerie.it\/wp-content\/uploads\/2025\/12\/logo-fara-bianco.png","contentUrl":"https:\/\/faravetrerie.it\/wp-content\/uploads\/2025\/12\/logo-fara-bianco.png","width":2038,"height":2942,"caption":"Fara Vetrerie e Cristallerie"},"image":{"@id":"https:\/\/faravetrerie.it\/en\/#\/schema\/logo\/image\/"}}]}},"_links":{"self":[{"href":"https:\/\/faravetrerie.it\/en\/wp-json\/wp\/v2\/product\/25732","targetHints":{"allow":["GET"]}}],"collection":[{"href":"https:\/\/faravetrerie.it\/en\/wp-json\/wp\/v2\/product"}],"about":[{"href":"https:\/\/faravetrerie.it\/en\/wp-json\/wp\/v2\/types\/product"}],"wp:featuredmedia":[{"embeddable":true,"href":"https:\/\/faravetrerie.it\/en\/wp-json\/wp\/v2\/media\/23311"}],"wp:attachment":[{"href":"https:\/\/faravetrerie.it\/en\/wp-json\/wp\/v2\/media?parent=25732"}],"wp:term":[{"taxonomy":"product_brand","embeddable":true,"href":"https:\/\/faravetrerie.it\/en\/wp-json\/wp\/v2\/product_brand?post=25732"},{"taxonomy":"product_cat","embeddable":true,"href":"https:\/\/faravetrerie.it\/en\/wp-json\/wp\/v2\/product_cat?post=25732"},{"taxonomy":"product_tag","embeddable":true,"href":"https:\/\/faravetrerie.it\/en\/wp-json\/wp\/v2\/product_tag?post=25732"}],"curies":[{"name":"wp","href":"https:\/\/api.w.org\/{rel}","templated":true}]}}