{"id":25738,"date":"2025-12-23T16:43:11","date_gmt":"2025-12-23T15:43:11","guid":{"rendered":"https:\/\/sviluppo.faravetrerie.it\/blog\/?post_type=product&#038;p=25738"},"modified":"2026-01-29T09:29:34","modified_gmt":"2026-01-29T08:29:34","slug":"vaso-cassandra","status":"publish","type":"product","link":"https:\/\/faravetrerie.it\/en\/shop-en\/table\/accessories-for-table\/vaso-cassandra\/","title":{"rendered":"VASO CASSANDRA"},"content":{"rendered":"<article class=\"group\/turn w-full text-token-text-primary focus-visible:outline-2 focus-visible:outline-offset-[-4px]\" dir=\"auto\" data-testid=\"conversation-turn-30\" data-scroll-anchor=\"true\">\n<div class=\"text-base my-auto mx-auto py-[18px] px-6\">\n<div class=\"mx-auto flex flex-1 text-base gap-4 md:gap-5 lg:gap-6 md:max-w-3xl\">\n<div class=\"group\/conversation-turn relative flex w-full min-w-0 flex-col agent-turn @xs\/thread:px-0 @sm\/thread:px-1.5 @md\/thread:px-4\">\n<div class=\"flex-col gap-1 md:gap-3\">\n<div class=\"flex max-w-full flex-col flex-grow\">\n<div class=\"min-h-8 text-message relative flex w-full flex-col items-end gap-2 whitespace-normal break-words text-start [.text-message+&amp;]:mt-5\" dir=\"auto\" data-message-author-role=\"assistant\" data-message-id=\"74ac2647-8275-47c8-814b-86118833127a\" data-message-model-slug=\"gpt-4o-mini\">\n<div class=\"flex w-full flex-col gap-1 empty:hidden first:pt-[3px]\">\n<div class=\"markdown prose w-full break-words dark:prose-invert light\">\n<h4 data-start=\"0\" data-end=\"58\"><strong data-start=\"0\" data-end=\"58\">Vaso Cassandra: Eleganza Artigianale per Ogni Ambiente<\/strong><\/h4>\n<p data-start=\"60\" data-end=\"458\">Il Vaso Cassandra \u00e8 uno dei nostri prodotti storici, simbolo di artigianalit\u00e0 e raffinatezza. Realizzato in vetro soffiato a bocca, \u00e8 una vera e propria opera d&#8217;arte creata dai maestri vetrai, che lavorano ogni pezzo con cura e passione. Il suo bordo tagliato a freddo conferisce al vaso una finitura sofisticata e una qualit\u00e0 visiva unica, che ne esalta sostanzialmente l&#8217;estetica.<\/p>\n<h5 data-start=\"460\" data-end=\"491\">Un Lavoro Artigianale Unico<\/h5>\n<p data-start=\"493\" data-end=\"880\">Ogni Vaso Cassandra \u00e8 realizzato con vetro soffiato a bocca, una tecnica che permette di ottenere forme fluide e morbide, che danno vita a pezzi di grande carattere. Il bordo tagliato a freddo, frutto della sapienza dei maestri vetrai, aggiunge un ulteriore livello di eleganza e precisione, creando una superficie perfetta che enfatizza la trasparenza del vetro.<\/p>\n<h5 data-start=\"882\" data-end=\"926\">Eleganza e Versatilit\u00e0 per Ogni Ambiente<\/h5>\n<p data-start=\"928\" data-end=\"1377\">Il Vaso\u00a0\u00e8 perfetto per qualsiasi ambiente, grazie alla sua estetica raffinata e alla sua capacit\u00e0 di adattarsi a ogni tipo di arredamento. Ideale per ospitare fiori freschi, ma anche come elemento decorativo per tavole, mensole o vetrine, il Vaso Cassandra aggiunge un tocco di classe in ogni contesto. La sua bellezza senza tempo lo rende un pezzo che non passa mai di moda, sempre capace di attirare l&#8217;attenzione.<\/p>\n<h5 data-start=\"1379\" data-end=\"1394\">Conclusioni<\/h5>\n<p data-start=\"1396\" data-end=\"1786\" data-is-last-node=\"\" data-is-only-node=\"\">Il Vaso Cassandra \u00e8 il prodotto perfetto per chi cerca eleganza, qualit\u00e0 artigianale in un unico pezzo. Realizzato in vetro soffiato a bocca e con il bordo tagliato a freddo, \u00e8 un accessorio che arricchisce ogni ambiente, aggiungendo un tocco di classe e tradizione. Un classico senza tempo che continua a essere un&#8217;icona di bellezza e maestria.<\/p>\n<\/div>\n<\/div>\n<\/div>\n<\/div>\n<\/div>\n<\/div>\n<\/div>\n<\/div>\n<\/article>\n","protected":false},"excerpt":{"rendered":"<p>Uno dei nostri prodotti storici, il vaso Cassandra in vetro soffiato a bocca con bordo tagliato a freddo dai maestri vetrai. Il prodotto ideale per esporre i tuoi prodotti.<\/p>\n<p>h. 230 mm.<\/p>\n<p>\u00d8 190 mm.<\/p>\n<p>Vetro soffiato a bocca<\/p>\n<p>&nbsp;<\/p>\n","protected":false},"featured_media":23313,"template":"","meta":{"inline_featured_image":false},"product_brand":[],"product_cat":[28,43],"product_tag":[1044],"class_list":{"0":"post-25738","1":"product","2":"type-product","3":"status-publish","4":"has-post-thumbnail","6":"product_cat-tavola","7":"product_cat-accessori-e-complementi-tavola","8":"product_tag-vaso","10":"first","11":"instock","12":"taxable","13":"shipping-taxable","14":"product-type-simple"},"yoast_head":"<!-- This site is optimized with the Yoast SEO plugin v26.6 - https:\/\/yoast.com\/wordpress\/plugins\/seo\/ -->\n<title>VASO CASSANDRA - Fara Vetrerie e Cristallerie<\/title>\n<meta name=\"description\" content=\"Il vaso Cassandra, uno dei nostri prodotti storici, in vetro soffiato a bocca con bordo tagliato a freddo dai maestri vetrai.\" \/>\n<meta name=\"robots\" content=\"index, follow, max-snippet:-1, max-image-preview:large, max-video-preview:-1\" \/>\n<link rel=\"canonical\" href=\"https:\/\/faravetrerie.it\/en\/shop-en\/table\/accessories-for-table\/vaso-cassandra\/\" \/>\n<meta property=\"og:locale\" content=\"en_US\" \/>\n<meta property=\"og:type\" content=\"article\" \/>\n<meta property=\"og:title\" content=\"VASO CASSANDRA - Fara Vetrerie e Cristallerie\" \/>\n<meta property=\"og:description\" content=\"Il vaso Cassandra, uno dei nostri prodotti storici, in vetro soffiato a bocca con bordo tagliato a freddo dai maestri vetrai.\" \/>\n<meta property=\"og:url\" content=\"https:\/\/faravetrerie.it\/en\/shop-en\/table\/accessories-for-table\/vaso-cassandra\/\" \/>\n<meta property=\"og:site_name\" content=\"Fara Vetrerie e Cristallerie\" \/>\n<meta property=\"article:modified_time\" content=\"2026-01-29T08:29:34+00:00\" \/>\n<meta property=\"og:image\" content=\"https:\/\/faravetrerie.it\/wp-content\/uploads\/2025\/12\/VF17-3442_01-scaled-e1591368371916-3.jpg\" \/>\n\t<meta property=\"og:image:width\" content=\"2131\" \/>\n\t<meta property=\"og:image:height\" content=\"2278\" \/>\n\t<meta property=\"og:image:type\" content=\"image\/jpeg\" \/>\n<meta name=\"twitter:card\" content=\"summary_large_image\" \/>\n<meta name=\"twitter:label1\" content=\"Est. reading time\" \/>\n\t<meta name=\"twitter:data1\" content=\"2 minutes\" \/>\n<script type=\"application\/ld+json\" class=\"yoast-schema-graph\">{\"@context\":\"https:\/\/schema.org\",\"@graph\":[{\"@type\":\"WebPage\",\"@id\":\"https:\/\/faravetrerie.it\/en\/shop-en\/table\/accessories-for-table\/vaso-cassandra\/\",\"url\":\"https:\/\/faravetrerie.it\/en\/shop-en\/table\/accessories-for-table\/vaso-cassandra\/\",\"name\":\"VASO CASSANDRA - Fara Vetrerie e Cristallerie\",\"isPartOf\":{\"@id\":\"https:\/\/faravetrerie.it\/en\/#website\"},\"primaryImageOfPage\":{\"@id\":\"https:\/\/faravetrerie.it\/en\/shop-en\/table\/accessories-for-table\/vaso-cassandra\/#primaryimage\"},\"image\":{\"@id\":\"https:\/\/faravetrerie.it\/en\/shop-en\/table\/accessories-for-table\/vaso-cassandra\/#primaryimage\"},\"thumbnailUrl\":\"https:\/\/faravetrerie.it\/wp-content\/uploads\/2025\/12\/VF17-3442_01-scaled-e1591368371916-3.jpg\",\"datePublished\":\"2025-12-23T15:43:11+00:00\",\"dateModified\":\"2026-01-29T08:29:34+00:00\",\"description\":\"Il vaso Cassandra, uno dei nostri prodotti storici, in vetro soffiato a bocca con bordo tagliato a freddo dai maestri vetrai.\",\"breadcrumb\":{\"@id\":\"https:\/\/faravetrerie.it\/en\/shop-en\/table\/accessories-for-table\/vaso-cassandra\/#breadcrumb\"},\"inLanguage\":\"en-US\",\"potentialAction\":[{\"@type\":\"ReadAction\",\"target\":[\"https:\/\/faravetrerie.it\/en\/shop-en\/table\/accessories-for-table\/vaso-cassandra\/\"]}]},{\"@type\":\"ImageObject\",\"inLanguage\":\"en-US\",\"@id\":\"https:\/\/faravetrerie.it\/en\/shop-en\/table\/accessories-for-table\/vaso-cassandra\/#primaryimage\",\"url\":\"https:\/\/faravetrerie.it\/wp-content\/uploads\/2025\/12\/VF17-3442_01-scaled-e1591368371916-3.jpg\",\"contentUrl\":\"https:\/\/faravetrerie.it\/wp-content\/uploads\/2025\/12\/VF17-3442_01-scaled-e1591368371916-3.jpg\",\"width\":2131,\"height\":2278,\"caption\":\"Vaso Cassandra\"},{\"@type\":\"BreadcrumbList\",\"@id\":\"https:\/\/faravetrerie.it\/en\/shop-en\/table\/accessories-for-table\/vaso-cassandra\/#breadcrumb\",\"itemListElement\":[{\"@type\":\"ListItem\",\"position\":1,\"name\":\"Home\",\"item\":\"https:\/\/faravetrerie.it\/en\/\"},{\"@type\":\"ListItem\",\"position\":2,\"name\":\"Shop\",\"item\":\"https:\/\/faravetrerie.it\/en\/shop-en\/\"},{\"@type\":\"ListItem\",\"position\":3,\"name\":\"VASO CASSANDRA\"}]},{\"@type\":\"WebSite\",\"@id\":\"https:\/\/faravetrerie.it\/en\/#website\",\"url\":\"https:\/\/faravetrerie.it\/en\/\",\"name\":\"Fara Vetrerie e Cristallerie\",\"description\":\"\",\"publisher\":{\"@id\":\"https:\/\/faravetrerie.it\/en\/#organization\"},\"potentialAction\":[{\"@type\":\"SearchAction\",\"target\":{\"@type\":\"EntryPoint\",\"urlTemplate\":\"https:\/\/faravetrerie.it\/en\/?s={search_term_string}\"},\"query-input\":{\"@type\":\"PropertyValueSpecification\",\"valueRequired\":true,\"valueName\":\"search_term_string\"}}],\"inLanguage\":\"en-US\"},{\"@type\":\"Organization\",\"@id\":\"https:\/\/faravetrerie.it\/en\/#organization\",\"name\":\"Fara Vetrerie e Cristallerie\",\"url\":\"https:\/\/faravetrerie.it\/en\/\",\"logo\":{\"@type\":\"ImageObject\",\"inLanguage\":\"en-US\",\"@id\":\"https:\/\/faravetrerie.it\/en\/#\/schema\/logo\/image\/\",\"url\":\"https:\/\/faravetrerie.it\/wp-content\/uploads\/2025\/12\/logo-fara-bianco.png\",\"contentUrl\":\"https:\/\/faravetrerie.it\/wp-content\/uploads\/2025\/12\/logo-fara-bianco.png\",\"width\":2038,\"height\":2942,\"caption\":\"Fara Vetrerie e Cristallerie\"},\"image\":{\"@id\":\"https:\/\/faravetrerie.it\/en\/#\/schema\/logo\/image\/\"}}]}<\/script>\n<!-- \/ Yoast SEO plugin. -->","yoast_head_json":{"title":"VASO CASSANDRA - Fara Vetrerie e Cristallerie","description":"Il vaso Cassandra, uno dei nostri prodotti storici, in vetro soffiato a bocca con bordo tagliato a freddo dai maestri vetrai.","robots":{"index":"index","follow":"follow","max-snippet":"max-snippet:-1","max-image-preview":"max-image-preview:large","max-video-preview":"max-video-preview:-1"},"canonical":"https:\/\/faravetrerie.it\/en\/shop-en\/table\/accessories-for-table\/vaso-cassandra\/","og_locale":"en_US","og_type":"article","og_title":"VASO CASSANDRA - Fara Vetrerie e Cristallerie","og_description":"Il vaso Cassandra, uno dei nostri prodotti storici, in vetro soffiato a bocca con bordo tagliato a freddo dai maestri vetrai.","og_url":"https:\/\/faravetrerie.it\/en\/shop-en\/table\/accessories-for-table\/vaso-cassandra\/","og_site_name":"Fara Vetrerie e Cristallerie","article_modified_time":"2026-01-29T08:29:34+00:00","og_image":[{"width":2131,"height":2278,"url":"https:\/\/faravetrerie.it\/wp-content\/uploads\/2025\/12\/VF17-3442_01-scaled-e1591368371916-3.jpg","type":"image\/jpeg"}],"twitter_card":"summary_large_image","twitter_misc":{"Est. reading time":"2 minutes"},"schema":{"@context":"https:\/\/schema.org","@graph":[{"@type":"WebPage","@id":"https:\/\/faravetrerie.it\/en\/shop-en\/table\/accessories-for-table\/vaso-cassandra\/","url":"https:\/\/faravetrerie.it\/en\/shop-en\/table\/accessories-for-table\/vaso-cassandra\/","name":"VASO CASSANDRA - Fara Vetrerie e Cristallerie","isPartOf":{"@id":"https:\/\/faravetrerie.it\/en\/#website"},"primaryImageOfPage":{"@id":"https:\/\/faravetrerie.it\/en\/shop-en\/table\/accessories-for-table\/vaso-cassandra\/#primaryimage"},"image":{"@id":"https:\/\/faravetrerie.it\/en\/shop-en\/table\/accessories-for-table\/vaso-cassandra\/#primaryimage"},"thumbnailUrl":"https:\/\/faravetrerie.it\/wp-content\/uploads\/2025\/12\/VF17-3442_01-scaled-e1591368371916-3.jpg","datePublished":"2025-12-23T15:43:11+00:00","dateModified":"2026-01-29T08:29:34+00:00","description":"Il vaso Cassandra, uno dei nostri prodotti storici, in vetro soffiato a bocca con bordo tagliato a freddo dai maestri vetrai.","breadcrumb":{"@id":"https:\/\/faravetrerie.it\/en\/shop-en\/table\/accessories-for-table\/vaso-cassandra\/#breadcrumb"},"inLanguage":"en-US","potentialAction":[{"@type":"ReadAction","target":["https:\/\/faravetrerie.it\/en\/shop-en\/table\/accessories-for-table\/vaso-cassandra\/"]}]},{"@type":"ImageObject","inLanguage":"en-US","@id":"https:\/\/faravetrerie.it\/en\/shop-en\/table\/accessories-for-table\/vaso-cassandra\/#primaryimage","url":"https:\/\/faravetrerie.it\/wp-content\/uploads\/2025\/12\/VF17-3442_01-scaled-e1591368371916-3.jpg","contentUrl":"https:\/\/faravetrerie.it\/wp-content\/uploads\/2025\/12\/VF17-3442_01-scaled-e1591368371916-3.jpg","width":2131,"height":2278,"caption":"Vaso Cassandra"},{"@type":"BreadcrumbList","@id":"https:\/\/faravetrerie.it\/en\/shop-en\/table\/accessories-for-table\/vaso-cassandra\/#breadcrumb","itemListElement":[{"@type":"ListItem","position":1,"name":"Home","item":"https:\/\/faravetrerie.it\/en\/"},{"@type":"ListItem","position":2,"name":"Shop","item":"https:\/\/faravetrerie.it\/en\/shop-en\/"},{"@type":"ListItem","position":3,"name":"VASO CASSANDRA"}]},{"@type":"WebSite","@id":"https:\/\/faravetrerie.it\/en\/#website","url":"https:\/\/faravetrerie.it\/en\/","name":"Fara Vetrerie e Cristallerie","description":"","publisher":{"@id":"https:\/\/faravetrerie.it\/en\/#organization"},"potentialAction":[{"@type":"SearchAction","target":{"@type":"EntryPoint","urlTemplate":"https:\/\/faravetrerie.it\/en\/?s={search_term_string}"},"query-input":{"@type":"PropertyValueSpecification","valueRequired":true,"valueName":"search_term_string"}}],"inLanguage":"en-US"},{"@type":"Organization","@id":"https:\/\/faravetrerie.it\/en\/#organization","name":"Fara Vetrerie e Cristallerie","url":"https:\/\/faravetrerie.it\/en\/","logo":{"@type":"ImageObject","inLanguage":"en-US","@id":"https:\/\/faravetrerie.it\/en\/#\/schema\/logo\/image\/","url":"https:\/\/faravetrerie.it\/wp-content\/uploads\/2025\/12\/logo-fara-bianco.png","contentUrl":"https:\/\/faravetrerie.it\/wp-content\/uploads\/2025\/12\/logo-fara-bianco.png","width":2038,"height":2942,"caption":"Fara Vetrerie e Cristallerie"},"image":{"@id":"https:\/\/faravetrerie.it\/en\/#\/schema\/logo\/image\/"}}]}},"_links":{"self":[{"href":"https:\/\/faravetrerie.it\/en\/wp-json\/wp\/v2\/product\/25738","targetHints":{"allow":["GET"]}}],"collection":[{"href":"https:\/\/faravetrerie.it\/en\/wp-json\/wp\/v2\/product"}],"about":[{"href":"https:\/\/faravetrerie.it\/en\/wp-json\/wp\/v2\/types\/product"}],"wp:featuredmedia":[{"embeddable":true,"href":"https:\/\/faravetrerie.it\/en\/wp-json\/wp\/v2\/media\/23313"}],"wp:attachment":[{"href":"https:\/\/faravetrerie.it\/en\/wp-json\/wp\/v2\/media?parent=25738"}],"wp:term":[{"taxonomy":"product_brand","embeddable":true,"href":"https:\/\/faravetrerie.it\/en\/wp-json\/wp\/v2\/product_brand?post=25738"},{"taxonomy":"product_cat","embeddable":true,"href":"https:\/\/faravetrerie.it\/en\/wp-json\/wp\/v2\/product_cat?post=25738"},{"taxonomy":"product_tag","embeddable":true,"href":"https:\/\/faravetrerie.it\/en\/wp-json\/wp\/v2\/product_tag?post=25738"}],"curies":[{"name":"wp","href":"https:\/\/api.w.org\/{rel}","templated":true}]}}