{"id":25739,"date":"2025-12-23T16:43:12","date_gmt":"2025-12-23T15:43:12","guid":{"rendered":"https:\/\/sviluppo.faravetrerie.it\/blog\/?post_type=product&#038;p=25739"},"modified":"2026-01-29T09:17:07","modified_gmt":"2026-01-29T08:17:07","slug":"calice-sangiovese-53-cl","status":"publish","type":"product","link":"https:\/\/faravetrerie.it\/en\/shop-en\/wine-glasses\/calice-sangiovese-53-cl\/","title":{"rendered":"CALICE SANGIOVESE 53 CL"},"content":{"rendered":"<article class=\"group\/turn w-full text-token-text-primary focus-visible:outline-2 focus-visible:outline-offset-[-4px]\" dir=\"auto\" data-testid=\"conversation-turn-32\" data-scroll-anchor=\"true\">\n<div class=\"text-base my-auto mx-auto py-[18px] px-6\">\n<div class=\"mx-auto flex flex-1 text-base gap-4 md:gap-5 lg:gap-6 md:max-w-3xl\">\n<div class=\"group\/conversation-turn relative flex w-full min-w-0 flex-col agent-turn @xs\/thread:px-0 @sm\/thread:px-1.5 @md\/thread:px-4\">\n<div class=\"flex-col gap-1 md:gap-3\">\n<div class=\"flex max-w-full flex-col flex-grow\">\n<div class=\"min-h-8 text-message relative flex w-full flex-col items-end gap-2 whitespace-normal break-words text-start [.text-message+&amp;]:mt-5\" dir=\"auto\" data-message-author-role=\"assistant\" data-message-id=\"daf205fd-f25b-4173-a996-66ef9fdf8384\" data-message-model-slug=\"gpt-4o-mini\">\n<div class=\"flex w-full flex-col gap-1 empty:hidden first:pt-[3px]\">\n<div class=\"markdown prose w-full break-words dark:prose-invert light\">\n<h4 data-start=\"0\" data-end=\"76\"><strong data-start=\"0\" data-end=\"76\">Calice Vino Sangiovese 53 cl: Versatilit\u00e0 ed Eleganza per Ogni Occasione<\/strong><\/h4>\n<p data-start=\"78\" data-end=\"452\">Il Calice Vino Sangiovese 53 cl \u00e8 un bicchiere che combina perfettamente estetica equilibrata e praticit\u00e0, rendendolo ideale per una vasta gamma di utilizzi. Grazie alla sua forma raffinata e al vetro leggero, questo calice si adatta facilmente a qualsiasi contesto, sia informale che elegante, valorizzando ogni tipo di vino con eleganza e funzionalit\u00e0.<\/p>\n<h5 data-start=\"454\" data-end=\"486\">Design Elegante e Bilanciato<\/h5>\n<p data-start=\"488\" data-end=\"945\">La forma equilibrata del Calice Vino Sangiovese \u00e8 studiata per esaltare i profumi e i sapori del vino, facendo s\u00ec che ogni sorso diventi un&#8217;esperienza sensoriale unica. Il suo design elegante e semplice lo rende ideale per tutti i tipi di vini rossi, ma \u00e8 perfetto anche per bianchi pi\u00f9 strutturati o vini aromatici. Il calice \u00e8 stato progettato per dare equilibrio tra estetica e praticit\u00e0, con una forma che consente una degustazione ottimale.<\/p>\n<h5 data-start=\"947\" data-end=\"977\">Vetro Leggero e Resistente<\/h5>\n<p data-start=\"979\" data-end=\"1327\">Il vetro leggero del Calice Vino\u00a0non solo garantisce una presa comoda e sicura, ma anche una maggiore resistenza, rendendo questo calice ideale per l&#8217;uso quotidiano, sia in ristoranti che a casa. La leggerezza del vetro permette di gustare il vino in modo pi\u00f9 comodo, pur mantenendo un aspetto elegante e raffinato.<\/p>\n<h5 data-start=\"1329\" data-end=\"1363\">Versatilit\u00e0 per Ogni Occasione<\/h5>\n<p data-start=\"1365\" data-end=\"1745\">Grazie alla sua versatilit\u00e0, il Calice \u00e8 adatto a una variet\u00e0 di usi. Perfetto per degustazioni, cene speciali o brindisi informali, si adatta a tutte le occasioni, aggiungendo sempre un tocco di classe. Che si tratti di una cena intima o di un evento importante, questo calice esalta la presentazione dei tuoi vini con stile e praticit\u00e0.<\/p>\n<h5 data-start=\"1747\" data-end=\"1762\">Conclusioni<\/h5>\n<p data-start=\"1764\" data-end=\"2131\" data-is-last-node=\"\" data-is-only-node=\"\">Il Calice Vino Sangiovese 53 cl \u00e8 la scelta ideale per chi cerca un bicchiere che unisca eleganza, versatilit\u00e0 e leggerezza. Perfetto per esaltare i tuoi vini, \u00e8 adatto sia per la ristorazione che per l&#8217;uso quotidiano a casa. Con la sua estetica equilibrata e il vetro leggero, \u00e8 un bicchiere che non solo funziona, ma arricchisce ogni tavola.<\/p>\n<\/div>\n<\/div>\n<\/div>\n<\/div>\n<\/div>\n<\/div>\n<\/div>\n<\/div>\n<\/article>\n","protected":false},"excerpt":{"rendered":"<p>Il calice sangiovese \u00e8 un prodotto versatile adatto a molti usi, sia per la sua estetica equilibrata che per il vetro leggero.<\/p>\n<p>cl. 53<\/p>\n<p>fl.oz. 18,65<\/p>\n<p>h. 219 mm.<\/p>\n<p>\u00d8 89 mm.<\/p>\n<p>&nbsp;<\/p>\n","protected":false},"featured_media":23314,"template":"","meta":{"inline_featured_image":false},"product_brand":[],"product_cat":[30,40],"product_tag":[936],"class_list":{"0":"post-25739","1":"product","2":"type-product","3":"status-publish","4":"has-post-thumbnail","6":"product_cat-vino","7":"product_cat-calici-vino","8":"product_tag-calice","10":"first","11":"instock","12":"taxable","13":"shipping-taxable","14":"product-type-simple"},"yoast_head":"<!-- This site is optimized with the Yoast SEO plugin v26.6 - https:\/\/yoast.com\/wordpress\/plugins\/seo\/ -->\n<title>CALICE SANGIOVESE 53 CL - Fara Vetrerie e Cristallerie<\/title>\n<meta name=\"description\" content=\"Il calice vino sangiovese 53 cl \u00e8 un prodotto versatile adatto a molti usi, sia per la sua estetica equilibrata che per il vetro leggero.\" \/>\n<meta name=\"robots\" content=\"index, follow, max-snippet:-1, max-image-preview:large, max-video-preview:-1\" \/>\n<link rel=\"canonical\" href=\"https:\/\/faravetrerie.it\/en\/shop-en\/wine-glasses\/calice-sangiovese-53-cl\/\" \/>\n<meta property=\"og:locale\" content=\"en_US\" \/>\n<meta property=\"og:type\" content=\"article\" \/>\n<meta property=\"og:title\" content=\"CALICE SANGIOVESE 53 CL - Fara Vetrerie e Cristallerie\" \/>\n<meta property=\"og:description\" content=\"Il calice vino sangiovese 53 cl \u00e8 un prodotto versatile adatto a molti usi, sia per la sua estetica equilibrata che per il vetro leggero.\" \/>\n<meta property=\"og:url\" content=\"https:\/\/faravetrerie.it\/en\/shop-en\/wine-glasses\/calice-sangiovese-53-cl\/\" \/>\n<meta property=\"og:site_name\" content=\"Fara Vetrerie e Cristallerie\" \/>\n<meta property=\"article:modified_time\" content=\"2026-01-29T08:17:07+00:00\" \/>\n<meta property=\"og:image\" content=\"https:\/\/faravetrerie.it\/wp-content\/uploads\/2025\/12\/VPESP53_02-3.jpg\" \/>\n\t<meta property=\"og:image:width\" content=\"510\" \/>\n\t<meta property=\"og:image:height\" content=\"765\" \/>\n\t<meta property=\"og:image:type\" content=\"image\/jpeg\" \/>\n<meta name=\"twitter:card\" content=\"summary_large_image\" \/>\n<meta name=\"twitter:label1\" content=\"Est. reading time\" \/>\n\t<meta name=\"twitter:data1\" content=\"2 minutes\" \/>\n<script type=\"application\/ld+json\" class=\"yoast-schema-graph\">{\"@context\":\"https:\/\/schema.org\",\"@graph\":[{\"@type\":\"WebPage\",\"@id\":\"https:\/\/faravetrerie.it\/en\/shop-en\/wine-glasses\/calice-sangiovese-53-cl\/\",\"url\":\"https:\/\/faravetrerie.it\/en\/shop-en\/wine-glasses\/calice-sangiovese-53-cl\/\",\"name\":\"CALICE SANGIOVESE 53 CL - Fara Vetrerie e Cristallerie\",\"isPartOf\":{\"@id\":\"https:\/\/faravetrerie.it\/en\/#website\"},\"primaryImageOfPage\":{\"@id\":\"https:\/\/faravetrerie.it\/en\/shop-en\/wine-glasses\/calice-sangiovese-53-cl\/#primaryimage\"},\"image\":{\"@id\":\"https:\/\/faravetrerie.it\/en\/shop-en\/wine-glasses\/calice-sangiovese-53-cl\/#primaryimage\"},\"thumbnailUrl\":\"https:\/\/faravetrerie.it\/wp-content\/uploads\/2025\/12\/VPESP53_02-3.jpg\",\"datePublished\":\"2025-12-23T15:43:12+00:00\",\"dateModified\":\"2026-01-29T08:17:07+00:00\",\"description\":\"Il calice vino sangiovese 53 cl \u00e8 un prodotto versatile adatto a molti usi, sia per la sua estetica equilibrata che per il vetro leggero.\",\"breadcrumb\":{\"@id\":\"https:\/\/faravetrerie.it\/en\/shop-en\/wine-glasses\/calice-sangiovese-53-cl\/#breadcrumb\"},\"inLanguage\":\"en-US\",\"potentialAction\":[{\"@type\":\"ReadAction\",\"target\":[\"https:\/\/faravetrerie.it\/en\/shop-en\/wine-glasses\/calice-sangiovese-53-cl\/\"]}]},{\"@type\":\"ImageObject\",\"inLanguage\":\"en-US\",\"@id\":\"https:\/\/faravetrerie.it\/en\/shop-en\/wine-glasses\/calice-sangiovese-53-cl\/#primaryimage\",\"url\":\"https:\/\/faravetrerie.it\/wp-content\/uploads\/2025\/12\/VPESP53_02-3.jpg\",\"contentUrl\":\"https:\/\/faravetrerie.it\/wp-content\/uploads\/2025\/12\/VPESP53_02-3.jpg\",\"width\":510,\"height\":765,\"caption\":\"Calice Vino Sangiovese 53 cl\"},{\"@type\":\"BreadcrumbList\",\"@id\":\"https:\/\/faravetrerie.it\/en\/shop-en\/wine-glasses\/calice-sangiovese-53-cl\/#breadcrumb\",\"itemListElement\":[{\"@type\":\"ListItem\",\"position\":1,\"name\":\"Home\",\"item\":\"https:\/\/faravetrerie.it\/en\/\"},{\"@type\":\"ListItem\",\"position\":2,\"name\":\"Shop\",\"item\":\"https:\/\/faravetrerie.it\/en\/shop-en\/\"},{\"@type\":\"ListItem\",\"position\":3,\"name\":\"CALICE SANGIOVESE 53 CL\"}]},{\"@type\":\"WebSite\",\"@id\":\"https:\/\/faravetrerie.it\/en\/#website\",\"url\":\"https:\/\/faravetrerie.it\/en\/\",\"name\":\"Fara Vetrerie e Cristallerie\",\"description\":\"\",\"publisher\":{\"@id\":\"https:\/\/faravetrerie.it\/en\/#organization\"},\"potentialAction\":[{\"@type\":\"SearchAction\",\"target\":{\"@type\":\"EntryPoint\",\"urlTemplate\":\"https:\/\/faravetrerie.it\/en\/?s={search_term_string}\"},\"query-input\":{\"@type\":\"PropertyValueSpecification\",\"valueRequired\":true,\"valueName\":\"search_term_string\"}}],\"inLanguage\":\"en-US\"},{\"@type\":\"Organization\",\"@id\":\"https:\/\/faravetrerie.it\/en\/#organization\",\"name\":\"Fara Vetrerie e Cristallerie\",\"url\":\"https:\/\/faravetrerie.it\/en\/\",\"logo\":{\"@type\":\"ImageObject\",\"inLanguage\":\"en-US\",\"@id\":\"https:\/\/faravetrerie.it\/en\/#\/schema\/logo\/image\/\",\"url\":\"https:\/\/faravetrerie.it\/wp-content\/uploads\/2025\/12\/logo-fara-bianco.png\",\"contentUrl\":\"https:\/\/faravetrerie.it\/wp-content\/uploads\/2025\/12\/logo-fara-bianco.png\",\"width\":2038,\"height\":2942,\"caption\":\"Fara Vetrerie e Cristallerie\"},\"image\":{\"@id\":\"https:\/\/faravetrerie.it\/en\/#\/schema\/logo\/image\/\"}}]}<\/script>\n<!-- \/ Yoast SEO plugin. -->","yoast_head_json":{"title":"CALICE SANGIOVESE 53 CL - Fara Vetrerie e Cristallerie","description":"Il calice vino sangiovese 53 cl \u00e8 un prodotto versatile adatto a molti usi, sia per la sua estetica equilibrata che per il vetro leggero.","robots":{"index":"index","follow":"follow","max-snippet":"max-snippet:-1","max-image-preview":"max-image-preview:large","max-video-preview":"max-video-preview:-1"},"canonical":"https:\/\/faravetrerie.it\/en\/shop-en\/wine-glasses\/calice-sangiovese-53-cl\/","og_locale":"en_US","og_type":"article","og_title":"CALICE SANGIOVESE 53 CL - Fara Vetrerie e Cristallerie","og_description":"Il calice vino sangiovese 53 cl \u00e8 un prodotto versatile adatto a molti usi, sia per la sua estetica equilibrata che per il vetro leggero.","og_url":"https:\/\/faravetrerie.it\/en\/shop-en\/wine-glasses\/calice-sangiovese-53-cl\/","og_site_name":"Fara Vetrerie e Cristallerie","article_modified_time":"2026-01-29T08:17:07+00:00","og_image":[{"width":510,"height":765,"url":"https:\/\/faravetrerie.it\/wp-content\/uploads\/2025\/12\/VPESP53_02-3.jpg","type":"image\/jpeg"}],"twitter_card":"summary_large_image","twitter_misc":{"Est. reading time":"2 minutes"},"schema":{"@context":"https:\/\/schema.org","@graph":[{"@type":"WebPage","@id":"https:\/\/faravetrerie.it\/en\/shop-en\/wine-glasses\/calice-sangiovese-53-cl\/","url":"https:\/\/faravetrerie.it\/en\/shop-en\/wine-glasses\/calice-sangiovese-53-cl\/","name":"CALICE SANGIOVESE 53 CL - Fara Vetrerie e Cristallerie","isPartOf":{"@id":"https:\/\/faravetrerie.it\/en\/#website"},"primaryImageOfPage":{"@id":"https:\/\/faravetrerie.it\/en\/shop-en\/wine-glasses\/calice-sangiovese-53-cl\/#primaryimage"},"image":{"@id":"https:\/\/faravetrerie.it\/en\/shop-en\/wine-glasses\/calice-sangiovese-53-cl\/#primaryimage"},"thumbnailUrl":"https:\/\/faravetrerie.it\/wp-content\/uploads\/2025\/12\/VPESP53_02-3.jpg","datePublished":"2025-12-23T15:43:12+00:00","dateModified":"2026-01-29T08:17:07+00:00","description":"Il calice vino sangiovese 53 cl \u00e8 un prodotto versatile adatto a molti usi, sia per la sua estetica equilibrata che per il vetro leggero.","breadcrumb":{"@id":"https:\/\/faravetrerie.it\/en\/shop-en\/wine-glasses\/calice-sangiovese-53-cl\/#breadcrumb"},"inLanguage":"en-US","potentialAction":[{"@type":"ReadAction","target":["https:\/\/faravetrerie.it\/en\/shop-en\/wine-glasses\/calice-sangiovese-53-cl\/"]}]},{"@type":"ImageObject","inLanguage":"en-US","@id":"https:\/\/faravetrerie.it\/en\/shop-en\/wine-glasses\/calice-sangiovese-53-cl\/#primaryimage","url":"https:\/\/faravetrerie.it\/wp-content\/uploads\/2025\/12\/VPESP53_02-3.jpg","contentUrl":"https:\/\/faravetrerie.it\/wp-content\/uploads\/2025\/12\/VPESP53_02-3.jpg","width":510,"height":765,"caption":"Calice Vino Sangiovese 53 cl"},{"@type":"BreadcrumbList","@id":"https:\/\/faravetrerie.it\/en\/shop-en\/wine-glasses\/calice-sangiovese-53-cl\/#breadcrumb","itemListElement":[{"@type":"ListItem","position":1,"name":"Home","item":"https:\/\/faravetrerie.it\/en\/"},{"@type":"ListItem","position":2,"name":"Shop","item":"https:\/\/faravetrerie.it\/en\/shop-en\/"},{"@type":"ListItem","position":3,"name":"CALICE SANGIOVESE 53 CL"}]},{"@type":"WebSite","@id":"https:\/\/faravetrerie.it\/en\/#website","url":"https:\/\/faravetrerie.it\/en\/","name":"Fara Vetrerie e Cristallerie","description":"","publisher":{"@id":"https:\/\/faravetrerie.it\/en\/#organization"},"potentialAction":[{"@type":"SearchAction","target":{"@type":"EntryPoint","urlTemplate":"https:\/\/faravetrerie.it\/en\/?s={search_term_string}"},"query-input":{"@type":"PropertyValueSpecification","valueRequired":true,"valueName":"search_term_string"}}],"inLanguage":"en-US"},{"@type":"Organization","@id":"https:\/\/faravetrerie.it\/en\/#organization","name":"Fara Vetrerie e Cristallerie","url":"https:\/\/faravetrerie.it\/en\/","logo":{"@type":"ImageObject","inLanguage":"en-US","@id":"https:\/\/faravetrerie.it\/en\/#\/schema\/logo\/image\/","url":"https:\/\/faravetrerie.it\/wp-content\/uploads\/2025\/12\/logo-fara-bianco.png","contentUrl":"https:\/\/faravetrerie.it\/wp-content\/uploads\/2025\/12\/logo-fara-bianco.png","width":2038,"height":2942,"caption":"Fara Vetrerie e Cristallerie"},"image":{"@id":"https:\/\/faravetrerie.it\/en\/#\/schema\/logo\/image\/"}}]}},"_links":{"self":[{"href":"https:\/\/faravetrerie.it\/en\/wp-json\/wp\/v2\/product\/25739","targetHints":{"allow":["GET"]}}],"collection":[{"href":"https:\/\/faravetrerie.it\/en\/wp-json\/wp\/v2\/product"}],"about":[{"href":"https:\/\/faravetrerie.it\/en\/wp-json\/wp\/v2\/types\/product"}],"wp:featuredmedia":[{"embeddable":true,"href":"https:\/\/faravetrerie.it\/en\/wp-json\/wp\/v2\/media\/23314"}],"wp:attachment":[{"href":"https:\/\/faravetrerie.it\/en\/wp-json\/wp\/v2\/media?parent=25739"}],"wp:term":[{"taxonomy":"product_brand","embeddable":true,"href":"https:\/\/faravetrerie.it\/en\/wp-json\/wp\/v2\/product_brand?post=25739"},{"taxonomy":"product_cat","embeddable":true,"href":"https:\/\/faravetrerie.it\/en\/wp-json\/wp\/v2\/product_cat?post=25739"},{"taxonomy":"product_tag","embeddable":true,"href":"https:\/\/faravetrerie.it\/en\/wp-json\/wp\/v2\/product_tag?post=25739"}],"curies":[{"name":"wp","href":"https:\/\/api.w.org\/{rel}","templated":true}]}}