{"id":25746,"date":"2025-12-23T16:43:12","date_gmt":"2025-12-23T15:43:12","guid":{"rendered":"https:\/\/sviluppo.faravetrerie.it\/blog\/?post_type=product&#038;p=25746"},"modified":"2026-01-29T09:22:13","modified_gmt":"2026-01-29T08:22:13","slug":"calice-divino-vino-rosso-53-cl","status":"publish","type":"product","link":"https:\/\/faravetrerie.it\/en\/shop-en\/wine-glasses\/calice-divino-vino-rosso-53-cl\/","title":{"rendered":"CALICE DIVINO VINO ROSSO 53 CL"},"content":{"rendered":"<div class=\"flex flex-1 grow basis-auto flex-col overflow-hidden\">\n<div class=\"relative h-full\">\n<div class=\"flex h-full flex-col overflow-y-auto [scrollbar-gutter:stable]\">\n<div class=\"mt-1.5 flex flex-col text-sm @thread-xl\/thread:pt-header-height md:pb-9\">\n<article class=\"group\/turn w-full text-token-text-primary focus-visible:outline-2 focus-visible:outline-offset-[-4px]\" dir=\"auto\" data-testid=\"conversation-turn-32\" data-scroll-anchor=\"true\">\n<div class=\"text-base my-auto mx-auto py-[18px] px-6\">\n<div class=\"mx-auto flex flex-1 text-base gap-4 md:gap-5 lg:gap-6 md:max-w-3xl\">\n<div class=\"group\/conversation-turn relative flex w-full min-w-0 flex-col agent-turn @xs\/thread:px-0 @sm\/thread:px-1.5 @md\/thread:px-4\">\n<div class=\"flex-col gap-1 md:gap-3\">\n<div class=\"flex max-w-full flex-col flex-grow\">\n<div class=\"min-h-8 text-message relative flex w-full flex-col items-end gap-2 whitespace-normal break-words text-start [.text-message+&amp;]:mt-5\" dir=\"auto\" data-message-author-role=\"assistant\" data-message-id=\"053915d5-b461-4f50-ad6e-53be6744b9fc\" data-message-model-slug=\"gpt-4o-mini\">\n<div class=\"flex w-full flex-col gap-1 empty:hidden first:pt-[3px]\">\n<div class=\"markdown prose w-full break-words dark:prose-invert light\">\n<h4 data-start=\"0\" data-end=\"91\"><strong data-start=\"0\" data-end=\"91\">Calice Divino Vino Rosso 53 cl: Resistenza e Eleganza per Vini Rossi e Cocktail<\/strong><\/h4>\n<p class=\"\" data-start=\"145\" data-end=\"571\">Il Calice Divino Vino Rosso 53 cl \u00e8 il bicchiere perfetto per chi cerca un equilibrio tra resistenza e design contemporaneo. Con la sua ampia capacit\u00e0 e la forma elegante, \u00e8 ideale per servire vini rossi, ma si adatta perfettamente anche al servizio di cocktail. Questo calice unisce la funzionalit\u00e0 alla raffinatezza, rendendolo un prodotto versatile, perfetto per ogni occasione, sia in ambienti professionali che domestici.<\/p>\n<h5 data-start=\"573\" data-end=\"607\"><strong data-start=\"573\" data-end=\"607\">Design Moderno e Linee Attuali<\/strong><\/h5>\n<p class=\"\" data-start=\"609\" data-end=\"1059\">Il Calice Divino si distingue per il suo design raffinato, caratterizzato da linee moderne e pulite che ne esaltano la forma. Con una coppa ampia, permette ai vini rossi di respirare, facendo emergere tutte le sfumature di aroma e sapore. La sua forma \u00e8 studiata per accentuare l\u2019esperienza di degustazione, sia per il vino che per i cocktail, offrendo una presentazione elegante che si adatta a ogni tipo di tavola, dal ristorante alla cena in casa.<\/p>\n<h5 data-start=\"1061\" data-end=\"1090\"><strong data-start=\"1061\" data-end=\"1090\">Resistenza e Funzionalit\u00e0<\/strong><\/h5>\n<p class=\"\" data-start=\"1092\" data-end=\"1570\">Realizzato con materiali di alta qualit\u00e0, il Calice Divino \u00e8 progettato per resistere all&#8217;uso quotidiano, mantenendo intatta la sua bellezza anche dopo numerosi utilizzi. La robustezza del calice non compromette la sua eleganza, facendo s\u00ec che questo bicchiere sia tanto resistente quanto sofisticato. La sua struttura ben bilanciata assicura una presa stabile e confortevole, mentre la capacit\u00e0 di 53 cl \u00e8 perfetta per una generosa porzione di vino o un cocktail ben miscelato.<\/p>\n<h5 data-start=\"1572\" data-end=\"1613\"><strong data-start=\"1572\" data-end=\"1613\">Versatilit\u00e0 per Vini Rossi e Cocktail<\/strong><\/h5>\n<p class=\"\" data-start=\"1615\" data-end=\"2061\">Con il Calice Divino, non solo i vini rossi sono valorizzati, ma anche i cocktail trovano il loro spazio. La sua ampia coppa permette di apprezzare al meglio le caratteristiche organolettiche di un buon vino rosso, ma la sua forma lo rende perfetto anche per il servizio di cocktail, sia alcolici che non alcolici. Che tu stia servendo un Bordeaux pregiato o un cocktail sofisticato, questo calice \u00e8 l\u2019accessorio ideale per esaltare ogni bevanda.<\/p>\n<h5 data-start=\"2063\" data-end=\"2129\"><strong data-start=\"2063\" data-end=\"2129\">Conclusione: Un Calice Elegante e Versatile per Ogni Occasione<\/strong><\/h5>\n<p class=\"\" data-start=\"2131\" data-end=\"2595\">Il Calice Divino Vino Rosso 53 cl \u00e8 un bicchiere che combina estetica, funzionalit\u00e0 e resistenza. Con il suo design moderno e la capacit\u00e0 versatile, \u00e8 perfetto per il servizio di vini rossi e cocktail, offrendo un&#8217;esperienza di degustazione superiore. Che tu stia allestendo un ristorante elegante o desideri aggiungere un tocco di classe alla tua casa, il Calice Divino \u00e8 la scelta perfetta per chi cerca un prodotto che unisce resistenza, eleganza e versatilit\u00e0.<\/p>\n<\/div>\n<\/div>\n<\/div>\n<\/div>\n<\/div>\n<\/div>\n<\/div>\n<\/div>\n<\/article>\n<\/div>\n<\/div>\n<\/div>\n<\/div>\n","protected":false},"excerpt":{"rendered":"<p>Il calice divino \u00e8 un prodotto che coniuga resistenza e linee attuali, adatto a vini rossi ma anche al servizio di cocktail.<\/p>\n<p>cl. 53<\/p>\n<p>fl.oz. 18,65<\/p>\n<p>h. 215 mm.<\/p>\n<p>\u00d8 98 mm.<\/p>\n","protected":false},"featured_media":23318,"template":"","meta":{"inline_featured_image":false},"product_brand":[],"product_cat":[30,40],"product_tag":[],"class_list":{"0":"post-25746","1":"product","2":"type-product","3":"status-publish","4":"has-post-thumbnail","6":"product_cat-vino","7":"product_cat-calici-vino","9":"first","10":"instock","11":"taxable","12":"shipping-taxable","13":"product-type-simple"},"yoast_head":"<!-- This site is optimized with the Yoast SEO plugin v26.6 - https:\/\/yoast.com\/wordpress\/plugins\/seo\/ -->\n<title>CALICE DIVINO VINO ROSSO 53 CL - Fara Vetrerie e Cristallerie<\/title>\n<meta name=\"description\" content=\"Il calice divino vino rosso 53 cl \u00e8 un prodotto che coniuga resistenza e linee attuali, adatto a vini rossi ma anche al servizio di cocktail.\" \/>\n<meta name=\"robots\" content=\"index, follow, max-snippet:-1, max-image-preview:large, max-video-preview:-1\" \/>\n<link rel=\"canonical\" href=\"https:\/\/faravetrerie.it\/en\/shop-en\/wine-glasses\/calice-divino-vino-rosso-53-cl\/\" \/>\n<meta property=\"og:locale\" content=\"en_US\" \/>\n<meta property=\"og:type\" content=\"article\" \/>\n<meta property=\"og:title\" content=\"CALICE DIVINO VINO ROSSO 53 CL - Fara Vetrerie e Cristallerie\" \/>\n<meta property=\"og:description\" content=\"Il calice divino vino rosso 53 cl \u00e8 un prodotto che coniuga resistenza e linee attuali, adatto a vini rossi ma anche al servizio di cocktail.\" \/>\n<meta property=\"og:url\" content=\"https:\/\/faravetrerie.it\/en\/shop-en\/wine-glasses\/calice-divino-vino-rosso-53-cl\/\" \/>\n<meta property=\"og:site_name\" content=\"Fara Vetrerie e Cristallerie\" \/>\n<meta property=\"article:modified_time\" content=\"2026-01-29T08:22:13+00:00\" \/>\n<meta property=\"og:image\" content=\"https:\/\/faravetrerie.it\/wp-content\/uploads\/2025\/12\/FVDIV53_01-3.jpg\" \/>\n\t<meta property=\"og:image:width\" content=\"1063\" \/>\n\t<meta property=\"og:image:height\" content=\"1476\" \/>\n\t<meta property=\"og:image:type\" content=\"image\/jpeg\" \/>\n<meta name=\"twitter:card\" content=\"summary_large_image\" \/>\n<meta name=\"twitter:label1\" content=\"Est. reading time\" \/>\n\t<meta name=\"twitter:data1\" content=\"3 minutes\" \/>\n<script type=\"application\/ld+json\" class=\"yoast-schema-graph\">{\"@context\":\"https:\/\/schema.org\",\"@graph\":[{\"@type\":\"WebPage\",\"@id\":\"https:\/\/faravetrerie.it\/en\/shop-en\/wine-glasses\/calice-divino-vino-rosso-53-cl\/\",\"url\":\"https:\/\/faravetrerie.it\/en\/shop-en\/wine-glasses\/calice-divino-vino-rosso-53-cl\/\",\"name\":\"CALICE DIVINO VINO ROSSO 53 CL - Fara Vetrerie e Cristallerie\",\"isPartOf\":{\"@id\":\"https:\/\/faravetrerie.it\/en\/#website\"},\"primaryImageOfPage\":{\"@id\":\"https:\/\/faravetrerie.it\/en\/shop-en\/wine-glasses\/calice-divino-vino-rosso-53-cl\/#primaryimage\"},\"image\":{\"@id\":\"https:\/\/faravetrerie.it\/en\/shop-en\/wine-glasses\/calice-divino-vino-rosso-53-cl\/#primaryimage\"},\"thumbnailUrl\":\"https:\/\/faravetrerie.it\/wp-content\/uploads\/2025\/12\/FVDIV53_01-3.jpg\",\"datePublished\":\"2025-12-23T15:43:12+00:00\",\"dateModified\":\"2026-01-29T08:22:13+00:00\",\"description\":\"Il calice divino vino rosso 53 cl \u00e8 un prodotto che coniuga resistenza e linee attuali, adatto a vini rossi ma anche al servizio di cocktail.\",\"breadcrumb\":{\"@id\":\"https:\/\/faravetrerie.it\/en\/shop-en\/wine-glasses\/calice-divino-vino-rosso-53-cl\/#breadcrumb\"},\"inLanguage\":\"en-US\",\"potentialAction\":[{\"@type\":\"ReadAction\",\"target\":[\"https:\/\/faravetrerie.it\/en\/shop-en\/wine-glasses\/calice-divino-vino-rosso-53-cl\/\"]}]},{\"@type\":\"ImageObject\",\"inLanguage\":\"en-US\",\"@id\":\"https:\/\/faravetrerie.it\/en\/shop-en\/wine-glasses\/calice-divino-vino-rosso-53-cl\/#primaryimage\",\"url\":\"https:\/\/faravetrerie.it\/wp-content\/uploads\/2025\/12\/FVDIV53_01-3.jpg\",\"contentUrl\":\"https:\/\/faravetrerie.it\/wp-content\/uploads\/2025\/12\/FVDIV53_01-3.jpg\",\"width\":1063,\"height\":1476,\"caption\":\"Calice Divino Vino Rosso 53 cl\"},{\"@type\":\"BreadcrumbList\",\"@id\":\"https:\/\/faravetrerie.it\/en\/shop-en\/wine-glasses\/calice-divino-vino-rosso-53-cl\/#breadcrumb\",\"itemListElement\":[{\"@type\":\"ListItem\",\"position\":1,\"name\":\"Home\",\"item\":\"https:\/\/faravetrerie.it\/en\/\"},{\"@type\":\"ListItem\",\"position\":2,\"name\":\"Shop\",\"item\":\"https:\/\/faravetrerie.it\/en\/shop-en\/\"},{\"@type\":\"ListItem\",\"position\":3,\"name\":\"CALICE DIVINO VINO ROSSO 53 CL\"}]},{\"@type\":\"WebSite\",\"@id\":\"https:\/\/faravetrerie.it\/en\/#website\",\"url\":\"https:\/\/faravetrerie.it\/en\/\",\"name\":\"Fara Vetrerie e Cristallerie\",\"description\":\"\",\"publisher\":{\"@id\":\"https:\/\/faravetrerie.it\/en\/#organization\"},\"potentialAction\":[{\"@type\":\"SearchAction\",\"target\":{\"@type\":\"EntryPoint\",\"urlTemplate\":\"https:\/\/faravetrerie.it\/en\/?s={search_term_string}\"},\"query-input\":{\"@type\":\"PropertyValueSpecification\",\"valueRequired\":true,\"valueName\":\"search_term_string\"}}],\"inLanguage\":\"en-US\"},{\"@type\":\"Organization\",\"@id\":\"https:\/\/faravetrerie.it\/en\/#organization\",\"name\":\"Fara Vetrerie e Cristallerie\",\"url\":\"https:\/\/faravetrerie.it\/en\/\",\"logo\":{\"@type\":\"ImageObject\",\"inLanguage\":\"en-US\",\"@id\":\"https:\/\/faravetrerie.it\/en\/#\/schema\/logo\/image\/\",\"url\":\"https:\/\/faravetrerie.it\/wp-content\/uploads\/2025\/12\/logo-fara-bianco.png\",\"contentUrl\":\"https:\/\/faravetrerie.it\/wp-content\/uploads\/2025\/12\/logo-fara-bianco.png\",\"width\":2038,\"height\":2942,\"caption\":\"Fara Vetrerie e Cristallerie\"},\"image\":{\"@id\":\"https:\/\/faravetrerie.it\/en\/#\/schema\/logo\/image\/\"}}]}<\/script>\n<!-- \/ Yoast SEO plugin. -->","yoast_head_json":{"title":"CALICE DIVINO VINO ROSSO 53 CL - Fara Vetrerie e Cristallerie","description":"Il calice divino vino rosso 53 cl \u00e8 un prodotto che coniuga resistenza e linee attuali, adatto a vini rossi ma anche al servizio di cocktail.","robots":{"index":"index","follow":"follow","max-snippet":"max-snippet:-1","max-image-preview":"max-image-preview:large","max-video-preview":"max-video-preview:-1"},"canonical":"https:\/\/faravetrerie.it\/en\/shop-en\/wine-glasses\/calice-divino-vino-rosso-53-cl\/","og_locale":"en_US","og_type":"article","og_title":"CALICE DIVINO VINO ROSSO 53 CL - Fara Vetrerie e Cristallerie","og_description":"Il calice divino vino rosso 53 cl \u00e8 un prodotto che coniuga resistenza e linee attuali, adatto a vini rossi ma anche al servizio di cocktail.","og_url":"https:\/\/faravetrerie.it\/en\/shop-en\/wine-glasses\/calice-divino-vino-rosso-53-cl\/","og_site_name":"Fara Vetrerie e Cristallerie","article_modified_time":"2026-01-29T08:22:13+00:00","og_image":[{"width":1063,"height":1476,"url":"https:\/\/faravetrerie.it\/wp-content\/uploads\/2025\/12\/FVDIV53_01-3.jpg","type":"image\/jpeg"}],"twitter_card":"summary_large_image","twitter_misc":{"Est. reading time":"3 minutes"},"schema":{"@context":"https:\/\/schema.org","@graph":[{"@type":"WebPage","@id":"https:\/\/faravetrerie.it\/en\/shop-en\/wine-glasses\/calice-divino-vino-rosso-53-cl\/","url":"https:\/\/faravetrerie.it\/en\/shop-en\/wine-glasses\/calice-divino-vino-rosso-53-cl\/","name":"CALICE DIVINO VINO ROSSO 53 CL - Fara Vetrerie e Cristallerie","isPartOf":{"@id":"https:\/\/faravetrerie.it\/en\/#website"},"primaryImageOfPage":{"@id":"https:\/\/faravetrerie.it\/en\/shop-en\/wine-glasses\/calice-divino-vino-rosso-53-cl\/#primaryimage"},"image":{"@id":"https:\/\/faravetrerie.it\/en\/shop-en\/wine-glasses\/calice-divino-vino-rosso-53-cl\/#primaryimage"},"thumbnailUrl":"https:\/\/faravetrerie.it\/wp-content\/uploads\/2025\/12\/FVDIV53_01-3.jpg","datePublished":"2025-12-23T15:43:12+00:00","dateModified":"2026-01-29T08:22:13+00:00","description":"Il calice divino vino rosso 53 cl \u00e8 un prodotto che coniuga resistenza e linee attuali, adatto a vini rossi ma anche al servizio di cocktail.","breadcrumb":{"@id":"https:\/\/faravetrerie.it\/en\/shop-en\/wine-glasses\/calice-divino-vino-rosso-53-cl\/#breadcrumb"},"inLanguage":"en-US","potentialAction":[{"@type":"ReadAction","target":["https:\/\/faravetrerie.it\/en\/shop-en\/wine-glasses\/calice-divino-vino-rosso-53-cl\/"]}]},{"@type":"ImageObject","inLanguage":"en-US","@id":"https:\/\/faravetrerie.it\/en\/shop-en\/wine-glasses\/calice-divino-vino-rosso-53-cl\/#primaryimage","url":"https:\/\/faravetrerie.it\/wp-content\/uploads\/2025\/12\/FVDIV53_01-3.jpg","contentUrl":"https:\/\/faravetrerie.it\/wp-content\/uploads\/2025\/12\/FVDIV53_01-3.jpg","width":1063,"height":1476,"caption":"Calice Divino Vino Rosso 53 cl"},{"@type":"BreadcrumbList","@id":"https:\/\/faravetrerie.it\/en\/shop-en\/wine-glasses\/calice-divino-vino-rosso-53-cl\/#breadcrumb","itemListElement":[{"@type":"ListItem","position":1,"name":"Home","item":"https:\/\/faravetrerie.it\/en\/"},{"@type":"ListItem","position":2,"name":"Shop","item":"https:\/\/faravetrerie.it\/en\/shop-en\/"},{"@type":"ListItem","position":3,"name":"CALICE DIVINO VINO ROSSO 53 CL"}]},{"@type":"WebSite","@id":"https:\/\/faravetrerie.it\/en\/#website","url":"https:\/\/faravetrerie.it\/en\/","name":"Fara Vetrerie e Cristallerie","description":"","publisher":{"@id":"https:\/\/faravetrerie.it\/en\/#organization"},"potentialAction":[{"@type":"SearchAction","target":{"@type":"EntryPoint","urlTemplate":"https:\/\/faravetrerie.it\/en\/?s={search_term_string}"},"query-input":{"@type":"PropertyValueSpecification","valueRequired":true,"valueName":"search_term_string"}}],"inLanguage":"en-US"},{"@type":"Organization","@id":"https:\/\/faravetrerie.it\/en\/#organization","name":"Fara Vetrerie e Cristallerie","url":"https:\/\/faravetrerie.it\/en\/","logo":{"@type":"ImageObject","inLanguage":"en-US","@id":"https:\/\/faravetrerie.it\/en\/#\/schema\/logo\/image\/","url":"https:\/\/faravetrerie.it\/wp-content\/uploads\/2025\/12\/logo-fara-bianco.png","contentUrl":"https:\/\/faravetrerie.it\/wp-content\/uploads\/2025\/12\/logo-fara-bianco.png","width":2038,"height":2942,"caption":"Fara Vetrerie e Cristallerie"},"image":{"@id":"https:\/\/faravetrerie.it\/en\/#\/schema\/logo\/image\/"}}]}},"_links":{"self":[{"href":"https:\/\/faravetrerie.it\/en\/wp-json\/wp\/v2\/product\/25746","targetHints":{"allow":["GET"]}}],"collection":[{"href":"https:\/\/faravetrerie.it\/en\/wp-json\/wp\/v2\/product"}],"about":[{"href":"https:\/\/faravetrerie.it\/en\/wp-json\/wp\/v2\/types\/product"}],"wp:featuredmedia":[{"embeddable":true,"href":"https:\/\/faravetrerie.it\/en\/wp-json\/wp\/v2\/media\/23318"}],"wp:attachment":[{"href":"https:\/\/faravetrerie.it\/en\/wp-json\/wp\/v2\/media?parent=25746"}],"wp:term":[{"taxonomy":"product_brand","embeddable":true,"href":"https:\/\/faravetrerie.it\/en\/wp-json\/wp\/v2\/product_brand?post=25746"},{"taxonomy":"product_cat","embeddable":true,"href":"https:\/\/faravetrerie.it\/en\/wp-json\/wp\/v2\/product_cat?post=25746"},{"taxonomy":"product_tag","embeddable":true,"href":"https:\/\/faravetrerie.it\/en\/wp-json\/wp\/v2\/product_tag?post=25746"}],"curies":[{"name":"wp","href":"https:\/\/api.w.org\/{rel}","templated":true}]}}