{"id":25750,"date":"2025-12-23T16:43:13","date_gmt":"2025-12-23T15:43:13","guid":{"rendered":"https:\/\/sviluppo.faravetrerie.it\/blog\/?post_type=product&#038;p=25750"},"modified":"2026-01-29T09:14:47","modified_gmt":"2026-01-29T08:14:47","slug":"calice-divino-vino-bianco-44-cl","status":"publish","type":"product","link":"https:\/\/faravetrerie.it\/en\/shop-en\/wine-glasses\/calice-divino-vino-bianco-44-cl\/","title":{"rendered":"CALICE DIVINO VINO BIANCO 44 CL"},"content":{"rendered":"<div class=\"flex flex-1 grow basis-auto flex-col overflow-hidden\">\n<div class=\"relative h-full\">\n<div class=\"flex h-full flex-col overflow-y-auto [scrollbar-gutter:stable]\">\n<div class=\"mt-1.5 flex flex-col text-sm @thread-xl\/thread:pt-header-height md:pb-9\">\n<article class=\"group\/turn w-full text-token-text-primary focus-visible:outline-2 focus-visible:outline-offset-[-4px]\" dir=\"auto\" data-testid=\"conversation-turn-34\" data-scroll-anchor=\"true\">\n<div class=\"text-base my-auto mx-auto py-[18px] px-6\">\n<div class=\"mx-auto flex flex-1 text-base gap-4 md:gap-5 lg:gap-6 md:max-w-3xl\">\n<div class=\"group\/conversation-turn relative flex w-full min-w-0 flex-col agent-turn @xs\/thread:px-0 @sm\/thread:px-1.5 @md\/thread:px-4\">\n<div class=\"flex-col gap-1 md:gap-3\">\n<div class=\"flex max-w-full flex-col flex-grow\">\n<div class=\"min-h-8 text-message relative flex w-full flex-col items-end gap-2 whitespace-normal break-words text-start [.text-message+&amp;]:mt-5\" dir=\"auto\" data-message-author-role=\"assistant\" data-message-id=\"17e00fa6-5613-4911-8b23-5ea025a218b4\" data-message-model-slug=\"gpt-4o-mini\">\n<div class=\"flex w-full flex-col gap-1 empty:hidden first:pt-[3px]\">\n<div class=\"markdown prose w-full break-words dark:prose-invert light\">\n<h4 data-start=\"0\" data-end=\"86\"><strong data-start=\"0\" data-end=\"86\">Calice Divino Vino Bianco 44 cl: Eleganza e Resistenza per Vini e Cocktail<\/strong><\/h4>\n<p class=\"\" data-start=\"141\" data-end=\"610\">Il Calice Divino Vino Bianco 44 cl \u00e8 un bicchiere che unisce resistenza e design moderno, creando la perfetta armonia tra funzionalit\u00e0 ed estetica. Con la sua capienza ideale, \u00e8 perfetto per servire vini bianchi, ma si presta anche al servizio di cocktail raffinati. Questo calice \u00e8 l\u2019accessorio perfetto per ogni amante del buon bere, offrendo un&#8217;esperienza di degustazione elegante e versatile, sia per occasioni speciali che per l\u2019uso quotidiano in ristoranti e bar.<\/p>\n<h5 data-start=\"612\" data-end=\"647\"><strong data-start=\"612\" data-end=\"647\">Design Moderno e Linee Eleganti<\/strong><\/h5>\n<p class=\"\" data-start=\"649\" data-end=\"1118\">Il Calice Divino si distingue per il suo design elegante e contemporaneo, con linee moderne che ne esaltano la forma. La coppa ben proporzionata permette ai vini bianchi di sviluppare al meglio il loro bouquet aromatico, favorendo la percezione dei profumi freschi e fruttati tipici di queste bevande. La sua struttura elegante si adatta perfettamente a qualsiasi tipo di tavola, aggiungendo un tocco di classe a ogni occasione.<\/p>\n<h5 data-start=\"1120\" data-end=\"1149\"><strong data-start=\"1120\" data-end=\"1149\">Resistenza e Funzionalit\u00e0<\/strong><\/h5>\n<p class=\"\" data-start=\"1151\" data-end=\"1632\">Realizzato con materiali di alta qualit\u00e0, il Calice Divino Vino Bianco \u00e8 progettato per garantire una resistenza duratura, pur mantenendo un aspetto raffinato. Questo bicchiere \u00e8 perfetto per l&#8217;uso quotidiano in ambienti professionali, come ristoranti, bar e hotel, ma \u00e8 anche abbastanza elegante da essere utilizzato in occasioni speciali. La sua robustezza non ne compromette la leggerezza e la praticit\u00e0, rendendolo facile da maneggiare e comodo per un servizio veloce e sicuro.<\/p>\n<h5 data-start=\"1634\" data-end=\"1677\"><strong data-start=\"1634\" data-end=\"1677\">Versatilit\u00e0 per Vini Bianchi e Cocktail<\/strong><\/h5>\n<p class=\"\" data-start=\"1679\" data-end=\"2150\">Anche se pensato principalmente per i vini bianchi, il Calice Divino Vino Bianco 44 cl \u00e8 perfetto anche per il servizio di cocktail sofisticati. La sua coppa permette di apprezzare i profumi freschi dei vini bianchi e dei cocktail, esaltando le note aromatiche in modo eccellente. Questo bicchiere \u00e8 ideale per il servizio di una vasta gamma di bevande, dalle fresche bollicine ai cocktail alla frutta, rendendolo un elemento indispensabile in qualsiasi bar o ristorante.<\/p>\n<h5 data-start=\"2152\" data-end=\"2216\"><strong data-start=\"2152\" data-end=\"2216\">Conclusione: Un Calice Elegante e Pratico per Ogni Occasione<\/strong><\/h5>\n<p class=\"\" data-start=\"2218\" data-end=\"2699\">Il Calice Divino Vino Bianco 44 cl \u00e8 la scelta ideale per chi cerca un bicchiere che combina eleganza, resistenza e versatilit\u00e0. Perfetto per i vini bianchi e per una variet\u00e0 di cocktail, questo calice arricchisce ogni momento di degustazione con il suo design contemporaneo e la sua funzionalit\u00e0. Sia per un uso professionale che per una cena a casa, il Calice Divino \u00e8 un prodotto che non pu\u00f2 mancare, in grado di soddisfare le esigenze estetiche e pratiche dei veri intenditori.<\/p>\n<\/div>\n<\/div>\n<\/div>\n<\/div>\n<\/div>\n<\/div>\n<\/div>\n<\/div>\n<\/article>\n<\/div>\n<\/div>\n<\/div>\n<\/div>\n","protected":false},"excerpt":{"rendered":"<p>Il calice divino \u00e8 un prodotto che coniuga resistenza e linee attuali, adatto a vini rossi ma anche al servizio di cocktail.<\/p>\n<p>cl. 44<\/p>\n<p>fl.oz. 15,49<\/p>\n<p>h. 215 mm.<\/p>\n<p>\u00d8 86 mm.<\/p>\n","protected":false},"featured_media":23319,"template":"","meta":{"inline_featured_image":false},"product_brand":[],"product_cat":[30,40],"product_tag":[936],"class_list":{"0":"post-25750","1":"product","2":"type-product","3":"status-publish","4":"has-post-thumbnail","6":"product_cat-vino","7":"product_cat-calici-vino","8":"product_tag-calice","10":"first","11":"instock","12":"taxable","13":"shipping-taxable","14":"product-type-simple"},"yoast_head":"<!-- This site is optimized with the Yoast SEO plugin v26.6 - https:\/\/yoast.com\/wordpress\/plugins\/seo\/ -->\n<title>CALICE DIVINO VINO BIANCO 44 CL - Fara Vetrerie e Cristallerie<\/title>\n<meta name=\"description\" content=\"Il calice divino vino bianco 44 cl \u00e8 un prodotto che coniuga resistenza e linee attuali, adatto a vini rossi ma anche al servizio di cocktail.\" \/>\n<meta name=\"robots\" content=\"index, follow, max-snippet:-1, max-image-preview:large, max-video-preview:-1\" \/>\n<link rel=\"canonical\" href=\"https:\/\/faravetrerie.it\/en\/shop-en\/wine-glasses\/calice-divino-vino-bianco-44-cl\/\" \/>\n<meta property=\"og:locale\" content=\"en_US\" \/>\n<meta property=\"og:type\" content=\"article\" \/>\n<meta property=\"og:title\" content=\"CALICE DIVINO VINO BIANCO 44 CL - Fara Vetrerie e Cristallerie\" \/>\n<meta property=\"og:description\" content=\"Il calice divino vino bianco 44 cl \u00e8 un prodotto che coniuga resistenza e linee attuali, adatto a vini rossi ma anche al servizio di cocktail.\" \/>\n<meta property=\"og:url\" content=\"https:\/\/faravetrerie.it\/en\/shop-en\/wine-glasses\/calice-divino-vino-bianco-44-cl\/\" \/>\n<meta property=\"og:site_name\" content=\"Fara Vetrerie e Cristallerie\" \/>\n<meta property=\"article:modified_time\" content=\"2026-01-29T08:14:47+00:00\" \/>\n<meta property=\"og:image\" content=\"https:\/\/faravetrerie.it\/wp-content\/uploads\/2025\/12\/FVDIV44_01-3.jpg\" \/>\n\t<meta property=\"og:image:width\" content=\"1063\" \/>\n\t<meta property=\"og:image:height\" content=\"1476\" \/>\n\t<meta property=\"og:image:type\" content=\"image\/jpeg\" \/>\n<meta name=\"twitter:card\" content=\"summary_large_image\" \/>\n<meta name=\"twitter:label1\" content=\"Est. reading time\" \/>\n\t<meta name=\"twitter:data1\" content=\"3 minutes\" \/>\n<script type=\"application\/ld+json\" class=\"yoast-schema-graph\">{\"@context\":\"https:\/\/schema.org\",\"@graph\":[{\"@type\":\"WebPage\",\"@id\":\"https:\/\/faravetrerie.it\/en\/shop-en\/wine-glasses\/calice-divino-vino-bianco-44-cl\/\",\"url\":\"https:\/\/faravetrerie.it\/en\/shop-en\/wine-glasses\/calice-divino-vino-bianco-44-cl\/\",\"name\":\"CALICE DIVINO VINO BIANCO 44 CL - Fara Vetrerie e Cristallerie\",\"isPartOf\":{\"@id\":\"https:\/\/faravetrerie.it\/en\/#website\"},\"primaryImageOfPage\":{\"@id\":\"https:\/\/faravetrerie.it\/en\/shop-en\/wine-glasses\/calice-divino-vino-bianco-44-cl\/#primaryimage\"},\"image\":{\"@id\":\"https:\/\/faravetrerie.it\/en\/shop-en\/wine-glasses\/calice-divino-vino-bianco-44-cl\/#primaryimage\"},\"thumbnailUrl\":\"https:\/\/faravetrerie.it\/wp-content\/uploads\/2025\/12\/FVDIV44_01-3.jpg\",\"datePublished\":\"2025-12-23T15:43:13+00:00\",\"dateModified\":\"2026-01-29T08:14:47+00:00\",\"description\":\"Il calice divino vino bianco 44 cl \u00e8 un prodotto che coniuga resistenza e linee attuali, adatto a vini rossi ma anche al servizio di cocktail.\",\"breadcrumb\":{\"@id\":\"https:\/\/faravetrerie.it\/en\/shop-en\/wine-glasses\/calice-divino-vino-bianco-44-cl\/#breadcrumb\"},\"inLanguage\":\"en-US\",\"potentialAction\":[{\"@type\":\"ReadAction\",\"target\":[\"https:\/\/faravetrerie.it\/en\/shop-en\/wine-glasses\/calice-divino-vino-bianco-44-cl\/\"]}]},{\"@type\":\"ImageObject\",\"inLanguage\":\"en-US\",\"@id\":\"https:\/\/faravetrerie.it\/en\/shop-en\/wine-glasses\/calice-divino-vino-bianco-44-cl\/#primaryimage\",\"url\":\"https:\/\/faravetrerie.it\/wp-content\/uploads\/2025\/12\/FVDIV44_01-3.jpg\",\"contentUrl\":\"https:\/\/faravetrerie.it\/wp-content\/uploads\/2025\/12\/FVDIV44_01-3.jpg\",\"width\":1063,\"height\":1476,\"caption\":\"Calice Divino Vino Bianco 44 cl\"},{\"@type\":\"BreadcrumbList\",\"@id\":\"https:\/\/faravetrerie.it\/en\/shop-en\/wine-glasses\/calice-divino-vino-bianco-44-cl\/#breadcrumb\",\"itemListElement\":[{\"@type\":\"ListItem\",\"position\":1,\"name\":\"Home\",\"item\":\"https:\/\/faravetrerie.it\/en\/\"},{\"@type\":\"ListItem\",\"position\":2,\"name\":\"Shop\",\"item\":\"https:\/\/faravetrerie.it\/en\/shop-en\/\"},{\"@type\":\"ListItem\",\"position\":3,\"name\":\"CALICE DIVINO VINO BIANCO 44 CL\"}]},{\"@type\":\"WebSite\",\"@id\":\"https:\/\/faravetrerie.it\/en\/#website\",\"url\":\"https:\/\/faravetrerie.it\/en\/\",\"name\":\"Fara Vetrerie e Cristallerie\",\"description\":\"\",\"publisher\":{\"@id\":\"https:\/\/faravetrerie.it\/en\/#organization\"},\"potentialAction\":[{\"@type\":\"SearchAction\",\"target\":{\"@type\":\"EntryPoint\",\"urlTemplate\":\"https:\/\/faravetrerie.it\/en\/?s={search_term_string}\"},\"query-input\":{\"@type\":\"PropertyValueSpecification\",\"valueRequired\":true,\"valueName\":\"search_term_string\"}}],\"inLanguage\":\"en-US\"},{\"@type\":\"Organization\",\"@id\":\"https:\/\/faravetrerie.it\/en\/#organization\",\"name\":\"Fara Vetrerie e Cristallerie\",\"url\":\"https:\/\/faravetrerie.it\/en\/\",\"logo\":{\"@type\":\"ImageObject\",\"inLanguage\":\"en-US\",\"@id\":\"https:\/\/faravetrerie.it\/en\/#\/schema\/logo\/image\/\",\"url\":\"https:\/\/faravetrerie.it\/wp-content\/uploads\/2025\/12\/logo-fara-bianco.png\",\"contentUrl\":\"https:\/\/faravetrerie.it\/wp-content\/uploads\/2025\/12\/logo-fara-bianco.png\",\"width\":2038,\"height\":2942,\"caption\":\"Fara Vetrerie e Cristallerie\"},\"image\":{\"@id\":\"https:\/\/faravetrerie.it\/en\/#\/schema\/logo\/image\/\"}}]}<\/script>\n<!-- \/ Yoast SEO plugin. -->","yoast_head_json":{"title":"CALICE DIVINO VINO BIANCO 44 CL - Fara Vetrerie e Cristallerie","description":"Il calice divino vino bianco 44 cl \u00e8 un prodotto che coniuga resistenza e linee attuali, adatto a vini rossi ma anche al servizio di cocktail.","robots":{"index":"index","follow":"follow","max-snippet":"max-snippet:-1","max-image-preview":"max-image-preview:large","max-video-preview":"max-video-preview:-1"},"canonical":"https:\/\/faravetrerie.it\/en\/shop-en\/wine-glasses\/calice-divino-vino-bianco-44-cl\/","og_locale":"en_US","og_type":"article","og_title":"CALICE DIVINO VINO BIANCO 44 CL - Fara Vetrerie e Cristallerie","og_description":"Il calice divino vino bianco 44 cl \u00e8 un prodotto che coniuga resistenza e linee attuali, adatto a vini rossi ma anche al servizio di cocktail.","og_url":"https:\/\/faravetrerie.it\/en\/shop-en\/wine-glasses\/calice-divino-vino-bianco-44-cl\/","og_site_name":"Fara Vetrerie e Cristallerie","article_modified_time":"2026-01-29T08:14:47+00:00","og_image":[{"width":1063,"height":1476,"url":"https:\/\/faravetrerie.it\/wp-content\/uploads\/2025\/12\/FVDIV44_01-3.jpg","type":"image\/jpeg"}],"twitter_card":"summary_large_image","twitter_misc":{"Est. reading time":"3 minutes"},"schema":{"@context":"https:\/\/schema.org","@graph":[{"@type":"WebPage","@id":"https:\/\/faravetrerie.it\/en\/shop-en\/wine-glasses\/calice-divino-vino-bianco-44-cl\/","url":"https:\/\/faravetrerie.it\/en\/shop-en\/wine-glasses\/calice-divino-vino-bianco-44-cl\/","name":"CALICE DIVINO VINO BIANCO 44 CL - Fara Vetrerie e Cristallerie","isPartOf":{"@id":"https:\/\/faravetrerie.it\/en\/#website"},"primaryImageOfPage":{"@id":"https:\/\/faravetrerie.it\/en\/shop-en\/wine-glasses\/calice-divino-vino-bianco-44-cl\/#primaryimage"},"image":{"@id":"https:\/\/faravetrerie.it\/en\/shop-en\/wine-glasses\/calice-divino-vino-bianco-44-cl\/#primaryimage"},"thumbnailUrl":"https:\/\/faravetrerie.it\/wp-content\/uploads\/2025\/12\/FVDIV44_01-3.jpg","datePublished":"2025-12-23T15:43:13+00:00","dateModified":"2026-01-29T08:14:47+00:00","description":"Il calice divino vino bianco 44 cl \u00e8 un prodotto che coniuga resistenza e linee attuali, adatto a vini rossi ma anche al servizio di cocktail.","breadcrumb":{"@id":"https:\/\/faravetrerie.it\/en\/shop-en\/wine-glasses\/calice-divino-vino-bianco-44-cl\/#breadcrumb"},"inLanguage":"en-US","potentialAction":[{"@type":"ReadAction","target":["https:\/\/faravetrerie.it\/en\/shop-en\/wine-glasses\/calice-divino-vino-bianco-44-cl\/"]}]},{"@type":"ImageObject","inLanguage":"en-US","@id":"https:\/\/faravetrerie.it\/en\/shop-en\/wine-glasses\/calice-divino-vino-bianco-44-cl\/#primaryimage","url":"https:\/\/faravetrerie.it\/wp-content\/uploads\/2025\/12\/FVDIV44_01-3.jpg","contentUrl":"https:\/\/faravetrerie.it\/wp-content\/uploads\/2025\/12\/FVDIV44_01-3.jpg","width":1063,"height":1476,"caption":"Calice Divino Vino Bianco 44 cl"},{"@type":"BreadcrumbList","@id":"https:\/\/faravetrerie.it\/en\/shop-en\/wine-glasses\/calice-divino-vino-bianco-44-cl\/#breadcrumb","itemListElement":[{"@type":"ListItem","position":1,"name":"Home","item":"https:\/\/faravetrerie.it\/en\/"},{"@type":"ListItem","position":2,"name":"Shop","item":"https:\/\/faravetrerie.it\/en\/shop-en\/"},{"@type":"ListItem","position":3,"name":"CALICE DIVINO VINO BIANCO 44 CL"}]},{"@type":"WebSite","@id":"https:\/\/faravetrerie.it\/en\/#website","url":"https:\/\/faravetrerie.it\/en\/","name":"Fara Vetrerie e Cristallerie","description":"","publisher":{"@id":"https:\/\/faravetrerie.it\/en\/#organization"},"potentialAction":[{"@type":"SearchAction","target":{"@type":"EntryPoint","urlTemplate":"https:\/\/faravetrerie.it\/en\/?s={search_term_string}"},"query-input":{"@type":"PropertyValueSpecification","valueRequired":true,"valueName":"search_term_string"}}],"inLanguage":"en-US"},{"@type":"Organization","@id":"https:\/\/faravetrerie.it\/en\/#organization","name":"Fara Vetrerie e Cristallerie","url":"https:\/\/faravetrerie.it\/en\/","logo":{"@type":"ImageObject","inLanguage":"en-US","@id":"https:\/\/faravetrerie.it\/en\/#\/schema\/logo\/image\/","url":"https:\/\/faravetrerie.it\/wp-content\/uploads\/2025\/12\/logo-fara-bianco.png","contentUrl":"https:\/\/faravetrerie.it\/wp-content\/uploads\/2025\/12\/logo-fara-bianco.png","width":2038,"height":2942,"caption":"Fara Vetrerie e Cristallerie"},"image":{"@id":"https:\/\/faravetrerie.it\/en\/#\/schema\/logo\/image\/"}}]}},"_links":{"self":[{"href":"https:\/\/faravetrerie.it\/en\/wp-json\/wp\/v2\/product\/25750","targetHints":{"allow":["GET"]}}],"collection":[{"href":"https:\/\/faravetrerie.it\/en\/wp-json\/wp\/v2\/product"}],"about":[{"href":"https:\/\/faravetrerie.it\/en\/wp-json\/wp\/v2\/types\/product"}],"wp:featuredmedia":[{"embeddable":true,"href":"https:\/\/faravetrerie.it\/en\/wp-json\/wp\/v2\/media\/23319"}],"wp:attachment":[{"href":"https:\/\/faravetrerie.it\/en\/wp-json\/wp\/v2\/media?parent=25750"}],"wp:term":[{"taxonomy":"product_brand","embeddable":true,"href":"https:\/\/faravetrerie.it\/en\/wp-json\/wp\/v2\/product_brand?post=25750"},{"taxonomy":"product_cat","embeddable":true,"href":"https:\/\/faravetrerie.it\/en\/wp-json\/wp\/v2\/product_cat?post=25750"},{"taxonomy":"product_tag","embeddable":true,"href":"https:\/\/faravetrerie.it\/en\/wp-json\/wp\/v2\/product_tag?post=25750"}],"curies":[{"name":"wp","href":"https:\/\/api.w.org\/{rel}","templated":true}]}}