{"id":25754,"date":"2025-12-23T16:43:14","date_gmt":"2025-12-23T15:43:14","guid":{"rendered":"https:\/\/sviluppo.faravetrerie.it\/blog\/?post_type=product&#038;p=25754"},"modified":"2026-01-29T09:06:02","modified_gmt":"2026-01-29T08:06:02","slug":"flute-spumante-divino","status":"publish","type":"product","link":"https:\/\/faravetrerie.it\/en\/shop-en\/wine-glasses\/flute-spumante-divino\/","title":{"rendered":"FLUTE SPUMANTE DIVINO"},"content":{"rendered":"<div class=\"flex flex-1 grow basis-auto flex-col overflow-hidden\">\n<div class=\"relative h-full\">\n<div class=\"flex h-full flex-col overflow-y-auto [scrollbar-gutter:stable]\">\n<div class=\"mt-1.5 flex flex-col text-sm @thread-xl\/thread:pt-header-height md:pb-9\">\n<article class=\"group\/turn w-full text-token-text-primary focus-visible:outline-2 focus-visible:outline-offset-[-4px]\" dir=\"auto\" data-testid=\"conversation-turn-20\" data-scroll-anchor=\"true\">\n<div class=\"text-base my-auto mx-auto py-[18px] px-6\">\n<div class=\"mx-auto flex flex-1 text-base gap-4 md:gap-5 lg:gap-6 md:max-w-3xl\">\n<div class=\"group\/conversation-turn relative flex w-full min-w-0 flex-col agent-turn @xs\/thread:px-0 @sm\/thread:px-1.5 @md\/thread:px-4\">\n<div class=\"flex-col gap-1 md:gap-3\">\n<div class=\"flex max-w-full flex-col flex-grow\">\n<div class=\"min-h-8 text-message relative flex w-full flex-col items-end gap-2 whitespace-normal break-words text-start [.text-message+&amp;]:mt-5\" dir=\"auto\" data-message-author-role=\"assistant\" data-message-id=\"9905939e-18ce-45cd-8bf6-978950f2c69a\" data-message-model-slug=\"gpt-4o-mini\">\n<div class=\"flex w-full flex-col gap-1 empty:hidden first:pt-[3px]\">\n<div class=\"markdown prose w-full break-words dark:prose-invert light\">\n<h4 data-start=\"0\" data-end=\"74\"><strong data-start=\"0\" data-end=\"74\">Flute Spumante Divino: Resistenza e Eleganza per i Tuoi Vini Frizzanti<\/strong><\/h4>\n<p data-start=\"76\" data-end=\"453\">Il Flute Spumante Divino \u00e8 la scelta ideale per chi cerca un bicchiere che unisca resistenza, praticit\u00e0 ed eleganza. Progettato per servire al meglio i vini frizzanti, come il prosecco, o per cocktail a base di spumante, questo flute rappresenta la combinazione perfetta di funzionalit\u00e0 e stile, rendendolo un prodotto versatile per la ristorazione.<\/p>\n<h5 data-start=\"455\" data-end=\"496\">Un Flute Versatile per Ogni Occasione<\/h5>\n<p data-start=\"498\" data-end=\"900\">Il Flute Spumante Divino \u00e8 pensato per esaltare la freschezza e le bollicine dei tuoi vini spumanti. La sua forma slanciata e fine consente una perfetta conservazione delle bollicine, mantenendo il prosecco o lo spumante frizzante pi\u00f9 a lungo. Che si tratti di un brindisi informale o di una cena elegante, il flute \u00e8 perfetto per creare un&#8217;atmosfera raffinata, senza rinunciare alla praticit\u00e0.<\/p>\n<h5 data-start=\"902\" data-end=\"948\">Resistenza e Praticit\u00e0 per la Ristorazione<\/h5>\n<p data-start=\"950\" data-end=\"1393\">Questo flute \u00e8 progettato per rispondere alle esigenze della ristorazione, dove resistenza e durabilit\u00e0 sono fondamentali. Realizzato con materiali di alta qualit\u00e0, il Flute Spumante Divino \u00e8 adatto a un uso intensivo, garantendo la massima sicurezza e praticit\u00e0 durante il servizio. Perfetto per bar, ristoranti e locali di tendenza, \u00e8 un bicchiere che non passa inosservato, ma che \u00e8 anche facile da gestire e manutenere.<\/p>\n<h5 data-start=\"1395\" data-end=\"1444\">Eleganza per i Tuoi Cocktail e Vini Frizzanti<\/h5>\n<p data-start=\"1446\" data-end=\"1865\">Oltre alla sua funzionalit\u00e0, il Flute\u00a0aggiunge un tocco di eleganza alla presentazione di ogni bevanda. Ideale per servire cocktail a base di spumante, come Mimosa o Bellini, \u00e8 anche il bicchiere perfetto per accompagnare un buon prosecco durante un brindisi speciale. Il design delicato e raffinato esalta ogni dettaglio del vino, creando un&#8217;esperienza di degustazione completa.<\/p>\n<h5 data-start=\"1867\" data-end=\"1882\">Conclusioni<\/h5>\n<p data-start=\"1884\" data-end=\"2282\" data-is-last-node=\"\" data-is-only-node=\"\">Il Flute Spumante Divino \u00e8 la scelta ideale per chi cerca un bicchiere che coniughi eleganza, resistenza e versatilit\u00e0. Perfetto per la ristorazione, \u00e8 ideale per servire tutti i tipi di vini frizzanti, prosecco e cocktail a base di spumante, aggiungendo un tocco di classe a ogni brindisi. Scegli il Flute Divino per un&#8217;esperienza di degustazione senza compromessi.<\/p>\n<\/div>\n<\/div>\n<\/div>\n<\/div>\n<\/div>\n<\/div>\n<\/div>\n<\/div>\n<\/article>\n<\/div>\n<\/div>\n<\/div>\n<\/div>\n","protected":false},"excerpt":{"rendered":"<p>Il flute spumante Divino coniuga resistenza e praticit\u00e0. Per i tuoi vini frizzanti, prosecco o cocktail a base di spumante \u00e8 un prodotto versatile per la ristorazione<\/p>\n<p>cl. 24<\/p>\n<p>fl.oz. 8,45<\/p>\n<p>h. 215 mm.<\/p>\n<p>\u00d8 75 mm.<\/p>\n<p>&nbsp;<\/p>\n","protected":false},"featured_media":23321,"template":"","meta":{"inline_featured_image":false},"product_brand":[],"product_cat":[30,40],"product_tag":[],"class_list":{"0":"post-25754","1":"product","2":"type-product","3":"status-publish","4":"has-post-thumbnail","6":"product_cat-vino","7":"product_cat-calici-vino","9":"first","10":"instock","11":"taxable","12":"shipping-taxable","13":"product-type-simple"},"yoast_head":"<!-- This site is optimized with the Yoast SEO plugin v26.6 - https:\/\/yoast.com\/wordpress\/plugins\/seo\/ -->\n<title>FLUTE SPUMANTE DIVINO - Fara Vetrerie e Cristallerie<\/title>\n<meta name=\"description\" content=\"Il flute spumante Divino coniuga resistenza e praticit\u00e0. Per i tuoi vini frizzanti o cocktail a base di spumante \u00e8 un prodotto versatile per la ristorazione\" \/>\n<meta name=\"robots\" content=\"index, follow, max-snippet:-1, max-image-preview:large, max-video-preview:-1\" \/>\n<link rel=\"canonical\" href=\"https:\/\/faravetrerie.it\/en\/shop-en\/wine-glasses\/flute-spumante-divino\/\" \/>\n<meta property=\"og:locale\" content=\"en_US\" \/>\n<meta property=\"og:type\" content=\"article\" \/>\n<meta property=\"og:title\" content=\"FLUTE SPUMANTE DIVINO - Fara Vetrerie e Cristallerie\" \/>\n<meta property=\"og:description\" content=\"Il flute spumante Divino coniuga resistenza e praticit\u00e0. Per i tuoi vini frizzanti o cocktail a base di spumante \u00e8 un prodotto versatile per la ristorazione\" \/>\n<meta property=\"og:url\" content=\"https:\/\/faravetrerie.it\/en\/shop-en\/wine-glasses\/flute-spumante-divino\/\" \/>\n<meta property=\"og:site_name\" content=\"Fara Vetrerie e Cristallerie\" \/>\n<meta property=\"article:modified_time\" content=\"2026-01-29T08:06:02+00:00\" \/>\n<meta property=\"og:image\" content=\"https:\/\/faravetrerie.it\/wp-content\/uploads\/2025\/12\/FVRES22F_01-3.jpg\" \/>\n\t<meta property=\"og:image:width\" content=\"1063\" \/>\n\t<meta property=\"og:image:height\" content=\"1476\" \/>\n\t<meta property=\"og:image:type\" content=\"image\/jpeg\" \/>\n<meta name=\"twitter:card\" content=\"summary_large_image\" \/>\n<meta name=\"twitter:label1\" content=\"Est. reading time\" \/>\n\t<meta name=\"twitter:data1\" content=\"2 minutes\" \/>\n<script type=\"application\/ld+json\" class=\"yoast-schema-graph\">{\"@context\":\"https:\/\/schema.org\",\"@graph\":[{\"@type\":\"WebPage\",\"@id\":\"https:\/\/faravetrerie.it\/en\/shop-en\/wine-glasses\/flute-spumante-divino\/\",\"url\":\"https:\/\/faravetrerie.it\/en\/shop-en\/wine-glasses\/flute-spumante-divino\/\",\"name\":\"FLUTE SPUMANTE DIVINO - Fara Vetrerie e Cristallerie\",\"isPartOf\":{\"@id\":\"https:\/\/faravetrerie.it\/en\/#website\"},\"primaryImageOfPage\":{\"@id\":\"https:\/\/faravetrerie.it\/en\/shop-en\/wine-glasses\/flute-spumante-divino\/#primaryimage\"},\"image\":{\"@id\":\"https:\/\/faravetrerie.it\/en\/shop-en\/wine-glasses\/flute-spumante-divino\/#primaryimage\"},\"thumbnailUrl\":\"https:\/\/faravetrerie.it\/wp-content\/uploads\/2025\/12\/FVRES22F_01-3.jpg\",\"datePublished\":\"2025-12-23T15:43:14+00:00\",\"dateModified\":\"2026-01-29T08:06:02+00:00\",\"description\":\"Il flute spumante Divino coniuga resistenza e praticit\u00e0. Per i tuoi vini frizzanti o cocktail a base di spumante \u00e8 un prodotto versatile per la ristorazione\",\"breadcrumb\":{\"@id\":\"https:\/\/faravetrerie.it\/en\/shop-en\/wine-glasses\/flute-spumante-divino\/#breadcrumb\"},\"inLanguage\":\"en-US\",\"potentialAction\":[{\"@type\":\"ReadAction\",\"target\":[\"https:\/\/faravetrerie.it\/en\/shop-en\/wine-glasses\/flute-spumante-divino\/\"]}]},{\"@type\":\"ImageObject\",\"inLanguage\":\"en-US\",\"@id\":\"https:\/\/faravetrerie.it\/en\/shop-en\/wine-glasses\/flute-spumante-divino\/#primaryimage\",\"url\":\"https:\/\/faravetrerie.it\/wp-content\/uploads\/2025\/12\/FVRES22F_01-3.jpg\",\"contentUrl\":\"https:\/\/faravetrerie.it\/wp-content\/uploads\/2025\/12\/FVRES22F_01-3.jpg\",\"width\":1063,\"height\":1476,\"caption\":\"Flute Spumante Divino\"},{\"@type\":\"BreadcrumbList\",\"@id\":\"https:\/\/faravetrerie.it\/en\/shop-en\/wine-glasses\/flute-spumante-divino\/#breadcrumb\",\"itemListElement\":[{\"@type\":\"ListItem\",\"position\":1,\"name\":\"Home\",\"item\":\"https:\/\/faravetrerie.it\/en\/\"},{\"@type\":\"ListItem\",\"position\":2,\"name\":\"Shop\",\"item\":\"https:\/\/faravetrerie.it\/en\/shop-en\/\"},{\"@type\":\"ListItem\",\"position\":3,\"name\":\"FLUTE SPUMANTE DIVINO\"}]},{\"@type\":\"WebSite\",\"@id\":\"https:\/\/faravetrerie.it\/en\/#website\",\"url\":\"https:\/\/faravetrerie.it\/en\/\",\"name\":\"Fara Vetrerie e Cristallerie\",\"description\":\"\",\"publisher\":{\"@id\":\"https:\/\/faravetrerie.it\/en\/#organization\"},\"potentialAction\":[{\"@type\":\"SearchAction\",\"target\":{\"@type\":\"EntryPoint\",\"urlTemplate\":\"https:\/\/faravetrerie.it\/en\/?s={search_term_string}\"},\"query-input\":{\"@type\":\"PropertyValueSpecification\",\"valueRequired\":true,\"valueName\":\"search_term_string\"}}],\"inLanguage\":\"en-US\"},{\"@type\":\"Organization\",\"@id\":\"https:\/\/faravetrerie.it\/en\/#organization\",\"name\":\"Fara Vetrerie e Cristallerie\",\"url\":\"https:\/\/faravetrerie.it\/en\/\",\"logo\":{\"@type\":\"ImageObject\",\"inLanguage\":\"en-US\",\"@id\":\"https:\/\/faravetrerie.it\/en\/#\/schema\/logo\/image\/\",\"url\":\"https:\/\/faravetrerie.it\/wp-content\/uploads\/2025\/12\/logo-fara-bianco.png\",\"contentUrl\":\"https:\/\/faravetrerie.it\/wp-content\/uploads\/2025\/12\/logo-fara-bianco.png\",\"width\":2038,\"height\":2942,\"caption\":\"Fara Vetrerie e Cristallerie\"},\"image\":{\"@id\":\"https:\/\/faravetrerie.it\/en\/#\/schema\/logo\/image\/\"}}]}<\/script>\n<!-- \/ Yoast SEO plugin. -->","yoast_head_json":{"title":"FLUTE SPUMANTE DIVINO - Fara Vetrerie e Cristallerie","description":"Il flute spumante Divino coniuga resistenza e praticit\u00e0. Per i tuoi vini frizzanti o cocktail a base di spumante \u00e8 un prodotto versatile per la ristorazione","robots":{"index":"index","follow":"follow","max-snippet":"max-snippet:-1","max-image-preview":"max-image-preview:large","max-video-preview":"max-video-preview:-1"},"canonical":"https:\/\/faravetrerie.it\/en\/shop-en\/wine-glasses\/flute-spumante-divino\/","og_locale":"en_US","og_type":"article","og_title":"FLUTE SPUMANTE DIVINO - Fara Vetrerie e Cristallerie","og_description":"Il flute spumante Divino coniuga resistenza e praticit\u00e0. Per i tuoi vini frizzanti o cocktail a base di spumante \u00e8 un prodotto versatile per la ristorazione","og_url":"https:\/\/faravetrerie.it\/en\/shop-en\/wine-glasses\/flute-spumante-divino\/","og_site_name":"Fara Vetrerie e Cristallerie","article_modified_time":"2026-01-29T08:06:02+00:00","og_image":[{"width":1063,"height":1476,"url":"https:\/\/faravetrerie.it\/wp-content\/uploads\/2025\/12\/FVRES22F_01-3.jpg","type":"image\/jpeg"}],"twitter_card":"summary_large_image","twitter_misc":{"Est. reading time":"2 minutes"},"schema":{"@context":"https:\/\/schema.org","@graph":[{"@type":"WebPage","@id":"https:\/\/faravetrerie.it\/en\/shop-en\/wine-glasses\/flute-spumante-divino\/","url":"https:\/\/faravetrerie.it\/en\/shop-en\/wine-glasses\/flute-spumante-divino\/","name":"FLUTE SPUMANTE DIVINO - Fara Vetrerie e Cristallerie","isPartOf":{"@id":"https:\/\/faravetrerie.it\/en\/#website"},"primaryImageOfPage":{"@id":"https:\/\/faravetrerie.it\/en\/shop-en\/wine-glasses\/flute-spumante-divino\/#primaryimage"},"image":{"@id":"https:\/\/faravetrerie.it\/en\/shop-en\/wine-glasses\/flute-spumante-divino\/#primaryimage"},"thumbnailUrl":"https:\/\/faravetrerie.it\/wp-content\/uploads\/2025\/12\/FVRES22F_01-3.jpg","datePublished":"2025-12-23T15:43:14+00:00","dateModified":"2026-01-29T08:06:02+00:00","description":"Il flute spumante Divino coniuga resistenza e praticit\u00e0. Per i tuoi vini frizzanti o cocktail a base di spumante \u00e8 un prodotto versatile per la ristorazione","breadcrumb":{"@id":"https:\/\/faravetrerie.it\/en\/shop-en\/wine-glasses\/flute-spumante-divino\/#breadcrumb"},"inLanguage":"en-US","potentialAction":[{"@type":"ReadAction","target":["https:\/\/faravetrerie.it\/en\/shop-en\/wine-glasses\/flute-spumante-divino\/"]}]},{"@type":"ImageObject","inLanguage":"en-US","@id":"https:\/\/faravetrerie.it\/en\/shop-en\/wine-glasses\/flute-spumante-divino\/#primaryimage","url":"https:\/\/faravetrerie.it\/wp-content\/uploads\/2025\/12\/FVRES22F_01-3.jpg","contentUrl":"https:\/\/faravetrerie.it\/wp-content\/uploads\/2025\/12\/FVRES22F_01-3.jpg","width":1063,"height":1476,"caption":"Flute Spumante Divino"},{"@type":"BreadcrumbList","@id":"https:\/\/faravetrerie.it\/en\/shop-en\/wine-glasses\/flute-spumante-divino\/#breadcrumb","itemListElement":[{"@type":"ListItem","position":1,"name":"Home","item":"https:\/\/faravetrerie.it\/en\/"},{"@type":"ListItem","position":2,"name":"Shop","item":"https:\/\/faravetrerie.it\/en\/shop-en\/"},{"@type":"ListItem","position":3,"name":"FLUTE SPUMANTE DIVINO"}]},{"@type":"WebSite","@id":"https:\/\/faravetrerie.it\/en\/#website","url":"https:\/\/faravetrerie.it\/en\/","name":"Fara Vetrerie e Cristallerie","description":"","publisher":{"@id":"https:\/\/faravetrerie.it\/en\/#organization"},"potentialAction":[{"@type":"SearchAction","target":{"@type":"EntryPoint","urlTemplate":"https:\/\/faravetrerie.it\/en\/?s={search_term_string}"},"query-input":{"@type":"PropertyValueSpecification","valueRequired":true,"valueName":"search_term_string"}}],"inLanguage":"en-US"},{"@type":"Organization","@id":"https:\/\/faravetrerie.it\/en\/#organization","name":"Fara Vetrerie e Cristallerie","url":"https:\/\/faravetrerie.it\/en\/","logo":{"@type":"ImageObject","inLanguage":"en-US","@id":"https:\/\/faravetrerie.it\/en\/#\/schema\/logo\/image\/","url":"https:\/\/faravetrerie.it\/wp-content\/uploads\/2025\/12\/logo-fara-bianco.png","contentUrl":"https:\/\/faravetrerie.it\/wp-content\/uploads\/2025\/12\/logo-fara-bianco.png","width":2038,"height":2942,"caption":"Fara Vetrerie e Cristallerie"},"image":{"@id":"https:\/\/faravetrerie.it\/en\/#\/schema\/logo\/image\/"}}]}},"_links":{"self":[{"href":"https:\/\/faravetrerie.it\/en\/wp-json\/wp\/v2\/product\/25754","targetHints":{"allow":["GET"]}}],"collection":[{"href":"https:\/\/faravetrerie.it\/en\/wp-json\/wp\/v2\/product"}],"about":[{"href":"https:\/\/faravetrerie.it\/en\/wp-json\/wp\/v2\/types\/product"}],"wp:featuredmedia":[{"embeddable":true,"href":"https:\/\/faravetrerie.it\/en\/wp-json\/wp\/v2\/media\/23321"}],"wp:attachment":[{"href":"https:\/\/faravetrerie.it\/en\/wp-json\/wp\/v2\/media?parent=25754"}],"wp:term":[{"taxonomy":"product_brand","embeddable":true,"href":"https:\/\/faravetrerie.it\/en\/wp-json\/wp\/v2\/product_brand?post=25754"},{"taxonomy":"product_cat","embeddable":true,"href":"https:\/\/faravetrerie.it\/en\/wp-json\/wp\/v2\/product_cat?post=25754"},{"taxonomy":"product_tag","embeddable":true,"href":"https:\/\/faravetrerie.it\/en\/wp-json\/wp\/v2\/product_tag?post=25754"}],"curies":[{"name":"wp","href":"https:\/\/api.w.org\/{rel}","templated":true}]}}