{"id":25759,"date":"2025-12-23T16:43:14","date_gmt":"2025-12-23T15:43:14","guid":{"rendered":"https:\/\/sviluppo.faravetrerie.it\/blog\/?post_type=product&#038;p=25759"},"modified":"2026-02-10T10:32:17","modified_gmt":"2026-02-10T09:32:17","slug":"bicchiere-fiesole-grigio-fume","status":"publish","type":"product","link":"https:\/\/faravetrerie.it\/en\/shop-en\/tuscan-bufferia\/bicchiere-fiesole-grigio-fume\/","title":{"rendered":"SET DI 6 BICCHIERI FIESOLE GRIGIO FUM\u00c9"},"content":{"rendered":"<article class=\"group\/turn w-full text-token-text-primary focus-visible:outline-2 focus-visible:outline-offset-[-4px]\" dir=\"auto\" data-testid=\"conversation-turn-36\" data-scroll-anchor=\"true\">\n<div class=\"text-base my-auto mx-auto py-[18px] px-6\">\n<div class=\"mx-auto flex flex-1 text-base gap-4 md:gap-5 lg:gap-6 md:max-w-3xl\">\n<div class=\"group\/conversation-turn relative flex w-full min-w-0 flex-col agent-turn @xs\/thread:px-0 @sm\/thread:px-1.5 @md\/thread:px-4\">\n<div class=\"flex-col gap-1 md:gap-3\">\n<div class=\"flex max-w-full flex-col flex-grow\">\n<div class=\"min-h-8 text-message relative flex w-full flex-col items-end gap-2 whitespace-normal break-words text-start [.text-message+&amp;]:mt-5\" dir=\"auto\" data-message-author-role=\"assistant\" data-message-id=\"b614316a-26df-4529-a35a-607d00984226\" data-message-model-slug=\"gpt-4o-mini\">\n<div class=\"flex w-full flex-col gap-1 empty:hidden first:pt-[3px]\">\n<div class=\"markdown prose w-full break-words dark:prose-invert light\">\n<h4 data-start=\"0\" data-end=\"87\"><strong data-start=\"0\" data-end=\"87\"> Bicchiere Fiesole Grigio Fum\u00e9: Eleganza e Tradizione della Bufferia Toscana<\/strong><\/h4>\n<p class=\"\" data-start=\"140\" data-end=\"564\">Il Bicchiere Fiesole Grigio Fum\u00e9, della linea Bufferia Toscana, \u00e8 un vero e proprio capolavoro artigianale. Realizzato in vetro soffiato a bocca dai maestri vetrai toscani, questo bicchiere rappresenta l&#8217;abilit\u00e0 e la tradizione della lavorazione del vetro nella regione. Il suo elegante colore fum\u00e8 e il design ricercato lo rendono un prodotto unico, perfetto per chi cerca un accessorio che coniuga funzionalit\u00e0 e bellezza.<\/p>\n<h5 data-start=\"566\" data-end=\"625\"><strong data-start=\"566\" data-end=\"625\">Vetro Soffiato a Bocca: L&#8217;Arte della Tradizione Toscana<\/strong><\/h5>\n<p class=\"\" data-start=\"627\" data-end=\"1121\">Ogni bicchiere Fiesole grigio fum\u00e9 \u00e8 il risultato di un meticoloso processo artigianale, in cui il vetro viene soffiato a mano da esperti maestri vetrai toscani. Questo processo garantisce un prodotto di alta qualit\u00e0, caratterizzato da una lavorazione unica che rende ogni pezzo leggermente diverso, conferendo cos\u00ec un valore ineguagliabile a ciascun bicchiere. La tradizione artigianale toscana si fonde con il design moderno per creare un prodotto che \u00e8 un vero e proprio oggetto da ammirare.<\/p>\n<h5 data-start=\"1123\" data-end=\"1151\"><strong data-start=\"1123\" data-end=\"1151\">Eleganza del Colore Fum\u00e9<\/strong><\/h5>\n<p class=\"\" data-start=\"1153\" data-end=\"1539\">Il colore grigio fum\u00e9 conferisce al bicchiere Fiesole un\u2019eleganza discreta e sofisticata. La tonalit\u00e0 raffinata non solo aggiunge un tocco di classe, ma rende anche questo bicchiere perfetto per ogni tipo di occasione, dalla cena formale alla serata pi\u00f9 informale. Il colore delicato si abbina facilmente a qualsiasi tipo di tavola, dando un&#8217;aria di lusso senza risultare mai eccessivo.<\/p>\n<h5 data-start=\"1541\" data-end=\"1586\"><strong data-start=\"1541\" data-end=\"1586\">Un Bicchiere Versatile per Ogni Occasione<\/strong><\/h5>\n<p class=\"\" data-start=\"1588\" data-end=\"2061\">Oltre alla sua bellezza, il Bicchiere \u00e8 un prodotto versatile, perfetto per una variet\u00e0 di bevande, dai cocktail sofisticati ai vini pregiati. La sua forma bilanciata e la qualit\u00e0 del vetro lo rendono adatto tanto per l&#8217;uso quotidiano quanto per occasioni speciali, come cene eleganti o eventi. Grazie alla sua robustezza e al design elegante, \u00e8 ideale per essere utilizzato in ristoranti e bar di alta classe, ma anche per arricchire la tavola di casa.<\/p>\n<h5 data-start=\"2063\" data-end=\"2132\"><strong data-start=\"2063\" data-end=\"2132\">Conclusione: Un Bicchiere che Racconta la Tradizione e l\u2019Eleganza<\/strong><\/h5>\n<p class=\"\" data-start=\"2134\" data-end=\"2602\">Il Bicchiere Fiesole Grigio Fum\u00e9 della linea Bufferia Toscana \u00e8 una celebrazione della tradizione artigianale toscana e della bellezza del design moderno. Grazie alla lavorazione a mano dei maestri vetrai e al suo colore sofisticato, \u00e8 l\u2019accessorio ideale per chi desidera un bicchiere elegante, unico e versatile. Perfetto per ogni tipo di bevanda e occasione, il Bicchiere Fiesole \u00e8 un pezzo che aggiunger\u00e0 un tocco di classe e raffinatezza a qualsiasi tavola o bar.<\/p>\n<\/div>\n<\/div>\n<\/div>\n<\/div>\n<\/div>\n<\/div>\n<\/div>\n<\/div>\n<\/article>\n","protected":false},"excerpt":{"rendered":"<p>Confezione da 6 pezzi<\/p>\n<p>Il bicchiere Fiesole, della linea Bufferia Toscana, \u00e8 un prodotto in vetro soffiato a bocca dai maestri vetrai toscani. La sua leggerezza e il colore fum\u00e8 lo rendono elegante e di grande effetto sulla tavola<\/p>\n<p>cl. 33<\/p>\n<p>fl.oz. 11,16<\/p>\n<p>h. 88 mm.<\/p>\n<p>\u00d8 85 mm.<\/p>\n<p>vetro soffiato a bocca, 100% Made in Tuscany<\/p>\n<p>Confezione da 6 pezzi<\/p>\n","protected":false},"featured_media":23328,"template":"","meta":{"inline_featured_image":false},"product_brand":[],"product_cat":[25,333],"product_tag":[891,909,906],"class_list":{"0":"post-25759","1":"product","2":"type-product","3":"status-publish","4":"has-post-thumbnail","6":"product_cat-bufferia-toscana","7":"product_cat-acquistabili-online","8":"product_tag-acqua","9":"product_tag-bufferia-toscana","10":"product_tag-vetrosoffiato","12":"first","13":"instock","14":"featured","15":"taxable","16":"shipping-taxable","17":"purchasable","18":"product-type-simple"},"yoast_head":"<!-- This site is optimized with the Yoast SEO plugin v26.6 - https:\/\/yoast.com\/wordpress\/plugins\/seo\/ -->\n<title>SET DI 6 BICCHIERI FIESOLE GRIGIO FUM\u00c9 - Fara Vetrerie e Cristallerie<\/title>\n<meta name=\"description\" content=\"Il bicchiere fiesole grigio fum\u00e9 , della linea Bufferia Toscana, \u00e8 un prodotto in vetro soffiato a bocca dai maestri vetrai toscani.\" \/>\n<meta name=\"robots\" content=\"index, follow, max-snippet:-1, max-image-preview:large, max-video-preview:-1\" \/>\n<link rel=\"canonical\" href=\"https:\/\/faravetrerie.it\/en\/shop-en\/tuscan-bufferia\/bicchiere-fiesole-grigio-fume\/\" \/>\n<meta property=\"og:locale\" content=\"en_US\" \/>\n<meta property=\"og:type\" content=\"article\" \/>\n<meta property=\"og:title\" content=\"SET DI 6 BICCHIERI FIESOLE GRIGIO FUM\u00c9 - Fara Vetrerie e Cristallerie\" \/>\n<meta property=\"og:description\" content=\"Il bicchiere fiesole grigio fum\u00e9 , della linea Bufferia Toscana, \u00e8 un prodotto in vetro soffiato a bocca dai maestri vetrai toscani.\" \/>\n<meta property=\"og:url\" content=\"https:\/\/faravetrerie.it\/en\/shop-en\/tuscan-bufferia\/bicchiere-fiesole-grigio-fume\/\" \/>\n<meta property=\"og:site_name\" content=\"Fara Vetrerie e Cristallerie\" \/>\n<meta property=\"article:modified_time\" content=\"2026-02-10T09:32:17+00:00\" \/>\n<meta property=\"og:image\" content=\"https:\/\/faravetrerie.it\/wp-content\/uploads\/2025\/12\/FFFIE1G_01-3-1024x1024.jpg\" \/>\n\t<meta property=\"og:image:width\" content=\"1024\" \/>\n\t<meta property=\"og:image:height\" content=\"1024\" \/>\n\t<meta property=\"og:image:type\" content=\"image\/jpeg\" \/>\n<meta name=\"twitter:card\" content=\"summary_large_image\" \/>\n<meta name=\"twitter:label1\" content=\"Est. reading time\" \/>\n\t<meta name=\"twitter:data1\" content=\"3 minutes\" \/>\n<script type=\"application\/ld+json\" class=\"yoast-schema-graph\">{\"@context\":\"https:\/\/schema.org\",\"@graph\":[{\"@type\":\"WebPage\",\"@id\":\"https:\/\/faravetrerie.it\/en\/shop-en\/tuscan-bufferia\/bicchiere-fiesole-grigio-fume\/\",\"url\":\"https:\/\/faravetrerie.it\/en\/shop-en\/tuscan-bufferia\/bicchiere-fiesole-grigio-fume\/\",\"name\":\"SET DI 6 BICCHIERI FIESOLE GRIGIO FUM\u00c9 - Fara Vetrerie e Cristallerie\",\"isPartOf\":{\"@id\":\"https:\/\/faravetrerie.it\/en\/#website\"},\"primaryImageOfPage\":{\"@id\":\"https:\/\/faravetrerie.it\/en\/shop-en\/tuscan-bufferia\/bicchiere-fiesole-grigio-fume\/#primaryimage\"},\"image\":{\"@id\":\"https:\/\/faravetrerie.it\/en\/shop-en\/tuscan-bufferia\/bicchiere-fiesole-grigio-fume\/#primaryimage\"},\"thumbnailUrl\":\"https:\/\/faravetrerie.it\/wp-content\/uploads\/2025\/12\/FFFIE1G_01-3.jpg\",\"datePublished\":\"2025-12-23T15:43:14+00:00\",\"dateModified\":\"2026-02-10T09:32:17+00:00\",\"description\":\"Il bicchiere fiesole grigio fum\u00e9 , della linea Bufferia Toscana, \u00e8 un prodotto in vetro soffiato a bocca dai maestri vetrai toscani.\",\"breadcrumb\":{\"@id\":\"https:\/\/faravetrerie.it\/en\/shop-en\/tuscan-bufferia\/bicchiere-fiesole-grigio-fume\/#breadcrumb\"},\"inLanguage\":\"en-US\",\"potentialAction\":[{\"@type\":\"ReadAction\",\"target\":[\"https:\/\/faravetrerie.it\/en\/shop-en\/tuscan-bufferia\/bicchiere-fiesole-grigio-fume\/\"]}]},{\"@type\":\"ImageObject\",\"inLanguage\":\"en-US\",\"@id\":\"https:\/\/faravetrerie.it\/en\/shop-en\/tuscan-bufferia\/bicchiere-fiesole-grigio-fume\/#primaryimage\",\"url\":\"https:\/\/faravetrerie.it\/wp-content\/uploads\/2025\/12\/FFFIE1G_01-3.jpg\",\"contentUrl\":\"https:\/\/faravetrerie.it\/wp-content\/uploads\/2025\/12\/FFFIE1G_01-3.jpg\",\"width\":1890,\"height\":1890,\"caption\":\"Bicchiere Fiesole Grigio Fum\u00e9\"},{\"@type\":\"BreadcrumbList\",\"@id\":\"https:\/\/faravetrerie.it\/en\/shop-en\/tuscan-bufferia\/bicchiere-fiesole-grigio-fume\/#breadcrumb\",\"itemListElement\":[{\"@type\":\"ListItem\",\"position\":1,\"name\":\"Home\",\"item\":\"https:\/\/faravetrerie.it\/en\/\"},{\"@type\":\"ListItem\",\"position\":2,\"name\":\"Shop\",\"item\":\"https:\/\/faravetrerie.it\/en\/shop-en\/\"},{\"@type\":\"ListItem\",\"position\":3,\"name\":\"SET DI 6 BICCHIERI FIESOLE GRIGIO FUM\u00c9\"}]},{\"@type\":\"WebSite\",\"@id\":\"https:\/\/faravetrerie.it\/en\/#website\",\"url\":\"https:\/\/faravetrerie.it\/en\/\",\"name\":\"Fara Vetrerie e Cristallerie\",\"description\":\"\",\"publisher\":{\"@id\":\"https:\/\/faravetrerie.it\/en\/#organization\"},\"potentialAction\":[{\"@type\":\"SearchAction\",\"target\":{\"@type\":\"EntryPoint\",\"urlTemplate\":\"https:\/\/faravetrerie.it\/en\/?s={search_term_string}\"},\"query-input\":{\"@type\":\"PropertyValueSpecification\",\"valueRequired\":true,\"valueName\":\"search_term_string\"}}],\"inLanguage\":\"en-US\"},{\"@type\":\"Organization\",\"@id\":\"https:\/\/faravetrerie.it\/en\/#organization\",\"name\":\"Fara Vetrerie e Cristallerie\",\"url\":\"https:\/\/faravetrerie.it\/en\/\",\"logo\":{\"@type\":\"ImageObject\",\"inLanguage\":\"en-US\",\"@id\":\"https:\/\/faravetrerie.it\/en\/#\/schema\/logo\/image\/\",\"url\":\"https:\/\/faravetrerie.it\/wp-content\/uploads\/2025\/12\/logo-fara-bianco.png\",\"contentUrl\":\"https:\/\/faravetrerie.it\/wp-content\/uploads\/2025\/12\/logo-fara-bianco.png\",\"width\":2038,\"height\":2942,\"caption\":\"Fara Vetrerie e Cristallerie\"},\"image\":{\"@id\":\"https:\/\/faravetrerie.it\/en\/#\/schema\/logo\/image\/\"}}]}<\/script>\n<!-- \/ Yoast SEO plugin. -->","yoast_head_json":{"title":"SET DI 6 BICCHIERI FIESOLE GRIGIO FUM\u00c9 - Fara Vetrerie e Cristallerie","description":"Il bicchiere fiesole grigio fum\u00e9 , della linea Bufferia Toscana, \u00e8 un prodotto in vetro soffiato a bocca dai maestri vetrai toscani.","robots":{"index":"index","follow":"follow","max-snippet":"max-snippet:-1","max-image-preview":"max-image-preview:large","max-video-preview":"max-video-preview:-1"},"canonical":"https:\/\/faravetrerie.it\/en\/shop-en\/tuscan-bufferia\/bicchiere-fiesole-grigio-fume\/","og_locale":"en_US","og_type":"article","og_title":"SET DI 6 BICCHIERI FIESOLE GRIGIO FUM\u00c9 - Fara Vetrerie e Cristallerie","og_description":"Il bicchiere fiesole grigio fum\u00e9 , della linea Bufferia Toscana, \u00e8 un prodotto in vetro soffiato a bocca dai maestri vetrai toscani.","og_url":"https:\/\/faravetrerie.it\/en\/shop-en\/tuscan-bufferia\/bicchiere-fiesole-grigio-fume\/","og_site_name":"Fara Vetrerie e Cristallerie","article_modified_time":"2026-02-10T09:32:17+00:00","og_image":[{"width":1024,"height":1024,"url":"https:\/\/faravetrerie.it\/wp-content\/uploads\/2025\/12\/FFFIE1G_01-3-1024x1024.jpg","type":"image\/jpeg"}],"twitter_card":"summary_large_image","twitter_misc":{"Est. reading time":"3 minutes"},"schema":{"@context":"https:\/\/schema.org","@graph":[{"@type":"WebPage","@id":"https:\/\/faravetrerie.it\/en\/shop-en\/tuscan-bufferia\/bicchiere-fiesole-grigio-fume\/","url":"https:\/\/faravetrerie.it\/en\/shop-en\/tuscan-bufferia\/bicchiere-fiesole-grigio-fume\/","name":"SET DI 6 BICCHIERI FIESOLE GRIGIO FUM\u00c9 - Fara Vetrerie e Cristallerie","isPartOf":{"@id":"https:\/\/faravetrerie.it\/en\/#website"},"primaryImageOfPage":{"@id":"https:\/\/faravetrerie.it\/en\/shop-en\/tuscan-bufferia\/bicchiere-fiesole-grigio-fume\/#primaryimage"},"image":{"@id":"https:\/\/faravetrerie.it\/en\/shop-en\/tuscan-bufferia\/bicchiere-fiesole-grigio-fume\/#primaryimage"},"thumbnailUrl":"https:\/\/faravetrerie.it\/wp-content\/uploads\/2025\/12\/FFFIE1G_01-3.jpg","datePublished":"2025-12-23T15:43:14+00:00","dateModified":"2026-02-10T09:32:17+00:00","description":"Il bicchiere fiesole grigio fum\u00e9 , della linea Bufferia Toscana, \u00e8 un prodotto in vetro soffiato a bocca dai maestri vetrai toscani.","breadcrumb":{"@id":"https:\/\/faravetrerie.it\/en\/shop-en\/tuscan-bufferia\/bicchiere-fiesole-grigio-fume\/#breadcrumb"},"inLanguage":"en-US","potentialAction":[{"@type":"ReadAction","target":["https:\/\/faravetrerie.it\/en\/shop-en\/tuscan-bufferia\/bicchiere-fiesole-grigio-fume\/"]}]},{"@type":"ImageObject","inLanguage":"en-US","@id":"https:\/\/faravetrerie.it\/en\/shop-en\/tuscan-bufferia\/bicchiere-fiesole-grigio-fume\/#primaryimage","url":"https:\/\/faravetrerie.it\/wp-content\/uploads\/2025\/12\/FFFIE1G_01-3.jpg","contentUrl":"https:\/\/faravetrerie.it\/wp-content\/uploads\/2025\/12\/FFFIE1G_01-3.jpg","width":1890,"height":1890,"caption":"Bicchiere Fiesole Grigio Fum\u00e9"},{"@type":"BreadcrumbList","@id":"https:\/\/faravetrerie.it\/en\/shop-en\/tuscan-bufferia\/bicchiere-fiesole-grigio-fume\/#breadcrumb","itemListElement":[{"@type":"ListItem","position":1,"name":"Home","item":"https:\/\/faravetrerie.it\/en\/"},{"@type":"ListItem","position":2,"name":"Shop","item":"https:\/\/faravetrerie.it\/en\/shop-en\/"},{"@type":"ListItem","position":3,"name":"SET DI 6 BICCHIERI FIESOLE GRIGIO FUM\u00c9"}]},{"@type":"WebSite","@id":"https:\/\/faravetrerie.it\/en\/#website","url":"https:\/\/faravetrerie.it\/en\/","name":"Fara Vetrerie e Cristallerie","description":"","publisher":{"@id":"https:\/\/faravetrerie.it\/en\/#organization"},"potentialAction":[{"@type":"SearchAction","target":{"@type":"EntryPoint","urlTemplate":"https:\/\/faravetrerie.it\/en\/?s={search_term_string}"},"query-input":{"@type":"PropertyValueSpecification","valueRequired":true,"valueName":"search_term_string"}}],"inLanguage":"en-US"},{"@type":"Organization","@id":"https:\/\/faravetrerie.it\/en\/#organization","name":"Fara Vetrerie e Cristallerie","url":"https:\/\/faravetrerie.it\/en\/","logo":{"@type":"ImageObject","inLanguage":"en-US","@id":"https:\/\/faravetrerie.it\/en\/#\/schema\/logo\/image\/","url":"https:\/\/faravetrerie.it\/wp-content\/uploads\/2025\/12\/logo-fara-bianco.png","contentUrl":"https:\/\/faravetrerie.it\/wp-content\/uploads\/2025\/12\/logo-fara-bianco.png","width":2038,"height":2942,"caption":"Fara Vetrerie e Cristallerie"},"image":{"@id":"https:\/\/faravetrerie.it\/en\/#\/schema\/logo\/image\/"}}]}},"_links":{"self":[{"href":"https:\/\/faravetrerie.it\/en\/wp-json\/wp\/v2\/product\/25759","targetHints":{"allow":["GET"]}}],"collection":[{"href":"https:\/\/faravetrerie.it\/en\/wp-json\/wp\/v2\/product"}],"about":[{"href":"https:\/\/faravetrerie.it\/en\/wp-json\/wp\/v2\/types\/product"}],"wp:featuredmedia":[{"embeddable":true,"href":"https:\/\/faravetrerie.it\/en\/wp-json\/wp\/v2\/media\/23328"}],"wp:attachment":[{"href":"https:\/\/faravetrerie.it\/en\/wp-json\/wp\/v2\/media?parent=25759"}],"wp:term":[{"taxonomy":"product_brand","embeddable":true,"href":"https:\/\/faravetrerie.it\/en\/wp-json\/wp\/v2\/product_brand?post=25759"},{"taxonomy":"product_cat","embeddable":true,"href":"https:\/\/faravetrerie.it\/en\/wp-json\/wp\/v2\/product_cat?post=25759"},{"taxonomy":"product_tag","embeddable":true,"href":"https:\/\/faravetrerie.it\/en\/wp-json\/wp\/v2\/product_tag?post=25759"}],"curies":[{"name":"wp","href":"https:\/\/api.w.org\/{rel}","templated":true}]}}