{"id":25766,"date":"2025-12-23T16:43:15","date_gmt":"2025-12-23T15:43:15","guid":{"rendered":"https:\/\/sviluppo.faravetrerie.it\/blog\/?post_type=product&#038;p=25766"},"modified":"2026-02-10T11:59:44","modified_gmt":"2026-02-10T10:59:44","slug":"bicchiere-vinci-verde","status":"publish","type":"product","link":"https:\/\/faravetrerie.it\/en\/shop-en\/tuscan-bufferia\/bicchiere-vinci-verde\/","title":{"rendered":"SET DI 6 BICCHIERI VINCI VERDE"},"content":{"rendered":"<article class=\"group\/turn w-full text-token-text-primary focus-visible:outline-2 focus-visible:outline-offset-[-4px]\" dir=\"auto\" data-testid=\"conversation-turn-94\" data-scroll-anchor=\"true\">\n<div class=\"text-base my-auto mx-auto py-[18px] px-6\">\n<div class=\"mx-auto flex flex-1 text-base gap-4 md:gap-5 lg:gap-6 md:max-w-3xl\">\n<div class=\"group\/conversation-turn relative flex w-full min-w-0 flex-col agent-turn @xs\/thread:px-0 @sm\/thread:px-1.5 @md\/thread:px-4\">\n<div class=\"flex-col gap-1 md:gap-3\">\n<div class=\"flex max-w-full flex-col flex-grow\">\n<div class=\"min-h-8 text-message relative flex w-full flex-col items-end gap-2 whitespace-normal break-words text-start [.text-message+&amp;]:mt-5\" dir=\"auto\" data-message-author-role=\"assistant\" data-message-id=\"8199829e-46d6-4a67-a10b-fc30644f02cf\" data-message-model-slug=\"gpt-4o-mini\">\n<div class=\"flex w-full flex-col gap-1 empty:hidden first:pt-[3px]\">\n<div class=\"markdown prose w-full break-words dark:prose-invert light\">\n<h4 data-start=\"0\" data-end=\"74\"><strong data-start=\"0\" data-end=\"74\">Bicchiere Vinci Verde: Eleganza Artigianale per Ogni Occasione<\/strong><\/h4>\n<p class=\"\" data-start=\"119\" data-end=\"640\">Il Bicchiere Vinci Verde \u00e8 un classico della nostra azienda, realizzato con la maestria dei maestri vetrai toscani che utilizzano la tradizionale tecnica del vetro soffiato a bocca. Questo bicchiere si distingue per la sua base ad anello e per l&#8217;effetto elica o tors\u00e9, che donano al prodotto una singolare eleganza pur mantenendo un aspetto informale. La sua versatilit\u00e0 lo rende adatto a molteplici situazioni e mise en place, rendendo ogni tavola pi\u00f9 raffinata e accogliente.<\/p>\n<h5 data-start=\"642\" data-end=\"676\">Un Design Elegante e Informale<\/h5>\n<p class=\"\" data-start=\"678\" data-end=\"1237\">La combinazione della base ad anello e dell&#8217;effetto elica o tors\u00e9 conferisce al Bicchiere Vinci Verde una bellezza unica e dinamica, capace di catturare l\u2019attenzione senza risultare troppo formale. Questo design particolare non solo \u00e8 visivamente affascinante, ma offre anche una presa comoda, rendendolo perfetto per un uso quotidiano, ma anche per occasioni speciali. Il bicchiere riesce a bilanciare perfettamente eleganza e informalit\u00e0, facendo s\u00ec che si adatti a ogni tipo di evento, dalla cena elegante al pranzo in giardino.<\/p>\n<h5 data-start=\"1239\" data-end=\"1297\">Colore Verde Empolese: Un Tocco di Tradizione e Natura<\/h5>\n<p class=\"\" data-start=\"1299\" data-end=\"1821\">Il verde empolese, tipico del vetro toscano, conferisce a questo bicchiere un carattere distintivo e una raffinatezza naturale. Il colore verde \u00e8 perfetto per decorare una tavola all\u2019aperto o un pranzo in campagna, evocando atmosfere rustiche e allo stesso tempo eleganti. Il Bicchiere Vinci Verde \u00e8 l\u2019ideale per eventi informali, ma anche per feste all\u2019aperto, pic-nic, e cene rustiche, dove il desiderio di un ambiente naturale e accogliente si sposa con la qualit\u00e0 del vetro artigianale.<\/p>\n<h5 data-start=\"1823\" data-end=\"1873\">Versatilit\u00e0 per Ogni Occasione e Mise en Place<\/h5>\n<p class=\"\" data-start=\"1875\" data-end=\"2420\">La versatilit\u00e0 del Bicchiere Vinci Verde \u00e8 una delle sue caratteristiche principali. Grazie alla sua estetica semplice ma raffinata, \u00e8 ideale per un uso quotidiano, ma pu\u00f2 essere facilmente integrato anche in occasioni eleganti. La sua struttura lo rende perfetto per una variet\u00e0 di bevande: dai cocktail alle bibite, dai vini ai liquori, fino ad arrivare alle acque fresche. La sua bellezza naturale e il suo design unico lo rendono perfetto per ogni tipo di mise en place, dall\u2019intima cena al grande evento.<\/p>\n<h5 data-start=\"2422\" data-end=\"2479\">Conclusione: Un Bicchiere Artigianale per Ogni Tavola<\/h5>\n<p class=\"\" data-start=\"2481\" data-end=\"3067\">Il Bicchiere Vinci Verde \u00e8 la fusione perfetta tra tradizione artigianale e design contemporaneo. Realizzato in vetro soffiato a bocca, con un\u2019elegante base ad anello e l\u2019effetto elica, \u00e8 un bicchiere che si adatta facilmente a tutti i contesti. Il suo colore verde empolese lo rende ideale per una tavola all\u2019aperto o per eventi immersi nella natura. Che si tratti di una cena informale, un pranzo in campagna, o un\u2019occasione speciale, il Bicchiere Vinci Verde \u00e8 la scelta perfetta per un servizio elegante, pratico e con un tocco di tradizione toscana.<\/p>\n<\/div>\n<\/div>\n<\/div>\n<\/div>\n<\/div>\n<\/div>\n<\/div>\n<\/div>\n<\/article>\n","protected":false},"excerpt":{"rendered":"<p>Confezione da 6 pezzi<\/p>\n<p>Il bicchiere vinci verde \u00e8 un classico della nostra azienda realizzato in vetro soffiato a bocca dai maestri vetrai toscani. La sua caratteristica base ad anello e l\u2019effetto elica o tors\u00e9 lo rendono elegante e informale al tempo stesso. Un prodotto versatile adatto a molteplici situazioni e mise en place. Nel colore verde caratteristico del vetro empolese diventa perfetto per una tavola all&#8217;aperto e in campagna.<\/p>\n<p>cl. 29<\/p>\n<p>fl.oz. 9,81<\/p>\n<p>h. 110 mm.<\/p>\n<p>\u00d8 81 mm.<\/p>\n<p>vetro soffiato a bocca, 100% Made in Tuscany<\/p>\n<p>Confezione da 6 pezzi<\/p>\n<p>\u00a9 design FARA S.r.l.<\/p>\n","protected":false},"featured_media":23374,"template":"","meta":{"inline_featured_image":false},"product_brand":[],"product_cat":[25,333],"product_tag":[891,909,906],"class_list":{"0":"post-25766","1":"product","2":"type-product","3":"status-publish","4":"has-post-thumbnail","6":"product_cat-bufferia-toscana","7":"product_cat-acquistabili-online","8":"product_tag-acqua","9":"product_tag-bufferia-toscana","10":"product_tag-vetrosoffiato","12":"first","13":"instock","14":"featured","15":"taxable","16":"shipping-taxable","17":"purchasable","18":"product-type-simple"},"yoast_head":"<!-- This site is optimized with the Yoast SEO plugin v26.6 - https:\/\/yoast.com\/wordpress\/plugins\/seo\/ -->\n<title>SET DI 6 BICCHIERI VINCI VERDE - Fara Vetrerie e Cristallerie<\/title>\n<meta name=\"description\" content=\"Il bicchiere Vinci \u00e8 un classico della nostra azienda realizzato in vetro soffiato a bocca dai maestri vetrai toscani. In vetro verde di Empoli\" \/>\n<meta name=\"robots\" content=\"index, follow, max-snippet:-1, max-image-preview:large, max-video-preview:-1\" \/>\n<link rel=\"canonical\" href=\"https:\/\/faravetrerie.it\/en\/shop-en\/tuscan-bufferia\/bicchiere-vinci-verde\/\" \/>\n<meta property=\"og:locale\" content=\"en_US\" \/>\n<meta property=\"og:type\" content=\"article\" \/>\n<meta property=\"og:title\" content=\"SET DI 6 BICCHIERI VINCI VERDE - Fara Vetrerie e Cristallerie\" \/>\n<meta property=\"og:description\" content=\"Il bicchiere Vinci \u00e8 un classico della nostra azienda realizzato in vetro soffiato a bocca dai maestri vetrai toscani. In vetro verde di Empoli\" \/>\n<meta property=\"og:url\" content=\"https:\/\/faravetrerie.it\/en\/shop-en\/tuscan-bufferia\/bicchiere-vinci-verde\/\" \/>\n<meta property=\"og:site_name\" content=\"Fara Vetrerie e Cristallerie\" \/>\n<meta property=\"article:modified_time\" content=\"2026-02-10T10:59:44+00:00\" \/>\n<meta property=\"og:image\" content=\"https:\/\/faravetrerie.it\/wp-content\/uploads\/2025\/12\/FFVIN1V_01-scaled-e1597052391501-3.jpg\" \/>\n\t<meta property=\"og:image:width\" content=\"2336\" \/>\n\t<meta property=\"og:image:height\" content=\"2284\" \/>\n\t<meta property=\"og:image:type\" content=\"image\/jpeg\" \/>\n<meta name=\"twitter:card\" content=\"summary_large_image\" \/>\n<meta name=\"twitter:label1\" content=\"Est. reading time\" \/>\n\t<meta name=\"twitter:data1\" content=\"3 minutes\" \/>\n<script type=\"application\/ld+json\" class=\"yoast-schema-graph\">{\"@context\":\"https:\/\/schema.org\",\"@graph\":[{\"@type\":\"WebPage\",\"@id\":\"https:\/\/faravetrerie.it\/en\/shop-en\/tuscan-bufferia\/bicchiere-vinci-verde\/\",\"url\":\"https:\/\/faravetrerie.it\/en\/shop-en\/tuscan-bufferia\/bicchiere-vinci-verde\/\",\"name\":\"SET DI 6 BICCHIERI VINCI VERDE - Fara Vetrerie e Cristallerie\",\"isPartOf\":{\"@id\":\"https:\/\/faravetrerie.it\/en\/#website\"},\"primaryImageOfPage\":{\"@id\":\"https:\/\/faravetrerie.it\/en\/shop-en\/tuscan-bufferia\/bicchiere-vinci-verde\/#primaryimage\"},\"image\":{\"@id\":\"https:\/\/faravetrerie.it\/en\/shop-en\/tuscan-bufferia\/bicchiere-vinci-verde\/#primaryimage\"},\"thumbnailUrl\":\"https:\/\/faravetrerie.it\/wp-content\/uploads\/2025\/12\/FFVIN1V_01-scaled-e1597052391501-3.jpg\",\"datePublished\":\"2025-12-23T15:43:15+00:00\",\"dateModified\":\"2026-02-10T10:59:44+00:00\",\"description\":\"Il bicchiere Vinci \u00e8 un classico della nostra azienda realizzato in vetro soffiato a bocca dai maestri vetrai toscani. In vetro verde di Empoli\",\"breadcrumb\":{\"@id\":\"https:\/\/faravetrerie.it\/en\/shop-en\/tuscan-bufferia\/bicchiere-vinci-verde\/#breadcrumb\"},\"inLanguage\":\"en-US\",\"potentialAction\":[{\"@type\":\"ReadAction\",\"target\":[\"https:\/\/faravetrerie.it\/en\/shop-en\/tuscan-bufferia\/bicchiere-vinci-verde\/\"]}]},{\"@type\":\"ImageObject\",\"inLanguage\":\"en-US\",\"@id\":\"https:\/\/faravetrerie.it\/en\/shop-en\/tuscan-bufferia\/bicchiere-vinci-verde\/#primaryimage\",\"url\":\"https:\/\/faravetrerie.it\/wp-content\/uploads\/2025\/12\/FFVIN1V_01-scaled-e1597052391501-3.jpg\",\"contentUrl\":\"https:\/\/faravetrerie.it\/wp-content\/uploads\/2025\/12\/FFVIN1V_01-scaled-e1597052391501-3.jpg\",\"width\":2336,\"height\":2284,\"caption\":\"Bicchiere Vinci Verde\"},{\"@type\":\"BreadcrumbList\",\"@id\":\"https:\/\/faravetrerie.it\/en\/shop-en\/tuscan-bufferia\/bicchiere-vinci-verde\/#breadcrumb\",\"itemListElement\":[{\"@type\":\"ListItem\",\"position\":1,\"name\":\"Home\",\"item\":\"https:\/\/faravetrerie.it\/en\/\"},{\"@type\":\"ListItem\",\"position\":2,\"name\":\"Shop\",\"item\":\"https:\/\/faravetrerie.it\/en\/shop-en\/\"},{\"@type\":\"ListItem\",\"position\":3,\"name\":\"SET DI 6 BICCHIERI VINCI VERDE\"}]},{\"@type\":\"WebSite\",\"@id\":\"https:\/\/faravetrerie.it\/en\/#website\",\"url\":\"https:\/\/faravetrerie.it\/en\/\",\"name\":\"Fara Vetrerie e Cristallerie\",\"description\":\"\",\"publisher\":{\"@id\":\"https:\/\/faravetrerie.it\/en\/#organization\"},\"potentialAction\":[{\"@type\":\"SearchAction\",\"target\":{\"@type\":\"EntryPoint\",\"urlTemplate\":\"https:\/\/faravetrerie.it\/en\/?s={search_term_string}\"},\"query-input\":{\"@type\":\"PropertyValueSpecification\",\"valueRequired\":true,\"valueName\":\"search_term_string\"}}],\"inLanguage\":\"en-US\"},{\"@type\":\"Organization\",\"@id\":\"https:\/\/faravetrerie.it\/en\/#organization\",\"name\":\"Fara Vetrerie e Cristallerie\",\"url\":\"https:\/\/faravetrerie.it\/en\/\",\"logo\":{\"@type\":\"ImageObject\",\"inLanguage\":\"en-US\",\"@id\":\"https:\/\/faravetrerie.it\/en\/#\/schema\/logo\/image\/\",\"url\":\"https:\/\/faravetrerie.it\/wp-content\/uploads\/2025\/12\/logo-fara-bianco.png\",\"contentUrl\":\"https:\/\/faravetrerie.it\/wp-content\/uploads\/2025\/12\/logo-fara-bianco.png\",\"width\":2038,\"height\":2942,\"caption\":\"Fara Vetrerie e Cristallerie\"},\"image\":{\"@id\":\"https:\/\/faravetrerie.it\/en\/#\/schema\/logo\/image\/\"}}]}<\/script>\n<!-- \/ Yoast SEO plugin. -->","yoast_head_json":{"title":"SET DI 6 BICCHIERI VINCI VERDE - Fara Vetrerie e Cristallerie","description":"Il bicchiere Vinci \u00e8 un classico della nostra azienda realizzato in vetro soffiato a bocca dai maestri vetrai toscani. In vetro verde di Empoli","robots":{"index":"index","follow":"follow","max-snippet":"max-snippet:-1","max-image-preview":"max-image-preview:large","max-video-preview":"max-video-preview:-1"},"canonical":"https:\/\/faravetrerie.it\/en\/shop-en\/tuscan-bufferia\/bicchiere-vinci-verde\/","og_locale":"en_US","og_type":"article","og_title":"SET DI 6 BICCHIERI VINCI VERDE - Fara Vetrerie e Cristallerie","og_description":"Il bicchiere Vinci \u00e8 un classico della nostra azienda realizzato in vetro soffiato a bocca dai maestri vetrai toscani. In vetro verde di Empoli","og_url":"https:\/\/faravetrerie.it\/en\/shop-en\/tuscan-bufferia\/bicchiere-vinci-verde\/","og_site_name":"Fara Vetrerie e Cristallerie","article_modified_time":"2026-02-10T10:59:44+00:00","og_image":[{"width":2336,"height":2284,"url":"https:\/\/faravetrerie.it\/wp-content\/uploads\/2025\/12\/FFVIN1V_01-scaled-e1597052391501-3.jpg","type":"image\/jpeg"}],"twitter_card":"summary_large_image","twitter_misc":{"Est. reading time":"3 minutes"},"schema":{"@context":"https:\/\/schema.org","@graph":[{"@type":"WebPage","@id":"https:\/\/faravetrerie.it\/en\/shop-en\/tuscan-bufferia\/bicchiere-vinci-verde\/","url":"https:\/\/faravetrerie.it\/en\/shop-en\/tuscan-bufferia\/bicchiere-vinci-verde\/","name":"SET DI 6 BICCHIERI VINCI VERDE - Fara Vetrerie e Cristallerie","isPartOf":{"@id":"https:\/\/faravetrerie.it\/en\/#website"},"primaryImageOfPage":{"@id":"https:\/\/faravetrerie.it\/en\/shop-en\/tuscan-bufferia\/bicchiere-vinci-verde\/#primaryimage"},"image":{"@id":"https:\/\/faravetrerie.it\/en\/shop-en\/tuscan-bufferia\/bicchiere-vinci-verde\/#primaryimage"},"thumbnailUrl":"https:\/\/faravetrerie.it\/wp-content\/uploads\/2025\/12\/FFVIN1V_01-scaled-e1597052391501-3.jpg","datePublished":"2025-12-23T15:43:15+00:00","dateModified":"2026-02-10T10:59:44+00:00","description":"Il bicchiere Vinci \u00e8 un classico della nostra azienda realizzato in vetro soffiato a bocca dai maestri vetrai toscani. In vetro verde di Empoli","breadcrumb":{"@id":"https:\/\/faravetrerie.it\/en\/shop-en\/tuscan-bufferia\/bicchiere-vinci-verde\/#breadcrumb"},"inLanguage":"en-US","potentialAction":[{"@type":"ReadAction","target":["https:\/\/faravetrerie.it\/en\/shop-en\/tuscan-bufferia\/bicchiere-vinci-verde\/"]}]},{"@type":"ImageObject","inLanguage":"en-US","@id":"https:\/\/faravetrerie.it\/en\/shop-en\/tuscan-bufferia\/bicchiere-vinci-verde\/#primaryimage","url":"https:\/\/faravetrerie.it\/wp-content\/uploads\/2025\/12\/FFVIN1V_01-scaled-e1597052391501-3.jpg","contentUrl":"https:\/\/faravetrerie.it\/wp-content\/uploads\/2025\/12\/FFVIN1V_01-scaled-e1597052391501-3.jpg","width":2336,"height":2284,"caption":"Bicchiere Vinci Verde"},{"@type":"BreadcrumbList","@id":"https:\/\/faravetrerie.it\/en\/shop-en\/tuscan-bufferia\/bicchiere-vinci-verde\/#breadcrumb","itemListElement":[{"@type":"ListItem","position":1,"name":"Home","item":"https:\/\/faravetrerie.it\/en\/"},{"@type":"ListItem","position":2,"name":"Shop","item":"https:\/\/faravetrerie.it\/en\/shop-en\/"},{"@type":"ListItem","position":3,"name":"SET DI 6 BICCHIERI VINCI VERDE"}]},{"@type":"WebSite","@id":"https:\/\/faravetrerie.it\/en\/#website","url":"https:\/\/faravetrerie.it\/en\/","name":"Fara Vetrerie e Cristallerie","description":"","publisher":{"@id":"https:\/\/faravetrerie.it\/en\/#organization"},"potentialAction":[{"@type":"SearchAction","target":{"@type":"EntryPoint","urlTemplate":"https:\/\/faravetrerie.it\/en\/?s={search_term_string}"},"query-input":{"@type":"PropertyValueSpecification","valueRequired":true,"valueName":"search_term_string"}}],"inLanguage":"en-US"},{"@type":"Organization","@id":"https:\/\/faravetrerie.it\/en\/#organization","name":"Fara Vetrerie e Cristallerie","url":"https:\/\/faravetrerie.it\/en\/","logo":{"@type":"ImageObject","inLanguage":"en-US","@id":"https:\/\/faravetrerie.it\/en\/#\/schema\/logo\/image\/","url":"https:\/\/faravetrerie.it\/wp-content\/uploads\/2025\/12\/logo-fara-bianco.png","contentUrl":"https:\/\/faravetrerie.it\/wp-content\/uploads\/2025\/12\/logo-fara-bianco.png","width":2038,"height":2942,"caption":"Fara Vetrerie e Cristallerie"},"image":{"@id":"https:\/\/faravetrerie.it\/en\/#\/schema\/logo\/image\/"}}]}},"_links":{"self":[{"href":"https:\/\/faravetrerie.it\/en\/wp-json\/wp\/v2\/product\/25766","targetHints":{"allow":["GET"]}}],"collection":[{"href":"https:\/\/faravetrerie.it\/en\/wp-json\/wp\/v2\/product"}],"about":[{"href":"https:\/\/faravetrerie.it\/en\/wp-json\/wp\/v2\/types\/product"}],"wp:featuredmedia":[{"embeddable":true,"href":"https:\/\/faravetrerie.it\/en\/wp-json\/wp\/v2\/media\/23374"}],"wp:attachment":[{"href":"https:\/\/faravetrerie.it\/en\/wp-json\/wp\/v2\/media?parent=25766"}],"wp:term":[{"taxonomy":"product_brand","embeddable":true,"href":"https:\/\/faravetrerie.it\/en\/wp-json\/wp\/v2\/product_brand?post=25766"},{"taxonomy":"product_cat","embeddable":true,"href":"https:\/\/faravetrerie.it\/en\/wp-json\/wp\/v2\/product_cat?post=25766"},{"taxonomy":"product_tag","embeddable":true,"href":"https:\/\/faravetrerie.it\/en\/wp-json\/wp\/v2\/product_tag?post=25766"}],"curies":[{"name":"wp","href":"https:\/\/api.w.org\/{rel}","templated":true}]}}