{"id":25767,"date":"2025-12-23T16:43:15","date_gmt":"2025-12-23T15:43:15","guid":{"rendered":"https:\/\/sviluppo.faravetrerie.it\/blog\/?post_type=product&#038;p=25767"},"modified":"2026-02-10T10:16:48","modified_gmt":"2026-02-10T09:16:48","slug":"bicchiere-fiesole-verde-torse","status":"publish","type":"product","link":"https:\/\/faravetrerie.it\/en\/shop-en\/tuscan-bufferia\/bicchiere-fiesole-verde-torse\/","title":{"rendered":"SET DI 6 BICCHIERI FIESOLE VERDE TORS\u00c9"},"content":{"rendered":"<article class=\"group\/turn w-full text-token-text-primary focus-visible:outline-2 focus-visible:outline-offset-[-4px]\" dir=\"auto\" data-testid=\"conversation-turn-96\" data-scroll-anchor=\"true\">\n<div class=\"text-base my-auto mx-auto py-[18px] px-6\">\n<div class=\"mx-auto flex flex-1 text-base gap-4 md:gap-5 lg:gap-6 md:max-w-3xl\">\n<div class=\"group\/conversation-turn relative flex w-full min-w-0 flex-col agent-turn @xs\/thread:px-0 @sm\/thread:px-1.5 @md\/thread:px-4\">\n<div class=\"flex-col gap-1 md:gap-3\">\n<div class=\"flex max-w-full flex-col flex-grow\">\n<div class=\"min-h-8 text-message relative flex w-full flex-col items-end gap-2 whitespace-normal break-words text-start [.text-message+&amp;]:mt-5\" dir=\"auto\" data-message-author-role=\"assistant\" data-message-id=\"de7b6372-8f25-4826-81be-189ffe048a2e\" data-message-model-slug=\"gpt-4o-mini\">\n<div class=\"flex w-full flex-col gap-1 empty:hidden first:pt-[3px]\">\n<div class=\"markdown prose w-full break-words dark:prose-invert light\">\n<h4 data-start=\"0\" data-end=\"77\"><strong data-start=\"0\" data-end=\"77\">Bicchiere Fiesole Verde Tors\u00e9: Eleganza Artigianale dalla Toscana<\/strong><\/h4>\n<p class=\"\" data-start=\"130\" data-end=\"624\">Il Bicchiere Fiesole Verde Tors\u00e9 \u00e8 un prodotto esclusivo della linea Bufferia Toscana, realizzato con la tradizionale tecnica del vetro soffiato a bocca dai maestri vetrai toscani. Questo bicchiere si distingue per il suo effetto tors\u00e9, che dona una forma dinamica e affascinante, abbinata alla tonalit\u00e0 verde tipica del vetro empolese. Un pezzo unico che unisce maestria artigianale e design elegante, perfetto per chi cerca un bicchiere che unisca funzionalit\u00e0 e bellezza.<\/p>\n<h5 data-start=\"626\" data-end=\"666\">Un Design Elegante con Effetto Tors\u00e9<\/h5>\n<p class=\"\" data-start=\"668\" data-end=\"1156\">Il Bicchiere Fiesole Verde Tors\u00e9 \u00e8 caratterizzato da un effetto tors\u00e9, che crea una forma elegante e scultorea, ma al contempo pratica e comoda da tenere in mano. L\u2019effetto tors\u00e9, che avvolge il bicchiere con linee fluide e armoniose, rende ogni pezzo assolutamente unico, in quanto il vetro soffiato a mano conferisce a ciascun bicchiere una forma leggermente diversa. Questo design non solo lo rende visivamente affascinante, ma lo rende anche perfetto per ogni tipo di bevanda.<\/p>\n<h5 data-start=\"1158\" data-end=\"1207\">Colore Verde Empolese: Un Tocco di Tradizione<\/h5>\n<p class=\"\" data-start=\"1209\" data-end=\"1642\">Il verde del bicchiere richiama la tradizione del vetro empolese, famoso per la sua bellezza e qualit\u00e0. Questo colore conferisce al bicchiere una raffinatezza naturale, che lo rende perfetto per ambienti rustici, tavole all\u2019aperto, ma anche per eventi pi\u00f9 eleganti. Il Bicchiere Fiesole \u00a0porta con s\u00e9 una sensazione di calore e natura, evocando atmosfere tradizionali e al tempo stesso moderne.<\/p>\n<h5 data-start=\"1644\" data-end=\"1693\">Versatilit\u00e0 e Adattabilit\u00e0 per Ogni Occasione<\/h5>\n<p class=\"\" data-start=\"1695\" data-end=\"2153\">La versatilit\u00e0 del Bicchiere lo rende ideale per una variet\u00e0 di bevande: dai cocktail freschi alle bibite dissetanti, dai vini ai liquori, \u00e8 un bicchiere perfetto per ogni tipo di servizio. Grazie alla sua forma e al design elegante, \u00e8 perfetto per essere utilizzato sia in contesti formali che informali. Si adatta perfettamente a tavole eleganti, ma anche a un picnic all\u2019aperto o a una cena rustica.<\/p>\n<h5 data-start=\"2155\" data-end=\"2208\">Conclusione: Eleganza Artigianale per Ogni Tavola<\/h5>\n<p class=\"\" data-start=\"2210\" data-end=\"2710\">Il Bicchiere Fiesole Verde Tors\u00e9 \u00e8 la scelta perfetta per chi cerca un bicchiere artigianale che unisce tradizione e design innovativo. Realizzato in vetro soffiato a bocca e con un effetto tors\u00e9 che cattura la luce in modo unico, \u00e8 ideale per chi apprezza i dettagli e l\u2019eleganza naturale. Perfetto per ogni occasione, dalla cena elegante alla tavola all\u2019aperto, il Bicchiere Fiesole Verde Tors\u00e9 rappresenta l\u2019arte del vetro toscano in ogni suo dettaglio.<\/p>\n<\/div>\n<\/div>\n<\/div>\n<\/div>\n<\/div>\n<\/div>\n<\/div>\n<\/div>\n<\/article>\n","protected":false},"excerpt":{"rendered":"<p>Confezione da 6 pezzi<\/p>\n<p>Il bicchiere Fiesole, della linea Bufferia Toscana, \u00e8 un prodotto in vetro soffiato a bocca dai maestri vetrai toscani. In vetro verde Empoli, l&#8217;effetto elica o tors\u00e9 crea movimento e freschezza rendendolo particolarmente adatto alle tavole all&#8217;aperto e in campagna<\/p>\n<p>cl. 33<\/p>\n<p>fl.oz. 11,16<\/p>\n<p>h. 88 mm.<\/p>\n<p>\u00d8 85 mm.<\/p>\n<p>vetro soffiato a bocca, 100% Made in Tuscany<\/p>\n<p>Confezione da 6 pezzi<\/p>\n<p>&nbsp;<\/p>\n","protected":false},"featured_media":23329,"template":"","meta":{"inline_featured_image":false},"product_brand":[],"product_cat":[25,333],"product_tag":[891,909,906],"class_list":{"0":"post-25767","1":"product","2":"type-product","3":"status-publish","4":"has-post-thumbnail","6":"product_cat-bufferia-toscana","7":"product_cat-acquistabili-online","8":"product_tag-acqua","9":"product_tag-bufferia-toscana","10":"product_tag-vetrosoffiato","12":"first","13":"outofstock","14":"featured","15":"taxable","16":"shipping-taxable","17":"purchasable","18":"product-type-simple"},"yoast_head":"<!-- This site is optimized with the Yoast SEO plugin v26.6 - https:\/\/yoast.com\/wordpress\/plugins\/seo\/ -->\n<title>SET DI 6 BICCHIERI FIESOLE VERDE TORS\u00c9 - Fara Vetrerie e Cristallerie<\/title>\n<meta name=\"description\" content=\"Il bicchiere fiesole verde tors\u00e9 , della linea Bufferia Toscana, \u00e8 un prodotto in vetro soffiato a bocca dai maestri vetrai toscani.\" \/>\n<meta name=\"robots\" content=\"index, follow, max-snippet:-1, max-image-preview:large, max-video-preview:-1\" \/>\n<link rel=\"canonical\" href=\"https:\/\/faravetrerie.it\/en\/shop-en\/tuscan-bufferia\/bicchiere-fiesole-verde-torse\/\" \/>\n<meta property=\"og:locale\" content=\"en_US\" \/>\n<meta property=\"og:type\" content=\"article\" \/>\n<meta property=\"og:title\" content=\"SET DI 6 BICCHIERI FIESOLE VERDE TORS\u00c9 - Fara Vetrerie e Cristallerie\" \/>\n<meta property=\"og:description\" content=\"Il bicchiere fiesole verde tors\u00e9 , della linea Bufferia Toscana, \u00e8 un prodotto in vetro soffiato a bocca dai maestri vetrai toscani.\" \/>\n<meta property=\"og:url\" content=\"https:\/\/faravetrerie.it\/en\/shop-en\/tuscan-bufferia\/bicchiere-fiesole-verde-torse\/\" \/>\n<meta property=\"og:site_name\" content=\"Fara Vetrerie e Cristallerie\" \/>\n<meta property=\"article:modified_time\" content=\"2026-02-10T09:16:48+00:00\" \/>\n<meta property=\"og:image\" content=\"https:\/\/faravetrerie.it\/wp-content\/uploads\/2025\/12\/FFFIE1V-3-1024x1024.jpg\" \/>\n\t<meta property=\"og:image:width\" content=\"1024\" \/>\n\t<meta property=\"og:image:height\" content=\"1024\" \/>\n\t<meta property=\"og:image:type\" content=\"image\/jpeg\" \/>\n<meta name=\"twitter:card\" content=\"summary_large_image\" \/>\n<meta name=\"twitter:label1\" content=\"Est. reading time\" \/>\n\t<meta name=\"twitter:data1\" content=\"3 minutes\" \/>\n<script type=\"application\/ld+json\" class=\"yoast-schema-graph\">{\"@context\":\"https:\/\/schema.org\",\"@graph\":[{\"@type\":\"WebPage\",\"@id\":\"https:\/\/faravetrerie.it\/en\/shop-en\/tuscan-bufferia\/bicchiere-fiesole-verde-torse\/\",\"url\":\"https:\/\/faravetrerie.it\/en\/shop-en\/tuscan-bufferia\/bicchiere-fiesole-verde-torse\/\",\"name\":\"SET DI 6 BICCHIERI FIESOLE VERDE TORS\u00c9 - Fara Vetrerie e Cristallerie\",\"isPartOf\":{\"@id\":\"https:\/\/faravetrerie.it\/en\/#website\"},\"primaryImageOfPage\":{\"@id\":\"https:\/\/faravetrerie.it\/en\/shop-en\/tuscan-bufferia\/bicchiere-fiesole-verde-torse\/#primaryimage\"},\"image\":{\"@id\":\"https:\/\/faravetrerie.it\/en\/shop-en\/tuscan-bufferia\/bicchiere-fiesole-verde-torse\/#primaryimage\"},\"thumbnailUrl\":\"https:\/\/faravetrerie.it\/wp-content\/uploads\/2025\/12\/FFFIE1V-3.jpg\",\"datePublished\":\"2025-12-23T15:43:15+00:00\",\"dateModified\":\"2026-02-10T09:16:48+00:00\",\"description\":\"Il bicchiere fiesole verde tors\u00e9 , della linea Bufferia Toscana, \u00e8 un prodotto in vetro soffiato a bocca dai maestri vetrai toscani.\",\"breadcrumb\":{\"@id\":\"https:\/\/faravetrerie.it\/en\/shop-en\/tuscan-bufferia\/bicchiere-fiesole-verde-torse\/#breadcrumb\"},\"inLanguage\":\"en-US\",\"potentialAction\":[{\"@type\":\"ReadAction\",\"target\":[\"https:\/\/faravetrerie.it\/en\/shop-en\/tuscan-bufferia\/bicchiere-fiesole-verde-torse\/\"]}]},{\"@type\":\"ImageObject\",\"inLanguage\":\"en-US\",\"@id\":\"https:\/\/faravetrerie.it\/en\/shop-en\/tuscan-bufferia\/bicchiere-fiesole-verde-torse\/#primaryimage\",\"url\":\"https:\/\/faravetrerie.it\/wp-content\/uploads\/2025\/12\/FFFIE1V-3.jpg\",\"contentUrl\":\"https:\/\/faravetrerie.it\/wp-content\/uploads\/2025\/12\/FFFIE1V-3.jpg\",\"width\":1890,\"height\":1890,\"caption\":\"Bicchiere Fiesole Verde Tors\u00e9\"},{\"@type\":\"BreadcrumbList\",\"@id\":\"https:\/\/faravetrerie.it\/en\/shop-en\/tuscan-bufferia\/bicchiere-fiesole-verde-torse\/#breadcrumb\",\"itemListElement\":[{\"@type\":\"ListItem\",\"position\":1,\"name\":\"Home\",\"item\":\"https:\/\/faravetrerie.it\/en\/\"},{\"@type\":\"ListItem\",\"position\":2,\"name\":\"Shop\",\"item\":\"https:\/\/faravetrerie.it\/en\/shop-en\/\"},{\"@type\":\"ListItem\",\"position\":3,\"name\":\"SET DI 6 BICCHIERI FIESOLE VERDE TORS\u00c9\"}]},{\"@type\":\"WebSite\",\"@id\":\"https:\/\/faravetrerie.it\/en\/#website\",\"url\":\"https:\/\/faravetrerie.it\/en\/\",\"name\":\"Fara Vetrerie e Cristallerie\",\"description\":\"\",\"publisher\":{\"@id\":\"https:\/\/faravetrerie.it\/en\/#organization\"},\"potentialAction\":[{\"@type\":\"SearchAction\",\"target\":{\"@type\":\"EntryPoint\",\"urlTemplate\":\"https:\/\/faravetrerie.it\/en\/?s={search_term_string}\"},\"query-input\":{\"@type\":\"PropertyValueSpecification\",\"valueRequired\":true,\"valueName\":\"search_term_string\"}}],\"inLanguage\":\"en-US\"},{\"@type\":\"Organization\",\"@id\":\"https:\/\/faravetrerie.it\/en\/#organization\",\"name\":\"Fara Vetrerie e Cristallerie\",\"url\":\"https:\/\/faravetrerie.it\/en\/\",\"logo\":{\"@type\":\"ImageObject\",\"inLanguage\":\"en-US\",\"@id\":\"https:\/\/faravetrerie.it\/en\/#\/schema\/logo\/image\/\",\"url\":\"https:\/\/faravetrerie.it\/wp-content\/uploads\/2025\/12\/logo-fara-bianco.png\",\"contentUrl\":\"https:\/\/faravetrerie.it\/wp-content\/uploads\/2025\/12\/logo-fara-bianco.png\",\"width\":2038,\"height\":2942,\"caption\":\"Fara Vetrerie e Cristallerie\"},\"image\":{\"@id\":\"https:\/\/faravetrerie.it\/en\/#\/schema\/logo\/image\/\"}}]}<\/script>\n<!-- \/ Yoast SEO plugin. -->","yoast_head_json":{"title":"SET DI 6 BICCHIERI FIESOLE VERDE TORS\u00c9 - Fara Vetrerie e Cristallerie","description":"Il bicchiere fiesole verde tors\u00e9 , della linea Bufferia Toscana, \u00e8 un prodotto in vetro soffiato a bocca dai maestri vetrai toscani.","robots":{"index":"index","follow":"follow","max-snippet":"max-snippet:-1","max-image-preview":"max-image-preview:large","max-video-preview":"max-video-preview:-1"},"canonical":"https:\/\/faravetrerie.it\/en\/shop-en\/tuscan-bufferia\/bicchiere-fiesole-verde-torse\/","og_locale":"en_US","og_type":"article","og_title":"SET DI 6 BICCHIERI FIESOLE VERDE TORS\u00c9 - Fara Vetrerie e Cristallerie","og_description":"Il bicchiere fiesole verde tors\u00e9 , della linea Bufferia Toscana, \u00e8 un prodotto in vetro soffiato a bocca dai maestri vetrai toscani.","og_url":"https:\/\/faravetrerie.it\/en\/shop-en\/tuscan-bufferia\/bicchiere-fiesole-verde-torse\/","og_site_name":"Fara Vetrerie e Cristallerie","article_modified_time":"2026-02-10T09:16:48+00:00","og_image":[{"width":1024,"height":1024,"url":"https:\/\/faravetrerie.it\/wp-content\/uploads\/2025\/12\/FFFIE1V-3-1024x1024.jpg","type":"image\/jpeg"}],"twitter_card":"summary_large_image","twitter_misc":{"Est. reading time":"3 minutes"},"schema":{"@context":"https:\/\/schema.org","@graph":[{"@type":"WebPage","@id":"https:\/\/faravetrerie.it\/en\/shop-en\/tuscan-bufferia\/bicchiere-fiesole-verde-torse\/","url":"https:\/\/faravetrerie.it\/en\/shop-en\/tuscan-bufferia\/bicchiere-fiesole-verde-torse\/","name":"SET DI 6 BICCHIERI FIESOLE VERDE TORS\u00c9 - Fara Vetrerie e Cristallerie","isPartOf":{"@id":"https:\/\/faravetrerie.it\/en\/#website"},"primaryImageOfPage":{"@id":"https:\/\/faravetrerie.it\/en\/shop-en\/tuscan-bufferia\/bicchiere-fiesole-verde-torse\/#primaryimage"},"image":{"@id":"https:\/\/faravetrerie.it\/en\/shop-en\/tuscan-bufferia\/bicchiere-fiesole-verde-torse\/#primaryimage"},"thumbnailUrl":"https:\/\/faravetrerie.it\/wp-content\/uploads\/2025\/12\/FFFIE1V-3.jpg","datePublished":"2025-12-23T15:43:15+00:00","dateModified":"2026-02-10T09:16:48+00:00","description":"Il bicchiere fiesole verde tors\u00e9 , della linea Bufferia Toscana, \u00e8 un prodotto in vetro soffiato a bocca dai maestri vetrai toscani.","breadcrumb":{"@id":"https:\/\/faravetrerie.it\/en\/shop-en\/tuscan-bufferia\/bicchiere-fiesole-verde-torse\/#breadcrumb"},"inLanguage":"en-US","potentialAction":[{"@type":"ReadAction","target":["https:\/\/faravetrerie.it\/en\/shop-en\/tuscan-bufferia\/bicchiere-fiesole-verde-torse\/"]}]},{"@type":"ImageObject","inLanguage":"en-US","@id":"https:\/\/faravetrerie.it\/en\/shop-en\/tuscan-bufferia\/bicchiere-fiesole-verde-torse\/#primaryimage","url":"https:\/\/faravetrerie.it\/wp-content\/uploads\/2025\/12\/FFFIE1V-3.jpg","contentUrl":"https:\/\/faravetrerie.it\/wp-content\/uploads\/2025\/12\/FFFIE1V-3.jpg","width":1890,"height":1890,"caption":"Bicchiere Fiesole Verde Tors\u00e9"},{"@type":"BreadcrumbList","@id":"https:\/\/faravetrerie.it\/en\/shop-en\/tuscan-bufferia\/bicchiere-fiesole-verde-torse\/#breadcrumb","itemListElement":[{"@type":"ListItem","position":1,"name":"Home","item":"https:\/\/faravetrerie.it\/en\/"},{"@type":"ListItem","position":2,"name":"Shop","item":"https:\/\/faravetrerie.it\/en\/shop-en\/"},{"@type":"ListItem","position":3,"name":"SET DI 6 BICCHIERI FIESOLE VERDE TORS\u00c9"}]},{"@type":"WebSite","@id":"https:\/\/faravetrerie.it\/en\/#website","url":"https:\/\/faravetrerie.it\/en\/","name":"Fara Vetrerie e Cristallerie","description":"","publisher":{"@id":"https:\/\/faravetrerie.it\/en\/#organization"},"potentialAction":[{"@type":"SearchAction","target":{"@type":"EntryPoint","urlTemplate":"https:\/\/faravetrerie.it\/en\/?s={search_term_string}"},"query-input":{"@type":"PropertyValueSpecification","valueRequired":true,"valueName":"search_term_string"}}],"inLanguage":"en-US"},{"@type":"Organization","@id":"https:\/\/faravetrerie.it\/en\/#organization","name":"Fara Vetrerie e Cristallerie","url":"https:\/\/faravetrerie.it\/en\/","logo":{"@type":"ImageObject","inLanguage":"en-US","@id":"https:\/\/faravetrerie.it\/en\/#\/schema\/logo\/image\/","url":"https:\/\/faravetrerie.it\/wp-content\/uploads\/2025\/12\/logo-fara-bianco.png","contentUrl":"https:\/\/faravetrerie.it\/wp-content\/uploads\/2025\/12\/logo-fara-bianco.png","width":2038,"height":2942,"caption":"Fara Vetrerie e Cristallerie"},"image":{"@id":"https:\/\/faravetrerie.it\/en\/#\/schema\/logo\/image\/"}}]}},"_links":{"self":[{"href":"https:\/\/faravetrerie.it\/en\/wp-json\/wp\/v2\/product\/25767","targetHints":{"allow":["GET"]}}],"collection":[{"href":"https:\/\/faravetrerie.it\/en\/wp-json\/wp\/v2\/product"}],"about":[{"href":"https:\/\/faravetrerie.it\/en\/wp-json\/wp\/v2\/types\/product"}],"wp:featuredmedia":[{"embeddable":true,"href":"https:\/\/faravetrerie.it\/en\/wp-json\/wp\/v2\/media\/23329"}],"wp:attachment":[{"href":"https:\/\/faravetrerie.it\/en\/wp-json\/wp\/v2\/media?parent=25767"}],"wp:term":[{"taxonomy":"product_brand","embeddable":true,"href":"https:\/\/faravetrerie.it\/en\/wp-json\/wp\/v2\/product_brand?post=25767"},{"taxonomy":"product_cat","embeddable":true,"href":"https:\/\/faravetrerie.it\/en\/wp-json\/wp\/v2\/product_cat?post=25767"},{"taxonomy":"product_tag","embeddable":true,"href":"https:\/\/faravetrerie.it\/en\/wp-json\/wp\/v2\/product_tag?post=25767"}],"curies":[{"name":"wp","href":"https:\/\/api.w.org\/{rel}","templated":true}]}}