{"id":25777,"date":"2025-12-23T16:43:24","date_gmt":"2025-12-23T15:43:24","guid":{"rendered":"https:\/\/sviluppo.faravetrerie.it\/blog\/?post_type=product&#038;p=25777"},"modified":"2026-01-29T08:50:42","modified_gmt":"2026-01-29T07:50:42","slug":"caraffa-diana-1-litro","status":"publish","type":"product","link":"https:\/\/faravetrerie.it\/en\/shop-en\/water-en\/water-bottles\/caraffa-diana-1-litro\/","title":{"rendered":"CARAFFA DIANA 1 LITRO"},"content":{"rendered":"<div class=\"flex flex-1 grow basis-auto flex-col overflow-hidden\">\n<div class=\"relative h-full\">\n<div class=\"flex h-full flex-col overflow-y-auto [scrollbar-gutter:stable]\">\n<div class=\"mt-1.5 flex flex-col text-sm @thread-xl\/thread:pt-header-height md:pb-9\">\n<article class=\"group\/turn w-full text-token-text-primary focus-visible:outline-2 focus-visible:outline-offset-[-4px]\" dir=\"auto\" data-testid=\"conversation-turn-22\" data-scroll-anchor=\"true\">\n<div class=\"text-base my-auto mx-auto py-[18px] px-6\">\n<div class=\"mx-auto flex flex-1 text-base gap-4 md:gap-5 lg:gap-6 md:max-w-3xl\">\n<div class=\"group\/conversation-turn relative flex w-full min-w-0 flex-col agent-turn @xs\/thread:px-0 @sm\/thread:px-1.5 @md\/thread:px-4\">\n<div class=\"flex-col gap-1 md:gap-3\">\n<div class=\"flex max-w-full flex-col flex-grow\">\n<div class=\"min-h-8 text-message relative flex w-full flex-col items-end gap-2 whitespace-normal break-words text-start [.text-message+&amp;]:mt-5\" dir=\"auto\" data-message-author-role=\"assistant\" data-message-id=\"4851d045-2879-4302-b883-fa874c1526e9\" data-message-model-slug=\"gpt-4o-mini\">\n<div class=\"flex w-full flex-col gap-1 empty:hidden first:pt-[3px]\">\n<div class=\"markdown prose w-full break-words dark:prose-invert light\">\n<h5 data-start=\"0\" data-end=\"76\"><strong data-start=\"0\" data-end=\"76\">Caraffa Diana 1 Litro: Praticit\u00e0 e Resistenza per la Ristorazione Veloce<\/strong><\/h5>\n<p data-start=\"78\" data-end=\"425\">La Caraffa Diana 1 Litro \u00e8 la soluzione perfetta per chi cerca un prodotto pratico e maneggevole in contesti di ristorazione dai ritmi veloci. Realizzata in vetro resistente, questa caraffa \u00e8 pensata per offrire sia durabilit\u00e0 che comfort durante il servizio, mantenendo alta la qualit\u00e0 del prodotto in ogni situazione.<\/p>\n<h5 data-start=\"427\" data-end=\"462\">Design Funzionale e Maneggevole<\/h5>\n<p data-start=\"464\" data-end=\"934\">La Caraffa Diana \u00e8 progettata per essere facile da utilizzare, anche durante le ore pi\u00f9 frenetiche del servizio. Grazie alla sua forma ergonomica, \u00e8 semplice da maneggiare e versare, consentendo ai professionisti della ristorazione di servire rapidamente e con precisione. La caraffa, con una capacit\u00e0 di 1 litro, \u00e8 ideale per offrire bevande fresche, succhi, acqua o anche vino, rispondendo perfettamente alle esigenze di un ristorante o bar ad alto volume.<\/p>\n<h5 data-start=\"936\" data-end=\"972\">Vetro Resistente con Solida Base<\/h5>\n<p data-start=\"974\" data-end=\"1352\">Realizzata in vetro resistente, la Caraffa\u00a0\u00e8 progettata per resistere agli urti e per durare nel tempo, anche in ambienti di lavoro intensi. La sua solida base garantisce stabilit\u00e0, evitando rovesciamenti accidentali e rendendo ogni versamento preciso e sicuro. \u00c8 un prodotto robusto che non compromette l\u2019estetica, permettendo di servire le bevande con stile.<\/p>\n<h5 data-start=\"1354\" data-end=\"1386\">Perfetta per la Ristorazione<\/h5>\n<p data-start=\"1388\" data-end=\"1755\">La Caraffa Diana 1 Litro \u00e8 ideale per i locali ad alto traffico, dove la velocit\u00e0 e l&#8217;efficienza sono cruciali. Con il suo design semplice ma elegante, si adatta perfettamente a ristoranti, bar e caffetterie, offrendo praticit\u00e0 senza rinunciare all&#8217;aspetto estetico. \u00c8 perfetta per l&#8217;uso quotidiano e per garantire un servizio rapido e di qualit\u00e0.<\/p>\n<h5 data-start=\"1757\" data-end=\"1772\">Conclusioni<\/h5>\n<p data-start=\"1774\" data-end=\"2077\" data-is-last-node=\"\" data-is-only-node=\"\">Scegli la Caraffa Diana 1 Litro per una soluzione pratica, maneggevole e resistente nella tua attivit\u00e0 di ristorazione. Grazie al suo design funzionale, alla resistenza del vetro e alla solida base, \u00e8 il prodotto ideale per rispondere alle esigenze di un servizio veloce e professionale.<\/p>\n<\/div>\n<\/div>\n<\/div>\n<\/div>\n<\/div>\n<\/div>\n<\/div>\n<\/div>\n<\/article>\n<\/div>\n<\/div>\n<\/div>\n<\/div>\n","protected":false},"excerpt":{"rendered":"<p>Una caraffa pratica e maneggevole adatta ad una ristorazione dai ritmi veloci. In vetro resistente con una solida base.<\/p>\n<p>cl. 100<\/p>\n<p>fl.oz. 33,81<\/p>\n<p>h. 249 mm.<\/p>\n<p>\u00d8 79 mm.<\/p>\n<p>&nbsp;<\/p>\n","protected":false},"featured_media":23382,"template":"","meta":{"inline_featured_image":false},"product_brand":[],"product_cat":[23,35],"product_tag":[891,894,893],"class_list":{"0":"post-25777","1":"product","2":"type-product","3":"status-publish","4":"has-post-thumbnail","6":"product_cat-acqua","7":"product_cat-bottiglie-acqua","8":"product_tag-acqua","9":"product_tag-bottiglieacqua","10":"product_tag-bottigliepersonalizzate","12":"first","13":"instock","14":"taxable","15":"shipping-taxable","16":"product-type-simple"},"yoast_head":"<!-- This site is optimized with the Yoast SEO plugin v26.6 - https:\/\/yoast.com\/wordpress\/plugins\/seo\/ -->\n<title>CARAFFA DIANA 1 LITRO - Fara Vetrerie e Cristallerie<\/title>\n<meta name=\"description\" content=\"Una caraffa diana 1 litro pratica e maneggevole adatta ad una ristorazione dai ritmi veloci. In vetro resistente con una solida base.\" \/>\n<meta name=\"robots\" content=\"index, follow, max-snippet:-1, max-image-preview:large, max-video-preview:-1\" \/>\n<link rel=\"canonical\" href=\"https:\/\/faravetrerie.it\/en\/shop-en\/water-en\/water-bottles\/caraffa-diana-1-litro\/\" \/>\n<meta property=\"og:locale\" content=\"en_US\" \/>\n<meta property=\"og:type\" content=\"article\" \/>\n<meta property=\"og:title\" content=\"CARAFFA DIANA 1 LITRO - Fara Vetrerie e Cristallerie\" \/>\n<meta property=\"og:description\" content=\"Una caraffa diana 1 litro pratica e maneggevole adatta ad una ristorazione dai ritmi veloci. In vetro resistente con una solida base.\" \/>\n<meta property=\"og:url\" content=\"https:\/\/faravetrerie.it\/en\/shop-en\/water-en\/water-bottles\/caraffa-diana-1-litro\/\" \/>\n<meta property=\"og:site_name\" content=\"Fara Vetrerie e Cristallerie\" \/>\n<meta property=\"article:modified_time\" content=\"2026-01-29T07:50:42+00:00\" \/>\n<meta property=\"og:image\" content=\"https:\/\/faravetrerie.it\/wp-content\/uploads\/2025\/12\/VDDIA1_01-scaled-4.jpg\" \/>\n\t<meta property=\"og:image:width\" content=\"2353\" \/>\n\t<meta property=\"og:image:height\" content=\"2560\" \/>\n\t<meta property=\"og:image:type\" content=\"image\/jpeg\" \/>\n<meta name=\"twitter:card\" content=\"summary_large_image\" \/>\n<meta name=\"twitter:label1\" content=\"Est. reading time\" \/>\n\t<meta name=\"twitter:data1\" content=\"2 minutes\" \/>\n<script type=\"application\/ld+json\" class=\"yoast-schema-graph\">{\"@context\":\"https:\/\/schema.org\",\"@graph\":[{\"@type\":\"WebPage\",\"@id\":\"https:\/\/faravetrerie.it\/en\/shop-en\/water-en\/water-bottles\/caraffa-diana-1-litro\/\",\"url\":\"https:\/\/faravetrerie.it\/en\/shop-en\/water-en\/water-bottles\/caraffa-diana-1-litro\/\",\"name\":\"CARAFFA DIANA 1 LITRO - Fara Vetrerie e Cristallerie\",\"isPartOf\":{\"@id\":\"https:\/\/faravetrerie.it\/en\/#website\"},\"primaryImageOfPage\":{\"@id\":\"https:\/\/faravetrerie.it\/en\/shop-en\/water-en\/water-bottles\/caraffa-diana-1-litro\/#primaryimage\"},\"image\":{\"@id\":\"https:\/\/faravetrerie.it\/en\/shop-en\/water-en\/water-bottles\/caraffa-diana-1-litro\/#primaryimage\"},\"thumbnailUrl\":\"https:\/\/faravetrerie.it\/wp-content\/uploads\/2025\/12\/VDDIA1_01-scaled-4.jpg\",\"datePublished\":\"2025-12-23T15:43:24+00:00\",\"dateModified\":\"2026-01-29T07:50:42+00:00\",\"description\":\"Una caraffa diana 1 litro pratica e maneggevole adatta ad una ristorazione dai ritmi veloci. In vetro resistente con una solida base.\",\"breadcrumb\":{\"@id\":\"https:\/\/faravetrerie.it\/en\/shop-en\/water-en\/water-bottles\/caraffa-diana-1-litro\/#breadcrumb\"},\"inLanguage\":\"en-US\",\"potentialAction\":[{\"@type\":\"ReadAction\",\"target\":[\"https:\/\/faravetrerie.it\/en\/shop-en\/water-en\/water-bottles\/caraffa-diana-1-litro\/\"]}]},{\"@type\":\"ImageObject\",\"inLanguage\":\"en-US\",\"@id\":\"https:\/\/faravetrerie.it\/en\/shop-en\/water-en\/water-bottles\/caraffa-diana-1-litro\/#primaryimage\",\"url\":\"https:\/\/faravetrerie.it\/wp-content\/uploads\/2025\/12\/VDDIA1_01-scaled-4.jpg\",\"contentUrl\":\"https:\/\/faravetrerie.it\/wp-content\/uploads\/2025\/12\/VDDIA1_01-scaled-4.jpg\",\"width\":2353,\"height\":2560,\"caption\":\"Caraffa Diana 1 Litro\"},{\"@type\":\"BreadcrumbList\",\"@id\":\"https:\/\/faravetrerie.it\/en\/shop-en\/water-en\/water-bottles\/caraffa-diana-1-litro\/#breadcrumb\",\"itemListElement\":[{\"@type\":\"ListItem\",\"position\":1,\"name\":\"Home\",\"item\":\"https:\/\/faravetrerie.it\/en\/\"},{\"@type\":\"ListItem\",\"position\":2,\"name\":\"Shop\",\"item\":\"https:\/\/faravetrerie.it\/en\/shop-en\/\"},{\"@type\":\"ListItem\",\"position\":3,\"name\":\"CARAFFA DIANA 1 LITRO\"}]},{\"@type\":\"WebSite\",\"@id\":\"https:\/\/faravetrerie.it\/en\/#website\",\"url\":\"https:\/\/faravetrerie.it\/en\/\",\"name\":\"Fara Vetrerie e Cristallerie\",\"description\":\"\",\"publisher\":{\"@id\":\"https:\/\/faravetrerie.it\/en\/#organization\"},\"potentialAction\":[{\"@type\":\"SearchAction\",\"target\":{\"@type\":\"EntryPoint\",\"urlTemplate\":\"https:\/\/faravetrerie.it\/en\/?s={search_term_string}\"},\"query-input\":{\"@type\":\"PropertyValueSpecification\",\"valueRequired\":true,\"valueName\":\"search_term_string\"}}],\"inLanguage\":\"en-US\"},{\"@type\":\"Organization\",\"@id\":\"https:\/\/faravetrerie.it\/en\/#organization\",\"name\":\"Fara Vetrerie e Cristallerie\",\"url\":\"https:\/\/faravetrerie.it\/en\/\",\"logo\":{\"@type\":\"ImageObject\",\"inLanguage\":\"en-US\",\"@id\":\"https:\/\/faravetrerie.it\/en\/#\/schema\/logo\/image\/\",\"url\":\"https:\/\/faravetrerie.it\/wp-content\/uploads\/2025\/12\/logo-fara-bianco.png\",\"contentUrl\":\"https:\/\/faravetrerie.it\/wp-content\/uploads\/2025\/12\/logo-fara-bianco.png\",\"width\":2038,\"height\":2942,\"caption\":\"Fara Vetrerie e Cristallerie\"},\"image\":{\"@id\":\"https:\/\/faravetrerie.it\/en\/#\/schema\/logo\/image\/\"}}]}<\/script>\n<!-- \/ Yoast SEO plugin. -->","yoast_head_json":{"title":"CARAFFA DIANA 1 LITRO - Fara Vetrerie e Cristallerie","description":"Una caraffa diana 1 litro pratica e maneggevole adatta ad una ristorazione dai ritmi veloci. In vetro resistente con una solida base.","robots":{"index":"index","follow":"follow","max-snippet":"max-snippet:-1","max-image-preview":"max-image-preview:large","max-video-preview":"max-video-preview:-1"},"canonical":"https:\/\/faravetrerie.it\/en\/shop-en\/water-en\/water-bottles\/caraffa-diana-1-litro\/","og_locale":"en_US","og_type":"article","og_title":"CARAFFA DIANA 1 LITRO - Fara Vetrerie e Cristallerie","og_description":"Una caraffa diana 1 litro pratica e maneggevole adatta ad una ristorazione dai ritmi veloci. In vetro resistente con una solida base.","og_url":"https:\/\/faravetrerie.it\/en\/shop-en\/water-en\/water-bottles\/caraffa-diana-1-litro\/","og_site_name":"Fara Vetrerie e Cristallerie","article_modified_time":"2026-01-29T07:50:42+00:00","og_image":[{"width":2353,"height":2560,"url":"https:\/\/faravetrerie.it\/wp-content\/uploads\/2025\/12\/VDDIA1_01-scaled-4.jpg","type":"image\/jpeg"}],"twitter_card":"summary_large_image","twitter_misc":{"Est. reading time":"2 minutes"},"schema":{"@context":"https:\/\/schema.org","@graph":[{"@type":"WebPage","@id":"https:\/\/faravetrerie.it\/en\/shop-en\/water-en\/water-bottles\/caraffa-diana-1-litro\/","url":"https:\/\/faravetrerie.it\/en\/shop-en\/water-en\/water-bottles\/caraffa-diana-1-litro\/","name":"CARAFFA DIANA 1 LITRO - Fara Vetrerie e Cristallerie","isPartOf":{"@id":"https:\/\/faravetrerie.it\/en\/#website"},"primaryImageOfPage":{"@id":"https:\/\/faravetrerie.it\/en\/shop-en\/water-en\/water-bottles\/caraffa-diana-1-litro\/#primaryimage"},"image":{"@id":"https:\/\/faravetrerie.it\/en\/shop-en\/water-en\/water-bottles\/caraffa-diana-1-litro\/#primaryimage"},"thumbnailUrl":"https:\/\/faravetrerie.it\/wp-content\/uploads\/2025\/12\/VDDIA1_01-scaled-4.jpg","datePublished":"2025-12-23T15:43:24+00:00","dateModified":"2026-01-29T07:50:42+00:00","description":"Una caraffa diana 1 litro pratica e maneggevole adatta ad una ristorazione dai ritmi veloci. In vetro resistente con una solida base.","breadcrumb":{"@id":"https:\/\/faravetrerie.it\/en\/shop-en\/water-en\/water-bottles\/caraffa-diana-1-litro\/#breadcrumb"},"inLanguage":"en-US","potentialAction":[{"@type":"ReadAction","target":["https:\/\/faravetrerie.it\/en\/shop-en\/water-en\/water-bottles\/caraffa-diana-1-litro\/"]}]},{"@type":"ImageObject","inLanguage":"en-US","@id":"https:\/\/faravetrerie.it\/en\/shop-en\/water-en\/water-bottles\/caraffa-diana-1-litro\/#primaryimage","url":"https:\/\/faravetrerie.it\/wp-content\/uploads\/2025\/12\/VDDIA1_01-scaled-4.jpg","contentUrl":"https:\/\/faravetrerie.it\/wp-content\/uploads\/2025\/12\/VDDIA1_01-scaled-4.jpg","width":2353,"height":2560,"caption":"Caraffa Diana 1 Litro"},{"@type":"BreadcrumbList","@id":"https:\/\/faravetrerie.it\/en\/shop-en\/water-en\/water-bottles\/caraffa-diana-1-litro\/#breadcrumb","itemListElement":[{"@type":"ListItem","position":1,"name":"Home","item":"https:\/\/faravetrerie.it\/en\/"},{"@type":"ListItem","position":2,"name":"Shop","item":"https:\/\/faravetrerie.it\/en\/shop-en\/"},{"@type":"ListItem","position":3,"name":"CARAFFA DIANA 1 LITRO"}]},{"@type":"WebSite","@id":"https:\/\/faravetrerie.it\/en\/#website","url":"https:\/\/faravetrerie.it\/en\/","name":"Fara Vetrerie e Cristallerie","description":"","publisher":{"@id":"https:\/\/faravetrerie.it\/en\/#organization"},"potentialAction":[{"@type":"SearchAction","target":{"@type":"EntryPoint","urlTemplate":"https:\/\/faravetrerie.it\/en\/?s={search_term_string}"},"query-input":{"@type":"PropertyValueSpecification","valueRequired":true,"valueName":"search_term_string"}}],"inLanguage":"en-US"},{"@type":"Organization","@id":"https:\/\/faravetrerie.it\/en\/#organization","name":"Fara Vetrerie e Cristallerie","url":"https:\/\/faravetrerie.it\/en\/","logo":{"@type":"ImageObject","inLanguage":"en-US","@id":"https:\/\/faravetrerie.it\/en\/#\/schema\/logo\/image\/","url":"https:\/\/faravetrerie.it\/wp-content\/uploads\/2025\/12\/logo-fara-bianco.png","contentUrl":"https:\/\/faravetrerie.it\/wp-content\/uploads\/2025\/12\/logo-fara-bianco.png","width":2038,"height":2942,"caption":"Fara Vetrerie e Cristallerie"},"image":{"@id":"https:\/\/faravetrerie.it\/en\/#\/schema\/logo\/image\/"}}]}},"_links":{"self":[{"href":"https:\/\/faravetrerie.it\/en\/wp-json\/wp\/v2\/product\/25777","targetHints":{"allow":["GET"]}}],"collection":[{"href":"https:\/\/faravetrerie.it\/en\/wp-json\/wp\/v2\/product"}],"about":[{"href":"https:\/\/faravetrerie.it\/en\/wp-json\/wp\/v2\/types\/product"}],"wp:featuredmedia":[{"embeddable":true,"href":"https:\/\/faravetrerie.it\/en\/wp-json\/wp\/v2\/media\/23382"}],"wp:attachment":[{"href":"https:\/\/faravetrerie.it\/en\/wp-json\/wp\/v2\/media?parent=25777"}],"wp:term":[{"taxonomy":"product_brand","embeddable":true,"href":"https:\/\/faravetrerie.it\/en\/wp-json\/wp\/v2\/product_brand?post=25777"},{"taxonomy":"product_cat","embeddable":true,"href":"https:\/\/faravetrerie.it\/en\/wp-json\/wp\/v2\/product_cat?post=25777"},{"taxonomy":"product_tag","embeddable":true,"href":"https:\/\/faravetrerie.it\/en\/wp-json\/wp\/v2\/product_tag?post=25777"}],"curies":[{"name":"wp","href":"https:\/\/api.w.org\/{rel}","templated":true}]}}