{"id":25779,"date":"2025-12-23T16:43:25","date_gmt":"2025-12-23T15:43:25","guid":{"rendered":"https:\/\/sviluppo.faravetrerie.it\/blog\/?post_type=product&#038;p=25779"},"modified":"2026-01-28T16:35:00","modified_gmt":"2026-01-28T15:35:00","slug":"caraffa-diana-1-2-lt","status":"publish","type":"product","link":"https:\/\/faravetrerie.it\/en\/shop-en\/water-en\/water-bottles\/caraffa-diana-1-2-lt\/","title":{"rendered":"CARAFFA DIANA 1\/2 LT"},"content":{"rendered":"<article class=\"group\/turn w-full text-token-text-primary focus-visible:outline-2 focus-visible:outline-offset-[-4px]\" dir=\"auto\" data-testid=\"conversation-turn-54\" data-scroll-anchor=\"true\">\n<div class=\"text-base my-auto mx-auto py-[18px] px-6\">\n<div class=\"mx-auto flex flex-1 text-base gap-4 md:gap-5 lg:gap-6 md:max-w-3xl\">\n<div class=\"group\/conversation-turn relative flex w-full min-w-0 flex-col agent-turn @xs\/thread:px-0 @sm\/thread:px-1.5 @md\/thread:px-4\">\n<div class=\"flex-col gap-1 md:gap-3\">\n<div class=\"flex max-w-full flex-col flex-grow\">\n<div class=\"min-h-8 text-message relative flex w-full flex-col items-end gap-2 whitespace-normal break-words text-start [.text-message+&amp;]:mt-5\" dir=\"auto\" data-message-author-role=\"assistant\" data-message-id=\"45a996b0-18b0-4e64-82a1-890782b46d62\" data-message-model-slug=\"gpt-4o-mini\">\n<div class=\"flex w-full flex-col gap-1 empty:hidden first:pt-[3px]\">\n<div class=\"markdown prose w-full break-words dark:prose-invert light\">\n<h4 data-start=\"0\" data-end=\"84\"><strong data-start=\"0\" data-end=\"84\">Caraffa Diana 1\/2 Lt: Eleganza Sobria e Stabilit\u00e0 per la Ristorazione<\/strong><\/h4>\n<p class=\"\" data-start=\"133\" data-end=\"537\">La Caraffa Diana 1\/2 Lt \u00e8 un prodotto dal design sobrio e raffinato, ideale per l\u2019uso intenso nella ristorazione. Grazie alla sua capacit\u00e0 perfetta per servire bevande in quantit\u00e0 moderate, come acqua o vino, si adatta a qualsiasi ambiente professionale. La solida base della caraffa la rende estremamente stabile, garantendo sicurezza e praticit\u00e0 sia durante il servizio che sulla tavola.<\/p>\n<h5 data-start=\"539\" data-end=\"569\">Design Sobrio e Funzionale<\/h5>\n<p class=\"\" data-start=\"571\" data-end=\"1036\">Il design della Caraffa \u00e8 pensato per un look sobrio ed elegante, che si inserisce perfettamente in ogni tipo di ambiente, dalle cene informali ai servizi pi\u00f9 raffinati. Le linee semplici ma sofisticate sono pensate per un utilizzo quotidiano, senza mai rinunciare all\u2019estetica. Perfetta per la ristorazione, dove la praticit\u00e0 incontra l\u2019eleganza, \u00e8 adatta per servire acqua, succhi, e altre bevande, senza compromettere la qualit\u00e0 del servizio.<\/p>\n<h5 data-start=\"1038\" data-end=\"1080\">Stabilit\u00e0 e Resistenza per Uso Intenso<\/h5>\n<p class=\"\" data-start=\"1082\" data-end=\"1559\">Una delle caratteristiche distintive della Caraffa\u00a0\u00e8 la base solida, che le conferisce una stabilit\u00e0 eccezionale. Questa caratteristica \u00e8 particolarmente importante in ambienti professionali, dove l\u2019intensivo utilizzo potrebbe compromettere la sicurezza e la praticit\u00e0. Con la sua struttura robusta, la caraffa rimane saldamente posizionata sul tavolo, riducendo il rischio di rovesciamenti accidentali e garantendo un servizio pi\u00f9 sicuro ed efficiente.<\/p>\n<h5 data-start=\"1561\" data-end=\"1596\">Versatilit\u00e0 per la Ristorazione<\/h5>\n<p class=\"\" data-start=\"1598\" data-end=\"2013\">Con una capacit\u00e0 di 1\/2 litro, questa caraffa \u00e8 ideale per il servizio di bevande a tavola, che si tratti di acqua, vino o altre bevande fresche. La sua praticit\u00e0 la rende perfetta per ristoranti, hotel, bar e catering, dove \u00e8 essenziale che gli oggetti siano resistenti ma allo stesso tempo esteticamente gradevoli. La Caraffa Diana \u00e8 anche facile da pulire, mantenendo inalterata la sua qualit\u00e0 nel tempo.<\/p>\n<h5 data-start=\"2015\" data-end=\"2080\">Conclusione: Un\u2019Accessorio Indispensabile per la Ristorazione<\/h5>\n<p class=\"\" data-start=\"2082\" data-end=\"2549\">La Caraffa Diana 1\/2 Litro \u00e8 la scelta perfetta per chi cerca un prodotto che coniuga eleganza, stabilit\u00e0 e praticit\u00e0. Grazie alla sua base solida e al design sobrio, si inserisce perfettamente in qualsiasi ambiente di ristorazione, offrendo un servizio sicuro ed elegante. Se desideri un prodotto resistente e funzionale che risponda alle esigenze quotidiane della ristorazione senza rinunciare alla qualit\u00e0 estetica, la Caraffa Diana \u00e8 un must-have.<\/p>\n<\/div>\n<\/div>\n<\/div>\n<\/div>\n<\/div>\n<\/div>\n<\/div>\n<\/div>\n<\/article>\n","protected":false},"excerpt":{"rendered":"<p>Una caraffa dalla linea sobria e particolarmente adatta per l&#8217;uso intenso nella ristorazione. La solida base la rende stabile sul tuo tavolo<\/p>\n<p>cl. 50<\/p>\n<p>fl.oz. 16,91<\/p>\n<p>h. 220 mm.<\/p>\n<p>\u00d8 80 mm.<\/p>\n","protected":false},"featured_media":23384,"template":"","meta":{"inline_featured_image":false},"product_brand":[],"product_cat":[23,35],"product_tag":[891,894,893],"class_list":{"0":"post-25779","1":"product","2":"type-product","3":"status-publish","4":"has-post-thumbnail","6":"product_cat-acqua","7":"product_cat-bottiglie-acqua","8":"product_tag-acqua","9":"product_tag-bottiglieacqua","10":"product_tag-bottigliepersonalizzate","12":"first","13":"instock","14":"taxable","15":"shipping-taxable","16":"product-type-simple"},"yoast_head":"<!-- This site is optimized with the Yoast SEO plugin v26.6 - https:\/\/yoast.com\/wordpress\/plugins\/seo\/ -->\n<title>CARAFFA DIANA 1\/2 LT - Fara Vetrerie e Cristallerie<\/title>\n<meta name=\"description\" content=\"Una caraffa diana 1\/2 lt dalla linea sobria e particolarmente adatta per l&#039;uso intenso nella ristorazione. La solida base la rende stabile sul tuo tavolo\" \/>\n<meta name=\"robots\" content=\"index, follow, max-snippet:-1, max-image-preview:large, max-video-preview:-1\" \/>\n<link rel=\"canonical\" href=\"https:\/\/faravetrerie.it\/en\/shop-en\/water-en\/water-bottles\/caraffa-diana-1-2-lt\/\" \/>\n<meta property=\"og:locale\" content=\"en_US\" \/>\n<meta property=\"og:type\" content=\"article\" \/>\n<meta property=\"og:title\" content=\"CARAFFA DIANA 1\/2 LT - Fara Vetrerie e Cristallerie\" \/>\n<meta property=\"og:description\" content=\"Una caraffa diana 1\/2 lt dalla linea sobria e particolarmente adatta per l&#039;uso intenso nella ristorazione. La solida base la rende stabile sul tuo tavolo\" \/>\n<meta property=\"og:url\" content=\"https:\/\/faravetrerie.it\/en\/shop-en\/water-en\/water-bottles\/caraffa-diana-1-2-lt\/\" \/>\n<meta property=\"og:site_name\" content=\"Fara Vetrerie e Cristallerie\" \/>\n<meta property=\"article:modified_time\" content=\"2026-01-28T15:35:00+00:00\" \/>\n<meta property=\"og:image\" content=\"https:\/\/faravetrerie.it\/wp-content\/uploads\/2025\/12\/VDDIA2_02-scaled-4.jpg\" \/>\n\t<meta property=\"og:image:width\" content=\"1838\" \/>\n\t<meta property=\"og:image:height\" content=\"2560\" \/>\n\t<meta property=\"og:image:type\" content=\"image\/jpeg\" \/>\n<meta name=\"twitter:card\" content=\"summary_large_image\" \/>\n<meta name=\"twitter:label1\" content=\"Est. reading time\" \/>\n\t<meta name=\"twitter:data1\" content=\"3 minutes\" \/>\n<script type=\"application\/ld+json\" class=\"yoast-schema-graph\">{\"@context\":\"https:\/\/schema.org\",\"@graph\":[{\"@type\":\"WebPage\",\"@id\":\"https:\/\/faravetrerie.it\/en\/shop-en\/water-en\/water-bottles\/caraffa-diana-1-2-lt\/\",\"url\":\"https:\/\/faravetrerie.it\/en\/shop-en\/water-en\/water-bottles\/caraffa-diana-1-2-lt\/\",\"name\":\"CARAFFA DIANA 1\/2 LT - Fara Vetrerie e Cristallerie\",\"isPartOf\":{\"@id\":\"https:\/\/faravetrerie.it\/en\/#website\"},\"primaryImageOfPage\":{\"@id\":\"https:\/\/faravetrerie.it\/en\/shop-en\/water-en\/water-bottles\/caraffa-diana-1-2-lt\/#primaryimage\"},\"image\":{\"@id\":\"https:\/\/faravetrerie.it\/en\/shop-en\/water-en\/water-bottles\/caraffa-diana-1-2-lt\/#primaryimage\"},\"thumbnailUrl\":\"https:\/\/faravetrerie.it\/wp-content\/uploads\/2025\/12\/VDDIA2_02-scaled-4.jpg\",\"datePublished\":\"2025-12-23T15:43:25+00:00\",\"dateModified\":\"2026-01-28T15:35:00+00:00\",\"description\":\"Una caraffa diana 1\/2 lt dalla linea sobria e particolarmente adatta per l'uso intenso nella ristorazione. La solida base la rende stabile sul tuo tavolo\",\"breadcrumb\":{\"@id\":\"https:\/\/faravetrerie.it\/en\/shop-en\/water-en\/water-bottles\/caraffa-diana-1-2-lt\/#breadcrumb\"},\"inLanguage\":\"en-US\",\"potentialAction\":[{\"@type\":\"ReadAction\",\"target\":[\"https:\/\/faravetrerie.it\/en\/shop-en\/water-en\/water-bottles\/caraffa-diana-1-2-lt\/\"]}]},{\"@type\":\"ImageObject\",\"inLanguage\":\"en-US\",\"@id\":\"https:\/\/faravetrerie.it\/en\/shop-en\/water-en\/water-bottles\/caraffa-diana-1-2-lt\/#primaryimage\",\"url\":\"https:\/\/faravetrerie.it\/wp-content\/uploads\/2025\/12\/VDDIA2_02-scaled-4.jpg\",\"contentUrl\":\"https:\/\/faravetrerie.it\/wp-content\/uploads\/2025\/12\/VDDIA2_02-scaled-4.jpg\",\"width\":1838,\"height\":2560,\"caption\":\"Caraffa Diana 1\/2 Lt\"},{\"@type\":\"BreadcrumbList\",\"@id\":\"https:\/\/faravetrerie.it\/en\/shop-en\/water-en\/water-bottles\/caraffa-diana-1-2-lt\/#breadcrumb\",\"itemListElement\":[{\"@type\":\"ListItem\",\"position\":1,\"name\":\"Home\",\"item\":\"https:\/\/faravetrerie.it\/en\/\"},{\"@type\":\"ListItem\",\"position\":2,\"name\":\"Shop\",\"item\":\"https:\/\/faravetrerie.it\/en\/shop-en\/\"},{\"@type\":\"ListItem\",\"position\":3,\"name\":\"CARAFFA DIANA 1\/2 LT\"}]},{\"@type\":\"WebSite\",\"@id\":\"https:\/\/faravetrerie.it\/en\/#website\",\"url\":\"https:\/\/faravetrerie.it\/en\/\",\"name\":\"Fara Vetrerie e Cristallerie\",\"description\":\"\",\"publisher\":{\"@id\":\"https:\/\/faravetrerie.it\/en\/#organization\"},\"potentialAction\":[{\"@type\":\"SearchAction\",\"target\":{\"@type\":\"EntryPoint\",\"urlTemplate\":\"https:\/\/faravetrerie.it\/en\/?s={search_term_string}\"},\"query-input\":{\"@type\":\"PropertyValueSpecification\",\"valueRequired\":true,\"valueName\":\"search_term_string\"}}],\"inLanguage\":\"en-US\"},{\"@type\":\"Organization\",\"@id\":\"https:\/\/faravetrerie.it\/en\/#organization\",\"name\":\"Fara Vetrerie e Cristallerie\",\"url\":\"https:\/\/faravetrerie.it\/en\/\",\"logo\":{\"@type\":\"ImageObject\",\"inLanguage\":\"en-US\",\"@id\":\"https:\/\/faravetrerie.it\/en\/#\/schema\/logo\/image\/\",\"url\":\"https:\/\/faravetrerie.it\/wp-content\/uploads\/2025\/12\/logo-fara-bianco.png\",\"contentUrl\":\"https:\/\/faravetrerie.it\/wp-content\/uploads\/2025\/12\/logo-fara-bianco.png\",\"width\":2038,\"height\":2942,\"caption\":\"Fara Vetrerie e Cristallerie\"},\"image\":{\"@id\":\"https:\/\/faravetrerie.it\/en\/#\/schema\/logo\/image\/\"}}]}<\/script>\n<!-- \/ Yoast SEO plugin. -->","yoast_head_json":{"title":"CARAFFA DIANA 1\/2 LT - Fara Vetrerie e Cristallerie","description":"Una caraffa diana 1\/2 lt dalla linea sobria e particolarmente adatta per l'uso intenso nella ristorazione. La solida base la rende stabile sul tuo tavolo","robots":{"index":"index","follow":"follow","max-snippet":"max-snippet:-1","max-image-preview":"max-image-preview:large","max-video-preview":"max-video-preview:-1"},"canonical":"https:\/\/faravetrerie.it\/en\/shop-en\/water-en\/water-bottles\/caraffa-diana-1-2-lt\/","og_locale":"en_US","og_type":"article","og_title":"CARAFFA DIANA 1\/2 LT - Fara Vetrerie e Cristallerie","og_description":"Una caraffa diana 1\/2 lt dalla linea sobria e particolarmente adatta per l'uso intenso nella ristorazione. La solida base la rende stabile sul tuo tavolo","og_url":"https:\/\/faravetrerie.it\/en\/shop-en\/water-en\/water-bottles\/caraffa-diana-1-2-lt\/","og_site_name":"Fara Vetrerie e Cristallerie","article_modified_time":"2026-01-28T15:35:00+00:00","og_image":[{"width":1838,"height":2560,"url":"https:\/\/faravetrerie.it\/wp-content\/uploads\/2025\/12\/VDDIA2_02-scaled-4.jpg","type":"image\/jpeg"}],"twitter_card":"summary_large_image","twitter_misc":{"Est. reading time":"3 minutes"},"schema":{"@context":"https:\/\/schema.org","@graph":[{"@type":"WebPage","@id":"https:\/\/faravetrerie.it\/en\/shop-en\/water-en\/water-bottles\/caraffa-diana-1-2-lt\/","url":"https:\/\/faravetrerie.it\/en\/shop-en\/water-en\/water-bottles\/caraffa-diana-1-2-lt\/","name":"CARAFFA DIANA 1\/2 LT - Fara Vetrerie e Cristallerie","isPartOf":{"@id":"https:\/\/faravetrerie.it\/en\/#website"},"primaryImageOfPage":{"@id":"https:\/\/faravetrerie.it\/en\/shop-en\/water-en\/water-bottles\/caraffa-diana-1-2-lt\/#primaryimage"},"image":{"@id":"https:\/\/faravetrerie.it\/en\/shop-en\/water-en\/water-bottles\/caraffa-diana-1-2-lt\/#primaryimage"},"thumbnailUrl":"https:\/\/faravetrerie.it\/wp-content\/uploads\/2025\/12\/VDDIA2_02-scaled-4.jpg","datePublished":"2025-12-23T15:43:25+00:00","dateModified":"2026-01-28T15:35:00+00:00","description":"Una caraffa diana 1\/2 lt dalla linea sobria e particolarmente adatta per l'uso intenso nella ristorazione. La solida base la rende stabile sul tuo tavolo","breadcrumb":{"@id":"https:\/\/faravetrerie.it\/en\/shop-en\/water-en\/water-bottles\/caraffa-diana-1-2-lt\/#breadcrumb"},"inLanguage":"en-US","potentialAction":[{"@type":"ReadAction","target":["https:\/\/faravetrerie.it\/en\/shop-en\/water-en\/water-bottles\/caraffa-diana-1-2-lt\/"]}]},{"@type":"ImageObject","inLanguage":"en-US","@id":"https:\/\/faravetrerie.it\/en\/shop-en\/water-en\/water-bottles\/caraffa-diana-1-2-lt\/#primaryimage","url":"https:\/\/faravetrerie.it\/wp-content\/uploads\/2025\/12\/VDDIA2_02-scaled-4.jpg","contentUrl":"https:\/\/faravetrerie.it\/wp-content\/uploads\/2025\/12\/VDDIA2_02-scaled-4.jpg","width":1838,"height":2560,"caption":"Caraffa Diana 1\/2 Lt"},{"@type":"BreadcrumbList","@id":"https:\/\/faravetrerie.it\/en\/shop-en\/water-en\/water-bottles\/caraffa-diana-1-2-lt\/#breadcrumb","itemListElement":[{"@type":"ListItem","position":1,"name":"Home","item":"https:\/\/faravetrerie.it\/en\/"},{"@type":"ListItem","position":2,"name":"Shop","item":"https:\/\/faravetrerie.it\/en\/shop-en\/"},{"@type":"ListItem","position":3,"name":"CARAFFA DIANA 1\/2 LT"}]},{"@type":"WebSite","@id":"https:\/\/faravetrerie.it\/en\/#website","url":"https:\/\/faravetrerie.it\/en\/","name":"Fara Vetrerie e Cristallerie","description":"","publisher":{"@id":"https:\/\/faravetrerie.it\/en\/#organization"},"potentialAction":[{"@type":"SearchAction","target":{"@type":"EntryPoint","urlTemplate":"https:\/\/faravetrerie.it\/en\/?s={search_term_string}"},"query-input":{"@type":"PropertyValueSpecification","valueRequired":true,"valueName":"search_term_string"}}],"inLanguage":"en-US"},{"@type":"Organization","@id":"https:\/\/faravetrerie.it\/en\/#organization","name":"Fara Vetrerie e Cristallerie","url":"https:\/\/faravetrerie.it\/en\/","logo":{"@type":"ImageObject","inLanguage":"en-US","@id":"https:\/\/faravetrerie.it\/en\/#\/schema\/logo\/image\/","url":"https:\/\/faravetrerie.it\/wp-content\/uploads\/2025\/12\/logo-fara-bianco.png","contentUrl":"https:\/\/faravetrerie.it\/wp-content\/uploads\/2025\/12\/logo-fara-bianco.png","width":2038,"height":2942,"caption":"Fara Vetrerie e Cristallerie"},"image":{"@id":"https:\/\/faravetrerie.it\/en\/#\/schema\/logo\/image\/"}}]}},"_links":{"self":[{"href":"https:\/\/faravetrerie.it\/en\/wp-json\/wp\/v2\/product\/25779","targetHints":{"allow":["GET"]}}],"collection":[{"href":"https:\/\/faravetrerie.it\/en\/wp-json\/wp\/v2\/product"}],"about":[{"href":"https:\/\/faravetrerie.it\/en\/wp-json\/wp\/v2\/types\/product"}],"wp:featuredmedia":[{"embeddable":true,"href":"https:\/\/faravetrerie.it\/en\/wp-json\/wp\/v2\/media\/23384"}],"wp:attachment":[{"href":"https:\/\/faravetrerie.it\/en\/wp-json\/wp\/v2\/media?parent=25779"}],"wp:term":[{"taxonomy":"product_brand","embeddable":true,"href":"https:\/\/faravetrerie.it\/en\/wp-json\/wp\/v2\/product_brand?post=25779"},{"taxonomy":"product_cat","embeddable":true,"href":"https:\/\/faravetrerie.it\/en\/wp-json\/wp\/v2\/product_cat?post=25779"},{"taxonomy":"product_tag","embeddable":true,"href":"https:\/\/faravetrerie.it\/en\/wp-json\/wp\/v2\/product_tag?post=25779"}],"curies":[{"name":"wp","href":"https:\/\/api.w.org\/{rel}","templated":true}]}}