{"id":25793,"date":"2025-12-23T16:43:26","date_gmt":"2025-12-23T15:43:26","guid":{"rendered":"https:\/\/sviluppo.faravetrerie.it\/blog\/?post_type=product&#038;p=25793"},"modified":"2026-01-28T16:31:24","modified_gmt":"2026-01-28T15:31:24","slug":"decanter-vino-1-7-l","status":"publish","type":"product","link":"https:\/\/faravetrerie.it\/en\/shop-en\/sommelier-accessories\/decanter-vino-1-7-l\/","title":{"rendered":"DECANTER VINO 1.7 L"},"content":{"rendered":"<article class=\"group\/turn w-full text-token-text-primary focus-visible:outline-2 focus-visible:outline-offset-[-4px]\" dir=\"auto\" data-testid=\"conversation-turn-60\" data-scroll-anchor=\"true\">\n<div class=\"text-base my-auto mx-auto py-[18px] px-6\">\n<div class=\"mx-auto flex flex-1 text-base gap-4 md:gap-5 lg:gap-6 md:max-w-3xl\">\n<div class=\"group\/conversation-turn relative flex w-full min-w-0 flex-col agent-turn @xs\/thread:px-0 @sm\/thread:px-1.5 @md\/thread:px-4\">\n<div class=\"flex-col gap-1 md:gap-3\">\n<div class=\"flex max-w-full flex-col flex-grow\">\n<div class=\"min-h-8 text-message relative flex w-full flex-col items-end gap-2 whitespace-normal break-words text-start [.text-message+&amp;]:mt-5\" dir=\"auto\" data-message-author-role=\"assistant\" data-message-id=\"6b9e8829-d028-4af2-bb76-8a0bc5872ae2\" data-message-model-slug=\"gpt-4o-mini\">\n<div class=\"flex w-full flex-col gap-1 empty:hidden first:pt-[3px]\">\n<div class=\"markdown prose w-full break-words dark:prose-invert light\">\n<h4 data-start=\"0\" data-end=\"86\"><strong data-start=\"0\" data-end=\"86\"> Decanter Vino 1.7 L: Eleganza e Funzionalit\u00e0 per un&#8217;Ossigenazione Perfetta<\/strong><\/h4>\n<p class=\"\" data-start=\"129\" data-end=\"622\">Il Decanter Vino 1.7 L \u00e8 il perfetto esempio di un oggetto che unisce eleganza classica e funzionalit\u00e0 avanzata. La sua forma tradizionale \u00e8 studiata per favorire un\u2019ottima ossigenazione del vino, un aspetto fondamentale per migliorare l&#8217;esperienza di degustazione. Grazie al design ben studiato, questo decanter permette di aerare il vino senza rischiare di disperdere gli aromi delicati che lo caratterizzano. Perfetto per ogni tipo di vino, \u00e8 un must per i veri intenditori.<\/p>\n<h5 data-start=\"624\" data-end=\"673\">Design Classico per una Funzionalit\u00e0 Ottimale<\/h5>\n<p class=\"\" data-start=\"675\" data-end=\"1161\">La forma classica del Decanter Vino 1.7 L \u00e8 pensata per massimizzare il contatto del vino con l&#8217;aria, favorendo una ossigenazione delicata ma efficace. Questa forma ampia alla base e stretta nella parte superiore permette al vino di svilupparsi senza che i suoi aromi principali, come i sentori di frutta e spezie, vengano persi. Il design equilibrato aiuta a contenere l&#8217;evaporazione, mantenendo intatti gli aromi pi\u00f9 delicati mentre il vino viene adeguatamente ossigenato.<\/p>\n<h5 data-start=\"1163\" data-end=\"1215\">Perfetto per un&#8217;Esaltazione degli Aromi del Vino<\/h5>\n<p class=\"\" data-start=\"1217\" data-end=\"1704\">L&#8217;ossigenazione \u00e8 uno degli aspetti pi\u00f9 importanti quando si degusta un vino, e il Decanter Vino 1.7 L \u00e8 stato progettato per svolgere questa funzione in modo ottimale. La sua ampia superficie interna consente al vino di respirare, sviluppando la sua complessit\u00e0 senza che ne vengano alterati gli aromi. Questa caratteristica lo rende ideale per vini rossi complessi e corposi, ma anche per i bianchi pi\u00f9 strutturati, che beneficiano di una leggera aerazione prima di essere serviti.<\/p>\n<h5 data-start=\"1706\" data-end=\"1756\">Materiali di Alta Qualit\u00e0 per una Lunga Durata<\/h5>\n<p class=\"\" data-start=\"1758\" data-end=\"2245\">Il Decanter Vino 1.7 L \u00e8 realizzato in vetro di alta qualit\u00e0, trasparente e resistente, che non solo consente di ammirare il colore del vino ma assicura anche una lunga durata nel tempo. La sua costruzione robusta lo rende perfetto per l&#8217;uso quotidiano nei ristoranti, bar che vogliono prendersi cura delle proprie bottiglie. Facile da pulire, mantiene la sua lucentezza anche dopo un uso frequente, garantendo sempre una presentazione impeccabile.<\/p>\n<h5 data-start=\"2247\" data-end=\"2319\">Conclusione: Un Accessorio Essenziale per i Veri Intenditori di Vino<\/h5>\n<p class=\"\" data-start=\"2321\" data-end=\"2795\">Il Decanter Vino 1.7 L \u00e8 il compagno ideale per chi cerca il meglio dal proprio vino. Grazie alla sua forma classica e alla capacit\u00e0 di favorire un\u2019ottima ossigenazione senza compromettere gli aromi, \u00e8 il decanter perfetto per ogni occasione speciale o per il servizio quotidiano. Che tu sia un ristorante di alta classe o un appassionato di vini, questo decanter eleva l&#8217;esperienza della degustazione, facendo emergere le caratteristiche migliori di ogni bottiglia.<\/p>\n<\/div>\n<\/div>\n<\/div>\n<\/div>\n<\/div>\n<\/div>\n<\/div>\n<\/div>\n<\/article>\n","protected":false},"excerpt":{"rendered":"<p>Il decanter vino nella sua forma classica. La sua forma favorisce un&#8217;ottima ossigenazione del vino senza che ne evaporino gli aromi importanti.<\/p>\n<p>cl.170<\/p>\n<p>fl.oz. 59,83<\/p>\n<p>h. 250 mm.<\/p>\n<p>\u00d8 220 mm.<\/p>\n<p>&nbsp;<\/p>\n","protected":false},"featured_media":23425,"template":"","meta":{"inline_featured_image":false},"product_brand":[],"product_cat":[30,41],"product_tag":[],"class_list":{"0":"post-25793","1":"product","2":"type-product","3":"status-publish","4":"has-post-thumbnail","6":"product_cat-vino","7":"product_cat-accessori-vino","9":"first","10":"instock","11":"taxable","12":"shipping-taxable","13":"product-type-simple"},"yoast_head":"<!-- This site is optimized with the Yoast SEO plugin v26.6 - https:\/\/yoast.com\/wordpress\/plugins\/seo\/ -->\n<title>DECANTER VINO 1.7 L - Fara Vetrerie e Cristallerie<\/title>\n<meta name=\"description\" content=\"Il decanter vino 1.7 l nella sua forma classica. Il suo design favorisce un&#039;ottima ossigenazione del vino senza che ne evaporino gli aromi importanti.\" \/>\n<meta name=\"robots\" content=\"index, follow, max-snippet:-1, max-image-preview:large, max-video-preview:-1\" \/>\n<link rel=\"canonical\" href=\"https:\/\/faravetrerie.it\/en\/shop-en\/sommelier-accessories\/decanter-vino-1-7-l\/\" \/>\n<meta property=\"og:locale\" content=\"en_US\" \/>\n<meta property=\"og:type\" content=\"article\" \/>\n<meta property=\"og:title\" content=\"DECANTER VINO 1.7 L - Fara Vetrerie e Cristallerie\" \/>\n<meta property=\"og:description\" content=\"Il decanter vino 1.7 l nella sua forma classica. Il suo design favorisce un&#039;ottima ossigenazione del vino senza che ne evaporino gli aromi importanti.\" \/>\n<meta property=\"og:url\" content=\"https:\/\/faravetrerie.it\/en\/shop-en\/sommelier-accessories\/decanter-vino-1-7-l\/\" \/>\n<meta property=\"og:site_name\" content=\"Fara Vetrerie e Cristallerie\" \/>\n<meta property=\"article:modified_time\" content=\"2026-01-28T15:31:24+00:00\" \/>\n<meta property=\"og:image\" content=\"https:\/\/faravetrerie.it\/wp-content\/uploads\/2025\/12\/BLDEC170_01-3.jpg\" \/>\n\t<meta property=\"og:image:width\" content=\"1512\" \/>\n\t<meta property=\"og:image:height\" content=\"2362\" \/>\n\t<meta property=\"og:image:type\" content=\"image\/jpeg\" \/>\n<meta name=\"twitter:card\" content=\"summary_large_image\" \/>\n<meta name=\"twitter:label1\" content=\"Est. reading time\" \/>\n\t<meta name=\"twitter:data1\" content=\"3 minutes\" \/>\n<script type=\"application\/ld+json\" class=\"yoast-schema-graph\">{\"@context\":\"https:\/\/schema.org\",\"@graph\":[{\"@type\":\"WebPage\",\"@id\":\"https:\/\/faravetrerie.it\/en\/shop-en\/sommelier-accessories\/decanter-vino-1-7-l\/\",\"url\":\"https:\/\/faravetrerie.it\/en\/shop-en\/sommelier-accessories\/decanter-vino-1-7-l\/\",\"name\":\"DECANTER VINO 1.7 L - Fara Vetrerie e Cristallerie\",\"isPartOf\":{\"@id\":\"https:\/\/faravetrerie.it\/en\/#website\"},\"primaryImageOfPage\":{\"@id\":\"https:\/\/faravetrerie.it\/en\/shop-en\/sommelier-accessories\/decanter-vino-1-7-l\/#primaryimage\"},\"image\":{\"@id\":\"https:\/\/faravetrerie.it\/en\/shop-en\/sommelier-accessories\/decanter-vino-1-7-l\/#primaryimage\"},\"thumbnailUrl\":\"https:\/\/faravetrerie.it\/wp-content\/uploads\/2025\/12\/BLDEC170_01-3.jpg\",\"datePublished\":\"2025-12-23T15:43:26+00:00\",\"dateModified\":\"2026-01-28T15:31:24+00:00\",\"description\":\"Il decanter vino 1.7 l nella sua forma classica. Il suo design favorisce un'ottima ossigenazione del vino senza che ne evaporino gli aromi importanti.\",\"breadcrumb\":{\"@id\":\"https:\/\/faravetrerie.it\/en\/shop-en\/sommelier-accessories\/decanter-vino-1-7-l\/#breadcrumb\"},\"inLanguage\":\"en-US\",\"potentialAction\":[{\"@type\":\"ReadAction\",\"target\":[\"https:\/\/faravetrerie.it\/en\/shop-en\/sommelier-accessories\/decanter-vino-1-7-l\/\"]}]},{\"@type\":\"ImageObject\",\"inLanguage\":\"en-US\",\"@id\":\"https:\/\/faravetrerie.it\/en\/shop-en\/sommelier-accessories\/decanter-vino-1-7-l\/#primaryimage\",\"url\":\"https:\/\/faravetrerie.it\/wp-content\/uploads\/2025\/12\/BLDEC170_01-3.jpg\",\"contentUrl\":\"https:\/\/faravetrerie.it\/wp-content\/uploads\/2025\/12\/BLDEC170_01-3.jpg\",\"width\":1512,\"height\":2362,\"caption\":\"Decanter Vino 1.7 L\"},{\"@type\":\"BreadcrumbList\",\"@id\":\"https:\/\/faravetrerie.it\/en\/shop-en\/sommelier-accessories\/decanter-vino-1-7-l\/#breadcrumb\",\"itemListElement\":[{\"@type\":\"ListItem\",\"position\":1,\"name\":\"Home\",\"item\":\"https:\/\/faravetrerie.it\/en\/\"},{\"@type\":\"ListItem\",\"position\":2,\"name\":\"Shop\",\"item\":\"https:\/\/faravetrerie.it\/en\/shop-en\/\"},{\"@type\":\"ListItem\",\"position\":3,\"name\":\"DECANTER VINO 1.7 L\"}]},{\"@type\":\"WebSite\",\"@id\":\"https:\/\/faravetrerie.it\/en\/#website\",\"url\":\"https:\/\/faravetrerie.it\/en\/\",\"name\":\"Fara Vetrerie e Cristallerie\",\"description\":\"\",\"publisher\":{\"@id\":\"https:\/\/faravetrerie.it\/en\/#organization\"},\"potentialAction\":[{\"@type\":\"SearchAction\",\"target\":{\"@type\":\"EntryPoint\",\"urlTemplate\":\"https:\/\/faravetrerie.it\/en\/?s={search_term_string}\"},\"query-input\":{\"@type\":\"PropertyValueSpecification\",\"valueRequired\":true,\"valueName\":\"search_term_string\"}}],\"inLanguage\":\"en-US\"},{\"@type\":\"Organization\",\"@id\":\"https:\/\/faravetrerie.it\/en\/#organization\",\"name\":\"Fara Vetrerie e Cristallerie\",\"url\":\"https:\/\/faravetrerie.it\/en\/\",\"logo\":{\"@type\":\"ImageObject\",\"inLanguage\":\"en-US\",\"@id\":\"https:\/\/faravetrerie.it\/en\/#\/schema\/logo\/image\/\",\"url\":\"https:\/\/faravetrerie.it\/wp-content\/uploads\/2025\/12\/logo-fara-bianco.png\",\"contentUrl\":\"https:\/\/faravetrerie.it\/wp-content\/uploads\/2025\/12\/logo-fara-bianco.png\",\"width\":2038,\"height\":2942,\"caption\":\"Fara Vetrerie e Cristallerie\"},\"image\":{\"@id\":\"https:\/\/faravetrerie.it\/en\/#\/schema\/logo\/image\/\"}}]}<\/script>\n<!-- \/ Yoast SEO plugin. -->","yoast_head_json":{"title":"DECANTER VINO 1.7 L - Fara Vetrerie e Cristallerie","description":"Il decanter vino 1.7 l nella sua forma classica. Il suo design favorisce un'ottima ossigenazione del vino senza che ne evaporino gli aromi importanti.","robots":{"index":"index","follow":"follow","max-snippet":"max-snippet:-1","max-image-preview":"max-image-preview:large","max-video-preview":"max-video-preview:-1"},"canonical":"https:\/\/faravetrerie.it\/en\/shop-en\/sommelier-accessories\/decanter-vino-1-7-l\/","og_locale":"en_US","og_type":"article","og_title":"DECANTER VINO 1.7 L - Fara Vetrerie e Cristallerie","og_description":"Il decanter vino 1.7 l nella sua forma classica. Il suo design favorisce un'ottima ossigenazione del vino senza che ne evaporino gli aromi importanti.","og_url":"https:\/\/faravetrerie.it\/en\/shop-en\/sommelier-accessories\/decanter-vino-1-7-l\/","og_site_name":"Fara Vetrerie e Cristallerie","article_modified_time":"2026-01-28T15:31:24+00:00","og_image":[{"width":1512,"height":2362,"url":"https:\/\/faravetrerie.it\/wp-content\/uploads\/2025\/12\/BLDEC170_01-3.jpg","type":"image\/jpeg"}],"twitter_card":"summary_large_image","twitter_misc":{"Est. reading time":"3 minutes"},"schema":{"@context":"https:\/\/schema.org","@graph":[{"@type":"WebPage","@id":"https:\/\/faravetrerie.it\/en\/shop-en\/sommelier-accessories\/decanter-vino-1-7-l\/","url":"https:\/\/faravetrerie.it\/en\/shop-en\/sommelier-accessories\/decanter-vino-1-7-l\/","name":"DECANTER VINO 1.7 L - Fara Vetrerie e Cristallerie","isPartOf":{"@id":"https:\/\/faravetrerie.it\/en\/#website"},"primaryImageOfPage":{"@id":"https:\/\/faravetrerie.it\/en\/shop-en\/sommelier-accessories\/decanter-vino-1-7-l\/#primaryimage"},"image":{"@id":"https:\/\/faravetrerie.it\/en\/shop-en\/sommelier-accessories\/decanter-vino-1-7-l\/#primaryimage"},"thumbnailUrl":"https:\/\/faravetrerie.it\/wp-content\/uploads\/2025\/12\/BLDEC170_01-3.jpg","datePublished":"2025-12-23T15:43:26+00:00","dateModified":"2026-01-28T15:31:24+00:00","description":"Il decanter vino 1.7 l nella sua forma classica. Il suo design favorisce un'ottima ossigenazione del vino senza che ne evaporino gli aromi importanti.","breadcrumb":{"@id":"https:\/\/faravetrerie.it\/en\/shop-en\/sommelier-accessories\/decanter-vino-1-7-l\/#breadcrumb"},"inLanguage":"en-US","potentialAction":[{"@type":"ReadAction","target":["https:\/\/faravetrerie.it\/en\/shop-en\/sommelier-accessories\/decanter-vino-1-7-l\/"]}]},{"@type":"ImageObject","inLanguage":"en-US","@id":"https:\/\/faravetrerie.it\/en\/shop-en\/sommelier-accessories\/decanter-vino-1-7-l\/#primaryimage","url":"https:\/\/faravetrerie.it\/wp-content\/uploads\/2025\/12\/BLDEC170_01-3.jpg","contentUrl":"https:\/\/faravetrerie.it\/wp-content\/uploads\/2025\/12\/BLDEC170_01-3.jpg","width":1512,"height":2362,"caption":"Decanter Vino 1.7 L"},{"@type":"BreadcrumbList","@id":"https:\/\/faravetrerie.it\/en\/shop-en\/sommelier-accessories\/decanter-vino-1-7-l\/#breadcrumb","itemListElement":[{"@type":"ListItem","position":1,"name":"Home","item":"https:\/\/faravetrerie.it\/en\/"},{"@type":"ListItem","position":2,"name":"Shop","item":"https:\/\/faravetrerie.it\/en\/shop-en\/"},{"@type":"ListItem","position":3,"name":"DECANTER VINO 1.7 L"}]},{"@type":"WebSite","@id":"https:\/\/faravetrerie.it\/en\/#website","url":"https:\/\/faravetrerie.it\/en\/","name":"Fara Vetrerie e Cristallerie","description":"","publisher":{"@id":"https:\/\/faravetrerie.it\/en\/#organization"},"potentialAction":[{"@type":"SearchAction","target":{"@type":"EntryPoint","urlTemplate":"https:\/\/faravetrerie.it\/en\/?s={search_term_string}"},"query-input":{"@type":"PropertyValueSpecification","valueRequired":true,"valueName":"search_term_string"}}],"inLanguage":"en-US"},{"@type":"Organization","@id":"https:\/\/faravetrerie.it\/en\/#organization","name":"Fara Vetrerie e Cristallerie","url":"https:\/\/faravetrerie.it\/en\/","logo":{"@type":"ImageObject","inLanguage":"en-US","@id":"https:\/\/faravetrerie.it\/en\/#\/schema\/logo\/image\/","url":"https:\/\/faravetrerie.it\/wp-content\/uploads\/2025\/12\/logo-fara-bianco.png","contentUrl":"https:\/\/faravetrerie.it\/wp-content\/uploads\/2025\/12\/logo-fara-bianco.png","width":2038,"height":2942,"caption":"Fara Vetrerie e Cristallerie"},"image":{"@id":"https:\/\/faravetrerie.it\/en\/#\/schema\/logo\/image\/"}}]}},"_links":{"self":[{"href":"https:\/\/faravetrerie.it\/en\/wp-json\/wp\/v2\/product\/25793","targetHints":{"allow":["GET"]}}],"collection":[{"href":"https:\/\/faravetrerie.it\/en\/wp-json\/wp\/v2\/product"}],"about":[{"href":"https:\/\/faravetrerie.it\/en\/wp-json\/wp\/v2\/types\/product"}],"wp:featuredmedia":[{"embeddable":true,"href":"https:\/\/faravetrerie.it\/en\/wp-json\/wp\/v2\/media\/23425"}],"wp:attachment":[{"href":"https:\/\/faravetrerie.it\/en\/wp-json\/wp\/v2\/media?parent=25793"}],"wp:term":[{"taxonomy":"product_brand","embeddable":true,"href":"https:\/\/faravetrerie.it\/en\/wp-json\/wp\/v2\/product_brand?post=25793"},{"taxonomy":"product_cat","embeddable":true,"href":"https:\/\/faravetrerie.it\/en\/wp-json\/wp\/v2\/product_cat?post=25793"},{"taxonomy":"product_tag","embeddable":true,"href":"https:\/\/faravetrerie.it\/en\/wp-json\/wp\/v2\/product_tag?post=25793"}],"curies":[{"name":"wp","href":"https:\/\/api.w.org\/{rel}","templated":true}]}}