{"id":25794,"date":"2025-12-23T16:43:26","date_gmt":"2025-12-23T15:43:26","guid":{"rendered":"https:\/\/sviluppo.faravetrerie.it\/blog\/?post_type=product&#038;p=25794"},"modified":"2026-01-28T16:33:35","modified_gmt":"2026-01-28T15:33:35","slug":"decanter-vintage-1-4-l","status":"publish","type":"product","link":"https:\/\/faravetrerie.it\/en\/shop-en\/sommelier-accessories\/decanter-vintage-1-4-l\/","title":{"rendered":"DECANTER VINTAGE 1.4 L"},"content":{"rendered":"<div class=\"flex flex-1 grow basis-auto flex-col overflow-hidden\">\n<div class=\"relative h-full\">\n<div class=\"flex h-full flex-col overflow-y-auto [scrollbar-gutter:stable]\">\n<div class=\"mt-1.5 flex flex-col text-sm @thread-xl\/thread:pt-header-height md:pb-9\">\n<article class=\"group\/turn w-full text-token-text-primary focus-visible:outline-2 focus-visible:outline-offset-[-4px]\" dir=\"auto\" data-testid=\"conversation-turn-74\" data-scroll-anchor=\"true\">\n<div class=\"text-base my-auto mx-auto py-[18px] px-6\">\n<div class=\"mx-auto flex flex-1 text-base gap-4 md:gap-5 lg:gap-6 md:max-w-3xl\">\n<div class=\"group\/conversation-turn relative flex w-full min-w-0 flex-col agent-turn @xs\/thread:px-0 @sm\/thread:px-1.5 @md\/thread:px-4\">\n<div class=\"flex-col gap-1 md:gap-3\">\n<div class=\"flex max-w-full flex-col flex-grow\">\n<div class=\"min-h-8 text-message relative flex w-full flex-col items-end gap-2 whitespace-normal break-words text-start [.text-message+&amp;]:mt-5\" dir=\"auto\" data-message-author-role=\"assistant\" data-message-id=\"ef2afbf0-3786-4cc1-8098-10fedbd057c6\" data-message-model-slug=\"gpt-4o-mini\">\n<div class=\"flex w-full flex-col gap-1 empty:hidden first:pt-[3px]\">\n<div class=\"markdown prose w-full break-words dark:prose-invert light\">\n<h4 data-start=\"0\" data-end=\"80\"><strong data-start=\"0\" data-end=\"80\">Decanter Vintage 1.4 L: La Forma Ideale per l&#8217;Ossigenazione del Vino<\/strong><\/h4>\n<p class=\"\" data-start=\"126\" data-end=\"610\">Il Decanter Vintage 1.4 L \u00e8 il bicchiere perfetto per chi desidera esaltare i profumi e i sapori del vino con una presentazione elegante. La sua forma, pensata per ossigenare al meglio una bottiglia da 75 cl, consente al vino di esprimersi al massimo del suo potenziale. Il collo delicatamente inclinato favorisce l\u2019ossigenazione del vino, mantenendo intatti i profumi e evitando la loro perdita, rendendolo un alleato indispensabile per una degustazione perfetta.<\/p>\n<h5 data-start=\"612\" data-end=\"644\">Design Elegante e Funzionale<\/h5>\n<p class=\"\" data-start=\"646\" data-end=\"1170\">La forma raffinata del Decanter Vintage 1.4 L non \u00e8 solo esteticamente piacevole, ma anche progettata per migliorare la qualit\u00e0 del vino servito. Il collo affusolato consente al vino di entrare in contatto con l&#8217;aria, stimolando l\u2019ossigenazione e permettendo di esprimere al meglio gli aromi pi\u00f9 complessi. Questo decanter \u00e8 ideale per una bottiglia di vino da 75 cl, e il suo design elegante si integra perfettamente con qualsiasi tavola, aggiungendo un tocco di classe alla presentazione di ogni bottiglia.<\/p>\n<h5 data-start=\"1172\" data-end=\"1214\">Ossigenazione Ottimale per il Tuo Vino<\/h5>\n<p class=\"\" data-start=\"1216\" data-end=\"1827\">Una delle principali funzioni del Decanter Vintage 1.4 L \u00e8 quella di favorire l&#8217;ossigenazione del vino. La sua forma ampia e il collo stretto permettono di accelerare questo processo, esaltando le note olfattive e i sapori del vino. L&#8217;ossigenazione \u00e8 particolarmente utile per i vini rossi, che richiedono pi\u00f9 tempo per sviluppare pienamente il loro profilo aromatico, ma pu\u00f2 essere vantaggiosa anche per alcuni vini bianchi e vini da meditazione. Inoltre, il design del decanter previene la perdita dei profumi delicati, mantenendo la qualit\u00e0 del vino fino all&#8217;ultimo sorso.<\/p>\n<h5 data-start=\"1829\" data-end=\"1873\">Resistente e Pratico per la Ristorazione<\/h5>\n<p class=\"\" data-start=\"1875\" data-end=\"2327\">Il Decanter Vintage 1.4 L \u00e8 realizzato in vetro di alta qualit\u00e0, progettato per un uso intenso nella ristorazione. Resistente e facile da maneggiare, \u00e8 perfetto per ristoranti, enoteche e locali eleganti che vogliono offrire un\u2019esperienza di degustazione unica ai propri clienti. La sua facilit\u00e0 di pulizia e la resistenza lo rendono ideale anche per l&#8217;uso frequente, mantenendo sempre la sua brillantezza e trasparenza.<\/p>\n<h5 data-start=\"2329\" data-end=\"2382\">Conclusione: Un Must-Have per gli Amanti del Vino<\/h5>\n<p class=\"\" data-start=\"2384\" data-end=\"2859\">Il Decanter Vintage 1.4 L \u00e8 la scelta ideale per chi cerca un decanter che coniuga design elegante e funzionalit\u00e0 perfetta. La sua forma ideale per l&#8217;ossigenazione del vino e la capacit\u00e0 di mantenere intatti i profumi rendono ogni bottiglia un&#8217;esperienza sensoriale unica. Perfetto per ristoranti e locali di alta classe, \u00e8 il complemento perfetto per ogni appassionato di vino che vuole servire e degustare il proprio vino nel miglior modo possibile.<\/p>\n<\/div>\n<\/div>\n<\/div>\n<\/div>\n<\/div>\n<\/div>\n<\/div>\n<\/div>\n<\/article>\n<\/div>\n<\/div>\n<\/div>\n<\/div>\n","protected":false},"excerpt":{"rendered":"<p>Il classico decanter da vino nella sua forma ideale per l&#8217;ossigenazione di una bottiglia da 75 cl. La forma del collo favorisce l&#8217;ossigenazione e evita la perdita dei profumi<\/p>\n<p>cl. 140<\/p>\n<p>fl.oz. 49,27<\/p>\n<p>h. 224 mm.<\/p>\n<p>\u00d8 180 mm.<\/p>\n<p>&nbsp;<\/p>\n","protected":false},"featured_media":23426,"template":"","meta":{"inline_featured_image":false},"product_brand":[],"product_cat":[30,41],"product_tag":[],"class_list":{"0":"post-25794","1":"product","2":"type-product","3":"status-publish","4":"has-post-thumbnail","6":"product_cat-vino","7":"product_cat-accessori-vino","9":"first","10":"instock","11":"taxable","12":"shipping-taxable","13":"product-type-simple"},"yoast_head":"<!-- This site is optimized with the Yoast SEO plugin v26.6 - https:\/\/yoast.com\/wordpress\/plugins\/seo\/ -->\n<title>DECANTER VINTAGE 1.4 L - Fara Vetrerie e Cristallerie<\/title>\n<meta name=\"description\" content=\"Il decanter vintage 1.4 lda vino nella sua forma ideale per l&#039;ossigenazione di una bottiglia da 75 cl. La forma del collo favorisce l&#039;ossigenazione\" \/>\n<meta name=\"robots\" content=\"index, follow, max-snippet:-1, max-image-preview:large, max-video-preview:-1\" \/>\n<link rel=\"canonical\" href=\"https:\/\/faravetrerie.it\/en\/shop-en\/sommelier-accessories\/decanter-vintage-1-4-l\/\" \/>\n<meta property=\"og:locale\" content=\"en_US\" \/>\n<meta property=\"og:type\" content=\"article\" \/>\n<meta property=\"og:title\" content=\"DECANTER VINTAGE 1.4 L - Fara Vetrerie e Cristallerie\" \/>\n<meta property=\"og:description\" content=\"Il decanter vintage 1.4 lda vino nella sua forma ideale per l&#039;ossigenazione di una bottiglia da 75 cl. La forma del collo favorisce l&#039;ossigenazione\" \/>\n<meta property=\"og:url\" content=\"https:\/\/faravetrerie.it\/en\/shop-en\/sommelier-accessories\/decanter-vintage-1-4-l\/\" \/>\n<meta property=\"og:site_name\" content=\"Fara Vetrerie e Cristallerie\" \/>\n<meta property=\"article:modified_time\" content=\"2026-01-28T15:33:35+00:00\" \/>\n<meta property=\"og:image\" content=\"https:\/\/faravetrerie.it\/wp-content\/uploads\/2025\/12\/BLVIND140-3.jpg\" \/>\n\t<meta property=\"og:image:width\" content=\"1417\" \/>\n\t<meta property=\"og:image:height\" content=\"1900\" \/>\n\t<meta property=\"og:image:type\" content=\"image\/jpeg\" \/>\n<meta name=\"twitter:card\" content=\"summary_large_image\" \/>\n<meta name=\"twitter:label1\" content=\"Est. reading time\" \/>\n\t<meta name=\"twitter:data1\" content=\"3 minutes\" \/>\n<script type=\"application\/ld+json\" class=\"yoast-schema-graph\">{\"@context\":\"https:\/\/schema.org\",\"@graph\":[{\"@type\":\"WebPage\",\"@id\":\"https:\/\/faravetrerie.it\/en\/shop-en\/sommelier-accessories\/decanter-vintage-1-4-l\/\",\"url\":\"https:\/\/faravetrerie.it\/en\/shop-en\/sommelier-accessories\/decanter-vintage-1-4-l\/\",\"name\":\"DECANTER VINTAGE 1.4 L - Fara Vetrerie e Cristallerie\",\"isPartOf\":{\"@id\":\"https:\/\/faravetrerie.it\/en\/#website\"},\"primaryImageOfPage\":{\"@id\":\"https:\/\/faravetrerie.it\/en\/shop-en\/sommelier-accessories\/decanter-vintage-1-4-l\/#primaryimage\"},\"image\":{\"@id\":\"https:\/\/faravetrerie.it\/en\/shop-en\/sommelier-accessories\/decanter-vintage-1-4-l\/#primaryimage\"},\"thumbnailUrl\":\"https:\/\/faravetrerie.it\/wp-content\/uploads\/2025\/12\/BLVIND140-3.jpg\",\"datePublished\":\"2025-12-23T15:43:26+00:00\",\"dateModified\":\"2026-01-28T15:33:35+00:00\",\"description\":\"Il decanter vintage 1.4 lda vino nella sua forma ideale per l'ossigenazione di una bottiglia da 75 cl. La forma del collo favorisce l'ossigenazione\",\"breadcrumb\":{\"@id\":\"https:\/\/faravetrerie.it\/en\/shop-en\/sommelier-accessories\/decanter-vintage-1-4-l\/#breadcrumb\"},\"inLanguage\":\"en-US\",\"potentialAction\":[{\"@type\":\"ReadAction\",\"target\":[\"https:\/\/faravetrerie.it\/en\/shop-en\/sommelier-accessories\/decanter-vintage-1-4-l\/\"]}]},{\"@type\":\"ImageObject\",\"inLanguage\":\"en-US\",\"@id\":\"https:\/\/faravetrerie.it\/en\/shop-en\/sommelier-accessories\/decanter-vintage-1-4-l\/#primaryimage\",\"url\":\"https:\/\/faravetrerie.it\/wp-content\/uploads\/2025\/12\/BLVIND140-3.jpg\",\"contentUrl\":\"https:\/\/faravetrerie.it\/wp-content\/uploads\/2025\/12\/BLVIND140-3.jpg\",\"width\":1417,\"height\":1900,\"caption\":\"Decanter Vintage 1.4 L\"},{\"@type\":\"BreadcrumbList\",\"@id\":\"https:\/\/faravetrerie.it\/en\/shop-en\/sommelier-accessories\/decanter-vintage-1-4-l\/#breadcrumb\",\"itemListElement\":[{\"@type\":\"ListItem\",\"position\":1,\"name\":\"Home\",\"item\":\"https:\/\/faravetrerie.it\/en\/\"},{\"@type\":\"ListItem\",\"position\":2,\"name\":\"Shop\",\"item\":\"https:\/\/faravetrerie.it\/en\/shop-en\/\"},{\"@type\":\"ListItem\",\"position\":3,\"name\":\"DECANTER VINTAGE 1.4 L\"}]},{\"@type\":\"WebSite\",\"@id\":\"https:\/\/faravetrerie.it\/en\/#website\",\"url\":\"https:\/\/faravetrerie.it\/en\/\",\"name\":\"Fara Vetrerie e Cristallerie\",\"description\":\"\",\"publisher\":{\"@id\":\"https:\/\/faravetrerie.it\/en\/#organization\"},\"potentialAction\":[{\"@type\":\"SearchAction\",\"target\":{\"@type\":\"EntryPoint\",\"urlTemplate\":\"https:\/\/faravetrerie.it\/en\/?s={search_term_string}\"},\"query-input\":{\"@type\":\"PropertyValueSpecification\",\"valueRequired\":true,\"valueName\":\"search_term_string\"}}],\"inLanguage\":\"en-US\"},{\"@type\":\"Organization\",\"@id\":\"https:\/\/faravetrerie.it\/en\/#organization\",\"name\":\"Fara Vetrerie e Cristallerie\",\"url\":\"https:\/\/faravetrerie.it\/en\/\",\"logo\":{\"@type\":\"ImageObject\",\"inLanguage\":\"en-US\",\"@id\":\"https:\/\/faravetrerie.it\/en\/#\/schema\/logo\/image\/\",\"url\":\"https:\/\/faravetrerie.it\/wp-content\/uploads\/2025\/12\/logo-fara-bianco.png\",\"contentUrl\":\"https:\/\/faravetrerie.it\/wp-content\/uploads\/2025\/12\/logo-fara-bianco.png\",\"width\":2038,\"height\":2942,\"caption\":\"Fara Vetrerie e Cristallerie\"},\"image\":{\"@id\":\"https:\/\/faravetrerie.it\/en\/#\/schema\/logo\/image\/\"}}]}<\/script>\n<!-- \/ Yoast SEO plugin. -->","yoast_head_json":{"title":"DECANTER VINTAGE 1.4 L - Fara Vetrerie e Cristallerie","description":"Il decanter vintage 1.4 lda vino nella sua forma ideale per l'ossigenazione di una bottiglia da 75 cl. La forma del collo favorisce l'ossigenazione","robots":{"index":"index","follow":"follow","max-snippet":"max-snippet:-1","max-image-preview":"max-image-preview:large","max-video-preview":"max-video-preview:-1"},"canonical":"https:\/\/faravetrerie.it\/en\/shop-en\/sommelier-accessories\/decanter-vintage-1-4-l\/","og_locale":"en_US","og_type":"article","og_title":"DECANTER VINTAGE 1.4 L - Fara Vetrerie e Cristallerie","og_description":"Il decanter vintage 1.4 lda vino nella sua forma ideale per l'ossigenazione di una bottiglia da 75 cl. La forma del collo favorisce l'ossigenazione","og_url":"https:\/\/faravetrerie.it\/en\/shop-en\/sommelier-accessories\/decanter-vintage-1-4-l\/","og_site_name":"Fara Vetrerie e Cristallerie","article_modified_time":"2026-01-28T15:33:35+00:00","og_image":[{"width":1417,"height":1900,"url":"https:\/\/faravetrerie.it\/wp-content\/uploads\/2025\/12\/BLVIND140-3.jpg","type":"image\/jpeg"}],"twitter_card":"summary_large_image","twitter_misc":{"Est. reading time":"3 minutes"},"schema":{"@context":"https:\/\/schema.org","@graph":[{"@type":"WebPage","@id":"https:\/\/faravetrerie.it\/en\/shop-en\/sommelier-accessories\/decanter-vintage-1-4-l\/","url":"https:\/\/faravetrerie.it\/en\/shop-en\/sommelier-accessories\/decanter-vintage-1-4-l\/","name":"DECANTER VINTAGE 1.4 L - Fara Vetrerie e Cristallerie","isPartOf":{"@id":"https:\/\/faravetrerie.it\/en\/#website"},"primaryImageOfPage":{"@id":"https:\/\/faravetrerie.it\/en\/shop-en\/sommelier-accessories\/decanter-vintage-1-4-l\/#primaryimage"},"image":{"@id":"https:\/\/faravetrerie.it\/en\/shop-en\/sommelier-accessories\/decanter-vintage-1-4-l\/#primaryimage"},"thumbnailUrl":"https:\/\/faravetrerie.it\/wp-content\/uploads\/2025\/12\/BLVIND140-3.jpg","datePublished":"2025-12-23T15:43:26+00:00","dateModified":"2026-01-28T15:33:35+00:00","description":"Il decanter vintage 1.4 lda vino nella sua forma ideale per l'ossigenazione di una bottiglia da 75 cl. La forma del collo favorisce l'ossigenazione","breadcrumb":{"@id":"https:\/\/faravetrerie.it\/en\/shop-en\/sommelier-accessories\/decanter-vintage-1-4-l\/#breadcrumb"},"inLanguage":"en-US","potentialAction":[{"@type":"ReadAction","target":["https:\/\/faravetrerie.it\/en\/shop-en\/sommelier-accessories\/decanter-vintage-1-4-l\/"]}]},{"@type":"ImageObject","inLanguage":"en-US","@id":"https:\/\/faravetrerie.it\/en\/shop-en\/sommelier-accessories\/decanter-vintage-1-4-l\/#primaryimage","url":"https:\/\/faravetrerie.it\/wp-content\/uploads\/2025\/12\/BLVIND140-3.jpg","contentUrl":"https:\/\/faravetrerie.it\/wp-content\/uploads\/2025\/12\/BLVIND140-3.jpg","width":1417,"height":1900,"caption":"Decanter Vintage 1.4 L"},{"@type":"BreadcrumbList","@id":"https:\/\/faravetrerie.it\/en\/shop-en\/sommelier-accessories\/decanter-vintage-1-4-l\/#breadcrumb","itemListElement":[{"@type":"ListItem","position":1,"name":"Home","item":"https:\/\/faravetrerie.it\/en\/"},{"@type":"ListItem","position":2,"name":"Shop","item":"https:\/\/faravetrerie.it\/en\/shop-en\/"},{"@type":"ListItem","position":3,"name":"DECANTER VINTAGE 1.4 L"}]},{"@type":"WebSite","@id":"https:\/\/faravetrerie.it\/en\/#website","url":"https:\/\/faravetrerie.it\/en\/","name":"Fara Vetrerie e Cristallerie","description":"","publisher":{"@id":"https:\/\/faravetrerie.it\/en\/#organization"},"potentialAction":[{"@type":"SearchAction","target":{"@type":"EntryPoint","urlTemplate":"https:\/\/faravetrerie.it\/en\/?s={search_term_string}"},"query-input":{"@type":"PropertyValueSpecification","valueRequired":true,"valueName":"search_term_string"}}],"inLanguage":"en-US"},{"@type":"Organization","@id":"https:\/\/faravetrerie.it\/en\/#organization","name":"Fara Vetrerie e Cristallerie","url":"https:\/\/faravetrerie.it\/en\/","logo":{"@type":"ImageObject","inLanguage":"en-US","@id":"https:\/\/faravetrerie.it\/en\/#\/schema\/logo\/image\/","url":"https:\/\/faravetrerie.it\/wp-content\/uploads\/2025\/12\/logo-fara-bianco.png","contentUrl":"https:\/\/faravetrerie.it\/wp-content\/uploads\/2025\/12\/logo-fara-bianco.png","width":2038,"height":2942,"caption":"Fara Vetrerie e Cristallerie"},"image":{"@id":"https:\/\/faravetrerie.it\/en\/#\/schema\/logo\/image\/"}}]}},"_links":{"self":[{"href":"https:\/\/faravetrerie.it\/en\/wp-json\/wp\/v2\/product\/25794","targetHints":{"allow":["GET"]}}],"collection":[{"href":"https:\/\/faravetrerie.it\/en\/wp-json\/wp\/v2\/product"}],"about":[{"href":"https:\/\/faravetrerie.it\/en\/wp-json\/wp\/v2\/types\/product"}],"wp:featuredmedia":[{"embeddable":true,"href":"https:\/\/faravetrerie.it\/en\/wp-json\/wp\/v2\/media\/23426"}],"wp:attachment":[{"href":"https:\/\/faravetrerie.it\/en\/wp-json\/wp\/v2\/media?parent=25794"}],"wp:term":[{"taxonomy":"product_brand","embeddable":true,"href":"https:\/\/faravetrerie.it\/en\/wp-json\/wp\/v2\/product_brand?post=25794"},{"taxonomy":"product_cat","embeddable":true,"href":"https:\/\/faravetrerie.it\/en\/wp-json\/wp\/v2\/product_cat?post=25794"},{"taxonomy":"product_tag","embeddable":true,"href":"https:\/\/faravetrerie.it\/en\/wp-json\/wp\/v2\/product_tag?post=25794"}],"curies":[{"name":"wp","href":"https:\/\/api.w.org\/{rel}","templated":true}]}}