{"id":25796,"date":"2025-12-23T16:43:27","date_gmt":"2025-12-23T15:43:27","guid":{"rendered":"https:\/\/sviluppo.faravetrerie.it\/blog\/?post_type=product&#038;p=25796"},"modified":"2026-01-28T16:17:10","modified_gmt":"2026-01-28T15:17:10","slug":"caraffa-spumante","status":"publish","type":"product","link":"https:\/\/faravetrerie.it\/en\/shop-en\/sommelier-accessories\/caraffa-spumante\/","title":{"rendered":"CARAFFA SPUMANTE"},"content":{"rendered":"<article class=\"group\/turn w-full text-token-text-primary focus-visible:outline-2 focus-visible:outline-offset-[-4px]\" dir=\"auto\" data-testid=\"conversation-turn-88\" data-scroll-anchor=\"true\">\n<div class=\"text-base my-auto mx-auto py-[18px] px-6\">\n<div class=\"mx-auto flex flex-1 text-base gap-4 md:gap-5 lg:gap-6 md:max-w-3xl\">\n<div class=\"group\/conversation-turn relative flex w-full min-w-0 flex-col agent-turn @xs\/thread:px-0 @sm\/thread:px-1.5 @md\/thread:px-4\">\n<div class=\"flex-col gap-1 md:gap-3\">\n<div class=\"flex max-w-full flex-col flex-grow\">\n<div class=\"min-h-8 text-message relative flex w-full flex-col items-end gap-2 whitespace-normal break-words text-start [.text-message+&amp;]:mt-5\" dir=\"auto\" data-message-author-role=\"assistant\" data-message-id=\"78cbdf73-f837-44ec-844f-61fcf1ab85d3\" data-message-model-slug=\"gpt-4o-mini\">\n<div class=\"flex w-full flex-col gap-1 empty:hidden first:pt-[3px]\">\n<div class=\"markdown prose w-full break-words dark:prose-invert light\">\n<h4 data-start=\"0\" data-end=\"84\"><strong data-start=\"0\" data-end=\"84\">Caraffa Spumante Fara Vetrerie: Eleganza Artigianale per i Tuoi Spumanti<\/strong><\/h4>\n<p class=\"\" data-start=\"140\" data-end=\"617\">La Caraffa Spumante \u00e8 un prodotto esclusivo di Fara Vetrerie, realizzata artigianalmente in vetro soffiato a bocca da esperti maestri vetrai. Questo elegante accessorio \u00e8 progettato per valorizzare la presentazione e l&#8217;esperienza di degustazione dei tuoi spumanti e champagne. Con il suo bordo tagliato a freddo e la sua forma unica, la caraffa si distingue per un&#8217;eleganza senza pari, rendendola ideale per le cerimonie e le occasioni speciali.<\/p>\n<h5 data-start=\"619\" data-end=\"660\">Un Design Artigianale di Alta Qualit\u00e0<\/h5>\n<p class=\"\" data-start=\"662\" data-end=\"1184\">La Caraffa Spumante Fara Vetrerie \u00e8 il risultato di una lavorazione artigianale che sfrutta la tecnica del vetro soffiato a bocca, un processo che conferisce al prodotto una finitura unica e una qualit\u00e0 senza compromessi. Ogni caraffa \u00e8 realizzata con cura dai maestri vetrai, assicurando che ogni pezzo sia un&#8217;opera d&#8217;arte. Il bordo tagliato a freddo non solo esalta l&#8217;eleganza della caraffa, ma offre anche una finitura liscia e raffinata, che aggiunge un ulteriore tocco di classe al design complessivo.<\/p>\n<h5 data-start=\"1186\" data-end=\"1245\">Eleganza e Funzionalit\u00e0 per il Tuo Servizio di Spumante<\/h5>\n<p class=\"\" data-start=\"1247\" data-end=\"1739\">La Caraffa Spumante non \u00e8 solo un oggetto decorativo, ma \u00e8 anche progettata per essere funzionale. La sua forma aiuta a mantenere la freschezza e a esaltare il perlage degli spumanti, favorendo una perfetta ossigenazione della bevanda senza compromettere la sua effervescenza. Ideale per spumanti, champagne ma anche per altri vini frizzanti, questa caraffa \u00e8 un pezzo esclusivo che migliora l&#8217;esperienza di degustazione.<\/p>\n<h5 data-start=\"1741\" data-end=\"1779\">Perfetta per le Occasioni Speciali<\/h5>\n<p class=\"\" data-start=\"1781\" data-end=\"2235\">La Caraffa Spumante \u00e8 un prodotto ideale per i ristoranti, hotel e eventi eleganti, dove la cura dei dettagli \u00e8 veramente fondamentale. Grazie al suo design elegante e raffinato, \u00e8 perfetta per cerimonie, feste e occasioni speciali, dove \u00e8 importante fare una grande impressione. La sua brillantezza e qualit\u00e0 artigianale la rendono un pezzo unico che arricchisce ogni tavola, aggiungendo un tocco di lusso a ogni occasione.<\/p>\n<h5 data-start=\"2237\" data-end=\"2293\">Conclusione: Un Pezzo Unico per un Servizio Elegante<\/h5>\n<p class=\"\" data-start=\"2295\" data-end=\"2853\">La Caraffa Spumante Fara Vetrerie \u00e8 il perfetto esempio di eleganza artigianale, combinando la bellezza del vetro soffiato a bocca con la funzionalit\u00e0 di un accessorio pensato per valorizzare la degustazione dei tuoi spumanti. Con il suo bordo tagliato a freddo e la qualit\u00e0 superiore del vetro, questa caraffa \u00e8 un prodotto esclusivo che trasforma ogni brindisi in un momento di classe. Perfetta per ristoranti, hotel e eventi di lusso, \u00e8 il complemento ideale per chi cerca stile e raffinatezza nel proprio servizio.<\/p>\n<\/div>\n<\/div>\n<\/div>\n<\/div>\n<\/div>\n<\/div>\n<\/div>\n<\/div>\n<\/article>\n","protected":false},"excerpt":{"rendered":"<p>La caraffa Spumante \u00e8 un prodotto esclusivo Fara Vetrerie, prodotta artigianalmente in vetro soffiato a bocca. Con l&#8217;elegante bordo tagliato a freddo \u00e8 un prodotto di alta qualit\u00e0<\/p>\n<p>cl. 100<\/p>\n<p>fl. oz. 33,81<\/p>\n<p>h. 325 mm.<\/p>\n<p>\u00d8 120 mm.<\/p>\n<p>In vetro soffiato a bocca<\/p>\n","protected":false},"featured_media":23428,"template":"","meta":{"inline_featured_image":false},"product_brand":[],"product_cat":[30,41],"product_tag":[1061],"class_list":{"0":"post-25796","1":"product","2":"type-product","3":"status-publish","4":"has-post-thumbnail","6":"product_cat-vino","7":"product_cat-accessori-vino","8":"product_tag-caraffa","10":"first","11":"instock","12":"taxable","13":"shipping-taxable","14":"product-type-simple"},"yoast_head":"<!-- This site is optimized with the Yoast SEO plugin v26.6 - https:\/\/yoast.com\/wordpress\/plugins\/seo\/ -->\n<title>CARAFFA SPUMANTE - Fara Vetrerie e Cristallerie<\/title>\n<meta name=\"description\" content=\"La caraffa Spumante \u00e8 un prodotto esclusivo Fara Vetrerie, prodotta artigianalmente in vetro soffiato a bocca. Con l&#039;elegante bordo tagliato a freddo.\" \/>\n<meta name=\"robots\" content=\"index, follow, max-snippet:-1, max-image-preview:large, max-video-preview:-1\" \/>\n<link rel=\"canonical\" href=\"https:\/\/faravetrerie.it\/en\/shop-en\/sommelier-accessories\/caraffa-spumante\/\" \/>\n<meta property=\"og:locale\" content=\"en_US\" \/>\n<meta property=\"og:type\" content=\"article\" \/>\n<meta property=\"og:title\" content=\"CARAFFA SPUMANTE - Fara Vetrerie e Cristallerie\" \/>\n<meta property=\"og:description\" content=\"La caraffa Spumante \u00e8 un prodotto esclusivo Fara Vetrerie, prodotta artigianalmente in vetro soffiato a bocca. Con l&#039;elegante bordo tagliato a freddo.\" \/>\n<meta property=\"og:url\" content=\"https:\/\/faravetrerie.it\/en\/shop-en\/sommelier-accessories\/caraffa-spumante\/\" \/>\n<meta property=\"og:site_name\" content=\"Fara Vetrerie e Cristallerie\" \/>\n<meta property=\"article:modified_time\" content=\"2026-01-28T15:17:10+00:00\" \/>\n<meta property=\"og:image\" content=\"https:\/\/faravetrerie.it\/wp-content\/uploads\/2025\/12\/VF11_544_02-scaled-4.jpg\" \/>\n\t<meta property=\"og:image:width\" content=\"1877\" \/>\n\t<meta property=\"og:image:height\" content=\"2560\" \/>\n\t<meta property=\"og:image:type\" content=\"image\/jpeg\" \/>\n<meta name=\"twitter:card\" content=\"summary_large_image\" \/>\n<meta name=\"twitter:label1\" content=\"Est. reading time\" \/>\n\t<meta name=\"twitter:data1\" content=\"3 minutes\" \/>\n<script type=\"application\/ld+json\" class=\"yoast-schema-graph\">{\"@context\":\"https:\/\/schema.org\",\"@graph\":[{\"@type\":\"WebPage\",\"@id\":\"https:\/\/faravetrerie.it\/en\/shop-en\/sommelier-accessories\/caraffa-spumante\/\",\"url\":\"https:\/\/faravetrerie.it\/en\/shop-en\/sommelier-accessories\/caraffa-spumante\/\",\"name\":\"CARAFFA SPUMANTE - Fara Vetrerie e Cristallerie\",\"isPartOf\":{\"@id\":\"https:\/\/faravetrerie.it\/en\/#website\"},\"primaryImageOfPage\":{\"@id\":\"https:\/\/faravetrerie.it\/en\/shop-en\/sommelier-accessories\/caraffa-spumante\/#primaryimage\"},\"image\":{\"@id\":\"https:\/\/faravetrerie.it\/en\/shop-en\/sommelier-accessories\/caraffa-spumante\/#primaryimage\"},\"thumbnailUrl\":\"https:\/\/faravetrerie.it\/wp-content\/uploads\/2025\/12\/VF11_544_02-scaled-4.jpg\",\"datePublished\":\"2025-12-23T15:43:27+00:00\",\"dateModified\":\"2026-01-28T15:17:10+00:00\",\"description\":\"La caraffa Spumante \u00e8 un prodotto esclusivo Fara Vetrerie, prodotta artigianalmente in vetro soffiato a bocca. Con l'elegante bordo tagliato a freddo.\",\"breadcrumb\":{\"@id\":\"https:\/\/faravetrerie.it\/en\/shop-en\/sommelier-accessories\/caraffa-spumante\/#breadcrumb\"},\"inLanguage\":\"en-US\",\"potentialAction\":[{\"@type\":\"ReadAction\",\"target\":[\"https:\/\/faravetrerie.it\/en\/shop-en\/sommelier-accessories\/caraffa-spumante\/\"]}]},{\"@type\":\"ImageObject\",\"inLanguage\":\"en-US\",\"@id\":\"https:\/\/faravetrerie.it\/en\/shop-en\/sommelier-accessories\/caraffa-spumante\/#primaryimage\",\"url\":\"https:\/\/faravetrerie.it\/wp-content\/uploads\/2025\/12\/VF11_544_02-scaled-4.jpg\",\"contentUrl\":\"https:\/\/faravetrerie.it\/wp-content\/uploads\/2025\/12\/VF11_544_02-scaled-4.jpg\",\"width\":1877,\"height\":2560,\"caption\":\"Caraffa Spumante\"},{\"@type\":\"BreadcrumbList\",\"@id\":\"https:\/\/faravetrerie.it\/en\/shop-en\/sommelier-accessories\/caraffa-spumante\/#breadcrumb\",\"itemListElement\":[{\"@type\":\"ListItem\",\"position\":1,\"name\":\"Home\",\"item\":\"https:\/\/faravetrerie.it\/en\/\"},{\"@type\":\"ListItem\",\"position\":2,\"name\":\"Shop\",\"item\":\"https:\/\/faravetrerie.it\/en\/shop-en\/\"},{\"@type\":\"ListItem\",\"position\":3,\"name\":\"CARAFFA SPUMANTE\"}]},{\"@type\":\"WebSite\",\"@id\":\"https:\/\/faravetrerie.it\/en\/#website\",\"url\":\"https:\/\/faravetrerie.it\/en\/\",\"name\":\"Fara Vetrerie e Cristallerie\",\"description\":\"\",\"publisher\":{\"@id\":\"https:\/\/faravetrerie.it\/en\/#organization\"},\"potentialAction\":[{\"@type\":\"SearchAction\",\"target\":{\"@type\":\"EntryPoint\",\"urlTemplate\":\"https:\/\/faravetrerie.it\/en\/?s={search_term_string}\"},\"query-input\":{\"@type\":\"PropertyValueSpecification\",\"valueRequired\":true,\"valueName\":\"search_term_string\"}}],\"inLanguage\":\"en-US\"},{\"@type\":\"Organization\",\"@id\":\"https:\/\/faravetrerie.it\/en\/#organization\",\"name\":\"Fara Vetrerie e Cristallerie\",\"url\":\"https:\/\/faravetrerie.it\/en\/\",\"logo\":{\"@type\":\"ImageObject\",\"inLanguage\":\"en-US\",\"@id\":\"https:\/\/faravetrerie.it\/en\/#\/schema\/logo\/image\/\",\"url\":\"https:\/\/faravetrerie.it\/wp-content\/uploads\/2025\/12\/logo-fara-bianco.png\",\"contentUrl\":\"https:\/\/faravetrerie.it\/wp-content\/uploads\/2025\/12\/logo-fara-bianco.png\",\"width\":2038,\"height\":2942,\"caption\":\"Fara Vetrerie e Cristallerie\"},\"image\":{\"@id\":\"https:\/\/faravetrerie.it\/en\/#\/schema\/logo\/image\/\"}}]}<\/script>\n<!-- \/ Yoast SEO plugin. -->","yoast_head_json":{"title":"CARAFFA SPUMANTE - Fara Vetrerie e Cristallerie","description":"La caraffa Spumante \u00e8 un prodotto esclusivo Fara Vetrerie, prodotta artigianalmente in vetro soffiato a bocca. Con l'elegante bordo tagliato a freddo.","robots":{"index":"index","follow":"follow","max-snippet":"max-snippet:-1","max-image-preview":"max-image-preview:large","max-video-preview":"max-video-preview:-1"},"canonical":"https:\/\/faravetrerie.it\/en\/shop-en\/sommelier-accessories\/caraffa-spumante\/","og_locale":"en_US","og_type":"article","og_title":"CARAFFA SPUMANTE - Fara Vetrerie e Cristallerie","og_description":"La caraffa Spumante \u00e8 un prodotto esclusivo Fara Vetrerie, prodotta artigianalmente in vetro soffiato a bocca. Con l'elegante bordo tagliato a freddo.","og_url":"https:\/\/faravetrerie.it\/en\/shop-en\/sommelier-accessories\/caraffa-spumante\/","og_site_name":"Fara Vetrerie e Cristallerie","article_modified_time":"2026-01-28T15:17:10+00:00","og_image":[{"width":1877,"height":2560,"url":"https:\/\/faravetrerie.it\/wp-content\/uploads\/2025\/12\/VF11_544_02-scaled-4.jpg","type":"image\/jpeg"}],"twitter_card":"summary_large_image","twitter_misc":{"Est. reading time":"3 minutes"},"schema":{"@context":"https:\/\/schema.org","@graph":[{"@type":"WebPage","@id":"https:\/\/faravetrerie.it\/en\/shop-en\/sommelier-accessories\/caraffa-spumante\/","url":"https:\/\/faravetrerie.it\/en\/shop-en\/sommelier-accessories\/caraffa-spumante\/","name":"CARAFFA SPUMANTE - Fara Vetrerie e Cristallerie","isPartOf":{"@id":"https:\/\/faravetrerie.it\/en\/#website"},"primaryImageOfPage":{"@id":"https:\/\/faravetrerie.it\/en\/shop-en\/sommelier-accessories\/caraffa-spumante\/#primaryimage"},"image":{"@id":"https:\/\/faravetrerie.it\/en\/shop-en\/sommelier-accessories\/caraffa-spumante\/#primaryimage"},"thumbnailUrl":"https:\/\/faravetrerie.it\/wp-content\/uploads\/2025\/12\/VF11_544_02-scaled-4.jpg","datePublished":"2025-12-23T15:43:27+00:00","dateModified":"2026-01-28T15:17:10+00:00","description":"La caraffa Spumante \u00e8 un prodotto esclusivo Fara Vetrerie, prodotta artigianalmente in vetro soffiato a bocca. Con l'elegante bordo tagliato a freddo.","breadcrumb":{"@id":"https:\/\/faravetrerie.it\/en\/shop-en\/sommelier-accessories\/caraffa-spumante\/#breadcrumb"},"inLanguage":"en-US","potentialAction":[{"@type":"ReadAction","target":["https:\/\/faravetrerie.it\/en\/shop-en\/sommelier-accessories\/caraffa-spumante\/"]}]},{"@type":"ImageObject","inLanguage":"en-US","@id":"https:\/\/faravetrerie.it\/en\/shop-en\/sommelier-accessories\/caraffa-spumante\/#primaryimage","url":"https:\/\/faravetrerie.it\/wp-content\/uploads\/2025\/12\/VF11_544_02-scaled-4.jpg","contentUrl":"https:\/\/faravetrerie.it\/wp-content\/uploads\/2025\/12\/VF11_544_02-scaled-4.jpg","width":1877,"height":2560,"caption":"Caraffa Spumante"},{"@type":"BreadcrumbList","@id":"https:\/\/faravetrerie.it\/en\/shop-en\/sommelier-accessories\/caraffa-spumante\/#breadcrumb","itemListElement":[{"@type":"ListItem","position":1,"name":"Home","item":"https:\/\/faravetrerie.it\/en\/"},{"@type":"ListItem","position":2,"name":"Shop","item":"https:\/\/faravetrerie.it\/en\/shop-en\/"},{"@type":"ListItem","position":3,"name":"CARAFFA SPUMANTE"}]},{"@type":"WebSite","@id":"https:\/\/faravetrerie.it\/en\/#website","url":"https:\/\/faravetrerie.it\/en\/","name":"Fara Vetrerie e Cristallerie","description":"","publisher":{"@id":"https:\/\/faravetrerie.it\/en\/#organization"},"potentialAction":[{"@type":"SearchAction","target":{"@type":"EntryPoint","urlTemplate":"https:\/\/faravetrerie.it\/en\/?s={search_term_string}"},"query-input":{"@type":"PropertyValueSpecification","valueRequired":true,"valueName":"search_term_string"}}],"inLanguage":"en-US"},{"@type":"Organization","@id":"https:\/\/faravetrerie.it\/en\/#organization","name":"Fara Vetrerie e Cristallerie","url":"https:\/\/faravetrerie.it\/en\/","logo":{"@type":"ImageObject","inLanguage":"en-US","@id":"https:\/\/faravetrerie.it\/en\/#\/schema\/logo\/image\/","url":"https:\/\/faravetrerie.it\/wp-content\/uploads\/2025\/12\/logo-fara-bianco.png","contentUrl":"https:\/\/faravetrerie.it\/wp-content\/uploads\/2025\/12\/logo-fara-bianco.png","width":2038,"height":2942,"caption":"Fara Vetrerie e Cristallerie"},"image":{"@id":"https:\/\/faravetrerie.it\/en\/#\/schema\/logo\/image\/"}}]}},"_links":{"self":[{"href":"https:\/\/faravetrerie.it\/en\/wp-json\/wp\/v2\/product\/25796","targetHints":{"allow":["GET"]}}],"collection":[{"href":"https:\/\/faravetrerie.it\/en\/wp-json\/wp\/v2\/product"}],"about":[{"href":"https:\/\/faravetrerie.it\/en\/wp-json\/wp\/v2\/types\/product"}],"wp:featuredmedia":[{"embeddable":true,"href":"https:\/\/faravetrerie.it\/en\/wp-json\/wp\/v2\/media\/23428"}],"wp:attachment":[{"href":"https:\/\/faravetrerie.it\/en\/wp-json\/wp\/v2\/media?parent=25796"}],"wp:term":[{"taxonomy":"product_brand","embeddable":true,"href":"https:\/\/faravetrerie.it\/en\/wp-json\/wp\/v2\/product_brand?post=25796"},{"taxonomy":"product_cat","embeddable":true,"href":"https:\/\/faravetrerie.it\/en\/wp-json\/wp\/v2\/product_cat?post=25796"},{"taxonomy":"product_tag","embeddable":true,"href":"https:\/\/faravetrerie.it\/en\/wp-json\/wp\/v2\/product_tag?post=25796"}],"curies":[{"name":"wp","href":"https:\/\/api.w.org\/{rel}","templated":true}]}}