{"id":25805,"date":"2025-12-23T16:43:28","date_gmt":"2025-12-23T15:43:28","guid":{"rendered":"https:\/\/sviluppo.faravetrerie.it\/blog\/?post_type=product&#038;p=25805"},"modified":"2026-01-28T15:52:20","modified_gmt":"2026-01-28T14:52:20","slug":"caraffa-acqua-50-cl","status":"publish","type":"product","link":"https:\/\/faravetrerie.it\/en\/shop-en\/water-en\/water-bottles\/caraffa-acqua-50-cl\/","title":{"rendered":"CARAFFA ACQUA 50 CL"},"content":{"rendered":"<article class=\"group\/turn w-full text-token-text-primary focus-visible:outline-2 focus-visible:outline-offset-[-4px]\" dir=\"auto\" data-testid=\"conversation-turn-24\" data-scroll-anchor=\"true\">\n<div class=\"text-base my-auto mx-auto py-[18px] px-6\">\n<div class=\"mx-auto flex flex-1 text-base gap-4 md:gap-5 lg:gap-6 md:max-w-3xl\">\n<div class=\"group\/conversation-turn relative flex w-full min-w-0 flex-col agent-turn @xs\/thread:px-0 @sm\/thread:px-1.5 @md\/thread:px-4\">\n<div class=\"flex-col gap-1 md:gap-3\">\n<div class=\"flex max-w-full flex-col flex-grow\">\n<div class=\"min-h-8 text-message relative flex w-full flex-col items-end gap-2 whitespace-normal break-words text-start [.text-message+&amp;]:mt-5\" dir=\"auto\" data-message-author-role=\"assistant\" data-message-id=\"83eba773-e614-4173-b161-eafe1b3c93df\" data-message-model-slug=\"gpt-4o-mini\">\n<div class=\"flex w-full flex-col gap-1 empty:hidden first:pt-[3px]\">\n<div class=\"markdown prose w-full break-words dark:prose-invert light\">\n<h4 data-start=\"0\" data-end=\"76\">Caraffa Acqua 50 cl: Eleganza Sobria in Vetro Soffiato a Bocca<\/h4>\n<p class=\"\" data-start=\"271\" data-end=\"681\">La caraffa acqua da 50 cl \u00e8 un classico senza tempo, parte della nostra collezione di prodotti realizzati in vetro soffiato a bocca. Con il suo design elegante e sobrio, questa bottiglia si distingue per la sua versatilit\u00e0 e il suo carattere raffinato, che la rende perfetta per ogni occasione. Il bordo obliquo aggiunge un tocco di originalit\u00e0, facendo di ogni sorso un&#8217;esperienza visiva e sensoriale unica.<\/p>\n<h5 data-start=\"683\" data-end=\"737\">Un Classico Intramontabile nella Versione da 50 cl<\/h5>\n<p class=\"\" data-start=\"738\" data-end=\"1139\">La caraffa acqua da 50 cl \u00e8 una versione compatta ma altrettanto elegante del nostro tradizionale design in vetro soffiato. La capacit\u00e0 perfetta per ogni tavola, da quella quotidiana a quella pi\u00f9 formale, rende questa bottiglia ideale per accompagnare ogni pasto. La sua forma semplice e raffinata non passa mai di moda, rendendola un accessorio indispensabile per chi cerca funzionalit\u00e0 e bellezza.<\/p>\n<h5 data-start=\"1141\" data-end=\"1178\">Design Elegante con Bordo Obliquo<\/h5>\n<p class=\"\" data-start=\"1179\" data-end=\"1603\">Il design della bottiglia \u00e8 caratterizzato da un bordo obliquo che le conferisce un aspetto distintivo e moderno. Questo dettaglio, insieme alla sua silhouette snodato e trasparente, la rende una scelta ideale per chi apprezza l&#8217;eleganza discreta ma al tempo stesso vuole un elemento che catturi l&#8217;attenzione. Ogni bottiglia \u00e8 un pezzo unico, realizzato con cura artigianale per garantire una qualit\u00e0 senza pari.<\/p>\n<h5 data-start=\"1605\" data-end=\"1665\">Vetro Soffiato a Bocca: Tradizione e Qualit\u00e0 Artigianale<\/h5>\n<p class=\"\" data-start=\"1666\" data-end=\"2070\">Come tutte le nostre bottiglie, anche la versione da 50 cl \u00e8 realizzata con la tecnica del vetro soffiato a bocca, una lavorazione che garantisce un prodotto di altissima qualit\u00e0. Ogni bottiglia \u00e8 plasmata a mano, con un processo che conferisce ad ogni pezzo una unicit\u00e0 speciale. Il vetro soffiato a bocca non solo rende la bottiglia esteticamente affascinante, ma ne assicura anche la durata nel tempo.<\/p>\n<p class=\"\" data-start=\"2072\" data-end=\"2450\">In conclusione, la bottiglia acqua 50 cl rappresenta l&#8217;equilibrio perfetto tra design raffinato e funzionalit\u00e0. Con il suo bordo obliquo e la qualit\u00e0 artigianale del vetro soffiato a bocca, \u00e8 un prodotto che si adatta perfettamente a ogni occasione, donando eleganza e classe a ogni tavola. Semplice, ma sofisticata, \u00e8 una scelta ideale per chi cerca la perfezione nei dettagli.<\/p>\n<\/div>\n<\/div>\n<\/div>\n<\/div>\n<div class=\"mb-2 flex gap-3 -ml-2\">\n<div class=\"flex items-center justify-start rounded-xl p-1\">\n<div>\n<div class=\"flex items-center\"><\/div>\n<\/div>\n<\/div>\n<\/div>\n<\/div>\n<\/div>\n<\/div>\n<\/div>\n<\/article>\n","protected":false},"excerpt":{"rendered":"<p>La bottiglia acqua, un classico fra i nostri prodotti in vetro soffiato a bocca, nella versione da 50 cl. Elegante e sobria con il suo bordo obliquo.<\/p>\n<p>cl. 50<\/p>\n<p>fl.oz. 16,91<\/p>\n<p>h. 230 mm.<\/p>\n<p>\u00d8 103 mm.<\/p>\n<p>E&#8217; un prodotto in vetro soffiato a bocca. Il contenuto in cl \u00e8 puramente indicativo<\/p>\n","protected":false},"featured_media":23460,"template":"","meta":{"inline_featured_image":false},"product_brand":[],"product_cat":[23,35],"product_tag":[891,894,893],"class_list":{"0":"post-25805","1":"product","2":"type-product","3":"status-publish","4":"has-post-thumbnail","6":"product_cat-acqua","7":"product_cat-bottiglie-acqua","8":"product_tag-acqua","9":"product_tag-bottiglieacqua","10":"product_tag-bottigliepersonalizzate","12":"first","13":"instock","14":"taxable","15":"shipping-taxable","16":"product-type-simple"},"yoast_head":"<!-- This site is optimized with the Yoast SEO plugin v26.6 - https:\/\/yoast.com\/wordpress\/plugins\/seo\/ -->\n<title>CARAFFA ACQUA 50 CL - Fara Vetrerie e Cristallerie<\/title>\n<meta name=\"description\" content=\"La caraffa acqua 50 cl, un classico fra i nostri prodotti in vetro soffiato a bocca, nella versione da 50 cl. Elegante e sobria con il suo bordo obliquo.\" \/>\n<meta name=\"robots\" content=\"index, follow, max-snippet:-1, max-image-preview:large, max-video-preview:-1\" \/>\n<link rel=\"canonical\" href=\"https:\/\/faravetrerie.it\/en\/shop-en\/water-en\/water-bottles\/caraffa-acqua-50-cl\/\" \/>\n<meta property=\"og:locale\" content=\"en_US\" \/>\n<meta property=\"og:type\" content=\"article\" \/>\n<meta property=\"og:title\" content=\"CARAFFA ACQUA 50 CL - Fara Vetrerie e Cristallerie\" \/>\n<meta property=\"og:description\" content=\"La caraffa acqua 50 cl, un classico fra i nostri prodotti in vetro soffiato a bocca, nella versione da 50 cl. Elegante e sobria con il suo bordo obliquo.\" \/>\n<meta property=\"og:url\" content=\"https:\/\/faravetrerie.it\/en\/shop-en\/water-en\/water-bottles\/caraffa-acqua-50-cl\/\" \/>\n<meta property=\"og:site_name\" content=\"Fara Vetrerie e Cristallerie\" \/>\n<meta property=\"article:modified_time\" content=\"2026-01-28T14:52:20+00:00\" \/>\n<meta property=\"og:image\" content=\"https:\/\/faravetrerie.it\/wp-content\/uploads\/2025\/12\/VF26_567B_01-scaled-e1595925545419-3.jpg\" \/>\n\t<meta property=\"og:image:width\" content=\"2374\" \/>\n\t<meta property=\"og:image:height\" content=\"2368\" \/>\n\t<meta property=\"og:image:type\" content=\"image\/jpeg\" \/>\n<meta name=\"twitter:card\" content=\"summary_large_image\" \/>\n<meta name=\"twitter:label1\" content=\"Est. reading time\" \/>\n\t<meta name=\"twitter:data1\" content=\"3 minutes\" \/>\n<script type=\"application\/ld+json\" class=\"yoast-schema-graph\">{\"@context\":\"https:\/\/schema.org\",\"@graph\":[{\"@type\":\"WebPage\",\"@id\":\"https:\/\/faravetrerie.it\/en\/shop-en\/water-en\/water-bottles\/caraffa-acqua-50-cl\/\",\"url\":\"https:\/\/faravetrerie.it\/en\/shop-en\/water-en\/water-bottles\/caraffa-acqua-50-cl\/\",\"name\":\"CARAFFA ACQUA 50 CL - Fara Vetrerie e Cristallerie\",\"isPartOf\":{\"@id\":\"https:\/\/faravetrerie.it\/en\/#website\"},\"primaryImageOfPage\":{\"@id\":\"https:\/\/faravetrerie.it\/en\/shop-en\/water-en\/water-bottles\/caraffa-acqua-50-cl\/#primaryimage\"},\"image\":{\"@id\":\"https:\/\/faravetrerie.it\/en\/shop-en\/water-en\/water-bottles\/caraffa-acqua-50-cl\/#primaryimage\"},\"thumbnailUrl\":\"https:\/\/faravetrerie.it\/wp-content\/uploads\/2025\/12\/VF26_567B_01-scaled-e1595925545419-3.jpg\",\"datePublished\":\"2025-12-23T15:43:28+00:00\",\"dateModified\":\"2026-01-28T14:52:20+00:00\",\"description\":\"La caraffa acqua 50 cl, un classico fra i nostri prodotti in vetro soffiato a bocca, nella versione da 50 cl. Elegante e sobria con il suo bordo obliquo.\",\"breadcrumb\":{\"@id\":\"https:\/\/faravetrerie.it\/en\/shop-en\/water-en\/water-bottles\/caraffa-acqua-50-cl\/#breadcrumb\"},\"inLanguage\":\"en-US\",\"potentialAction\":[{\"@type\":\"ReadAction\",\"target\":[\"https:\/\/faravetrerie.it\/en\/shop-en\/water-en\/water-bottles\/caraffa-acqua-50-cl\/\"]}]},{\"@type\":\"ImageObject\",\"inLanguage\":\"en-US\",\"@id\":\"https:\/\/faravetrerie.it\/en\/shop-en\/water-en\/water-bottles\/caraffa-acqua-50-cl\/#primaryimage\",\"url\":\"https:\/\/faravetrerie.it\/wp-content\/uploads\/2025\/12\/VF26_567B_01-scaled-e1595925545419-3.jpg\",\"contentUrl\":\"https:\/\/faravetrerie.it\/wp-content\/uploads\/2025\/12\/VF26_567B_01-scaled-e1595925545419-3.jpg\",\"width\":2374,\"height\":2368,\"caption\":\"caraffa acqua da 50 cl\"},{\"@type\":\"BreadcrumbList\",\"@id\":\"https:\/\/faravetrerie.it\/en\/shop-en\/water-en\/water-bottles\/caraffa-acqua-50-cl\/#breadcrumb\",\"itemListElement\":[{\"@type\":\"ListItem\",\"position\":1,\"name\":\"Home\",\"item\":\"https:\/\/faravetrerie.it\/en\/\"},{\"@type\":\"ListItem\",\"position\":2,\"name\":\"Shop\",\"item\":\"https:\/\/faravetrerie.it\/en\/shop-en\/\"},{\"@type\":\"ListItem\",\"position\":3,\"name\":\"CARAFFA ACQUA 50 CL\"}]},{\"@type\":\"WebSite\",\"@id\":\"https:\/\/faravetrerie.it\/en\/#website\",\"url\":\"https:\/\/faravetrerie.it\/en\/\",\"name\":\"Fara Vetrerie e Cristallerie\",\"description\":\"\",\"publisher\":{\"@id\":\"https:\/\/faravetrerie.it\/en\/#organization\"},\"potentialAction\":[{\"@type\":\"SearchAction\",\"target\":{\"@type\":\"EntryPoint\",\"urlTemplate\":\"https:\/\/faravetrerie.it\/en\/?s={search_term_string}\"},\"query-input\":{\"@type\":\"PropertyValueSpecification\",\"valueRequired\":true,\"valueName\":\"search_term_string\"}}],\"inLanguage\":\"en-US\"},{\"@type\":\"Organization\",\"@id\":\"https:\/\/faravetrerie.it\/en\/#organization\",\"name\":\"Fara Vetrerie e Cristallerie\",\"url\":\"https:\/\/faravetrerie.it\/en\/\",\"logo\":{\"@type\":\"ImageObject\",\"inLanguage\":\"en-US\",\"@id\":\"https:\/\/faravetrerie.it\/en\/#\/schema\/logo\/image\/\",\"url\":\"https:\/\/faravetrerie.it\/wp-content\/uploads\/2025\/12\/logo-fara-bianco.png\",\"contentUrl\":\"https:\/\/faravetrerie.it\/wp-content\/uploads\/2025\/12\/logo-fara-bianco.png\",\"width\":2038,\"height\":2942,\"caption\":\"Fara Vetrerie e Cristallerie\"},\"image\":{\"@id\":\"https:\/\/faravetrerie.it\/en\/#\/schema\/logo\/image\/\"}}]}<\/script>\n<!-- \/ Yoast SEO plugin. -->","yoast_head_json":{"title":"CARAFFA ACQUA 50 CL - Fara Vetrerie e Cristallerie","description":"La caraffa acqua 50 cl, un classico fra i nostri prodotti in vetro soffiato a bocca, nella versione da 50 cl. Elegante e sobria con il suo bordo obliquo.","robots":{"index":"index","follow":"follow","max-snippet":"max-snippet:-1","max-image-preview":"max-image-preview:large","max-video-preview":"max-video-preview:-1"},"canonical":"https:\/\/faravetrerie.it\/en\/shop-en\/water-en\/water-bottles\/caraffa-acqua-50-cl\/","og_locale":"en_US","og_type":"article","og_title":"CARAFFA ACQUA 50 CL - Fara Vetrerie e Cristallerie","og_description":"La caraffa acqua 50 cl, un classico fra i nostri prodotti in vetro soffiato a bocca, nella versione da 50 cl. Elegante e sobria con il suo bordo obliquo.","og_url":"https:\/\/faravetrerie.it\/en\/shop-en\/water-en\/water-bottles\/caraffa-acqua-50-cl\/","og_site_name":"Fara Vetrerie e Cristallerie","article_modified_time":"2026-01-28T14:52:20+00:00","og_image":[{"width":2374,"height":2368,"url":"https:\/\/faravetrerie.it\/wp-content\/uploads\/2025\/12\/VF26_567B_01-scaled-e1595925545419-3.jpg","type":"image\/jpeg"}],"twitter_card":"summary_large_image","twitter_misc":{"Est. reading time":"3 minutes"},"schema":{"@context":"https:\/\/schema.org","@graph":[{"@type":"WebPage","@id":"https:\/\/faravetrerie.it\/en\/shop-en\/water-en\/water-bottles\/caraffa-acqua-50-cl\/","url":"https:\/\/faravetrerie.it\/en\/shop-en\/water-en\/water-bottles\/caraffa-acqua-50-cl\/","name":"CARAFFA ACQUA 50 CL - Fara Vetrerie e Cristallerie","isPartOf":{"@id":"https:\/\/faravetrerie.it\/en\/#website"},"primaryImageOfPage":{"@id":"https:\/\/faravetrerie.it\/en\/shop-en\/water-en\/water-bottles\/caraffa-acqua-50-cl\/#primaryimage"},"image":{"@id":"https:\/\/faravetrerie.it\/en\/shop-en\/water-en\/water-bottles\/caraffa-acqua-50-cl\/#primaryimage"},"thumbnailUrl":"https:\/\/faravetrerie.it\/wp-content\/uploads\/2025\/12\/VF26_567B_01-scaled-e1595925545419-3.jpg","datePublished":"2025-12-23T15:43:28+00:00","dateModified":"2026-01-28T14:52:20+00:00","description":"La caraffa acqua 50 cl, un classico fra i nostri prodotti in vetro soffiato a bocca, nella versione da 50 cl. Elegante e sobria con il suo bordo obliquo.","breadcrumb":{"@id":"https:\/\/faravetrerie.it\/en\/shop-en\/water-en\/water-bottles\/caraffa-acqua-50-cl\/#breadcrumb"},"inLanguage":"en-US","potentialAction":[{"@type":"ReadAction","target":["https:\/\/faravetrerie.it\/en\/shop-en\/water-en\/water-bottles\/caraffa-acqua-50-cl\/"]}]},{"@type":"ImageObject","inLanguage":"en-US","@id":"https:\/\/faravetrerie.it\/en\/shop-en\/water-en\/water-bottles\/caraffa-acqua-50-cl\/#primaryimage","url":"https:\/\/faravetrerie.it\/wp-content\/uploads\/2025\/12\/VF26_567B_01-scaled-e1595925545419-3.jpg","contentUrl":"https:\/\/faravetrerie.it\/wp-content\/uploads\/2025\/12\/VF26_567B_01-scaled-e1595925545419-3.jpg","width":2374,"height":2368,"caption":"caraffa acqua da 50 cl"},{"@type":"BreadcrumbList","@id":"https:\/\/faravetrerie.it\/en\/shop-en\/water-en\/water-bottles\/caraffa-acqua-50-cl\/#breadcrumb","itemListElement":[{"@type":"ListItem","position":1,"name":"Home","item":"https:\/\/faravetrerie.it\/en\/"},{"@type":"ListItem","position":2,"name":"Shop","item":"https:\/\/faravetrerie.it\/en\/shop-en\/"},{"@type":"ListItem","position":3,"name":"CARAFFA ACQUA 50 CL"}]},{"@type":"WebSite","@id":"https:\/\/faravetrerie.it\/en\/#website","url":"https:\/\/faravetrerie.it\/en\/","name":"Fara Vetrerie e Cristallerie","description":"","publisher":{"@id":"https:\/\/faravetrerie.it\/en\/#organization"},"potentialAction":[{"@type":"SearchAction","target":{"@type":"EntryPoint","urlTemplate":"https:\/\/faravetrerie.it\/en\/?s={search_term_string}"},"query-input":{"@type":"PropertyValueSpecification","valueRequired":true,"valueName":"search_term_string"}}],"inLanguage":"en-US"},{"@type":"Organization","@id":"https:\/\/faravetrerie.it\/en\/#organization","name":"Fara Vetrerie e Cristallerie","url":"https:\/\/faravetrerie.it\/en\/","logo":{"@type":"ImageObject","inLanguage":"en-US","@id":"https:\/\/faravetrerie.it\/en\/#\/schema\/logo\/image\/","url":"https:\/\/faravetrerie.it\/wp-content\/uploads\/2025\/12\/logo-fara-bianco.png","contentUrl":"https:\/\/faravetrerie.it\/wp-content\/uploads\/2025\/12\/logo-fara-bianco.png","width":2038,"height":2942,"caption":"Fara Vetrerie e Cristallerie"},"image":{"@id":"https:\/\/faravetrerie.it\/en\/#\/schema\/logo\/image\/"}}]}},"_links":{"self":[{"href":"https:\/\/faravetrerie.it\/en\/wp-json\/wp\/v2\/product\/25805","targetHints":{"allow":["GET"]}}],"collection":[{"href":"https:\/\/faravetrerie.it\/en\/wp-json\/wp\/v2\/product"}],"about":[{"href":"https:\/\/faravetrerie.it\/en\/wp-json\/wp\/v2\/types\/product"}],"wp:featuredmedia":[{"embeddable":true,"href":"https:\/\/faravetrerie.it\/en\/wp-json\/wp\/v2\/media\/23460"}],"wp:attachment":[{"href":"https:\/\/faravetrerie.it\/en\/wp-json\/wp\/v2\/media?parent=25805"}],"wp:term":[{"taxonomy":"product_brand","embeddable":true,"href":"https:\/\/faravetrerie.it\/en\/wp-json\/wp\/v2\/product_brand?post=25805"},{"taxonomy":"product_cat","embeddable":true,"href":"https:\/\/faravetrerie.it\/en\/wp-json\/wp\/v2\/product_cat?post=25805"},{"taxonomy":"product_tag","embeddable":true,"href":"https:\/\/faravetrerie.it\/en\/wp-json\/wp\/v2\/product_tag?post=25805"}],"curies":[{"name":"wp","href":"https:\/\/api.w.org\/{rel}","templated":true}]}}