{"id":25807,"date":"2025-12-23T16:43:28","date_gmt":"2025-12-23T15:43:28","guid":{"rendered":"https:\/\/sviluppo.faravetrerie.it\/blog\/?post_type=product&#038;p=25807"},"modified":"2026-01-28T16:11:51","modified_gmt":"2026-01-28T15:11:51","slug":"caraffa-acqua-90-cl","status":"publish","type":"product","link":"https:\/\/faravetrerie.it\/en\/shop-en\/water-en\/water-bottles\/caraffa-acqua-90-cl\/","title":{"rendered":"CARAFFA ACQUA 90 CL"},"content":{"rendered":"<div class=\"flex flex-1 grow basis-auto flex-col overflow-hidden\">\n<div class=\"relative h-full\">\n<div class=\"flex h-full flex-col overflow-y-auto [scrollbar-gutter:stable]\">\n<div class=\"mt-1.5 flex flex-col text-sm @thread-xl\/thread:pt-header-height md:pb-9\">\n<article class=\"group\/turn w-full text-token-text-primary focus-visible:outline-2 focus-visible:outline-offset-[-4px]\" dir=\"auto\" data-testid=\"conversation-turn-22\" data-scroll-anchor=\"true\">\n<div class=\"text-base my-auto mx-auto py-[18px] px-6\">\n<div class=\"mx-auto flex flex-1 text-base gap-4 md:gap-5 lg:gap-6 md:max-w-3xl\">\n<div class=\"group\/conversation-turn relative flex w-full min-w-0 flex-col agent-turn @xs\/thread:px-0 @sm\/thread:px-1.5 @md\/thread:px-4\">\n<div class=\"flex-col gap-1 md:gap-3\">\n<div class=\"flex max-w-full flex-col flex-grow\">\n<div class=\"min-h-8 text-message relative flex w-full flex-col items-end gap-2 whitespace-normal break-words text-start [.text-message+&amp;]:mt-5\" dir=\"auto\" data-message-author-role=\"assistant\" data-message-id=\"197ce722-3b7f-48f6-ba49-e4a915165bf2\" data-message-model-slug=\"gpt-4o-mini\">\n<div class=\"flex w-full flex-col gap-1 empty:hidden first:pt-[3px]\">\n<div class=\"markdown prose w-full break-words dark:prose-invert light\">\n<h4 data-start=\"0\" data-end=\"84\">Caraffa Acqua 90 cl: Un Classico Intramontabile, Fatta a Mano dal 1970<\/h4>\n<p class=\"\" data-start=\"259\" data-end=\"597\">Dal 1970, la nostra caraffa d&#8217;acqua da 90 cl \u00e8 diventata un&#8217;icona, un classico senza tempo che ha accompagnato le tavole di tutto il mondo, portando con s\u00e9 la qualit\u00e0 e l&#8217;eleganza del design artigianale. Realizzata in vetro soffiato a bocca, ogni bottiglia \u00e8 un pezzo unico, simbolo di tradizione e maestria nella lavorazione del vetro.<\/p>\n<h5 data-start=\"599\" data-end=\"645\">Un Classico delle Tavole di Tutto il Mondo<\/h5>\n<p class=\"\" data-start=\"646\" data-end=\"1082\">Da decenni, la caraffa acqua da 90 cl rappresenta una scelta raffinata per chi cerca la perfezione nella presentazione di ogni tavola. Il suo design semplice ed elegante la rende perfetta per qualsiasi occasione, cena informale ma anche occasioni pi\u00f9 formali, aggiungendo un tocco di classe a ogni pasto. Il vetro trasparente e la sua forma slanciata esaltano la bellezza della tua acqua, rendendo ogni sorso un\u2019esperienza speciale.<\/p>\n<h5 data-start=\"1084\" data-end=\"1126\">La Maestria del Vetro Soffiato a Bocca<\/h5>\n<p class=\"\" data-start=\"1127\" data-end=\"1499\">Ogni bottiglia \u00e8 realizzata artigianalmente utilizzando la tecnica del vetro soffiato a bocca, un processo che conferisce ad ogni pezzo un carattere unico. Questa lavorazione artigianale garantisce una qualit\u00e0 superiore e una finitura impeccabile, rendendo ogni bottiglia non solo un contenitore, ma un&#8217;opera d&#8217;arte che racconta la passione e la tradizione di chi la crea.<\/p>\n<h5 data-start=\"1501\" data-end=\"1544\">Eleganza e Tradizione in Ogni Dettaglio<\/h5>\n<p class=\"\" data-start=\"1545\" data-end=\"1949\">La bottiglia \u00e8 la combinazione perfetta di eleganza e funzionalit\u00e0. La sua capacit\u00e0 la rende ideale per ogni tipo di tavola, mentre il vetro di alta qualit\u00e0 mantiene la freschezza dell\u2019acqua per lungo tempo. La sua estetica raffinata, unita alla robustezza del vetro soffiato a mano, la rende una scelta durevole e versatile, capace di arricchire ogni ambiente con un tocco di sofisticatezza.<\/p>\n<p class=\"\" data-start=\"1951\" data-end=\"2405\">In conclusione, la nostra caraffa acqua da 90 cl \u00e8 un oggetto senza tempo che unisce tradizione, eleganza e qualit\u00e0 artigianale. Da oltre 50 anni, continua a essere un&#8217;icona delle tavole di tutto il mondo, trasformando ogni momento in un\u2019esperienza raffinata e indimenticabile. Con la sua lavorazione in vetro soffiato a bocca, \u00e8 la scelta perfetta per chi desidera aggiungere un tocco di classe alla propria tavola, senza rinunciare alla funzionalit\u00e0.<\/p>\n<\/div>\n<\/div>\n<\/div>\n<\/div>\n<\/div>\n<\/div>\n<\/div>\n<\/div>\n<\/article>\n<\/div>\n<\/div>\n<\/div>\n<\/div>\n","protected":false},"excerpt":{"rendered":"<p>La nostra bottiglia acqua, fino dagli anni &#8217;70 un classico delle tavole di tutto il mondo. Prodotta artigianalmente in vetro soffiato a bocca si distingue per la sua eleganza e il caratteristico bordo obliquo a fischio.<\/p>\n<p>cl. 90<\/p>\n<p>fl.oz. 31,68<\/p>\n<p>h. 285 mm.<\/p>\n<p>\u00d8 120 mm.<\/p>\n<p>E&#8217; un prodotto in vetro soffiato a bocca. Il contenuto in cl \u00e8 puramente indicativo<\/p>\n","protected":false},"featured_media":23458,"template":"","meta":{"inline_featured_image":false},"product_brand":[],"product_cat":[23,35],"product_tag":[891,894,893],"class_list":{"0":"post-25807","1":"product","2":"type-product","3":"status-publish","4":"has-post-thumbnail","6":"product_cat-acqua","7":"product_cat-bottiglie-acqua","8":"product_tag-acqua","9":"product_tag-bottiglieacqua","10":"product_tag-bottigliepersonalizzate","12":"first","13":"instock","14":"taxable","15":"shipping-taxable","16":"product-type-simple"},"yoast_head":"<!-- This site is optimized with the Yoast SEO plugin v26.6 - https:\/\/yoast.com\/wordpress\/plugins\/seo\/ -->\n<title>CARAFFA ACQUA 90 CL - Fara Vetrerie e Cristallerie<\/title>\n<meta name=\"description\" content=\"La nostra caraffa acqua 90 cl, fino dagli anni &#039;70 un classico delle tavole di tutto il mondo. Prodotta artigianalmente in vetro soffiato a bocca\" \/>\n<meta name=\"robots\" content=\"index, follow, max-snippet:-1, max-image-preview:large, max-video-preview:-1\" \/>\n<link rel=\"canonical\" href=\"https:\/\/faravetrerie.it\/en\/shop-en\/water-en\/water-bottles\/caraffa-acqua-90-cl\/\" \/>\n<meta property=\"og:locale\" content=\"en_US\" \/>\n<meta property=\"og:type\" content=\"article\" \/>\n<meta property=\"og:title\" content=\"CARAFFA ACQUA 90 CL - Fara Vetrerie e Cristallerie\" \/>\n<meta property=\"og:description\" content=\"La nostra caraffa acqua 90 cl, fino dagli anni &#039;70 un classico delle tavole di tutto il mondo. Prodotta artigianalmente in vetro soffiato a bocca\" \/>\n<meta property=\"og:url\" content=\"https:\/\/faravetrerie.it\/en\/shop-en\/water-en\/water-bottles\/caraffa-acqua-90-cl\/\" \/>\n<meta property=\"og:site_name\" content=\"Fara Vetrerie e Cristallerie\" \/>\n<meta property=\"article:modified_time\" content=\"2026-01-28T15:11:51+00:00\" \/>\n<meta property=\"og:image\" content=\"https:\/\/faravetrerie.it\/wp-content\/uploads\/2025\/12\/VF26-139B_02-scaled-4.jpg\" \/>\n\t<meta property=\"og:image:width\" content=\"1772\" \/>\n\t<meta property=\"og:image:height\" content=\"2560\" \/>\n\t<meta property=\"og:image:type\" content=\"image\/jpeg\" \/>\n<meta name=\"twitter:card\" content=\"summary_large_image\" \/>\n<meta name=\"twitter:label1\" content=\"Est. reading time\" \/>\n\t<meta name=\"twitter:data1\" content=\"3 minutes\" \/>\n<script type=\"application\/ld+json\" class=\"yoast-schema-graph\">{\"@context\":\"https:\/\/schema.org\",\"@graph\":[{\"@type\":\"WebPage\",\"@id\":\"https:\/\/faravetrerie.it\/en\/shop-en\/water-en\/water-bottles\/caraffa-acqua-90-cl\/\",\"url\":\"https:\/\/faravetrerie.it\/en\/shop-en\/water-en\/water-bottles\/caraffa-acqua-90-cl\/\",\"name\":\"CARAFFA ACQUA 90 CL - Fara Vetrerie e Cristallerie\",\"isPartOf\":{\"@id\":\"https:\/\/faravetrerie.it\/en\/#website\"},\"primaryImageOfPage\":{\"@id\":\"https:\/\/faravetrerie.it\/en\/shop-en\/water-en\/water-bottles\/caraffa-acqua-90-cl\/#primaryimage\"},\"image\":{\"@id\":\"https:\/\/faravetrerie.it\/en\/shop-en\/water-en\/water-bottles\/caraffa-acqua-90-cl\/#primaryimage\"},\"thumbnailUrl\":\"https:\/\/faravetrerie.it\/wp-content\/uploads\/2025\/12\/VF26-139B_02-scaled-4.jpg\",\"datePublished\":\"2025-12-23T15:43:28+00:00\",\"dateModified\":\"2026-01-28T15:11:51+00:00\",\"description\":\"La nostra caraffa acqua 90 cl, fino dagli anni '70 un classico delle tavole di tutto il mondo. Prodotta artigianalmente in vetro soffiato a bocca\",\"breadcrumb\":{\"@id\":\"https:\/\/faravetrerie.it\/en\/shop-en\/water-en\/water-bottles\/caraffa-acqua-90-cl\/#breadcrumb\"},\"inLanguage\":\"en-US\",\"potentialAction\":[{\"@type\":\"ReadAction\",\"target\":[\"https:\/\/faravetrerie.it\/en\/shop-en\/water-en\/water-bottles\/caraffa-acqua-90-cl\/\"]}]},{\"@type\":\"ImageObject\",\"inLanguage\":\"en-US\",\"@id\":\"https:\/\/faravetrerie.it\/en\/shop-en\/water-en\/water-bottles\/caraffa-acqua-90-cl\/#primaryimage\",\"url\":\"https:\/\/faravetrerie.it\/wp-content\/uploads\/2025\/12\/VF26-139B_02-scaled-4.jpg\",\"contentUrl\":\"https:\/\/faravetrerie.it\/wp-content\/uploads\/2025\/12\/VF26-139B_02-scaled-4.jpg\",\"width\":1772,\"height\":2560,\"caption\":\"Caraffa Acqua 90 cl\"},{\"@type\":\"BreadcrumbList\",\"@id\":\"https:\/\/faravetrerie.it\/en\/shop-en\/water-en\/water-bottles\/caraffa-acqua-90-cl\/#breadcrumb\",\"itemListElement\":[{\"@type\":\"ListItem\",\"position\":1,\"name\":\"Home\",\"item\":\"https:\/\/faravetrerie.it\/en\/\"},{\"@type\":\"ListItem\",\"position\":2,\"name\":\"Shop\",\"item\":\"https:\/\/faravetrerie.it\/en\/shop-en\/\"},{\"@type\":\"ListItem\",\"position\":3,\"name\":\"CARAFFA ACQUA 90 CL\"}]},{\"@type\":\"WebSite\",\"@id\":\"https:\/\/faravetrerie.it\/en\/#website\",\"url\":\"https:\/\/faravetrerie.it\/en\/\",\"name\":\"Fara Vetrerie e Cristallerie\",\"description\":\"\",\"publisher\":{\"@id\":\"https:\/\/faravetrerie.it\/en\/#organization\"},\"potentialAction\":[{\"@type\":\"SearchAction\",\"target\":{\"@type\":\"EntryPoint\",\"urlTemplate\":\"https:\/\/faravetrerie.it\/en\/?s={search_term_string}\"},\"query-input\":{\"@type\":\"PropertyValueSpecification\",\"valueRequired\":true,\"valueName\":\"search_term_string\"}}],\"inLanguage\":\"en-US\"},{\"@type\":\"Organization\",\"@id\":\"https:\/\/faravetrerie.it\/en\/#organization\",\"name\":\"Fara Vetrerie e Cristallerie\",\"url\":\"https:\/\/faravetrerie.it\/en\/\",\"logo\":{\"@type\":\"ImageObject\",\"inLanguage\":\"en-US\",\"@id\":\"https:\/\/faravetrerie.it\/en\/#\/schema\/logo\/image\/\",\"url\":\"https:\/\/faravetrerie.it\/wp-content\/uploads\/2025\/12\/logo-fara-bianco.png\",\"contentUrl\":\"https:\/\/faravetrerie.it\/wp-content\/uploads\/2025\/12\/logo-fara-bianco.png\",\"width\":2038,\"height\":2942,\"caption\":\"Fara Vetrerie e Cristallerie\"},\"image\":{\"@id\":\"https:\/\/faravetrerie.it\/en\/#\/schema\/logo\/image\/\"}}]}<\/script>\n<!-- \/ Yoast SEO plugin. -->","yoast_head_json":{"title":"CARAFFA ACQUA 90 CL - Fara Vetrerie e Cristallerie","description":"La nostra caraffa acqua 90 cl, fino dagli anni '70 un classico delle tavole di tutto il mondo. Prodotta artigianalmente in vetro soffiato a bocca","robots":{"index":"index","follow":"follow","max-snippet":"max-snippet:-1","max-image-preview":"max-image-preview:large","max-video-preview":"max-video-preview:-1"},"canonical":"https:\/\/faravetrerie.it\/en\/shop-en\/water-en\/water-bottles\/caraffa-acqua-90-cl\/","og_locale":"en_US","og_type":"article","og_title":"CARAFFA ACQUA 90 CL - Fara Vetrerie e Cristallerie","og_description":"La nostra caraffa acqua 90 cl, fino dagli anni '70 un classico delle tavole di tutto il mondo. Prodotta artigianalmente in vetro soffiato a bocca","og_url":"https:\/\/faravetrerie.it\/en\/shop-en\/water-en\/water-bottles\/caraffa-acqua-90-cl\/","og_site_name":"Fara Vetrerie e Cristallerie","article_modified_time":"2026-01-28T15:11:51+00:00","og_image":[{"width":1772,"height":2560,"url":"https:\/\/faravetrerie.it\/wp-content\/uploads\/2025\/12\/VF26-139B_02-scaled-4.jpg","type":"image\/jpeg"}],"twitter_card":"summary_large_image","twitter_misc":{"Est. reading time":"3 minutes"},"schema":{"@context":"https:\/\/schema.org","@graph":[{"@type":"WebPage","@id":"https:\/\/faravetrerie.it\/en\/shop-en\/water-en\/water-bottles\/caraffa-acqua-90-cl\/","url":"https:\/\/faravetrerie.it\/en\/shop-en\/water-en\/water-bottles\/caraffa-acqua-90-cl\/","name":"CARAFFA ACQUA 90 CL - Fara Vetrerie e Cristallerie","isPartOf":{"@id":"https:\/\/faravetrerie.it\/en\/#website"},"primaryImageOfPage":{"@id":"https:\/\/faravetrerie.it\/en\/shop-en\/water-en\/water-bottles\/caraffa-acqua-90-cl\/#primaryimage"},"image":{"@id":"https:\/\/faravetrerie.it\/en\/shop-en\/water-en\/water-bottles\/caraffa-acqua-90-cl\/#primaryimage"},"thumbnailUrl":"https:\/\/faravetrerie.it\/wp-content\/uploads\/2025\/12\/VF26-139B_02-scaled-4.jpg","datePublished":"2025-12-23T15:43:28+00:00","dateModified":"2026-01-28T15:11:51+00:00","description":"La nostra caraffa acqua 90 cl, fino dagli anni '70 un classico delle tavole di tutto il mondo. Prodotta artigianalmente in vetro soffiato a bocca","breadcrumb":{"@id":"https:\/\/faravetrerie.it\/en\/shop-en\/water-en\/water-bottles\/caraffa-acqua-90-cl\/#breadcrumb"},"inLanguage":"en-US","potentialAction":[{"@type":"ReadAction","target":["https:\/\/faravetrerie.it\/en\/shop-en\/water-en\/water-bottles\/caraffa-acqua-90-cl\/"]}]},{"@type":"ImageObject","inLanguage":"en-US","@id":"https:\/\/faravetrerie.it\/en\/shop-en\/water-en\/water-bottles\/caraffa-acqua-90-cl\/#primaryimage","url":"https:\/\/faravetrerie.it\/wp-content\/uploads\/2025\/12\/VF26-139B_02-scaled-4.jpg","contentUrl":"https:\/\/faravetrerie.it\/wp-content\/uploads\/2025\/12\/VF26-139B_02-scaled-4.jpg","width":1772,"height":2560,"caption":"Caraffa Acqua 90 cl"},{"@type":"BreadcrumbList","@id":"https:\/\/faravetrerie.it\/en\/shop-en\/water-en\/water-bottles\/caraffa-acqua-90-cl\/#breadcrumb","itemListElement":[{"@type":"ListItem","position":1,"name":"Home","item":"https:\/\/faravetrerie.it\/en\/"},{"@type":"ListItem","position":2,"name":"Shop","item":"https:\/\/faravetrerie.it\/en\/shop-en\/"},{"@type":"ListItem","position":3,"name":"CARAFFA ACQUA 90 CL"}]},{"@type":"WebSite","@id":"https:\/\/faravetrerie.it\/en\/#website","url":"https:\/\/faravetrerie.it\/en\/","name":"Fara Vetrerie e Cristallerie","description":"","publisher":{"@id":"https:\/\/faravetrerie.it\/en\/#organization"},"potentialAction":[{"@type":"SearchAction","target":{"@type":"EntryPoint","urlTemplate":"https:\/\/faravetrerie.it\/en\/?s={search_term_string}"},"query-input":{"@type":"PropertyValueSpecification","valueRequired":true,"valueName":"search_term_string"}}],"inLanguage":"en-US"},{"@type":"Organization","@id":"https:\/\/faravetrerie.it\/en\/#organization","name":"Fara Vetrerie e Cristallerie","url":"https:\/\/faravetrerie.it\/en\/","logo":{"@type":"ImageObject","inLanguage":"en-US","@id":"https:\/\/faravetrerie.it\/en\/#\/schema\/logo\/image\/","url":"https:\/\/faravetrerie.it\/wp-content\/uploads\/2025\/12\/logo-fara-bianco.png","contentUrl":"https:\/\/faravetrerie.it\/wp-content\/uploads\/2025\/12\/logo-fara-bianco.png","width":2038,"height":2942,"caption":"Fara Vetrerie e Cristallerie"},"image":{"@id":"https:\/\/faravetrerie.it\/en\/#\/schema\/logo\/image\/"}}]}},"_links":{"self":[{"href":"https:\/\/faravetrerie.it\/en\/wp-json\/wp\/v2\/product\/25807","targetHints":{"allow":["GET"]}}],"collection":[{"href":"https:\/\/faravetrerie.it\/en\/wp-json\/wp\/v2\/product"}],"about":[{"href":"https:\/\/faravetrerie.it\/en\/wp-json\/wp\/v2\/types\/product"}],"wp:featuredmedia":[{"embeddable":true,"href":"https:\/\/faravetrerie.it\/en\/wp-json\/wp\/v2\/media\/23458"}],"wp:attachment":[{"href":"https:\/\/faravetrerie.it\/en\/wp-json\/wp\/v2\/media?parent=25807"}],"wp:term":[{"taxonomy":"product_brand","embeddable":true,"href":"https:\/\/faravetrerie.it\/en\/wp-json\/wp\/v2\/product_brand?post=25807"},{"taxonomy":"product_cat","embeddable":true,"href":"https:\/\/faravetrerie.it\/en\/wp-json\/wp\/v2\/product_cat?post=25807"},{"taxonomy":"product_tag","embeddable":true,"href":"https:\/\/faravetrerie.it\/en\/wp-json\/wp\/v2\/product_tag?post=25807"}],"curies":[{"name":"wp","href":"https:\/\/api.w.org\/{rel}","templated":true}]}}