{"id":25809,"date":"2025-12-23T16:43:28","date_gmt":"2025-12-23T15:43:28","guid":{"rendered":"https:\/\/sviluppo.faravetrerie.it\/blog\/?post_type=product&#038;p=25809"},"modified":"2026-01-28T16:12:41","modified_gmt":"2026-01-28T15:12:41","slug":"tappo-per-caraffa-acqua-50-cl","status":"publish","type":"product","link":"https:\/\/faravetrerie.it\/en\/shop-en\/water-en\/water-bottles\/tappo-per-caraffa-acqua-50-cl\/","title":{"rendered":"TAPPO PER CARAFFA ACQUA 50 CL"},"content":{"rendered":"<article class=\"group\/turn w-full text-token-text-primary focus-visible:outline-2 focus-visible:outline-offset-[-4px]\" dir=\"auto\" data-testid=\"conversation-turn-28\" data-scroll-anchor=\"true\">\n<div class=\"text-base my-auto mx-auto py-[18px] px-6\">\n<div class=\"mx-auto flex flex-1 text-base gap-4 md:gap-5 lg:gap-6 md:max-w-3xl\">\n<div class=\"group\/conversation-turn relative flex w-full min-w-0 flex-col agent-turn @xs\/thread:px-0 @sm\/thread:px-1.5 @md\/thread:px-4\">\n<div class=\"flex-col gap-1 md:gap-3\">\n<div class=\"flex max-w-full flex-col flex-grow\">\n<div class=\"min-h-8 text-message relative flex w-full flex-col items-end gap-2 whitespace-normal break-words text-start [.text-message+&amp;]:mt-5\" dir=\"auto\" data-message-author-role=\"assistant\" data-message-id=\"63c6c7fd-779e-4920-95cf-cc5fec8c4b47\" data-message-model-slug=\"gpt-4o-mini\">\n<div class=\"flex w-full flex-col gap-1 empty:hidden first:pt-[3px]\">\n<div class=\"markdown prose w-full break-words dark:prose-invert light\">\n<h4 data-start=\"0\" data-end=\"86\">Tappo per Caraffa Acqua 50 cl: Eleganza e Funzionalit\u00e0 in Vetro Soffiato<\/h4>\n<p class=\"\" data-start=\"292\" data-end=\"661\">Il tappo per caraffa acqua 50 cl \u00e8 l&#8217;accessorio ideale per completare la nostra elegante bottiglia in vetro soffiato, unendo perfezione estetica e praticit\u00e0. Realizzato artigianalmente con la tecnica del vetro soffiato a bocca, il tappo a goccia, cavo all&#8217;interno, offre una chiusura sicura e di alta qualit\u00e0, perfetta per conservare e servire la tua acqua con stile.<\/p>\n<h5 data-start=\"663\" data-end=\"717\">Completa la Tua Caraffa Acqua 50 cl con Eleganza<\/h5>\n<p class=\"\" data-start=\"718\" data-end=\"1140\">Il tappo a goccia per la bottiglia \u00e8 progettato per essere in perfetta armonia con il design della bottiglia, creando un insieme elegante e funzionale. La sua forma delicata e la finitura lucida ne fanno un elemento decorativo che arricchisce il look della bottiglia, mantenendo allo stesso tempo una funzionalit\u00e0 impeccabile. \u00c8 la scelta perfetta per chi cerca dettagli raffinati in ogni aspetto della tavola.<\/p>\n<h5 data-start=\"1142\" data-end=\"1206\">Vetro Soffiato a Bocca per una Qualit\u00e0 Artigianale Superiore<\/h5>\n<p class=\"\" data-start=\"1207\" data-end=\"1591\">Come la bottiglia, anche il tappo \u00e8 realizzato con la tradizionale tecnica del vetro soffiato a bocca, che garantisce un prodotto unico e di alta qualit\u00e0. Ogni tappo \u00e8 creato con cura, assicurando una chiusura ermetica e duratura che permette di mantenere la freschezza dell&#8217;acqua. Grazie alla lavorazione artigianale, ogni pezzo \u00e8 un\u2019espressione di maestria e attenzione ai dettagli.<\/p>\n<h5 data-start=\"1593\" data-end=\"1637\">Un Tappo Pratico con un Design Raffinato<\/h5>\n<p class=\"\" data-start=\"1638\" data-end=\"2026\">Il tappo per caraffa acqua 50 cl non \u00e8 solo un elemento estetico, ma \u00e8 progettato per essere anche pratico e funzionale. Il suo design a goccia, con l&#8217;interno cavo, consente una chiusura facile e sicura, mantenendo l&#8217;acqua fresca pi\u00f9 a lungo. Con la sua eleganza discreta, il tappo si adatta perfettamente alla bottiglia, rendendo ogni sorso un&#8217;esperienza visiva e sensoriale di classe.<\/p>\n<p class=\"\" data-start=\"2028\" data-end=\"2434\">In conclusione, il tappo per bottiglia acqua 50 cl completa con perfezione la tua bottiglia in vetro soffiato, aggiungendo un tocco di raffinatezza senza sacrificare la funzionalit\u00e0. Realizzato con la stessa cura artigianale della bottiglia, il tappo rappresenta l&#8217;ideale connubio tra eleganza e praticit\u00e0, perfetto per chi apprezza i dettagli di alta qualit\u00e0 in ogni momento della propria vita quotidiana.<\/p>\n<\/div>\n<\/div>\n<\/div>\n<\/div>\n<div class=\"mb-2 flex gap-3 -ml-2\">\n<div class=\"flex items-center justify-start rounded-xl p-1\">\n<div>\n<div class=\"flex items-center\"><\/div>\n<\/div>\n<\/div>\n<\/div>\n<\/div>\n<\/div>\n<\/div>\n<\/div>\n<\/article>\n","protected":false},"excerpt":{"rendered":"<p>La bottiglia Acqua in vetro soffiato si completa con il suo tappo a goccia, cavo all&#8217;interno. Realizzato in vetro soffiato a bocca unisce eleganza a praticit\u00e0<\/p>\n<p>h. 88 mm.<\/p>\n<p>\u00d8 43 mm.<\/p>\n<p>base piatta, cavo all&#8217;interno.<\/p>\n","protected":false},"featured_media":23462,"template":"","meta":{"inline_featured_image":false},"product_brand":[],"product_cat":[23,35],"product_tag":[897],"class_list":{"0":"post-25809","1":"product","2":"type-product","3":"status-publish","4":"has-post-thumbnail","6":"product_cat-acqua","7":"product_cat-bottiglie-acqua","8":"product_tag-bottigliaacqua","10":"first","11":"instock","12":"taxable","13":"shipping-taxable","14":"product-type-simple"},"yoast_head":"<!-- This site is optimized with the Yoast SEO plugin v26.6 - https:\/\/yoast.com\/wordpress\/plugins\/seo\/ -->\n<title>TAPPO PER CARAFFA ACQUA 50 CL - Fara Vetrerie e Cristallerie<\/title>\n<meta name=\"description\" content=\"tappo per caraffa acqua 50 cl a goccia, cavo all&#039;interno. Realizzato in vetro soffiato a bocca unisce eleganza a praticit\u00e0\" \/>\n<meta name=\"robots\" content=\"index, follow, max-snippet:-1, max-image-preview:large, max-video-preview:-1\" \/>\n<link rel=\"canonical\" href=\"https:\/\/faravetrerie.it\/en\/shop-en\/water-en\/water-bottles\/tappo-per-caraffa-acqua-50-cl\/\" \/>\n<meta property=\"og:locale\" content=\"en_US\" \/>\n<meta property=\"og:type\" content=\"article\" \/>\n<meta property=\"og:title\" content=\"TAPPO PER CARAFFA ACQUA 50 CL - Fara Vetrerie e Cristallerie\" \/>\n<meta property=\"og:description\" content=\"tappo per caraffa acqua 50 cl a goccia, cavo all&#039;interno. Realizzato in vetro soffiato a bocca unisce eleganza a praticit\u00e0\" \/>\n<meta property=\"og:url\" content=\"https:\/\/faravetrerie.it\/en\/shop-en\/water-en\/water-bottles\/tappo-per-caraffa-acqua-50-cl\/\" \/>\n<meta property=\"og:site_name\" content=\"Fara Vetrerie e Cristallerie\" \/>\n<meta property=\"article:modified_time\" content=\"2026-01-28T15:12:41+00:00\" \/>\n<meta property=\"og:image\" content=\"https:\/\/faravetrerie.it\/wp-content\/uploads\/2025\/12\/VF26-567TL_01-3.jpg\" \/>\n\t<meta property=\"og:image:width\" content=\"1535\" \/>\n\t<meta property=\"og:image:height\" content=\"2126\" \/>\n\t<meta property=\"og:image:type\" content=\"image\/jpeg\" \/>\n<meta name=\"twitter:card\" content=\"summary_large_image\" \/>\n<meta name=\"twitter:label1\" content=\"Est. reading time\" \/>\n\t<meta name=\"twitter:data1\" content=\"3 minutes\" \/>\n<script type=\"application\/ld+json\" class=\"yoast-schema-graph\">{\"@context\":\"https:\/\/schema.org\",\"@graph\":[{\"@type\":\"WebPage\",\"@id\":\"https:\/\/faravetrerie.it\/en\/shop-en\/water-en\/water-bottles\/tappo-per-caraffa-acqua-50-cl\/\",\"url\":\"https:\/\/faravetrerie.it\/en\/shop-en\/water-en\/water-bottles\/tappo-per-caraffa-acqua-50-cl\/\",\"name\":\"TAPPO PER CARAFFA ACQUA 50 CL - Fara Vetrerie e Cristallerie\",\"isPartOf\":{\"@id\":\"https:\/\/faravetrerie.it\/en\/#website\"},\"primaryImageOfPage\":{\"@id\":\"https:\/\/faravetrerie.it\/en\/shop-en\/water-en\/water-bottles\/tappo-per-caraffa-acqua-50-cl\/#primaryimage\"},\"image\":{\"@id\":\"https:\/\/faravetrerie.it\/en\/shop-en\/water-en\/water-bottles\/tappo-per-caraffa-acqua-50-cl\/#primaryimage\"},\"thumbnailUrl\":\"https:\/\/faravetrerie.it\/wp-content\/uploads\/2025\/12\/VF26-567TL_01-3.jpg\",\"datePublished\":\"2025-12-23T15:43:28+00:00\",\"dateModified\":\"2026-01-28T15:12:41+00:00\",\"description\":\"tappo per caraffa acqua 50 cl a goccia, cavo all'interno. Realizzato in vetro soffiato a bocca unisce eleganza a praticit\u00e0\",\"breadcrumb\":{\"@id\":\"https:\/\/faravetrerie.it\/en\/shop-en\/water-en\/water-bottles\/tappo-per-caraffa-acqua-50-cl\/#breadcrumb\"},\"inLanguage\":\"en-US\",\"potentialAction\":[{\"@type\":\"ReadAction\",\"target\":[\"https:\/\/faravetrerie.it\/en\/shop-en\/water-en\/water-bottles\/tappo-per-caraffa-acqua-50-cl\/\"]}]},{\"@type\":\"ImageObject\",\"inLanguage\":\"en-US\",\"@id\":\"https:\/\/faravetrerie.it\/en\/shop-en\/water-en\/water-bottles\/tappo-per-caraffa-acqua-50-cl\/#primaryimage\",\"url\":\"https:\/\/faravetrerie.it\/wp-content\/uploads\/2025\/12\/VF26-567TL_01-3.jpg\",\"contentUrl\":\"https:\/\/faravetrerie.it\/wp-content\/uploads\/2025\/12\/VF26-567TL_01-3.jpg\",\"width\":1535,\"height\":2126,\"caption\":\"Tappo per Caraffa Acqua 50 cl\"},{\"@type\":\"BreadcrumbList\",\"@id\":\"https:\/\/faravetrerie.it\/en\/shop-en\/water-en\/water-bottles\/tappo-per-caraffa-acqua-50-cl\/#breadcrumb\",\"itemListElement\":[{\"@type\":\"ListItem\",\"position\":1,\"name\":\"Home\",\"item\":\"https:\/\/faravetrerie.it\/en\/\"},{\"@type\":\"ListItem\",\"position\":2,\"name\":\"Shop\",\"item\":\"https:\/\/faravetrerie.it\/en\/shop-en\/\"},{\"@type\":\"ListItem\",\"position\":3,\"name\":\"TAPPO PER CARAFFA ACQUA 50 CL\"}]},{\"@type\":\"WebSite\",\"@id\":\"https:\/\/faravetrerie.it\/en\/#website\",\"url\":\"https:\/\/faravetrerie.it\/en\/\",\"name\":\"Fara Vetrerie e Cristallerie\",\"description\":\"\",\"publisher\":{\"@id\":\"https:\/\/faravetrerie.it\/en\/#organization\"},\"potentialAction\":[{\"@type\":\"SearchAction\",\"target\":{\"@type\":\"EntryPoint\",\"urlTemplate\":\"https:\/\/faravetrerie.it\/en\/?s={search_term_string}\"},\"query-input\":{\"@type\":\"PropertyValueSpecification\",\"valueRequired\":true,\"valueName\":\"search_term_string\"}}],\"inLanguage\":\"en-US\"},{\"@type\":\"Organization\",\"@id\":\"https:\/\/faravetrerie.it\/en\/#organization\",\"name\":\"Fara Vetrerie e Cristallerie\",\"url\":\"https:\/\/faravetrerie.it\/en\/\",\"logo\":{\"@type\":\"ImageObject\",\"inLanguage\":\"en-US\",\"@id\":\"https:\/\/faravetrerie.it\/en\/#\/schema\/logo\/image\/\",\"url\":\"https:\/\/faravetrerie.it\/wp-content\/uploads\/2025\/12\/logo-fara-bianco.png\",\"contentUrl\":\"https:\/\/faravetrerie.it\/wp-content\/uploads\/2025\/12\/logo-fara-bianco.png\",\"width\":2038,\"height\":2942,\"caption\":\"Fara Vetrerie e Cristallerie\"},\"image\":{\"@id\":\"https:\/\/faravetrerie.it\/en\/#\/schema\/logo\/image\/\"}}]}<\/script>\n<!-- \/ Yoast SEO plugin. -->","yoast_head_json":{"title":"TAPPO PER CARAFFA ACQUA 50 CL - Fara Vetrerie e Cristallerie","description":"tappo per caraffa acqua 50 cl a goccia, cavo all'interno. Realizzato in vetro soffiato a bocca unisce eleganza a praticit\u00e0","robots":{"index":"index","follow":"follow","max-snippet":"max-snippet:-1","max-image-preview":"max-image-preview:large","max-video-preview":"max-video-preview:-1"},"canonical":"https:\/\/faravetrerie.it\/en\/shop-en\/water-en\/water-bottles\/tappo-per-caraffa-acqua-50-cl\/","og_locale":"en_US","og_type":"article","og_title":"TAPPO PER CARAFFA ACQUA 50 CL - Fara Vetrerie e Cristallerie","og_description":"tappo per caraffa acqua 50 cl a goccia, cavo all'interno. Realizzato in vetro soffiato a bocca unisce eleganza a praticit\u00e0","og_url":"https:\/\/faravetrerie.it\/en\/shop-en\/water-en\/water-bottles\/tappo-per-caraffa-acqua-50-cl\/","og_site_name":"Fara Vetrerie e Cristallerie","article_modified_time":"2026-01-28T15:12:41+00:00","og_image":[{"width":1535,"height":2126,"url":"https:\/\/faravetrerie.it\/wp-content\/uploads\/2025\/12\/VF26-567TL_01-3.jpg","type":"image\/jpeg"}],"twitter_card":"summary_large_image","twitter_misc":{"Est. reading time":"3 minutes"},"schema":{"@context":"https:\/\/schema.org","@graph":[{"@type":"WebPage","@id":"https:\/\/faravetrerie.it\/en\/shop-en\/water-en\/water-bottles\/tappo-per-caraffa-acqua-50-cl\/","url":"https:\/\/faravetrerie.it\/en\/shop-en\/water-en\/water-bottles\/tappo-per-caraffa-acqua-50-cl\/","name":"TAPPO PER CARAFFA ACQUA 50 CL - Fara Vetrerie e Cristallerie","isPartOf":{"@id":"https:\/\/faravetrerie.it\/en\/#website"},"primaryImageOfPage":{"@id":"https:\/\/faravetrerie.it\/en\/shop-en\/water-en\/water-bottles\/tappo-per-caraffa-acqua-50-cl\/#primaryimage"},"image":{"@id":"https:\/\/faravetrerie.it\/en\/shop-en\/water-en\/water-bottles\/tappo-per-caraffa-acqua-50-cl\/#primaryimage"},"thumbnailUrl":"https:\/\/faravetrerie.it\/wp-content\/uploads\/2025\/12\/VF26-567TL_01-3.jpg","datePublished":"2025-12-23T15:43:28+00:00","dateModified":"2026-01-28T15:12:41+00:00","description":"tappo per caraffa acqua 50 cl a goccia, cavo all'interno. Realizzato in vetro soffiato a bocca unisce eleganza a praticit\u00e0","breadcrumb":{"@id":"https:\/\/faravetrerie.it\/en\/shop-en\/water-en\/water-bottles\/tappo-per-caraffa-acqua-50-cl\/#breadcrumb"},"inLanguage":"en-US","potentialAction":[{"@type":"ReadAction","target":["https:\/\/faravetrerie.it\/en\/shop-en\/water-en\/water-bottles\/tappo-per-caraffa-acqua-50-cl\/"]}]},{"@type":"ImageObject","inLanguage":"en-US","@id":"https:\/\/faravetrerie.it\/en\/shop-en\/water-en\/water-bottles\/tappo-per-caraffa-acqua-50-cl\/#primaryimage","url":"https:\/\/faravetrerie.it\/wp-content\/uploads\/2025\/12\/VF26-567TL_01-3.jpg","contentUrl":"https:\/\/faravetrerie.it\/wp-content\/uploads\/2025\/12\/VF26-567TL_01-3.jpg","width":1535,"height":2126,"caption":"Tappo per Caraffa Acqua 50 cl"},{"@type":"BreadcrumbList","@id":"https:\/\/faravetrerie.it\/en\/shop-en\/water-en\/water-bottles\/tappo-per-caraffa-acqua-50-cl\/#breadcrumb","itemListElement":[{"@type":"ListItem","position":1,"name":"Home","item":"https:\/\/faravetrerie.it\/en\/"},{"@type":"ListItem","position":2,"name":"Shop","item":"https:\/\/faravetrerie.it\/en\/shop-en\/"},{"@type":"ListItem","position":3,"name":"TAPPO PER CARAFFA ACQUA 50 CL"}]},{"@type":"WebSite","@id":"https:\/\/faravetrerie.it\/en\/#website","url":"https:\/\/faravetrerie.it\/en\/","name":"Fara Vetrerie e Cristallerie","description":"","publisher":{"@id":"https:\/\/faravetrerie.it\/en\/#organization"},"potentialAction":[{"@type":"SearchAction","target":{"@type":"EntryPoint","urlTemplate":"https:\/\/faravetrerie.it\/en\/?s={search_term_string}"},"query-input":{"@type":"PropertyValueSpecification","valueRequired":true,"valueName":"search_term_string"}}],"inLanguage":"en-US"},{"@type":"Organization","@id":"https:\/\/faravetrerie.it\/en\/#organization","name":"Fara Vetrerie e Cristallerie","url":"https:\/\/faravetrerie.it\/en\/","logo":{"@type":"ImageObject","inLanguage":"en-US","@id":"https:\/\/faravetrerie.it\/en\/#\/schema\/logo\/image\/","url":"https:\/\/faravetrerie.it\/wp-content\/uploads\/2025\/12\/logo-fara-bianco.png","contentUrl":"https:\/\/faravetrerie.it\/wp-content\/uploads\/2025\/12\/logo-fara-bianco.png","width":2038,"height":2942,"caption":"Fara Vetrerie e Cristallerie"},"image":{"@id":"https:\/\/faravetrerie.it\/en\/#\/schema\/logo\/image\/"}}]}},"_links":{"self":[{"href":"https:\/\/faravetrerie.it\/en\/wp-json\/wp\/v2\/product\/25809","targetHints":{"allow":["GET"]}}],"collection":[{"href":"https:\/\/faravetrerie.it\/en\/wp-json\/wp\/v2\/product"}],"about":[{"href":"https:\/\/faravetrerie.it\/en\/wp-json\/wp\/v2\/types\/product"}],"wp:featuredmedia":[{"embeddable":true,"href":"https:\/\/faravetrerie.it\/en\/wp-json\/wp\/v2\/media\/23462"}],"wp:attachment":[{"href":"https:\/\/faravetrerie.it\/en\/wp-json\/wp\/v2\/media?parent=25809"}],"wp:term":[{"taxonomy":"product_brand","embeddable":true,"href":"https:\/\/faravetrerie.it\/en\/wp-json\/wp\/v2\/product_brand?post=25809"},{"taxonomy":"product_cat","embeddable":true,"href":"https:\/\/faravetrerie.it\/en\/wp-json\/wp\/v2\/product_cat?post=25809"},{"taxonomy":"product_tag","embeddable":true,"href":"https:\/\/faravetrerie.it\/en\/wp-json\/wp\/v2\/product_tag?post=25809"}],"curies":[{"name":"wp","href":"https:\/\/api.w.org\/{rel}","templated":true}]}}