{"id":25815,"date":"2025-12-23T16:43:29","date_gmt":"2025-12-23T15:43:29","guid":{"rendered":"https:\/\/sviluppo.faravetrerie.it\/blog\/?post_type=product&#038;p=25815"},"modified":"2026-01-28T15:48:24","modified_gmt":"2026-01-28T14:48:24","slug":"caraffa-acqua-torse-50-cl","status":"publish","type":"product","link":"https:\/\/faravetrerie.it\/en\/shop-en\/water-en\/water-bottles\/caraffa-acqua-torse-50-cl\/","title":{"rendered":"CARAFFA ACQUA TORS\u00c9 50 CL"},"content":{"rendered":"<div class=\"flex flex-1 grow basis-auto flex-col overflow-hidden\">\n<div class=\"relative h-full\">\n<div class=\"flex h-full flex-col overflow-y-auto [scrollbar-gutter:stable]\">\n<div class=\"mt-1.5 flex flex-col text-sm @thread-xl\/thread:pt-header-height md:pb-9\">\n<article class=\"group\/turn w-full text-token-text-primary focus-visible:outline-2 focus-visible:outline-offset-[-4px]\" dir=\"auto\" data-testid=\"conversation-turn-32\" data-scroll-anchor=\"true\">\n<div class=\"text-base my-auto mx-auto py-[18px] px-6\">\n<div class=\"mx-auto flex flex-1 text-base gap-4 md:gap-5 lg:gap-6 md:max-w-3xl\">\n<div class=\"group\/conversation-turn relative flex w-full min-w-0 flex-col agent-turn @xs\/thread:px-0 @sm\/thread:px-1.5 @md\/thread:px-4\">\n<div class=\"flex-col gap-1 md:gap-3\">\n<div class=\"flex max-w-full flex-col flex-grow\">\n<div class=\"min-h-8 text-message relative flex w-full flex-col items-end gap-2 whitespace-normal break-words text-start [.text-message+&amp;]:mt-5\" dir=\"auto\" data-message-author-role=\"assistant\" data-message-id=\"1df102d4-66ea-4a7d-86b4-35f5c991148e\" data-message-model-slug=\"gpt-4o-mini\">\n<div class=\"flex w-full flex-col gap-1 empty:hidden first:pt-[3px]\">\n<div class=\"markdown prose w-full break-words dark:prose-invert light\">\n<h4 data-start=\"0\" data-end=\"82\">Caraffa Acqua Tors\u00e9 50 cl: Eleganza e Raffinatezza in Vetro Soffiato<\/h4>\n<p class=\"\" data-start=\"304\" data-end=\"819\">La Caraffa Acqua Tors\u00e9 50 cl \u00e8 l&#8217;ideale per chi cerca un design elegante e raffinato in una misura compatta. Realizzata in vetro soffiato a bocca, questa bottiglia incarna la perfetta fusione tra tradizione e modernit\u00e0. Il suo effetto tors\u00e9 distintivo dona alla bottiglia un aspetto sofisticato, mentre la sua capacit\u00e0 ridotta la rende perfetta per ogni tipo di tavola. La bottiglia \u00e8 completata da un tappo altrettanto raffinato, cavo all\u2019interno e con effetto elica, che ne esalta la bellezza e la funzionalit\u00e0.<\/p>\n<h5 data-start=\"821\" data-end=\"864\">Design Compatto con Effetto Tors\u00e9 Unico<\/h5>\n<p class=\"\" data-start=\"865\" data-end=\"1338\">La caraffa Acqua Tors\u00e9 50 cl si distingue per il suo design compatto ma di grande impatto. Il caratteristico effetto tors\u00e9, che avvolge la bottiglia in un movimento fluido e dinamico, aggiunge un tocco di eleganza e originalit\u00e0. La sua misura ridotta la rende ideale per piccole tavole, eventi speciali o per essere utilizzata come un pezzo decorativo di stile. Ogni bottiglia, grazie al vetro soffiato a mano, \u00e8 unica, riflettendo la maestria artigianale di chi la crea.<\/p>\n<h5 data-start=\"1340\" data-end=\"1418\">Realizzata in Vetro Soffiato a Bocca per una Qualit\u00e0 Artigianale Superiore<\/h5>\n<p class=\"\" data-start=\"1419\" data-end=\"1905\">Ogni caraffa Acqua Tors\u00e9 50 cl \u00e8 realizzata con la tecnica del vetro soffiato a bocca, un processo artigianale che conferisce a ciascun pezzo una qualit\u00e0 e una perfezione senza pari. Questa lavorazione garantisce una resistenza e una trasparenza eccellenti, evidenziando la bellezza naturale dell&#8217;acqua e rendendo ogni bottiglia un oggetto di valore. L&#8217;arte del vetro soffiato rende ogni bottiglia unica, con dettagli che raccontano la tradizione e la passione del lavoro artigianale.<\/p>\n<h5 data-start=\"1907\" data-end=\"1964\">Completa con Tappo Cavo all&#8217;Interno con Effetto Elica<\/h5>\n<p class=\"\" data-start=\"1965\" data-end=\"2400\">Il tappo della bottiglia\u00a0 \u00e8 pensato per completare il design raffinato della bottiglia, con il suo effetto elica che si fonde perfettamente con l&#8217;effetto tors\u00e9 della bottiglia. Il tappo, cavo all&#8217;interno, offre una chiusura sicura e funzionale, mantenendo l&#8217;acqua fresca e al riparo dalla polvere. L\u2019effetto elica aggiunge un tocco di originalit\u00e0, creando un contrasto affascinante con la superficie sinuosa del vetro.<\/p>\n<p class=\"\" data-start=\"2402\" data-end=\"2839\">In conclusione, la bottiglia Acqua Tors\u00e9 50 cl \u00e8 una scelta perfetta per chi desidera eleganza e praticit\u00e0 in un formato compatto. Realizzata in vetro soffiato a bocca, con un effetto tors\u00e9 che la rende unica, e completata da un tappo raffinato con effetto elica, \u00e8 l&#8217;accessorio ideale per ogni tavola. Ogni bottiglia \u00e8 un pezzo artigianale che unisce estetica, qualit\u00e0 e funzionalit\u00e0, trasformando ogni bevuta in un\u2019esperienza di stile.<\/p>\n<\/div>\n<\/div>\n<\/div>\n<\/div>\n<div class=\"mb-2 flex gap-3 -ml-2\">\n<div class=\"flex items-center justify-start rounded-xl p-1\">\n<div>\n<div class=\"flex items-center\"><\/div>\n<\/div>\n<\/div>\n<\/div>\n<\/div>\n<\/div>\n<\/div>\n<\/div>\n<\/article>\n<\/div>\n<\/div>\n<\/div>\n<\/div>\n","protected":false},"excerpt":{"rendered":"<p>La bottiglia Acqua in vetro soffiato a bocca, misura da 50 cl, nella versione effetto tors\u00e8. La completa il tappo cavo all\u2019interno, sempre con effetto elica<\/p>\n<p>cl. 50<\/p>\n<p>fl.oz. 16,91<\/p>\n<p>h. 230 mm.<\/p>\n<p>\u00d8 103 mm.<\/p>\n<p>E\u2019 un prodotto in vetro soffiato a bocca. Il contenuto in cl \u00e8 puramente indicativo<\/p>\n","protected":false},"featured_media":23465,"template":"","meta":{"inline_featured_image":false},"product_brand":[],"product_cat":[23,35],"product_tag":[891,894,893],"class_list":{"0":"post-25815","1":"product","2":"type-product","3":"status-publish","4":"has-post-thumbnail","6":"product_cat-acqua","7":"product_cat-bottiglie-acqua","8":"product_tag-acqua","9":"product_tag-bottiglieacqua","10":"product_tag-bottigliepersonalizzate","12":"first","13":"instock","14":"taxable","15":"shipping-taxable","16":"product-type-simple"},"yoast_head":"<!-- This site is optimized with the Yoast SEO plugin v26.6 - https:\/\/yoast.com\/wordpress\/plugins\/seo\/ -->\n<title>CARAFFA ACQUA TORS\u00c9 50 CL - Fara Vetrerie e Cristallerie<\/title>\n<meta name=\"description\" content=\"La caraffa acqua tors\u00e9 50 cl in vetro soffiato a bocca, misura piccola. La completa il tappo cavo all\u2019interno, sempre con effetto elica\" \/>\n<meta name=\"robots\" content=\"index, follow, max-snippet:-1, max-image-preview:large, max-video-preview:-1\" \/>\n<link rel=\"canonical\" href=\"https:\/\/faravetrerie.it\/en\/shop-en\/water-en\/water-bottles\/caraffa-acqua-torse-50-cl\/\" \/>\n<meta property=\"og:locale\" content=\"en_US\" \/>\n<meta property=\"og:type\" content=\"article\" \/>\n<meta property=\"og:title\" content=\"CARAFFA ACQUA TORS\u00c9 50 CL - Fara Vetrerie e Cristallerie\" \/>\n<meta property=\"og:description\" content=\"La caraffa acqua tors\u00e9 50 cl in vetro soffiato a bocca, misura piccola. La completa il tappo cavo all\u2019interno, sempre con effetto elica\" \/>\n<meta property=\"og:url\" content=\"https:\/\/faravetrerie.it\/en\/shop-en\/water-en\/water-bottles\/caraffa-acqua-torse-50-cl\/\" \/>\n<meta property=\"og:site_name\" content=\"Fara Vetrerie e Cristallerie\" \/>\n<meta property=\"article:modified_time\" content=\"2026-01-28T14:48:24+00:00\" \/>\n<meta property=\"og:image\" content=\"https:\/\/faravetrerie.it\/wp-content\/uploads\/2025\/12\/VF26-567BVT_01-scaled-e1595930586425-3.jpg\" \/>\n\t<meta property=\"og:image:width\" content=\"1747\" \/>\n\t<meta property=\"og:image:height\" content=\"2304\" \/>\n\t<meta property=\"og:image:type\" content=\"image\/jpeg\" \/>\n<meta name=\"twitter:card\" content=\"summary_large_image\" \/>\n<meta name=\"twitter:label1\" content=\"Est. reading time\" \/>\n\t<meta name=\"twitter:data1\" content=\"3 minutes\" \/>\n<script type=\"application\/ld+json\" class=\"yoast-schema-graph\">{\"@context\":\"https:\/\/schema.org\",\"@graph\":[{\"@type\":\"WebPage\",\"@id\":\"https:\/\/faravetrerie.it\/en\/shop-en\/water-en\/water-bottles\/caraffa-acqua-torse-50-cl\/\",\"url\":\"https:\/\/faravetrerie.it\/en\/shop-en\/water-en\/water-bottles\/caraffa-acqua-torse-50-cl\/\",\"name\":\"CARAFFA ACQUA TORS\u00c9 50 CL - Fara Vetrerie e Cristallerie\",\"isPartOf\":{\"@id\":\"https:\/\/faravetrerie.it\/en\/#website\"},\"primaryImageOfPage\":{\"@id\":\"https:\/\/faravetrerie.it\/en\/shop-en\/water-en\/water-bottles\/caraffa-acqua-torse-50-cl\/#primaryimage\"},\"image\":{\"@id\":\"https:\/\/faravetrerie.it\/en\/shop-en\/water-en\/water-bottles\/caraffa-acqua-torse-50-cl\/#primaryimage\"},\"thumbnailUrl\":\"https:\/\/faravetrerie.it\/wp-content\/uploads\/2025\/12\/VF26-567BVT_01-scaled-e1595930586425-3.jpg\",\"datePublished\":\"2025-12-23T15:43:29+00:00\",\"dateModified\":\"2026-01-28T14:48:24+00:00\",\"description\":\"La caraffa acqua tors\u00e9 50 cl in vetro soffiato a bocca, misura piccola. La completa il tappo cavo all\u2019interno, sempre con effetto elica\",\"breadcrumb\":{\"@id\":\"https:\/\/faravetrerie.it\/en\/shop-en\/water-en\/water-bottles\/caraffa-acqua-torse-50-cl\/#breadcrumb\"},\"inLanguage\":\"en-US\",\"potentialAction\":[{\"@type\":\"ReadAction\",\"target\":[\"https:\/\/faravetrerie.it\/en\/shop-en\/water-en\/water-bottles\/caraffa-acqua-torse-50-cl\/\"]}]},{\"@type\":\"ImageObject\",\"inLanguage\":\"en-US\",\"@id\":\"https:\/\/faravetrerie.it\/en\/shop-en\/water-en\/water-bottles\/caraffa-acqua-torse-50-cl\/#primaryimage\",\"url\":\"https:\/\/faravetrerie.it\/wp-content\/uploads\/2025\/12\/VF26-567BVT_01-scaled-e1595930586425-3.jpg\",\"contentUrl\":\"https:\/\/faravetrerie.it\/wp-content\/uploads\/2025\/12\/VF26-567BVT_01-scaled-e1595930586425-3.jpg\",\"width\":1747,\"height\":2304,\"caption\":\"caraffa Acqua Tors\u00e9 50 cl\"},{\"@type\":\"BreadcrumbList\",\"@id\":\"https:\/\/faravetrerie.it\/en\/shop-en\/water-en\/water-bottles\/caraffa-acqua-torse-50-cl\/#breadcrumb\",\"itemListElement\":[{\"@type\":\"ListItem\",\"position\":1,\"name\":\"Home\",\"item\":\"https:\/\/faravetrerie.it\/en\/\"},{\"@type\":\"ListItem\",\"position\":2,\"name\":\"Shop\",\"item\":\"https:\/\/faravetrerie.it\/en\/shop-en\/\"},{\"@type\":\"ListItem\",\"position\":3,\"name\":\"CARAFFA ACQUA TORS\u00c9 50 CL\"}]},{\"@type\":\"WebSite\",\"@id\":\"https:\/\/faravetrerie.it\/en\/#website\",\"url\":\"https:\/\/faravetrerie.it\/en\/\",\"name\":\"Fara Vetrerie e Cristallerie\",\"description\":\"\",\"publisher\":{\"@id\":\"https:\/\/faravetrerie.it\/en\/#organization\"},\"potentialAction\":[{\"@type\":\"SearchAction\",\"target\":{\"@type\":\"EntryPoint\",\"urlTemplate\":\"https:\/\/faravetrerie.it\/en\/?s={search_term_string}\"},\"query-input\":{\"@type\":\"PropertyValueSpecification\",\"valueRequired\":true,\"valueName\":\"search_term_string\"}}],\"inLanguage\":\"en-US\"},{\"@type\":\"Organization\",\"@id\":\"https:\/\/faravetrerie.it\/en\/#organization\",\"name\":\"Fara Vetrerie e Cristallerie\",\"url\":\"https:\/\/faravetrerie.it\/en\/\",\"logo\":{\"@type\":\"ImageObject\",\"inLanguage\":\"en-US\",\"@id\":\"https:\/\/faravetrerie.it\/en\/#\/schema\/logo\/image\/\",\"url\":\"https:\/\/faravetrerie.it\/wp-content\/uploads\/2025\/12\/logo-fara-bianco.png\",\"contentUrl\":\"https:\/\/faravetrerie.it\/wp-content\/uploads\/2025\/12\/logo-fara-bianco.png\",\"width\":2038,\"height\":2942,\"caption\":\"Fara Vetrerie e Cristallerie\"},\"image\":{\"@id\":\"https:\/\/faravetrerie.it\/en\/#\/schema\/logo\/image\/\"}}]}<\/script>\n<!-- \/ Yoast SEO plugin. -->","yoast_head_json":{"title":"CARAFFA ACQUA TORS\u00c9 50 CL - Fara Vetrerie e Cristallerie","description":"La caraffa acqua tors\u00e9 50 cl in vetro soffiato a bocca, misura piccola. La completa il tappo cavo all\u2019interno, sempre con effetto elica","robots":{"index":"index","follow":"follow","max-snippet":"max-snippet:-1","max-image-preview":"max-image-preview:large","max-video-preview":"max-video-preview:-1"},"canonical":"https:\/\/faravetrerie.it\/en\/shop-en\/water-en\/water-bottles\/caraffa-acqua-torse-50-cl\/","og_locale":"en_US","og_type":"article","og_title":"CARAFFA ACQUA TORS\u00c9 50 CL - Fara Vetrerie e Cristallerie","og_description":"La caraffa acqua tors\u00e9 50 cl in vetro soffiato a bocca, misura piccola. La completa il tappo cavo all\u2019interno, sempre con effetto elica","og_url":"https:\/\/faravetrerie.it\/en\/shop-en\/water-en\/water-bottles\/caraffa-acqua-torse-50-cl\/","og_site_name":"Fara Vetrerie e Cristallerie","article_modified_time":"2026-01-28T14:48:24+00:00","og_image":[{"width":1747,"height":2304,"url":"https:\/\/faravetrerie.it\/wp-content\/uploads\/2025\/12\/VF26-567BVT_01-scaled-e1595930586425-3.jpg","type":"image\/jpeg"}],"twitter_card":"summary_large_image","twitter_misc":{"Est. reading time":"3 minutes"},"schema":{"@context":"https:\/\/schema.org","@graph":[{"@type":"WebPage","@id":"https:\/\/faravetrerie.it\/en\/shop-en\/water-en\/water-bottles\/caraffa-acqua-torse-50-cl\/","url":"https:\/\/faravetrerie.it\/en\/shop-en\/water-en\/water-bottles\/caraffa-acqua-torse-50-cl\/","name":"CARAFFA ACQUA TORS\u00c9 50 CL - Fara Vetrerie e Cristallerie","isPartOf":{"@id":"https:\/\/faravetrerie.it\/en\/#website"},"primaryImageOfPage":{"@id":"https:\/\/faravetrerie.it\/en\/shop-en\/water-en\/water-bottles\/caraffa-acqua-torse-50-cl\/#primaryimage"},"image":{"@id":"https:\/\/faravetrerie.it\/en\/shop-en\/water-en\/water-bottles\/caraffa-acqua-torse-50-cl\/#primaryimage"},"thumbnailUrl":"https:\/\/faravetrerie.it\/wp-content\/uploads\/2025\/12\/VF26-567BVT_01-scaled-e1595930586425-3.jpg","datePublished":"2025-12-23T15:43:29+00:00","dateModified":"2026-01-28T14:48:24+00:00","description":"La caraffa acqua tors\u00e9 50 cl in vetro soffiato a bocca, misura piccola. La completa il tappo cavo all\u2019interno, sempre con effetto elica","breadcrumb":{"@id":"https:\/\/faravetrerie.it\/en\/shop-en\/water-en\/water-bottles\/caraffa-acqua-torse-50-cl\/#breadcrumb"},"inLanguage":"en-US","potentialAction":[{"@type":"ReadAction","target":["https:\/\/faravetrerie.it\/en\/shop-en\/water-en\/water-bottles\/caraffa-acqua-torse-50-cl\/"]}]},{"@type":"ImageObject","inLanguage":"en-US","@id":"https:\/\/faravetrerie.it\/en\/shop-en\/water-en\/water-bottles\/caraffa-acqua-torse-50-cl\/#primaryimage","url":"https:\/\/faravetrerie.it\/wp-content\/uploads\/2025\/12\/VF26-567BVT_01-scaled-e1595930586425-3.jpg","contentUrl":"https:\/\/faravetrerie.it\/wp-content\/uploads\/2025\/12\/VF26-567BVT_01-scaled-e1595930586425-3.jpg","width":1747,"height":2304,"caption":"caraffa Acqua Tors\u00e9 50 cl"},{"@type":"BreadcrumbList","@id":"https:\/\/faravetrerie.it\/en\/shop-en\/water-en\/water-bottles\/caraffa-acqua-torse-50-cl\/#breadcrumb","itemListElement":[{"@type":"ListItem","position":1,"name":"Home","item":"https:\/\/faravetrerie.it\/en\/"},{"@type":"ListItem","position":2,"name":"Shop","item":"https:\/\/faravetrerie.it\/en\/shop-en\/"},{"@type":"ListItem","position":3,"name":"CARAFFA ACQUA TORS\u00c9 50 CL"}]},{"@type":"WebSite","@id":"https:\/\/faravetrerie.it\/en\/#website","url":"https:\/\/faravetrerie.it\/en\/","name":"Fara Vetrerie e Cristallerie","description":"","publisher":{"@id":"https:\/\/faravetrerie.it\/en\/#organization"},"potentialAction":[{"@type":"SearchAction","target":{"@type":"EntryPoint","urlTemplate":"https:\/\/faravetrerie.it\/en\/?s={search_term_string}"},"query-input":{"@type":"PropertyValueSpecification","valueRequired":true,"valueName":"search_term_string"}}],"inLanguage":"en-US"},{"@type":"Organization","@id":"https:\/\/faravetrerie.it\/en\/#organization","name":"Fara Vetrerie e Cristallerie","url":"https:\/\/faravetrerie.it\/en\/","logo":{"@type":"ImageObject","inLanguage":"en-US","@id":"https:\/\/faravetrerie.it\/en\/#\/schema\/logo\/image\/","url":"https:\/\/faravetrerie.it\/wp-content\/uploads\/2025\/12\/logo-fara-bianco.png","contentUrl":"https:\/\/faravetrerie.it\/wp-content\/uploads\/2025\/12\/logo-fara-bianco.png","width":2038,"height":2942,"caption":"Fara Vetrerie e Cristallerie"},"image":{"@id":"https:\/\/faravetrerie.it\/en\/#\/schema\/logo\/image\/"}}]}},"_links":{"self":[{"href":"https:\/\/faravetrerie.it\/en\/wp-json\/wp\/v2\/product\/25815","targetHints":{"allow":["GET"]}}],"collection":[{"href":"https:\/\/faravetrerie.it\/en\/wp-json\/wp\/v2\/product"}],"about":[{"href":"https:\/\/faravetrerie.it\/en\/wp-json\/wp\/v2\/types\/product"}],"wp:featuredmedia":[{"embeddable":true,"href":"https:\/\/faravetrerie.it\/en\/wp-json\/wp\/v2\/media\/23465"}],"wp:attachment":[{"href":"https:\/\/faravetrerie.it\/en\/wp-json\/wp\/v2\/media?parent=25815"}],"wp:term":[{"taxonomy":"product_brand","embeddable":true,"href":"https:\/\/faravetrerie.it\/en\/wp-json\/wp\/v2\/product_brand?post=25815"},{"taxonomy":"product_cat","embeddable":true,"href":"https:\/\/faravetrerie.it\/en\/wp-json\/wp\/v2\/product_cat?post=25815"},{"taxonomy":"product_tag","embeddable":true,"href":"https:\/\/faravetrerie.it\/en\/wp-json\/wp\/v2\/product_tag?post=25815"}],"curies":[{"name":"wp","href":"https:\/\/api.w.org\/{rel}","templated":true}]}}