{"id":25816,"date":"2025-12-23T16:43:29","date_gmt":"2025-12-23T15:43:29","guid":{"rendered":"https:\/\/sviluppo.faravetrerie.it\/blog\/?post_type=product&#038;p=25816"},"modified":"2026-01-28T15:50:17","modified_gmt":"2026-01-28T14:50:17","slug":"caraffa-acqua-torse-80-cl","status":"publish","type":"product","link":"https:\/\/faravetrerie.it\/en\/shop-en\/water-en\/water-bottles\/caraffa-acqua-torse-80-cl\/","title":{"rendered":"CARAFFA ACQUA TORS\u00c9 80 CL"},"content":{"rendered":"<article class=\"group\/turn w-full text-token-text-primary focus-visible:outline-2 focus-visible:outline-offset-[-4px]\" dir=\"auto\" data-testid=\"conversation-turn-30\" data-scroll-anchor=\"true\">\n<div class=\"text-base my-auto mx-auto py-[18px] px-6\">\n<div class=\"mx-auto flex flex-1 text-base gap-4 md:gap-5 lg:gap-6 md:max-w-3xl\">\n<div class=\"group\/conversation-turn relative flex w-full min-w-0 flex-col agent-turn @xs\/thread:px-0 @sm\/thread:px-1.5 @md\/thread:px-4\">\n<div class=\"flex-col gap-1 md:gap-3\">\n<div class=\"flex max-w-full flex-col flex-grow\">\n<div class=\"min-h-8 text-message relative flex w-full flex-col items-end gap-2 whitespace-normal break-words text-start [.text-message+&amp;]:mt-5\" dir=\"auto\" data-message-author-role=\"assistant\" data-message-id=\"35be1e74-2d3c-4d97-a41a-589362cabc23\" data-message-model-slug=\"gpt-4o-mini\">\n<div class=\"flex w-full flex-col gap-1 empty:hidden first:pt-[3px]\">\n<div class=\"markdown prose w-full break-words dark:prose-invert light\">\n<h4 data-start=\"0\" data-end=\"81\">Caraffa Acqua Tors\u00e9 80 cl: Eleganza e Originalit\u00e0 in Vetro Soffiato<\/h4>\n<p class=\"\" data-start=\"281\" data-end=\"776\">La caraffa Acqua Tors\u00e9 80 cl \u00e8 un vero e proprio capolavoro artigianale, realizzata in vetro soffiato a bocca e caratterizzata da un effetto tors\u00e9 che le conferisce un aspetto elegante e distintivo. Questo design unico la rende ideale per chi cerca un prodotto di alta qualit\u00e0 che sappia unire funzionalit\u00e0 e stile. La bottiglia \u00e8 completata da un tappo altrettanto raffinato, disponibile nelle versioni con effetto elica o tors\u00e9, per garantire una chiusura perfetta e un\u2019estetica impeccabile.<\/p>\n<h5 data-start=\"778\" data-end=\"815\">Un Design Unico con Effetto Tors\u00e9<\/h5>\n<p class=\"\" data-start=\"816\" data-end=\"1221\">Il design della caraffa Acqua Tors\u00e9 80 cl \u00e8 una combinazione perfetta di modernit\u00e0 e tradizione. La caratteristica forma con effetto tors\u00e9 crea un gioco di luce e movimento, che rende ogni bottiglia unica. L\u2019effetto tors\u00e9, realizzato tramite una sapiente lavorazione del vetro, conferisce alla bottiglia un aspetto sofisticato, ideale per essere esposta in qualsiasi ambiente, dalla tavola al bancone del bar.<\/p>\n<h5 data-start=\"1223\" data-end=\"1291\">Vetro Soffiato a Bocca per una Qualit\u00e0 Artigianale Incomparabile<\/h5>\n<p class=\"\" data-start=\"1292\" data-end=\"1694\">Come tutti i nostri prodotti, la bottiglia \u00e8 realizzata utilizzando la tecnica del vetro soffiato a bocca, un processo artigianale che garantisce qualit\u00e0, resistenza e unicit\u00e0 a ogni pezzo. Ogni bottiglia \u00e8 soffiata a mano con cura e precisione, rendendo ogni dettaglio impeccabile. Il vetro trasparente esalta il colore dell\u2019acqua, aggiungendo un tocco di raffinatezza a ogni tavola.<\/p>\n<h5 data-start=\"1696\" data-end=\"1747\">Completa con il Tappo con Effetto Elica o Tors\u00e9<\/h5>\n<p class=\"\" data-start=\"1748\" data-end=\"2173\">La bottiglia Acqua \u00e8 completata da un tappo altrettanto elegante, disponibile nelle versioni con effetto elica o tors\u00e9. Entrambi i tappo si abbinano perfettamente alla bottiglia, non solo come elemento funzionale, ma anche come parte integrante del design. Il tappo con effetto tors\u00e9 \u00e8 una continuazione naturale del design della bottiglia, mentre l\u2019effetto elica aggiunge un ulteriore tocco di originalit\u00e0 e dinamismo.<\/p>\n<p class=\"\" data-start=\"2175\" data-end=\"2606\">In conclusione, la bottiglia Acqua Tors\u00e9 80 cl rappresenta una scelta ideale per chi cerca un prodotto di qualit\u00e0, in grado di combinare estetica e funzionalit\u00e0. Grazie alla sua lavorazione in vetro soffiato a bocca e al suo design unico con effetto tors\u00e9, ogni bottiglia diventa un pezzo d&#8217;arte. Completata dal tappo in perfetta armonia con il design, \u00e8 l\u2019accessorio perfetto per chi desidera un tocco di classe in ogni dettaglio.<\/p>\n<\/div>\n<\/div>\n<\/div>\n<\/div>\n<div class=\"mb-2 flex gap-3 -ml-2\">\n<div class=\"flex items-center justify-start rounded-xl p-1\">\n<div>\n<div class=\"flex items-center\"><\/div>\n<\/div>\n<\/div>\n<\/div>\n<\/div>\n<\/div>\n<\/div>\n<\/div>\n<\/article>\n","protected":false},"excerpt":{"rendered":"<p>La bottiglia Acqua in vetro soffiato a bocca nella versione effetto tors\u00e8. La completa il tappo cavo all&#8217;interno, sempre con effetto elica o tors\u00e9<\/p>\n<p>cl. 80<\/p>\n<p>fl.oz. 27,05<\/p>\n<p>h. 285 mm.<\/p>\n<p>\u00d8 120 mm.<\/p>\n<p>E&#8217; un prodotto in vetro soffiato a bocca. Il contenuto in cl \u00e8 puramente indicativo<\/p>\n","protected":false},"featured_media":23463,"template":"","meta":{"inline_featured_image":false},"product_brand":[],"product_cat":[23,35],"product_tag":[891,894,893],"class_list":{"0":"post-25816","1":"product","2":"type-product","3":"status-publish","4":"has-post-thumbnail","6":"product_cat-acqua","7":"product_cat-bottiglie-acqua","8":"product_tag-acqua","9":"product_tag-bottiglieacqua","10":"product_tag-bottigliepersonalizzate","12":"first","13":"instock","14":"taxable","15":"shipping-taxable","16":"product-type-simple"},"yoast_head":"<!-- This site is optimized with the Yoast SEO plugin v26.6 - https:\/\/yoast.com\/wordpress\/plugins\/seo\/ -->\n<title>CARAFFA ACQUA TORS\u00c9 80 CL - Fara Vetrerie e Cristallerie<\/title>\n<meta name=\"description\" content=\"caraffa Acqua Tors\u00e9 80 cl: Eleganza e Originalit\u00e0 in Vetro SoffiatoSottotitoli:Un Design Unico con Effetto Tors\u00e9Vetro Soffiato a Bocca\" \/>\n<meta name=\"robots\" content=\"index, follow, max-snippet:-1, max-image-preview:large, max-video-preview:-1\" \/>\n<link rel=\"canonical\" href=\"https:\/\/faravetrerie.it\/en\/shop-en\/water-en\/water-bottles\/caraffa-acqua-torse-80-cl\/\" \/>\n<meta property=\"og:locale\" content=\"en_US\" \/>\n<meta property=\"og:type\" content=\"article\" \/>\n<meta property=\"og:title\" content=\"CARAFFA ACQUA TORS\u00c9 80 CL - Fara Vetrerie e Cristallerie\" \/>\n<meta property=\"og:description\" content=\"caraffa Acqua Tors\u00e9 80 cl: Eleganza e Originalit\u00e0 in Vetro SoffiatoSottotitoli:Un Design Unico con Effetto Tors\u00e9Vetro Soffiato a Bocca\" \/>\n<meta property=\"og:url\" content=\"https:\/\/faravetrerie.it\/en\/shop-en\/water-en\/water-bottles\/caraffa-acqua-torse-80-cl\/\" \/>\n<meta property=\"og:site_name\" content=\"Fara Vetrerie e Cristallerie\" \/>\n<meta property=\"article:modified_time\" content=\"2026-01-28T14:50:17+00:00\" \/>\n<meta property=\"og:image\" content=\"https:\/\/faravetrerie.it\/wp-content\/uploads\/2025\/12\/VF26-139BVT_02-scaled-e1595930100404-3.jpg\" \/>\n\t<meta property=\"og:image:width\" content=\"1798\" \/>\n\t<meta property=\"og:image:height\" content=\"2169\" \/>\n\t<meta property=\"og:image:type\" content=\"image\/jpeg\" \/>\n<meta name=\"twitter:card\" content=\"summary_large_image\" \/>\n<meta name=\"twitter:label1\" content=\"Est. reading time\" \/>\n\t<meta name=\"twitter:data1\" content=\"3 minutes\" \/>\n<script type=\"application\/ld+json\" class=\"yoast-schema-graph\">{\"@context\":\"https:\/\/schema.org\",\"@graph\":[{\"@type\":\"WebPage\",\"@id\":\"https:\/\/faravetrerie.it\/en\/shop-en\/water-en\/water-bottles\/caraffa-acqua-torse-80-cl\/\",\"url\":\"https:\/\/faravetrerie.it\/en\/shop-en\/water-en\/water-bottles\/caraffa-acqua-torse-80-cl\/\",\"name\":\"CARAFFA ACQUA TORS\u00c9 80 CL - Fara Vetrerie e Cristallerie\",\"isPartOf\":{\"@id\":\"https:\/\/faravetrerie.it\/en\/#website\"},\"primaryImageOfPage\":{\"@id\":\"https:\/\/faravetrerie.it\/en\/shop-en\/water-en\/water-bottles\/caraffa-acqua-torse-80-cl\/#primaryimage\"},\"image\":{\"@id\":\"https:\/\/faravetrerie.it\/en\/shop-en\/water-en\/water-bottles\/caraffa-acqua-torse-80-cl\/#primaryimage\"},\"thumbnailUrl\":\"https:\/\/faravetrerie.it\/wp-content\/uploads\/2025\/12\/VF26-139BVT_02-scaled-e1595930100404-3.jpg\",\"datePublished\":\"2025-12-23T15:43:29+00:00\",\"dateModified\":\"2026-01-28T14:50:17+00:00\",\"description\":\"caraffa Acqua Tors\u00e9 80 cl: Eleganza e Originalit\u00e0 in Vetro SoffiatoSottotitoli:Un Design Unico con Effetto Tors\u00e9Vetro Soffiato a Bocca\",\"breadcrumb\":{\"@id\":\"https:\/\/faravetrerie.it\/en\/shop-en\/water-en\/water-bottles\/caraffa-acqua-torse-80-cl\/#breadcrumb\"},\"inLanguage\":\"en-US\",\"potentialAction\":[{\"@type\":\"ReadAction\",\"target\":[\"https:\/\/faravetrerie.it\/en\/shop-en\/water-en\/water-bottles\/caraffa-acqua-torse-80-cl\/\"]}]},{\"@type\":\"ImageObject\",\"inLanguage\":\"en-US\",\"@id\":\"https:\/\/faravetrerie.it\/en\/shop-en\/water-en\/water-bottles\/caraffa-acqua-torse-80-cl\/#primaryimage\",\"url\":\"https:\/\/faravetrerie.it\/wp-content\/uploads\/2025\/12\/VF26-139BVT_02-scaled-e1595930100404-3.jpg\",\"contentUrl\":\"https:\/\/faravetrerie.it\/wp-content\/uploads\/2025\/12\/VF26-139BVT_02-scaled-e1595930100404-3.jpg\",\"width\":1798,\"height\":2169,\"caption\":\"caraffa Acqua Tors\u00e9 80 cl\"},{\"@type\":\"BreadcrumbList\",\"@id\":\"https:\/\/faravetrerie.it\/en\/shop-en\/water-en\/water-bottles\/caraffa-acqua-torse-80-cl\/#breadcrumb\",\"itemListElement\":[{\"@type\":\"ListItem\",\"position\":1,\"name\":\"Home\",\"item\":\"https:\/\/faravetrerie.it\/en\/\"},{\"@type\":\"ListItem\",\"position\":2,\"name\":\"Shop\",\"item\":\"https:\/\/faravetrerie.it\/en\/shop-en\/\"},{\"@type\":\"ListItem\",\"position\":3,\"name\":\"CARAFFA ACQUA TORS\u00c9 80 CL\"}]},{\"@type\":\"WebSite\",\"@id\":\"https:\/\/faravetrerie.it\/en\/#website\",\"url\":\"https:\/\/faravetrerie.it\/en\/\",\"name\":\"Fara Vetrerie e Cristallerie\",\"description\":\"\",\"publisher\":{\"@id\":\"https:\/\/faravetrerie.it\/en\/#organization\"},\"potentialAction\":[{\"@type\":\"SearchAction\",\"target\":{\"@type\":\"EntryPoint\",\"urlTemplate\":\"https:\/\/faravetrerie.it\/en\/?s={search_term_string}\"},\"query-input\":{\"@type\":\"PropertyValueSpecification\",\"valueRequired\":true,\"valueName\":\"search_term_string\"}}],\"inLanguage\":\"en-US\"},{\"@type\":\"Organization\",\"@id\":\"https:\/\/faravetrerie.it\/en\/#organization\",\"name\":\"Fara Vetrerie e Cristallerie\",\"url\":\"https:\/\/faravetrerie.it\/en\/\",\"logo\":{\"@type\":\"ImageObject\",\"inLanguage\":\"en-US\",\"@id\":\"https:\/\/faravetrerie.it\/en\/#\/schema\/logo\/image\/\",\"url\":\"https:\/\/faravetrerie.it\/wp-content\/uploads\/2025\/12\/logo-fara-bianco.png\",\"contentUrl\":\"https:\/\/faravetrerie.it\/wp-content\/uploads\/2025\/12\/logo-fara-bianco.png\",\"width\":2038,\"height\":2942,\"caption\":\"Fara Vetrerie e Cristallerie\"},\"image\":{\"@id\":\"https:\/\/faravetrerie.it\/en\/#\/schema\/logo\/image\/\"}}]}<\/script>\n<!-- \/ Yoast SEO plugin. -->","yoast_head_json":{"title":"CARAFFA ACQUA TORS\u00c9 80 CL - Fara Vetrerie e Cristallerie","description":"caraffa Acqua Tors\u00e9 80 cl: Eleganza e Originalit\u00e0 in Vetro SoffiatoSottotitoli:Un Design Unico con Effetto Tors\u00e9Vetro Soffiato a Bocca","robots":{"index":"index","follow":"follow","max-snippet":"max-snippet:-1","max-image-preview":"max-image-preview:large","max-video-preview":"max-video-preview:-1"},"canonical":"https:\/\/faravetrerie.it\/en\/shop-en\/water-en\/water-bottles\/caraffa-acqua-torse-80-cl\/","og_locale":"en_US","og_type":"article","og_title":"CARAFFA ACQUA TORS\u00c9 80 CL - Fara Vetrerie e Cristallerie","og_description":"caraffa Acqua Tors\u00e9 80 cl: Eleganza e Originalit\u00e0 in Vetro SoffiatoSottotitoli:Un Design Unico con Effetto Tors\u00e9Vetro Soffiato a Bocca","og_url":"https:\/\/faravetrerie.it\/en\/shop-en\/water-en\/water-bottles\/caraffa-acqua-torse-80-cl\/","og_site_name":"Fara Vetrerie e Cristallerie","article_modified_time":"2026-01-28T14:50:17+00:00","og_image":[{"width":1798,"height":2169,"url":"https:\/\/faravetrerie.it\/wp-content\/uploads\/2025\/12\/VF26-139BVT_02-scaled-e1595930100404-3.jpg","type":"image\/jpeg"}],"twitter_card":"summary_large_image","twitter_misc":{"Est. reading time":"3 minutes"},"schema":{"@context":"https:\/\/schema.org","@graph":[{"@type":"WebPage","@id":"https:\/\/faravetrerie.it\/en\/shop-en\/water-en\/water-bottles\/caraffa-acqua-torse-80-cl\/","url":"https:\/\/faravetrerie.it\/en\/shop-en\/water-en\/water-bottles\/caraffa-acqua-torse-80-cl\/","name":"CARAFFA ACQUA TORS\u00c9 80 CL - Fara Vetrerie e Cristallerie","isPartOf":{"@id":"https:\/\/faravetrerie.it\/en\/#website"},"primaryImageOfPage":{"@id":"https:\/\/faravetrerie.it\/en\/shop-en\/water-en\/water-bottles\/caraffa-acqua-torse-80-cl\/#primaryimage"},"image":{"@id":"https:\/\/faravetrerie.it\/en\/shop-en\/water-en\/water-bottles\/caraffa-acqua-torse-80-cl\/#primaryimage"},"thumbnailUrl":"https:\/\/faravetrerie.it\/wp-content\/uploads\/2025\/12\/VF26-139BVT_02-scaled-e1595930100404-3.jpg","datePublished":"2025-12-23T15:43:29+00:00","dateModified":"2026-01-28T14:50:17+00:00","description":"caraffa Acqua Tors\u00e9 80 cl: Eleganza e Originalit\u00e0 in Vetro SoffiatoSottotitoli:Un Design Unico con Effetto Tors\u00e9Vetro Soffiato a Bocca","breadcrumb":{"@id":"https:\/\/faravetrerie.it\/en\/shop-en\/water-en\/water-bottles\/caraffa-acqua-torse-80-cl\/#breadcrumb"},"inLanguage":"en-US","potentialAction":[{"@type":"ReadAction","target":["https:\/\/faravetrerie.it\/en\/shop-en\/water-en\/water-bottles\/caraffa-acqua-torse-80-cl\/"]}]},{"@type":"ImageObject","inLanguage":"en-US","@id":"https:\/\/faravetrerie.it\/en\/shop-en\/water-en\/water-bottles\/caraffa-acqua-torse-80-cl\/#primaryimage","url":"https:\/\/faravetrerie.it\/wp-content\/uploads\/2025\/12\/VF26-139BVT_02-scaled-e1595930100404-3.jpg","contentUrl":"https:\/\/faravetrerie.it\/wp-content\/uploads\/2025\/12\/VF26-139BVT_02-scaled-e1595930100404-3.jpg","width":1798,"height":2169,"caption":"caraffa Acqua Tors\u00e9 80 cl"},{"@type":"BreadcrumbList","@id":"https:\/\/faravetrerie.it\/en\/shop-en\/water-en\/water-bottles\/caraffa-acqua-torse-80-cl\/#breadcrumb","itemListElement":[{"@type":"ListItem","position":1,"name":"Home","item":"https:\/\/faravetrerie.it\/en\/"},{"@type":"ListItem","position":2,"name":"Shop","item":"https:\/\/faravetrerie.it\/en\/shop-en\/"},{"@type":"ListItem","position":3,"name":"CARAFFA ACQUA TORS\u00c9 80 CL"}]},{"@type":"WebSite","@id":"https:\/\/faravetrerie.it\/en\/#website","url":"https:\/\/faravetrerie.it\/en\/","name":"Fara Vetrerie e Cristallerie","description":"","publisher":{"@id":"https:\/\/faravetrerie.it\/en\/#organization"},"potentialAction":[{"@type":"SearchAction","target":{"@type":"EntryPoint","urlTemplate":"https:\/\/faravetrerie.it\/en\/?s={search_term_string}"},"query-input":{"@type":"PropertyValueSpecification","valueRequired":true,"valueName":"search_term_string"}}],"inLanguage":"en-US"},{"@type":"Organization","@id":"https:\/\/faravetrerie.it\/en\/#organization","name":"Fara Vetrerie e Cristallerie","url":"https:\/\/faravetrerie.it\/en\/","logo":{"@type":"ImageObject","inLanguage":"en-US","@id":"https:\/\/faravetrerie.it\/en\/#\/schema\/logo\/image\/","url":"https:\/\/faravetrerie.it\/wp-content\/uploads\/2025\/12\/logo-fara-bianco.png","contentUrl":"https:\/\/faravetrerie.it\/wp-content\/uploads\/2025\/12\/logo-fara-bianco.png","width":2038,"height":2942,"caption":"Fara Vetrerie e Cristallerie"},"image":{"@id":"https:\/\/faravetrerie.it\/en\/#\/schema\/logo\/image\/"}}]}},"_links":{"self":[{"href":"https:\/\/faravetrerie.it\/en\/wp-json\/wp\/v2\/product\/25816","targetHints":{"allow":["GET"]}}],"collection":[{"href":"https:\/\/faravetrerie.it\/en\/wp-json\/wp\/v2\/product"}],"about":[{"href":"https:\/\/faravetrerie.it\/en\/wp-json\/wp\/v2\/types\/product"}],"wp:featuredmedia":[{"embeddable":true,"href":"https:\/\/faravetrerie.it\/en\/wp-json\/wp\/v2\/media\/23463"}],"wp:attachment":[{"href":"https:\/\/faravetrerie.it\/en\/wp-json\/wp\/v2\/media?parent=25816"}],"wp:term":[{"taxonomy":"product_brand","embeddable":true,"href":"https:\/\/faravetrerie.it\/en\/wp-json\/wp\/v2\/product_brand?post=25816"},{"taxonomy":"product_cat","embeddable":true,"href":"https:\/\/faravetrerie.it\/en\/wp-json\/wp\/v2\/product_cat?post=25816"},{"taxonomy":"product_tag","embeddable":true,"href":"https:\/\/faravetrerie.it\/en\/wp-json\/wp\/v2\/product_tag?post=25816"}],"curies":[{"name":"wp","href":"https:\/\/api.w.org\/{rel}","templated":true}]}}