{"id":25824,"date":"2025-12-23T16:43:30","date_gmt":"2025-12-23T15:43:30","guid":{"rendered":"https:\/\/sviluppo.faravetrerie.it\/blog\/?post_type=product&#038;p=25824"},"modified":"2026-01-13T12:01:11","modified_gmt":"2026-01-13T11:01:11","slug":"vintage-bibita-grid","status":"publish","type":"product","link":"https:\/\/faravetrerie.it\/en\/shop-en\/vintage-en\/vintage-bibita-grid\/","title":{"rendered":"SET DI 6 BICCHIERI VINTAGE GRID BIBITA"},"content":{"rendered":"<article class=\"group\/turn w-full text-token-text-primary focus-visible:outline-2 focus-visible:outline-offset-[-4px]\" dir=\"auto\" data-testid=\"conversation-turn-36\" data-scroll-anchor=\"true\">\n<div class=\"text-base my-auto mx-auto py-[18px] px-6\">\n<div class=\"mx-auto flex flex-1 text-base gap-4 md:gap-5 lg:gap-6 md:max-w-3xl\">\n<div class=\"group\/conversation-turn relative flex w-full min-w-0 flex-col agent-turn @xs\/thread:px-0 @sm\/thread:px-1.5 @md\/thread:px-4\">\n<div class=\"flex-col gap-1 md:gap-3\">\n<div class=\"flex max-w-full flex-col flex-grow\">\n<div class=\"min-h-8 text-message relative flex w-full flex-col items-end gap-2 whitespace-normal break-words text-start [.text-message+&amp;]:mt-5\" dir=\"auto\" data-message-author-role=\"assistant\" data-message-id=\"f05879ea-2135-411f-9045-7d60d24c3ecc\" data-message-model-slug=\"gpt-4o-mini\">\n<div class=\"flex w-full flex-col gap-1 empty:hidden first:pt-[3px]\">\n<div class=\"markdown prose w-full break-words dark:prose-invert light\">\n<h4 data-start=\"0\" data-end=\"93\">Bicchiere bibita Grid: Eleganza Artigianale per Cocktail Rinfrescanti<\/h4>\n<p class=\"\" data-start=\"291\" data-end=\"739\">Il Bicchiere Vintage bibita Grid \u00e8 un&#8217;elegante creazione artigianale, realizzato con un&#8217;accurata molatura a mano che dona un effetto rete &#8220;vintage&#8221; distintivo. Questo bicchiere \u00e8 perfetto per servire cocktail a bassa gradazione alcolica e generose quantit\u00e0 di ghiaccio, come il Mojito. Con il suo design raffinato e pratico, il bicchiere rende ogni cocktail ancora pi\u00f9 speciale, combinando estetica e funzionalit\u00e0 in un unico, elegante oggetto.<\/p>\n<h5 data-start=\"741\" data-end=\"785\">Molato a Mano con Effetto Rete &#8220;Vintage&#8221;<\/h5>\n<p class=\"\" data-start=\"786\" data-end=\"1267\">Ogni Bicchiere Vintage bibita Grid \u00e8 un pezzo unico, creato con molatura a mano per ottenere un effetto rete &#8220;vintage&#8221; che arricchisce la superficie del bicchiere. Questo processo artigianale conferisce a ogni bicchiere un aspetto elegante e un&#8217;esperienza tattile distintiva, con una texture che si aggiunge alla bellezza visiva. L\u2019effetto vintage rende ogni sorso un piacere da gustare, facendo di questo bicchiere una scelta perfetta per chi cerca dettagli unici e ricercati.<\/p>\n<h5 data-start=\"1269\" data-end=\"1331\">Ideale per Cocktail a Bassa Gradazione Alcolica e Ghiaccio<\/h5>\n<p class=\"\" data-start=\"1332\" data-end=\"1751\">Il Bicchiere \u00e8 progettato per esaltare cocktail freschi e dissetanti, come il Mojito, che richiedono una generosa quantit\u00e0 di ghiaccio. La sua capacit\u00e0 e la forma alta lo rendono ideale per queste bevande, permettendo di mantenere il ghiaccio al suo posto senza compromettere il gusto del cocktail. Questo bicchiere \u00e8 perfetto per chi ama sorseggiare drink freschi, rinfrescanti e ben miscelati.<\/p>\n<h5 data-start=\"1753\" data-end=\"1801\">Perfetto per Cocktail Freschi come il Mojito<\/h5>\n<p class=\"\" data-start=\"1802\" data-end=\"2214\">Con il suo stile elegante e la funzionalit\u00e0 ottimale, il Bicchiere Vintage bibita Grid \u00e8 perfetto per una vasta gamma di cocktail a bassa gradazione alcolica. Il Mojito, con la sua freschezza e l&#8217;abbondanza di ghiaccio, trova in questo bicchiere l&#8217;elemento perfetto per essere servito. Il design vintage del bicchiere aggiunge un tocco di classe alla tua bevanda, rendendo ogni occasione ancora pi\u00f9 speciale.<\/p>\n<p class=\"\" data-start=\"2216\" data-end=\"2641\">In conclusione, il Bicchiere Vintage bibita Grid \u00e8 la scelta ideale per chi ama cocktail freschi e rinfrescanti come il Mojito. Grazie alla sua lavorazione artigianale e all&#8217;effetto rete &#8220;vintage&#8221;, ogni bicchiere diventa un&#8217;opera d&#8217;arte che unisce estetica e praticit\u00e0. Con questo bicchiere, ogni sorso \u00e8 una celebrazione dello stile e del gusto, perfetto per chi cerca un&#8217;esperienza di degustazione elegante e originale.<\/p>\n<\/div>\n<\/div>\n<\/div>\n<\/div>\n<\/div>\n<\/div>\n<\/div>\n<\/div>\n<\/article>\n","protected":false},"excerpt":{"rendered":"<p>Bicchiere bibita Grid molato a mano effetto rete &#8220;vintage&#8221;, indicato per tutti i cocktail con bassa gradazione alcolica e molto ghiaccio come il Mojito:<\/p>\n<p>Il cocktail tradizionale cubano pi\u00f9 bevuto nel mondo ha una origine misteriosa. C&#8217;\u00e8 chi ritiene che sia stato inventato dal pirata Sir Francis Drake, chi invece dai pi\u00f9 recenti barman de La Bodeguita del Medio, il bar istituzione de l&#8217;Avana. I sapori e i profumi di questo cocktail richiamano immediatamente le sensazioni dell&#8217;estate e del caldo tropicale, per questo \u00e8 sempre accompagnato da abbondante ghiaccio.<\/p>\n<p>Viene preparato direttamente nel tumbler bibita molto capiente, che possa accogliere il ghiaccio e le foglie di menta che lo decorano. I riflessi della molatura lucidata a mano esaltano il verde e il giallo del lime<\/p>\n<p>cL 44<\/p>\n<p>fl.oz. 15,49<\/p>\n<p>h. 161 mm.<\/p>\n<p>\u00d8 70 mm.<\/p>\n<p>Incisione con molatura artigianale a pietra, lucidata con sughero.<\/p>\n","protected":false},"featured_media":23487,"template":"","meta":{"inline_featured_image":false},"product_brand":[],"product_cat":[333,31],"product_tag":[942,1068],"class_list":{"0":"post-25824","1":"product","2":"type-product","3":"status-publish","4":"has-post-thumbnail","6":"product_cat-acquistabili-online","7":"product_cat-vintage","8":"product_tag-bicchiere","9":"product_tag-bicchiere-bibita","11":"first","12":"instock","13":"taxable","14":"shipping-taxable","15":"purchasable","16":"product-type-simple"},"yoast_head":"<!-- This site is optimized with the Yoast SEO plugin v26.6 - https:\/\/yoast.com\/wordpress\/plugins\/seo\/ -->\n<title>SET DI 6 BICCHIERI VINTAGE GRID BIBITA - Fara Vetrerie e Cristallerie<\/title>\n<meta name=\"description\" content=\"Bicchiere vintage bibita grid molato a mano effetto rete &quot;vintage&quot;, indicato per tutti i cocktail con bassa gradazione alcolica e molto ghiaccio.\" \/>\n<meta name=\"robots\" content=\"index, follow, max-snippet:-1, max-image-preview:large, max-video-preview:-1\" \/>\n<link rel=\"canonical\" href=\"https:\/\/faravetrerie.it\/en\/shop-en\/vintage-en\/vintage-bibita-grid\/\" \/>\n<meta property=\"og:locale\" content=\"en_US\" \/>\n<meta property=\"og:type\" content=\"article\" \/>\n<meta property=\"og:title\" content=\"SET DI 6 BICCHIERI VINTAGE GRID BIBITA - Fara Vetrerie e Cristallerie\" \/>\n<meta property=\"og:description\" content=\"Bicchiere vintage bibita grid molato a mano effetto rete &quot;vintage&quot;, indicato per tutti i cocktail con bassa gradazione alcolica e molto ghiaccio.\" \/>\n<meta property=\"og:url\" content=\"https:\/\/faravetrerie.it\/en\/shop-en\/vintage-en\/vintage-bibita-grid\/\" \/>\n<meta property=\"og:site_name\" content=\"Fara Vetrerie e Cristallerie\" \/>\n<meta property=\"article:modified_time\" content=\"2026-01-13T11:01:11+00:00\" \/>\n<meta property=\"og:image\" content=\"https:\/\/faravetrerie.it\/wp-content\/uploads\/2025\/12\/grid-2-scaled-4-e1767967173235.jpg\" \/>\n\t<meta property=\"og:image:width\" content=\"1344\" \/>\n\t<meta property=\"og:image:height\" content=\"1626\" \/>\n\t<meta property=\"og:image:type\" content=\"image\/jpeg\" \/>\n<meta name=\"twitter:card\" content=\"summary_large_image\" \/>\n<meta name=\"twitter:label1\" content=\"Est. reading time\" \/>\n\t<meta name=\"twitter:data1\" content=\"3 minutes\" \/>\n<script type=\"application\/ld+json\" class=\"yoast-schema-graph\">{\"@context\":\"https:\/\/schema.org\",\"@graph\":[{\"@type\":\"WebPage\",\"@id\":\"https:\/\/faravetrerie.it\/en\/shop-en\/vintage-en\/vintage-bibita-grid\/\",\"url\":\"https:\/\/faravetrerie.it\/en\/shop-en\/vintage-en\/vintage-bibita-grid\/\",\"name\":\"SET DI 6 BICCHIERI VINTAGE GRID BIBITA - Fara Vetrerie e Cristallerie\",\"isPartOf\":{\"@id\":\"https:\/\/faravetrerie.it\/en\/#website\"},\"primaryImageOfPage\":{\"@id\":\"https:\/\/faravetrerie.it\/en\/shop-en\/vintage-en\/vintage-bibita-grid\/#primaryimage\"},\"image\":{\"@id\":\"https:\/\/faravetrerie.it\/en\/shop-en\/vintage-en\/vintage-bibita-grid\/#primaryimage\"},\"thumbnailUrl\":\"https:\/\/faravetrerie.it\/wp-content\/uploads\/2025\/12\/grid-2-scaled-4-e1767967173235.jpg\",\"datePublished\":\"2025-12-23T15:43:30+00:00\",\"dateModified\":\"2026-01-13T11:01:11+00:00\",\"description\":\"Bicchiere vintage bibita grid molato a mano effetto rete \\\"vintage\\\", indicato per tutti i cocktail con bassa gradazione alcolica e molto ghiaccio.\",\"breadcrumb\":{\"@id\":\"https:\/\/faravetrerie.it\/en\/shop-en\/vintage-en\/vintage-bibita-grid\/#breadcrumb\"},\"inLanguage\":\"en-US\",\"potentialAction\":[{\"@type\":\"ReadAction\",\"target\":[\"https:\/\/faravetrerie.it\/en\/shop-en\/vintage-en\/vintage-bibita-grid\/\"]}]},{\"@type\":\"ImageObject\",\"inLanguage\":\"en-US\",\"@id\":\"https:\/\/faravetrerie.it\/en\/shop-en\/vintage-en\/vintage-bibita-grid\/#primaryimage\",\"url\":\"https:\/\/faravetrerie.it\/wp-content\/uploads\/2025\/12\/grid-2-scaled-4-e1767967173235.jpg\",\"contentUrl\":\"https:\/\/faravetrerie.it\/wp-content\/uploads\/2025\/12\/grid-2-scaled-4-e1767967173235.jpg\",\"width\":1344,\"height\":1626,\"caption\":\"Bicchiere Vintage Grid bibita\"},{\"@type\":\"BreadcrumbList\",\"@id\":\"https:\/\/faravetrerie.it\/en\/shop-en\/vintage-en\/vintage-bibita-grid\/#breadcrumb\",\"itemListElement\":[{\"@type\":\"ListItem\",\"position\":1,\"name\":\"Home\",\"item\":\"https:\/\/faravetrerie.it\/en\/\"},{\"@type\":\"ListItem\",\"position\":2,\"name\":\"Shop\",\"item\":\"https:\/\/faravetrerie.it\/en\/shop-en\/\"},{\"@type\":\"ListItem\",\"position\":3,\"name\":\"SET DI 6 BICCHIERI VINTAGE GRID BIBITA\"}]},{\"@type\":\"WebSite\",\"@id\":\"https:\/\/faravetrerie.it\/en\/#website\",\"url\":\"https:\/\/faravetrerie.it\/en\/\",\"name\":\"Fara Vetrerie e Cristallerie\",\"description\":\"\",\"publisher\":{\"@id\":\"https:\/\/faravetrerie.it\/en\/#organization\"},\"potentialAction\":[{\"@type\":\"SearchAction\",\"target\":{\"@type\":\"EntryPoint\",\"urlTemplate\":\"https:\/\/faravetrerie.it\/en\/?s={search_term_string}\"},\"query-input\":{\"@type\":\"PropertyValueSpecification\",\"valueRequired\":true,\"valueName\":\"search_term_string\"}}],\"inLanguage\":\"en-US\"},{\"@type\":\"Organization\",\"@id\":\"https:\/\/faravetrerie.it\/en\/#organization\",\"name\":\"Fara Vetrerie e Cristallerie\",\"url\":\"https:\/\/faravetrerie.it\/en\/\",\"logo\":{\"@type\":\"ImageObject\",\"inLanguage\":\"en-US\",\"@id\":\"https:\/\/faravetrerie.it\/en\/#\/schema\/logo\/image\/\",\"url\":\"https:\/\/faravetrerie.it\/wp-content\/uploads\/2025\/12\/logo-fara-bianco.png\",\"contentUrl\":\"https:\/\/faravetrerie.it\/wp-content\/uploads\/2025\/12\/logo-fara-bianco.png\",\"width\":2038,\"height\":2942,\"caption\":\"Fara Vetrerie e Cristallerie\"},\"image\":{\"@id\":\"https:\/\/faravetrerie.it\/en\/#\/schema\/logo\/image\/\"}}]}<\/script>\n<!-- \/ Yoast SEO plugin. -->","yoast_head_json":{"title":"SET DI 6 BICCHIERI VINTAGE GRID BIBITA - Fara Vetrerie e Cristallerie","description":"Bicchiere vintage bibita grid molato a mano effetto rete \"vintage\", indicato per tutti i cocktail con bassa gradazione alcolica e molto ghiaccio.","robots":{"index":"index","follow":"follow","max-snippet":"max-snippet:-1","max-image-preview":"max-image-preview:large","max-video-preview":"max-video-preview:-1"},"canonical":"https:\/\/faravetrerie.it\/en\/shop-en\/vintage-en\/vintage-bibita-grid\/","og_locale":"en_US","og_type":"article","og_title":"SET DI 6 BICCHIERI VINTAGE GRID BIBITA - Fara Vetrerie e Cristallerie","og_description":"Bicchiere vintage bibita grid molato a mano effetto rete \"vintage\", indicato per tutti i cocktail con bassa gradazione alcolica e molto ghiaccio.","og_url":"https:\/\/faravetrerie.it\/en\/shop-en\/vintage-en\/vintage-bibita-grid\/","og_site_name":"Fara Vetrerie e Cristallerie","article_modified_time":"2026-01-13T11:01:11+00:00","og_image":[{"width":1344,"height":1626,"url":"https:\/\/faravetrerie.it\/wp-content\/uploads\/2025\/12\/grid-2-scaled-4-e1767967173235.jpg","type":"image\/jpeg"}],"twitter_card":"summary_large_image","twitter_misc":{"Est. reading time":"3 minutes"},"schema":{"@context":"https:\/\/schema.org","@graph":[{"@type":"WebPage","@id":"https:\/\/faravetrerie.it\/en\/shop-en\/vintage-en\/vintage-bibita-grid\/","url":"https:\/\/faravetrerie.it\/en\/shop-en\/vintage-en\/vintage-bibita-grid\/","name":"SET DI 6 BICCHIERI VINTAGE GRID BIBITA - Fara Vetrerie e Cristallerie","isPartOf":{"@id":"https:\/\/faravetrerie.it\/en\/#website"},"primaryImageOfPage":{"@id":"https:\/\/faravetrerie.it\/en\/shop-en\/vintage-en\/vintage-bibita-grid\/#primaryimage"},"image":{"@id":"https:\/\/faravetrerie.it\/en\/shop-en\/vintage-en\/vintage-bibita-grid\/#primaryimage"},"thumbnailUrl":"https:\/\/faravetrerie.it\/wp-content\/uploads\/2025\/12\/grid-2-scaled-4-e1767967173235.jpg","datePublished":"2025-12-23T15:43:30+00:00","dateModified":"2026-01-13T11:01:11+00:00","description":"Bicchiere vintage bibita grid molato a mano effetto rete \"vintage\", indicato per tutti i cocktail con bassa gradazione alcolica e molto ghiaccio.","breadcrumb":{"@id":"https:\/\/faravetrerie.it\/en\/shop-en\/vintage-en\/vintage-bibita-grid\/#breadcrumb"},"inLanguage":"en-US","potentialAction":[{"@type":"ReadAction","target":["https:\/\/faravetrerie.it\/en\/shop-en\/vintage-en\/vintage-bibita-grid\/"]}]},{"@type":"ImageObject","inLanguage":"en-US","@id":"https:\/\/faravetrerie.it\/en\/shop-en\/vintage-en\/vintage-bibita-grid\/#primaryimage","url":"https:\/\/faravetrerie.it\/wp-content\/uploads\/2025\/12\/grid-2-scaled-4-e1767967173235.jpg","contentUrl":"https:\/\/faravetrerie.it\/wp-content\/uploads\/2025\/12\/grid-2-scaled-4-e1767967173235.jpg","width":1344,"height":1626,"caption":"Bicchiere Vintage Grid bibita"},{"@type":"BreadcrumbList","@id":"https:\/\/faravetrerie.it\/en\/shop-en\/vintage-en\/vintage-bibita-grid\/#breadcrumb","itemListElement":[{"@type":"ListItem","position":1,"name":"Home","item":"https:\/\/faravetrerie.it\/en\/"},{"@type":"ListItem","position":2,"name":"Shop","item":"https:\/\/faravetrerie.it\/en\/shop-en\/"},{"@type":"ListItem","position":3,"name":"SET DI 6 BICCHIERI VINTAGE GRID BIBITA"}]},{"@type":"WebSite","@id":"https:\/\/faravetrerie.it\/en\/#website","url":"https:\/\/faravetrerie.it\/en\/","name":"Fara Vetrerie e Cristallerie","description":"","publisher":{"@id":"https:\/\/faravetrerie.it\/en\/#organization"},"potentialAction":[{"@type":"SearchAction","target":{"@type":"EntryPoint","urlTemplate":"https:\/\/faravetrerie.it\/en\/?s={search_term_string}"},"query-input":{"@type":"PropertyValueSpecification","valueRequired":true,"valueName":"search_term_string"}}],"inLanguage":"en-US"},{"@type":"Organization","@id":"https:\/\/faravetrerie.it\/en\/#organization","name":"Fara Vetrerie e Cristallerie","url":"https:\/\/faravetrerie.it\/en\/","logo":{"@type":"ImageObject","inLanguage":"en-US","@id":"https:\/\/faravetrerie.it\/en\/#\/schema\/logo\/image\/","url":"https:\/\/faravetrerie.it\/wp-content\/uploads\/2025\/12\/logo-fara-bianco.png","contentUrl":"https:\/\/faravetrerie.it\/wp-content\/uploads\/2025\/12\/logo-fara-bianco.png","width":2038,"height":2942,"caption":"Fara Vetrerie e Cristallerie"},"image":{"@id":"https:\/\/faravetrerie.it\/en\/#\/schema\/logo\/image\/"}}]}},"_links":{"self":[{"href":"https:\/\/faravetrerie.it\/en\/wp-json\/wp\/v2\/product\/25824","targetHints":{"allow":["GET"]}}],"collection":[{"href":"https:\/\/faravetrerie.it\/en\/wp-json\/wp\/v2\/product"}],"about":[{"href":"https:\/\/faravetrerie.it\/en\/wp-json\/wp\/v2\/types\/product"}],"wp:featuredmedia":[{"embeddable":true,"href":"https:\/\/faravetrerie.it\/en\/wp-json\/wp\/v2\/media\/23487"}],"wp:attachment":[{"href":"https:\/\/faravetrerie.it\/en\/wp-json\/wp\/v2\/media?parent=25824"}],"wp:term":[{"taxonomy":"product_brand","embeddable":true,"href":"https:\/\/faravetrerie.it\/en\/wp-json\/wp\/v2\/product_brand?post=25824"},{"taxonomy":"product_cat","embeddable":true,"href":"https:\/\/faravetrerie.it\/en\/wp-json\/wp\/v2\/product_cat?post=25824"},{"taxonomy":"product_tag","embeddable":true,"href":"https:\/\/faravetrerie.it\/en\/wp-json\/wp\/v2\/product_tag?post=25824"}],"curies":[{"name":"wp","href":"https:\/\/api.w.org\/{rel}","templated":true}]}}