{"id":25827,"date":"2025-12-23T16:43:39","date_gmt":"2025-12-23T15:43:39","guid":{"rendered":"https:\/\/sviluppo.faravetrerie.it\/blog\/?post_type=product&#038;p=25827"},"modified":"2026-01-28T15:41:14","modified_gmt":"2026-01-28T14:41:14","slug":"calice-bach-gin","status":"publish","type":"product","link":"https:\/\/faravetrerie.it\/en\/shop-en\/cocktails-en\/cocktail-glasses-and-chalices\/calice-bach-gin\/","title":{"rendered":"CALICE BACH GIN"},"content":{"rendered":"<div class=\"flex flex-1 grow basis-auto flex-col overflow-hidden\">\n<div class=\"relative h-full\">\n<div class=\"flex h-full flex-col overflow-y-auto [scrollbar-gutter:stable]\">\n<div class=\"mt-1.5 flex flex-col text-sm @thread-xl\/thread:pt-header-height md:pb-9\">\n<article class=\"group\/turn w-full text-token-text-primary focus-visible:outline-2 focus-visible:outline-offset-[-4px]\" dir=\"auto\" data-testid=\"conversation-turn-86\" data-scroll-anchor=\"true\">\n<div class=\"text-base my-auto mx-auto py-[18px] px-6\">\n<div class=\"mx-auto flex flex-1 text-base gap-4 md:gap-5 lg:gap-6 md:max-w-3xl\">\n<div class=\"group\/conversation-turn relative flex w-full min-w-0 flex-col agent-turn @xs\/thread:px-0 @sm\/thread:px-1.5 @md\/thread:px-4\">\n<div class=\"flex-col gap-1 md:gap-3\">\n<div class=\"flex max-w-full flex-col flex-grow\">\n<div class=\"min-h-8 text-message relative flex w-full flex-col items-end gap-2 whitespace-normal break-words text-start [.text-message+&amp;]:mt-5\" dir=\"auto\" data-message-author-role=\"assistant\" data-message-id=\"aeda4690-9ca4-47c2-98cd-b3132601d5a7\" data-message-model-slug=\"gpt-4o-mini\">\n<div class=\"flex w-full flex-col gap-1 empty:hidden first:pt-[3px]\">\n<div class=\"markdown prose w-full break-words dark:prose-invert light\">\n<h4 data-start=\"0\" data-end=\"78\"><strong data-start=\"0\" data-end=\"78\">Calice Bach Gin Multiuso: Eleganza Retr\u00f2 per un Servizio Raffinato<\/strong><\/h4>\n<p class=\"\" data-start=\"126\" data-end=\"637\">Il Calice Bach Gin Multiuso \u00e8 un bicchiere dal design retr\u00f2 che unisce eleganza e versatilit\u00e0, rendendolo perfetto per il servizio di gin, cocktail e altre bevande. Realizzato in vetro sonoro superiore, questo calice \u00e8 progettato per garantire brillantezza e resistenza, rendendolo ideale per l&#8217;uso nella ristorazione. Con il suo fascino senza tempo, il Calice Bach Gin \u00e8 perfetto per chi cerca un bicchiere che coniuga tradizione e modernit\u00e0 in modo impeccabile.<\/p>\n<h5 data-start=\"639\" data-end=\"683\">Design Retr\u00f2 con Eleganza e Raffinatezza<\/h5>\n<p class=\"\" data-start=\"685\" data-end=\"1203\">Ispirato ai calici tradizionali, il Calice\u00a0 Multiuso si distingue per il suo stile retr\u00f2, che ricorda l&#8217;eleganza dei bicchieri utilizzati nei bar di lusso di inizio secolo. La sua forma elegante e affusolata, unita alla base stabile, lo rende perfetto per servire gin e cocktail con ghiaccio o in versione neat. Questo calice \u00e8 pensato per chi desidera offrire un servizio raffinato in un ambiente che celebra il passato, senza rinunciare alla praticit\u00e0 e alla funzionalit\u00e0.<\/p>\n<h5 data-start=\"1205\" data-end=\"1258\">Vetro Sonoro Superiore: Brillantezza e Durabilit\u00e0<\/h5>\n<p class=\"\" data-start=\"1260\" data-end=\"1689\">Realizzato in vetro sonoro superiore, il Calice offre una brillantezza che cattura la luce e una resistenza superiore agli urti. Questo lo rende ideale per l&#8217;uso quotidiano nella ristorazione, dove la qualit\u00e0 e la durata dei bicchieri sono fondamentali. Facile da pulire e molto resistente, il calice si mantiene impeccabile anche dopo un uso intensivo, garantendo un servizio sempre di alto livello.<\/p>\n<h5 data-start=\"1691\" data-end=\"1729\">Versatile per Ogni Tipo di Bevanda<\/h5>\n<p class=\"\" data-start=\"1731\" data-end=\"2111\">Il Calice Bach Gin Multiuso non \u00e8 solo perfetto per il gin ma pu\u00f2 essere utilizzato anche per una variet\u00e0 di cocktail e bevande, inclusi cocktail a base di frutta, prosecco e anche per servire liquori. La sua forma e capacit\u00e0 lo rendono un bicchiere versatile che si adatta a diverse esigenze, rendendo ogni bevanda un&#8217;esperienza unica e raffinata.<\/p>\n<h5 data-start=\"2113\" data-end=\"2183\">Conclusione: Un Bicchiere Elegante e Funzionale per Ogni Occasione<\/h5>\n<p class=\"\" data-start=\"2185\" data-end=\"2751\">Il Calice Bach Gin Multiuso \u00e8 l&#8217;ideale per chi cerca un bicchiere che unisca eleganza retr\u00f2, brillantezza e funzionalit\u00e0. Perfetto per il servizio di gin e cocktail, \u00e8 anche abbastanza versatile da essere utilizzato per diverse altre bevande. Con il suo design raffinato e la qualit\u00e0 superiore del vetro sonoro, questo calice \u00e8 una scelta perfetta per i locali che vogliono offrire un servizio elegante, pratico e resistente. Aggiungi un tocco di classe e stile alla tua esperienza di degustazione con il Calice Bach Gin Multiuso.<\/p>\n<\/div>\n<\/div>\n<\/div>\n<\/div>\n<\/div>\n<\/div>\n<\/div>\n<\/div>\n<\/article>\n<\/div>\n<\/div>\n<\/div>\n<\/div>\n","protected":false},"excerpt":{"rendered":"<p>Il calice cocktail multiuso dal gusto retr\u00f2 di grande eleganza. In vetro sono superiore, brillante e resistente per l&#8217;uso nella ristorazione.<\/p>\n<p>cl. 60<\/p>\n<p>fl.oz. 21,12<\/p>\n<p>h. 201 mm.<\/p>\n<p>\u00d8 107 mm.<\/p>\n<p>&nbsp;<\/p>\n","protected":false},"featured_media":23492,"template":"","meta":{"inline_featured_image":false},"product_brand":[],"product_cat":[27,38],"product_tag":[936],"class_list":{"0":"post-25827","1":"product","2":"type-product","3":"status-publish","4":"has-post-thumbnail","6":"product_cat-cocktail","7":"product_cat-bicchieri-e-calici-cocktail","8":"product_tag-calice","10":"first","11":"instock","12":"taxable","13":"shipping-taxable","14":"product-type-simple"},"yoast_head":"<!-- This site is optimized with the Yoast SEO plugin v26.6 - https:\/\/yoast.com\/wordpress\/plugins\/seo\/ -->\n<title>CALICE BACH GIN - Fara Vetrerie e Cristallerie<\/title>\n<meta name=\"description\" content=\"Il calice bach gin multiuso dal gusto retr\u00f2 di grande eleganza. In vetro sono superiore, brillante e resistente per l&#039;uso nella ristorazione.\" \/>\n<meta name=\"robots\" content=\"index, follow, max-snippet:-1, max-image-preview:large, max-video-preview:-1\" \/>\n<link rel=\"canonical\" href=\"https:\/\/faravetrerie.it\/en\/shop-en\/cocktails-en\/cocktail-glasses-and-chalices\/calice-bach-gin\/\" \/>\n<meta property=\"og:locale\" content=\"en_US\" \/>\n<meta property=\"og:type\" content=\"article\" \/>\n<meta property=\"og:title\" content=\"CALICE BACH GIN - Fara Vetrerie e Cristallerie\" \/>\n<meta property=\"og:description\" content=\"Il calice bach gin multiuso dal gusto retr\u00f2 di grande eleganza. In vetro sono superiore, brillante e resistente per l&#039;uso nella ristorazione.\" \/>\n<meta property=\"og:url\" content=\"https:\/\/faravetrerie.it\/en\/shop-en\/cocktails-en\/cocktail-glasses-and-chalices\/calice-bach-gin\/\" \/>\n<meta property=\"og:site_name\" content=\"Fara Vetrerie e Cristallerie\" \/>\n<meta property=\"article:modified_time\" content=\"2026-01-28T14:41:14+00:00\" \/>\n<meta property=\"og:image\" content=\"https:\/\/faravetrerie.it\/wp-content\/uploads\/2025\/12\/BLBACH516_01-3.jpg\" \/>\n\t<meta property=\"og:image:width\" content=\"1121\" \/>\n\t<meta property=\"og:image:height\" content=\"1234\" \/>\n\t<meta property=\"og:image:type\" content=\"image\/jpeg\" \/>\n<meta name=\"twitter:card\" content=\"summary_large_image\" \/>\n<meta name=\"twitter:label1\" content=\"Est. reading time\" \/>\n\t<meta name=\"twitter:data1\" content=\"3 minutes\" \/>\n<script type=\"application\/ld+json\" class=\"yoast-schema-graph\">{\"@context\":\"https:\/\/schema.org\",\"@graph\":[{\"@type\":\"WebPage\",\"@id\":\"https:\/\/faravetrerie.it\/en\/shop-en\/cocktails-en\/cocktail-glasses-and-chalices\/calice-bach-gin\/\",\"url\":\"https:\/\/faravetrerie.it\/en\/shop-en\/cocktails-en\/cocktail-glasses-and-chalices\/calice-bach-gin\/\",\"name\":\"CALICE BACH GIN - Fara Vetrerie e Cristallerie\",\"isPartOf\":{\"@id\":\"https:\/\/faravetrerie.it\/en\/#website\"},\"primaryImageOfPage\":{\"@id\":\"https:\/\/faravetrerie.it\/en\/shop-en\/cocktails-en\/cocktail-glasses-and-chalices\/calice-bach-gin\/#primaryimage\"},\"image\":{\"@id\":\"https:\/\/faravetrerie.it\/en\/shop-en\/cocktails-en\/cocktail-glasses-and-chalices\/calice-bach-gin\/#primaryimage\"},\"thumbnailUrl\":\"https:\/\/faravetrerie.it\/wp-content\/uploads\/2025\/12\/BLBACH516_01-3.jpg\",\"datePublished\":\"2025-12-23T15:43:39+00:00\",\"dateModified\":\"2026-01-28T14:41:14+00:00\",\"description\":\"Il calice bach gin multiuso dal gusto retr\u00f2 di grande eleganza. In vetro sono superiore, brillante e resistente per l'uso nella ristorazione.\",\"breadcrumb\":{\"@id\":\"https:\/\/faravetrerie.it\/en\/shop-en\/cocktails-en\/cocktail-glasses-and-chalices\/calice-bach-gin\/#breadcrumb\"},\"inLanguage\":\"en-US\",\"potentialAction\":[{\"@type\":\"ReadAction\",\"target\":[\"https:\/\/faravetrerie.it\/en\/shop-en\/cocktails-en\/cocktail-glasses-and-chalices\/calice-bach-gin\/\"]}]},{\"@type\":\"ImageObject\",\"inLanguage\":\"en-US\",\"@id\":\"https:\/\/faravetrerie.it\/en\/shop-en\/cocktails-en\/cocktail-glasses-and-chalices\/calice-bach-gin\/#primaryimage\",\"url\":\"https:\/\/faravetrerie.it\/wp-content\/uploads\/2025\/12\/BLBACH516_01-3.jpg\",\"contentUrl\":\"https:\/\/faravetrerie.it\/wp-content\/uploads\/2025\/12\/BLBACH516_01-3.jpg\",\"width\":1121,\"height\":1234,\"caption\":\"Calice Bach Gin Multiuso\"},{\"@type\":\"BreadcrumbList\",\"@id\":\"https:\/\/faravetrerie.it\/en\/shop-en\/cocktails-en\/cocktail-glasses-and-chalices\/calice-bach-gin\/#breadcrumb\",\"itemListElement\":[{\"@type\":\"ListItem\",\"position\":1,\"name\":\"Home\",\"item\":\"https:\/\/faravetrerie.it\/en\/\"},{\"@type\":\"ListItem\",\"position\":2,\"name\":\"Shop\",\"item\":\"https:\/\/faravetrerie.it\/en\/shop-en\/\"},{\"@type\":\"ListItem\",\"position\":3,\"name\":\"CALICE BACH GIN\"}]},{\"@type\":\"WebSite\",\"@id\":\"https:\/\/faravetrerie.it\/en\/#website\",\"url\":\"https:\/\/faravetrerie.it\/en\/\",\"name\":\"Fara Vetrerie e Cristallerie\",\"description\":\"\",\"publisher\":{\"@id\":\"https:\/\/faravetrerie.it\/en\/#organization\"},\"potentialAction\":[{\"@type\":\"SearchAction\",\"target\":{\"@type\":\"EntryPoint\",\"urlTemplate\":\"https:\/\/faravetrerie.it\/en\/?s={search_term_string}\"},\"query-input\":{\"@type\":\"PropertyValueSpecification\",\"valueRequired\":true,\"valueName\":\"search_term_string\"}}],\"inLanguage\":\"en-US\"},{\"@type\":\"Organization\",\"@id\":\"https:\/\/faravetrerie.it\/en\/#organization\",\"name\":\"Fara Vetrerie e Cristallerie\",\"url\":\"https:\/\/faravetrerie.it\/en\/\",\"logo\":{\"@type\":\"ImageObject\",\"inLanguage\":\"en-US\",\"@id\":\"https:\/\/faravetrerie.it\/en\/#\/schema\/logo\/image\/\",\"url\":\"https:\/\/faravetrerie.it\/wp-content\/uploads\/2025\/12\/logo-fara-bianco.png\",\"contentUrl\":\"https:\/\/faravetrerie.it\/wp-content\/uploads\/2025\/12\/logo-fara-bianco.png\",\"width\":2038,\"height\":2942,\"caption\":\"Fara Vetrerie e Cristallerie\"},\"image\":{\"@id\":\"https:\/\/faravetrerie.it\/en\/#\/schema\/logo\/image\/\"}}]}<\/script>\n<!-- \/ Yoast SEO plugin. -->","yoast_head_json":{"title":"CALICE BACH GIN - Fara Vetrerie e Cristallerie","description":"Il calice bach gin multiuso dal gusto retr\u00f2 di grande eleganza. In vetro sono superiore, brillante e resistente per l'uso nella ristorazione.","robots":{"index":"index","follow":"follow","max-snippet":"max-snippet:-1","max-image-preview":"max-image-preview:large","max-video-preview":"max-video-preview:-1"},"canonical":"https:\/\/faravetrerie.it\/en\/shop-en\/cocktails-en\/cocktail-glasses-and-chalices\/calice-bach-gin\/","og_locale":"en_US","og_type":"article","og_title":"CALICE BACH GIN - Fara Vetrerie e Cristallerie","og_description":"Il calice bach gin multiuso dal gusto retr\u00f2 di grande eleganza. In vetro sono superiore, brillante e resistente per l'uso nella ristorazione.","og_url":"https:\/\/faravetrerie.it\/en\/shop-en\/cocktails-en\/cocktail-glasses-and-chalices\/calice-bach-gin\/","og_site_name":"Fara Vetrerie e Cristallerie","article_modified_time":"2026-01-28T14:41:14+00:00","og_image":[{"width":1121,"height":1234,"url":"https:\/\/faravetrerie.it\/wp-content\/uploads\/2025\/12\/BLBACH516_01-3.jpg","type":"image\/jpeg"}],"twitter_card":"summary_large_image","twitter_misc":{"Est. reading time":"3 minutes"},"schema":{"@context":"https:\/\/schema.org","@graph":[{"@type":"WebPage","@id":"https:\/\/faravetrerie.it\/en\/shop-en\/cocktails-en\/cocktail-glasses-and-chalices\/calice-bach-gin\/","url":"https:\/\/faravetrerie.it\/en\/shop-en\/cocktails-en\/cocktail-glasses-and-chalices\/calice-bach-gin\/","name":"CALICE BACH GIN - Fara Vetrerie e Cristallerie","isPartOf":{"@id":"https:\/\/faravetrerie.it\/en\/#website"},"primaryImageOfPage":{"@id":"https:\/\/faravetrerie.it\/en\/shop-en\/cocktails-en\/cocktail-glasses-and-chalices\/calice-bach-gin\/#primaryimage"},"image":{"@id":"https:\/\/faravetrerie.it\/en\/shop-en\/cocktails-en\/cocktail-glasses-and-chalices\/calice-bach-gin\/#primaryimage"},"thumbnailUrl":"https:\/\/faravetrerie.it\/wp-content\/uploads\/2025\/12\/BLBACH516_01-3.jpg","datePublished":"2025-12-23T15:43:39+00:00","dateModified":"2026-01-28T14:41:14+00:00","description":"Il calice bach gin multiuso dal gusto retr\u00f2 di grande eleganza. In vetro sono superiore, brillante e resistente per l'uso nella ristorazione.","breadcrumb":{"@id":"https:\/\/faravetrerie.it\/en\/shop-en\/cocktails-en\/cocktail-glasses-and-chalices\/calice-bach-gin\/#breadcrumb"},"inLanguage":"en-US","potentialAction":[{"@type":"ReadAction","target":["https:\/\/faravetrerie.it\/en\/shop-en\/cocktails-en\/cocktail-glasses-and-chalices\/calice-bach-gin\/"]}]},{"@type":"ImageObject","inLanguage":"en-US","@id":"https:\/\/faravetrerie.it\/en\/shop-en\/cocktails-en\/cocktail-glasses-and-chalices\/calice-bach-gin\/#primaryimage","url":"https:\/\/faravetrerie.it\/wp-content\/uploads\/2025\/12\/BLBACH516_01-3.jpg","contentUrl":"https:\/\/faravetrerie.it\/wp-content\/uploads\/2025\/12\/BLBACH516_01-3.jpg","width":1121,"height":1234,"caption":"Calice Bach Gin Multiuso"},{"@type":"BreadcrumbList","@id":"https:\/\/faravetrerie.it\/en\/shop-en\/cocktails-en\/cocktail-glasses-and-chalices\/calice-bach-gin\/#breadcrumb","itemListElement":[{"@type":"ListItem","position":1,"name":"Home","item":"https:\/\/faravetrerie.it\/en\/"},{"@type":"ListItem","position":2,"name":"Shop","item":"https:\/\/faravetrerie.it\/en\/shop-en\/"},{"@type":"ListItem","position":3,"name":"CALICE BACH GIN"}]},{"@type":"WebSite","@id":"https:\/\/faravetrerie.it\/en\/#website","url":"https:\/\/faravetrerie.it\/en\/","name":"Fara Vetrerie e Cristallerie","description":"","publisher":{"@id":"https:\/\/faravetrerie.it\/en\/#organization"},"potentialAction":[{"@type":"SearchAction","target":{"@type":"EntryPoint","urlTemplate":"https:\/\/faravetrerie.it\/en\/?s={search_term_string}"},"query-input":{"@type":"PropertyValueSpecification","valueRequired":true,"valueName":"search_term_string"}}],"inLanguage":"en-US"},{"@type":"Organization","@id":"https:\/\/faravetrerie.it\/en\/#organization","name":"Fara Vetrerie e Cristallerie","url":"https:\/\/faravetrerie.it\/en\/","logo":{"@type":"ImageObject","inLanguage":"en-US","@id":"https:\/\/faravetrerie.it\/en\/#\/schema\/logo\/image\/","url":"https:\/\/faravetrerie.it\/wp-content\/uploads\/2025\/12\/logo-fara-bianco.png","contentUrl":"https:\/\/faravetrerie.it\/wp-content\/uploads\/2025\/12\/logo-fara-bianco.png","width":2038,"height":2942,"caption":"Fara Vetrerie e Cristallerie"},"image":{"@id":"https:\/\/faravetrerie.it\/en\/#\/schema\/logo\/image\/"}}]}},"_links":{"self":[{"href":"https:\/\/faravetrerie.it\/en\/wp-json\/wp\/v2\/product\/25827","targetHints":{"allow":["GET"]}}],"collection":[{"href":"https:\/\/faravetrerie.it\/en\/wp-json\/wp\/v2\/product"}],"about":[{"href":"https:\/\/faravetrerie.it\/en\/wp-json\/wp\/v2\/types\/product"}],"wp:featuredmedia":[{"embeddable":true,"href":"https:\/\/faravetrerie.it\/en\/wp-json\/wp\/v2\/media\/23492"}],"wp:attachment":[{"href":"https:\/\/faravetrerie.it\/en\/wp-json\/wp\/v2\/media?parent=25827"}],"wp:term":[{"taxonomy":"product_brand","embeddable":true,"href":"https:\/\/faravetrerie.it\/en\/wp-json\/wp\/v2\/product_brand?post=25827"},{"taxonomy":"product_cat","embeddable":true,"href":"https:\/\/faravetrerie.it\/en\/wp-json\/wp\/v2\/product_cat?post=25827"},{"taxonomy":"product_tag","embeddable":true,"href":"https:\/\/faravetrerie.it\/en\/wp-json\/wp\/v2\/product_tag?post=25827"}],"curies":[{"name":"wp","href":"https:\/\/api.w.org\/{rel}","templated":true}]}}