{"id":25829,"date":"2025-12-23T16:43:39","date_gmt":"2025-12-23T15:43:39","guid":{"rendered":"https:\/\/sviluppo.faravetrerie.it\/blog\/?post_type=product&#038;p=25829"},"modified":"2026-01-28T15:44:50","modified_gmt":"2026-01-28T14:44:50","slug":"calice-bach-cocktail","status":"publish","type":"product","link":"https:\/\/faravetrerie.it\/en\/shop-en\/cocktails-en\/cocktail-glasses-and-chalices\/calice-bach-cocktail\/","title":{"rendered":"CALICE BACH COCKTAIL"},"content":{"rendered":"<article class=\"group\/turn w-full text-token-text-primary focus-visible:outline-2 focus-visible:outline-offset-[-4px]\" dir=\"auto\" data-testid=\"conversation-turn-40\" data-scroll-anchor=\"true\">\n<div class=\"text-base my-auto mx-auto py-[18px] px-6\">\n<div class=\"mx-auto flex flex-1 text-base gap-4 md:gap-5 lg:gap-6 md:max-w-3xl\">\n<div class=\"group\/conversation-turn relative flex w-full min-w-0 flex-col agent-turn @xs\/thread:px-0 @sm\/thread:px-1.5 @md\/thread:px-4\">\n<div class=\"flex-col gap-1 md:gap-3\">\n<div class=\"flex max-w-full flex-col flex-grow\">\n<div class=\"min-h-8 text-message relative flex w-full flex-col items-end gap-2 whitespace-normal break-words text-start [.text-message+&amp;]:mt-5\" dir=\"auto\" data-message-author-role=\"assistant\" data-message-id=\"50b7a57b-4f14-4661-8778-0c0aff0d62da\" data-message-model-slug=\"gpt-4o-mini\">\n<div class=\"flex w-full flex-col gap-1 empty:hidden first:pt-[3px]\">\n<div class=\"markdown prose w-full break-words dark:prose-invert light\">\n<h4 data-start=\"0\" data-end=\"93\"><strong data-start=\"0\" data-end=\"93\">Calice Bach Cocktail: Eleganza Retr\u00f2 per il Servizio dell&#8217;Assenzio e dei Cocktail<\/strong><\/h4>\n<h5 data-start=\"95\" data-end=\"135\"><strong data-start=\"95\" data-end=\"135\">Introduzione al Calice Bach Cocktail<\/strong><\/h5>\n<p class=\"\" data-start=\"137\" data-end=\"635\">Il Calice Bach Cocktail, ispirato ai bicchieri utilizzati all&#8217;inizio del &#8216;900 per il servizio dell&#8217;assenzio, \u00e8 un vero e proprio tributo alla tradizione del mixology. Realizzato in vetro sonoro superiore, questo calice combina la bellezza del passato con la qualit\u00e0 moderna, creando un bicchiere dal design unico e affascinante. Con la sua brillantezza straordinaria e il suo elegante profilo, il Calice Bach \u00e8 perfetto non solo per l&#8217;assenzio, ma anche per una vasta gamma di cocktail sofisticati.<\/p>\n<h5 data-start=\"637\" data-end=\"686\"><strong data-start=\"637\" data-end=\"686\">Design Ispirato alla Tradizione dell&#8217;Assenzio<\/strong><\/h5>\n<p class=\"\" data-start=\"688\" data-end=\"1159\">Il Calice Bach Cocktail trae ispirazione dai bicchieri tradizionali utilizzati nei primi anni del &#8216;900 per servire l&#8217;assenzio, una bevanda che all&#8217;epoca era simbolo di eleganza e mistero. Con la sua forma distintiva, il calice ricorda i tempi d&#8217;oro della Belle \u00c9poque, quando l&#8217;assenzio veniva servito in modo rituale, spesso accompagnato dalla famosa &#8220;lente&#8221; da assenzio. La sua silhouette raffinata \u00e8 perfetta per aggiungere un tocco vintage ed esclusivo a ogni evento.<\/p>\n<h5 data-start=\"1161\" data-end=\"1211\"><strong data-start=\"1161\" data-end=\"1211\">Vetro Sonoro Superiore: Brillantezza e Qualit\u00e0<\/strong><\/h5>\n<p class=\"\" data-start=\"1213\" data-end=\"1697\">Il Calice \u00e8 realizzato in vetro sonoro superiore, un materiale che garantisce una brillantezza eccezionale, rendendo ogni bicchiere visivamente straordinario. La qualit\u00e0 del vetro sonoro conferisce anche una resistenza maggiore, permettendo al calice di mantenere la sua lucentezza e integrit\u00e0 nel tempo, anche con un uso frequente. Questa qualit\u00e0 lo rende perfetto per l&#8217;uso nella ristorazione e per eventi eleganti, dove l\u2019estetica e la funzionalit\u00e0 sono fondamentali.<\/p>\n<h5 data-start=\"1699\" data-end=\"1742\"><strong data-start=\"1699\" data-end=\"1742\">Ideale per Assenzio e Cocktail Eleganti<\/strong><\/h5>\n<p class=\"\" data-start=\"1744\" data-end=\"2190\">Sebbene il Calice sia nato per il servizio dell&#8217;assenzio, grazie alla sua forma unica, si presta perfettamente anche per una variet\u00e0 di cocktail, dai pi\u00f9 classici ai pi\u00f9 innovativi. La sua capacit\u00e0 di concentrarsi sugli aromi e di accentuare i profumi rende questo calice ideale per tutte le bevande che richiedono un&#8217;attenzione particolare alla degustazione, come i cocktail a base di erbe, liquori aromatici o distillati pregiati.<\/p>\n<h5 data-start=\"2192\" data-end=\"2255\"><strong data-start=\"2192\" data-end=\"2255\">Conclusione: Un Calice Elegante per Ogni Occasione Speciale<\/strong><\/h5>\n<p class=\"\" data-start=\"2257\" data-end=\"2713\">Il Calice Bach Cocktail \u00e8 il bicchiere perfetto per chi cerca eleganza e storia in un unico prodotto. Ispirato ai bicchieri d&#8217;epoca e realizzato in vetro sonoro superiore, \u00e8 un vero e proprio pezzo d&#8217;arte da aggiungere alla tua collezione. Perfetto per servire l&#8217;assenzio con stile o per presentare cocktail sofisticati, il Calice Bach \u00e8 un accessorio che non pu\u00f2 mancare nei locali di classe, nei bar esclusivi e nelle case degli appassionati di mixology.<\/p>\n<\/div>\n<\/div>\n<\/div>\n<\/div>\n<\/div>\n<\/div>\n<\/div>\n<\/div>\n<\/article>\n","protected":false},"excerpt":{"rendered":"<p>Il calice multiuso da cocktail che si ispira a quelli usati ad inizio &#8216;900 per il servizio dell&#8217;assenzio. In vetro sonoro superiore di grande brillantezza<\/p>\n<p>cl. 25<\/p>\n<p>fl.oz. 8,8<\/p>\n<p>h. 175 mm.<\/p>\n<p>\u00d8 95 mm.<\/p>\n","protected":false},"featured_media":23494,"template":"","meta":{"inline_featured_image":false},"product_brand":[],"product_cat":[27,38],"product_tag":[936],"class_list":{"0":"post-25829","1":"product","2":"type-product","3":"status-publish","4":"has-post-thumbnail","6":"product_cat-cocktail","7":"product_cat-bicchieri-e-calici-cocktail","8":"product_tag-calice","10":"first","11":"instock","12":"taxable","13":"shipping-taxable","14":"product-type-simple"},"yoast_head":"<!-- This site is optimized with the Yoast SEO plugin v26.6 - https:\/\/yoast.com\/wordpress\/plugins\/seo\/ -->\n<title>CALICE BACH COCKTAIL - Fara Vetrerie e Cristallerie<\/title>\n<meta name=\"description\" content=\"Il calice bach cocktail che si ispira a quelli usati ad inizio &#039;900 per il servizio dell&#039;assenzio. In vetro sonoro superiore di grande brillantezza\" \/>\n<meta name=\"robots\" content=\"index, follow, max-snippet:-1, max-image-preview:large, max-video-preview:-1\" \/>\n<link rel=\"canonical\" href=\"https:\/\/faravetrerie.it\/en\/shop-en\/cocktails-en\/cocktail-glasses-and-chalices\/calice-bach-cocktail\/\" \/>\n<meta property=\"og:locale\" content=\"en_US\" \/>\n<meta property=\"og:type\" content=\"article\" \/>\n<meta property=\"og:title\" content=\"CALICE BACH COCKTAIL - Fara Vetrerie e Cristallerie\" \/>\n<meta property=\"og:description\" content=\"Il calice bach cocktail che si ispira a quelli usati ad inizio &#039;900 per il servizio dell&#039;assenzio. In vetro sonoro superiore di grande brillantezza\" \/>\n<meta property=\"og:url\" content=\"https:\/\/faravetrerie.it\/en\/shop-en\/cocktails-en\/cocktail-glasses-and-chalices\/calice-bach-cocktail\/\" \/>\n<meta property=\"og:site_name\" content=\"Fara Vetrerie e Cristallerie\" \/>\n<meta property=\"article:modified_time\" content=\"2026-01-28T14:44:50+00:00\" \/>\n<meta property=\"og:image\" content=\"https:\/\/faravetrerie.it\/wp-content\/uploads\/2025\/12\/BLBACH515_01-3.jpg\" \/>\n\t<meta property=\"og:image:width\" content=\"1100\" \/>\n\t<meta property=\"og:image:height\" content=\"1162\" \/>\n\t<meta property=\"og:image:type\" content=\"image\/jpeg\" \/>\n<meta name=\"twitter:card\" content=\"summary_large_image\" \/>\n<meta name=\"twitter:label1\" content=\"Est. reading time\" \/>\n\t<meta name=\"twitter:data1\" content=\"3 minutes\" \/>\n<script type=\"application\/ld+json\" class=\"yoast-schema-graph\">{\"@context\":\"https:\/\/schema.org\",\"@graph\":[{\"@type\":\"WebPage\",\"@id\":\"https:\/\/faravetrerie.it\/en\/shop-en\/cocktails-en\/cocktail-glasses-and-chalices\/calice-bach-cocktail\/\",\"url\":\"https:\/\/faravetrerie.it\/en\/shop-en\/cocktails-en\/cocktail-glasses-and-chalices\/calice-bach-cocktail\/\",\"name\":\"CALICE BACH COCKTAIL - Fara Vetrerie e Cristallerie\",\"isPartOf\":{\"@id\":\"https:\/\/faravetrerie.it\/en\/#website\"},\"primaryImageOfPage\":{\"@id\":\"https:\/\/faravetrerie.it\/en\/shop-en\/cocktails-en\/cocktail-glasses-and-chalices\/calice-bach-cocktail\/#primaryimage\"},\"image\":{\"@id\":\"https:\/\/faravetrerie.it\/en\/shop-en\/cocktails-en\/cocktail-glasses-and-chalices\/calice-bach-cocktail\/#primaryimage\"},\"thumbnailUrl\":\"https:\/\/faravetrerie.it\/wp-content\/uploads\/2025\/12\/BLBACH515_01-3.jpg\",\"datePublished\":\"2025-12-23T15:43:39+00:00\",\"dateModified\":\"2026-01-28T14:44:50+00:00\",\"description\":\"Il calice bach cocktail che si ispira a quelli usati ad inizio '900 per il servizio dell'assenzio. In vetro sonoro superiore di grande brillantezza\",\"breadcrumb\":{\"@id\":\"https:\/\/faravetrerie.it\/en\/shop-en\/cocktails-en\/cocktail-glasses-and-chalices\/calice-bach-cocktail\/#breadcrumb\"},\"inLanguage\":\"en-US\",\"potentialAction\":[{\"@type\":\"ReadAction\",\"target\":[\"https:\/\/faravetrerie.it\/en\/shop-en\/cocktails-en\/cocktail-glasses-and-chalices\/calice-bach-cocktail\/\"]}]},{\"@type\":\"ImageObject\",\"inLanguage\":\"en-US\",\"@id\":\"https:\/\/faravetrerie.it\/en\/shop-en\/cocktails-en\/cocktail-glasses-and-chalices\/calice-bach-cocktail\/#primaryimage\",\"url\":\"https:\/\/faravetrerie.it\/wp-content\/uploads\/2025\/12\/BLBACH515_01-3.jpg\",\"contentUrl\":\"https:\/\/faravetrerie.it\/wp-content\/uploads\/2025\/12\/BLBACH515_01-3.jpg\",\"width\":1100,\"height\":1162,\"caption\":\"Calice Bach Cocktail\"},{\"@type\":\"BreadcrumbList\",\"@id\":\"https:\/\/faravetrerie.it\/en\/shop-en\/cocktails-en\/cocktail-glasses-and-chalices\/calice-bach-cocktail\/#breadcrumb\",\"itemListElement\":[{\"@type\":\"ListItem\",\"position\":1,\"name\":\"Home\",\"item\":\"https:\/\/faravetrerie.it\/en\/\"},{\"@type\":\"ListItem\",\"position\":2,\"name\":\"Shop\",\"item\":\"https:\/\/faravetrerie.it\/en\/shop-en\/\"},{\"@type\":\"ListItem\",\"position\":3,\"name\":\"CALICE BACH COCKTAIL\"}]},{\"@type\":\"WebSite\",\"@id\":\"https:\/\/faravetrerie.it\/en\/#website\",\"url\":\"https:\/\/faravetrerie.it\/en\/\",\"name\":\"Fara Vetrerie e Cristallerie\",\"description\":\"\",\"publisher\":{\"@id\":\"https:\/\/faravetrerie.it\/en\/#organization\"},\"potentialAction\":[{\"@type\":\"SearchAction\",\"target\":{\"@type\":\"EntryPoint\",\"urlTemplate\":\"https:\/\/faravetrerie.it\/en\/?s={search_term_string}\"},\"query-input\":{\"@type\":\"PropertyValueSpecification\",\"valueRequired\":true,\"valueName\":\"search_term_string\"}}],\"inLanguage\":\"en-US\"},{\"@type\":\"Organization\",\"@id\":\"https:\/\/faravetrerie.it\/en\/#organization\",\"name\":\"Fara Vetrerie e Cristallerie\",\"url\":\"https:\/\/faravetrerie.it\/en\/\",\"logo\":{\"@type\":\"ImageObject\",\"inLanguage\":\"en-US\",\"@id\":\"https:\/\/faravetrerie.it\/en\/#\/schema\/logo\/image\/\",\"url\":\"https:\/\/faravetrerie.it\/wp-content\/uploads\/2025\/12\/logo-fara-bianco.png\",\"contentUrl\":\"https:\/\/faravetrerie.it\/wp-content\/uploads\/2025\/12\/logo-fara-bianco.png\",\"width\":2038,\"height\":2942,\"caption\":\"Fara Vetrerie e Cristallerie\"},\"image\":{\"@id\":\"https:\/\/faravetrerie.it\/en\/#\/schema\/logo\/image\/\"}}]}<\/script>\n<!-- \/ Yoast SEO plugin. -->","yoast_head_json":{"title":"CALICE BACH COCKTAIL - Fara Vetrerie e Cristallerie","description":"Il calice bach cocktail che si ispira a quelli usati ad inizio '900 per il servizio dell'assenzio. In vetro sonoro superiore di grande brillantezza","robots":{"index":"index","follow":"follow","max-snippet":"max-snippet:-1","max-image-preview":"max-image-preview:large","max-video-preview":"max-video-preview:-1"},"canonical":"https:\/\/faravetrerie.it\/en\/shop-en\/cocktails-en\/cocktail-glasses-and-chalices\/calice-bach-cocktail\/","og_locale":"en_US","og_type":"article","og_title":"CALICE BACH COCKTAIL - Fara Vetrerie e Cristallerie","og_description":"Il calice bach cocktail che si ispira a quelli usati ad inizio '900 per il servizio dell'assenzio. In vetro sonoro superiore di grande brillantezza","og_url":"https:\/\/faravetrerie.it\/en\/shop-en\/cocktails-en\/cocktail-glasses-and-chalices\/calice-bach-cocktail\/","og_site_name":"Fara Vetrerie e Cristallerie","article_modified_time":"2026-01-28T14:44:50+00:00","og_image":[{"width":1100,"height":1162,"url":"https:\/\/faravetrerie.it\/wp-content\/uploads\/2025\/12\/BLBACH515_01-3.jpg","type":"image\/jpeg"}],"twitter_card":"summary_large_image","twitter_misc":{"Est. reading time":"3 minutes"},"schema":{"@context":"https:\/\/schema.org","@graph":[{"@type":"WebPage","@id":"https:\/\/faravetrerie.it\/en\/shop-en\/cocktails-en\/cocktail-glasses-and-chalices\/calice-bach-cocktail\/","url":"https:\/\/faravetrerie.it\/en\/shop-en\/cocktails-en\/cocktail-glasses-and-chalices\/calice-bach-cocktail\/","name":"CALICE BACH COCKTAIL - Fara Vetrerie e Cristallerie","isPartOf":{"@id":"https:\/\/faravetrerie.it\/en\/#website"},"primaryImageOfPage":{"@id":"https:\/\/faravetrerie.it\/en\/shop-en\/cocktails-en\/cocktail-glasses-and-chalices\/calice-bach-cocktail\/#primaryimage"},"image":{"@id":"https:\/\/faravetrerie.it\/en\/shop-en\/cocktails-en\/cocktail-glasses-and-chalices\/calice-bach-cocktail\/#primaryimage"},"thumbnailUrl":"https:\/\/faravetrerie.it\/wp-content\/uploads\/2025\/12\/BLBACH515_01-3.jpg","datePublished":"2025-12-23T15:43:39+00:00","dateModified":"2026-01-28T14:44:50+00:00","description":"Il calice bach cocktail che si ispira a quelli usati ad inizio '900 per il servizio dell'assenzio. In vetro sonoro superiore di grande brillantezza","breadcrumb":{"@id":"https:\/\/faravetrerie.it\/en\/shop-en\/cocktails-en\/cocktail-glasses-and-chalices\/calice-bach-cocktail\/#breadcrumb"},"inLanguage":"en-US","potentialAction":[{"@type":"ReadAction","target":["https:\/\/faravetrerie.it\/en\/shop-en\/cocktails-en\/cocktail-glasses-and-chalices\/calice-bach-cocktail\/"]}]},{"@type":"ImageObject","inLanguage":"en-US","@id":"https:\/\/faravetrerie.it\/en\/shop-en\/cocktails-en\/cocktail-glasses-and-chalices\/calice-bach-cocktail\/#primaryimage","url":"https:\/\/faravetrerie.it\/wp-content\/uploads\/2025\/12\/BLBACH515_01-3.jpg","contentUrl":"https:\/\/faravetrerie.it\/wp-content\/uploads\/2025\/12\/BLBACH515_01-3.jpg","width":1100,"height":1162,"caption":"Calice Bach Cocktail"},{"@type":"BreadcrumbList","@id":"https:\/\/faravetrerie.it\/en\/shop-en\/cocktails-en\/cocktail-glasses-and-chalices\/calice-bach-cocktail\/#breadcrumb","itemListElement":[{"@type":"ListItem","position":1,"name":"Home","item":"https:\/\/faravetrerie.it\/en\/"},{"@type":"ListItem","position":2,"name":"Shop","item":"https:\/\/faravetrerie.it\/en\/shop-en\/"},{"@type":"ListItem","position":3,"name":"CALICE BACH COCKTAIL"}]},{"@type":"WebSite","@id":"https:\/\/faravetrerie.it\/en\/#website","url":"https:\/\/faravetrerie.it\/en\/","name":"Fara Vetrerie e Cristallerie","description":"","publisher":{"@id":"https:\/\/faravetrerie.it\/en\/#organization"},"potentialAction":[{"@type":"SearchAction","target":{"@type":"EntryPoint","urlTemplate":"https:\/\/faravetrerie.it\/en\/?s={search_term_string}"},"query-input":{"@type":"PropertyValueSpecification","valueRequired":true,"valueName":"search_term_string"}}],"inLanguage":"en-US"},{"@type":"Organization","@id":"https:\/\/faravetrerie.it\/en\/#organization","name":"Fara Vetrerie e Cristallerie","url":"https:\/\/faravetrerie.it\/en\/","logo":{"@type":"ImageObject","inLanguage":"en-US","@id":"https:\/\/faravetrerie.it\/en\/#\/schema\/logo\/image\/","url":"https:\/\/faravetrerie.it\/wp-content\/uploads\/2025\/12\/logo-fara-bianco.png","contentUrl":"https:\/\/faravetrerie.it\/wp-content\/uploads\/2025\/12\/logo-fara-bianco.png","width":2038,"height":2942,"caption":"Fara Vetrerie e Cristallerie"},"image":{"@id":"https:\/\/faravetrerie.it\/en\/#\/schema\/logo\/image\/"}}]}},"_links":{"self":[{"href":"https:\/\/faravetrerie.it\/en\/wp-json\/wp\/v2\/product\/25829","targetHints":{"allow":["GET"]}}],"collection":[{"href":"https:\/\/faravetrerie.it\/en\/wp-json\/wp\/v2\/product"}],"about":[{"href":"https:\/\/faravetrerie.it\/en\/wp-json\/wp\/v2\/types\/product"}],"wp:featuredmedia":[{"embeddable":true,"href":"https:\/\/faravetrerie.it\/en\/wp-json\/wp\/v2\/media\/23494"}],"wp:attachment":[{"href":"https:\/\/faravetrerie.it\/en\/wp-json\/wp\/v2\/media?parent=25829"}],"wp:term":[{"taxonomy":"product_brand","embeddable":true,"href":"https:\/\/faravetrerie.it\/en\/wp-json\/wp\/v2\/product_brand?post=25829"},{"taxonomy":"product_cat","embeddable":true,"href":"https:\/\/faravetrerie.it\/en\/wp-json\/wp\/v2\/product_cat?post=25829"},{"taxonomy":"product_tag","embeddable":true,"href":"https:\/\/faravetrerie.it\/en\/wp-json\/wp\/v2\/product_tag?post=25829"}],"curies":[{"name":"wp","href":"https:\/\/api.w.org\/{rel}","templated":true}]}}