{"id":25834,"date":"2025-12-23T16:43:40","date_gmt":"2025-12-23T15:43:40","guid":{"rendered":"https:\/\/sviluppo.faravetrerie.it\/blog\/?post_type=product&#038;p=25834"},"modified":"2026-01-28T11:15:14","modified_gmt":"2026-01-28T10:15:14","slug":"flute-super-prosecco","status":"publish","type":"product","link":"https:\/\/faravetrerie.it\/en\/shop-en\/cocktails-en\/cocktail-glasses-and-chalices\/flute-super-prosecco\/","title":{"rendered":"FLUTE SUPER PROSECCO"},"content":{"rendered":"<article class=\"group\/turn w-full text-token-text-primary focus-visible:outline-2 focus-visible:outline-offset-[-4px]\" dir=\"auto\" data-testid=\"conversation-turn-76\" data-scroll-anchor=\"true\">\n<div class=\"text-base my-auto mx-auto py-[18px] px-6\">\n<div class=\"mx-auto flex flex-1 text-base gap-4 md:gap-5 lg:gap-6 md:max-w-3xl\">\n<div class=\"group\/conversation-turn relative flex w-full min-w-0 flex-col agent-turn @xs\/thread:px-0 @sm\/thread:px-1.5 @md\/thread:px-4\">\n<div class=\"flex-col gap-1 md:gap-3\">\n<div class=\"flex max-w-full flex-col flex-grow\">\n<div class=\"min-h-8 text-message relative flex w-full flex-col items-end gap-2 whitespace-normal break-words text-start [.text-message+&amp;]:mt-5\" dir=\"auto\" data-message-author-role=\"assistant\" data-message-id=\"ceb0ee0e-98a6-4c72-b956-9029591a944d\" data-message-model-slug=\"gpt-4o-mini\">\n<div class=\"flex w-full flex-col gap-1 empty:hidden first:pt-[3px]\">\n<div class=\"markdown prose w-full break-words dark:prose-invert light\">\n<h4 data-start=\"0\" data-end=\"85\"><strong data-start=\"0\" data-end=\"85\">Flute Super Prosecco: Eleganza e Funzionalit\u00e0 per Ogni Occasione Speciale<\/strong><\/h4>\n<p class=\"\" data-start=\"129\" data-end=\"631\">Il Flute Super Prosecco \u00e8 la scelta ideale per chi cerca un bicchiere slanciato ed elegante, progettato per esaltare le caratteristiche uniche del Prosecco e di altri spumanti. Con il suo design raffinato e il contenuto intelligente, questo flute \u00e8 pensato per un uso professionale nella ristorazione e durante le cerimonie. Perfetto per eventi speciali e brindisi eleganti, il Flute Super Prosecco offre un&#8217;esperienza di servizio che unisce eleganza e funzionalit\u00e0.<\/p>\n<h5 data-start=\"633\" data-end=\"664\">Design Elegante e Slanciato<\/h5>\n<p class=\"\" data-start=\"666\" data-end=\"1266\">Il Flute Super Prosecco si distingue per la sua forma slanciata e il collo sottile, progettato per mantenere intatto il perlage e per esaltare le bollicine degli spumanti e del Prosecco. La sua linea elegante lo rende ideale per un servizio impeccabile, aggiungendo un tocco di raffinatezza a qualsiasi occasione, sia che si tratti di un banchetto nuziale, una cerimonia speciale o di un semplice brindisi tra amici. Il flute \u00e8 la scelta perfetta per chi vuole servire il proprio spumante con un bicchiere che ne esalta la bellezza e le caratteristiche organolettiche.<\/p>\n<h5 data-start=\"1268\" data-end=\"1324\">Contenuto Intelligente per il Servizio Professionale<\/h5>\n<p class=\"\" data-start=\"1326\" data-end=\"1855\">Il Flute \u00e8 progettato con un contenuto intelligente, pensato per garantire una perfetta degustazione del Prosecco. Il suo design funzionale consente di mantenere le bollicine vivaci pi\u00f9 a lungo, facendo s\u00ec che ogni sorso sia fresco e frizzante. Grazie alla sua forma, il flute aiuta a concentrare gli aromi, permettendo di apprezzare appieno le sfumature olfattive del vino spumante. Questo lo rende un bicchiere ideale per un servizio professionale in ristoranti, bar e durante eventi formali.<\/p>\n<h5 data-start=\"1857\" data-end=\"1902\">Adatto per la Ristorazione e le Cerimonie<\/h5>\n<p class=\"\" data-start=\"1904\" data-end=\"2429\">Il Flute Super Prosecco \u00e8 perfetto per un uso intenso nella ristorazione. Realizzato in vetro resistente, \u00e8 pensato per affrontare l&#8217;uso frequente senza perdere la sua brillantezza e la sua eleganza. Che si tratti di ristoranti di alta classe, hotel di lusso, banchetti nuziali o cerimonie eleganti, questo flute aggiunge un tocco di stile e perfezione al servizio. Facile da maneggiare e da pulire, \u00e8 ideale anche per ambienti professionali dove la qualit\u00e0 e la funzionalit\u00e0 sono imprescindibili.<\/p>\n<h5 data-start=\"2431\" data-end=\"2491\">Conclusione: Il Bicchiere Perfetto per Brindisi Eleganti<\/h5>\n<p class=\"\" data-start=\"2493\" data-end=\"2998\">Il Flute Super Prosecco \u00e8 il bicchiere perfetto per chi cerca eleganza, praticit\u00e0 e performance nel servire Prosecco e spumanti. Il suo design slanciato e il contenuto intelligente ne fanno una scelta ideale per il servizio professionale, tanto in ristoranti quanto in cerimonie eleganti. Con il suo equilibrio tra estetica e funzionalit\u00e0, il Flute Super Prosecco \u00e8 un accessorio indispensabile per ogni occasione speciale, garantendo un&#8217;esperienza di brindisi impeccabile.<\/p>\n<\/div>\n<\/div>\n<\/div>\n<\/div>\n<\/div>\n<\/div>\n<\/div>\n<\/div>\n<\/article>\n","protected":false},"excerpt":{"rendered":"<p>Il flute da prosecco slanciato ed elegante con il contenuto intelligente per il servizio professionale nella ristorazione e nelle cerimonie<\/p>\n<p>cl. 20<\/p>\n<p>fl.oz. 7,04<\/p>\n<p>h. 243 mm.<\/p>\n<p>\u00d8 70 mm.<\/p>\n<p>&nbsp;<\/p>\n","protected":false},"featured_media":23499,"template":"","meta":{"inline_featured_image":false},"product_brand":[],"product_cat":[38],"product_tag":[902],"class_list":{"0":"post-25834","1":"product","2":"type-product","3":"status-publish","4":"has-post-thumbnail","6":"product_cat-bicchieri-e-calici-cocktail","7":"product_tag-flute","9":"first","10":"instock","11":"taxable","12":"shipping-taxable","13":"product-type-simple"},"yoast_head":"<!-- This site is optimized with the Yoast SEO plugin v26.6 - https:\/\/yoast.com\/wordpress\/plugins\/seo\/ -->\n<title>FLUTE SUPER PROSECCO - Fara Vetrerie e Cristallerie<\/title>\n<meta name=\"description\" content=\"Il flute super prosecco slanciato ed elegante con il contenuto intelligente per il servizio professionale nella ristorazione e nelle cerimonie\" \/>\n<meta name=\"robots\" content=\"index, follow, max-snippet:-1, max-image-preview:large, max-video-preview:-1\" \/>\n<link rel=\"canonical\" href=\"https:\/\/faravetrerie.it\/en\/shop-en\/cocktails-en\/cocktail-glasses-and-chalices\/flute-super-prosecco\/\" \/>\n<meta property=\"og:locale\" content=\"en_US\" \/>\n<meta property=\"og:type\" content=\"article\" \/>\n<meta property=\"og:title\" content=\"FLUTE SUPER PROSECCO - Fara Vetrerie e Cristallerie\" \/>\n<meta property=\"og:description\" content=\"Il flute super prosecco slanciato ed elegante con il contenuto intelligente per il servizio professionale nella ristorazione e nelle cerimonie\" \/>\n<meta property=\"og:url\" content=\"https:\/\/faravetrerie.it\/en\/shop-en\/cocktails-en\/cocktail-glasses-and-chalices\/flute-super-prosecco\/\" \/>\n<meta property=\"og:site_name\" content=\"Fara Vetrerie e Cristallerie\" \/>\n<meta property=\"article:modified_time\" content=\"2026-01-28T10:15:14+00:00\" \/>\n<meta property=\"og:image\" content=\"https:\/\/faravetrerie.it\/wp-content\/uploads\/2025\/12\/BLPRO130_1-3.jpg\" \/>\n\t<meta property=\"og:image:width\" content=\"1251\" \/>\n\t<meta property=\"og:image:height\" content=\"1359\" \/>\n\t<meta property=\"og:image:type\" content=\"image\/jpeg\" \/>\n<meta name=\"twitter:card\" content=\"summary_large_image\" \/>\n<meta name=\"twitter:label1\" content=\"Est. reading time\" \/>\n\t<meta name=\"twitter:data1\" content=\"3 minutes\" \/>\n<script type=\"application\/ld+json\" class=\"yoast-schema-graph\">{\"@context\":\"https:\/\/schema.org\",\"@graph\":[{\"@type\":\"WebPage\",\"@id\":\"https:\/\/faravetrerie.it\/en\/shop-en\/cocktails-en\/cocktail-glasses-and-chalices\/flute-super-prosecco\/\",\"url\":\"https:\/\/faravetrerie.it\/en\/shop-en\/cocktails-en\/cocktail-glasses-and-chalices\/flute-super-prosecco\/\",\"name\":\"FLUTE SUPER PROSECCO - Fara Vetrerie e Cristallerie\",\"isPartOf\":{\"@id\":\"https:\/\/faravetrerie.it\/en\/#website\"},\"primaryImageOfPage\":{\"@id\":\"https:\/\/faravetrerie.it\/en\/shop-en\/cocktails-en\/cocktail-glasses-and-chalices\/flute-super-prosecco\/#primaryimage\"},\"image\":{\"@id\":\"https:\/\/faravetrerie.it\/en\/shop-en\/cocktails-en\/cocktail-glasses-and-chalices\/flute-super-prosecco\/#primaryimage\"},\"thumbnailUrl\":\"https:\/\/faravetrerie.it\/wp-content\/uploads\/2025\/12\/BLPRO130_1-3.jpg\",\"datePublished\":\"2025-12-23T15:43:40+00:00\",\"dateModified\":\"2026-01-28T10:15:14+00:00\",\"description\":\"Il flute super prosecco slanciato ed elegante con il contenuto intelligente per il servizio professionale nella ristorazione e nelle cerimonie\",\"breadcrumb\":{\"@id\":\"https:\/\/faravetrerie.it\/en\/shop-en\/cocktails-en\/cocktail-glasses-and-chalices\/flute-super-prosecco\/#breadcrumb\"},\"inLanguage\":\"en-US\",\"potentialAction\":[{\"@type\":\"ReadAction\",\"target\":[\"https:\/\/faravetrerie.it\/en\/shop-en\/cocktails-en\/cocktail-glasses-and-chalices\/flute-super-prosecco\/\"]}]},{\"@type\":\"ImageObject\",\"inLanguage\":\"en-US\",\"@id\":\"https:\/\/faravetrerie.it\/en\/shop-en\/cocktails-en\/cocktail-glasses-and-chalices\/flute-super-prosecco\/#primaryimage\",\"url\":\"https:\/\/faravetrerie.it\/wp-content\/uploads\/2025\/12\/BLPRO130_1-3.jpg\",\"contentUrl\":\"https:\/\/faravetrerie.it\/wp-content\/uploads\/2025\/12\/BLPRO130_1-3.jpg\",\"width\":1251,\"height\":1359,\"caption\":\"Flute Super Prosecco\"},{\"@type\":\"BreadcrumbList\",\"@id\":\"https:\/\/faravetrerie.it\/en\/shop-en\/cocktails-en\/cocktail-glasses-and-chalices\/flute-super-prosecco\/#breadcrumb\",\"itemListElement\":[{\"@type\":\"ListItem\",\"position\":1,\"name\":\"Home\",\"item\":\"https:\/\/faravetrerie.it\/en\/\"},{\"@type\":\"ListItem\",\"position\":2,\"name\":\"Shop\",\"item\":\"https:\/\/faravetrerie.it\/en\/shop-en\/\"},{\"@type\":\"ListItem\",\"position\":3,\"name\":\"FLUTE SUPER PROSECCO\"}]},{\"@type\":\"WebSite\",\"@id\":\"https:\/\/faravetrerie.it\/en\/#website\",\"url\":\"https:\/\/faravetrerie.it\/en\/\",\"name\":\"Fara Vetrerie e Cristallerie\",\"description\":\"\",\"publisher\":{\"@id\":\"https:\/\/faravetrerie.it\/en\/#organization\"},\"potentialAction\":[{\"@type\":\"SearchAction\",\"target\":{\"@type\":\"EntryPoint\",\"urlTemplate\":\"https:\/\/faravetrerie.it\/en\/?s={search_term_string}\"},\"query-input\":{\"@type\":\"PropertyValueSpecification\",\"valueRequired\":true,\"valueName\":\"search_term_string\"}}],\"inLanguage\":\"en-US\"},{\"@type\":\"Organization\",\"@id\":\"https:\/\/faravetrerie.it\/en\/#organization\",\"name\":\"Fara Vetrerie e Cristallerie\",\"url\":\"https:\/\/faravetrerie.it\/en\/\",\"logo\":{\"@type\":\"ImageObject\",\"inLanguage\":\"en-US\",\"@id\":\"https:\/\/faravetrerie.it\/en\/#\/schema\/logo\/image\/\",\"url\":\"https:\/\/faravetrerie.it\/wp-content\/uploads\/2025\/12\/logo-fara-bianco.png\",\"contentUrl\":\"https:\/\/faravetrerie.it\/wp-content\/uploads\/2025\/12\/logo-fara-bianco.png\",\"width\":2038,\"height\":2942,\"caption\":\"Fara Vetrerie e Cristallerie\"},\"image\":{\"@id\":\"https:\/\/faravetrerie.it\/en\/#\/schema\/logo\/image\/\"}}]}<\/script>\n<!-- \/ Yoast SEO plugin. -->","yoast_head_json":{"title":"FLUTE SUPER PROSECCO - Fara Vetrerie e Cristallerie","description":"Il flute super prosecco slanciato ed elegante con il contenuto intelligente per il servizio professionale nella ristorazione e nelle cerimonie","robots":{"index":"index","follow":"follow","max-snippet":"max-snippet:-1","max-image-preview":"max-image-preview:large","max-video-preview":"max-video-preview:-1"},"canonical":"https:\/\/faravetrerie.it\/en\/shop-en\/cocktails-en\/cocktail-glasses-and-chalices\/flute-super-prosecco\/","og_locale":"en_US","og_type":"article","og_title":"FLUTE SUPER PROSECCO - Fara Vetrerie e Cristallerie","og_description":"Il flute super prosecco slanciato ed elegante con il contenuto intelligente per il servizio professionale nella ristorazione e nelle cerimonie","og_url":"https:\/\/faravetrerie.it\/en\/shop-en\/cocktails-en\/cocktail-glasses-and-chalices\/flute-super-prosecco\/","og_site_name":"Fara Vetrerie e Cristallerie","article_modified_time":"2026-01-28T10:15:14+00:00","og_image":[{"width":1251,"height":1359,"url":"https:\/\/faravetrerie.it\/wp-content\/uploads\/2025\/12\/BLPRO130_1-3.jpg","type":"image\/jpeg"}],"twitter_card":"summary_large_image","twitter_misc":{"Est. reading time":"3 minutes"},"schema":{"@context":"https:\/\/schema.org","@graph":[{"@type":"WebPage","@id":"https:\/\/faravetrerie.it\/en\/shop-en\/cocktails-en\/cocktail-glasses-and-chalices\/flute-super-prosecco\/","url":"https:\/\/faravetrerie.it\/en\/shop-en\/cocktails-en\/cocktail-glasses-and-chalices\/flute-super-prosecco\/","name":"FLUTE SUPER PROSECCO - Fara Vetrerie e Cristallerie","isPartOf":{"@id":"https:\/\/faravetrerie.it\/en\/#website"},"primaryImageOfPage":{"@id":"https:\/\/faravetrerie.it\/en\/shop-en\/cocktails-en\/cocktail-glasses-and-chalices\/flute-super-prosecco\/#primaryimage"},"image":{"@id":"https:\/\/faravetrerie.it\/en\/shop-en\/cocktails-en\/cocktail-glasses-and-chalices\/flute-super-prosecco\/#primaryimage"},"thumbnailUrl":"https:\/\/faravetrerie.it\/wp-content\/uploads\/2025\/12\/BLPRO130_1-3.jpg","datePublished":"2025-12-23T15:43:40+00:00","dateModified":"2026-01-28T10:15:14+00:00","description":"Il flute super prosecco slanciato ed elegante con il contenuto intelligente per il servizio professionale nella ristorazione e nelle cerimonie","breadcrumb":{"@id":"https:\/\/faravetrerie.it\/en\/shop-en\/cocktails-en\/cocktail-glasses-and-chalices\/flute-super-prosecco\/#breadcrumb"},"inLanguage":"en-US","potentialAction":[{"@type":"ReadAction","target":["https:\/\/faravetrerie.it\/en\/shop-en\/cocktails-en\/cocktail-glasses-and-chalices\/flute-super-prosecco\/"]}]},{"@type":"ImageObject","inLanguage":"en-US","@id":"https:\/\/faravetrerie.it\/en\/shop-en\/cocktails-en\/cocktail-glasses-and-chalices\/flute-super-prosecco\/#primaryimage","url":"https:\/\/faravetrerie.it\/wp-content\/uploads\/2025\/12\/BLPRO130_1-3.jpg","contentUrl":"https:\/\/faravetrerie.it\/wp-content\/uploads\/2025\/12\/BLPRO130_1-3.jpg","width":1251,"height":1359,"caption":"Flute Super Prosecco"},{"@type":"BreadcrumbList","@id":"https:\/\/faravetrerie.it\/en\/shop-en\/cocktails-en\/cocktail-glasses-and-chalices\/flute-super-prosecco\/#breadcrumb","itemListElement":[{"@type":"ListItem","position":1,"name":"Home","item":"https:\/\/faravetrerie.it\/en\/"},{"@type":"ListItem","position":2,"name":"Shop","item":"https:\/\/faravetrerie.it\/en\/shop-en\/"},{"@type":"ListItem","position":3,"name":"FLUTE SUPER PROSECCO"}]},{"@type":"WebSite","@id":"https:\/\/faravetrerie.it\/en\/#website","url":"https:\/\/faravetrerie.it\/en\/","name":"Fara Vetrerie e Cristallerie","description":"","publisher":{"@id":"https:\/\/faravetrerie.it\/en\/#organization"},"potentialAction":[{"@type":"SearchAction","target":{"@type":"EntryPoint","urlTemplate":"https:\/\/faravetrerie.it\/en\/?s={search_term_string}"},"query-input":{"@type":"PropertyValueSpecification","valueRequired":true,"valueName":"search_term_string"}}],"inLanguage":"en-US"},{"@type":"Organization","@id":"https:\/\/faravetrerie.it\/en\/#organization","name":"Fara Vetrerie e Cristallerie","url":"https:\/\/faravetrerie.it\/en\/","logo":{"@type":"ImageObject","inLanguage":"en-US","@id":"https:\/\/faravetrerie.it\/en\/#\/schema\/logo\/image\/","url":"https:\/\/faravetrerie.it\/wp-content\/uploads\/2025\/12\/logo-fara-bianco.png","contentUrl":"https:\/\/faravetrerie.it\/wp-content\/uploads\/2025\/12\/logo-fara-bianco.png","width":2038,"height":2942,"caption":"Fara Vetrerie e Cristallerie"},"image":{"@id":"https:\/\/faravetrerie.it\/en\/#\/schema\/logo\/image\/"}}]}},"_links":{"self":[{"href":"https:\/\/faravetrerie.it\/en\/wp-json\/wp\/v2\/product\/25834","targetHints":{"allow":["GET"]}}],"collection":[{"href":"https:\/\/faravetrerie.it\/en\/wp-json\/wp\/v2\/product"}],"about":[{"href":"https:\/\/faravetrerie.it\/en\/wp-json\/wp\/v2\/types\/product"}],"wp:featuredmedia":[{"embeddable":true,"href":"https:\/\/faravetrerie.it\/en\/wp-json\/wp\/v2\/media\/23499"}],"wp:attachment":[{"href":"https:\/\/faravetrerie.it\/en\/wp-json\/wp\/v2\/media?parent=25834"}],"wp:term":[{"taxonomy":"product_brand","embeddable":true,"href":"https:\/\/faravetrerie.it\/en\/wp-json\/wp\/v2\/product_brand?post=25834"},{"taxonomy":"product_cat","embeddable":true,"href":"https:\/\/faravetrerie.it\/en\/wp-json\/wp\/v2\/product_cat?post=25834"},{"taxonomy":"product_tag","embeddable":true,"href":"https:\/\/faravetrerie.it\/en\/wp-json\/wp\/v2\/product_tag?post=25834"}],"curies":[{"name":"wp","href":"https:\/\/api.w.org\/{rel}","templated":true}]}}