{"id":25836,"date":"2025-12-23T16:43:40","date_gmt":"2025-12-23T15:43:40","guid":{"rendered":"https:\/\/sviluppo.faravetrerie.it\/blog\/?post_type=product&#038;p=25836"},"modified":"2026-01-28T11:22:30","modified_gmt":"2026-01-28T10:22:30","slug":"bicchiere-roma-1960-acqua","status":"publish","type":"product","link":"https:\/\/faravetrerie.it\/en\/shop-en\/cocktails-en\/cocktail-glasses-and-chalices\/bicchiere-roma-1960-acqua\/","title":{"rendered":"BICCHIERE ROMA 1960 ACQUA"},"content":{"rendered":"<article class=\"group\/turn w-full text-token-text-primary focus-visible:outline-2 focus-visible:outline-offset-[-4px]\" dir=\"auto\" data-testid=\"conversation-turn-46\" data-scroll-anchor=\"true\">\n<div class=\"text-base my-auto mx-auto py-[18px] px-6\">\n<div class=\"mx-auto flex flex-1 text-base gap-4 md:gap-5 lg:gap-6 md:max-w-3xl\">\n<div class=\"group\/conversation-turn relative flex w-full min-w-0 flex-col agent-turn @xs\/thread:px-0 @sm\/thread:px-1.5 @md\/thread:px-4\">\n<div class=\"flex-col gap-1 md:gap-3\">\n<div class=\"flex max-w-full flex-col flex-grow\">\n<div class=\"min-h-8 text-message relative flex w-full flex-col items-end gap-2 whitespace-normal break-words text-start [.text-message+&amp;]:mt-5\" dir=\"auto\" data-message-author-role=\"assistant\" data-message-id=\"f4ec706b-4c16-4f41-8a84-e5a87b78c7e5\" data-message-model-slug=\"gpt-4o-mini\">\n<div class=\"flex w-full flex-col gap-1 empty:hidden first:pt-[3px]\">\n<div class=\"markdown prose w-full break-words dark:prose-invert light\">\n<h4 data-start=\"0\" data-end=\"70\"><strong data-start=\"0\" data-end=\"70\">Bicchiere Roma 1960 Acqua: Eleganza Retr\u00f2 per Ogni Bevanda<\/strong><\/h4>\n<p class=\"\" data-start=\"119\" data-end=\"607\">Il Bicchiere Roma 1960 Acqua, ispirato ai classici bicchieri degli anni &#8217;60, riporta alla mente le atmosfere glamour della Dolce Vita romana. Con il suo design distintivo, questo tumbler old fashion \u00e8 la scelta ideale per servire acqua, ma anche per una variet\u00e0 di altre bevande, dal whisky ai cocktail, in modo elegante e raffinato. Ogni dettaglio di questo bicchiere \u00e8 pensato per evocare il fascino senza tempo degli anni passati, rendendolo un pezzo unico per ogni tavola.<\/p>\n<h5 data-start=\"609\" data-end=\"662\">Design Anni &#8217;60: Un Tuffo nella Dolce Vita Romana<\/h5>\n<p class=\"\" data-start=\"664\" data-end=\"1177\">Il Bicchiere Roma 1960 Acqua si distingue per la sua silhouette classica, che richiama lo stile iconico degli anni &#8217;60, quando Roma era il centro del mondo e la &#8220;Dolce Vita&#8221; regnava. Il suo design old fashion, con il bordo solido e la base spessa, lo rende perfetto per servire sia bevande fredde che liquori, facendo risaltare la bellezza della bevanda stessa. Il bicchiere \u00e8 una vera e propria celebrazione del glamour e dello stile di vita di quegli anni, con una forma che unisce estetica e praticit\u00e0.<\/p>\n<h5 data-start=\"1179\" data-end=\"1217\">Un Tumbler Perfetto per le Bevande<\/h5>\n<p class=\"\" data-start=\"1219\" data-end=\"1667\">Il Bicchiere\u00a0\u00e8 ideale per servire acqua, ma la sua versatilit\u00e0 lo rende perfetto anche per altri tipi di bevande. Che si tratti di cocktail classici, whisky o semplicemente un drink rinfrescante, questo tumbler old fashion esalta ogni momento di degustazione. La sua forma e il materiale di alta qualit\u00e0 permettono una presa comoda, rendendolo funzionale e elegante, sia per un uso quotidiano che per occasioni speciali.<\/p>\n<h5 data-start=\"1669\" data-end=\"1713\">Materiali di Alta Qualit\u00e0 e Funzionalit\u00e0<\/h5>\n<p class=\"\" data-start=\"1715\" data-end=\"2160\">Realizzato con materiali di alta qualit\u00e0, il Bicchiere Roma 1960 Acqua \u00e8 progettato per garantire durata e resistenza, pur mantenendo una lucentezza che non svanisce nel tempo. Grazie alla sua robustezza, \u00e8 perfetto per l\u2019uso sia in casa che nei locali professionali, come ristoranti, bar e hotel. La sua praticit\u00e0 si sposa perfettamente con il design elegante, offrendo una soluzione ideale per chi cerca un bicchiere versatile e raffinato.<\/p>\n<h5 data-start=\"2162\" data-end=\"2219\">Conclusione: Un Bicchiere Elegante per Ogni Occasione<\/h5>\n<p class=\"\" data-start=\"2221\" data-end=\"2735\">Il Bicchiere Roma 1960 Acqua \u00e8 molto pi\u00f9 di un semplice bicchiere: \u00e8 un pezzo di storia, un richiamo alla Dolce Vita romana, che arricchisce ogni momento con la sua eleganza senza tempo. Perfetto per l&#8217;acqua, ma anche ideale per altre bevande, \u00e8 l&#8217;accessorio perfetto per ogni tavola. Che tu stia organizzando una cena elegante o semplicemente voglia aggiungere un tocco di classe alla tua quotidianit\u00e0, il Bicchiere Roma 1960 Acqua \u00e8 un must-have per ogni amante del buon bere e dello stile raffinato.<\/p>\n<\/div>\n<\/div>\n<\/div>\n<\/div>\n<\/div>\n<\/div>\n<\/div>\n<\/div>\n<\/article>\n","protected":false},"excerpt":{"rendered":"<p>Ispirato ai classici bicchieri anni &#8217;60 questa linea ci riporta alle atmosfere della dolce vita romana. Il tumbler old fashion \u00e8 ideale per le bevande con ghiaccio o i tuoi cocktail<\/p>\n<p>cl. 30<\/p>\n<p>fl.oz. 10,56<\/p>\n<p>h. 84 mm.<\/p>\n<p>\u00d8 80 mm.<\/p>\n","protected":false},"featured_media":23501,"template":"","meta":{"inline_featured_image":false},"product_brand":[],"product_cat":[27,38],"product_tag":[942],"class_list":{"0":"post-25836","1":"product","2":"type-product","3":"status-publish","4":"has-post-thumbnail","6":"product_cat-cocktail","7":"product_cat-bicchieri-e-calici-cocktail","8":"product_tag-bicchiere","10":"first","11":"instock","12":"taxable","13":"shipping-taxable","14":"product-type-simple"},"yoast_head":"<!-- This site is optimized with the Yoast SEO plugin v26.6 - https:\/\/yoast.com\/wordpress\/plugins\/seo\/ -->\n<title>BICCHIERE ROMA 1960 ACQUA - Fara Vetrerie e Cristallerie<\/title>\n<meta name=\"description\" content=\"bicchiere roma 1960 acqua Ispirato ai classici bicchieri anni &#039;60 questa linea ci riporta alle atmosfere della dolce vita romana.\" \/>\n<meta name=\"robots\" content=\"index, follow, max-snippet:-1, max-image-preview:large, max-video-preview:-1\" \/>\n<link rel=\"canonical\" href=\"https:\/\/faravetrerie.it\/en\/shop-en\/cocktails-en\/cocktail-glasses-and-chalices\/bicchiere-roma-1960-acqua\/\" \/>\n<meta property=\"og:locale\" content=\"en_US\" \/>\n<meta property=\"og:type\" content=\"article\" \/>\n<meta property=\"og:title\" content=\"BICCHIERE ROMA 1960 ACQUA - Fara Vetrerie e Cristallerie\" \/>\n<meta property=\"og:description\" content=\"bicchiere roma 1960 acqua Ispirato ai classici bicchieri anni &#039;60 questa linea ci riporta alle atmosfere della dolce vita romana.\" \/>\n<meta property=\"og:url\" content=\"https:\/\/faravetrerie.it\/en\/shop-en\/cocktails-en\/cocktail-glasses-and-chalices\/bicchiere-roma-1960-acqua\/\" \/>\n<meta property=\"og:site_name\" content=\"Fara Vetrerie e Cristallerie\" \/>\n<meta property=\"article:modified_time\" content=\"2026-01-28T10:22:30+00:00\" \/>\n<meta property=\"og:image\" content=\"https:\/\/faravetrerie.it\/wp-content\/uploads\/2025\/12\/BLROM30A-3.jpg\" \/>\n\t<meta property=\"og:image:width\" content=\"945\" \/>\n\t<meta property=\"og:image:height\" content=\"945\" \/>\n\t<meta property=\"og:image:type\" content=\"image\/jpeg\" \/>\n<meta name=\"twitter:card\" content=\"summary_large_image\" \/>\n<meta name=\"twitter:label1\" content=\"Est. reading time\" \/>\n\t<meta name=\"twitter:data1\" content=\"3 minutes\" \/>\n<script type=\"application\/ld+json\" class=\"yoast-schema-graph\">{\"@context\":\"https:\/\/schema.org\",\"@graph\":[{\"@type\":\"WebPage\",\"@id\":\"https:\/\/faravetrerie.it\/en\/shop-en\/cocktails-en\/cocktail-glasses-and-chalices\/bicchiere-roma-1960-acqua\/\",\"url\":\"https:\/\/faravetrerie.it\/en\/shop-en\/cocktails-en\/cocktail-glasses-and-chalices\/bicchiere-roma-1960-acqua\/\",\"name\":\"BICCHIERE ROMA 1960 ACQUA - Fara Vetrerie e Cristallerie\",\"isPartOf\":{\"@id\":\"https:\/\/faravetrerie.it\/en\/#website\"},\"primaryImageOfPage\":{\"@id\":\"https:\/\/faravetrerie.it\/en\/shop-en\/cocktails-en\/cocktail-glasses-and-chalices\/bicchiere-roma-1960-acqua\/#primaryimage\"},\"image\":{\"@id\":\"https:\/\/faravetrerie.it\/en\/shop-en\/cocktails-en\/cocktail-glasses-and-chalices\/bicchiere-roma-1960-acqua\/#primaryimage\"},\"thumbnailUrl\":\"https:\/\/faravetrerie.it\/wp-content\/uploads\/2025\/12\/BLROM30A-3.jpg\",\"datePublished\":\"2025-12-23T15:43:40+00:00\",\"dateModified\":\"2026-01-28T10:22:30+00:00\",\"description\":\"bicchiere roma 1960 acqua Ispirato ai classici bicchieri anni '60 questa linea ci riporta alle atmosfere della dolce vita romana.\",\"breadcrumb\":{\"@id\":\"https:\/\/faravetrerie.it\/en\/shop-en\/cocktails-en\/cocktail-glasses-and-chalices\/bicchiere-roma-1960-acqua\/#breadcrumb\"},\"inLanguage\":\"en-US\",\"potentialAction\":[{\"@type\":\"ReadAction\",\"target\":[\"https:\/\/faravetrerie.it\/en\/shop-en\/cocktails-en\/cocktail-glasses-and-chalices\/bicchiere-roma-1960-acqua\/\"]}]},{\"@type\":\"ImageObject\",\"inLanguage\":\"en-US\",\"@id\":\"https:\/\/faravetrerie.it\/en\/shop-en\/cocktails-en\/cocktail-glasses-and-chalices\/bicchiere-roma-1960-acqua\/#primaryimage\",\"url\":\"https:\/\/faravetrerie.it\/wp-content\/uploads\/2025\/12\/BLROM30A-3.jpg\",\"contentUrl\":\"https:\/\/faravetrerie.it\/wp-content\/uploads\/2025\/12\/BLROM30A-3.jpg\",\"width\":945,\"height\":945,\"caption\":\"Bicchiere Roma 1960 Acqua\"},{\"@type\":\"BreadcrumbList\",\"@id\":\"https:\/\/faravetrerie.it\/en\/shop-en\/cocktails-en\/cocktail-glasses-and-chalices\/bicchiere-roma-1960-acqua\/#breadcrumb\",\"itemListElement\":[{\"@type\":\"ListItem\",\"position\":1,\"name\":\"Home\",\"item\":\"https:\/\/faravetrerie.it\/en\/\"},{\"@type\":\"ListItem\",\"position\":2,\"name\":\"Shop\",\"item\":\"https:\/\/faravetrerie.it\/en\/shop-en\/\"},{\"@type\":\"ListItem\",\"position\":3,\"name\":\"BICCHIERE ROMA 1960 ACQUA\"}]},{\"@type\":\"WebSite\",\"@id\":\"https:\/\/faravetrerie.it\/en\/#website\",\"url\":\"https:\/\/faravetrerie.it\/en\/\",\"name\":\"Fara Vetrerie e Cristallerie\",\"description\":\"\",\"publisher\":{\"@id\":\"https:\/\/faravetrerie.it\/en\/#organization\"},\"potentialAction\":[{\"@type\":\"SearchAction\",\"target\":{\"@type\":\"EntryPoint\",\"urlTemplate\":\"https:\/\/faravetrerie.it\/en\/?s={search_term_string}\"},\"query-input\":{\"@type\":\"PropertyValueSpecification\",\"valueRequired\":true,\"valueName\":\"search_term_string\"}}],\"inLanguage\":\"en-US\"},{\"@type\":\"Organization\",\"@id\":\"https:\/\/faravetrerie.it\/en\/#organization\",\"name\":\"Fara Vetrerie e Cristallerie\",\"url\":\"https:\/\/faravetrerie.it\/en\/\",\"logo\":{\"@type\":\"ImageObject\",\"inLanguage\":\"en-US\",\"@id\":\"https:\/\/faravetrerie.it\/en\/#\/schema\/logo\/image\/\",\"url\":\"https:\/\/faravetrerie.it\/wp-content\/uploads\/2025\/12\/logo-fara-bianco.png\",\"contentUrl\":\"https:\/\/faravetrerie.it\/wp-content\/uploads\/2025\/12\/logo-fara-bianco.png\",\"width\":2038,\"height\":2942,\"caption\":\"Fara Vetrerie e Cristallerie\"},\"image\":{\"@id\":\"https:\/\/faravetrerie.it\/en\/#\/schema\/logo\/image\/\"}}]}<\/script>\n<!-- \/ Yoast SEO plugin. -->","yoast_head_json":{"title":"BICCHIERE ROMA 1960 ACQUA - Fara Vetrerie e Cristallerie","description":"bicchiere roma 1960 acqua Ispirato ai classici bicchieri anni '60 questa linea ci riporta alle atmosfere della dolce vita romana.","robots":{"index":"index","follow":"follow","max-snippet":"max-snippet:-1","max-image-preview":"max-image-preview:large","max-video-preview":"max-video-preview:-1"},"canonical":"https:\/\/faravetrerie.it\/en\/shop-en\/cocktails-en\/cocktail-glasses-and-chalices\/bicchiere-roma-1960-acqua\/","og_locale":"en_US","og_type":"article","og_title":"BICCHIERE ROMA 1960 ACQUA - Fara Vetrerie e Cristallerie","og_description":"bicchiere roma 1960 acqua Ispirato ai classici bicchieri anni '60 questa linea ci riporta alle atmosfere della dolce vita romana.","og_url":"https:\/\/faravetrerie.it\/en\/shop-en\/cocktails-en\/cocktail-glasses-and-chalices\/bicchiere-roma-1960-acqua\/","og_site_name":"Fara Vetrerie e Cristallerie","article_modified_time":"2026-01-28T10:22:30+00:00","og_image":[{"width":945,"height":945,"url":"https:\/\/faravetrerie.it\/wp-content\/uploads\/2025\/12\/BLROM30A-3.jpg","type":"image\/jpeg"}],"twitter_card":"summary_large_image","twitter_misc":{"Est. reading time":"3 minutes"},"schema":{"@context":"https:\/\/schema.org","@graph":[{"@type":"WebPage","@id":"https:\/\/faravetrerie.it\/en\/shop-en\/cocktails-en\/cocktail-glasses-and-chalices\/bicchiere-roma-1960-acqua\/","url":"https:\/\/faravetrerie.it\/en\/shop-en\/cocktails-en\/cocktail-glasses-and-chalices\/bicchiere-roma-1960-acqua\/","name":"BICCHIERE ROMA 1960 ACQUA - Fara Vetrerie e Cristallerie","isPartOf":{"@id":"https:\/\/faravetrerie.it\/en\/#website"},"primaryImageOfPage":{"@id":"https:\/\/faravetrerie.it\/en\/shop-en\/cocktails-en\/cocktail-glasses-and-chalices\/bicchiere-roma-1960-acqua\/#primaryimage"},"image":{"@id":"https:\/\/faravetrerie.it\/en\/shop-en\/cocktails-en\/cocktail-glasses-and-chalices\/bicchiere-roma-1960-acqua\/#primaryimage"},"thumbnailUrl":"https:\/\/faravetrerie.it\/wp-content\/uploads\/2025\/12\/BLROM30A-3.jpg","datePublished":"2025-12-23T15:43:40+00:00","dateModified":"2026-01-28T10:22:30+00:00","description":"bicchiere roma 1960 acqua Ispirato ai classici bicchieri anni '60 questa linea ci riporta alle atmosfere della dolce vita romana.","breadcrumb":{"@id":"https:\/\/faravetrerie.it\/en\/shop-en\/cocktails-en\/cocktail-glasses-and-chalices\/bicchiere-roma-1960-acqua\/#breadcrumb"},"inLanguage":"en-US","potentialAction":[{"@type":"ReadAction","target":["https:\/\/faravetrerie.it\/en\/shop-en\/cocktails-en\/cocktail-glasses-and-chalices\/bicchiere-roma-1960-acqua\/"]}]},{"@type":"ImageObject","inLanguage":"en-US","@id":"https:\/\/faravetrerie.it\/en\/shop-en\/cocktails-en\/cocktail-glasses-and-chalices\/bicchiere-roma-1960-acqua\/#primaryimage","url":"https:\/\/faravetrerie.it\/wp-content\/uploads\/2025\/12\/BLROM30A-3.jpg","contentUrl":"https:\/\/faravetrerie.it\/wp-content\/uploads\/2025\/12\/BLROM30A-3.jpg","width":945,"height":945,"caption":"Bicchiere Roma 1960 Acqua"},{"@type":"BreadcrumbList","@id":"https:\/\/faravetrerie.it\/en\/shop-en\/cocktails-en\/cocktail-glasses-and-chalices\/bicchiere-roma-1960-acqua\/#breadcrumb","itemListElement":[{"@type":"ListItem","position":1,"name":"Home","item":"https:\/\/faravetrerie.it\/en\/"},{"@type":"ListItem","position":2,"name":"Shop","item":"https:\/\/faravetrerie.it\/en\/shop-en\/"},{"@type":"ListItem","position":3,"name":"BICCHIERE ROMA 1960 ACQUA"}]},{"@type":"WebSite","@id":"https:\/\/faravetrerie.it\/en\/#website","url":"https:\/\/faravetrerie.it\/en\/","name":"Fara Vetrerie e Cristallerie","description":"","publisher":{"@id":"https:\/\/faravetrerie.it\/en\/#organization"},"potentialAction":[{"@type":"SearchAction","target":{"@type":"EntryPoint","urlTemplate":"https:\/\/faravetrerie.it\/en\/?s={search_term_string}"},"query-input":{"@type":"PropertyValueSpecification","valueRequired":true,"valueName":"search_term_string"}}],"inLanguage":"en-US"},{"@type":"Organization","@id":"https:\/\/faravetrerie.it\/en\/#organization","name":"Fara Vetrerie e Cristallerie","url":"https:\/\/faravetrerie.it\/en\/","logo":{"@type":"ImageObject","inLanguage":"en-US","@id":"https:\/\/faravetrerie.it\/en\/#\/schema\/logo\/image\/","url":"https:\/\/faravetrerie.it\/wp-content\/uploads\/2025\/12\/logo-fara-bianco.png","contentUrl":"https:\/\/faravetrerie.it\/wp-content\/uploads\/2025\/12\/logo-fara-bianco.png","width":2038,"height":2942,"caption":"Fara Vetrerie e Cristallerie"},"image":{"@id":"https:\/\/faravetrerie.it\/en\/#\/schema\/logo\/image\/"}}]}},"_links":{"self":[{"href":"https:\/\/faravetrerie.it\/en\/wp-json\/wp\/v2\/product\/25836","targetHints":{"allow":["GET"]}}],"collection":[{"href":"https:\/\/faravetrerie.it\/en\/wp-json\/wp\/v2\/product"}],"about":[{"href":"https:\/\/faravetrerie.it\/en\/wp-json\/wp\/v2\/types\/product"}],"wp:featuredmedia":[{"embeddable":true,"href":"https:\/\/faravetrerie.it\/en\/wp-json\/wp\/v2\/media\/23501"}],"wp:attachment":[{"href":"https:\/\/faravetrerie.it\/en\/wp-json\/wp\/v2\/media?parent=25836"}],"wp:term":[{"taxonomy":"product_brand","embeddable":true,"href":"https:\/\/faravetrerie.it\/en\/wp-json\/wp\/v2\/product_brand?post=25836"},{"taxonomy":"product_cat","embeddable":true,"href":"https:\/\/faravetrerie.it\/en\/wp-json\/wp\/v2\/product_cat?post=25836"},{"taxonomy":"product_tag","embeddable":true,"href":"https:\/\/faravetrerie.it\/en\/wp-json\/wp\/v2\/product_tag?post=25836"}],"curies":[{"name":"wp","href":"https:\/\/api.w.org\/{rel}","templated":true}]}}