{"id":25837,"date":"2025-12-23T16:43:40","date_gmt":"2025-12-23T15:43:40","guid":{"rendered":"https:\/\/sviluppo.faravetrerie.it\/blog\/?post_type=product&#038;p=25837"},"modified":"2026-01-28T11:26:19","modified_gmt":"2026-01-28T10:26:19","slug":"bicchiere-roma-1960-d-o-f","status":"publish","type":"product","link":"https:\/\/faravetrerie.it\/en\/shop-en\/cocktails-en\/cocktail-glasses-and-chalices\/bicchiere-roma-1960-d-o-f\/","title":{"rendered":"BICCHIERE ROMA 1960 D.O.F."},"content":{"rendered":"<article class=\"group\/turn w-full text-token-text-primary focus-visible:outline-2 focus-visible:outline-offset-[-4px]\" dir=\"auto\" data-testid=\"conversation-turn-70\" data-scroll-anchor=\"true\">\n<div class=\"text-base my-auto mx-auto py-[18px] px-6\">\n<div class=\"mx-auto flex flex-1 text-base gap-4 md:gap-5 lg:gap-6 md:max-w-3xl\">\n<div class=\"group\/conversation-turn relative flex w-full min-w-0 flex-col agent-turn @xs\/thread:px-0 @sm\/thread:px-1.5 @md\/thread:px-4\">\n<div class=\"flex-col gap-1 md:gap-3\">\n<div class=\"flex max-w-full flex-col flex-grow\">\n<div class=\"min-h-8 text-message relative flex w-full flex-col items-end gap-2 whitespace-normal break-words text-start [.text-message+&amp;]:mt-5\" dir=\"auto\" data-message-author-role=\"assistant\" data-message-id=\"7cb881d8-64e6-4ba0-80de-fe3c9c3a8749\" data-message-model-slug=\"gpt-4o-mini\">\n<div class=\"flex w-full flex-col gap-1 empty:hidden first:pt-[3px]\">\n<div class=\"markdown prose w-full break-words dark:prose-invert light\">\n<h4 data-start=\"0\" data-end=\"76\"><strong data-start=\"0\" data-end=\"76\">Bicchiere Roma 1960 D.O.F.: Eleganza e Stile per i Tuoi Cocktail<\/strong><\/h4>\n<p class=\"\" data-start=\"126\" data-end=\"653\">Il Bicchiere Roma 1960 D.O.F. (Double Old Fashioned) \u00e8 un omaggio alla dolce vita romana degli anni &#8217;60, con un design che richiama lo stile elegante e raffinato dell\u2019epoca. Questo bicchiere, perfetto per i cocktail, \u00e8 l&#8217;ideale per chi cerca un prodotto che unisce storia, classe e funzionalit\u00e0. Realizzato in vetro resistente, il Bicchiere Roma 1960 D.O.F. si adatta perfettamente a ogni occasione, dal bar elegante alla tavola di casa, offrendo un&#8217;esperienza unica per gli amanti dei cocktail.<\/p>\n<h5 data-start=\"655\" data-end=\"688\">Design Ispirato agli Anni &#8217;60<\/h5>\n<p class=\"\" data-start=\"690\" data-end=\"1223\">La linea del Bicchiere Roma 1960 D.O.F. \u00e8 ispirata ai classici bicchieri degli anni &#8217;60, richiamando le atmosfere sofisticate della dolce vita romana. La forma del bicchiere, con il suo bordo robusto e la base stabile, lo rende ideale per servire bevande con ghiaccio, come whisky, cocktail classici o long drinks. L\u2019aspetto vintage di questo bicchiere aggiunge un tocco di stile r\u00e9tro alla presentazione dei tuoi drink, riportando alla mente le serate eleganti e i locali pi\u00f9 iconici della capitale italiana.<\/p>\n<h5 data-start=\"1225\" data-end=\"1264\">Perfetto per Cocktail e Long Drinks<\/h5>\n<p class=\"\" data-start=\"1266\" data-end=\"1740\">Il Bicchiere \u00e8 perfetto per il servizio di cocktail come il Whiskey Sour, il Negroni o il Mojito, ma si adatta anche per long drinks e bevande con ghiaccio. La sua forma ampio e robusta lo rende ideale per servire cocktail con ghiaccio, permettendo di godere al meglio delle sfumature del liquido e della presentazione. Ogni bevanda prende vita in questo bicchiere, che esalta la freschezza del ghiaccio e l\u2019intensit\u00e0 dei sapori.<\/p>\n<h5 data-start=\"1742\" data-end=\"1785\">Resistente e Ideale per la Ristorazione<\/h5>\n<p class=\"\" data-start=\"1787\" data-end=\"2236\">Realizzato in vetro di alta qualit\u00e0, il Bicchiere Roma 1960 D.O.F. \u00e8 progettato per resistere all&#8217;uso frequente nella ristorazione. Resistente agli urti e facile da pulire, questo bicchiere si adatta perfettamente a bar, ristoranti e locali dove la qualit\u00e0 del servizio \u00e8 fondamentale. Non solo bello da vedere, ma anche pratico, il bicchiere \u00e8 ideale per un utilizzo quotidiano, garantendo durabilit\u00e0 senza compromettere l\u2019estetica.<\/p>\n<h5 data-start=\"2238\" data-end=\"2307\">Conclusione: Un Bicchiere Che Racconta la Storia della Dolce Vita<\/h5>\n<p class=\"\" data-start=\"2309\" data-end=\"2857\">Il Bicchiere Roma 1960 D.O.F. \u00e8 molto pi\u00f9 di un semplice bicchiere: \u00e8 un pezzo di storia che riporta alla mente l&#8217;eleganza degli anni &#8217;60 e la dolce vita romana. Perfetto per servire i tuoi cocktail e long drinks, questo bicchiere offre una combinazione unica di stile r\u00e9tro e praticit\u00e0. Realizzato in vetro resistente, \u00e8 la scelta ideale per ogni locale che desidera dare l\u2019eleganza ma comfort. Un must-have per chi vuole elevare l\u2019esperienza del cocktail e portare sulla tavola un tocco di classe senza tempo.<\/p>\n<\/div>\n<\/div>\n<\/div>\n<\/div>\n<\/div>\n<\/div>\n<\/div>\n<\/div>\n<\/article>\n","protected":false},"excerpt":{"rendered":"<p>Ispirato ai classici bicchieri anni &#8217;60 questa linea ci riporta alle atmosfere della dolce vita romana. Il tumbler old fashion \u00e8 ideale per le bevande<\/p>\n<p>cl. 38<\/p>\n<p>fl.oz. 13,37<\/p>\n<p>h. 90 mm.<\/p>\n<p>\u00d8 85 mm.<\/p>\n<p>&nbsp;<\/p>\n","protected":false},"featured_media":23502,"template":"","meta":{"inline_featured_image":false},"product_brand":[],"product_cat":[27,38],"product_tag":[942],"class_list":{"0":"post-25837","1":"product","2":"type-product","3":"status-publish","4":"has-post-thumbnail","6":"product_cat-cocktail","7":"product_cat-bicchieri-e-calici-cocktail","8":"product_tag-bicchiere","10":"first","11":"instock","12":"taxable","13":"shipping-taxable","14":"product-type-simple"},"yoast_head":"<!-- This site is optimized with the Yoast SEO plugin v26.6 - https:\/\/yoast.com\/wordpress\/plugins\/seo\/ -->\n<title>BICCHIERE ROMA 1960 D.O.F. - Fara Vetrerie e Cristallerie<\/title>\n<meta name=\"description\" content=\"bicchiere roma 1960 D.O.F. Ispirato ai classici bicchieri anni &#039;60 questa linea ci riporta alle atmosfere della dolce vita romana.\" \/>\n<meta name=\"robots\" content=\"index, follow, max-snippet:-1, max-image-preview:large, max-video-preview:-1\" \/>\n<link rel=\"canonical\" href=\"https:\/\/faravetrerie.it\/en\/shop-en\/cocktails-en\/cocktail-glasses-and-chalices\/bicchiere-roma-1960-d-o-f\/\" \/>\n<meta property=\"og:locale\" content=\"en_US\" \/>\n<meta property=\"og:type\" content=\"article\" \/>\n<meta property=\"og:title\" content=\"BICCHIERE ROMA 1960 D.O.F. - Fara Vetrerie e Cristallerie\" \/>\n<meta property=\"og:description\" content=\"bicchiere roma 1960 D.O.F. Ispirato ai classici bicchieri anni &#039;60 questa linea ci riporta alle atmosfere della dolce vita romana.\" \/>\n<meta property=\"og:url\" content=\"https:\/\/faravetrerie.it\/en\/shop-en\/cocktails-en\/cocktail-glasses-and-chalices\/bicchiere-roma-1960-d-o-f\/\" \/>\n<meta property=\"og:site_name\" content=\"Fara Vetrerie e Cristallerie\" \/>\n<meta property=\"article:modified_time\" content=\"2026-01-28T10:26:19+00:00\" \/>\n<meta property=\"og:image\" content=\"https:\/\/faravetrerie.it\/wp-content\/uploads\/2025\/12\/BLROM38-scaled-4.jpg\" \/>\n\t<meta property=\"og:image:width\" content=\"2475\" \/>\n\t<meta property=\"og:image:height\" content=\"2560\" \/>\n\t<meta property=\"og:image:type\" content=\"image\/jpeg\" \/>\n<meta name=\"twitter:card\" content=\"summary_large_image\" \/>\n<meta name=\"twitter:label1\" content=\"Est. reading time\" \/>\n\t<meta name=\"twitter:data1\" content=\"3 minutes\" \/>\n<script type=\"application\/ld+json\" class=\"yoast-schema-graph\">{\"@context\":\"https:\/\/schema.org\",\"@graph\":[{\"@type\":\"WebPage\",\"@id\":\"https:\/\/faravetrerie.it\/en\/shop-en\/cocktails-en\/cocktail-glasses-and-chalices\/bicchiere-roma-1960-d-o-f\/\",\"url\":\"https:\/\/faravetrerie.it\/en\/shop-en\/cocktails-en\/cocktail-glasses-and-chalices\/bicchiere-roma-1960-d-o-f\/\",\"name\":\"BICCHIERE ROMA 1960 D.O.F. - Fara Vetrerie e Cristallerie\",\"isPartOf\":{\"@id\":\"https:\/\/faravetrerie.it\/en\/#website\"},\"primaryImageOfPage\":{\"@id\":\"https:\/\/faravetrerie.it\/en\/shop-en\/cocktails-en\/cocktail-glasses-and-chalices\/bicchiere-roma-1960-d-o-f\/#primaryimage\"},\"image\":{\"@id\":\"https:\/\/faravetrerie.it\/en\/shop-en\/cocktails-en\/cocktail-glasses-and-chalices\/bicchiere-roma-1960-d-o-f\/#primaryimage\"},\"thumbnailUrl\":\"https:\/\/faravetrerie.it\/wp-content\/uploads\/2025\/12\/BLROM38-scaled-4.jpg\",\"datePublished\":\"2025-12-23T15:43:40+00:00\",\"dateModified\":\"2026-01-28T10:26:19+00:00\",\"description\":\"bicchiere roma 1960 D.O.F. Ispirato ai classici bicchieri anni '60 questa linea ci riporta alle atmosfere della dolce vita romana.\",\"breadcrumb\":{\"@id\":\"https:\/\/faravetrerie.it\/en\/shop-en\/cocktails-en\/cocktail-glasses-and-chalices\/bicchiere-roma-1960-d-o-f\/#breadcrumb\"},\"inLanguage\":\"en-US\",\"potentialAction\":[{\"@type\":\"ReadAction\",\"target\":[\"https:\/\/faravetrerie.it\/en\/shop-en\/cocktails-en\/cocktail-glasses-and-chalices\/bicchiere-roma-1960-d-o-f\/\"]}]},{\"@type\":\"ImageObject\",\"inLanguage\":\"en-US\",\"@id\":\"https:\/\/faravetrerie.it\/en\/shop-en\/cocktails-en\/cocktail-glasses-and-chalices\/bicchiere-roma-1960-d-o-f\/#primaryimage\",\"url\":\"https:\/\/faravetrerie.it\/wp-content\/uploads\/2025\/12\/BLROM38-scaled-4.jpg\",\"contentUrl\":\"https:\/\/faravetrerie.it\/wp-content\/uploads\/2025\/12\/BLROM38-scaled-4.jpg\",\"width\":2475,\"height\":2560,\"caption\":\"Bicchiere Roma 1960 D.O.F.\"},{\"@type\":\"BreadcrumbList\",\"@id\":\"https:\/\/faravetrerie.it\/en\/shop-en\/cocktails-en\/cocktail-glasses-and-chalices\/bicchiere-roma-1960-d-o-f\/#breadcrumb\",\"itemListElement\":[{\"@type\":\"ListItem\",\"position\":1,\"name\":\"Home\",\"item\":\"https:\/\/faravetrerie.it\/en\/\"},{\"@type\":\"ListItem\",\"position\":2,\"name\":\"Shop\",\"item\":\"https:\/\/faravetrerie.it\/en\/shop-en\/\"},{\"@type\":\"ListItem\",\"position\":3,\"name\":\"BICCHIERE ROMA 1960 D.O.F.\"}]},{\"@type\":\"WebSite\",\"@id\":\"https:\/\/faravetrerie.it\/en\/#website\",\"url\":\"https:\/\/faravetrerie.it\/en\/\",\"name\":\"Fara Vetrerie e Cristallerie\",\"description\":\"\",\"publisher\":{\"@id\":\"https:\/\/faravetrerie.it\/en\/#organization\"},\"potentialAction\":[{\"@type\":\"SearchAction\",\"target\":{\"@type\":\"EntryPoint\",\"urlTemplate\":\"https:\/\/faravetrerie.it\/en\/?s={search_term_string}\"},\"query-input\":{\"@type\":\"PropertyValueSpecification\",\"valueRequired\":true,\"valueName\":\"search_term_string\"}}],\"inLanguage\":\"en-US\"},{\"@type\":\"Organization\",\"@id\":\"https:\/\/faravetrerie.it\/en\/#organization\",\"name\":\"Fara Vetrerie e Cristallerie\",\"url\":\"https:\/\/faravetrerie.it\/en\/\",\"logo\":{\"@type\":\"ImageObject\",\"inLanguage\":\"en-US\",\"@id\":\"https:\/\/faravetrerie.it\/en\/#\/schema\/logo\/image\/\",\"url\":\"https:\/\/faravetrerie.it\/wp-content\/uploads\/2025\/12\/logo-fara-bianco.png\",\"contentUrl\":\"https:\/\/faravetrerie.it\/wp-content\/uploads\/2025\/12\/logo-fara-bianco.png\",\"width\":2038,\"height\":2942,\"caption\":\"Fara Vetrerie e Cristallerie\"},\"image\":{\"@id\":\"https:\/\/faravetrerie.it\/en\/#\/schema\/logo\/image\/\"}}]}<\/script>\n<!-- \/ Yoast SEO plugin. -->","yoast_head_json":{"title":"BICCHIERE ROMA 1960 D.O.F. - Fara Vetrerie e Cristallerie","description":"bicchiere roma 1960 D.O.F. Ispirato ai classici bicchieri anni '60 questa linea ci riporta alle atmosfere della dolce vita romana.","robots":{"index":"index","follow":"follow","max-snippet":"max-snippet:-1","max-image-preview":"max-image-preview:large","max-video-preview":"max-video-preview:-1"},"canonical":"https:\/\/faravetrerie.it\/en\/shop-en\/cocktails-en\/cocktail-glasses-and-chalices\/bicchiere-roma-1960-d-o-f\/","og_locale":"en_US","og_type":"article","og_title":"BICCHIERE ROMA 1960 D.O.F. - Fara Vetrerie e Cristallerie","og_description":"bicchiere roma 1960 D.O.F. Ispirato ai classici bicchieri anni '60 questa linea ci riporta alle atmosfere della dolce vita romana.","og_url":"https:\/\/faravetrerie.it\/en\/shop-en\/cocktails-en\/cocktail-glasses-and-chalices\/bicchiere-roma-1960-d-o-f\/","og_site_name":"Fara Vetrerie e Cristallerie","article_modified_time":"2026-01-28T10:26:19+00:00","og_image":[{"width":2475,"height":2560,"url":"https:\/\/faravetrerie.it\/wp-content\/uploads\/2025\/12\/BLROM38-scaled-4.jpg","type":"image\/jpeg"}],"twitter_card":"summary_large_image","twitter_misc":{"Est. reading time":"3 minutes"},"schema":{"@context":"https:\/\/schema.org","@graph":[{"@type":"WebPage","@id":"https:\/\/faravetrerie.it\/en\/shop-en\/cocktails-en\/cocktail-glasses-and-chalices\/bicchiere-roma-1960-d-o-f\/","url":"https:\/\/faravetrerie.it\/en\/shop-en\/cocktails-en\/cocktail-glasses-and-chalices\/bicchiere-roma-1960-d-o-f\/","name":"BICCHIERE ROMA 1960 D.O.F. - Fara Vetrerie e Cristallerie","isPartOf":{"@id":"https:\/\/faravetrerie.it\/en\/#website"},"primaryImageOfPage":{"@id":"https:\/\/faravetrerie.it\/en\/shop-en\/cocktails-en\/cocktail-glasses-and-chalices\/bicchiere-roma-1960-d-o-f\/#primaryimage"},"image":{"@id":"https:\/\/faravetrerie.it\/en\/shop-en\/cocktails-en\/cocktail-glasses-and-chalices\/bicchiere-roma-1960-d-o-f\/#primaryimage"},"thumbnailUrl":"https:\/\/faravetrerie.it\/wp-content\/uploads\/2025\/12\/BLROM38-scaled-4.jpg","datePublished":"2025-12-23T15:43:40+00:00","dateModified":"2026-01-28T10:26:19+00:00","description":"bicchiere roma 1960 D.O.F. Ispirato ai classici bicchieri anni '60 questa linea ci riporta alle atmosfere della dolce vita romana.","breadcrumb":{"@id":"https:\/\/faravetrerie.it\/en\/shop-en\/cocktails-en\/cocktail-glasses-and-chalices\/bicchiere-roma-1960-d-o-f\/#breadcrumb"},"inLanguage":"en-US","potentialAction":[{"@type":"ReadAction","target":["https:\/\/faravetrerie.it\/en\/shop-en\/cocktails-en\/cocktail-glasses-and-chalices\/bicchiere-roma-1960-d-o-f\/"]}]},{"@type":"ImageObject","inLanguage":"en-US","@id":"https:\/\/faravetrerie.it\/en\/shop-en\/cocktails-en\/cocktail-glasses-and-chalices\/bicchiere-roma-1960-d-o-f\/#primaryimage","url":"https:\/\/faravetrerie.it\/wp-content\/uploads\/2025\/12\/BLROM38-scaled-4.jpg","contentUrl":"https:\/\/faravetrerie.it\/wp-content\/uploads\/2025\/12\/BLROM38-scaled-4.jpg","width":2475,"height":2560,"caption":"Bicchiere Roma 1960 D.O.F."},{"@type":"BreadcrumbList","@id":"https:\/\/faravetrerie.it\/en\/shop-en\/cocktails-en\/cocktail-glasses-and-chalices\/bicchiere-roma-1960-d-o-f\/#breadcrumb","itemListElement":[{"@type":"ListItem","position":1,"name":"Home","item":"https:\/\/faravetrerie.it\/en\/"},{"@type":"ListItem","position":2,"name":"Shop","item":"https:\/\/faravetrerie.it\/en\/shop-en\/"},{"@type":"ListItem","position":3,"name":"BICCHIERE ROMA 1960 D.O.F."}]},{"@type":"WebSite","@id":"https:\/\/faravetrerie.it\/en\/#website","url":"https:\/\/faravetrerie.it\/en\/","name":"Fara Vetrerie e Cristallerie","description":"","publisher":{"@id":"https:\/\/faravetrerie.it\/en\/#organization"},"potentialAction":[{"@type":"SearchAction","target":{"@type":"EntryPoint","urlTemplate":"https:\/\/faravetrerie.it\/en\/?s={search_term_string}"},"query-input":{"@type":"PropertyValueSpecification","valueRequired":true,"valueName":"search_term_string"}}],"inLanguage":"en-US"},{"@type":"Organization","@id":"https:\/\/faravetrerie.it\/en\/#organization","name":"Fara Vetrerie e Cristallerie","url":"https:\/\/faravetrerie.it\/en\/","logo":{"@type":"ImageObject","inLanguage":"en-US","@id":"https:\/\/faravetrerie.it\/en\/#\/schema\/logo\/image\/","url":"https:\/\/faravetrerie.it\/wp-content\/uploads\/2025\/12\/logo-fara-bianco.png","contentUrl":"https:\/\/faravetrerie.it\/wp-content\/uploads\/2025\/12\/logo-fara-bianco.png","width":2038,"height":2942,"caption":"Fara Vetrerie e Cristallerie"},"image":{"@id":"https:\/\/faravetrerie.it\/en\/#\/schema\/logo\/image\/"}}]}},"_links":{"self":[{"href":"https:\/\/faravetrerie.it\/en\/wp-json\/wp\/v2\/product\/25837","targetHints":{"allow":["GET"]}}],"collection":[{"href":"https:\/\/faravetrerie.it\/en\/wp-json\/wp\/v2\/product"}],"about":[{"href":"https:\/\/faravetrerie.it\/en\/wp-json\/wp\/v2\/types\/product"}],"wp:featuredmedia":[{"embeddable":true,"href":"https:\/\/faravetrerie.it\/en\/wp-json\/wp\/v2\/media\/23502"}],"wp:attachment":[{"href":"https:\/\/faravetrerie.it\/en\/wp-json\/wp\/v2\/media?parent=25837"}],"wp:term":[{"taxonomy":"product_brand","embeddable":true,"href":"https:\/\/faravetrerie.it\/en\/wp-json\/wp\/v2\/product_brand?post=25837"},{"taxonomy":"product_cat","embeddable":true,"href":"https:\/\/faravetrerie.it\/en\/wp-json\/wp\/v2\/product_cat?post=25837"},{"taxonomy":"product_tag","embeddable":true,"href":"https:\/\/faravetrerie.it\/en\/wp-json\/wp\/v2\/product_tag?post=25837"}],"curies":[{"name":"wp","href":"https:\/\/api.w.org\/{rel}","templated":true}]}}